{"id":393083,"date":"2025-12-08T14:36:10","date_gmt":"2025-12-08T19:36:10","guid":{"rendered":"https:\/\/www.miamibeachfl.gov\/?page_id=393083"},"modified":"2026-04-07T10:57:22","modified_gmt":"2026-04-07T14:57:22","slug":"marine-patrol-facility","status":"publish","type":"page","link":"https:\/\/www.miamibeachfl.gov\/de\/projects\/marine-patrol-facility\/","title":{"rendered":"Marine-Patrouillenanlage"},"content":{"rendered":"<img decoding=\"async\" src=\"https:\/\/www.miamibeachfl.gov\/wp-content\/uploads\/2026\/03\/GOBondArts-Project2.png\" alt=\"GO Bond for the Arts Project\" itemprop=\"image\" height=\"100\" width=\"400\" title=\"GOBondArts-Projekt2\" onerror=\"this.style.display='none'\" loading=\"lazy\" \/>\n\t\t\t<a href=\"#photogallery\" target=\"_self\">\n\t\t\t\t\t\t\tFotogalerie ansehen\n\t\t\t<\/a>\n<h1>\n\t\t\tMarine-Patrouillenanlage\t<\/h1>\n<h2>\n\t\t\tProjekt\u00fcbersicht:\t<\/h2>\n\t<p><strong>GO Bond #54 \u2013 Marine Patrol Facility<\/strong><\/p>\n<p>Im Rahmen der durch die General Obligation Bond (GOB) 2018 finanzierten Initiativen treibt die Stadt Miami Beach die Sanierung der Marine Patrol Facility voran, die sich neben dem neu gestalteten Maurice Gibb Memorial Park im Stadtteil Sunset Harbour befindet.<\/p>\n<p>Das bestehende, 2.500 Quadratfu\u00df gro\u00dfe Geb\u00e4ude, das derzeit von der Wasserschutzpolizei genutzt wird, wird vollst\u00e4ndig abgerissen, um Platz f\u00fcr ein modernes, beh\u00f6rden\u00fcbergreifendes maritimes Operationszentrum zu schaffen.<\/p>\n<p>Die neue Einrichtung wird sowohl die Wasserschutzpolizei als auch die Feuerwehr unterst\u00fctzen und Folgendes umfassen:<\/p>\n<ul>\n<li>Erdgeschoss: Eine einladende Lobby f\u00fcr Besucher, \u00f6ffentliche Toiletten und ein B\u00fcro der Parkverwaltung zur Unterst\u00fctzung des Parkbetriebs. Auf dieser Ebene befinden sich au\u00dferdem eine \u00fcberdachte Bootshalle sowie separate Lagerfl\u00e4chen f\u00fcr die Ausr\u00fcstung von Feuerwehr und Polizei.<\/li>\n<li>Zweite Ebene: Hauptquartier der Wasserschutzpolizei sowie ein gemeinsamer Fitnessraum zur F\u00f6rderung von Wohlbefinden und Einsatzbereitschaft.<\/li>\n<li>Dritte Ebene: Eigene R\u00e4umlichkeiten f\u00fcr die Wasserschutzpolizei der Feuerwehr, wodurch die Einsatzf\u00e4higkeit im Notfall auf dem Wasser verbessert wird.<\/li>\n<\/ul>\n<p>Dieses Projekt ist eng mit den k\u00fcrzlich erfolgten, umfassenderen Verbesserungen des Maurice Gibb Memorial Parks verkn\u00fcpft. Dazu geh\u00f6ren ein neuer Spielplatz mit Musikthema, eine erweiterte Ufergestaltung, eine verbesserte Widerstandsf\u00e4higkeit des Parks und erweiterte Freizeiteinrichtungen. Gemeinsam schaffen diese Ma\u00dfnahmen ein hochmodernes Ausflugsziel am Wasser, das sowohl der \u00f6ffentlichen Sicherheit als auch der Erholung der Bev\u00f6lkerung dient.<\/p>\n\t\t\t\tNew Updates\n\t\t\t\tPast Updates\n\t\t\t\tPublic Meetings\n\t\t\t\t\t\t\tNew Updates\n\t\t\t\t\t\t\tPast Updates\n\t\t\t\t\t\t\tPublic Meetings\n<h3  id=\"photogallery\">\n\t\t\tH\u00e4ufig gestellte Fragen (FAQs)\t<\/h3>\n\t\t\t\t\t<a href=\"#\"  id=\"fl-accordion--label-0\" tabindex=\"0\" aria-controls=\"fl-accordion--panel-0\">Wo wird dieses Projekt stattfinden?<\/a>\n\t\t\t\t\t\t\t\t\t\t\t<a href=\"#\" id=\"fl-accordion--icon-0\"  tabindex=\"0\"><i title=\"Expandieren\">Expandieren<\/i><\/a>\n\t\t\t\t\t<p>Antwort<\/p>\n\t\t\t\t\t<a href=\"#\"  id=\"fl-accordion--label-1\" tabindex=\"0\" aria-controls=\"fl-accordion--panel-1\">  Was ist der Zweck dieses Projekts?<\/a>\n\t\t\t\t\t\t\t\t\t\t\t<a href=\"#\" id=\"fl-accordion--icon-1\"  tabindex=\"0\"><i title=\"Expandieren\">Expandieren<\/i><\/a>\n\t\t\t\t\t<ul>\n<li>Antwort<\/li>\n<\/ul>\n\t\t\t\t\t<a href=\"#\"  id=\"fl-accordion--label-2\" tabindex=\"0\" aria-controls=\"fl-accordion--panel-2\">Wo wird dieses Projekt stattfinden?<\/a>\n\t\t\t\t\t\t\t\t\t\t\t<a href=\"#\" id=\"fl-accordion--icon-2\"  tabindex=\"0\"><i title=\"Expandieren\">Expandieren<\/i><\/a>\n\t\t\t\t\t<p>Antwort<\/p>\n\t\t\t\t\t<a href=\"#\"  id=\"fl-accordion--label-3\" tabindex=\"0\" aria-controls=\"fl-accordion--panel-3\">Projektspezifische FAQs<\/a>\n\t\t\t\t\t\t\t\t\t\t\t<a href=\"#\" id=\"fl-accordion--icon-3\"  tabindex=\"0\"><i title=\"Expandieren\">Expandieren<\/i><\/a>\n<h3  id=\"photogallery\">\n\t\t\tFotogalerie\t<\/h3>\n\t\t\t\t<a\n\t\t\thref=\"https:\/\/www.miamibeachfl.gov\/wp-content\/uploads\/2025\/12\/marinepatrolproject-1024x496.jpg\"\n\t\t\t\t\t\tdata-fancybox=\"images\" \n\t\t\ttitle=\"Marinepatrouillenprojekt\" \n\t\t\t\t\t\tdata-caption=\"\"\n\t\t\t\t\t\tdata-description=\"\" \n\t\t\titemprop=\"contentUrl\">\n\t\t\t<img loading=\"lazy\" decoding=\"async\" src=\"https:\/\/www.miamibeachfl.gov\/wp-content\/uploads\/2025\/12\/marinepatrolproject.jpg\" alt=\"Marine Patrol Facility Building Rendering\" data-no-lazy=\"1\" itemprop=\"thumbnail\" width=\"1500\" height=\"727\" \/>\n\t\t\t<!-- Overlay Wrapper -->\n\t\t\t <!-- Overlay Wrapper Closed -->\n\t\t\t\t<\/a>\n\t\t\t\t\t\t\t<meta itemprop=\"width\" content=\"1500\" \/>\n\t\t\t<meta itemprop=\"height\" content=\"727\" \/>\n\t<h3  id=\"photogallery\">\n\t\t\tVideos\t<\/h3>\n\t<iframe allowfullscreen allow=\"autoplay\" data-src=\"https:\/\/www.youtube.com\/embed\/egB9ivzbqf4?feature=oembed&amp;start&amp;end&amp;wmode=opaque&amp;loop=0&amp;controls=1&amp;mute=0&amp;rel=0&amp;modestbranding=0\" title=\"West Avenue Phase II \u2013 \u00dcbersichtsvideo zum Harmonisierungsprozess\"><\/iframe>\t\t\n\t\t\t\t\tPlay Video\n\t\t\tWest Avenue Phase II &#8211; Harmonization Process Overview Video\n\t<iframe allowfullscreen allow=\"autoplay\" data-src=\"https:\/\/www.youtube.com\/embed\/ZDSz9XhY2fI?feature=oembed&amp;start&amp;end&amp;wmode=opaque&amp;loop=0&amp;controls=1&amp;mute=0&amp;rel=0&amp;modestbranding=0\" title=\"West Avenue Phase II \u2013 Aktualisierung des Nachbarschaftsverbesserungsprojekts \u2013 Juli 2025\"><\/iframe>\t\t\n\t\t\t\t\tPlay Video\n\t\t\tWest Avenue Phase II &#8211; Neighborhood Improvement Project Update &#8211; July 2025\n<h3  id=\"photogallery\">\n\t\t\tStandort\t<\/h3>\n\t<iframe src=\"https:\/\/www.google.com\/maps\/embed\/v1\/place?q=Maurice+Gibb+Memorial+Park&#038;key=AIzaSyD09zQ9PNDNNy9TadMuzRV_UsPUoWKntt8\" aria-hidden=\"true\" title=\"Maurice Gibb Gedenkpark\"><\/iframe>\n<h3>\n\t\t\tFragen?\t<\/h3>\n\t<p>Kontaktieren Sie uns f\u00fcr weitere Informationen.<\/p>\n\t<div class=\"wpforms-container wpforms-container-full\" id=\"wpforms-252804\"><form id=\"wpforms-form-252804\" class=\"wpforms-validate wpforms-form wpforms-ajax-form\" data-formid=\"252804\" method=\"post\" enctype=\"multipart\/form-data\" action=\"\/de\/wp-json\/wp\/v2\/pages\/393083\" data-token=\"314f743a600b230b32d9678072fba438\" data-token-time=\"1776583387\" data-trp-original-action=\"\/de\/wp-json\/wp\/v2\/pages\/393083\"><noscript class=\"wpforms-error-noscript\">Bitte aktivieren Sie JavaScript in Ihrem Browser, um dieses Formular fertigzustellen.<\/noscript><div class=\"wpforms-field-container\"><div id=\"wpforms-252804-field_0-container\" class=\"wpforms-field wpforms-field-name\" data-field-id=\"0\"><label class=\"wpforms-field-label\">Name <span class=\"wpforms-required-label\">*<\/span><\/label><div class=\"wpforms-field-row wpforms-field-medium\"><div class=\"wpforms-field-row-block wpforms-first wpforms-one-half\"><input type=\"text\" id=\"wpforms-252804-field_0\" class=\"wpforms-field-name-first wpforms-field-required\" name=\"wpforms[fields][0][first]\" required><label for=\"wpforms-252804-field_0\" class=\"wpforms-field-sublabel after\">Vorname<\/label><\/div><div class=\"wpforms-field-row-block wpforms-one-half\"><input type=\"text\" id=\"wpforms-252804-field_0-last\" class=\"wpforms-field-name-last wpforms-field-required\" name=\"wpforms[fields][0][last]\" required><label for=\"wpforms-252804-field_0-last\" class=\"wpforms-field-sublabel after\">Nachname<\/label><\/div><\/div><\/div><div id=\"wpforms-252804-field_1-container\" class=\"wpforms-field wpforms-field-email\" data-field-id=\"1\"><label class=\"wpforms-field-label\" for=\"wpforms-252804-field_1\">E-Mail <span class=\"wpforms-required-label\">*<\/span><\/label><input type=\"email\" id=\"wpforms-252804-field_1\" class=\"wpforms-field-medium wpforms-field-required\" name=\"wpforms[fields][1]\" spellcheck=\"false\" required><\/div><div id=\"wpforms-252804-field_2-container\" class=\"wpforms-field wpforms-field-textarea\" data-field-id=\"2\"><label class=\"wpforms-field-label\" for=\"wpforms-252804-field_2\">Kommentar oder Nachricht<\/label><textarea id=\"wpforms-252804-field_2\" class=\"wpforms-field-medium\" name=\"wpforms[fields][2]\" ><\/textarea><\/div><div id=\"wpforms-252804-field_4-container\" class=\"wpforms-field wpforms-field-hidden\" data-field-id=\"4\"><input type=\"hidden\" id=\"wpforms-252804-field_4\" name=\"wpforms[fields][4]\" value=\": https:\/\/www.miamibeachfl.gov\/de\/wp-json\/wp\/v2\/pages\/393083\"><\/div><\/div><!-- .wpforms-field-container --><div class=\"wpforms-recaptcha-container wpforms-is-recaptcha wpforms-is-recaptcha-type-v2\" ><div class=\"g-recaptcha\" data-sitekey=\"6Lcwxc4pAAAAAKPjNaeWluTmul42T6sdKruYO3BQ\"><\/div><input type=\"text\" name=\"g-recaptcha-hidden\" class=\"wpforms-recaptcha-hidden\" style=\"position:absolute!important;clip:rect(0,0,0,0)!important;height:1px!important;width:1px!important;border:0!important;overflow:hidden!important;padding:0!important;margin:0!important;\" data-rule-recaptcha=\"1\"><\/div><div class=\"wpforms-submit-container\" ><input type=\"hidden\" name=\"wpforms[id]\" value=\"252804\"><input type=\"hidden\" name=\"page_title\" value=\"\"><input type=\"hidden\" name=\"page_url\" value=\"https:\/\/www.miamibeachfl.gov\/de\/wp-json\/wp\/v2\/pages\/393083\"><input type=\"hidden\" name=\"url_referer\" value=\"\"><button type=\"submit\" name=\"wpforms[submit]\" id=\"wpforms-submit-252804\" class=\"wpforms-submit\" data-alt-text=\"Sending...\" data-submit-text=\"Submit\" aria-live=\"assertive\" value=\"wpforms-submit\">Einreichen<\/button><img loading=\"lazy\" decoding=\"async\" src=\"https:\/\/www.miamibeachfl.gov\/wp-content\/plugins\/wpforms\/assets\/images\/submit-spin.svg\" class=\"wpforms-submit-spinner\" style=\"display: none;\" width=\"26\" height=\"26\" alt=\"Wird geladen\"><\/div><input type=\"hidden\" name=\"trp-form-language\" value=\"de\"\/><\/form><\/div>  <!-- .wpforms-container -->\n<h3  id=\"photogallery\">\n\t\t\tProjektmitarbeiter\t<\/h3>\n\t<strong>Abteilungsleiter<br \/>\n<\/strong>Kapitalverbesserungsprojekte (CIP)\n<strong>Abteilungsleiter<br \/>\n<\/strong>David Gomez, LEED-AP\n<strong>Leitender Projektmanager<\/strong><br \/>\nPredrag Kosovac<strong><br \/>\n<\/strong>\n<strong><\/strong><strong>Projektmanager<\/strong><br \/>\nLazaro Martinez\n<strong>South Beach Nachbarschaftsangelegenheitsmanager<\/strong><br \/>\nLauren Firtel<br \/>\n<a href=\"mailto:LaurenFirtel@miamibeachfl.gov\">LaurenFirtel@miamibeachfl.gov<\/a>\n<strong>Architektur-\/Ingenieurb\u00fcro<\/strong><br \/>\nMC Harry\n<strong>Auftragnehmer<\/strong><br \/>\nLunacon Baugruppe\n<h3  id=\"photogallery\">\n\t\t\tFinanzierung\t<\/h3>\n\t\t\t\t<img decoding=\"async\" src=\"https:\/\/www.miamibeachfl.gov\/wp-content\/uploads\/2026\/03\/funding.png\" alt=\"Funding\" itemprop=\"image\" height=\"200\" width=\"200\" title=\"Finanzierung\" onerror=\"this.style.display='none'\" loading=\"lazy\" \/>\n\t<p><strong>Gesamtbudget:<\/strong> $18,132,386.40<\/p>\n<h3  id=\"photogallery\">\n\t\t\tProjektstatus\t<\/h3>\n\t\tKonstruktion<h2>0%<\/h2>Vollendet\n<h3  id=\"photogallery\">\n\t\t\tLetzte Aktualisierung:\t<\/h3>\n\t<p>M\u00e4rz 2026<\/p>","protected":false},"excerpt":{"rendered":"<p>View Photo Gallery Marine Patrol Facility Project Overview: G.O. Bond #54 &#8211; Marine Patrol Facility As part of the 2018 [&hellip;]<\/p>","protected":false},"author":222,"featured_media":398483,"parent":397831,"menu_order":197,"comment_status":"closed","ping_status":"closed","template":"","meta":{"_searchwp_excluded":"","site-sidebar-layout":"default","site-content-layout":"","ast-site-content-layout":"default","site-content-style":"default","site-sidebar-style":"default","ast-global-header-display":"","ast-banner-title-visibility":"","ast-main-header-display":"","ast-hfb-above-header-display":"","ast-hfb-below-header-display":"","ast-hfb-mobile-header-display":"","site-post-title":"","ast-breadcrumbs-content":"","ast-featured-img":"","footer-sml-layout":"","theme-transparent-header-meta":"","adv-header-id-meta":"","stick-header-meta":"","header-above-stick-meta":"","header-main-stick-meta":"","header-below-stick-meta":"","astra-migrate-meta-layouts":"default","ast-page-background-enabled":"default","ast-page-background-meta":{"desktop":{"background-color":"var(--ast-global-color-5)","background-image":"","background-repeat":"repeat","background-position":"center center","background-size":"auto","background-attachment":"scroll","background-type":"","background-media":"","overlay-type":"","overlay-color":"","overlay-opacity":"","overlay-gradient":""},"tablet":{"background-color":"","background-image":"","background-repeat":"repeat","background-position":"center center","background-size":"auto","background-attachment":"scroll","background-type":"","background-media":"","overlay-type":"","overlay-color":"","overlay-opacity":"","overlay-gradient":""},"mobile":{"background-color":"","background-image":"","background-repeat":"repeat","background-position":"center center","background-size":"auto","background-attachment":"scroll","background-type":"","background-media":"","overlay-type":"","overlay-color":"","overlay-opacity":"","overlay-gradient":""}},"ast-content-background-meta":{"desktop":{"background-color":"var(--ast-global-color-4)","background-image":"","background-repeat":"repeat","background-position":"center center","background-size":"auto","background-attachment":"scroll","background-type":"","background-media":"","overlay-type":"","overlay-color":"","overlay-opacity":"","overlay-gradient":""},"tablet":{"background-color":"var(--ast-global-color-4)","background-image":"","background-repeat":"repeat","background-position":"center center","background-size":"auto","background-attachment":"scroll","background-type":"","background-media":"","overlay-type":"","overlay-color":"","overlay-opacity":"","overlay-gradient":""},"mobile":{"background-color":"var(--ast-global-color-4)","background-image":"","background-repeat":"repeat","background-position":"center center","background-size":"auto","background-attachment":"scroll","background-type":"","background-media":"","overlay-type":"","overlay-color":"","overlay-opacity":"","overlay-gradient":""}},"footnotes":""},"categories":[1878,1883,1887],"tags":[],"class_list":["post-393083","page","type-page","status-publish","has-post-thumbnail","hentry","category-city-projects","category-go-bond-funding","category-mid-beach-projects"],"yoast_head":"<!-- This site is optimized with the Yoast SEO Premium plugin v26.6 (Yoast SEO v26.6) - https:\/\/yoast.com\/wordpress\/plugins\/seo\/ -->\n<title>Marine Patrol Facility - City of Miami Beach<\/title>\n<meta name=\"description\" content=\"As part of the 2018 General Obligation Bond (GOB) funded initiatives, the City of Miami Beach is moving forward with the redevelopment of the Marine Patrol Facility, located adjacent to the newly enhanced Maurice Gibb Memorial Park in the Sunset Harbour neighborhood.\" \/>\n<meta name=\"robots\" content=\"index, follow, max-snippet:-1, max-image-preview:large, max-video-preview:-1\" \/>\n<link rel=\"canonical\" href=\"https:\/\/www.miamibeachfl.gov\/de\/projects\/marine-patrol-facility\/\" \/>\n<meta property=\"og:locale\" content=\"de_DE\" \/>\n<meta property=\"og:type\" content=\"article\" \/>\n<meta property=\"og:title\" content=\"Marine Patrol Facility\" \/>\n<meta property=\"og:description\" content=\"As part of the 2018 General Obligation Bond (GOB) funded initiatives, the City of Miami Beach is moving forward with the redevelopment of the Marine Patrol Facility, located adjacent to the newly enhanced Maurice Gibb Memorial Park in the Sunset Harbour neighborhood.\" \/>\n<meta property=\"og:url\" content=\"https:\/\/www.miamibeachfl.gov\/de\/projects\/marine-patrol-facility\/\" \/>\n<meta property=\"og:site_name\" content=\"City of Miami Beach\" \/>\n<meta property=\"article:publisher\" content=\"https:\/\/www.facebook.com\/cityofmiamibeach\" \/>\n<meta property=\"article:modified_time\" content=\"2026-04-07T14:57:22+00:00\" \/>\n<meta property=\"og:image\" content=\"https:\/\/www.miamibeachfl.gov\/wp-content\/uploads\/2026\/04\/marinepatrolproject_square.jpg\" \/>\n\t<meta property=\"og:image:width\" content=\"400\" \/>\n\t<meta property=\"og:image:height\" content=\"400\" \/>\n\t<meta property=\"og:image:type\" content=\"image\/jpeg\" \/>\n<meta name=\"twitter:card\" content=\"summary_large_image\" \/>\n<meta name=\"twitter:site\" content=\"@Miamibeachnews\" \/>\n<script type=\"application\/ld+json\" class=\"yoast-schema-graph\">{\"@context\":\"https:\/\/schema.org\",\"@graph\":[{\"@type\":\"WebPage\",\"@id\":\"https:\/\/www.miamibeachfl.gov\/projects\/marine-patrol-facility\/\",\"url\":\"https:\/\/www.miamibeachfl.gov\/projects\/marine-patrol-facility\/\",\"name\":\"Marine Patrol Facility - City of Miami Beach\",\"isPartOf\":{\"@id\":\"https:\/\/www.miamibeachfl.gov\/#website\"},\"primaryImageOfPage\":{\"@id\":\"https:\/\/www.miamibeachfl.gov\/projects\/marine-patrol-facility\/#primaryimage\"},\"image\":{\"@id\":\"https:\/\/www.miamibeachfl.gov\/projects\/marine-patrol-facility\/#primaryimage\"},\"thumbnailUrl\":\"https:\/\/www.miamibeachfl.gov\/wp-content\/uploads\/2026\/04\/marinepatrolproject_square.jpg\",\"datePublished\":\"2025-12-08T19:36:10+00:00\",\"dateModified\":\"2026-04-07T14:57:22+00:00\",\"description\":\"As part of the 2018 General Obligation Bond (GOB) funded initiatives, the City of Miami Beach is moving forward with the redevelopment of the Marine Patrol Facility, located adjacent to the newly enhanced Maurice Gibb Memorial Park in the Sunset Harbour neighborhood.\",\"breadcrumb\":{\"@id\":\"https:\/\/www.miamibeachfl.gov\/projects\/marine-patrol-facility\/#breadcrumb\"},\"inLanguage\":\"de\",\"potentialAction\":[{\"@type\":\"ReadAction\",\"target\":[\"https:\/\/www.miamibeachfl.gov\/projects\/marine-patrol-facility\/\"]}]},{\"@type\":\"ImageObject\",\"inLanguage\":\"de\",\"@id\":\"https:\/\/www.miamibeachfl.gov\/projects\/marine-patrol-facility\/#primaryimage\",\"url\":\"https:\/\/www.miamibeachfl.gov\/wp-content\/uploads\/2026\/04\/marinepatrolproject_square.jpg\",\"contentUrl\":\"https:\/\/www.miamibeachfl.gov\/wp-content\/uploads\/2026\/04\/marinepatrolproject_square.jpg\",\"width\":400,\"height\":400,\"caption\":\"marine patrol rendering\"},{\"@type\":\"BreadcrumbList\",\"@id\":\"https:\/\/www.miamibeachfl.gov\/projects\/marine-patrol-facility\/#breadcrumb\",\"itemListElement\":[{\"@type\":\"ListItem\",\"position\":1,\"name\":\"Home\",\"item\":\"https:\/\/www.miamibeachfl.gov\/\"},{\"@type\":\"ListItem\",\"position\":2,\"name\":\"Projects\",\"item\":\"https:\/\/www.miamibeachfl.gov\/projects\/\"},{\"@type\":\"ListItem\",\"position\":3,\"name\":\"Marine Patrol Facility\"}]},{\"@type\":\"WebSite\",\"@id\":\"https:\/\/www.miamibeachfl.gov\/#website\",\"url\":\"https:\/\/www.miamibeachfl.gov\/\",\"name\":\"City of Miami Beach\",\"description\":\"The official website of the City of Miami Beach. Stay informed, find important information on city services, news, alerts, events, trolley routes, government employment and more.\",\"publisher\":{\"@id\":\"https:\/\/www.miamibeachfl.gov\/#organization\"},\"potentialAction\":[{\"@type\":\"SearchAction\",\"target\":{\"@type\":\"EntryPoint\",\"urlTemplate\":\"https:\/\/www.miamibeachfl.gov\/?s={search_term_string}\"},\"query-input\":{\"@type\":\"PropertyValueSpecification\",\"valueRequired\":true,\"valueName\":\"search_term_string\"}}],\"inLanguage\":\"de\"},{\"@type\":\"Organization\",\"@id\":\"https:\/\/www.miamibeachfl.gov\/#organization\",\"name\":\"City of Miami Beach\",\"url\":\"https:\/\/www.miamibeachfl.gov\/\",\"logo\":{\"@type\":\"ImageObject\",\"inLanguage\":\"de\",\"@id\":\"https:\/\/www.miamibeachfl.gov\/#\/schema\/logo\/image\/\",\"url\":\"https:\/\/www.miamibeachfl.gov\/wp-content\/uploads\/2022\/06\/miamibeach-logoblue.png\",\"contentUrl\":\"https:\/\/www.miamibeachfl.gov\/wp-content\/uploads\/2022\/06\/miamibeach-logoblue.png\",\"width\":1962,\"height\":381,\"caption\":\"City of Miami Beach\"},\"image\":{\"@id\":\"https:\/\/www.miamibeachfl.gov\/#\/schema\/logo\/image\/\"},\"sameAs\":[\"https:\/\/www.facebook.com\/cityofmiamibeach\",\"https:\/\/x.com\/Miamibeachnews\",\"https:\/\/www.instagram.com\/miamibeachnews\/\"],\"description\":\"The official website of the City of Miami Beach. Stay informed, find important information on city services, news, alerts, events, trolley routes, government employment and more.\",\"telephone\":\"305.604.CITY(2489)\",\"legalName\":\"City of Miami Beach\"}]}<\/script>\n<!-- \/ Yoast SEO Premium plugin. -->","yoast_head_json":{"title":"Marine-Patrouillenstation \u2013 Stadt Miami Beach","description":"Im Rahmen der durch die General Obligation Bond (GOB) 2018 finanzierten Initiativen treibt die Stadt Miami Beach die Sanierung der Marine Patrol Facility voran, die sich neben dem neu gestalteten Maurice Gibb Memorial Park im Stadtteil Sunset Harbour befindet.","robots":{"index":"index","follow":"follow","max-snippet":"max-snippet:-1","max-image-preview":"max-image-preview:large","max-video-preview":"max-video-preview:-1"},"canonical":"https:\/\/www.miamibeachfl.gov\/de\/projects\/marine-patrol-facility\/","og_locale":"de_DE","og_type":"article","og_title":"Marine Patrol Facility","og_description":"As part of the 2018 General Obligation Bond (GOB) funded initiatives, the City of Miami Beach is moving forward with the redevelopment of the Marine Patrol Facility, located adjacent to the newly enhanced Maurice Gibb Memorial Park in the Sunset Harbour neighborhood.","og_url":"https:\/\/www.miamibeachfl.gov\/de\/projects\/marine-patrol-facility\/","og_site_name":"City of Miami Beach","article_publisher":"https:\/\/www.facebook.com\/cityofmiamibeach","article_modified_time":"2026-04-07T14:57:22+00:00","og_image":[{"width":400,"height":400,"url":"https:\/\/www.miamibeachfl.gov\/wp-content\/uploads\/2026\/04\/marinepatrolproject_square.jpg","type":"image\/jpeg"}],"twitter_card":"summary_large_image","twitter_site":"@Miamibeachnews","schema":{"@context":"https:\/\/schema.org","@graph":[{"@type":"WebPage","@id":"https:\/\/www.miamibeachfl.gov\/projects\/marine-patrol-facility\/","url":"https:\/\/www.miamibeachfl.gov\/projects\/marine-patrol-facility\/","name":"Marine-Patrouillenstation \u2013 Stadt Miami Beach","isPartOf":{"@id":"https:\/\/www.miamibeachfl.gov\/#website"},"primaryImageOfPage":{"@id":"https:\/\/www.miamibeachfl.gov\/projects\/marine-patrol-facility\/#primaryimage"},"image":{"@id":"https:\/\/www.miamibeachfl.gov\/projects\/marine-patrol-facility\/#primaryimage"},"thumbnailUrl":"https:\/\/www.miamibeachfl.gov\/wp-content\/uploads\/2026\/04\/marinepatrolproject_square.jpg","datePublished":"2025-12-08T19:36:10+00:00","dateModified":"2026-04-07T14:57:22+00:00","description":"Im Rahmen der durch die General Obligation Bond (GOB) 2018 finanzierten Initiativen treibt die Stadt Miami Beach die Sanierung der Marine Patrol Facility voran, die sich neben dem neu gestalteten Maurice Gibb Memorial Park im Stadtteil Sunset Harbour befindet.","breadcrumb":{"@id":"https:\/\/www.miamibeachfl.gov\/projects\/marine-patrol-facility\/#breadcrumb"},"inLanguage":"de","potentialAction":[{"@type":"ReadAction","target":["https:\/\/www.miamibeachfl.gov\/projects\/marine-patrol-facility\/"]}]},{"@type":"ImageObject","inLanguage":"de","@id":"https:\/\/www.miamibeachfl.gov\/projects\/marine-patrol-facility\/#primaryimage","url":"https:\/\/www.miamibeachfl.gov\/wp-content\/uploads\/2026\/04\/marinepatrolproject_square.jpg","contentUrl":"https:\/\/www.miamibeachfl.gov\/wp-content\/uploads\/2026\/04\/marinepatrolproject_square.jpg","width":400,"height":400,"caption":"marine patrol rendering"},{"@type":"BreadcrumbList","@id":"https:\/\/www.miamibeachfl.gov\/projects\/marine-patrol-facility\/#breadcrumb","itemListElement":[{"@type":"ListItem","position":1,"name":"Home","item":"https:\/\/www.miamibeachfl.gov\/"},{"@type":"ListItem","position":2,"name":"Projects","item":"https:\/\/www.miamibeachfl.gov\/projects\/"},{"@type":"ListItem","position":3,"name":"Marine Patrol Facility"}]},{"@type":"WebSite","@id":"https:\/\/www.miamibeachfl.gov\/#website","url":"https:\/\/www.miamibeachfl.gov\/","name":"Stadt Miami Beach","description":"Die offizielle Website der Stadt Miami Beach. Bleiben Sie informiert und finden Sie wichtige Informationen zu st\u00e4dtischen Dienstleistungen, Neuigkeiten, Warnungen, Veranstaltungen, Stra\u00dfenbahnlinien, Stellenangeboten im \u00f6ffentlichen Dienst und mehr.","publisher":{"@id":"https:\/\/www.miamibeachfl.gov\/#organization"},"potentialAction":[{"@type":"SearchAction","target":{"@type":"EntryPoint","urlTemplate":"https:\/\/www.miamibeachfl.gov\/?s={search_term_string}"},"query-input":{"@type":"PropertyValueSpecification","valueRequired":true,"valueName":"search_term_string"}}],"inLanguage":"de"},{"@type":"Organization","@id":"https:\/\/www.miamibeachfl.gov\/#organization","name":"Stadt Miami Beach","url":"https:\/\/www.miamibeachfl.gov\/","logo":{"@type":"ImageObject","inLanguage":"de","@id":"https:\/\/www.miamibeachfl.gov\/#\/schema\/logo\/image\/","url":"https:\/\/www.miamibeachfl.gov\/wp-content\/uploads\/2022\/06\/miamibeach-logoblue.png","contentUrl":"https:\/\/www.miamibeachfl.gov\/wp-content\/uploads\/2022\/06\/miamibeach-logoblue.png","width":1962,"height":381,"caption":"City of Miami Beach"},"image":{"@id":"https:\/\/www.miamibeachfl.gov\/#\/schema\/logo\/image\/"},"sameAs":["https:\/\/www.facebook.com\/cityofmiamibeach","https:\/\/x.com\/Miamibeachnews","https:\/\/www.instagram.com\/miamibeachnews\/"],"description":"Die offizielle Website der Stadt Miami Beach. Bleiben Sie informiert und finden Sie wichtige Informationen zu st\u00e4dtischen Dienstleistungen, Neuigkeiten, Warnungen, Veranstaltungen, Stra\u00dfenbahnlinien, Stellenangeboten im \u00f6ffentlichen Dienst und mehr.","telephone":"305.604.CITY(2489)","legalName":"City of Miami Beach"}]}},"_links":{"self":[{"href":"https:\/\/www.miamibeachfl.gov\/de\/wp-json\/wp\/v2\/pages\/393083","targetHints":{"allow":["GET"]}}],"collection":[{"href":"https:\/\/www.miamibeachfl.gov\/de\/wp-json\/wp\/v2\/pages"}],"about":[{"href":"https:\/\/www.miamibeachfl.gov\/de\/wp-json\/wp\/v2\/types\/page"}],"author":[{"embeddable":true,"href":"https:\/\/www.miamibeachfl.gov\/de\/wp-json\/wp\/v2\/users\/222"}],"replies":[{"embeddable":true,"href":"https:\/\/www.miamibeachfl.gov\/de\/wp-json\/wp\/v2\/comments?post=393083"}],"version-history":[{"count":0,"href":"https:\/\/www.miamibeachfl.gov\/de\/wp-json\/wp\/v2\/pages\/393083\/revisions"}],"up":[{"embeddable":true,"href":"https:\/\/www.miamibeachfl.gov\/de\/wp-json\/wp\/v2\/pages\/397831"}],"wp:featuredmedia":[{"embeddable":true,"href":"https:\/\/www.miamibeachfl.gov\/de\/wp-json\/wp\/v2\/media\/398483"}],"wp:attachment":[{"href":"https:\/\/www.miamibeachfl.gov\/de\/wp-json\/wp\/v2\/media?parent=393083"}],"wp:term":[{"taxonomy":"category","embeddable":true,"href":"https:\/\/www.miamibeachfl.gov\/de\/wp-json\/wp\/v2\/categories?post=393083"},{"taxonomy":"post_tag","embeddable":true,"href":"https:\/\/www.miamibeachfl.gov\/de\/wp-json\/wp\/v2\/tags?post=393083"}],"curies":[{"name":"wp","href":"https:\/\/api.w.org\/{rel}","templated":true}]}}