{"id":39485,"date":"2017-11-01T12:28:52","date_gmt":"2017-11-01T16:28:52","guid":{"rendered":"http:\/\/www.miamibeachfl.gov\/?page_id=39485"},"modified":"2026-01-02T15:20:34","modified_gmt":"2026-01-02T20:20:34","slug":"elected-officials","status":"publish","type":"page","link":"https:\/\/www.miamibeachfl.gov\/de\/city-hall\/elected-officials\/","title":{"rendered":"B\u00fcrgermeister und Kommissare"},"content":{"rendered":"<h1>\n\t\t\tB\u00fcrgermeister und Kommissare\t<\/h1>\n\t<p>Die Stadt Miami Beach wird von einer Stadtkommission\/einem Stadtmanager regiert. Die Stadtkommission besteht aus sechs gew\u00e4hlten Kommissaren und einem gew\u00e4hlten B\u00fcrgermeister. Die Kommissare werden f\u00fcr eine Amtszeit von vier Jahren gew\u00e4hlt, die Amtszeit ist auf zwei Amtszeiten begrenzt. Die Amtszeiten sind gestaffelt, sodass alle zwei Jahre die H\u00e4lfte der Kommissionsmitglieder gew\u00e4hlt wird. Der B\u00fcrgermeister wird f\u00fcr eine Amtszeit von zwei Jahren gew\u00e4hlt, die Amtszeit ist auf drei Amtszeiten begrenzt. Die Stadtkommission ernennt die <strong><a href=\"\/de\/city-hall\/city-manager\/\"><u>Stadtmanager<\/u><\/a><\/strong> der die Stadtverwaltung beaufsichtigt. Das Gremium ernennt auch die <strong><a href=\"\/de\/city-hall\/city-attorney\/\"><u>Stadtanwalt<\/u><\/a>, <a href=\"https:\/\/www.miamibeachfl.gov\/de\/city-hall\/city-clerk\/\"><u>Stadtschreiber<\/u><\/a> <\/strong>Und <strong><a href=\"\/de\/inspectorgeneral\/\"><u>Generalinspekteur<\/u><\/a>.<\/strong><\/p>\n\t<a href=\"\/de\/city-hall\/city-clerk\/meeting-notices\/\" target=\"_self\"  aria-label=\"Gehen Sie zu \/city-hall\/city-clerk\/meeting-notices\/\"><\/a>\n\t\t<h2>Kommissionssitzungen<\/h2>\t\t\t\n\t<a href=\"\/de\/city-hall\/city-clerk\/boards-and-committees\/\" target=\"_self\"  aria-label=\"Gehen Sie zu \/city-hall\/city-clerk\/boards-and-committees\/\"><\/a>\n\t\t<h2>Gremien und Aussch\u00fcsse<\/h2>\t\t\t\n\t<a href=\"\/de\/city-hall\/city-clerk\/election-information\/\" target=\"_self\"  aria-label=\"Gehen Sie zu \/city-hall\/city-clerk\/election-information\/\"><\/a>\n\t\t<h2>Wahlinformationen<\/h2>\t\t\t\n\t<a href=\"\/de\/city-hall\/elected-officials\/mayor-and-commission-press-releases\/\" target=\"_self\"  aria-label=\"Gehen Sie zu \/city-hall\/elected-officials\/mayor-and-commission-press-releases\/\"><\/a>\n\t\t<h2>Pressemitteilungen<\/h2>\t\t\t\n\t\t\t\t<a href=\"\/de\/staff\/mayor-steven-meiner\/\"  target=\"_self\" itemprop=\"url\">\n\t\t\t\t<img decoding=\"async\" src=\"https:\/\/www.miamibeachfl.gov\/wp-content\/uploads\/2023\/12\/MayorMeiner2024-Circle.png\" alt=\"Steve Meiner\" itemprop=\"image\" height=\"250\" width=\"249\" title=\"B\u00fcrgermeisterMeiner2024-Kreis\" onerror=\"this.style.display='none'\" loading=\"lazy\" \/>\n\t\t\t\t<\/a>\n\t\t<h2>B\u00fcrgermeister Steven Meiner<\/h2>\n\t\t\t\t<p>Steven Meiner ist der 39. B\u00fcrgermeister von Miami Beach und wird aufgrund seines proaktiven Engagements f\u00fcr mehr \u00f6ffentliche Sicherheit, eine h\u00f6here Lebensqualit\u00e4t f\u00fcr die Einwohner und mehr Transparenz in der Regierung als \u201eB\u00fcrgermeister f\u00fcr Recht und Ordnung\u201c bezeichnet.<\/p>\n\t\t\t<a href=\"\/de\/staff\/mayor-steven-meiner\/\" title=\"Klicken Sie hier\" target=\"_self\"   role=\"button\" aria-label=\"Mehr erfahren\">\n\t\t\t\t\t\t\tMehr erfahren\n\t\t<\/a>\n\t<p>F\u00fcr Medienanfragen an B\u00fcrgermeister und Kommission senden Sie eine E-Mail <strong><a title=\"mailto:vp@miamibeachfl.gov\" href=\"mailto:daphnesaba@miamibeachfl.gov\">DaphneSaba@miamibeachfl.gov<\/a><\/strong><\/p>\n\t\t\t<a href=\"\/de\/city-hall\/city-manager\/\" target=\"_self\">\n\t\t\t\t\t\tB\u00fcro des Stadtverwalters\n\t\t\t\t\t<\/a>\n\t\t\t<a href=\"\/de\/city-hall\/city-attorney\/\" target=\"_self\">\n\t\t\t\t\t\tB\u00fcro des Stadtanwalts\n\t\t\t\t\t<\/a>\n\t\t\t<a href=\"https:\/\/www.miamibeachfl.gov\/de\/city-hall\/city-clerk\/agenda-archive-main-page-2\/agenda-archive-main-page\/\" target=\"_self\">\n\t\t\t\t\t\tNachbesprechungsberichte\n\t\t\t\t\t<\/a>\n<h3>\n\t\t\tHauptsitz\t<\/h3>\n\t1700 Convention Center Drive,<br \/>\nMiami Beach, FL 33139\n<h3>\n\t\t\tB\u00fcronummer\t<\/h3>\n\t<p><strong><a href=\"tel:3056737035\">305.673.7035<\/a><\/strong><\/p>\n<h3>\n\t\t\t\u00d6ffnungszeiten\t<\/h3>\n\t<p>9 \u2013 17 Uhr | Montag \u2013 Freitag<\/p>","protected":false},"excerpt":{"rendered":"<p><a href=\"tel:3056737035\" style=\"text-decoration:none; color:#004896;\"><br \/>\n    <i class=\"fa-solid fa-phone\"><\/i> 305.673.7035<\/a><\/p>","protected":false},"author":222,"featured_media":238770,"parent":28206,"menu_order":247,"comment_status":"closed","ping_status":"closed","template":"","meta":{"_searchwp_excluded":"","site-sidebar-layout":"default","site-content-layout":"","ast-site-content-layout":"default","site-content-style":"default","site-sidebar-style":"default","ast-global-header-display":"","ast-banner-title-visibility":"","ast-main-header-display":"","ast-hfb-above-header-display":"","ast-hfb-below-header-display":"","ast-hfb-mobile-header-display":"","site-post-title":"","ast-breadcrumbs-content":"","ast-featured-img":"","footer-sml-layout":"","ast-disable-related-posts":"","theme-transparent-header-meta":"","adv-header-id-meta":"","stick-header-meta":"","header-above-stick-meta":"","header-main-stick-meta":"","header-below-stick-meta":"","astra-migrate-meta-layouts":"default","ast-page-background-enabled":"default","ast-page-background-meta":{"desktop":{"background-color":"var(--ast-global-color-5)","background-image":"","background-repeat":"repeat","background-position":"center center","background-size":"auto","background-attachment":"scroll","background-type":"","background-media":"","overlay-type":"","overlay-color":"","overlay-opacity":"","overlay-gradient":""},"tablet":{"background-color":"","background-image":"","background-repeat":"repeat","background-position":"center center","background-size":"auto","background-attachment":"scroll","background-type":"","background-media":"","overlay-type":"","overlay-color":"","overlay-opacity":"","overlay-gradient":""},"mobile":{"background-color":"","background-image":"","background-repeat":"repeat","background-position":"center center","background-size":"auto","background-attachment":"scroll","background-type":"","background-media":"","overlay-type":"","overlay-color":"","overlay-opacity":"","overlay-gradient":""}},"ast-content-background-meta":{"desktop":{"background-color":"var(--ast-global-color-4)","background-image":"","background-repeat":"repeat","background-position":"center center","background-size":"auto","background-attachment":"scroll","background-type":"","background-media":"","overlay-type":"","overlay-color":"","overlay-opacity":"","overlay-gradient":""},"tablet":{"background-color":"var(--ast-global-color-4)","background-image":"","background-repeat":"repeat","background-position":"center center","background-size":"auto","background-attachment":"scroll","background-type":"","background-media":"","overlay-type":"","overlay-color":"","overlay-opacity":"","overlay-gradient":""},"mobile":{"background-color":"var(--ast-global-color-4)","background-image":"","background-repeat":"repeat","background-position":"center center","background-size":"auto","background-attachment":"scroll","background-type":"","background-media":"","overlay-type":"","overlay-color":"","overlay-opacity":"","overlay-gradient":""}},"footnotes":""},"categories":[1761],"tags":[1732],"class_list":["post-39485","page","type-page","status-publish","has-post-thumbnail","hentry","category-government","tag-government"],"yoast_head":"<!-- This site is optimized with the Yoast SEO Premium plugin v27.4 (Yoast SEO v27.4) - https:\/\/yoast.com\/product\/yoast-seo-premium-wordpress\/ -->\n<title>Mayor &amp; Commissioners - City of Miami Beach<\/title>\n<meta name=\"description\" content=\"The City of Miami Beach holds a commission\/manager government. The City Commission consists of six elected Commissioners and an elected Mayor.\" \/>\n<meta name=\"robots\" content=\"index, follow, max-snippet:-1, max-image-preview:large, max-video-preview:-1\" \/>\n<link rel=\"canonical\" href=\"https:\/\/www.miamibeachfl.gov\/de\/city-hall\/elected-officials\/\" \/>\n<meta property=\"og:locale\" content=\"de_DE\" \/>\n<meta property=\"og:type\" content=\"article\" \/>\n<meta property=\"og:title\" content=\"Mayor &amp; Commissioners\" \/>\n<meta property=\"og:description\" content=\"The City of Miami Beach holds a commission\/manager government. The City Commission consists of six elected Commissioners and an elected Mayor.\" \/>\n<meta property=\"og:url\" content=\"https:\/\/www.miamibeachfl.gov\/de\/city-hall\/elected-officials\/\" \/>\n<meta property=\"og:site_name\" content=\"City of Miami Beach\" \/>\n<meta property=\"article:publisher\" content=\"https:\/\/www.facebook.com\/cityofmiamibeach\" \/>\n<meta property=\"article:modified_time\" content=\"2026-01-02T20:20:34+00:00\" \/>\n<meta property=\"og:image\" content=\"https:\/\/www.miamibeachfl.gov\/wp-content\/uploads\/2019\/11\/Steven-Meiner.jpg\" \/>\n\t<meta property=\"og:image:width\" content=\"600\" \/>\n\t<meta property=\"og:image:height\" content=\"600\" \/>\n\t<meta property=\"og:image:type\" content=\"image\/jpeg\" \/>\n<meta name=\"twitter:card\" content=\"summary_large_image\" \/>\n<meta name=\"twitter:description\" content=\"The City of Miami Beach holds a commission\/manager government. The City Commission consists of six elected Commissioners and an elected Mayor.\" \/>\n<meta name=\"twitter:site\" content=\"@Miamibeachnews\" \/>\n<script type=\"application\/ld+json\" class=\"yoast-schema-graph\">{\"@context\":\"https:\\\/\\\/schema.org\",\"@graph\":[{\"@type\":\"WebPage\",\"@id\":\"https:\\\/\\\/www.miamibeachfl.gov\\\/city-hall\\\/elected-officials\\\/\",\"url\":\"https:\\\/\\\/www.miamibeachfl.gov\\\/city-hall\\\/elected-officials\\\/\",\"name\":\"Mayor & Commissioners - City of Miami Beach\",\"isPartOf\":{\"@id\":\"https:\\\/\\\/www.miamibeachfl.gov\\\/#website\"},\"primaryImageOfPage\":{\"@id\":\"https:\\\/\\\/www.miamibeachfl.gov\\\/city-hall\\\/elected-officials\\\/#primaryimage\"},\"image\":{\"@id\":\"https:\\\/\\\/www.miamibeachfl.gov\\\/city-hall\\\/elected-officials\\\/#primaryimage\"},\"thumbnailUrl\":\"https:\\\/\\\/www.miamibeachfl.gov\\\/wp-content\\\/uploads\\\/2023\\\/01\\\/MiamiBeach-cityhall.jpg\",\"datePublished\":\"2017-11-01T16:28:52+00:00\",\"dateModified\":\"2026-01-02T20:20:34+00:00\",\"description\":\"The City of Miami Beach holds a commission\\\/manager government. The City Commission consists of six elected Commissioners and an elected Mayor.\",\"breadcrumb\":{\"@id\":\"https:\\\/\\\/www.miamibeachfl.gov\\\/city-hall\\\/elected-officials\\\/#breadcrumb\"},\"inLanguage\":\"de\",\"potentialAction\":[{\"@type\":\"ReadAction\",\"target\":[\"https:\\\/\\\/www.miamibeachfl.gov\\\/city-hall\\\/elected-officials\\\/\"]}]},{\"@type\":\"ImageObject\",\"inLanguage\":\"de\",\"@id\":\"https:\\\/\\\/www.miamibeachfl.gov\\\/city-hall\\\/elected-officials\\\/#primaryimage\",\"url\":\"https:\\\/\\\/www.miamibeachfl.gov\\\/wp-content\\\/uploads\\\/2023\\\/01\\\/MiamiBeach-cityhall.jpg\",\"contentUrl\":\"https:\\\/\\\/www.miamibeachfl.gov\\\/wp-content\\\/uploads\\\/2023\\\/01\\\/MiamiBeach-cityhall.jpg\",\"width\":1000,\"height\":1000,\"caption\":\"City Hall\"},{\"@type\":\"BreadcrumbList\",\"@id\":\"https:\\\/\\\/www.miamibeachfl.gov\\\/city-hall\\\/elected-officials\\\/#breadcrumb\",\"itemListElement\":[{\"@type\":\"ListItem\",\"position\":1,\"name\":\"Home\",\"item\":\"https:\\\/\\\/www.miamibeachfl.gov\\\/\"},{\"@type\":\"ListItem\",\"position\":2,\"name\":\"City Hall\",\"item\":\"https:\\\/\\\/www.miamibeachfl.gov\\\/city-hall\\\/\"},{\"@type\":\"ListItem\",\"position\":3,\"name\":\"Mayor &#038; Commissioners\"}]},{\"@type\":\"WebSite\",\"@id\":\"https:\\\/\\\/www.miamibeachfl.gov\\\/#website\",\"url\":\"https:\\\/\\\/www.miamibeachfl.gov\\\/\",\"name\":\"City of Miami Beach\",\"description\":\"The official website of the City of Miami Beach. Stay informed, find important information on city services, news, alerts, events, trolley routes, government employment and more.\",\"publisher\":{\"@id\":\"https:\\\/\\\/www.miamibeachfl.gov\\\/#organization\"},\"potentialAction\":[{\"@type\":\"SearchAction\",\"target\":{\"@type\":\"EntryPoint\",\"urlTemplate\":\"https:\\\/\\\/www.miamibeachfl.gov\\\/?s={search_term_string}\"},\"query-input\":{\"@type\":\"PropertyValueSpecification\",\"valueRequired\":true,\"valueName\":\"search_term_string\"}}],\"inLanguage\":\"de\"},{\"@type\":\"Organization\",\"@id\":\"https:\\\/\\\/www.miamibeachfl.gov\\\/#organization\",\"name\":\"City of Miami Beach\",\"url\":\"https:\\\/\\\/www.miamibeachfl.gov\\\/\",\"logo\":{\"@type\":\"ImageObject\",\"inLanguage\":\"de\",\"@id\":\"https:\\\/\\\/www.miamibeachfl.gov\\\/#\\\/schema\\\/logo\\\/image\\\/\",\"url\":\"https:\\\/\\\/www.miamibeachfl.gov\\\/wp-content\\\/uploads\\\/2022\\\/06\\\/miamibeach-logoblue.png\",\"contentUrl\":\"https:\\\/\\\/www.miamibeachfl.gov\\\/wp-content\\\/uploads\\\/2022\\\/06\\\/miamibeach-logoblue.png\",\"width\":1962,\"height\":381,\"caption\":\"City of Miami Beach\"},\"image\":{\"@id\":\"https:\\\/\\\/www.miamibeachfl.gov\\\/#\\\/schema\\\/logo\\\/image\\\/\"},\"sameAs\":[\"https:\\\/\\\/www.facebook.com\\\/cityofmiamibeach\",\"https:\\\/\\\/x.com\\\/Miamibeachnews\",\"https:\\\/\\\/www.instagram.com\\\/miamibeachnews\\\/\"],\"description\":\"The official website of the City of Miami Beach. Stay informed, find important information on city services, news, alerts, events, trolley routes, government employment and more.\",\"telephone\":\"305.604.CITY(2489)\",\"legalName\":\"City of Miami Beach\"}]}<\/script>\n<!-- \/ Yoast SEO Premium plugin. -->","yoast_head_json":{"title":"B\u00fcrgermeister und Kommissare \u2013 Stadt Miami Beach","description":"Die Stadt Miami Beach verf\u00fcgt \u00fcber eine Kommissions-\/Managerregierung. Die Stadtkommission besteht aus sechs gew\u00e4hlten Kommissaren und einem gew\u00e4hlten B\u00fcrgermeister.","robots":{"index":"index","follow":"follow","max-snippet":"max-snippet:-1","max-image-preview":"max-image-preview:large","max-video-preview":"max-video-preview:-1"},"canonical":"https:\/\/www.miamibeachfl.gov\/de\/city-hall\/elected-officials\/","og_locale":"de_DE","og_type":"article","og_title":"Mayor & Commissioners","og_description":"The City of Miami Beach holds a commission\/manager government. The City Commission consists of six elected Commissioners and an elected Mayor.","og_url":"https:\/\/www.miamibeachfl.gov\/de\/city-hall\/elected-officials\/","og_site_name":"City of Miami Beach","article_publisher":"https:\/\/www.facebook.com\/cityofmiamibeach","article_modified_time":"2026-01-02T20:20:34+00:00","og_image":[{"width":600,"height":600,"url":"https:\/\/www.miamibeachfl.gov\/wp-content\/uploads\/2019\/11\/Steven-Meiner.jpg","type":"image\/jpeg"}],"twitter_card":"summary_large_image","twitter_description":"The City of Miami Beach holds a commission\/manager government. The City Commission consists of six elected Commissioners and an elected Mayor.","twitter_site":"@Miamibeachnews","schema":{"@context":"https:\/\/schema.org","@graph":[{"@type":"WebPage","@id":"https:\/\/www.miamibeachfl.gov\/city-hall\/elected-officials\/","url":"https:\/\/www.miamibeachfl.gov\/city-hall\/elected-officials\/","name":"B\u00fcrgermeister und Kommissare \u2013 Stadt Miami Beach","isPartOf":{"@id":"https:\/\/www.miamibeachfl.gov\/#website"},"primaryImageOfPage":{"@id":"https:\/\/www.miamibeachfl.gov\/city-hall\/elected-officials\/#primaryimage"},"image":{"@id":"https:\/\/www.miamibeachfl.gov\/city-hall\/elected-officials\/#primaryimage"},"thumbnailUrl":"https:\/\/www.miamibeachfl.gov\/wp-content\/uploads\/2023\/01\/MiamiBeach-cityhall.jpg","datePublished":"2017-11-01T16:28:52+00:00","dateModified":"2026-01-02T20:20:34+00:00","description":"Die Stadt Miami Beach verf\u00fcgt \u00fcber eine Kommissions-\/Managerregierung. Die Stadtkommission besteht aus sechs gew\u00e4hlten Kommissaren und einem gew\u00e4hlten B\u00fcrgermeister.","breadcrumb":{"@id":"https:\/\/www.miamibeachfl.gov\/city-hall\/elected-officials\/#breadcrumb"},"inLanguage":"de","potentialAction":[{"@type":"ReadAction","target":["https:\/\/www.miamibeachfl.gov\/city-hall\/elected-officials\/"]}]},{"@type":"ImageObject","inLanguage":"de","@id":"https:\/\/www.miamibeachfl.gov\/city-hall\/elected-officials\/#primaryimage","url":"https:\/\/www.miamibeachfl.gov\/wp-content\/uploads\/2023\/01\/MiamiBeach-cityhall.jpg","contentUrl":"https:\/\/www.miamibeachfl.gov\/wp-content\/uploads\/2023\/01\/MiamiBeach-cityhall.jpg","width":1000,"height":1000,"caption":"City Hall"},{"@type":"BreadcrumbList","@id":"https:\/\/www.miamibeachfl.gov\/city-hall\/elected-officials\/#breadcrumb","itemListElement":[{"@type":"ListItem","position":1,"name":"Home","item":"https:\/\/www.miamibeachfl.gov\/"},{"@type":"ListItem","position":2,"name":"City Hall","item":"https:\/\/www.miamibeachfl.gov\/city-hall\/"},{"@type":"ListItem","position":3,"name":"Mayor &#038; Commissioners"}]},{"@type":"WebSite","@id":"https:\/\/www.miamibeachfl.gov\/#website","url":"https:\/\/www.miamibeachfl.gov\/","name":"Stadt Miami Beach","description":"Die offizielle Website der Stadt Miami Beach. Bleiben Sie informiert und finden Sie wichtige Informationen zu st\u00e4dtischen Dienstleistungen, Neuigkeiten, Warnungen, Veranstaltungen, Stra\u00dfenbahnlinien, Stellenangeboten im \u00f6ffentlichen Dienst und mehr.","publisher":{"@id":"https:\/\/www.miamibeachfl.gov\/#organization"},"potentialAction":[{"@type":"SearchAction","target":{"@type":"EntryPoint","urlTemplate":"https:\/\/www.miamibeachfl.gov\/?s={search_term_string}"},"query-input":{"@type":"PropertyValueSpecification","valueRequired":true,"valueName":"search_term_string"}}],"inLanguage":"de"},{"@type":"Organization","@id":"https:\/\/www.miamibeachfl.gov\/#organization","name":"Stadt Miami Beach","url":"https:\/\/www.miamibeachfl.gov\/","logo":{"@type":"ImageObject","inLanguage":"de","@id":"https:\/\/www.miamibeachfl.gov\/#\/schema\/logo\/image\/","url":"https:\/\/www.miamibeachfl.gov\/wp-content\/uploads\/2022\/06\/miamibeach-logoblue.png","contentUrl":"https:\/\/www.miamibeachfl.gov\/wp-content\/uploads\/2022\/06\/miamibeach-logoblue.png","width":1962,"height":381,"caption":"City of Miami Beach"},"image":{"@id":"https:\/\/www.miamibeachfl.gov\/#\/schema\/logo\/image\/"},"sameAs":["https:\/\/www.facebook.com\/cityofmiamibeach","https:\/\/x.com\/Miamibeachnews","https:\/\/www.instagram.com\/miamibeachnews\/"],"description":"Die offizielle Website der Stadt Miami Beach. Bleiben Sie informiert und finden Sie wichtige Informationen zu st\u00e4dtischen Dienstleistungen, Neuigkeiten, Warnungen, Veranstaltungen, Stra\u00dfenbahnlinien, Stellenangeboten im \u00f6ffentlichen Dienst und mehr.","telephone":"305.604.CITY(2489)","legalName":"City of Miami Beach"}]}},"_links":{"self":[{"href":"https:\/\/www.miamibeachfl.gov\/de\/wp-json\/wp\/v2\/pages\/39485","targetHints":{"allow":["GET"]}}],"collection":[{"href":"https:\/\/www.miamibeachfl.gov\/de\/wp-json\/wp\/v2\/pages"}],"about":[{"href":"https:\/\/www.miamibeachfl.gov\/de\/wp-json\/wp\/v2\/types\/page"}],"author":[{"embeddable":true,"href":"https:\/\/www.miamibeachfl.gov\/de\/wp-json\/wp\/v2\/users\/222"}],"replies":[{"embeddable":true,"href":"https:\/\/www.miamibeachfl.gov\/de\/wp-json\/wp\/v2\/comments?post=39485"}],"version-history":[{"count":4,"href":"https:\/\/www.miamibeachfl.gov\/de\/wp-json\/wp\/v2\/pages\/39485\/revisions"}],"predecessor-version":[{"id":394434,"href":"https:\/\/www.miamibeachfl.gov\/de\/wp-json\/wp\/v2\/pages\/39485\/revisions\/394434"}],"up":[{"embeddable":true,"href":"https:\/\/www.miamibeachfl.gov\/de\/wp-json\/wp\/v2\/pages\/28206"}],"wp:featuredmedia":[{"embeddable":true,"href":"https:\/\/www.miamibeachfl.gov\/de\/wp-json\/wp\/v2\/media\/238770"}],"wp:attachment":[{"href":"https:\/\/www.miamibeachfl.gov\/de\/wp-json\/wp\/v2\/media?parent=39485"}],"wp:term":[{"taxonomy":"category","embeddable":true,"href":"https:\/\/www.miamibeachfl.gov\/de\/wp-json\/wp\/v2\/categories?post=39485"},{"taxonomy":"post_tag","embeddable":true,"href":"https:\/\/www.miamibeachfl.gov\/de\/wp-json\/wp\/v2\/tags?post=39485"}],"curies":[{"name":"wp","href":"https:\/\/api.w.org\/{rel}","templated":true}]}}