{"id":39550,"date":"2017-11-01T16:54:50","date_gmt":"2017-11-01T20:54:50","guid":{"rendered":"http:\/\/www.miamibeachfl.gov\/city-hall\/procurement\/vendor-campaign-contributions\/how-to-become-a-vendor\/"},"modified":"2026-04-24T15:38:08","modified_gmt":"2026-04-24T19:38:08","slug":"how-to-become-a-vendor","status":"publish","type":"page","link":"https:\/\/www.miamibeachfl.gov\/de\/city-hall\/procurement\/how-to-become-a-vendor\/","title":{"rendered":"Wie werde ich Lieferant?"},"content":{"rendered":"<figure itemscope itemtype=\"https:\/\/schema.org\/ImageObject\">\n\t\t\t\t<img decoding=\"async\" src=\"https:\/\/www.miamibeachfl.gov\/wp-content\/uploads\/2022\/07\/hero-small.jpg\" alt=\"ocean drive art deco buildings\" height=\"211\" width=\"2395\" title=\"Held-klein\" onerror=\"this.style.display='none'\" loading=\"lazy\" \/>\n\t<\/figure>\n<h1>\n\t\t\tSo werden Sie Lieferant\t<\/h1>\n\t<nav id=\"breadcrumbs\" aria-label=\"Paniermehl\"><a href=\"https:\/\/www.miamibeachfl.gov\/de\/\">Heim<\/a> &gt; <a href=\"https:\/\/www.miamibeachfl.gov\/de\/city-hall\/\">Rathaus<\/a> &gt; <a href=\"https:\/\/www.miamibeachfl.gov\/de\/city-hall\/procurement\/\">Beschaffung<\/a> &gt; <strong>Wie werde ich Lieferant?<\/strong><\/nav>\n\t\n<h1>ACHTUNG AN DIE H\u00c4NDLER<\/h1>\n<p><img loading=\"lazy\" decoding=\"async\" src=\"https:\/\/www.miamibeachfl.gov\/wp-content\/uploads\/2026\/04\/ProcurementVendorFairWorkshops_Flyer_2026_v04.jpg\" alt=\"Procurement Vendor Fair and Workshops\" width=\"2100\" height=\"1500\" \/><\/p>\n<h3><strong>Bidnet Direct (F\u00fcr Ausschreibungen)<\/strong><\/h3>\n<p>We are pleased to announce that the City of Miami Beach migrated to Bidnet Direct (&#8220;Bidnet&#8221;), a new electronic bidding (e-Bid) platform, on January 1, 2025. Vendors not registered with Bidnet will not be notified of new bid opportunities released by the City. Bidnet provides convenient online access to our bid information and other agencies&#8217; bids throughout Florida.<\/p>\n<p>Bitte besuchen Sie <a href=\"https:\/\/www.bidnetdirect.com\/florida\/cityofmiamibeach\">https:\/\/www.bidnetdirect.com\/florida\/cityofmiamibeach <\/a>through Bidnet Direct&#8217;s Florida Purchasing Group and select the &#8220;Limited&#8221; package for free agency bids. Registering to receive notifications of matching solicitations and addenda is free and easy, and will only take a few minutes. You do not need to register again if you are already registered as a vendor with Bidnet Direct&#8217;s Florida Purchasing Group from another local agency. Refer to the guide for registering and submitting an electronic bid <a href=\"https:\/\/www.miamibeachfl.gov\/wp-content\/uploads\/2024\/11\/Vendor-Registration-Guide-City-of-Miami-Beach.pdf\" target=\"_blank\" rel=\"noopener\">Hier<\/a>.<\/p>\n<p>If you need help registering, please contact Bidnet Direct&#8217;s Support Department at 1-800-835-4603, option 2, or <a href=\"mailto:support@bidnet.com\" target=\"_blank\" rel=\"noopener\">support@bidnet.com<\/a>.<\/p>\n<h3><strong>So verwalten oder erstellen Sie ein Lieferantenprofil im Vendor Self-Service (VSS)<\/strong><\/h3>\n<p>The City&#8217;s online Vendor Self-Service webpage allows City vendors to easily update contact information, attachments (W-9 forms), and commodity information. The Vendor Self-Service (VSS) webpage also provides purchase orders and payment information. Registering in VSS only takes a few minutes, making doing business with the City of Miami Beach easier.<\/p>\n<p>Bestellungen k\u00f6nnen auch elektronisch an die von Ihnen angegebene E-Mail-Adresse gesendet werden. Bitte stellen Sie sicher, dass die Informationen korrekt und aktuell sind, damit Sie die Bestellungen zeitnah erhalten. Sie k\u00f6nnen neben Ihrem Hauptansprechpartner weitere Ansprechpartner hinzuf\u00fcgen (z. B. Kreditorenbuchhaltung, Debitorenbuchhaltung usw.). Achten Sie darauf, diese bei der Registrierung korrekt anzugeben und die Angaben anschlie\u00dfend regelm\u00e4\u00dfig zu aktualisieren.<\/p>\n<h3><strong>Self-Service-Webseite f\u00fcr Anbieter:<\/strong><\/h3>\n<p><strong><a href=\"https:\/\/mbservices.miamibeachfl.gov\/vss\/default.aspx\" target=\"_blank\" rel=\"noopener noreferrer\">https:\/\/mbservices.miamibeachfl.gov\/vss\/default.aspx<\/a><\/strong><\/p>\n<ol>\n<li>Klicken Sie oben auf den VSS-Link.<\/li>\n<li>Klicken Sie auf <strong>\u201eAnmelden\/Registrieren.\u201c<\/strong><\/li>\n<li>Klicken Sie auf den Link unten auf der Seite: <strong>\u201eSie haben noch kein Konto? Registrieren Sie sich.\u201c<\/strong><\/li>\n<li>Bitte geben Sie Ihre E-Mail-Adresse, Ihr neues Passwort, Ihren Vor- und Nachnamen ein und klicken Sie auf <strong>&quot;Melden Sie sich an.&quot;<\/strong><\/li>\n<li>Community Access Identity sendet eine Best\u00e4tigungs-E-Mail an die von Ihnen eingegebene E-Mail-Adresse. Klicken Sie auf \u201e<strong>Konto aktivieren\u201c<\/strong> Schaltfl\u00e4che, um das Konto zu best\u00e4tigen und zu aktivieren.<\/li>\n<li><strong>\u00a0anmelden<\/strong> mit der neuen E-Mail-Adresse und dem Passwort, das Sie erstellt haben unter\u00a0<a href=\"https:\/\/mbservices.miamibeachfl.gov\/vss\">https:\/\/mbservices.miamibeachfl.gov\/vss<\/a>.<\/li>\n<li><strong>\u00a0Geben Sie die angeforderten Informationen ein<\/strong> auf der Seite und folgen Sie den Anweisungen, um Ihre Registrierung abzuschlie\u00dfen. Sie werden m\u00f6glicherweise aufgefordert, <strong>W\u00e4hlen Sie bei Ihrer Registrierung einen \u201eAnbietertyp\u201c aus<\/strong>. Bitte\u00a0<strong>w\u00e4hle \u201eR\u201c<\/strong>\u00a0f\u00fcr regul\u00e4ren Verk\u00e4ufer.<\/li>\n<li>\u00a0\u00dcberpr\u00fcfen Sie alle Angaben und f\u00fcgen Sie eine aktuelle <strong><a href=\"https:\/\/www.miamibeachfl.gov\/wp-content\/uploads\/2025\/10\/W-9-Fillable-Form-IRS-2024.pdf\" target=\"_blank\" rel=\"noopener\">Formular W-9<\/a> (erforderlich) und alle Lieferantenvielfaltszertifizierungen wie angegeben<\/strong>\u00a0<em>(gegebenenfalls).<\/em><\/li>\n<\/ol>\n<p>Wir freuen uns \u00fcber Ihr Feedback zu Ihrer Registrierung. Sollten Sie eine Fehlermeldung erhalten, erstellen Sie bitte einen Screenshot und h\u00e4ngen Sie ihn an Ihre E-Mail an. Bei Fragen und\/oder Anmerkungen wenden Sie sich bitte an <a href=\"mailto:procurement@miamibeachfl.gov\" target=\"_blank\" rel=\"noopener\">procurement@miamibeachfl.gov<\/a>.<\/p>\n<h3><strong>Lieferantenvielfalt<\/strong><\/h3>\n<p>Die Stadt hat ein Register f\u00fcr LGBT-Unternehmen eingerichtet, das von der National LGBT Chamber of Commerce (NGLCC) zertifiziert wurde, sowie f\u00fcr kleine und benachteiligte Unternehmen, die vom Miami-Dade County zertifiziert wurden. Folgende Zertifizierungen werden akzeptiert:<\/p>\n<table width=\"701\">\n<tbody>\n<tr>\n<td width=\"347\"><strong>Zertifizierung\u00a0<\/strong><\/td>\n<td width=\"349\"><strong>Zertifizierungsstelle<\/strong><\/td>\n<\/tr>\n<tr>\n<td width=\"347\">Kleines Unternehmen \u2013 Notaufnahme<\/td>\n<td width=\"349\"><a href=\"https:\/\/mdcsbd.gob2g.com\/frontend\/searchcertifieddirectory.asp\" target=\"_blank\" rel=\"noopener noreferrer\">Miami-Dade County<\/a><\/td>\n<\/tr>\n<tr>\n<td width=\"347\">Kleines Unternehmen \u2013 Bau<\/td>\n<td width=\"349\">\u00a0<a href=\"https:\/\/mdcsbd.gob2g.com\/frontend\/searchcertifieddirectory.asp\" target=\"_blank\" rel=\"noopener noreferrer\">Miami-Dade County<\/a><\/td>\n<\/tr>\n<tr>\n<td width=\"347\">Kleine Unternehmen \u2013 Waren und Dienstleistungen<\/td>\n<td width=\"349\">\u00a0<a href=\"https:\/\/mdcsbd.gob2g.com\/frontend\/searchcertifieddirectory.asp\" target=\"_blank\" rel=\"noopener noreferrer\">Miami-Dade County<\/a><\/td>\n<\/tr>\n<tr>\n<td width=\"347\">Benachteiligtes Unternehmen<\/td>\n<td width=\"349\">\u00a0<a href=\"https:\/\/mdcsbd.gob2g.com\/frontend\/searchcertifieddirectory.asp\" target=\"_blank\" rel=\"noopener noreferrer\">Miami-Dade County<\/a><\/td>\n<\/tr>\n<tr>\n<td width=\"347\">Veteranenunternehmen<\/td>\n<td width=\"349\"><a href=\"https:\/\/www.va.gov\/\" target=\"_blank\" rel=\"noopener noreferrer\">US-Veteranenministerium<\/a><br \/>\n<a href=\"https:\/\/www.dms.myflorida.com\/agency_administration\/office_of_supplier_diversity_osd\/get_certified\/veteran_owned_small_businesses\" target=\"_blank\" rel=\"noopener noreferrer\">Bundesstaat Florida, Ministerium f\u00fcr Managementdienste<\/a><\/td>\n<\/tr>\n<tr>\n<td width=\"347\">LGBT-Unternehmen<\/td>\n<td width=\"349\"><a href=\"https:\/\/www.nglcc.org\/get-certified\" target=\"_blank\" rel=\"noopener noreferrer\">Nationale LGBT-Handelskammer<\/a><\/td>\n<\/tr>\n<\/tbody>\n<\/table>\n<h3><strong>Anbieter-Support<\/strong><\/h3>\n<p>Kontaktieren Sie die Einkaufsabteilung unter <a href=\"http:\/\/procurement@miamibeachfl.gov\" target=\"_blank\" rel=\"noopener\">procurement@miamibeachfl.gov<\/a> oder 305.673.7490 f\u00fcr weitere Unterst\u00fctzung.<\/p>\n\t\tNavigieren Sie zu\u2026\t\t\t\n\t\t\t\t\t<ul id=\"menu-procurement-main-menu\"><li id=\"menu-item-363357\"><a href=\"\/de\/city-hall\/procurement\/bid-opportunities\/\">Gebotsgelegenheiten<\/a><\/li>\n<li id=\"menu-item-363358\"><a href=\"\/de\/city-hall\/procurement\/contact-procurement\/\">Kontaktieren Sie uns<\/a><\/li>\n<li id=\"menu-item-363359\"><a href=\"\/de\/city-hall\/procurement\/how-to-become-a-vendor\/\">Wie werde ich Lieferant?<\/a><\/li>\n<li id=\"menu-item-363360\"><a href=\"\/de\/city-hall\/procurement\/kristy-bada-bio\/\">Kristy Bada Bio<\/a><\/li>\n<li id=\"menu-item-363361\"><a href=\"\/de\/city-hall\/procurement\/procurement-related-ordinance-and-procedures\/\">Beschaffungsbezogene Richtlinien und Verfahren<\/a><\/li>\n<li id=\"menu-item-363362\"><a href=\"\/de\/city-hall\/procurement\/standard-terms-and-conditions\/\">Allgemeine Gesch\u00e4ftsbedingungen<\/a><\/li>\n<\/ul>\t\n\t<div class=\"page-navigation\"><a class=\"prev-page\" href=\"https:\/\/www.miamibeachfl.gov\/de\/city-hall\/human-resources\/compensation\/contact-info\/\">\u2190 Kontaktinformationen<\/a> <a class=\"next-page\" href=\"https:\/\/www.miamibeachfl.gov\/de\/city-hall\/code-compliance\/hernan-cardeno\/\">Hernan Cardeno \u2192<\/a><\/div>","protected":false},"excerpt":{"rendered":"<p>How to Become a Vendor Home &gt; City Hall &gt; Procurement &gt; How to Become a Vendor? ATTENTION VENDORS Bidnet [&hellip;]<\/p>\n","protected":false},"author":222,"featured_media":0,"parent":28912,"menu_order":0,"comment_status":"closed","ping_status":"closed","template":"","meta":{"_searchwp_excluded":"","site-sidebar-layout":"default","site-content-layout":"","ast-site-content-layout":"default","site-content-style":"default","site-sidebar-style":"default","ast-global-header-display":"","ast-banner-title-visibility":"","ast-main-header-display":"","ast-hfb-above-header-display":"","ast-hfb-below-header-display":"","ast-hfb-mobile-header-display":"","site-post-title":"","ast-breadcrumbs-content":"","ast-featured-img":"","footer-sml-layout":"","theme-transparent-header-meta":"","adv-header-id-meta":"","stick-header-meta":"","header-above-stick-meta":"","header-main-stick-meta":"","header-below-stick-meta":"","astra-migrate-meta-layouts":"default","ast-page-background-enabled":"default","ast-page-background-meta":{"desktop":{"background-color":"var(--ast-global-color-5)","background-image":"","background-repeat":"repeat","background-position":"center center","background-size":"auto","background-attachment":"scroll","background-type":"","background-media":"","overlay-type":"","overlay-color":"","overlay-opacity":"","overlay-gradient":""},"tablet":{"background-color":"","background-image":"","background-repeat":"repeat","background-position":"center center","background-size":"auto","background-attachment":"scroll","background-type":"","background-media":"","overlay-type":"","overlay-color":"","overlay-opacity":"","overlay-gradient":""},"mobile":{"background-color":"","background-image":"","background-repeat":"repeat","background-position":"center center","background-size":"auto","background-attachment":"scroll","background-type":"","background-media":"","overlay-type":"","overlay-color":"","overlay-opacity":"","overlay-gradient":""}},"ast-content-background-meta":{"desktop":{"background-color":"var(--ast-global-color-4)","background-image":"","background-repeat":"repeat","background-position":"center center","background-size":"auto","background-attachment":"scroll","background-type":"","background-media":"","overlay-type":"","overlay-color":"","overlay-opacity":"","overlay-gradient":""},"tablet":{"background-color":"var(--ast-global-color-4)","background-image":"","background-repeat":"repeat","background-position":"center center","background-size":"auto","background-attachment":"scroll","background-type":"","background-media":"","overlay-type":"","overlay-color":"","overlay-opacity":"","overlay-gradient":""},"mobile":{"background-color":"var(--ast-global-color-4)","background-image":"","background-repeat":"repeat","background-position":"center center","background-size":"auto","background-attachment":"scroll","background-type":"","background-media":"","overlay-type":"","overlay-color":"","overlay-opacity":"","overlay-gradient":""}},"footnotes":""},"categories":[1],"tags":[136,1653,1651,1652,152,1654],"class_list":["post-39550","page","type-page","status-publish","hentry","category-uncategorized","tag-procurement","tag-registration","tag-supplier-diversity","tag-vendor","tag-vendors","tag-vss"],"yoast_head":"<!-- This site is optimized with the Yoast SEO Premium plugin v27.4 (Yoast SEO v27.4) - https:\/\/yoast.com\/product\/yoast-seo-premium-wordpress\/ -->\n<title>How to Become a Vendor? - City of Miami Beach<\/title>\n<meta name=\"description\" content=\"Register your company on Bidnet Direct, the City&#039;s electronic bidding platform for easy access to competitive solicitations. Learn more about Vendor Registrations and the City&#039;s supplier diversity registry.\" \/>\n<meta name=\"robots\" content=\"index, follow, max-snippet:-1, max-image-preview:large, max-video-preview:-1\" \/>\n<link rel=\"canonical\" href=\"https:\/\/www.miamibeachfl.gov\/de\/city-hall\/procurement\/how-to-become-a-vendor\/\" \/>\n<meta property=\"og:locale\" content=\"de_DE\" \/>\n<meta property=\"og:type\" content=\"article\" \/>\n<meta property=\"og:title\" content=\"How to Become a Vendor?\" \/>\n<meta property=\"og:description\" content=\"Register your company on Bidnet Direct, the City&#039;s electronic bidding platform for easy access to competitive solicitations. Learn more about Vendor Registrations and the City&#039;s supplier diversity registry.\" \/>\n<meta property=\"og:url\" content=\"https:\/\/www.miamibeachfl.gov\/de\/city-hall\/procurement\/how-to-become-a-vendor\/\" \/>\n<meta property=\"og:site_name\" content=\"City of Miami Beach\" \/>\n<meta property=\"article:publisher\" content=\"https:\/\/www.facebook.com\/cityofmiamibeach\" \/>\n<meta property=\"article:modified_time\" content=\"2026-04-24T19:38:08+00:00\" \/>\n<meta property=\"og:image\" content=\"https:\/\/www.miamibeachfl.gov\/wp-content\/uploads\/2022\/07\/hero-small.jpg\" \/>\n<meta name=\"twitter:card\" content=\"summary_large_image\" \/>\n<meta name=\"twitter:site\" content=\"@Miamibeachnews\" \/>\n<script type=\"application\/ld+json\" class=\"yoast-schema-graph\">{\"@context\":\"https:\\\/\\\/schema.org\",\"@graph\":[{\"@type\":\"WebPage\",\"@id\":\"https:\\\/\\\/www.miamibeachfl.gov\\\/city-hall\\\/procurement\\\/how-to-become-a-vendor\\\/\",\"url\":\"https:\\\/\\\/www.miamibeachfl.gov\\\/city-hall\\\/procurement\\\/how-to-become-a-vendor\\\/\",\"name\":\"How to Become a Vendor? - City of Miami Beach\",\"isPartOf\":{\"@id\":\"https:\\\/\\\/www.miamibeachfl.gov\\\/#website\"},\"primaryImageOfPage\":{\"@id\":\"https:\\\/\\\/www.miamibeachfl.gov\\\/city-hall\\\/procurement\\\/how-to-become-a-vendor\\\/#primaryimage\"},\"image\":{\"@id\":\"https:\\\/\\\/www.miamibeachfl.gov\\\/city-hall\\\/procurement\\\/how-to-become-a-vendor\\\/#primaryimage\"},\"thumbnailUrl\":\"https:\\\/\\\/www.miamibeachfl.gov\\\/wp-content\\\/uploads\\\/2022\\\/07\\\/hero-small.jpg\",\"datePublished\":\"2017-11-01T20:54:50+00:00\",\"dateModified\":\"2026-04-24T19:38:08+00:00\",\"description\":\"Register your company on Bidnet Direct, the City's electronic bidding platform for easy access to competitive solicitations. Learn more about Vendor Registrations and the City's supplier diversity registry.\",\"breadcrumb\":{\"@id\":\"https:\\\/\\\/www.miamibeachfl.gov\\\/city-hall\\\/procurement\\\/how-to-become-a-vendor\\\/#breadcrumb\"},\"inLanguage\":\"de\",\"potentialAction\":[{\"@type\":\"ReadAction\",\"target\":[\"https:\\\/\\\/www.miamibeachfl.gov\\\/city-hall\\\/procurement\\\/how-to-become-a-vendor\\\/\"]}]},{\"@type\":\"ImageObject\",\"inLanguage\":\"de\",\"@id\":\"https:\\\/\\\/www.miamibeachfl.gov\\\/city-hall\\\/procurement\\\/how-to-become-a-vendor\\\/#primaryimage\",\"url\":\"https:\\\/\\\/www.miamibeachfl.gov\\\/wp-content\\\/uploads\\\/2022\\\/07\\\/hero-small.jpg\",\"contentUrl\":\"https:\\\/\\\/www.miamibeachfl.gov\\\/wp-content\\\/uploads\\\/2022\\\/07\\\/hero-small.jpg\"},{\"@type\":\"BreadcrumbList\",\"@id\":\"https:\\\/\\\/www.miamibeachfl.gov\\\/city-hall\\\/procurement\\\/how-to-become-a-vendor\\\/#breadcrumb\",\"itemListElement\":[{\"@type\":\"ListItem\",\"position\":1,\"name\":\"Home\",\"item\":\"https:\\\/\\\/www.miamibeachfl.gov\\\/\"},{\"@type\":\"ListItem\",\"position\":2,\"name\":\"City Hall\",\"item\":\"https:\\\/\\\/www.miamibeachfl.gov\\\/city-hall\\\/\"},{\"@type\":\"ListItem\",\"position\":3,\"name\":\"Procurement\",\"item\":\"https:\\\/\\\/www.miamibeachfl.gov\\\/city-hall\\\/procurement\\\/\"},{\"@type\":\"ListItem\",\"position\":4,\"name\":\"How to Become a Vendor?\"}]},{\"@type\":\"WebSite\",\"@id\":\"https:\\\/\\\/www.miamibeachfl.gov\\\/#website\",\"url\":\"https:\\\/\\\/www.miamibeachfl.gov\\\/\",\"name\":\"City of Miami Beach\",\"description\":\"The official website of the City of Miami Beach. Stay informed, find important information on city services, news, alerts, events, trolley routes, government employment and more.\",\"publisher\":{\"@id\":\"https:\\\/\\\/www.miamibeachfl.gov\\\/#organization\"},\"potentialAction\":[{\"@type\":\"SearchAction\",\"target\":{\"@type\":\"EntryPoint\",\"urlTemplate\":\"https:\\\/\\\/www.miamibeachfl.gov\\\/?s={search_term_string}\"},\"query-input\":{\"@type\":\"PropertyValueSpecification\",\"valueRequired\":true,\"valueName\":\"search_term_string\"}}],\"inLanguage\":\"de\"},{\"@type\":\"Organization\",\"@id\":\"https:\\\/\\\/www.miamibeachfl.gov\\\/#organization\",\"name\":\"City of Miami Beach\",\"url\":\"https:\\\/\\\/www.miamibeachfl.gov\\\/\",\"logo\":{\"@type\":\"ImageObject\",\"inLanguage\":\"de\",\"@id\":\"https:\\\/\\\/www.miamibeachfl.gov\\\/#\\\/schema\\\/logo\\\/image\\\/\",\"url\":\"https:\\\/\\\/www.miamibeachfl.gov\\\/wp-content\\\/uploads\\\/2022\\\/06\\\/miamibeach-logoblue.png\",\"contentUrl\":\"https:\\\/\\\/www.miamibeachfl.gov\\\/wp-content\\\/uploads\\\/2022\\\/06\\\/miamibeach-logoblue.png\",\"width\":1962,\"height\":381,\"caption\":\"City of Miami Beach\"},\"image\":{\"@id\":\"https:\\\/\\\/www.miamibeachfl.gov\\\/#\\\/schema\\\/logo\\\/image\\\/\"},\"sameAs\":[\"https:\\\/\\\/www.facebook.com\\\/cityofmiamibeach\",\"https:\\\/\\\/x.com\\\/Miamibeachnews\",\"https:\\\/\\\/www.instagram.com\\\/miamibeachnews\\\/\"],\"description\":\"The official website of the City of Miami Beach. Stay informed, find important information on city services, news, alerts, events, trolley routes, government employment and more.\",\"telephone\":\"305.604.CITY(2489)\",\"legalName\":\"City of Miami Beach\"}]}<\/script>\n<!-- \/ Yoast SEO Premium plugin. -->","yoast_head_json":{"title":"Wie werde ich Verk\u00e4ufer? - Stadt Miami Beach","description":"Registrieren Sie Ihr Unternehmen auf Bidnet Direct, der elektronischen Ausschreibungsplattform der Stadt, um schnell auf Ausschreibungen zuzugreifen. Erfahren Sie mehr \u00fcber die Lieferantenregistrierung und das Lieferantenvielfaltsregister der Stadt.","robots":{"index":"index","follow":"follow","max-snippet":"max-snippet:-1","max-image-preview":"max-image-preview:large","max-video-preview":"max-video-preview:-1"},"canonical":"https:\/\/www.miamibeachfl.gov\/de\/city-hall\/procurement\/how-to-become-a-vendor\/","og_locale":"de_DE","og_type":"article","og_title":"How to Become a Vendor?","og_description":"Register your company on Bidnet Direct, the City's electronic bidding platform for easy access to competitive solicitations. Learn more about Vendor Registrations and the City's supplier diversity registry.","og_url":"https:\/\/www.miamibeachfl.gov\/de\/city-hall\/procurement\/how-to-become-a-vendor\/","og_site_name":"City of Miami Beach","article_publisher":"https:\/\/www.facebook.com\/cityofmiamibeach","article_modified_time":"2026-04-24T19:38:08+00:00","og_image":[{"url":"https:\/\/www.miamibeachfl.gov\/wp-content\/uploads\/2022\/07\/hero-small.jpg","type":"","width":"","height":""}],"twitter_card":"summary_large_image","twitter_site":"@Miamibeachnews","schema":{"@context":"https:\/\/schema.org","@graph":[{"@type":"WebPage","@id":"https:\/\/www.miamibeachfl.gov\/city-hall\/procurement\/how-to-become-a-vendor\/","url":"https:\/\/www.miamibeachfl.gov\/city-hall\/procurement\/how-to-become-a-vendor\/","name":"Wie werde ich Verk\u00e4ufer? - Stadt Miami Beach","isPartOf":{"@id":"https:\/\/www.miamibeachfl.gov\/#website"},"primaryImageOfPage":{"@id":"https:\/\/www.miamibeachfl.gov\/city-hall\/procurement\/how-to-become-a-vendor\/#primaryimage"},"image":{"@id":"https:\/\/www.miamibeachfl.gov\/city-hall\/procurement\/how-to-become-a-vendor\/#primaryimage"},"thumbnailUrl":"https:\/\/www.miamibeachfl.gov\/wp-content\/uploads\/2022\/07\/hero-small.jpg","datePublished":"2017-11-01T20:54:50+00:00","dateModified":"2026-04-24T19:38:08+00:00","description":"Registrieren Sie Ihr Unternehmen auf Bidnet Direct, der elektronischen Ausschreibungsplattform der Stadt, um schnell auf Ausschreibungen zuzugreifen. Erfahren Sie mehr \u00fcber die Lieferantenregistrierung und das Lieferantenvielfaltsregister der Stadt.","breadcrumb":{"@id":"https:\/\/www.miamibeachfl.gov\/city-hall\/procurement\/how-to-become-a-vendor\/#breadcrumb"},"inLanguage":"de","potentialAction":[{"@type":"ReadAction","target":["https:\/\/www.miamibeachfl.gov\/city-hall\/procurement\/how-to-become-a-vendor\/"]}]},{"@type":"ImageObject","inLanguage":"de","@id":"https:\/\/www.miamibeachfl.gov\/city-hall\/procurement\/how-to-become-a-vendor\/#primaryimage","url":"https:\/\/www.miamibeachfl.gov\/wp-content\/uploads\/2022\/07\/hero-small.jpg","contentUrl":"https:\/\/www.miamibeachfl.gov\/wp-content\/uploads\/2022\/07\/hero-small.jpg"},{"@type":"BreadcrumbList","@id":"https:\/\/www.miamibeachfl.gov\/city-hall\/procurement\/how-to-become-a-vendor\/#breadcrumb","itemListElement":[{"@type":"ListItem","position":1,"name":"Home","item":"https:\/\/www.miamibeachfl.gov\/"},{"@type":"ListItem","position":2,"name":"City Hall","item":"https:\/\/www.miamibeachfl.gov\/city-hall\/"},{"@type":"ListItem","position":3,"name":"Procurement","item":"https:\/\/www.miamibeachfl.gov\/city-hall\/procurement\/"},{"@type":"ListItem","position":4,"name":"How to Become a Vendor?"}]},{"@type":"WebSite","@id":"https:\/\/www.miamibeachfl.gov\/#website","url":"https:\/\/www.miamibeachfl.gov\/","name":"Stadt Miami Beach","description":"Die offizielle Website der Stadt Miami Beach. Bleiben Sie informiert und finden Sie wichtige Informationen zu st\u00e4dtischen Dienstleistungen, Neuigkeiten, Warnungen, Veranstaltungen, Stra\u00dfenbahnlinien, Stellenangeboten im \u00f6ffentlichen Dienst und mehr.","publisher":{"@id":"https:\/\/www.miamibeachfl.gov\/#organization"},"potentialAction":[{"@type":"SearchAction","target":{"@type":"EntryPoint","urlTemplate":"https:\/\/www.miamibeachfl.gov\/?s={search_term_string}"},"query-input":{"@type":"PropertyValueSpecification","valueRequired":true,"valueName":"search_term_string"}}],"inLanguage":"de"},{"@type":"Organization","@id":"https:\/\/www.miamibeachfl.gov\/#organization","name":"Stadt Miami Beach","url":"https:\/\/www.miamibeachfl.gov\/","logo":{"@type":"ImageObject","inLanguage":"de","@id":"https:\/\/www.miamibeachfl.gov\/#\/schema\/logo\/image\/","url":"https:\/\/www.miamibeachfl.gov\/wp-content\/uploads\/2022\/06\/miamibeach-logoblue.png","contentUrl":"https:\/\/www.miamibeachfl.gov\/wp-content\/uploads\/2022\/06\/miamibeach-logoblue.png","width":1962,"height":381,"caption":"City of Miami Beach"},"image":{"@id":"https:\/\/www.miamibeachfl.gov\/#\/schema\/logo\/image\/"},"sameAs":["https:\/\/www.facebook.com\/cityofmiamibeach","https:\/\/x.com\/Miamibeachnews","https:\/\/www.instagram.com\/miamibeachnews\/"],"description":"Die offizielle Website der Stadt Miami Beach. Bleiben Sie informiert und finden Sie wichtige Informationen zu st\u00e4dtischen Dienstleistungen, Neuigkeiten, Warnungen, Veranstaltungen, Stra\u00dfenbahnlinien, Stellenangeboten im \u00f6ffentlichen Dienst und mehr.","telephone":"305.604.CITY(2489)","legalName":"City of Miami Beach"}]}},"_links":{"self":[{"href":"https:\/\/www.miamibeachfl.gov\/de\/wp-json\/wp\/v2\/pages\/39550","targetHints":{"allow":["GET"]}}],"collection":[{"href":"https:\/\/www.miamibeachfl.gov\/de\/wp-json\/wp\/v2\/pages"}],"about":[{"href":"https:\/\/www.miamibeachfl.gov\/de\/wp-json\/wp\/v2\/types\/page"}],"author":[{"embeddable":true,"href":"https:\/\/www.miamibeachfl.gov\/de\/wp-json\/wp\/v2\/users\/222"}],"replies":[{"embeddable":true,"href":"https:\/\/www.miamibeachfl.gov\/de\/wp-json\/wp\/v2\/comments?post=39550"}],"version-history":[{"count":8,"href":"https:\/\/www.miamibeachfl.gov\/de\/wp-json\/wp\/v2\/pages\/39550\/revisions"}],"predecessor-version":[{"id":399504,"href":"https:\/\/www.miamibeachfl.gov\/de\/wp-json\/wp\/v2\/pages\/39550\/revisions\/399504"}],"up":[{"embeddable":true,"href":"https:\/\/www.miamibeachfl.gov\/de\/wp-json\/wp\/v2\/pages\/28912"}],"wp:attachment":[{"href":"https:\/\/www.miamibeachfl.gov\/de\/wp-json\/wp\/v2\/media?parent=39550"}],"wp:term":[{"taxonomy":"category","embeddable":true,"href":"https:\/\/www.miamibeachfl.gov\/de\/wp-json\/wp\/v2\/categories?post=39550"},{"taxonomy":"post_tag","embeddable":true,"href":"https:\/\/www.miamibeachfl.gov\/de\/wp-json\/wp\/v2\/tags?post=39550"}],"curies":[{"name":"wp","href":"https:\/\/api.w.org\/{rel}","templated":true}]}}