{"id":41104,"date":"2017-11-17T10:45:14","date_gmt":"2017-11-17T15:45:14","guid":{"rendered":"http:\/\/www.miamibeachfl.gov\/city-hall\/transportation\/jose-gonzalez-bio\/"},"modified":"2025-05-28T17:05:33","modified_gmt":"2025-05-28T21:05:33","slug":"jose-gonzalez-bio","status":"publish","type":"page","link":"https:\/\/www.miamibeachfl.gov\/de\/city-hall\/transportation\/jose-gonzalez-bio\/","title":{"rendered":"Jos\u00e9 R. Gonz\u00e1lez PE Biografie"},"content":{"rendered":"<img decoding=\"async\" src=\"https:\/\/www.miamibeachfl.gov\/wp-content\/uploads\/2022\/07\/hero-small.jpg\" alt=\"ocean drive art deco buildings\" itemprop=\"image\" title=\"Held-klein\" onerror=\"this.style.display='none'\" loading='lazy' \/>\n<h1>\n\t\t\tJos\u00e9 R. Gonz\u00e1lez PE Biografie\t<\/h1>\n\t<nav id=\"breadcrumbs\" aria-label=\"Paniermehl\"><a href=\"https:\/\/www.miamibeachfl.gov\/de\/\">Heim<\/a> &gt; <a href=\"https:\/\/www.miamibeachfl.gov\/de\/city-hall\/\">Rathaus<\/a> &gt; <a href=\"https:\/\/www.miamibeachfl.gov\/de\/city-hall\/transportation\/\">Transport &amp; Mobilit\u00e4t<\/a> &gt; <strong>Jos\u00e9 R. Gonz\u00e1lez PE Biografie<\/strong><\/nav>\n\t<p>Herr Jos\u00e9 R. Gonz\u00e1lez ist ein anerkannter Experte im Transportbereich mit 30 Jahren Erfahrung im privaten und \u00f6ffentlichen Sektor.<\/p>\n<p>Herr Gonz\u00e1lez begann seine berufliche Laufbahn 1994 beim Florida Department of Transportation (\u201eFDOT\u201c), District Six, als Teilnehmer des Professional Engineer Training Program, dem vierj\u00e4hrigen Elite-F\u00fchrungskr\u00e4fte-Trainingsprogramm des Ministeriums. W\u00e4hrend seiner zehnj\u00e4hrigen Karriere beim FDOT District Six spezialisierte sich Herr Gonz\u00e1lez auf den \u00f6ffentlichen Nahverkehr und war als District Intermodal Engineer im Public Transportation Office t\u00e4tig. In dieser Funktion leitete und\/oder war Herr Gonz\u00e1lez ma\u00dfgeblich an verschiedenen multimodalen Verkehrsprojekten von regionaler und landesweiter Bedeutung beteiligt, darunter das Miami Intermodal Center, die Projektentwicklung und Umweltstudie zum East-West Multimodal Corridor und die Golden Glades Multimodal Facility.<\/p>\n<p>Anschlie\u00dfend wechselte Herr Gonz\u00e1lez 2004 als Verkehrsmanager zur Stadt Miami, wo er f\u00fcr die Leitung und \u00dcberwachung von Verkehrsprojekten und -initiativen verantwortlich war. W\u00e4hrend seiner siebenj\u00e4hrigen T\u00e4tigkeit bei der Stadt Miami leitete und unterst\u00fctzte Herr Gonz\u00e1lez bedeutende Verkehrsprojekte wie den Port Miami Tunnel und das Miami Streetcar Project. Dar\u00fcber hinaus leitete er die Planung und Umsetzung des Miami Trolley Systems, des ersten Fahrrad-Masterplans der Stadt, und spielte eine f\u00fchrende Rolle bei einem Modellprojekt zur Entwicklung von bezahlbarem Wohnraum und \u00f6ffentlichem Nahverkehr, das in Zusammenarbeit mit dem US-Ministerium f\u00fcr Wohnungsbau und Stadtentwicklung und der Federal Transit Administration durchgef\u00fchrt wurde.<\/p>\n<p>Im Jahr 2011 kam Herr Gonz\u00e1lez zur Stadt Miami Beach und wurde 2014 zum Direktor des neu geschaffenen Ministeriums f\u00fcr Verkehr und Mobilit\u00e4t (\u201eMinisterium\u201c) ernannt. Unter der F\u00fchrung von Herrn Gonz\u00e1lez stellte das Ministerium seinen ersten umfassenden multimodalen Masterplan fertig. Der Masterplan f\u00fcr Verkehr, einschlie\u00dflich einer Strategie zur Priorisierung der Verkehrsmittel, eines Masterplans f\u00fcr Fahrr\u00e4der und Fu\u00dfg\u00e4nger sowie eines Leitfadens zur Gestaltung kompletter Stra\u00dfen, wurde 2016 einstimmig von der Stadtkommission angenommen. Unter der F\u00fchrung von Herrn Gonz\u00e1lez hat das Ministerium einen stadtweiten, vernetzten Stra\u00dfenbahnservice, elektrische On-Demand-Transportdienste, einen bucht\u00fcbergreifenden Wassertaxiservice f\u00fcr Pendler sowie zahlreiche Kilometer gesch\u00fctzter gr\u00fcner Fahrradwege und gemeinsam genutzter Wege in der ganzen Stadt eingerichtet. Dar\u00fcber hinaus sind viele weitere Kilometer an Fahrradanlagen und Projekten zur Verbesserung der Fu\u00dfg\u00e4ngerfreundlichkeit in Arbeit. Herr Gonz\u00e1lez leitet die Einf\u00fchrung innovativer Mobilit\u00e4tsstrategien und modernster Technologiel\u00f6sungen zur Verbesserung des Verkehrsflusses. Dazu geh\u00f6ren beispielsweise die Projekte \u201eIntelligente Transportsysteme\u201c und \u201eSmart Parking Systems\u201c, die der \u00d6ffentlichkeit Echtzeitinformationen zu Verkehr, Parkm\u00f6glichkeiten und \u00f6ffentlichen Verkehrsmitteln liefern, sowie eine hochmoderne Verkehrsmanagementsoftware zur effizienten und effektiven Bew\u00e4ltigung von Verkehrsstaus in Miami Beach. Dar\u00fcber hinaus arbeitet Herr Gonz\u00e1lez mit Miami-Dade County an der Umsetzung regionaler Nahverkehrsl\u00f6sungen im Rahmen des \u201eStrategic Miami Area Rapid Transit\u201c (SMART)-Plans. Ziel ist die Verbesserung der Mobilit\u00e4t zwischen Miami Beach und dem Festland. Dazu geh\u00f6ren Schnellbahnverbindungen \u00fcber die MacArthur- und Julia-Tuttle-Dammwege sowie die Entwicklung multimodaler Knotenpunkte, die den Umstieg zwischen alternativen Verkehrsmitteln erleichtern.<\/p>\n<p>Herr Gonz\u00e1lez hat einen Bachelor of Science in Bauingenieurwesen von der Florida International University. Er ist im Bundesstaat Florida als Ingenieur eingetragen und lebt seit \u00fcber 20 Jahren in Miami Beach.<\/p>\n\t\tNavigieren Sie zu\u2026\t\t\t\n\t\t\t\t\t<ul id=\"menu-ada\"><li id=\"menu-item-225437\"><a href=\"https:\/\/www.miamibeachfl.gov\/de\/ada\/\">ADA<\/a><\/li>\n<li id=\"menu-item-225550\"><a href=\"https:\/\/www.miamibeachfl.gov\/de\/ada\/ada-handbook-title-ii\/\">ADA-Handbuch \u2013 Titel II<\/a><\/li>\n<li id=\"menu-item-225549\"><a href=\"https:\/\/www.miamibeachfl.gov\/de\/ada\/ada-request\/\">ADA-Anfrage<\/a><\/li>\n<li id=\"menu-item-225548\"><a href=\"https:\/\/www.miamibeachfl.gov\/de\/ada\/americans-with-disability-act\/\">Gesetz \u00fcber Amerikaner mit Behinderungen<\/a><\/li>\n<li id=\"menu-item-225438\"><a href=\"https:\/\/www.miamibeachfl.gov\/de\/ada\/beach-wheelchair-access\/\">Strand f\u00fcr Rollstuhlfahrer<\/a><\/li>\n<li id=\"menu-item-225547\"><a href=\"https:\/\/www.miamibeachfl.gov\/de\/ada\/complaints-for-discrimination\/\">Beschwerden wegen Diskriminierung<\/a><\/li>\n<li id=\"menu-item-225546\"><a href=\"https:\/\/www.miamibeachfl.gov\/de\/ada\/difficulty-of-hearing\/\">H\u00f6rschwierigkeiten<\/a><\/li>\n<li id=\"menu-item-225545\"><a href=\"https:\/\/www.miamibeachfl.gov\/de\/ada\/disability-etiquette\/\">Etikette f\u00fcr Menschen mit Behinderungen<\/a><\/li>\n<li id=\"menu-item-225554\"><a href=\"https:\/\/www.miamibeachfl.gov\/de\/ada\/disability-hiring-policy\/\">Einstellungsrichtlinie f\u00fcr Menschen mit Behinderungen<\/a><\/li>\n<li id=\"menu-item-225544\"><a href=\"https:\/\/www.miamibeachfl.gov\/de\/ada\/white-cane-law\/\">Gesetz zum wei\u00dfen Stock<\/a><\/li>\n<\/ul>\t\n\t<div class=\"page-navigation\"><a class=\"prev-page\" href=\"https:\/\/www.miamibeachfl.gov\/de\/city-hall\/transportation\/tracking-trolley-live\/\">\u2190 Live-Trolley-Tracking<\/a> <a class=\"next-page\" href=\"https:\/\/www.miamibeachfl.gov\/de\/city-hall\/transportation\/plans-studies\/\">Pl\u00e4ne &amp; Studien \u2192<\/a><\/div>","protected":false},"excerpt":{"rendered":"<p>Jos\u00e9 R. Gonz\u00e1lez P.E Bio Home &gt; City Hall &gt; Transportation &#038; Mobility &gt; Jos\u00e9 R. Gonz\u00e1lez P.E Bio Mr. [&hellip;]<\/p>\n","protected":false},"author":222,"featured_media":0,"parent":28743,"menu_order":63,"comment_status":"closed","ping_status":"closed","template":"","meta":{"_searchwp_excluded":"","site-sidebar-layout":"default","site-content-layout":"","ast-site-content-layout":"default","site-content-style":"default","site-sidebar-style":"default","ast-global-header-display":"","ast-banner-title-visibility":"","ast-main-header-display":"","ast-hfb-above-header-display":"","ast-hfb-below-header-display":"","ast-hfb-mobile-header-display":"","site-post-title":"","ast-breadcrumbs-content":"","ast-featured-img":"","footer-sml-layout":"","theme-transparent-header-meta":"","adv-header-id-meta":"","stick-header-meta":"","header-above-stick-meta":"","header-main-stick-meta":"","header-below-stick-meta":"","astra-migrate-meta-layouts":"default","ast-page-background-enabled":"default","ast-page-background-meta":{"desktop":{"background-color":"var(--ast-global-color-5)","background-image":"","background-repeat":"repeat","background-position":"center center","background-size":"auto","background-attachment":"scroll","background-type":"","background-media":"","overlay-type":"","overlay-color":"","overlay-opacity":"","overlay-gradient":""},"tablet":{"background-color":"","background-image":"","background-repeat":"repeat","background-position":"center center","background-size":"auto","background-attachment":"scroll","background-type":"","background-media":"","overlay-type":"","overlay-color":"","overlay-opacity":"","overlay-gradient":""},"mobile":{"background-color":"","background-image":"","background-repeat":"repeat","background-position":"center center","background-size":"auto","background-attachment":"scroll","background-type":"","background-media":"","overlay-type":"","overlay-color":"","overlay-opacity":"","overlay-gradient":""}},"ast-content-background-meta":{"desktop":{"background-color":"var(--ast-global-color-4)","background-image":"","background-repeat":"repeat","background-position":"center center","background-size":"auto","background-attachment":"scroll","background-type":"","background-media":"","overlay-type":"","overlay-color":"","overlay-opacity":"","overlay-gradient":""},"tablet":{"background-color":"var(--ast-global-color-4)","background-image":"","background-repeat":"repeat","background-position":"center center","background-size":"auto","background-attachment":"scroll","background-type":"","background-media":"","overlay-type":"","overlay-color":"","overlay-opacity":"","overlay-gradient":""},"mobile":{"background-color":"var(--ast-global-color-4)","background-image":"","background-repeat":"repeat","background-position":"center center","background-size":"auto","background-attachment":"scroll","background-type":"","background-media":"","overlay-type":"","overlay-color":"","overlay-opacity":"","overlay-gradient":""}},"footnotes":""},"categories":[],"tags":[],"class_list":["post-41104","page","type-page","status-publish","hentry"],"yoast_head":"<!-- This site is optimized with the Yoast SEO Premium plugin v27.4 (Yoast SEO v27.4) - https:\/\/yoast.com\/product\/yoast-seo-premium-wordpress\/ -->\n<title>Jos\u00e9 R. Gonz\u00e1lez P.E Bio - City of Miami Beach<\/title>\n<meta name=\"description\" content=\"%\" \/>\n<meta name=\"robots\" content=\"index, follow, max-snippet:-1, max-image-preview:large, max-video-preview:-1\" \/>\n<link rel=\"canonical\" href=\"https:\/\/www.miamibeachfl.gov\/de\/city-hall\/transportation\/jose-gonzalez-bio\/\" \/>\n<meta property=\"og:locale\" content=\"de_DE\" \/>\n<meta property=\"og:type\" content=\"article\" \/>\n<meta property=\"og:title\" content=\"Jos\u00e9 R. Gonz\u00e1lez P.E Bio\" \/>\n<meta property=\"og:description\" content=\"%\" \/>\n<meta property=\"og:url\" content=\"https:\/\/www.miamibeachfl.gov\/de\/city-hall\/transportation\/jose-gonzalez-bio\/\" \/>\n<meta property=\"og:site_name\" content=\"City of Miami Beach\" \/>\n<meta property=\"article:publisher\" content=\"https:\/\/www.facebook.com\/cityofmiamibeach\" \/>\n<meta property=\"article:modified_time\" content=\"2025-05-28T21:05:33+00:00\" \/>\n<meta property=\"og:image\" content=\"https:\/\/www.miamibeachfl.gov\/wp-content\/uploads\/2022\/07\/hero-small.jpg\" \/>\n<meta name=\"twitter:card\" content=\"summary_large_image\" \/>\n<meta name=\"twitter:site\" content=\"@Miamibeachnews\" \/>\n<script type=\"application\/ld+json\" class=\"yoast-schema-graph\">{\"@context\":\"https:\\\/\\\/schema.org\",\"@graph\":[{\"@type\":\"WebPage\",\"@id\":\"https:\\\/\\\/www.miamibeachfl.gov\\\/city-hall\\\/transportation\\\/jose-gonzalez-bio\\\/\",\"url\":\"https:\\\/\\\/www.miamibeachfl.gov\\\/city-hall\\\/transportation\\\/jose-gonzalez-bio\\\/\",\"name\":\"Jos\u00e9 R. Gonz\u00e1lez P.E Bio - City of Miami Beach\",\"isPartOf\":{\"@id\":\"https:\\\/\\\/www.miamibeachfl.gov\\\/#website\"},\"primaryImageOfPage\":{\"@id\":\"https:\\\/\\\/www.miamibeachfl.gov\\\/city-hall\\\/transportation\\\/jose-gonzalez-bio\\\/#primaryimage\"},\"image\":{\"@id\":\"https:\\\/\\\/www.miamibeachfl.gov\\\/city-hall\\\/transportation\\\/jose-gonzalez-bio\\\/#primaryimage\"},\"thumbnailUrl\":\"https:\\\/\\\/www.miamibeachfl.gov\\\/wp-content\\\/uploads\\\/2022\\\/07\\\/hero-small.jpg\",\"datePublished\":\"2017-11-17T15:45:14+00:00\",\"dateModified\":\"2025-05-28T21:05:33+00:00\",\"description\":\"%\",\"breadcrumb\":{\"@id\":\"https:\\\/\\\/www.miamibeachfl.gov\\\/city-hall\\\/transportation\\\/jose-gonzalez-bio\\\/#breadcrumb\"},\"inLanguage\":\"de\",\"potentialAction\":[{\"@type\":\"ReadAction\",\"target\":[\"https:\\\/\\\/www.miamibeachfl.gov\\\/city-hall\\\/transportation\\\/jose-gonzalez-bio\\\/\"]}]},{\"@type\":\"ImageObject\",\"inLanguage\":\"de\",\"@id\":\"https:\\\/\\\/www.miamibeachfl.gov\\\/city-hall\\\/transportation\\\/jose-gonzalez-bio\\\/#primaryimage\",\"url\":\"https:\\\/\\\/www.miamibeachfl.gov\\\/wp-content\\\/uploads\\\/2022\\\/07\\\/hero-small.jpg\",\"contentUrl\":\"https:\\\/\\\/www.miamibeachfl.gov\\\/wp-content\\\/uploads\\\/2022\\\/07\\\/hero-small.jpg\"},{\"@type\":\"BreadcrumbList\",\"@id\":\"https:\\\/\\\/www.miamibeachfl.gov\\\/city-hall\\\/transportation\\\/jose-gonzalez-bio\\\/#breadcrumb\",\"itemListElement\":[{\"@type\":\"ListItem\",\"position\":1,\"name\":\"Home\",\"item\":\"https:\\\/\\\/www.miamibeachfl.gov\\\/\"},{\"@type\":\"ListItem\",\"position\":2,\"name\":\"City Hall\",\"item\":\"https:\\\/\\\/www.miamibeachfl.gov\\\/city-hall\\\/\"},{\"@type\":\"ListItem\",\"position\":3,\"name\":\"Transportation &#038; Mobility\",\"item\":\"https:\\\/\\\/www.miamibeachfl.gov\\\/city-hall\\\/transportation\\\/\"},{\"@type\":\"ListItem\",\"position\":4,\"name\":\"Jos\u00e9 R. Gonz\u00e1lez P.E Bio\"}]},{\"@type\":\"WebSite\",\"@id\":\"https:\\\/\\\/www.miamibeachfl.gov\\\/#website\",\"url\":\"https:\\\/\\\/www.miamibeachfl.gov\\\/\",\"name\":\"City of Miami Beach\",\"description\":\"The official website of the City of Miami Beach. Stay informed, find important information on city services, news, alerts, events, trolley routes, government employment and more.\",\"publisher\":{\"@id\":\"https:\\\/\\\/www.miamibeachfl.gov\\\/#organization\"},\"potentialAction\":[{\"@type\":\"SearchAction\",\"target\":{\"@type\":\"EntryPoint\",\"urlTemplate\":\"https:\\\/\\\/www.miamibeachfl.gov\\\/?s={search_term_string}\"},\"query-input\":{\"@type\":\"PropertyValueSpecification\",\"valueRequired\":true,\"valueName\":\"search_term_string\"}}],\"inLanguage\":\"de\"},{\"@type\":\"Organization\",\"@id\":\"https:\\\/\\\/www.miamibeachfl.gov\\\/#organization\",\"name\":\"City of Miami Beach\",\"url\":\"https:\\\/\\\/www.miamibeachfl.gov\\\/\",\"logo\":{\"@type\":\"ImageObject\",\"inLanguage\":\"de\",\"@id\":\"https:\\\/\\\/www.miamibeachfl.gov\\\/#\\\/schema\\\/logo\\\/image\\\/\",\"url\":\"https:\\\/\\\/www.miamibeachfl.gov\\\/wp-content\\\/uploads\\\/2022\\\/06\\\/miamibeach-logoblue.png\",\"contentUrl\":\"https:\\\/\\\/www.miamibeachfl.gov\\\/wp-content\\\/uploads\\\/2022\\\/06\\\/miamibeach-logoblue.png\",\"width\":1962,\"height\":381,\"caption\":\"City of Miami Beach\"},\"image\":{\"@id\":\"https:\\\/\\\/www.miamibeachfl.gov\\\/#\\\/schema\\\/logo\\\/image\\\/\"},\"sameAs\":[\"https:\\\/\\\/www.facebook.com\\\/cityofmiamibeach\",\"https:\\\/\\\/x.com\\\/Miamibeachnews\",\"https:\\\/\\\/www.instagram.com\\\/miamibeachnews\\\/\"],\"description\":\"The official website of the City of Miami Beach. Stay informed, find important information on city services, news, alerts, events, trolley routes, government employment and more.\",\"telephone\":\"305.604.CITY(2489)\",\"legalName\":\"City of Miami Beach\"}]}<\/script>\n<!-- \/ Yoast SEO Premium plugin. -->","yoast_head_json":{"title":"Jos\u00e9 R. Gonz\u00e1lez PE Bio - Stadt Miami Beach","description":"%","robots":{"index":"index","follow":"follow","max-snippet":"max-snippet:-1","max-image-preview":"max-image-preview:large","max-video-preview":"max-video-preview:-1"},"canonical":"https:\/\/www.miamibeachfl.gov\/de\/city-hall\/transportation\/jose-gonzalez-bio\/","og_locale":"de_DE","og_type":"article","og_title":"Jos\u00e9 R. Gonz\u00e1lez P.E Bio","og_description":"%","og_url":"https:\/\/www.miamibeachfl.gov\/de\/city-hall\/transportation\/jose-gonzalez-bio\/","og_site_name":"City of Miami Beach","article_publisher":"https:\/\/www.facebook.com\/cityofmiamibeach","article_modified_time":"2025-05-28T21:05:33+00:00","og_image":[{"url":"https:\/\/www.miamibeachfl.gov\/wp-content\/uploads\/2022\/07\/hero-small.jpg","type":"","width":"","height":""}],"twitter_card":"summary_large_image","twitter_site":"@Miamibeachnews","schema":{"@context":"https:\/\/schema.org","@graph":[{"@type":"WebPage","@id":"https:\/\/www.miamibeachfl.gov\/city-hall\/transportation\/jose-gonzalez-bio\/","url":"https:\/\/www.miamibeachfl.gov\/city-hall\/transportation\/jose-gonzalez-bio\/","name":"Jos\u00e9 R. Gonz\u00e1lez PE Bio - Stadt Miami Beach","isPartOf":{"@id":"https:\/\/www.miamibeachfl.gov\/#website"},"primaryImageOfPage":{"@id":"https:\/\/www.miamibeachfl.gov\/city-hall\/transportation\/jose-gonzalez-bio\/#primaryimage"},"image":{"@id":"https:\/\/www.miamibeachfl.gov\/city-hall\/transportation\/jose-gonzalez-bio\/#primaryimage"},"thumbnailUrl":"https:\/\/www.miamibeachfl.gov\/wp-content\/uploads\/2022\/07\/hero-small.jpg","datePublished":"2017-11-17T15:45:14+00:00","dateModified":"2025-05-28T21:05:33+00:00","description":"%","breadcrumb":{"@id":"https:\/\/www.miamibeachfl.gov\/city-hall\/transportation\/jose-gonzalez-bio\/#breadcrumb"},"inLanguage":"de","potentialAction":[{"@type":"ReadAction","target":["https:\/\/www.miamibeachfl.gov\/city-hall\/transportation\/jose-gonzalez-bio\/"]}]},{"@type":"ImageObject","inLanguage":"de","@id":"https:\/\/www.miamibeachfl.gov\/city-hall\/transportation\/jose-gonzalez-bio\/#primaryimage","url":"https:\/\/www.miamibeachfl.gov\/wp-content\/uploads\/2022\/07\/hero-small.jpg","contentUrl":"https:\/\/www.miamibeachfl.gov\/wp-content\/uploads\/2022\/07\/hero-small.jpg"},{"@type":"BreadcrumbList","@id":"https:\/\/www.miamibeachfl.gov\/city-hall\/transportation\/jose-gonzalez-bio\/#breadcrumb","itemListElement":[{"@type":"ListItem","position":1,"name":"Home","item":"https:\/\/www.miamibeachfl.gov\/"},{"@type":"ListItem","position":2,"name":"City Hall","item":"https:\/\/www.miamibeachfl.gov\/city-hall\/"},{"@type":"ListItem","position":3,"name":"Transportation &#038; Mobility","item":"https:\/\/www.miamibeachfl.gov\/city-hall\/transportation\/"},{"@type":"ListItem","position":4,"name":"Jos\u00e9 R. Gonz\u00e1lez P.E Bio"}]},{"@type":"WebSite","@id":"https:\/\/www.miamibeachfl.gov\/#website","url":"https:\/\/www.miamibeachfl.gov\/","name":"Stadt Miami Beach","description":"Die offizielle Website der Stadt Miami Beach. Bleiben Sie informiert und finden Sie wichtige Informationen zu st\u00e4dtischen Dienstleistungen, Neuigkeiten, Warnungen, Veranstaltungen, Stra\u00dfenbahnlinien, Stellenangeboten im \u00f6ffentlichen Dienst und mehr.","publisher":{"@id":"https:\/\/www.miamibeachfl.gov\/#organization"},"potentialAction":[{"@type":"SearchAction","target":{"@type":"EntryPoint","urlTemplate":"https:\/\/www.miamibeachfl.gov\/?s={search_term_string}"},"query-input":{"@type":"PropertyValueSpecification","valueRequired":true,"valueName":"search_term_string"}}],"inLanguage":"de"},{"@type":"Organization","@id":"https:\/\/www.miamibeachfl.gov\/#organization","name":"Stadt Miami Beach","url":"https:\/\/www.miamibeachfl.gov\/","logo":{"@type":"ImageObject","inLanguage":"de","@id":"https:\/\/www.miamibeachfl.gov\/#\/schema\/logo\/image\/","url":"https:\/\/www.miamibeachfl.gov\/wp-content\/uploads\/2022\/06\/miamibeach-logoblue.png","contentUrl":"https:\/\/www.miamibeachfl.gov\/wp-content\/uploads\/2022\/06\/miamibeach-logoblue.png","width":1962,"height":381,"caption":"City of Miami Beach"},"image":{"@id":"https:\/\/www.miamibeachfl.gov\/#\/schema\/logo\/image\/"},"sameAs":["https:\/\/www.facebook.com\/cityofmiamibeach","https:\/\/x.com\/Miamibeachnews","https:\/\/www.instagram.com\/miamibeachnews\/"],"description":"Die offizielle Website der Stadt Miami Beach. Bleiben Sie informiert und finden Sie wichtige Informationen zu st\u00e4dtischen Dienstleistungen, Neuigkeiten, Warnungen, Veranstaltungen, Stra\u00dfenbahnlinien, Stellenangeboten im \u00f6ffentlichen Dienst und mehr.","telephone":"305.604.CITY(2489)","legalName":"City of Miami Beach"}]}},"_links":{"self":[{"href":"https:\/\/www.miamibeachfl.gov\/de\/wp-json\/wp\/v2\/pages\/41104","targetHints":{"allow":["GET"]}}],"collection":[{"href":"https:\/\/www.miamibeachfl.gov\/de\/wp-json\/wp\/v2\/pages"}],"about":[{"href":"https:\/\/www.miamibeachfl.gov\/de\/wp-json\/wp\/v2\/types\/page"}],"author":[{"embeddable":true,"href":"https:\/\/www.miamibeachfl.gov\/de\/wp-json\/wp\/v2\/users\/222"}],"replies":[{"embeddable":true,"href":"https:\/\/www.miamibeachfl.gov\/de\/wp-json\/wp\/v2\/comments?post=41104"}],"version-history":[{"count":1,"href":"https:\/\/www.miamibeachfl.gov\/de\/wp-json\/wp\/v2\/pages\/41104\/revisions"}],"predecessor-version":[{"id":374601,"href":"https:\/\/www.miamibeachfl.gov\/de\/wp-json\/wp\/v2\/pages\/41104\/revisions\/374601"}],"up":[{"embeddable":true,"href":"https:\/\/www.miamibeachfl.gov\/de\/wp-json\/wp\/v2\/pages\/28743"}],"wp:attachment":[{"href":"https:\/\/www.miamibeachfl.gov\/de\/wp-json\/wp\/v2\/media?parent=41104"}],"wp:term":[{"taxonomy":"category","embeddable":true,"href":"https:\/\/www.miamibeachfl.gov\/de\/wp-json\/wp\/v2\/categories?post=41104"},{"taxonomy":"post_tag","embeddable":true,"href":"https:\/\/www.miamibeachfl.gov\/de\/wp-json\/wp\/v2\/tags?post=41104"}],"curies":[{"name":"wp","href":"https:\/\/api.w.org\/{rel}","templated":true}]}}