{"id":63169,"date":"2018-04-03T09:44:21","date_gmt":"2018-04-03T13:44:21","guid":{"rendered":"http:\/\/www.miamibeachfl.gov\/city-hall\/finance\/financial-documents\/archive-financial-documents\/"},"modified":"2025-06-26T09:38:52","modified_gmt":"2025-06-26T13:38:52","slug":"archive-financial-documents","status":"publish","type":"page","link":"https:\/\/www.miamibeachfl.gov\/de\/city-hall\/finance\/financial-documents\/archive-financial-documents\/","title":{"rendered":"Finanzdokumente archivieren"},"content":{"rendered":"<img decoding=\"async\" src=\"https:\/\/www.miamibeachfl.gov\/wp-content\/uploads\/2022\/07\/hero-small.jpg\" alt=\"ocean drive art deco buildings\" itemprop=\"image\" title=\"Held-klein\" onerror=\"this.style.display='none'\" loading='lazy' \/>\n<h1>\n\t\t\tFinanzdokumente archivieren\t<\/h1>\n\t<nav id=\"breadcrumbs\" aria-label=\"Paniermehl\"><a href=\"https:\/\/www.miamibeachfl.gov\/de\/\">Heim<\/a> &gt; <a href=\"https:\/\/www.miamibeachfl.gov\/de\/city-hall\/\">Rathaus<\/a> &gt; <a href=\"https:\/\/www.miamibeachfl.gov\/de\/city-hall\/finance\/\">Finanzen<\/a> &gt; <a href=\"https:\/\/www.miamibeachfl.gov\/de\/city-hall\/finance\/financial-documents\/\">Finanzberichte<\/a> &gt; <strong>Finanzdokumente archivieren<\/strong><\/nav>\n\t<p><b><a title=\"Umfassender j\u00e4hrlicher Finanzbericht (CAFR)&lt;BR&gt; f\u00fcr das am 30. September 2000 endende Gesch\u00e4ftsjahr\" href=\"\/wp-content\/uploads\/2017\/08\/comprehensive-20report-209-30-2000.pdf\" target=\"_blank\" rel=\"noopener\">Umfassender Jahresfinanzbericht (CAFR) f\u00fcr das am 30. September 2000 endende Gesch\u00e4ftsjahr<\/a><\/b> (Akrobat*)<\/p>\n<p><b><a title=\"Umfassender j\u00e4hrlicher Finanzbericht (CAFR)&lt;BR&gt; f\u00fcr das am 30. September 2001 endende Gesch\u00e4ftsjahr\" href=\"\/wp-content\/uploads\/2017\/08\/comprehensive-20report-209-30-2001.pdf\" target=\"_blank\" rel=\"noopener\">Umfassender Jahresfinanzbericht (CAFR) f\u00fcr das am 30. September 2001 endende Gesch\u00e4ftsjahr<\/a><\/b> (Akrobat*)<\/p>\n<p><strong><b><a title=\"Umfassender j\u00e4hrlicher Finanzbericht (CAFR)&lt;BR&gt; f\u00fcr das am 30. September 2002 endende Gesch\u00e4ftsjahr\" href=\"\/wp-content\/uploads\/2017\/08\/comprehensive-20report-209-30-2002.pdf\" target=\"_blank\" rel=\"noopener\">Umfassender Jahresfinanzbericht (CAFR) f\u00fcr das am 30. September 2002 endende Gesch\u00e4ftsjahr<\/a><\/b> (Akrobat*)<\/strong><\/p>\n<strong>Umfassender Jahresfinanzbericht (CAFR) 2003<\/strong><br \/>\n<a title=\"Inhaltsverzeichnis\" href=\"\/wp-content\/uploads\/2017\/08\/cafr03_contents.pdf\" target=\"_blank\" rel=\"noopener\">Inhaltsverzeichnis<\/a><br \/>\n<a title=\"Einf\u00fchrungsabschnitt\" href=\"\/wp-content\/uploads\/2017\/08\/cafr03_intro.pdf\" target=\"_blank\" rel=\"noopener\">Einf\u00fchrungsabschnitt<\/a><br \/>\n<a title=\"Finanzteil\" href=\"\/wp-content\/uploads\/2017\/08\/cafr03_fina.pdf\" target=\"_blank\" rel=\"noopener\">Finanzteil<\/a><br \/>\n<a title=\"Erforderliche Zusatzinformationen\" href=\"\/wp-content\/uploads\/2017\/08\/cafr03_req.pdf\" target=\"_blank\" rel=\"noopener\">Erforderliche Zusatzinformationen<\/a><br \/>\n<a title=\"Erg\u00e4nzende Angaben\" href=\"\/wp-content\/uploads\/2017\/08\/cafr03_supp.pdf\" target=\"_blank\" rel=\"noopener\">Erg\u00e4nzende Angaben<\/a><br \/>\n<a title=\"Statistischer Bereich\" href=\"\/wp-content\/uploads\/2017\/08\/cafr03_stat.pdf\" target=\"_blank\" rel=\"noopener\">Statistischer Bereich<\/a>\n<strong>Umfassender Jahresfinanzbericht (CAFR) 2004<br \/>\n<\/strong><a href=\"\/wp-content\/uploads\/2017\/08\/table-20of-20contents04.pdf\">Inhaltsverzeichnis<\/a><br \/>\n<a href=\"\/wp-content\/uploads\/2017\/08\/intrductory-20section04.pdf\">Einf\u00fchrungsabschnitt<\/a><br \/>\n<a href=\"\/wp-content\/uploads\/2017\/08\/financial-20section04.pdf\">Finanzteil<\/a><br \/>\n<a href=\"\/wp-content\/uploads\/2017\/08\/required-20supplementary-20information04.pdf\">Erforderliche Zusatzinformationen<\/a><br \/>\n<a href=\"\/wp-content\/uploads\/2017\/08\/supplementary-20information04.pdf\">Erg\u00e4nzende Angaben<\/a><br \/>\n<a href=\"\/wp-content\/uploads\/2017\/08\/statistical-20section04.pdf\">Statistischer Bereich<\/a><br \/>\n<strong><br \/>\nUmfassender Jahresfinanzbericht (CAFR) 2005<br \/>\n<\/strong><a href=\"\/wp-content\/uploads\/2017\/08\/table-20of-20content05.pdf\">Inhaltsverzeichnis<\/a><br \/>\n<a title=\"Einf\u00fchrungsabschnitt\" href=\"\/wp-content\/uploads\/2017\/08\/introductory-20section05.pdf\" target=\"_blank\" rel=\"noopener\">Einf\u00fchrungsabschnitt<\/a><br \/>\n<a title=\"Finanzteil\" href=\"\/wp-content\/uploads\/2017\/08\/financial-20section05.pdf\" target=\"_blank\" rel=\"noopener\">Finanzteil<\/a><br \/>\n<a title=\"Erforderliche Zusatzinformationen\" href=\"\/wp-content\/uploads\/2017\/08\/required-20supplementary05.pdf\" target=\"_blank\" rel=\"noopener\">Erforderliche Zusatzinformationen<\/a><br \/>\n<a title=\"Erg\u00e4nzende Angaben\" href=\"\/wp-content\/uploads\/2017\/08\/supplementary-20information05.pdf\" target=\"_blank\" rel=\"noopener\">Erg\u00e4nzende Angaben<\/a><br \/>\n<a title=\"Statistischer Bereich\" href=\"\/wp-content\/uploads\/2017\/08\/statistical05.pdf\" target=\"_blank\" rel=\"noopener\">Statistischer Bereich<\/a><br \/>\n<a title=\"Empfohlene Tagesdosis 2005\" href=\"\/wp-content\/uploads\/2017\/08\/rda-20fs-20fy-202005.pdf\" target=\"_blank\" rel=\"noopener\">Empfohlene Tagesdosis<\/a>\n<strong>Umfassender Jahresfinanzbericht (CAFR) 2006<br \/>\n<\/strong><a href=\"\/wp-content\/uploads\/2017\/08\/cafr_2006.pdf\">CAFR<\/a><strong>\u00a0\u00a0\u00a0\u00a0 <\/strong><a href=\"\/\/wp-content\/uploads\/2017\/08\/miami-20beach-20redevelopment-20agency-202006.pdf\">Empfohlene Tagesdosis<\/a>\n<strong>Umfassender Jahresfinanzbericht (CAFR) 2007<\/strong><br \/>\n<a href=\"\/wp-content\/uploads\/2017\/08\/cafr_2007.pdf\">CAFR<\/a>\u00a0\u00a0\u00a0\u00a0\u00a0 <a href=\"\/wp-content\/uploads\/2017\/08\/miami-20beach-20redevelopment-20agency-20-202007.pdf\">Empfohlene Tagesdosis<\/a>\n<strong>Umfassender Jahresfinanzbericht (CAFR) 2008<br \/>\n<\/strong><a href=\"\/wp-content\/uploads\/2017\/08\/cafr_2008.pdf\">CAFR<\/a><strong>\u00a0\u00a0\u00a0\u00a0\u00a0\u00a0<\/strong> <a href=\"\/wp-content\/uploads\/2017\/08\/City-of-Miami-Beach_Audit-Report_FY-2008-for-web.pdf\">Pr\u00fcfbericht<\/a>\u00a0\u00a0\u00a0\u00a0\u00a0\u00a0\u00a0 <a href=\"\/wp-content\/uploads\/2017\/08\/Miami-Beach-Redevelopment-Agency-2008.pdf\">Empfohlene Tagesdosis<\/a>\n<strong>Umfassender Jahresfinanzbericht (CAFR) 2009<\/strong><br \/>\n<a href=\"\/wp-content\/uploads\/2017\/08\/City-of-Miami-Beach-_-Comprehensive-Annual-Financial-Report-2009.pdf\">CAFR<\/a><strong>\u00a0\u00a0\u00a0\u00a0\u00a0 <\/strong><a href=\"\/wp-content\/uploads\/2017\/08\/City-of-Miami-Beach-_-Audit-Report-9-30-2009.pdf\">Pr\u00fcfbericht<\/a><strong>\u00a0\u00a0\u00a0\u00a0\u00a0\u00a0 <\/strong><a href=\"\/wp-content\/uploads\/2017\/08\/Miami-Beach-Redevelopment-Agency-2009.pdf\">Empfohlene Tagesdosis<\/a>\n<strong>Umfassender Jahresfinanzbericht (CAFR) 2010<\/strong><br \/>\n<a href=\"\/wp-content\/uploads\/2017\/08\/cafr-2010.pdf\">CAFR<\/a><strong>\u00a0\u00a0\u00a0\u00a0\u00a0\u00a0\u00a0<\/strong><a href=\"\/wp-content\/uploads\/2017\/08\/2010-City-of-Miami-Beach-Audit-Report.pdf\"> Pr\u00fcfbericht<\/a><strong>\u00a0\u00a0\u00a0\u00a0\u00a0 <\/strong><a href=\"\/wp-content\/uploads\/2017\/08\/Miami-Beach-Redevelopment-Agency-2010.pdf\">Empfohlene Tagesdosis<\/a><strong><br \/>\n<\/strong>\n<strong>Umfassender Jahresfinanzbericht (CAFR) 2011<br \/>\n<\/strong><a href=\"\/wp-content\/uploads\/2017\/08\/Comprehensive-Annual-Financial-Report-for-Fiscal-Year-Ended-September-30-2011-CAFR.pdf\">CAFR<\/a><strong>\u00a0\u00a0\u00a0\u00a0 <\/strong><a href=\"\/wp-content\/uploads\/2017\/08\/2011-Audit-Report.pdf\">Pr\u00fcfbericht<\/a><strong>\u00a0\u00a0\u00a0\u00a0\u00a0 <\/strong><a href=\"\/wp-content\/uploads\/2017\/08\/Miami-Beach-Redevelopment-Agency-2011.pdf\">Empfohlene Tagesdosis<\/a>\n<strong>Umfassender Jahresfinanzbericht (CAFR) 2012<\/strong><br \/>\n<a href=\"\/wp-content\/uploads\/2017\/08\/2012-CAFR.pdf\">CAFR<\/a><strong>\u00a0\u00a0\u00a0\u00a0 <\/strong><a href=\"\/wp-content\/uploads\/2017\/08\/2012-miami-beach.pdf\">Pr\u00fcfbericht<\/a><strong>\u00a0\u00a0\u00a0\u00a0\u00a0 <\/strong><a href=\"\/wp-content\/uploads\/2017\/08\/Miami-Beach-Redevelopment-Agency-2012.pdf\">Empfohlene Tagesdosis<\/a>\n\t\tNavigieren Sie zu\u2026\t\t\t\n\t\t\t\t\t<ul id=\"menu-finance-reports\"><li id=\"menu-item-364745\"><a href=\"\/de\/city-hall\/finance\/financial-documents\/comprehensive-annual-reports\/\">Jahresberichte<\/a><\/li>\n<li id=\"menu-item-364746\"><a href=\"\/de\/city-hall\/finance\/financial-documents\/archive-financial-documents\/\">Finanzdokumente archivieren<\/a><\/li>\n<li id=\"menu-item-364747\"><a href=\"\/de\/city-hall\/finance\/financial-documents\/miami-beach-redevelopment-agency\/\">Miami Beach Sanierungsagentur<\/a><\/li>\n<li id=\"menu-item-364748\"><a href=\"\/de\/city-hall\/finance\/financial-documents\/management\/\">B\u00fcro f\u00fcr Management und Budget<\/a><\/li>\n<li id=\"menu-item-364749\"><a href=\"\/de\/city-hall\/finance\/financial-documents\/single-audit-report\/\">Einzelner Pr\u00fcfbericht<\/a><\/li>\n<\/ul>\t\n\t<div class=\"page-navigation\"><a class=\"prev-page\" href=\"https:\/\/www.miamibeachfl.gov\/de\/city-hall\/finance\/financial-documents\/management\/\">\u2190 B\u00fcro f\u00fcr Verwaltung und Haushalt<\/a> <a class=\"next-page\" href=\"https:\/\/www.miamibeachfl.gov\/de\/city-hall\/finance\/financial-documents\/2022-financial-reports\/\">Finanzberichte f\u00fcr das am 30. September 2022 endende Gesch\u00e4ftsjahr \u2192<\/a><\/div>","protected":false},"excerpt":{"rendered":"<p>Archive Financial Documents Home &gt; City Hall &gt; Finance &gt; Financial Reports &gt; Archive Financial Documents Comprehensive Annual Financial Report [&hellip;]<\/p>\n","protected":false},"author":222,"featured_media":0,"parent":385210,"menu_order":5,"comment_status":"closed","ping_status":"closed","template":"","meta":{"_searchwp_excluded":"","site-sidebar-layout":"default","site-content-layout":"","ast-site-content-layout":"default","site-content-style":"default","site-sidebar-style":"default","ast-global-header-display":"","ast-banner-title-visibility":"","ast-main-header-display":"","ast-hfb-above-header-display":"","ast-hfb-below-header-display":"","ast-hfb-mobile-header-display":"","site-post-title":"","ast-breadcrumbs-content":"","ast-featured-img":"","footer-sml-layout":"","theme-transparent-header-meta":"","adv-header-id-meta":"","stick-header-meta":"","header-above-stick-meta":"","header-main-stick-meta":"","header-below-stick-meta":"","astra-migrate-meta-layouts":"default","ast-page-background-enabled":"default","ast-page-background-meta":{"desktop":{"background-color":"var(--ast-global-color-5)","background-image":"","background-repeat":"repeat","background-position":"center center","background-size":"auto","background-attachment":"scroll","background-type":"","background-media":"","overlay-type":"","overlay-color":"","overlay-opacity":"","overlay-gradient":""},"tablet":{"background-color":"","background-image":"","background-repeat":"repeat","background-position":"center center","background-size":"auto","background-attachment":"scroll","background-type":"","background-media":"","overlay-type":"","overlay-color":"","overlay-opacity":"","overlay-gradient":""},"mobile":{"background-color":"","background-image":"","background-repeat":"repeat","background-position":"center center","background-size":"auto","background-attachment":"scroll","background-type":"","background-media":"","overlay-type":"","overlay-color":"","overlay-opacity":"","overlay-gradient":""}},"ast-content-background-meta":{"desktop":{"background-color":"var(--ast-global-color-4)","background-image":"","background-repeat":"repeat","background-position":"center center","background-size":"auto","background-attachment":"scroll","background-type":"","background-media":"","overlay-type":"","overlay-color":"","overlay-opacity":"","overlay-gradient":""},"tablet":{"background-color":"var(--ast-global-color-4)","background-image":"","background-repeat":"repeat","background-position":"center center","background-size":"auto","background-attachment":"scroll","background-type":"","background-media":"","overlay-type":"","overlay-color":"","overlay-opacity":"","overlay-gradient":""},"mobile":{"background-color":"var(--ast-global-color-4)","background-image":"","background-repeat":"repeat","background-position":"center center","background-size":"auto","background-attachment":"scroll","background-type":"","background-media":"","overlay-type":"","overlay-color":"","overlay-opacity":"","overlay-gradient":""}},"footnotes":""},"categories":[],"tags":[],"class_list":["post-63169","page","type-page","status-publish","hentry"],"yoast_head":"<!-- This site is optimized with the Yoast SEO Premium plugin v27.4 (Yoast SEO v27.4) - https:\/\/yoast.com\/product\/yoast-seo-premium-wordpress\/ -->\n<title>Archive Financial Documents - City of Miami Beach<\/title>\n<meta name=\"description\" content=\"%\" \/>\n<meta name=\"robots\" content=\"index, follow, max-snippet:-1, max-image-preview:large, max-video-preview:-1\" \/>\n<link rel=\"canonical\" href=\"https:\/\/www.miamibeachfl.gov\/de\/city-hall\/finance\/financial-documents\/archive-financial-documents\/\" \/>\n<meta property=\"og:locale\" content=\"de_DE\" \/>\n<meta property=\"og:type\" content=\"article\" \/>\n<meta property=\"og:title\" content=\"Archive Financial Documents\" \/>\n<meta property=\"og:description\" content=\"%\" \/>\n<meta property=\"og:url\" content=\"https:\/\/www.miamibeachfl.gov\/de\/city-hall\/finance\/financial-documents\/archive-financial-documents\/\" \/>\n<meta property=\"og:site_name\" content=\"City of Miami Beach\" \/>\n<meta property=\"article:publisher\" content=\"https:\/\/www.facebook.com\/cityofmiamibeach\" \/>\n<meta property=\"article:modified_time\" content=\"2025-06-26T13:38:52+00:00\" \/>\n<meta property=\"og:image\" content=\"https:\/\/www.miamibeachfl.gov\/wp-content\/uploads\/2022\/07\/hero-small.jpg\" \/>\n<meta name=\"twitter:card\" content=\"summary_large_image\" \/>\n<meta name=\"twitter:site\" content=\"@Miamibeachnews\" \/>\n<script type=\"application\/ld+json\" class=\"yoast-schema-graph\">{\"@context\":\"https:\\\/\\\/schema.org\",\"@graph\":[{\"@type\":\"WebPage\",\"@id\":\"https:\\\/\\\/www.miamibeachfl.gov\\\/city-hall\\\/finance\\\/financial-documents\\\/archive-financial-documents\\\/\",\"url\":\"https:\\\/\\\/www.miamibeachfl.gov\\\/city-hall\\\/finance\\\/financial-documents\\\/archive-financial-documents\\\/\",\"name\":\"Archive Financial Documents - City of Miami Beach\",\"isPartOf\":{\"@id\":\"https:\\\/\\\/www.miamibeachfl.gov\\\/#website\"},\"primaryImageOfPage\":{\"@id\":\"https:\\\/\\\/www.miamibeachfl.gov\\\/city-hall\\\/finance\\\/financial-documents\\\/archive-financial-documents\\\/#primaryimage\"},\"image\":{\"@id\":\"https:\\\/\\\/www.miamibeachfl.gov\\\/city-hall\\\/finance\\\/financial-documents\\\/archive-financial-documents\\\/#primaryimage\"},\"thumbnailUrl\":\"https:\\\/\\\/www.miamibeachfl.gov\\\/wp-content\\\/uploads\\\/2022\\\/07\\\/hero-small.jpg\",\"datePublished\":\"2018-04-03T13:44:21+00:00\",\"dateModified\":\"2025-06-26T13:38:52+00:00\",\"description\":\"%\",\"breadcrumb\":{\"@id\":\"https:\\\/\\\/www.miamibeachfl.gov\\\/city-hall\\\/finance\\\/financial-documents\\\/archive-financial-documents\\\/#breadcrumb\"},\"inLanguage\":\"de\",\"potentialAction\":[{\"@type\":\"ReadAction\",\"target\":[\"https:\\\/\\\/www.miamibeachfl.gov\\\/city-hall\\\/finance\\\/financial-documents\\\/archive-financial-documents\\\/\"]}]},{\"@type\":\"ImageObject\",\"inLanguage\":\"de\",\"@id\":\"https:\\\/\\\/www.miamibeachfl.gov\\\/city-hall\\\/finance\\\/financial-documents\\\/archive-financial-documents\\\/#primaryimage\",\"url\":\"https:\\\/\\\/www.miamibeachfl.gov\\\/wp-content\\\/uploads\\\/2022\\\/07\\\/hero-small.jpg\",\"contentUrl\":\"https:\\\/\\\/www.miamibeachfl.gov\\\/wp-content\\\/uploads\\\/2022\\\/07\\\/hero-small.jpg\"},{\"@type\":\"BreadcrumbList\",\"@id\":\"https:\\\/\\\/www.miamibeachfl.gov\\\/city-hall\\\/finance\\\/financial-documents\\\/archive-financial-documents\\\/#breadcrumb\",\"itemListElement\":[{\"@type\":\"ListItem\",\"position\":1,\"name\":\"Home\",\"item\":\"https:\\\/\\\/www.miamibeachfl.gov\\\/\"},{\"@type\":\"ListItem\",\"position\":2,\"name\":\"City Hall\",\"item\":\"https:\\\/\\\/www.miamibeachfl.gov\\\/city-hall\\\/\"},{\"@type\":\"ListItem\",\"position\":3,\"name\":\"Finance\",\"item\":\"https:\\\/\\\/www.miamibeachfl.gov\\\/city-hall\\\/finance\\\/\"},{\"@type\":\"ListItem\",\"position\":4,\"name\":\"Financial Reports\",\"item\":\"https:\\\/\\\/www.miamibeachfl.gov\\\/city-hall\\\/finance\\\/financial-documents\\\/\"},{\"@type\":\"ListItem\",\"position\":5,\"name\":\"Archive Financial Documents\"}]},{\"@type\":\"WebSite\",\"@id\":\"https:\\\/\\\/www.miamibeachfl.gov\\\/#website\",\"url\":\"https:\\\/\\\/www.miamibeachfl.gov\\\/\",\"name\":\"City of Miami Beach\",\"description\":\"The official website of the City of Miami Beach. Stay informed, find important information on city services, news, alerts, events, trolley routes, government employment and more.\",\"publisher\":{\"@id\":\"https:\\\/\\\/www.miamibeachfl.gov\\\/#organization\"},\"potentialAction\":[{\"@type\":\"SearchAction\",\"target\":{\"@type\":\"EntryPoint\",\"urlTemplate\":\"https:\\\/\\\/www.miamibeachfl.gov\\\/?s={search_term_string}\"},\"query-input\":{\"@type\":\"PropertyValueSpecification\",\"valueRequired\":true,\"valueName\":\"search_term_string\"}}],\"inLanguage\":\"de\"},{\"@type\":\"Organization\",\"@id\":\"https:\\\/\\\/www.miamibeachfl.gov\\\/#organization\",\"name\":\"City of Miami Beach\",\"url\":\"https:\\\/\\\/www.miamibeachfl.gov\\\/\",\"logo\":{\"@type\":\"ImageObject\",\"inLanguage\":\"de\",\"@id\":\"https:\\\/\\\/www.miamibeachfl.gov\\\/#\\\/schema\\\/logo\\\/image\\\/\",\"url\":\"https:\\\/\\\/www.miamibeachfl.gov\\\/wp-content\\\/uploads\\\/2022\\\/06\\\/miamibeach-logoblue.png\",\"contentUrl\":\"https:\\\/\\\/www.miamibeachfl.gov\\\/wp-content\\\/uploads\\\/2022\\\/06\\\/miamibeach-logoblue.png\",\"width\":1962,\"height\":381,\"caption\":\"City of Miami Beach\"},\"image\":{\"@id\":\"https:\\\/\\\/www.miamibeachfl.gov\\\/#\\\/schema\\\/logo\\\/image\\\/\"},\"sameAs\":[\"https:\\\/\\\/www.facebook.com\\\/cityofmiamibeach\",\"https:\\\/\\\/x.com\\\/Miamibeachnews\",\"https:\\\/\\\/www.instagram.com\\\/miamibeachnews\\\/\"],\"description\":\"The official website of the City of Miami Beach. Stay informed, find important information on city services, news, alerts, events, trolley routes, government employment and more.\",\"telephone\":\"305.604.CITY(2489)\",\"legalName\":\"City of Miami Beach\"}]}<\/script>\n<!-- \/ Yoast SEO Premium plugin. -->","yoast_head_json":{"title":"Archiv Finanzdokumente - Stadt Miami Beach","description":"%","robots":{"index":"index","follow":"follow","max-snippet":"max-snippet:-1","max-image-preview":"max-image-preview:large","max-video-preview":"max-video-preview:-1"},"canonical":"https:\/\/www.miamibeachfl.gov\/de\/city-hall\/finance\/financial-documents\/archive-financial-documents\/","og_locale":"de_DE","og_type":"article","og_title":"Archive Financial Documents","og_description":"%","og_url":"https:\/\/www.miamibeachfl.gov\/de\/city-hall\/finance\/financial-documents\/archive-financial-documents\/","og_site_name":"City of Miami Beach","article_publisher":"https:\/\/www.facebook.com\/cityofmiamibeach","article_modified_time":"2025-06-26T13:38:52+00:00","og_image":[{"url":"https:\/\/www.miamibeachfl.gov\/wp-content\/uploads\/2022\/07\/hero-small.jpg","type":"","width":"","height":""}],"twitter_card":"summary_large_image","twitter_site":"@Miamibeachnews","schema":{"@context":"https:\/\/schema.org","@graph":[{"@type":"WebPage","@id":"https:\/\/www.miamibeachfl.gov\/city-hall\/finance\/financial-documents\/archive-financial-documents\/","url":"https:\/\/www.miamibeachfl.gov\/city-hall\/finance\/financial-documents\/archive-financial-documents\/","name":"Archiv Finanzdokumente - Stadt Miami Beach","isPartOf":{"@id":"https:\/\/www.miamibeachfl.gov\/#website"},"primaryImageOfPage":{"@id":"https:\/\/www.miamibeachfl.gov\/city-hall\/finance\/financial-documents\/archive-financial-documents\/#primaryimage"},"image":{"@id":"https:\/\/www.miamibeachfl.gov\/city-hall\/finance\/financial-documents\/archive-financial-documents\/#primaryimage"},"thumbnailUrl":"https:\/\/www.miamibeachfl.gov\/wp-content\/uploads\/2022\/07\/hero-small.jpg","datePublished":"2018-04-03T13:44:21+00:00","dateModified":"2025-06-26T13:38:52+00:00","description":"%","breadcrumb":{"@id":"https:\/\/www.miamibeachfl.gov\/city-hall\/finance\/financial-documents\/archive-financial-documents\/#breadcrumb"},"inLanguage":"de","potentialAction":[{"@type":"ReadAction","target":["https:\/\/www.miamibeachfl.gov\/city-hall\/finance\/financial-documents\/archive-financial-documents\/"]}]},{"@type":"ImageObject","inLanguage":"de","@id":"https:\/\/www.miamibeachfl.gov\/city-hall\/finance\/financial-documents\/archive-financial-documents\/#primaryimage","url":"https:\/\/www.miamibeachfl.gov\/wp-content\/uploads\/2022\/07\/hero-small.jpg","contentUrl":"https:\/\/www.miamibeachfl.gov\/wp-content\/uploads\/2022\/07\/hero-small.jpg"},{"@type":"BreadcrumbList","@id":"https:\/\/www.miamibeachfl.gov\/city-hall\/finance\/financial-documents\/archive-financial-documents\/#breadcrumb","itemListElement":[{"@type":"ListItem","position":1,"name":"Home","item":"https:\/\/www.miamibeachfl.gov\/"},{"@type":"ListItem","position":2,"name":"City Hall","item":"https:\/\/www.miamibeachfl.gov\/city-hall\/"},{"@type":"ListItem","position":3,"name":"Finance","item":"https:\/\/www.miamibeachfl.gov\/city-hall\/finance\/"},{"@type":"ListItem","position":4,"name":"Financial Reports","item":"https:\/\/www.miamibeachfl.gov\/city-hall\/finance\/financial-documents\/"},{"@type":"ListItem","position":5,"name":"Archive Financial Documents"}]},{"@type":"WebSite","@id":"https:\/\/www.miamibeachfl.gov\/#website","url":"https:\/\/www.miamibeachfl.gov\/","name":"Stadt Miami Beach","description":"Die offizielle Website der Stadt Miami Beach. Bleiben Sie informiert und finden Sie wichtige Informationen zu st\u00e4dtischen Dienstleistungen, Neuigkeiten, Warnungen, Veranstaltungen, Stra\u00dfenbahnlinien, Stellenangeboten im \u00f6ffentlichen Dienst und mehr.","publisher":{"@id":"https:\/\/www.miamibeachfl.gov\/#organization"},"potentialAction":[{"@type":"SearchAction","target":{"@type":"EntryPoint","urlTemplate":"https:\/\/www.miamibeachfl.gov\/?s={search_term_string}"},"query-input":{"@type":"PropertyValueSpecification","valueRequired":true,"valueName":"search_term_string"}}],"inLanguage":"de"},{"@type":"Organization","@id":"https:\/\/www.miamibeachfl.gov\/#organization","name":"Stadt Miami Beach","url":"https:\/\/www.miamibeachfl.gov\/","logo":{"@type":"ImageObject","inLanguage":"de","@id":"https:\/\/www.miamibeachfl.gov\/#\/schema\/logo\/image\/","url":"https:\/\/www.miamibeachfl.gov\/wp-content\/uploads\/2022\/06\/miamibeach-logoblue.png","contentUrl":"https:\/\/www.miamibeachfl.gov\/wp-content\/uploads\/2022\/06\/miamibeach-logoblue.png","width":1962,"height":381,"caption":"City of Miami Beach"},"image":{"@id":"https:\/\/www.miamibeachfl.gov\/#\/schema\/logo\/image\/"},"sameAs":["https:\/\/www.facebook.com\/cityofmiamibeach","https:\/\/x.com\/Miamibeachnews","https:\/\/www.instagram.com\/miamibeachnews\/"],"description":"Die offizielle Website der Stadt Miami Beach. Bleiben Sie informiert und finden Sie wichtige Informationen zu st\u00e4dtischen Dienstleistungen, Neuigkeiten, Warnungen, Veranstaltungen, Stra\u00dfenbahnlinien, Stellenangeboten im \u00f6ffentlichen Dienst und mehr.","telephone":"305.604.CITY(2489)","legalName":"City of Miami Beach"}]}},"_links":{"self":[{"href":"https:\/\/www.miamibeachfl.gov\/de\/wp-json\/wp\/v2\/pages\/63169","targetHints":{"allow":["GET"]}}],"collection":[{"href":"https:\/\/www.miamibeachfl.gov\/de\/wp-json\/wp\/v2\/pages"}],"about":[{"href":"https:\/\/www.miamibeachfl.gov\/de\/wp-json\/wp\/v2\/types\/page"}],"author":[{"embeddable":true,"href":"https:\/\/www.miamibeachfl.gov\/de\/wp-json\/wp\/v2\/users\/222"}],"replies":[{"embeddable":true,"href":"https:\/\/www.miamibeachfl.gov\/de\/wp-json\/wp\/v2\/comments?post=63169"}],"version-history":[{"count":1,"href":"https:\/\/www.miamibeachfl.gov\/de\/wp-json\/wp\/v2\/pages\/63169\/revisions"}],"predecessor-version":[{"id":385301,"href":"https:\/\/www.miamibeachfl.gov\/de\/wp-json\/wp\/v2\/pages\/63169\/revisions\/385301"}],"up":[{"embeddable":true,"href":"https:\/\/www.miamibeachfl.gov\/de\/wp-json\/wp\/v2\/pages\/385210"}],"wp:attachment":[{"href":"https:\/\/www.miamibeachfl.gov\/de\/wp-json\/wp\/v2\/media?parent=63169"}],"wp:term":[{"taxonomy":"category","embeddable":true,"href":"https:\/\/www.miamibeachfl.gov\/de\/wp-json\/wp\/v2\/categories?post=63169"},{"taxonomy":"post_tag","embeddable":true,"href":"https:\/\/www.miamibeachfl.gov\/de\/wp-json\/wp\/v2\/tags?post=63169"}],"curies":[{"name":"wp","href":"https:\/\/api.w.org\/{rel}","templated":true}]}}