{"id":77010,"date":"2018-08-14T12:22:02","date_gmt":"2018-08-14T16:22:02","guid":{"rendered":"http:\/\/www.miamibeachfl.gov\/city-hall\/city-clerk\/election-information\/november-6-2018-special-election\/related-resolutions\/"},"modified":"2025-02-23T14:51:01","modified_gmt":"2025-02-23T19:51:01","slug":"related-resolutions","status":"publish","type":"page","link":"https:\/\/www.miamibeachfl.gov\/de\/city-hall\/city-clerk\/election-information\/november-6-2018-special-election\/related-resolutions\/","title":{"rendered":"Zugeh\u00f6rige Aufl\u00f6sungen"},"content":{"rendered":"<img loading=\"lazy\" decoding=\"async\" src=\"https:\/\/www.miamibeachfl.gov\/wp-content\/uploads\/2022\/07\/hero-small.jpg\" alt=\"ocean drive art deco buildings\" itemprop=\"image\" height=\"211\" width=\"2395\" title=\"Held-klein\" onerror=\"this.style.display='none'\"  \/>\n<h1>\n\t\tZugeh\u00f6rige Aufl\u00f6sungen\n\t<\/h1>\n\t<nav id=\"breadcrumbs\" aria-label=\"Paniermehl\"><a href=\"https:\/\/www.miamibeachfl.gov\/de\/\">Heim<\/a> &gt; <a href=\"https:\/\/www.miamibeachfl.gov\/de\/city-hall\/\">Rathaus<\/a> &gt; <a href=\"https:\/\/www.miamibeachfl.gov\/de\/city-hall\/city-clerk\/\">Stadtschreiber<\/a> &gt; <a href=\"https:\/\/www.miamibeachfl.gov\/de\/city-hall\/city-clerk\/election-information\/\">Wahlinformationen<\/a> &gt; <a href=\"https:\/\/www.miamibeachfl.gov\/de\/city-hall\/city-clerk\/election-information\/november-6-2018-special-election\/\">6. November 2018 \u2013 Sonderwahl<\/a> &gt; <strong>Zugeh\u00f6rige Aufl\u00f6sungen<\/strong><\/nav>\n\t<ul>\n<li><a href=\"http:\/\/www.miamibeachfl.gov\/wp-content\/uploads\/2021\/05\/2018-30619-Resolution-1.pdf\">Beschluss Nr. 2018-30619<\/a><br \/>\nEINE ENTSCHLIESSUNG DES B\u00dcRGERMEISTERS UND DER STADTKOMMISSION DER STADT MIAMI BEACH, FLORIDA, ZUR ANNAHME DER ZERTIFIZIERUNG DES WAHLAUSSCHUSSES DES MIAMI-DADE COUNTY F\u00dcR DIE SONDERWAHL F\u00dcR DIE STADT MIAMI BEACH AM 6. NOVEMBER 2018 UND ZUR BEKANNTGABE DER ERGEBNISSE.<\/li>\n<li><a href=\"http:\/\/www.miamibeachfl.gov\/wp-content\/uploads\/2018\/10\/Resolution-2018-30454.pdf\">Beschluss Nr. 2018-30454<\/a><br \/>\nEIN BESCHLUSS DES B\u00dcRGERMEISTERS UND DER STADTKOMMISSION DER STADT MIAMI BEACH, FLORIDA, DER DEN \u00d6FFENTLICHEN ZWECK BEST\u00c4TIGT, DIE W\u00c4HLER DER STADT \u00dcBER DIE SECHS (6) FRAGEN ZUR SONDERWAHL DER STADT ZU INFORMIEREN UND AUFZUKL\u00c4REN, DIE AUF DEM STIMMZETTEL F\u00dcR DIE SONDERWAHL VOM 6. NOVEMBER 2018 ERSCHEINEN WERDEN, UND zwar MITTELS VERSCHIEDENER METHODEN, EINSCHLIESSLICH EINES GEDRUCKTEN W\u00c4HLERLEITFADENS UND EINES W\u00c4HLERAUFKL\u00c4RUNGSVIDEOS; UND DER DIE AUSGABE VON ZUS\u00c4TZLICHEN $15.400 HAUSHALTSMITTELN GENEHMIGT, UM DER OKTOBERAUSGABE 2018 DES MB MAGAZINE BIS ZU ZWANZIG (20) ZUS\u00c4TZLICHE SEITEN HINZUZUF\u00dcGEN, UM DEN W\u00c4HLERLEITFADEN IN DIE GENANNTE VER\u00d6FFENTLICHUNG AUFZUNEHMEN.<\/li>\n<li><a href=\"http:\/\/www.miamibeachfl.gov\/wp-content\/uploads\/2018\/10\/Resolution-2018-30453.pdf\">Beschluss Nr. 2018-30453<\/a><br \/>\nEin Beschluss des B\u00fcrgermeisters und der Stadtkommission der Stadt Miami Beach, Florida, der den Wahlausschuss des Miami-Dade County f\u00fcr die allgemeinen Wahlen vom 6. November 2018 erm\u00e4chtigt, als Wahlausschuss f\u00fcr die Sonderwahlen der Stadt Miami Beach zu fungieren, die am 6. November 2018 stattfinden.<\/li>\n<li><a href=\"http:\/\/www.miamibeachfl.gov\/wp-content\/uploads\/2018\/10\/Resolution-2018-30452.pdf\">Beschluss Nr. 2018-30452<\/a><br \/>\nEINE ENTSCHLIESSUNG DES B\u00dcRGERMEISTERS UND DER STADTKOMMISSION DER STADT MIAMI BEACH, FLORIDA, DIE DIE VORZEITIGE WAHL F\u00dcR DIE SONDERWAHL DER STADT MIAMI BEACH AM 6. NOVEMBER 2018 ANERKENNT UND GENEHMIGT.<\/li>\n<li><a href=\"http:\/\/docmgmt.miamibeachfl.gov\/weblink\/0\/doc\/239424\/Page1.aspx\">Resolution 2018-30425<\/a><br \/>\nEine Resolution des B\u00fcrgermeisters und der Stadtkommission der Stadt Miami Beach, Florida, die eine Sonderwahl am 6. November 2018 fordert, um den W\u00e4hlern der Stadt Miami Beach, Florida, eine Abstimmungsfrage vorzulegen, ob die Stadt ein 2,6 Acre gro\u00dfes Grundst\u00fcck an der nord\u00f6stlichen Ecke der 17th Street und des Convention Center Drive f\u00fcr 99 Jahre an MB MIXED USE INVESTMENT, LLC verpachten soll, wobei gem\u00e4\u00df Resolution 2018-30425 der Bau\/Betrieb eines 800-Zimmer-Hotels (maximale H\u00f6he 185 Fu\u00df), verbunden mit dem Convention Center, vorgeschrieben wird; keine st\u00e4dtische Finanzierung; kein Gl\u00fccksspiel; UND MIETE AN DIE STADT NACH DER ER\u00d6FFNUNG DES HOTELS, EINSCHLIESSLICH DES H\u00d6HEREN DER FOLGENDEN: GARANTIERTE MIETE ($16.616.242 \u00dcBER DIE ERSTEN ZEHN JAHRE, DANACH ANGEPASST) ODER PROZENTSATZ DER J\u00c4HRLICHEN EINNAHMEN DES HOTELS.<\/li>\n<li><strong>Referendum 1 in Miami Beach:<\/strong> <a href=\"http:\/\/docmgmt.miamibeachfl.gov\/weblink\/0\/doc\/238267\/Page1.aspx\">Resolution 2018-30437<\/a><br \/>\nEine Resolution des B\u00fcrgermeisters und der Stadtkommission der Stadt Miami Beach, Florida, die eine Sonderwahl am 6. November 2018 fordert, um den W\u00e4hlern der Stadt Miami Beach, Florida, eine Abstimmungsfrage vorzulegen, ob die Stadtverfassung ge\u00e4ndert werden soll, um das Amt des Generalinspektors zu schaffen und die Befugnisse dieses Amtes festzulegen (einschlie\u00dflich der Befugnis, Zeugen vorzuladen, Eide abzunehmen und die Vorlage von Aufzeichnungen zu verlangen), vorausgesetzt, dass Ernennung, Amtszeit, Funktionen und Befugnisse dieses Amtes durch Verordnung weiter festgelegt werden.<\/li>\n<li><strong>Referendum 2 in Miami Beach:<\/strong>\u00a0<a href=\"http:\/\/docmgmt.miamibeachfl.gov\/weblink\/0\/doc\/238268\/Page1.aspx\">Resolution 2018-30439<\/a><br \/>\nEine Resolution des B\u00fcrgermeisters und der Stadtkommission der Stadt Miami Beach, Florida, die eine Sonderwahl am 6. November 2018 fordert, um den W\u00e4hlern der Stadt Miami Beach, Florida, eine Abstimmungsfrage vorzulegen, ob, falls die W\u00e4hler dem Mietvertrag der Stadt f\u00fcr ein Kongresshotel mit MB Mixed Use Investment, LLC zustimmen, die Stadt eine Verordnung erlassen soll, die alle von der Stadt erhaltenen Hotelmietzahlungen zur Verbesserung der Finanzierung (nicht als Ersatz oder Ersatz f\u00fcr die aktuelle Stadtfinanzierung) in gleichen Teilen j\u00e4hrlich f\u00fcr folgende Bereiche verwendet: Vorschulerziehung bis 12. Klasse, Ma\u00dfnahmen zur Verkehrsreduzierung und Regenwasserprojekte (anstelle von Steuersatzerh\u00f6hungen), wobei jede \u00c4nderung einer solchen Verordnung der Zustimmung durch ein Referendum bedarf.<\/li>\n<li><strong>Referendum 3 in Miami Beach:<\/strong> <a href=\"http:\/\/docmgmt.miamibeachfl.gov\/weblink\/0\/doc\/238269\/Page1.aspx\">Resolution 2018-30438<\/a><br \/>\nEine Resolution des B\u00fcrgermeisters und der Stadtkommission der Stadt Miami Beach, Florida, die eine Sonderwahl am 6. November 2018 fordert, um den W\u00e4hlern der Stadt Miami Beach, Florida, eine Abstimmungsfrage vorzulegen, ob die Stadt ein 2,6 Acre gro\u00dfes Grundst\u00fcck an der nord\u00f6stlichen Ecke der 17th Street und des Convention Center Drive f\u00fcr 99 Jahre an MB MIXED USE INVESTMENT, LLC verpachten soll, wobei gem\u00e4\u00df Resolution 2018-30427 der Bau\/Betrieb eines 800-Zimmer-Hotels mit einer maximalen H\u00f6he von 185 Fu\u00df, verbunden mit dem Convention Center, verlangt wird; keine st\u00e4dtische Finanzierung; kein Gl\u00fccksspiel; UND MIETE AN DIE STADT NACH DER ER\u00d6FFNUNG DES HOTELS, EINSCHLIESSLICH DES H\u00d6HEREN DER FOLGENDEN SUMMEN: GARANTIERTE MIETE ($16.616.242 \u00dcBER DIE ERSTEN ZEHN JAHRE, DANACH ANGEPASST) ODER PROZENTSATZ DER J\u00c4HRLICHEN HOTELEINNAHMEN.<\/li>\n<li><strong>Referendum 4 in Miami Beach:<\/strong> <a href=\"http:\/\/docmgmt.miamibeachfl.gov\/weblink\/0\/doc\/238270\/Page1.aspx\">Resolution 2018-30442<\/a><br \/>\nEine Resolution des B\u00fcrgermeisters und der Stadtkommission der Stadt Miami Beach, Florida, die eine Sonderwahl am 6. November 2018 fordert, um den W\u00e4hlern der Stadt Miami Beach, Florida, eine Abstimmungsfrage vorzulegen, ob die Stadt autorisiert sein soll, von Zeit zu Zeit allgemeine Schuldverschreibungen auszugeben, deren Gesamtkapitalbetrag $169.000.000 nicht \u00fcbersteigt, zahlbar aus unbegrenzten Wertsteuern, Zinsen tragen, die den maximalen gesetzlichen Zinssatz nicht \u00fcberschreiten, und eine Laufzeit von h\u00f6chstens 30 Jahren ab Ausgabedatum haben, um die Parks und Freizeiteinrichtungen der Stadt zu verbessern, UND KULTURELLE EINRICHTUNGEN, EINSCHLIESSLICH SPIELPL\u00c4TZE, BUCHT- UND STRANDWEGE, WASSERWEGE, LANDSCHAFTSGESTALTUNG, AUSR\u00dcSTUNG, BELEUCHTUNG, SICHERHEIT UND PARKPL\u00c4TZE IM ZUSAMMENHANG MIT DERARTIGEN EINRICHTUNGEN.<\/li>\n<li><strong>Referendum 5 in Miami Beach:<\/strong> <a href=\"http:\/\/docmgmt.miamibeachfl.gov\/weblink\/0\/doc\/238271\/Page1.aspx\">Resolution 2018-30441<\/a><br \/>\nEine Resolution des B\u00fcrgermeisters und der Stadtkommission der Stadt Miami Beach, Florida, die eine Sonderwahl am 6. November 2018 fordert, um den W\u00e4hlern der Stadt Miami Beach, Florida, eine Abstimmungsfrage vorzulegen, ob die Stadt autorisiert sein soll, von Zeit zu Zeit allgemeine Schuldverschreibungen auszugeben, deren Gesamtkapitalbetrag $198.000.000 nicht \u00fcbersteigt, zahlbar aus unbegrenzten Wertsteuern, Zinsen, die den maximalen gesetzlichen Zinssatz nicht \u00fcberschreiten, und eine Laufzeit von h\u00f6chstens 30 Jahren ab Ausgabedatum haben, um die Stadtviertel zu verbessern und INFRASTRUKTUR, EINSCHLIESSLICH PROJEKTE ZUM MINDERUNGSSCHUTZ VOR REGENWASSER UND \u00dcBERSCHWEMMUNGEN, SANIERUNG UND REPARATUR VON GEHWEG- UND STRASSENWEGEN, GESCH\u00dcTZTE FAHRRADWEGE, FUSSG\u00c4NGERWEGE, LANDSCHAFTSGESTALTUNG UND BELEUCHTUNG.<\/li>\n<li><strong>Referendum 6 in Miami Beach:<\/strong>\u00a0<a href=\"http:\/\/docmgmt.miamibeachfl.gov\/weblink\/0\/doc\/238272\/Page1.aspx\">Resolution 2018-30440<\/a><br \/>\nEine Resolution des B\u00fcrgermeisters und der Stadtkommission der Stadt Miami Beach, Florida, die eine Sonderwahl am 6. November 2018 fordert, um den W\u00e4hlern der Stadt Miami Beach, Florida, eine Abstimmungsfrage vorzulegen, ob die Stadt autorisiert sein soll, von Zeit zu Zeit allgemeine Schuldverschreibungen auszugeben, deren Gesamtkapitalbetrag $72.000.000 nicht \u00fcbersteigt, zahlbar aus unbegrenzten Wertsteuern, Zinsen, die den maximalen gesetzlichen Zinssatz nicht \u00fcberschreiten, und eine Laufzeit von h\u00f6chstens 30 Jahren ab Ausgabedatum haben, um die Polizei, die Feuerwehr und die \u00f6ffentliche SICHERHEITSEINRICHTUNGEN, -AUSR\u00dcSTUNG UND -TECHNOLOGIE SOWIE VERBESSERUNG DER BELEUCHTUNG UND SICHERHEIT IN DER GANZEN STADT.<\/li>\n<\/ul>\n\t\t\t<a href=\"https:\/\/www.miamibeachfl.gov\/de\/city-hall\/city-clerk\/election-information\/november-6-2018-special-election\/related-resolutions\/\" target=\"_self\" rel=\"noopener\">\n\t\t\t\t\t\t\tZugeh\u00f6rige Aufl\u00f6sungen\n\t\t\t\t\t<\/a>\n\t<div class=\"page-navigation\"><a class=\"prev-page\" href=\"https:\/\/www.miamibeachfl.gov\/de\/non-profit-lottery\/\">\u2190 Non-Profit-Lotterie<\/a> <a class=\"next-page\" href=\"https:\/\/www.miamibeachfl.gov\/de\/city-hall\/facilities-and-fleet-management\/asset-management\/\">Verm\u00f6gensverwaltung \u2192<\/a><\/div>","protected":false},"excerpt":{"rendered":"<p>Verwandte Resolutionen Home &gt; Rathaus &gt; Stadtschreiber &gt; Wahlinformationen &gt; 6. November 2018 \u2013 Sonderwahl &gt; [\u2026]<\/p>","protected":false},"author":222,"featured_media":0,"parent":76916,"menu_order":143,"comment_status":"closed","ping_status":"closed","template":"page-blank.php","meta":{"_searchwp_excluded":"","site-sidebar-layout":"default","site-content-layout":"","ast-site-content-layout":"default","site-content-style":"default","site-sidebar-style":"default","ast-global-header-display":"","ast-banner-title-visibility":"","ast-main-header-display":"","ast-hfb-above-header-display":"","ast-hfb-below-header-display":"","ast-hfb-mobile-header-display":"","site-post-title":"","ast-breadcrumbs-content":"","ast-featured-img":"","footer-sml-layout":"","theme-transparent-header-meta":"","adv-header-id-meta":"","stick-header-meta":"","header-above-stick-meta":"","header-main-stick-meta":"","header-below-stick-meta":"","astra-migrate-meta-layouts":"default","ast-page-background-enabled":"default","ast-page-background-meta":{"desktop":{"background-color":"var(--ast-global-color-5)","background-image":"","background-repeat":"repeat","background-position":"center center","background-size":"auto","background-attachment":"scroll","background-type":"","background-media":"","overlay-type":"","overlay-color":"","overlay-opacity":"","overlay-gradient":""},"tablet":{"background-color":"","background-image":"","background-repeat":"repeat","background-position":"center center","background-size":"auto","background-attachment":"scroll","background-type":"","background-media":"","overlay-type":"","overlay-color":"","overlay-opacity":"","overlay-gradient":""},"mobile":{"background-color":"","background-image":"","background-repeat":"repeat","background-position":"center center","background-size":"auto","background-attachment":"scroll","background-type":"","background-media":"","overlay-type":"","overlay-color":"","overlay-opacity":"","overlay-gradient":""}},"ast-content-background-meta":{"desktop":{"background-color":"var(--ast-global-color-4)","background-image":"","background-repeat":"repeat","background-position":"center center","background-size":"auto","background-attachment":"scroll","background-type":"","background-media":"","overlay-type":"","overlay-color":"","overlay-opacity":"","overlay-gradient":""},"tablet":{"background-color":"var(--ast-global-color-4)","background-image":"","background-repeat":"repeat","background-position":"center center","background-size":"auto","background-attachment":"scroll","background-type":"","background-media":"","overlay-type":"","overlay-color":"","overlay-opacity":"","overlay-gradient":""},"mobile":{"background-color":"var(--ast-global-color-4)","background-image":"","background-repeat":"repeat","background-position":"center center","background-size":"auto","background-attachment":"scroll","background-type":"","background-media":"","overlay-type":"","overlay-color":"","overlay-opacity":"","overlay-gradient":""}},"footnotes":""},"categories":[],"tags":[],"class_list":["post-77010","page","type-page","status-publish","hentry"],"yoast_head":"<!-- This site is optimized with the Yoast SEO Premium plugin v26.6 (Yoast SEO v26.6) - https:\/\/yoast.com\/wordpress\/plugins\/seo\/ -->\n<title>Related Resolutions - City of Miami Beach<\/title>\n<meta name=\"description\" content=\"%\" \/>\n<meta name=\"robots\" content=\"index, follow, max-snippet:-1, max-image-preview:large, max-video-preview:-1\" \/>\n<link rel=\"canonical\" href=\"https:\/\/www.miamibeachfl.gov\/de\/city-hall\/city-clerk\/election-information\/november-6-2018-special-election\/related-resolutions\/\" \/>\n<meta property=\"og:locale\" content=\"de_DE\" \/>\n<meta property=\"og:type\" content=\"article\" \/>\n<meta property=\"og:title\" content=\"Related Resolutions\" \/>\n<meta property=\"og:description\" content=\"%\" \/>\n<meta property=\"og:url\" content=\"https:\/\/www.miamibeachfl.gov\/de\/city-hall\/city-clerk\/election-information\/november-6-2018-special-election\/related-resolutions\/\" \/>\n<meta property=\"og:site_name\" content=\"City of Miami Beach\" \/>\n<meta property=\"article:publisher\" content=\"https:\/\/www.facebook.com\/cityofmiamibeach\" \/>\n<meta property=\"article:modified_time\" content=\"2025-02-23T19:51:01+00:00\" \/>\n<meta property=\"og:image\" content=\"https:\/\/www.miamibeachfl.gov\/wp-content\/uploads\/2022\/07\/hero-small.jpg\" \/>\n<meta name=\"twitter:card\" content=\"summary_large_image\" \/>\n<meta name=\"twitter:site\" content=\"@Miamibeachnews\" \/>\n<script type=\"application\/ld+json\" class=\"yoast-schema-graph\">{\"@context\":\"https:\/\/schema.org\",\"@graph\":[{\"@type\":\"WebPage\",\"@id\":\"https:\/\/www.miamibeachfl.gov\/city-hall\/city-clerk\/election-information\/november-6-2018-special-election\/related-resolutions\/\",\"url\":\"https:\/\/www.miamibeachfl.gov\/city-hall\/city-clerk\/election-information\/november-6-2018-special-election\/related-resolutions\/\",\"name\":\"Related Resolutions - City of Miami Beach\",\"isPartOf\":{\"@id\":\"https:\/\/www.miamibeachfl.gov\/#website\"},\"primaryImageOfPage\":{\"@id\":\"https:\/\/www.miamibeachfl.gov\/city-hall\/city-clerk\/election-information\/november-6-2018-special-election\/related-resolutions\/#primaryimage\"},\"image\":{\"@id\":\"https:\/\/www.miamibeachfl.gov\/city-hall\/city-clerk\/election-information\/november-6-2018-special-election\/related-resolutions\/#primaryimage\"},\"thumbnailUrl\":\"https:\/\/www.miamibeachfl.gov\/wp-content\/uploads\/2022\/07\/hero-small.jpg\",\"datePublished\":\"2018-08-14T16:22:02+00:00\",\"dateModified\":\"2025-02-23T19:51:01+00:00\",\"description\":\"%\",\"breadcrumb\":{\"@id\":\"https:\/\/www.miamibeachfl.gov\/city-hall\/city-clerk\/election-information\/november-6-2018-special-election\/related-resolutions\/#breadcrumb\"},\"inLanguage\":\"de\",\"potentialAction\":[{\"@type\":\"ReadAction\",\"target\":[\"https:\/\/www.miamibeachfl.gov\/city-hall\/city-clerk\/election-information\/november-6-2018-special-election\/related-resolutions\/\"]}]},{\"@type\":\"ImageObject\",\"inLanguage\":\"de\",\"@id\":\"https:\/\/www.miamibeachfl.gov\/city-hall\/city-clerk\/election-information\/november-6-2018-special-election\/related-resolutions\/#primaryimage\",\"url\":\"https:\/\/www.miamibeachfl.gov\/wp-content\/uploads\/2022\/07\/hero-small.jpg\",\"contentUrl\":\"https:\/\/www.miamibeachfl.gov\/wp-content\/uploads\/2022\/07\/hero-small.jpg\"},{\"@type\":\"BreadcrumbList\",\"@id\":\"https:\/\/www.miamibeachfl.gov\/city-hall\/city-clerk\/election-information\/november-6-2018-special-election\/related-resolutions\/#breadcrumb\",\"itemListElement\":[{\"@type\":\"ListItem\",\"position\":1,\"name\":\"Home\",\"item\":\"https:\/\/www.miamibeachfl.gov\/\"},{\"@type\":\"ListItem\",\"position\":2,\"name\":\"City Hall\",\"item\":\"https:\/\/www.miamibeachfl.gov\/city-hall\/\"},{\"@type\":\"ListItem\",\"position\":3,\"name\":\"City Clerk\",\"item\":\"https:\/\/www.miamibeachfl.gov\/city-hall\/city-clerk\/\"},{\"@type\":\"ListItem\",\"position\":4,\"name\":\"Election Information\",\"item\":\"https:\/\/www.miamibeachfl.gov\/city-hall\/city-clerk\/election-information\/\"},{\"@type\":\"ListItem\",\"position\":5,\"name\":\"November 6, 2018 &#8211; Special Election\",\"item\":\"https:\/\/www.miamibeachfl.gov\/city-hall\/city-clerk\/election-information\/november-6-2018-special-election\/\"},{\"@type\":\"ListItem\",\"position\":6,\"name\":\"Related Resolutions\"}]},{\"@type\":\"WebSite\",\"@id\":\"https:\/\/www.miamibeachfl.gov\/#website\",\"url\":\"https:\/\/www.miamibeachfl.gov\/\",\"name\":\"City of Miami Beach\",\"description\":\"The official website of the City of Miami Beach. Stay informed, find important information on city services, news, alerts, events, trolley routes, government employment and more.\",\"publisher\":{\"@id\":\"https:\/\/www.miamibeachfl.gov\/#organization\"},\"potentialAction\":[{\"@type\":\"SearchAction\",\"target\":{\"@type\":\"EntryPoint\",\"urlTemplate\":\"https:\/\/www.miamibeachfl.gov\/?s={search_term_string}\"},\"query-input\":{\"@type\":\"PropertyValueSpecification\",\"valueRequired\":true,\"valueName\":\"search_term_string\"}}],\"inLanguage\":\"de\"},{\"@type\":\"Organization\",\"@id\":\"https:\/\/www.miamibeachfl.gov\/#organization\",\"name\":\"City of Miami Beach\",\"url\":\"https:\/\/www.miamibeachfl.gov\/\",\"logo\":{\"@type\":\"ImageObject\",\"inLanguage\":\"de\",\"@id\":\"https:\/\/www.miamibeachfl.gov\/#\/schema\/logo\/image\/\",\"url\":\"https:\/\/www.miamibeachfl.gov\/wp-content\/uploads\/2022\/06\/miamibeach-logoblue.png\",\"contentUrl\":\"https:\/\/www.miamibeachfl.gov\/wp-content\/uploads\/2022\/06\/miamibeach-logoblue.png\",\"width\":1962,\"height\":381,\"caption\":\"City of Miami Beach\"},\"image\":{\"@id\":\"https:\/\/www.miamibeachfl.gov\/#\/schema\/logo\/image\/\"},\"sameAs\":[\"https:\/\/www.facebook.com\/cityofmiamibeach\",\"https:\/\/x.com\/Miamibeachnews\",\"https:\/\/www.instagram.com\/miamibeachnews\/\"],\"description\":\"The official website of the City of Miami Beach. Stay informed, find important information on city services, news, alerts, events, trolley routes, government employment and more.\",\"telephone\":\"305.604.CITY(2489)\",\"legalName\":\"City of Miami Beach\"}]}<\/script>\n<!-- \/ Yoast SEO Premium plugin. -->","yoast_head_json":{"title":"Zugeh\u00f6rige Resolutionen - Stadt Miami Beach","description":"%","robots":{"index":"index","follow":"follow","max-snippet":"max-snippet:-1","max-image-preview":"max-image-preview:large","max-video-preview":"max-video-preview:-1"},"canonical":"https:\/\/www.miamibeachfl.gov\/de\/city-hall\/city-clerk\/election-information\/november-6-2018-special-election\/related-resolutions\/","og_locale":"de_DE","og_type":"article","og_title":"Related Resolutions","og_description":"%","og_url":"https:\/\/www.miamibeachfl.gov\/de\/city-hall\/city-clerk\/election-information\/november-6-2018-special-election\/related-resolutions\/","og_site_name":"City of Miami Beach","article_publisher":"https:\/\/www.facebook.com\/cityofmiamibeach","article_modified_time":"2025-02-23T19:51:01+00:00","og_image":[{"url":"https:\/\/www.miamibeachfl.gov\/wp-content\/uploads\/2022\/07\/hero-small.jpg","type":"","width":"","height":""}],"twitter_card":"summary_large_image","twitter_site":"@Miamibeachnews","schema":{"@context":"https:\/\/schema.org","@graph":[{"@type":"WebPage","@id":"https:\/\/www.miamibeachfl.gov\/city-hall\/city-clerk\/election-information\/november-6-2018-special-election\/related-resolutions\/","url":"https:\/\/www.miamibeachfl.gov\/city-hall\/city-clerk\/election-information\/november-6-2018-special-election\/related-resolutions\/","name":"Zugeh\u00f6rige Resolutionen - Stadt Miami Beach","isPartOf":{"@id":"https:\/\/www.miamibeachfl.gov\/#website"},"primaryImageOfPage":{"@id":"https:\/\/www.miamibeachfl.gov\/city-hall\/city-clerk\/election-information\/november-6-2018-special-election\/related-resolutions\/#primaryimage"},"image":{"@id":"https:\/\/www.miamibeachfl.gov\/city-hall\/city-clerk\/election-information\/november-6-2018-special-election\/related-resolutions\/#primaryimage"},"thumbnailUrl":"https:\/\/www.miamibeachfl.gov\/wp-content\/uploads\/2022\/07\/hero-small.jpg","datePublished":"2018-08-14T16:22:02+00:00","dateModified":"2025-02-23T19:51:01+00:00","description":"%","breadcrumb":{"@id":"https:\/\/www.miamibeachfl.gov\/city-hall\/city-clerk\/election-information\/november-6-2018-special-election\/related-resolutions\/#breadcrumb"},"inLanguage":"de","potentialAction":[{"@type":"ReadAction","target":["https:\/\/www.miamibeachfl.gov\/city-hall\/city-clerk\/election-information\/november-6-2018-special-election\/related-resolutions\/"]}]},{"@type":"ImageObject","inLanguage":"de","@id":"https:\/\/www.miamibeachfl.gov\/city-hall\/city-clerk\/election-information\/november-6-2018-special-election\/related-resolutions\/#primaryimage","url":"https:\/\/www.miamibeachfl.gov\/wp-content\/uploads\/2022\/07\/hero-small.jpg","contentUrl":"https:\/\/www.miamibeachfl.gov\/wp-content\/uploads\/2022\/07\/hero-small.jpg"},{"@type":"BreadcrumbList","@id":"https:\/\/www.miamibeachfl.gov\/city-hall\/city-clerk\/election-information\/november-6-2018-special-election\/related-resolutions\/#breadcrumb","itemListElement":[{"@type":"ListItem","position":1,"name":"Home","item":"https:\/\/www.miamibeachfl.gov\/"},{"@type":"ListItem","position":2,"name":"City Hall","item":"https:\/\/www.miamibeachfl.gov\/city-hall\/"},{"@type":"ListItem","position":3,"name":"City Clerk","item":"https:\/\/www.miamibeachfl.gov\/city-hall\/city-clerk\/"},{"@type":"ListItem","position":4,"name":"Election Information","item":"https:\/\/www.miamibeachfl.gov\/city-hall\/city-clerk\/election-information\/"},{"@type":"ListItem","position":5,"name":"November 6, 2018 &#8211; Special Election","item":"https:\/\/www.miamibeachfl.gov\/city-hall\/city-clerk\/election-information\/november-6-2018-special-election\/"},{"@type":"ListItem","position":6,"name":"Related Resolutions"}]},{"@type":"WebSite","@id":"https:\/\/www.miamibeachfl.gov\/#website","url":"https:\/\/www.miamibeachfl.gov\/","name":"Stadt Miami Beach","description":"Die offizielle Website der Stadt Miami Beach. Bleiben Sie informiert und finden Sie wichtige Informationen zu st\u00e4dtischen Dienstleistungen, Neuigkeiten, Warnungen, Veranstaltungen, Stra\u00dfenbahnlinien, Stellenangeboten im \u00f6ffentlichen Dienst und mehr.","publisher":{"@id":"https:\/\/www.miamibeachfl.gov\/#organization"},"potentialAction":[{"@type":"SearchAction","target":{"@type":"EntryPoint","urlTemplate":"https:\/\/www.miamibeachfl.gov\/?s={search_term_string}"},"query-input":{"@type":"PropertyValueSpecification","valueRequired":true,"valueName":"search_term_string"}}],"inLanguage":"de"},{"@type":"Organization","@id":"https:\/\/www.miamibeachfl.gov\/#organization","name":"Stadt Miami Beach","url":"https:\/\/www.miamibeachfl.gov\/","logo":{"@type":"ImageObject","inLanguage":"de","@id":"https:\/\/www.miamibeachfl.gov\/#\/schema\/logo\/image\/","url":"https:\/\/www.miamibeachfl.gov\/wp-content\/uploads\/2022\/06\/miamibeach-logoblue.png","contentUrl":"https:\/\/www.miamibeachfl.gov\/wp-content\/uploads\/2022\/06\/miamibeach-logoblue.png","width":1962,"height":381,"caption":"City of Miami Beach"},"image":{"@id":"https:\/\/www.miamibeachfl.gov\/#\/schema\/logo\/image\/"},"sameAs":["https:\/\/www.facebook.com\/cityofmiamibeach","https:\/\/x.com\/Miamibeachnews","https:\/\/www.instagram.com\/miamibeachnews\/"],"description":"Die offizielle Website der Stadt Miami Beach. Bleiben Sie informiert und finden Sie wichtige Informationen zu st\u00e4dtischen Dienstleistungen, Neuigkeiten, Warnungen, Veranstaltungen, Stra\u00dfenbahnlinien, Stellenangeboten im \u00f6ffentlichen Dienst und mehr.","telephone":"305.604.CITY(2489)","legalName":"City of Miami Beach"}]}},"_links":{"self":[{"href":"https:\/\/www.miamibeachfl.gov\/de\/wp-json\/wp\/v2\/pages\/77010","targetHints":{"allow":["GET"]}}],"collection":[{"href":"https:\/\/www.miamibeachfl.gov\/de\/wp-json\/wp\/v2\/pages"}],"about":[{"href":"https:\/\/www.miamibeachfl.gov\/de\/wp-json\/wp\/v2\/types\/page"}],"author":[{"embeddable":true,"href":"https:\/\/www.miamibeachfl.gov\/de\/wp-json\/wp\/v2\/users\/222"}],"replies":[{"embeddable":true,"href":"https:\/\/www.miamibeachfl.gov\/de\/wp-json\/wp\/v2\/comments?post=77010"}],"version-history":[{"count":0,"href":"https:\/\/www.miamibeachfl.gov\/de\/wp-json\/wp\/v2\/pages\/77010\/revisions"}],"up":[{"embeddable":true,"href":"https:\/\/www.miamibeachfl.gov\/de\/wp-json\/wp\/v2\/pages\/76916"}],"wp:attachment":[{"href":"https:\/\/www.miamibeachfl.gov\/de\/wp-json\/wp\/v2\/media?parent=77010"}],"wp:term":[{"taxonomy":"category","embeddable":true,"href":"https:\/\/www.miamibeachfl.gov\/de\/wp-json\/wp\/v2\/categories?post=77010"},{"taxonomy":"post_tag","embeddable":true,"href":"https:\/\/www.miamibeachfl.gov\/de\/wp-json\/wp\/v2\/tags?post=77010"}],"curies":[{"name":"wp","href":"https:\/\/api.w.org\/{rel}","templated":true}]}}