{"id":103685,"date":"2019-04-29T21:21:30","date_gmt":"2019-04-30T01:21:30","guid":{"rendered":"http:\/\/www.miamibeachfl.gov\/city-hall\/transportation\/on-demand-transit-service\/"},"modified":"2025-06-25T19:09:41","modified_gmt":"2025-06-25T23:09:41","slug":"on-demand-transit-service","status":"publish","type":"page","link":"https:\/\/www.miamibeachfl.gov\/es\/city-hall\/transportation\/on-demand-transit-service\/","title":{"rendered":"Servicio de tr\u00e1nsito a pedido"},"content":{"rendered":"<img decoding=\"async\" src=\"https:\/\/www.miamibeachfl.gov\/wp-content\/uploads\/2022\/07\/hero-small.jpg\" alt=\"ocean drive art deco buildings\" itemprop=\"image\" height=\"211\" width=\"2395\" title=\"h\u00e9roe peque\u00f1o\" onerror=\"this.style.display='none'\" loading='lazy' \/>\n<h1>\n\t\t\tServicio de tr\u00e1nsito a pedido\t<\/h1>\n\t<nav id=\"breadcrumbs\" aria-label=\"Pan rallado\"><a href=\"https:\/\/www.miamibeachfl.gov\/es\/\">Hogar<\/a> &gt; <a href=\"https:\/\/www.miamibeachfl.gov\/es\/city-hall\/\">Ayuntamiento<\/a> &gt; <a href=\"https:\/\/www.miamibeachfl.gov\/es\/city-hall\/transportation\/\">Transporte y movilidad<\/a> &gt; <strong>Servicio de tr\u00e1nsito a pedido<\/strong><\/nav>\n\t<p>El Departamento de Transporte y Movilidad de la Ciudad de Miami Beach ofrece actualmente al p\u00fablico los siguientes servicios de transporte p\u00fablico a demanda. Consulte los enlaces a continuaci\u00f3n para obtener m\u00e1s informaci\u00f3n.<\/p>\n<ul>\n<li><strong><a href=\"https:\/\/www.miamibeachfl.gov\/es\/city-hall\/transportation\/on-demand-seniors\/\" target=\"_blank\" rel=\"noopener noreferrer\">Servicio de transporte a pedido para personas mayores <\/a><\/strong><strong><br \/>\n<\/strong><\/li>\n<li><strong><a href=\"https:\/\/www.miamibeachfl.gov\/es\/city-hall\/transportation\/mid-beach-on-demand-transit-service\/\" target=\"_blank\" rel=\"noopener noreferrer\">Tramos del servicio de transporte a pedido de Mid Beach y North Beach<\/a><\/strong><\/li>\n<\/ul>\n<p>Para asuntos relacionados con el servicio al cliente (preguntas, comentarios o quejas), comun\u00edquese con el Departamento de Transporte y Movilidad de la Ciudad al 305.673.7514.<\/p>\n<p>\u00a1Disfruta tu viaje!<\/p>\n<!--\n<h2><b>Getting Around Mid-Beach Just Got Easier!<\/b><\/h2>\n<p>The City of Miami Beach has partnered with Freebee to offer a <strong>FREE<\/strong> On-Demand Transit (ODT) service to riders throughout Mid-Beach, launching Friday, May 31 at 2 p.m.! ODT service will provide first mile\/last mile service connecting to the existing Miami Beach Trolley and Miami-Dade County Bus service within the geo-fenced service area and door-to-door service for trips originating and ending within the geo-fenced service area. As part of the pilot program, ODT service is anticipated to operate until Monday, September 30, 2019. The service will operate as a continuous vanpool, dynamically adjusting vehicle routing to appropriately meet ridership demand and service needs within the service area.<\/p>\n<h3>HOURS OF OPERATION<\/h3>\nMonday to Saturday: 6:30 AM to 10 PM\nSunday: 8:30 AM to 10 PM\n<h3>FARE<\/h3>\n<p>Free<\/p>\n<img loading=\"lazy\" decoding=\"async\" title=\"How freebee works banner\" src=\"\/wp-content\/uploads\/2019\/05\/Panel-4.jpg\" alt=\"Freebee On-Demand Transit: How it Works\" width=\"2550\" height=\"2550\" \/>\n<blockquote>\n<p>If you don't have access to a smart phone, you can call 786.589.9870 or hail a Freebee streetside.<\/p>\n<\/blockquote>\n<img loading=\"lazy\" decoding=\"async\" src=\"http:\/\/www.miamibeachfl.gov\/wp-content\/uploads\/2019\/05\/Panel-3.jpg\" alt=\"On-Demand Transit Service Area\" width=\"638\" height=\"1275\" \/>\n<h3>Important Information &amp; Tips<\/h3>\n<ul>\n<li>Due to limited number of vehicles in operation during pilot-program, we suggest requesting service approximately 20 minutes in advance of your desired departure time<\/li>\n<li>MBFreebee vehicles are 100% electric, emission-free and ADA accessible<\/li>\n<li>Smaller children and infants are required to be secured in a federally approved car seat, provided by their parent or guardian<\/li>\n<li>Booster seats are available if needed for children. If needed, please request booster seat from your driver<\/li>\n<li>Available transit connections are: West Avenue\/19 Street Publix, 41 Street (Alton Road to Indian Creek), Alton Road (21 Street to 63 Street), and 69 Street Publix<\/li>\n<\/ul>\n<h3>Useful Links<\/h3>\nDownload Mobile App on <a title=\"Mobile Apps\" href=\"https:\/\/play.google.com\/store\/apps\/details?id=com.ravn.freebee&amp;hl=en_US\" target=\"_blank\" rel=\"noopener noreferrer\">Google Play<\/a> or <a title=\"Mobile Apps\" href=\"https:\/\/itunes.apple.com\/us\/app\/ride-freebee\/id1014088236?mt=8\" target=\"_blank\" rel=\"noopener noreferrer\">Apple Store<\/a>\n<a title=\"Customer Rights\" href=\"\/city-hall\/transportation\/trolley\/customer-rights\/\" target=\"_blank\" rel=\"noopener noreferrer\">View the Customer Rights<\/a>\n<a title=\"Compliant\/Feedback\" href=\"\/city-hall\/transportation\/trolley\/trolley-feedback-form\/\" target=\"_blank\" rel=\"noopener noreferrer\">Want to File a Complaint or Provide Feedback?<\/a>\n<p>For Questions, Comments, Concerns, or Lost items Call Us at <strong>305.673.7117<\/strong>.<\/p>\n<p>We'd Love to Hear From You!<\/p>\n-->\n\t\tNavegar a\u2026\t\t\t\n\t\t\t\t\t<ul id=\"menu-ada\"><li id=\"menu-item-225437\"><a href=\"https:\/\/www.miamibeachfl.gov\/es\/ada\/\">ADA<\/a><\/li>\n<li id=\"menu-item-225550\"><a href=\"https:\/\/www.miamibeachfl.gov\/es\/ada\/ada-handbook-title-ii\/\">Manual de la ADA \u2013 T\u00edtulo II<\/a><\/li>\n<li id=\"menu-item-225549\"><a href=\"https:\/\/www.miamibeachfl.gov\/es\/ada\/ada-request\/\">Solicitud ADA<\/a><\/li>\n<li id=\"menu-item-225548\"><a href=\"https:\/\/www.miamibeachfl.gov\/es\/ada\/americans-with-disability-act\/\">Ley de Estadounidenses con Discapacidades<\/a><\/li>\n<li id=\"menu-item-225438\"><a href=\"https:\/\/www.miamibeachfl.gov\/es\/ada\/beach-wheelchair-access\/\">Acceso para sillas de ruedas a la playa<\/a><\/li>\n<li id=\"menu-item-225547\"><a href=\"https:\/\/www.miamibeachfl.gov\/es\/ada\/complaints-for-discrimination\/\">Quejas por discriminaci\u00f3n<\/a><\/li>\n<li id=\"menu-item-225546\"><a href=\"https:\/\/www.miamibeachfl.gov\/es\/ada\/difficulty-of-hearing\/\">Dificultad para o\u00edr<\/a><\/li>\n<li id=\"menu-item-225545\"><a href=\"https:\/\/www.miamibeachfl.gov\/es\/ada\/disability-etiquette\/\">Etiqueta de discapacidad<\/a><\/li>\n<li id=\"menu-item-225554\"><a href=\"https:\/\/www.miamibeachfl.gov\/es\/ada\/disability-hiring-policy\/\">Pol\u00edtica de contrataci\u00f3n de personas con discapacidad<\/a><\/li>\n<li id=\"menu-item-225544\"><a href=\"https:\/\/www.miamibeachfl.gov\/es\/ada\/white-cane-law\/\">Ley del Bast\u00f3n Blanco<\/a><\/li>\n<\/ul>\t\n\t<div class=\"page-navigation\"><a class=\"prev-page\" href=\"https:\/\/www.miamibeachfl.gov\/es\/city-hall\/economic-development\/additional-information\/\">\u2190 Desarrollo Econ\u00f3mico Informaci\u00f3n Adicional<\/a> <a class=\"next-page\" href=\"https:\/\/www.miamibeachfl.gov\/es\/city-hall\/fire\/emergency-management\/plan-and-prepare-emergency-preparation\/florida-disaster-preparedness-sales-tax-holiday\/\">Exenci\u00f3n del impuesto sobre las ventas para la preparaci\u00f3n ante desastres en Florida \u2192<\/a><\/div>","protected":false},"excerpt":{"rendered":"<p>On-Demand Transit Service Home &gt; City Hall &gt; Transportation &#038; Mobility &gt; On-Demand Transit Service The City of Miami Beach [&hellip;]<\/p>\n","protected":false},"author":222,"featured_media":0,"parent":28743,"menu_order":0,"comment_status":"closed","ping_status":"closed","template":"","meta":{"_searchwp_excluded":"","site-sidebar-layout":"default","site-content-layout":"","ast-site-content-layout":"default","site-content-style":"default","site-sidebar-style":"default","ast-global-header-display":"","ast-banner-title-visibility":"","ast-main-header-display":"","ast-hfb-above-header-display":"","ast-hfb-below-header-display":"","ast-hfb-mobile-header-display":"","site-post-title":"","ast-breadcrumbs-content":"","ast-featured-img":"","footer-sml-layout":"","theme-transparent-header-meta":"","adv-header-id-meta":"","stick-header-meta":"","header-above-stick-meta":"","header-main-stick-meta":"","header-below-stick-meta":"","astra-migrate-meta-layouts":"default","ast-page-background-enabled":"default","ast-page-background-meta":{"desktop":{"background-color":"var(--ast-global-color-5)","background-image":"","background-repeat":"repeat","background-position":"center center","background-size":"auto","background-attachment":"scroll","background-type":"","background-media":"","overlay-type":"","overlay-color":"","overlay-opacity":"","overlay-gradient":""},"tablet":{"background-color":"","background-image":"","background-repeat":"repeat","background-position":"center center","background-size":"auto","background-attachment":"scroll","background-type":"","background-media":"","overlay-type":"","overlay-color":"","overlay-opacity":"","overlay-gradient":""},"mobile":{"background-color":"","background-image":"","background-repeat":"repeat","background-position":"center center","background-size":"auto","background-attachment":"scroll","background-type":"","background-media":"","overlay-type":"","overlay-color":"","overlay-opacity":"","overlay-gradient":""}},"ast-content-background-meta":{"desktop":{"background-color":"var(--ast-global-color-4)","background-image":"","background-repeat":"repeat","background-position":"center center","background-size":"auto","background-attachment":"scroll","background-type":"","background-media":"","overlay-type":"","overlay-color":"","overlay-opacity":"","overlay-gradient":""},"tablet":{"background-color":"var(--ast-global-color-4)","background-image":"","background-repeat":"repeat","background-position":"center center","background-size":"auto","background-attachment":"scroll","background-type":"","background-media":"","overlay-type":"","overlay-color":"","overlay-opacity":"","overlay-gradient":""},"mobile":{"background-color":"var(--ast-global-color-4)","background-image":"","background-repeat":"repeat","background-position":"center center","background-size":"auto","background-attachment":"scroll","background-type":"","background-media":"","overlay-type":"","overlay-color":"","overlay-opacity":"","overlay-gradient":""}},"footnotes":""},"categories":[],"tags":[],"class_list":["post-103685","page","type-page","status-publish","hentry"],"yoast_head":"<!-- This site is optimized with the Yoast SEO Premium plugin v27.4 (Yoast SEO v27.4) - https:\/\/yoast.com\/product\/yoast-seo-premium-wordpress\/ -->\n<title>On-Demand Transit Service - City of Miami Beach<\/title>\n<meta name=\"description\" content=\"%\" \/>\n<meta name=\"robots\" content=\"index, follow, max-snippet:-1, max-image-preview:large, max-video-preview:-1\" \/>\n<link rel=\"canonical\" href=\"https:\/\/www.miamibeachfl.gov\/es\/city-hall\/transportation\/on-demand-transit-service\/\" \/>\n<meta property=\"og:locale\" content=\"es_ES\" \/>\n<meta property=\"og:type\" content=\"article\" \/>\n<meta property=\"og:title\" content=\"On-Demand Transit Service\" \/>\n<meta property=\"og:description\" content=\"%\" \/>\n<meta property=\"og:url\" content=\"https:\/\/www.miamibeachfl.gov\/es\/city-hall\/transportation\/on-demand-transit-service\/\" \/>\n<meta property=\"og:site_name\" content=\"City of Miami Beach\" \/>\n<meta property=\"article:publisher\" content=\"https:\/\/www.facebook.com\/cityofmiamibeach\" \/>\n<meta property=\"article:modified_time\" content=\"2025-06-25T23:09:41+00:00\" \/>\n<meta property=\"og:image\" content=\"https:\/\/www.miamibeachfl.gov\/wp-content\/uploads\/2022\/07\/hero-small.jpg\" \/>\n<meta name=\"twitter:card\" content=\"summary_large_image\" \/>\n<meta name=\"twitter:site\" content=\"@Miamibeachnews\" \/>\n<script type=\"application\/ld+json\" class=\"yoast-schema-graph\">{\"@context\":\"https:\\\/\\\/schema.org\",\"@graph\":[{\"@type\":\"WebPage\",\"@id\":\"https:\\\/\\\/www.miamibeachfl.gov\\\/city-hall\\\/transportation\\\/on-demand-transit-service\\\/\",\"url\":\"https:\\\/\\\/www.miamibeachfl.gov\\\/city-hall\\\/transportation\\\/on-demand-transit-service\\\/\",\"name\":\"On-Demand Transit Service - City of Miami Beach\",\"isPartOf\":{\"@id\":\"https:\\\/\\\/www.miamibeachfl.gov\\\/#website\"},\"primaryImageOfPage\":{\"@id\":\"https:\\\/\\\/www.miamibeachfl.gov\\\/city-hall\\\/transportation\\\/on-demand-transit-service\\\/#primaryimage\"},\"image\":{\"@id\":\"https:\\\/\\\/www.miamibeachfl.gov\\\/city-hall\\\/transportation\\\/on-demand-transit-service\\\/#primaryimage\"},\"thumbnailUrl\":\"https:\\\/\\\/www.miamibeachfl.gov\\\/wp-content\\\/uploads\\\/2022\\\/07\\\/hero-small.jpg\",\"datePublished\":\"2019-04-30T01:21:30+00:00\",\"dateModified\":\"2025-06-25T23:09:41+00:00\",\"description\":\"%\",\"breadcrumb\":{\"@id\":\"https:\\\/\\\/www.miamibeachfl.gov\\\/city-hall\\\/transportation\\\/on-demand-transit-service\\\/#breadcrumb\"},\"inLanguage\":\"es\",\"potentialAction\":[{\"@type\":\"ReadAction\",\"target\":[\"https:\\\/\\\/www.miamibeachfl.gov\\\/city-hall\\\/transportation\\\/on-demand-transit-service\\\/\"]}]},{\"@type\":\"ImageObject\",\"inLanguage\":\"es\",\"@id\":\"https:\\\/\\\/www.miamibeachfl.gov\\\/city-hall\\\/transportation\\\/on-demand-transit-service\\\/#primaryimage\",\"url\":\"https:\\\/\\\/www.miamibeachfl.gov\\\/wp-content\\\/uploads\\\/2022\\\/07\\\/hero-small.jpg\",\"contentUrl\":\"https:\\\/\\\/www.miamibeachfl.gov\\\/wp-content\\\/uploads\\\/2022\\\/07\\\/hero-small.jpg\"},{\"@type\":\"BreadcrumbList\",\"@id\":\"https:\\\/\\\/www.miamibeachfl.gov\\\/city-hall\\\/transportation\\\/on-demand-transit-service\\\/#breadcrumb\",\"itemListElement\":[{\"@type\":\"ListItem\",\"position\":1,\"name\":\"Home\",\"item\":\"https:\\\/\\\/www.miamibeachfl.gov\\\/\"},{\"@type\":\"ListItem\",\"position\":2,\"name\":\"City Hall\",\"item\":\"https:\\\/\\\/www.miamibeachfl.gov\\\/city-hall\\\/\"},{\"@type\":\"ListItem\",\"position\":3,\"name\":\"Transportation &#038; Mobility\",\"item\":\"https:\\\/\\\/www.miamibeachfl.gov\\\/city-hall\\\/transportation\\\/\"},{\"@type\":\"ListItem\",\"position\":4,\"name\":\"On-Demand Transit Service\"}]},{\"@type\":\"WebSite\",\"@id\":\"https:\\\/\\\/www.miamibeachfl.gov\\\/#website\",\"url\":\"https:\\\/\\\/www.miamibeachfl.gov\\\/\",\"name\":\"City of Miami Beach\",\"description\":\"The official website of the City of Miami Beach. Stay informed, find important information on city services, news, alerts, events, trolley routes, government employment and more.\",\"publisher\":{\"@id\":\"https:\\\/\\\/www.miamibeachfl.gov\\\/#organization\"},\"potentialAction\":[{\"@type\":\"SearchAction\",\"target\":{\"@type\":\"EntryPoint\",\"urlTemplate\":\"https:\\\/\\\/www.miamibeachfl.gov\\\/?s={search_term_string}\"},\"query-input\":{\"@type\":\"PropertyValueSpecification\",\"valueRequired\":true,\"valueName\":\"search_term_string\"}}],\"inLanguage\":\"es\"},{\"@type\":\"Organization\",\"@id\":\"https:\\\/\\\/www.miamibeachfl.gov\\\/#organization\",\"name\":\"City of Miami Beach\",\"url\":\"https:\\\/\\\/www.miamibeachfl.gov\\\/\",\"logo\":{\"@type\":\"ImageObject\",\"inLanguage\":\"es\",\"@id\":\"https:\\\/\\\/www.miamibeachfl.gov\\\/#\\\/schema\\\/logo\\\/image\\\/\",\"url\":\"https:\\\/\\\/www.miamibeachfl.gov\\\/wp-content\\\/uploads\\\/2022\\\/06\\\/miamibeach-logoblue.png\",\"contentUrl\":\"https:\\\/\\\/www.miamibeachfl.gov\\\/wp-content\\\/uploads\\\/2022\\\/06\\\/miamibeach-logoblue.png\",\"width\":1962,\"height\":381,\"caption\":\"City of Miami Beach\"},\"image\":{\"@id\":\"https:\\\/\\\/www.miamibeachfl.gov\\\/#\\\/schema\\\/logo\\\/image\\\/\"},\"sameAs\":[\"https:\\\/\\\/www.facebook.com\\\/cityofmiamibeach\",\"https:\\\/\\\/x.com\\\/Miamibeachnews\",\"https:\\\/\\\/www.instagram.com\\\/miamibeachnews\\\/\"],\"description\":\"The official website of the City of Miami Beach. Stay informed, find important information on city services, news, alerts, events, trolley routes, government employment and more.\",\"telephone\":\"305.604.CITY(2489)\",\"legalName\":\"City of Miami Beach\"}]}<\/script>\n<!-- \/ Yoast SEO Premium plugin. -->","yoast_head_json":{"title":"Servicio de transporte p\u00fablico a pedido - Ciudad de Miami Beach","description":"%","robots":{"index":"index","follow":"follow","max-snippet":"max-snippet:-1","max-image-preview":"max-image-preview:large","max-video-preview":"max-video-preview:-1"},"canonical":"https:\/\/www.miamibeachfl.gov\/es\/city-hall\/transportation\/on-demand-transit-service\/","og_locale":"es_ES","og_type":"article","og_title":"On-Demand Transit Service","og_description":"%","og_url":"https:\/\/www.miamibeachfl.gov\/es\/city-hall\/transportation\/on-demand-transit-service\/","og_site_name":"City of Miami Beach","article_publisher":"https:\/\/www.facebook.com\/cityofmiamibeach","article_modified_time":"2025-06-25T23:09:41+00:00","og_image":[{"url":"https:\/\/www.miamibeachfl.gov\/wp-content\/uploads\/2022\/07\/hero-small.jpg","type":"","width":"","height":""}],"twitter_card":"summary_large_image","twitter_site":"@Miamibeachnews","schema":{"@context":"https:\/\/schema.org","@graph":[{"@type":"WebPage","@id":"https:\/\/www.miamibeachfl.gov\/city-hall\/transportation\/on-demand-transit-service\/","url":"https:\/\/www.miamibeachfl.gov\/city-hall\/transportation\/on-demand-transit-service\/","name":"Servicio de transporte p\u00fablico a pedido - Ciudad de Miami Beach","isPartOf":{"@id":"https:\/\/www.miamibeachfl.gov\/#website"},"primaryImageOfPage":{"@id":"https:\/\/www.miamibeachfl.gov\/city-hall\/transportation\/on-demand-transit-service\/#primaryimage"},"image":{"@id":"https:\/\/www.miamibeachfl.gov\/city-hall\/transportation\/on-demand-transit-service\/#primaryimage"},"thumbnailUrl":"https:\/\/www.miamibeachfl.gov\/wp-content\/uploads\/2022\/07\/hero-small.jpg","datePublished":"2019-04-30T01:21:30+00:00","dateModified":"2025-06-25T23:09:41+00:00","description":"%","breadcrumb":{"@id":"https:\/\/www.miamibeachfl.gov\/city-hall\/transportation\/on-demand-transit-service\/#breadcrumb"},"inLanguage":"es","potentialAction":[{"@type":"ReadAction","target":["https:\/\/www.miamibeachfl.gov\/city-hall\/transportation\/on-demand-transit-service\/"]}]},{"@type":"ImageObject","inLanguage":"es","@id":"https:\/\/www.miamibeachfl.gov\/city-hall\/transportation\/on-demand-transit-service\/#primaryimage","url":"https:\/\/www.miamibeachfl.gov\/wp-content\/uploads\/2022\/07\/hero-small.jpg","contentUrl":"https:\/\/www.miamibeachfl.gov\/wp-content\/uploads\/2022\/07\/hero-small.jpg"},{"@type":"BreadcrumbList","@id":"https:\/\/www.miamibeachfl.gov\/city-hall\/transportation\/on-demand-transit-service\/#breadcrumb","itemListElement":[{"@type":"ListItem","position":1,"name":"Home","item":"https:\/\/www.miamibeachfl.gov\/"},{"@type":"ListItem","position":2,"name":"City Hall","item":"https:\/\/www.miamibeachfl.gov\/city-hall\/"},{"@type":"ListItem","position":3,"name":"Transportation &#038; Mobility","item":"https:\/\/www.miamibeachfl.gov\/city-hall\/transportation\/"},{"@type":"ListItem","position":4,"name":"On-Demand Transit Service"}]},{"@type":"WebSite","@id":"https:\/\/www.miamibeachfl.gov\/#website","url":"https:\/\/www.miamibeachfl.gov\/","name":"Ciudad de Miami Beach","description":"Sitio web oficial de la Ciudad de Miami Beach. Mant\u00e9ngase informado, encuentre informaci\u00f3n importante sobre servicios municipales, noticias, alertas, eventos, rutas de tranv\u00edas, empleos gubernamentales y m\u00e1s.","publisher":{"@id":"https:\/\/www.miamibeachfl.gov\/#organization"},"potentialAction":[{"@type":"SearchAction","target":{"@type":"EntryPoint","urlTemplate":"https:\/\/www.miamibeachfl.gov\/?s={search_term_string}"},"query-input":{"@type":"PropertyValueSpecification","valueRequired":true,"valueName":"search_term_string"}}],"inLanguage":"es"},{"@type":"Organization","@id":"https:\/\/www.miamibeachfl.gov\/#organization","name":"Ciudad de Miami Beach","url":"https:\/\/www.miamibeachfl.gov\/","logo":{"@type":"ImageObject","inLanguage":"es","@id":"https:\/\/www.miamibeachfl.gov\/#\/schema\/logo\/image\/","url":"https:\/\/www.miamibeachfl.gov\/wp-content\/uploads\/2022\/06\/miamibeach-logoblue.png","contentUrl":"https:\/\/www.miamibeachfl.gov\/wp-content\/uploads\/2022\/06\/miamibeach-logoblue.png","width":1962,"height":381,"caption":"City of Miami Beach"},"image":{"@id":"https:\/\/www.miamibeachfl.gov\/#\/schema\/logo\/image\/"},"sameAs":["https:\/\/www.facebook.com\/cityofmiamibeach","https:\/\/x.com\/Miamibeachnews","https:\/\/www.instagram.com\/miamibeachnews\/"],"description":"Sitio web oficial de la Ciudad de Miami Beach. Mant\u00e9ngase informado, encuentre informaci\u00f3n importante sobre servicios municipales, noticias, alertas, eventos, rutas de tranv\u00edas, empleos gubernamentales y m\u00e1s.","telephone":"305.604.CITY(2489)","legalName":"City of Miami Beach"}]}},"_links":{"self":[{"href":"https:\/\/www.miamibeachfl.gov\/es\/wp-json\/wp\/v2\/pages\/103685","targetHints":{"allow":["GET"]}}],"collection":[{"href":"https:\/\/www.miamibeachfl.gov\/es\/wp-json\/wp\/v2\/pages"}],"about":[{"href":"https:\/\/www.miamibeachfl.gov\/es\/wp-json\/wp\/v2\/types\/page"}],"author":[{"embeddable":true,"href":"https:\/\/www.miamibeachfl.gov\/es\/wp-json\/wp\/v2\/users\/222"}],"replies":[{"embeddable":true,"href":"https:\/\/www.miamibeachfl.gov\/es\/wp-json\/wp\/v2\/comments?post=103685"}],"version-history":[{"count":4,"href":"https:\/\/www.miamibeachfl.gov\/es\/wp-json\/wp\/v2\/pages\/103685\/revisions"}],"predecessor-version":[{"id":385180,"href":"https:\/\/www.miamibeachfl.gov\/es\/wp-json\/wp\/v2\/pages\/103685\/revisions\/385180"}],"up":[{"embeddable":true,"href":"https:\/\/www.miamibeachfl.gov\/es\/wp-json\/wp\/v2\/pages\/28743"}],"wp:attachment":[{"href":"https:\/\/www.miamibeachfl.gov\/es\/wp-json\/wp\/v2\/media?parent=103685"}],"wp:term":[{"taxonomy":"category","embeddable":true,"href":"https:\/\/www.miamibeachfl.gov\/es\/wp-json\/wp\/v2\/categories?post=103685"},{"taxonomy":"post_tag","embeddable":true,"href":"https:\/\/www.miamibeachfl.gov\/es\/wp-json\/wp\/v2\/tags?post=103685"}],"curies":[{"name":"gracias","href":"https:\/\/api.w.org\/{rel}","templated":true}]}}