{"id":110075,"date":"2019-07-16T09:13:04","date_gmt":"2019-07-16T13:13:04","guid":{"rendered":"http:\/\/www.miamibeachfl.gov\/?page_id=110075"},"modified":"2026-01-07T11:24:12","modified_gmt":"2026-01-07T16:24:12","slug":"sobecats","status":"publish","type":"page","link":"https:\/\/www.miamibeachfl.gov\/es\/city-hall\/public-works\/sobecats\/","title":{"rendered":"Programa de gatos comunitarios de Miami Beach"},"content":{"rendered":"<img decoding=\"async\" src=\"https:\/\/www.miamibeachfl.gov\/wp-content\/uploads\/2022\/07\/hero-small.jpg\" alt=\"ocean drive art deco buildings\" itemprop=\"image\" height=\"211\" width=\"2395\" title=\"h\u00e9roe peque\u00f1o\" onerror=\"this.style.display='none'\" loading=\"lazy\" \/>\n<h1>\n\t\t\tPrograma de gatos comunitarios de Miami Beach\t<\/h1>\n\t<nav id=\"breadcrumbs\" aria-label=\"Pan rallado\"><a href=\"https:\/\/www.miamibeachfl.gov\/es\/\">Hogar<\/a> &gt; <a href=\"https:\/\/www.miamibeachfl.gov\/es\/city-hall\/\">Ayuntamiento<\/a> &gt; <a href=\"https:\/\/www.miamibeachfl.gov\/es\/city-hall\/public-works\/\">Obras p\u00fablicas<\/a> &gt; <strong>Programa de gatos comunitarios de Miami Beach<\/strong><\/nav>\n\t<p>La ciudad de Miami Beach se asocia con SoBe Cats Spay &amp; Neuter, Inc. para gestionar de forma humana la poblaci\u00f3n de gatos de la comunidad de nuestra ciudad a trav\u00e9s de un enfoque de tres frentes:<\/p>\n<ol>\n<li><u><strong>Atrapar, esterilizar, vacunar, devolver (TNVR)<\/strong>:<\/u> Facilitamos los eventos de TNVR con cazadores voluntarios de la zona para gatos comunitarios que no pueden ser adoptados. Kitty Campus, Saving Sage Animal Rescue, Sobe Cats, Operation Paw y la cl\u00ednica m\u00f3vil de Servicios para Animales de Miami-Dade colaboran con la ciudad en estas iniciativas.<strong><br \/>\n<a href=\"https:\/\/form.jotform.com\/SoBeCats\/TNVRRequest\">Solicitud TNVR (haga clic aqu\u00ed)<\/a><\/strong><\/li>\n<li><strong>Adopci\u00f3n:<\/strong> Esterilizamos y colocamos gatitos amigables y adoptables en nuestro fant\u00e1stico programa de adopci\u00f3n en el Kitty Campus para que podamos encontrarles un hogar amoroso y sacarlos de la calle. Los gatitos adoptables han pasado por un breve proceso de cuarentena donde se les desparasita, vacuna y se les administra un medicamento antipulgas, etc.<br \/>\n<strong><a href=\"https:\/\/linktr.ee\/kittycampusadoption\">ADOPCI\u00d3N DE GATITOS, SOLICITUD Y CONTRATO (click aqu\u00ed)<\/a><\/strong><\/li>\n<li><u><strong>Programa de Alimentadores Registrados<\/strong>:<\/u> Ayudamos a los gatos de nuestra comunidad a vivir al aire libre de forma humana mediante nuestro Programa de Comederos Registrados. Nuestros comederos son parte integral del programa TNVR, ya que no solo alimentan y les proporcionan agua fresca, sino que tambi\u00e9n ayudan a monitorear las colonias de gatos. Los comederos siguen las mejores pr\u00e1cticas para educar sobre las opciones y t\u00e9cnicas de TNVR, lo que nos permite asegurar que los gatos sean esterilizados y vacunados.<\/li>\n<\/ol>\n<h2><strong>Ay\u00fadenos a controlar la poblaci\u00f3n de gatos en su vecindario siguiendo estas reglas:<\/strong><\/h2>\n<ul>\n<li>Reg\u00edstrate para ser alimentador o trampero. Capacitamos y educamos a voluntarios sobre las mejores pr\u00e1cticas para trabajar con gatos comunitarios.<\/li>\n<li>No invadir propiedad privada mientras se alimenta a los gatos.<\/li>\n<li>Mantenga las \u00e1reas de alimentaci\u00f3n limpias y fuera de la vista dejando la comida por no m\u00e1s de una hora.<\/li>\n<li>Reporte gatos nuevos para el programa Captura-Esterilizaci\u00f3n-Vacunaci\u00f3n-Devoluci\u00f3n (TNVR). Los gatos esterilizados se identifican por un corte en la oreja izquierda.<\/li>\n<li>Para disuadir a los gatos de entrar en su propiedad, los elementos disuasorios naturales incluyen c\u00e1scaras frescas de naranja y lim\u00f3n, fragancias con aromas c\u00edtricos, posos de caf\u00e9, vinagre, tabaco de pipa, as\u00ed como aceites de lavanda, limoncillo, citronela y eucalipto.<\/li>\n<\/ul>\n<h3><strong>\u00a1Siempre se necesitan voluntarios registrados!<\/strong><\/h3>\n<ul>\n<li>Puedes ser voluntario en el Kitty Campus, como alimentador y\/o trampero registrado.<\/li>\n<li>Los comederos registrados son la clave de nuestro \u00e9xito, ya que los gatos se congregan alrededor de los lugares de alimentaci\u00f3n, lo que hace que sea m\u00e1s f\u00e1cil atrapar, tratar y monitorear sus poblaciones.<\/li>\n<li>Los alimentadores son los primeros en identificar a los gatos que necesitan ser esterilizados y en localizar nuevas camadas de gatitos mientras a\u00fan son lo suficientemente j\u00f3venes para ser adoptables.<\/li>\n<\/ul>\n<p>Para convertirse en un alimentador\/trampero voluntario registrado, env\u00ede un correo electr\u00f3nico a <strong><a href=\"mailto:info@SoBeCats.org\">info@SoBeCats.org<\/a>.<\/strong><\/p>\n<p>Para donar, por favor visite <strong><a href=\"http:\/\/www.sobecatsspayandneuter.org\">www.sobecatsspayandneuter.org.<\/a><\/strong><\/p>\n<p><a href=\"https:\/\/www.miamidade.gov\/global\/animals\/home.page\"><strong>Haga clic aqu\u00ed para visitar los Servicios para Animales del Condado de Miami-Dade.<\/strong><\/a><\/p>\n<h3><strong>El Departamento de Servicios para Animales del Condado de Miami-Dade recomienda &quot;No secuestre a los gatitos&quot; esta temporada de gatitos.<\/strong><\/h3>\n<p><img loading=\"lazy\" decoding=\"async\" src=\"https:\/\/www.miamibeachfl.gov\/wp-content\/uploads\/2024\/06\/Kitten-Flyer.jpeg\" alt=\"Kitten Flyer\" width=\"500\" height=\"500\" \/><\/p>\n<p>En la mayor\u00eda de los casos, los gatitos reci\u00e9n nacidos no necesitan intervenci\u00f3n humana y, de hecho, al llevarse a estos gatitos tan peque\u00f1os, se crean gatitos hu\u00e9rfanos con pocas posibilidades de sobrevivir sin su madre. Siempre es mejor mantener a la madre y a los gatitos juntos para asegurar que los gatitos puedan desarrollarse bien, al menos hasta que aprendan a comer por s\u00ed solos y puedan ser separados de forma segura para su socializaci\u00f3n y adopci\u00f3n. Debido a la atenci\u00f3n constante que requieren los gatitos neonatos, la tasa de mortalidad es muy alta. Dependemos de voluntarios para brindarles a los gatitos neonatos hu\u00e9rfanos el cuidado que necesitan para sobrevivir. Si desea ser voluntario, acoger a un gatito o reportar gatitos, por favor, cont\u00e1ctenos.<strong> <a href=\"mailto:info@sobecats.org\">info@sobecats.org<\/a><\/strong><\/p>\n<p>Si encuentra una camada de gatitos, los residentes deben recordar:<\/p>\n<ol>\n<li>D\u00e9jalos donde est\u00e1n a menos que parezcan estar en peligro. No interfieras con los gatitos, ya que podr\u00edas estresar a la madre. Si deseas brindarles ayuda, considera proporcionarles comida y agua a una distancia adecuada del nido.<\/li>\n<li>Si los gatitos est\u00e1n en peligro inmediato, como debajo de un autom\u00f3vil o en un \u00e1rea inundada, busque un lugar seguro cercano para reubicarlos. <u>Si debes moverlos, aseg\u00farate de que a\u00fan est\u00e9n lo suficientemente cerca para que su madre pueda encontrarlos.<\/u><\/li>\n<li>Observa a los gatitos desde la distancia. <u>Lo m\u00e1s probable es que la madre est\u00e9 buscando comida y regrese para cuidar a sus cr\u00edas.<\/u><\/li>\n<li>Si ha observado a los gatitos durante 24 horas y est\u00e1 seguro de que la madre no regresar\u00e1, puede intervenir y cuidarlos. Para obtener todos los recursos relacionados con los gatitos, consulte <strong><a href=\"https:\/\/www.kittenlady.org\">https:\/\/www.kittenlady.org\/<\/a><\/strong><\/li>\n<li>Si encuentra gatitos que comen de forma independiente, comun\u00edquese con SoBe Cats, el coordinador del programa de gatos de Miami Beach o un refugio local.<\/li>\n<\/ol>\n<p>SoBe Cats Kitty Campus es un RESCATE 501C3 que NO SACRIFICA y que debe tener una POL\u00cdTICA DE ADMISI\u00d3N LIMITADA para brindar la atenci\u00f3n de calidad que cada gatito necesita para una salud \u00f3ptima. Kitty Campus nunca sacrificar\u00e1 a un gato por falta de espacio, problemas de comportamiento o enfermedades tratables.<\/p>\n<p>Si encuentra gatitos, env\u00edenos un correo electr\u00f3nico. <strong><a href=\"mailto:info@sobecats.org\">info@sobecats.org.<\/a><\/strong> Kitty Campus no acepta gatitos\/gatos sin cita previa ya que hay una lista de espera en curso.<\/p>\n<p>&nbsp;<\/p>\n\t<p>Texto<\/p>\n\t\tNavegar a\u2026\t\t\t\n\t\t\t\t\t<ul id=\"menu-public-works-menu\"><li id=\"menu-item-364156\"><a href=\"\/es\/ada\/\">Informaci\u00f3n sobre la ADA<\/a><\/li>\n<li id=\"menu-item-364157\"><a href=\"\/es\/city-hall\/public-works\/elevator-division\/\">Divisi\u00f3n de Ascensores<\/a><\/li>\n<li id=\"menu-item-364158\"><a href=\"\/es\/city-hall\/public-works\/engineering-division\/\">Divisi\u00f3n de Ingenier\u00eda<\/a><\/li>\n<li id=\"menu-item-364159\"><a href=\"\/es\/city-hall\/public-works\/geographical-information-systems\/\">Sistemas de Informaci\u00f3n Geogr\u00e1fica<\/a><\/li>\n<li id=\"menu-item-364160\"><a href=\"\/es\/city-hall\/public-works\/green-space-management-division\/\">Gesti\u00f3n de espacios verdes<\/a><\/li>\n<li id=\"menu-item-364161\"><a href=\"\/es\/city-hall\/public-works\/manual-standards\/\">Normas manuales<\/a><\/li>\n<li id=\"menu-item-364162\"><a href=\"\/es\/city-hall\/public-works\/operations-division\/\">Divisi\u00f3n de Operaciones<\/a><\/li>\n<li id=\"menu-item-364163\"><a href=\"\/es\/city-hall\/public-works\/process-workflows-and-checklists\/\">Flujos de trabajo y listas de verificaci\u00f3n del proceso de permisos<\/a><\/li>\n<li id=\"menu-item-364164\"><a href=\"\/es\/city-hall\/public-works\/permitting-faq-4\/\">Preguntas frecuentes sobre permisos<\/a><\/li>\n<li id=\"menu-item-364165\"><a href=\"\/es\/city-hall\/public-works\/sanitation-division\/\">Divisi\u00f3n de Saneamiento<\/a><\/li>\n<li id=\"menu-item-364166\"><a href=\"\/es\/city-hall\/public-works\/utility-rates\/\">Estructuras de tarifas de servicios p\u00fablicos<\/a><\/li>\n<\/ul>\t\n\t<div class=\"page-navigation\"><a class=\"prev-page\" href=\"https:\/\/www.miamibeachfl.gov\/es\/city-hall\/public-works\/operations-division\/\">\u2190 Divisi\u00f3n de Operaciones<\/a> <a class=\"next-page\" href=\"https:\/\/www.miamibeachfl.gov\/es\/city-hall\/public-works\/process-workflows-and-checklists\/\">Flujos de trabajo y listas de verificaci\u00f3n del proceso de permisos \u2192<\/a><\/div>","protected":false},"excerpt":{"rendered":"<p>Miami Beach Community Cat Program Home &gt; City Hall &gt; Public Works &gt; Miami Beach Community Cat Program The City [&hellip;]<\/p>\n","protected":false},"author":222,"featured_media":0,"parent":28931,"menu_order":79,"comment_status":"closed","ping_status":"closed","template":"","meta":{"_searchwp_excluded":"","site-sidebar-layout":"default","site-content-layout":"","ast-site-content-layout":"default","site-content-style":"default","site-sidebar-style":"default","ast-global-header-display":"","ast-banner-title-visibility":"","ast-main-header-display":"","ast-hfb-above-header-display":"","ast-hfb-below-header-display":"","ast-hfb-mobile-header-display":"","site-post-title":"","ast-breadcrumbs-content":"","ast-featured-img":"","footer-sml-layout":"","theme-transparent-header-meta":"","adv-header-id-meta":"","stick-header-meta":"","header-above-stick-meta":"","header-main-stick-meta":"","header-below-stick-meta":"","astra-migrate-meta-layouts":"default","ast-page-background-enabled":"default","ast-page-background-meta":{"desktop":{"background-color":"var(--ast-global-color-5)","background-image":"","background-repeat":"repeat","background-position":"center center","background-size":"auto","background-attachment":"scroll","background-type":"","background-media":"","overlay-type":"","overlay-color":"","overlay-opacity":"","overlay-gradient":""},"tablet":{"background-color":"","background-image":"","background-repeat":"repeat","background-position":"center center","background-size":"auto","background-attachment":"scroll","background-type":"","background-media":"","overlay-type":"","overlay-color":"","overlay-opacity":"","overlay-gradient":""},"mobile":{"background-color":"","background-image":"","background-repeat":"repeat","background-position":"center center","background-size":"auto","background-attachment":"scroll","background-type":"","background-media":"","overlay-type":"","overlay-color":"","overlay-opacity":"","overlay-gradient":""}},"ast-content-background-meta":{"desktop":{"background-color":"var(--ast-global-color-4)","background-image":"","background-repeat":"repeat","background-position":"center center","background-size":"auto","background-attachment":"scroll","background-type":"","background-media":"","overlay-type":"","overlay-color":"","overlay-opacity":"","overlay-gradient":""},"tablet":{"background-color":"var(--ast-global-color-4)","background-image":"","background-repeat":"repeat","background-position":"center center","background-size":"auto","background-attachment":"scroll","background-type":"","background-media":"","overlay-type":"","overlay-color":"","overlay-opacity":"","overlay-gradient":""},"mobile":{"background-color":"var(--ast-global-color-4)","background-image":"","background-repeat":"repeat","background-position":"center center","background-size":"auto","background-attachment":"scroll","background-type":"","background-media":"","overlay-type":"","overlay-color":"","overlay-opacity":"","overlay-gradient":""}},"footnotes":""},"categories":[],"tags":[],"class_list":["post-110075","page","type-page","status-publish","hentry"],"yoast_head":"<!-- This site is optimized with the Yoast SEO Premium plugin v27.4 (Yoast SEO v27.4) - https:\/\/yoast.com\/product\/yoast-seo-premium-wordpress\/ -->\n<title>Miami Beach Community Cat Program - City of Miami Beach<\/title>\n<meta name=\"description\" content=\"%\" \/>\n<meta name=\"robots\" content=\"index, follow, max-snippet:-1, max-image-preview:large, max-video-preview:-1\" \/>\n<link rel=\"canonical\" href=\"https:\/\/www.miamibeachfl.gov\/es\/city-hall\/public-works\/sobecats\/\" \/>\n<meta property=\"og:locale\" content=\"es_ES\" \/>\n<meta property=\"og:type\" content=\"article\" \/>\n<meta property=\"og:title\" content=\"Miami Beach Community Cat Program\" \/>\n<meta property=\"og:description\" content=\"%\" \/>\n<meta property=\"og:url\" content=\"https:\/\/www.miamibeachfl.gov\/es\/city-hall\/public-works\/sobecats\/\" \/>\n<meta property=\"og:site_name\" content=\"City of Miami Beach\" \/>\n<meta property=\"article:publisher\" content=\"https:\/\/www.facebook.com\/cityofmiamibeach\" \/>\n<meta property=\"article:modified_time\" content=\"2026-01-07T16:24:12+00:00\" \/>\n<meta property=\"og:image\" content=\"https:\/\/www.miamibeachfl.gov\/wp-content\/uploads\/2022\/07\/hero-small.jpg\" \/>\n<meta name=\"twitter:card\" content=\"summary_large_image\" \/>\n<meta name=\"twitter:site\" content=\"@Miamibeachnews\" \/>\n<script type=\"application\/ld+json\" class=\"yoast-schema-graph\">{\"@context\":\"https:\\\/\\\/schema.org\",\"@graph\":[{\"@type\":\"WebPage\",\"@id\":\"https:\\\/\\\/www.miamibeachfl.gov\\\/city-hall\\\/public-works\\\/sobecats\\\/\",\"url\":\"https:\\\/\\\/www.miamibeachfl.gov\\\/city-hall\\\/public-works\\\/sobecats\\\/\",\"name\":\"Miami Beach Community Cat Program - City of Miami Beach\",\"isPartOf\":{\"@id\":\"https:\\\/\\\/www.miamibeachfl.gov\\\/#website\"},\"primaryImageOfPage\":{\"@id\":\"https:\\\/\\\/www.miamibeachfl.gov\\\/city-hall\\\/public-works\\\/sobecats\\\/#primaryimage\"},\"image\":{\"@id\":\"https:\\\/\\\/www.miamibeachfl.gov\\\/city-hall\\\/public-works\\\/sobecats\\\/#primaryimage\"},\"thumbnailUrl\":\"https:\\\/\\\/www.miamibeachfl.gov\\\/wp-content\\\/uploads\\\/2022\\\/07\\\/hero-small.jpg\",\"datePublished\":\"2019-07-16T13:13:04+00:00\",\"dateModified\":\"2026-01-07T16:24:12+00:00\",\"description\":\"%\",\"breadcrumb\":{\"@id\":\"https:\\\/\\\/www.miamibeachfl.gov\\\/city-hall\\\/public-works\\\/sobecats\\\/#breadcrumb\"},\"inLanguage\":\"es\",\"potentialAction\":[{\"@type\":\"ReadAction\",\"target\":[\"https:\\\/\\\/www.miamibeachfl.gov\\\/city-hall\\\/public-works\\\/sobecats\\\/\"]}]},{\"@type\":\"ImageObject\",\"inLanguage\":\"es\",\"@id\":\"https:\\\/\\\/www.miamibeachfl.gov\\\/city-hall\\\/public-works\\\/sobecats\\\/#primaryimage\",\"url\":\"https:\\\/\\\/www.miamibeachfl.gov\\\/wp-content\\\/uploads\\\/2022\\\/07\\\/hero-small.jpg\",\"contentUrl\":\"https:\\\/\\\/www.miamibeachfl.gov\\\/wp-content\\\/uploads\\\/2022\\\/07\\\/hero-small.jpg\"},{\"@type\":\"BreadcrumbList\",\"@id\":\"https:\\\/\\\/www.miamibeachfl.gov\\\/city-hall\\\/public-works\\\/sobecats\\\/#breadcrumb\",\"itemListElement\":[{\"@type\":\"ListItem\",\"position\":1,\"name\":\"Home\",\"item\":\"https:\\\/\\\/www.miamibeachfl.gov\\\/\"},{\"@type\":\"ListItem\",\"position\":2,\"name\":\"City Hall\",\"item\":\"https:\\\/\\\/www.miamibeachfl.gov\\\/city-hall\\\/\"},{\"@type\":\"ListItem\",\"position\":3,\"name\":\"Public Works\",\"item\":\"https:\\\/\\\/www.miamibeachfl.gov\\\/city-hall\\\/public-works\\\/\"},{\"@type\":\"ListItem\",\"position\":4,\"name\":\"Miami Beach Community Cat Program\"}]},{\"@type\":\"WebSite\",\"@id\":\"https:\\\/\\\/www.miamibeachfl.gov\\\/#website\",\"url\":\"https:\\\/\\\/www.miamibeachfl.gov\\\/\",\"name\":\"City of Miami Beach\",\"description\":\"The official website of the City of Miami Beach. Stay informed, find important information on city services, news, alerts, events, trolley routes, government employment and more.\",\"publisher\":{\"@id\":\"https:\\\/\\\/www.miamibeachfl.gov\\\/#organization\"},\"potentialAction\":[{\"@type\":\"SearchAction\",\"target\":{\"@type\":\"EntryPoint\",\"urlTemplate\":\"https:\\\/\\\/www.miamibeachfl.gov\\\/?s={search_term_string}\"},\"query-input\":{\"@type\":\"PropertyValueSpecification\",\"valueRequired\":true,\"valueName\":\"search_term_string\"}}],\"inLanguage\":\"es\"},{\"@type\":\"Organization\",\"@id\":\"https:\\\/\\\/www.miamibeachfl.gov\\\/#organization\",\"name\":\"City of Miami Beach\",\"url\":\"https:\\\/\\\/www.miamibeachfl.gov\\\/\",\"logo\":{\"@type\":\"ImageObject\",\"inLanguage\":\"es\",\"@id\":\"https:\\\/\\\/www.miamibeachfl.gov\\\/#\\\/schema\\\/logo\\\/image\\\/\",\"url\":\"https:\\\/\\\/www.miamibeachfl.gov\\\/wp-content\\\/uploads\\\/2022\\\/06\\\/miamibeach-logoblue.png\",\"contentUrl\":\"https:\\\/\\\/www.miamibeachfl.gov\\\/wp-content\\\/uploads\\\/2022\\\/06\\\/miamibeach-logoblue.png\",\"width\":1962,\"height\":381,\"caption\":\"City of Miami Beach\"},\"image\":{\"@id\":\"https:\\\/\\\/www.miamibeachfl.gov\\\/#\\\/schema\\\/logo\\\/image\\\/\"},\"sameAs\":[\"https:\\\/\\\/www.facebook.com\\\/cityofmiamibeach\",\"https:\\\/\\\/x.com\\\/Miamibeachnews\",\"https:\\\/\\\/www.instagram.com\\\/miamibeachnews\\\/\"],\"description\":\"The official website of the City of Miami Beach. Stay informed, find important information on city services, news, alerts, events, trolley routes, government employment and more.\",\"telephone\":\"305.604.CITY(2489)\",\"legalName\":\"City of Miami Beach\"}]}<\/script>\n<!-- \/ Yoast SEO Premium plugin. -->","yoast_head_json":{"title":"Programa de Gatos de la Comunidad de Miami Beach - Ciudad de Miami Beach","description":"%","robots":{"index":"index","follow":"follow","max-snippet":"max-snippet:-1","max-image-preview":"max-image-preview:large","max-video-preview":"max-video-preview:-1"},"canonical":"https:\/\/www.miamibeachfl.gov\/es\/city-hall\/public-works\/sobecats\/","og_locale":"es_ES","og_type":"article","og_title":"Miami Beach Community Cat Program","og_description":"%","og_url":"https:\/\/www.miamibeachfl.gov\/es\/city-hall\/public-works\/sobecats\/","og_site_name":"City of Miami Beach","article_publisher":"https:\/\/www.facebook.com\/cityofmiamibeach","article_modified_time":"2026-01-07T16:24:12+00:00","og_image":[{"url":"https:\/\/www.miamibeachfl.gov\/wp-content\/uploads\/2022\/07\/hero-small.jpg","type":"","width":"","height":""}],"twitter_card":"summary_large_image","twitter_site":"@Miamibeachnews","schema":{"@context":"https:\/\/schema.org","@graph":[{"@type":"WebPage","@id":"https:\/\/www.miamibeachfl.gov\/city-hall\/public-works\/sobecats\/","url":"https:\/\/www.miamibeachfl.gov\/city-hall\/public-works\/sobecats\/","name":"Programa de Gatos de la Comunidad de Miami Beach - Ciudad de Miami Beach","isPartOf":{"@id":"https:\/\/www.miamibeachfl.gov\/#website"},"primaryImageOfPage":{"@id":"https:\/\/www.miamibeachfl.gov\/city-hall\/public-works\/sobecats\/#primaryimage"},"image":{"@id":"https:\/\/www.miamibeachfl.gov\/city-hall\/public-works\/sobecats\/#primaryimage"},"thumbnailUrl":"https:\/\/www.miamibeachfl.gov\/wp-content\/uploads\/2022\/07\/hero-small.jpg","datePublished":"2019-07-16T13:13:04+00:00","dateModified":"2026-01-07T16:24:12+00:00","description":"%","breadcrumb":{"@id":"https:\/\/www.miamibeachfl.gov\/city-hall\/public-works\/sobecats\/#breadcrumb"},"inLanguage":"es","potentialAction":[{"@type":"ReadAction","target":["https:\/\/www.miamibeachfl.gov\/city-hall\/public-works\/sobecats\/"]}]},{"@type":"ImageObject","inLanguage":"es","@id":"https:\/\/www.miamibeachfl.gov\/city-hall\/public-works\/sobecats\/#primaryimage","url":"https:\/\/www.miamibeachfl.gov\/wp-content\/uploads\/2022\/07\/hero-small.jpg","contentUrl":"https:\/\/www.miamibeachfl.gov\/wp-content\/uploads\/2022\/07\/hero-small.jpg"},{"@type":"BreadcrumbList","@id":"https:\/\/www.miamibeachfl.gov\/city-hall\/public-works\/sobecats\/#breadcrumb","itemListElement":[{"@type":"ListItem","position":1,"name":"Home","item":"https:\/\/www.miamibeachfl.gov\/"},{"@type":"ListItem","position":2,"name":"City Hall","item":"https:\/\/www.miamibeachfl.gov\/city-hall\/"},{"@type":"ListItem","position":3,"name":"Public Works","item":"https:\/\/www.miamibeachfl.gov\/city-hall\/public-works\/"},{"@type":"ListItem","position":4,"name":"Miami Beach Community Cat Program"}]},{"@type":"WebSite","@id":"https:\/\/www.miamibeachfl.gov\/#website","url":"https:\/\/www.miamibeachfl.gov\/","name":"Ciudad de Miami Beach","description":"Sitio web oficial de la Ciudad de Miami Beach. Mant\u00e9ngase informado, encuentre informaci\u00f3n importante sobre servicios municipales, noticias, alertas, eventos, rutas de tranv\u00edas, empleos gubernamentales y m\u00e1s.","publisher":{"@id":"https:\/\/www.miamibeachfl.gov\/#organization"},"potentialAction":[{"@type":"SearchAction","target":{"@type":"EntryPoint","urlTemplate":"https:\/\/www.miamibeachfl.gov\/?s={search_term_string}"},"query-input":{"@type":"PropertyValueSpecification","valueRequired":true,"valueName":"search_term_string"}}],"inLanguage":"es"},{"@type":"Organization","@id":"https:\/\/www.miamibeachfl.gov\/#organization","name":"Ciudad de Miami Beach","url":"https:\/\/www.miamibeachfl.gov\/","logo":{"@type":"ImageObject","inLanguage":"es","@id":"https:\/\/www.miamibeachfl.gov\/#\/schema\/logo\/image\/","url":"https:\/\/www.miamibeachfl.gov\/wp-content\/uploads\/2022\/06\/miamibeach-logoblue.png","contentUrl":"https:\/\/www.miamibeachfl.gov\/wp-content\/uploads\/2022\/06\/miamibeach-logoblue.png","width":1962,"height":381,"caption":"City of Miami Beach"},"image":{"@id":"https:\/\/www.miamibeachfl.gov\/#\/schema\/logo\/image\/"},"sameAs":["https:\/\/www.facebook.com\/cityofmiamibeach","https:\/\/x.com\/Miamibeachnews","https:\/\/www.instagram.com\/miamibeachnews\/"],"description":"Sitio web oficial de la Ciudad de Miami Beach. Mant\u00e9ngase informado, encuentre informaci\u00f3n importante sobre servicios municipales, noticias, alertas, eventos, rutas de tranv\u00edas, empleos gubernamentales y m\u00e1s.","telephone":"305.604.CITY(2489)","legalName":"City of Miami Beach"}]}},"_links":{"self":[{"href":"https:\/\/www.miamibeachfl.gov\/es\/wp-json\/wp\/v2\/pages\/110075","targetHints":{"allow":["GET"]}}],"collection":[{"href":"https:\/\/www.miamibeachfl.gov\/es\/wp-json\/wp\/v2\/pages"}],"about":[{"href":"https:\/\/www.miamibeachfl.gov\/es\/wp-json\/wp\/v2\/types\/page"}],"author":[{"embeddable":true,"href":"https:\/\/www.miamibeachfl.gov\/es\/wp-json\/wp\/v2\/users\/222"}],"replies":[{"embeddable":true,"href":"https:\/\/www.miamibeachfl.gov\/es\/wp-json\/wp\/v2\/comments?post=110075"}],"version-history":[{"count":3,"href":"https:\/\/www.miamibeachfl.gov\/es\/wp-json\/wp\/v2\/pages\/110075\/revisions"}],"predecessor-version":[{"id":394689,"href":"https:\/\/www.miamibeachfl.gov\/es\/wp-json\/wp\/v2\/pages\/110075\/revisions\/394689"}],"up":[{"embeddable":true,"href":"https:\/\/www.miamibeachfl.gov\/es\/wp-json\/wp\/v2\/pages\/28931"}],"wp:attachment":[{"href":"https:\/\/www.miamibeachfl.gov\/es\/wp-json\/wp\/v2\/media?parent=110075"}],"wp:term":[{"taxonomy":"category","embeddable":true,"href":"https:\/\/www.miamibeachfl.gov\/es\/wp-json\/wp\/v2\/categories?post=110075"},{"taxonomy":"post_tag","embeddable":true,"href":"https:\/\/www.miamibeachfl.gov\/es\/wp-json\/wp\/v2\/tags?post=110075"}],"curies":[{"name":"gracias","href":"https:\/\/api.w.org\/{rel}","templated":true}]}}