{"id":111227,"date":"2019-07-30T16:37:56","date_gmt":"2019-07-30T20:37:56","guid":{"rendered":"http:\/\/www.miamibeachfl.gov\/city-hall\/city-clerk\/election-information\/cmb_election\/election-related-resolutions\/"},"modified":"2025-02-23T14:29:03","modified_gmt":"2025-02-23T19:29:03","slug":"election-related-resolutions","status":"publish","type":"page","link":"https:\/\/www.miamibeachfl.gov\/es\/city-hall\/city-clerk\/election-information\/cmb_election\/election-related-resolutions\/","title":{"rendered":"Resoluciones relacionadas con las elecciones"},"content":{"rendered":"<img loading=\"lazy\" decoding=\"async\" src=\"https:\/\/www.miamibeachfl.gov\/wp-content\/uploads\/2022\/07\/hero-small.jpg\" alt=\"ocean drive art deco buildings\" itemprop=\"image\" height=\"211\" width=\"2395\" title=\"h\u00e9roe peque\u00f1o\" onerror=\"this.style.display='none'\"  \/>\n<h1>\n\t\tResoluciones relacionadas con las elecciones\n\t<\/h1>\n\t<nav id=\"breadcrumbs\" aria-label=\"Pan rallado\"><a href=\"https:\/\/www.miamibeachfl.gov\/es\/\">Hogar<\/a> &gt; <a href=\"https:\/\/www.miamibeachfl.gov\/es\/city-hall\/\">Ayuntamiento<\/a> &gt; <a href=\"https:\/\/www.miamibeachfl.gov\/es\/city-hall\/city-clerk\/\">Secretario de la ciudad<\/a> &gt; <a href=\"https:\/\/www.miamibeachfl.gov\/es\/city-hall\/city-clerk\/election-information\/\">Informaci\u00f3n electoral<\/a> &gt; <a href=\"https:\/\/www.miamibeachfl.gov\/es\/city-hall\/city-clerk\/election-information\/cmb_election\/\">Informaci\u00f3n 2019<\/a> &gt; <strong>Resoluciones relacionadas con las elecciones<\/strong><\/nav>\n\t<ul>\n<li><a href=\"http:\/\/www.miamibeachfl.gov\/wp-content\/uploads\/2019\/07\/Resolution-2019-30895.pdf\">Resoluci\u00f3n No. 2019-30895<\/a><br \/>\nEspa\u00f1ol UNA RESOLUCI\u00d3N DEL ALCALDE Y LA COMISI\u00d3N MUNICIPAL DE LA CIUDAD DE MIAMI BEACH, FLORIDA, CONVOCANDO A UNA ELECCI\u00d3N GENERAL A CELEBRARSE EL 5 DE NOVIEMBRE DE 2019 EN LA CIUDAD DE MIAMI BEACH CON EL PROP\u00d3SITO DE ELEGIR UN ALCALDE Y TRES COMISIONADOS MUNICIPALMENTE (GRUPOS IV, V Y VI); ADEM\u00c1S ESTABLECIENDO UNA ELECCI\u00d3N DE SEGUNDA VUELTA, SI SE REQUIERE, A CELEBRARSE EL 19 DE NOVIEMBRE DE 2019; ESTABLECIENDO LA CELEBRACI\u00d3N DE DICHAS ELECCIONES POR EL DEPARTAMENTO ELECTORAL DEL CONDADO DE MIAMI-DADE; ESTABLECIENDO QUE LOS DISTRITOS DE VOTACI\u00d3N PARA DICHAS ELECCIONES SER\u00c1N LOS ESTABLECIDOS POR EL CONDADO DE MIAMI-DADE; ESTABLECIENDO LA NOTIFICACI\u00d3N DE DICHAS ELECCIONES; ESTABLECIMIENTO DE LAS FORMAS DE VOTAR Y EL REGISTRO DE VOTANTES DE CONFORMIDAD CON LA LEY ESTATAL; Y ESTABLECIMIENTO DEL PAGO PARA LA CELEBRACI\u00d3N DE ELECCIONES EN EL CONDADO DE MIAMI-DADE.<\/li>\n<li><a href=\"http:\/\/www.miamibeachfl.gov\/wp-content\/uploads\/2019\/07\/Resolution-2019-30896.pdf\">Resoluci\u00f3n No. 2019-30896<\/a><br \/>\nRESOLUCI\u00d3N DEL ALCALDE Y LA COMISI\u00d3N MUNICIPAL DE LA CIUDAD DE MIAMI BEACH, FLORIDA, AUTORIZANDO LA VOTACI\u00d3N ANTICIPADA PARA LAS ELECCIONES GENERALES, LAS ELECCIONES ESPECIALES Y, SI SE REQUIERE, UNA SEGUNDA VUELTA ELECTR\u00d3NICA EL 19 DE NOVIEMBRE DE 2019 DE LA CIUDAD DE MIAMI BEACH.<\/li>\n<li><a href=\"http:\/\/www.miamibeachfl.gov\/wp-content\/uploads\/2019\/08\/Resolution-2019-30897.pdf\">Resoluci\u00f3n No. 2019-30897<\/a><br \/>\nRESOLUCI\u00d3N DEL ALCALDE Y LA COMISI\u00d3N MUNICIPAL DE LA CIUDAD DE MIAMI BEACH, FLORIDA, AUTORIZANDO LA ADMINISTRACI\u00d3N PARA VIDEO, GRABAR Y TRANSMITIR EN MBTV LAS PRESENTACIONES EN VIDEO DE LOS CANDIDATOS DE LA COMISI\u00d3N DEL ALCALDE Y LOS GRUPOS IV, V Y VI PARA LAS ELECCIONES GENERALES DEL 5 DE NOVIEMBRE DE 2019.<\/li>\n<li><a href=\"http:\/\/www.miamibeachfl.gov\/wp-content\/uploads\/2019\/08\/Resolution-2019-30898.pdf\">Resoluci\u00f3n No. 2019-30898<\/a><br \/>\nRESOLUCI\u00d3N DEL ALCALDE Y LA COMISI\u00d3N MUNICIPAL DE LA CIUDAD DE MIAMI BEACH, FLORIDA, QUE APRUEBA UN GASTO DE FONDOS PRESUPUESTADOS EN CANTIDADES RAZONABLES Y NECESARIAS PARA EL PROP\u00d3SITO P\u00daBLICO DE INFORMAR Y EDUCAR A LOS VOTANTES DE LA CIUDAD DE MIAMI BEACH CON RESPECTO A LAS PREGUNTAS EN LA BOLETA DE ELECCIONES ESPECIALES DE LA CIUDAD DEL 5 DE NOVIEMBRE DE 2019 CON EL FIN DE LOGRAR UN VOTO DEL ELECTORADO M\u00c1S INFORMADO.<\/li>\n<li><a href=\"http:\/\/www.miamibeachfl.gov\/wp-content\/uploads\/2019\/10\/Resolution-2019-30899.pdf\">Resoluci\u00f3n No. 2019-30899<\/a><br \/>\nEspa\u00f1ol RESOLUCI\u00d3N DEL ALCALDE Y LA COMISI\u00d3N MUNICIPAL DE LA CIUDAD DE MIAMI BEACH, FLORIDA, CONVOCANDO A UNA ELECCI\u00d3N ESPECIAL PARA EL 5 DE NOVIEMBRE DE 2019, CON EL PROP\u00d3SITO DE SOMETER AL ELECTORADO DE LA CIUDAD DE MIAMI BEACH, FLORIDA, UNA PREGUNTA QUE PREGUNTA SI, A PARTIR DE LA ELECCI\u00d3N GENERAL DE LA CIUDAD DE NOVIEMBRE DE 2021, LAS SECCIONES 2.01 Y 2.02 DE LA CARTA DE LA CIUDAD DEBEN ENMENDARSE PARA: AUMENTAR EL MANDATO DEL ALCALDE DE DOS A CUATRO A\u00d1OS; CAMBIAR EL L\u00cdMITE DEL MANDATO DEL ALCALDE DE TRES MANDATO DE DOS A\u00d1OS A DOS MANDATO DE CUATRO A\u00d1OS; CONSERVAR LAS DISPOSICIONES RETROACTIVAS DE MEDICI\u00d3N Y C\u00c1LCULO DE LA CARTA; Y PROH\u00cdBE A LAS PERSONAS SERVIR COMO ALCALDE POR M\u00c1S DE OCHO A\u00d1OS (PER\u00cdODO INCLUYENDO LOS A\u00d1OS ANTERIORMENTE SERVIDOS COMO ALCALDE), EXCEPTO PARA COMPLETAR UN PER\u00cdODO DEL CUAL SE HAYA CUMPLIDO LA MITAD.<\/li>\n<li><a href=\"http:\/\/www.miamibeachfl.gov\/wp-content\/uploads\/2019\/10\/Resolution-2019-30900.pdf\">Resoluci\u00f3n No. 2019-30900<\/a><br \/>\nRESOLUCI\u00d3N DEL ALCALDE Y LA COMISI\u00d3N MUNICIPAL DE LA CIUDAD DE MIAMI BEACH, FLORIDA, QUE CONVOCA A UNA ELECCI\u00d3N ESPECIAL EL 5 DE NOVIEMBRE DE 2019, CON EL PROP\u00d3SITO DE SOMETER AL ELECTORADO DE LA CIUDAD DE MIAMI BEACH, FLORIDA, UNA PREGUNTA QUE PREGUNTA SI, A PARTIR DE LA ELECCI\u00d3N GENERAL DE LA CIUDAD DE NOVIEMBRE DE 2021, LA SECCI\u00d3N 2.02 DE LA CARTA MUNICIPAL DEBER\u00cdA ENMENDARSE PARA AUMENTAR LA COMPENSACI\u00d3N ANUAL DEL ALCALDE Y LOS COMISIONADOS MUNICIPAL,<br \/>\nDICHAS COMPENSACIONES SE INCREMENTAR\u00c1N ANUALMENTE CON BASE EN EL \u00cdNDICE DE PRECIOS AL CONSUMIDOR, SIN EXCEDER EL TRES POR CIENTO ANUAL.<\/li>\n<li><a href=\"http:\/\/www.miamibeachfl.gov\/wp-content\/uploads\/2019\/10\/Resolution-2019-30901.pdf\">Resoluci\u00f3n No. 2019-30901<\/a><br \/>\nRESOLUCI\u00d3N DEL ALCALDE Y LA COMISI\u00d3N MUNICIPAL DE LA CIUDAD DE MIAMI BEACH, FLORIDA, QUE CONVOCA A UNA ELECCI\u00d3N ESPECIAL DE LA CIUDAD DE MIAMI BEACH EL 5 DE NOVIEMBRE DE 2019, CON EL PROP\u00d3SITO DE SOMETER AL ELECTORADO DE LA CIUDAD DE MIAMI BEACH UNA PREGUNTA QUE PREGUNTE SI LA SECCI\u00d3N 2.07 DE LA CARTA DE LA CIUDAD, QUE ESTABLECE PROCEDIMIENTOS PARA LLENAR VACANTES EN LA COMISI\u00d3N MUNICIPAL, DEBE ENMENDARSE PARA CREAR PROCEDIMIENTOS PARA LLENAR UNA VACANTE CAUSADA POR LA RENUNCIA DE UN MIEMBRO DE LA COMISI\u00d3N MUNICIPAL, ACLARAR QUE EN CASO DE CUALQUIER VACANTE, LA COMISI\u00d3N NO EST\u00c1 OBLIGADA A DESIGNAR A ALGUIEN PARA LLENAR LA VACANTE, SINO QUE EN SU LUGAR DEBE DECIDIR SI NOMBRAR O PROGRAMAR UNA ELECCI\u00d3N, Y ESTABLECER HORARIO DE LAS CITAS<br \/>\nY ELECCIONES, CON OTRAS DISPOSICIONES RELACIONADAS CON LAS ELECCIONES QUE SE ESTABLECER\u00c1N EN LA RESOLUCI\u00d3N DE LA CIUDAD QUE PROGRAME DICHAS ELECCIONES.<\/li>\n<li><a href=\"http:\/\/www.miamibeachfl.gov\/wp-content\/uploads\/2019\/10\/Resolution-2019-30902.pdf\">Resoluci\u00f3n No. 2019-30902<\/a><br \/>\nRESOLUCI\u00d3N DEL ALCALDE Y LA COMISI\u00d3N MUNICIPAL DE LA CIUDAD DE MIAMI BEACH, FLORIDA, QUE CONVOCA A UNA ELECCI\u00d3N ESPECIAL EL 5 DE NOVIEMBRE DE 2019, CON EL PROP\u00d3SITO DE SOMETER AL ELECTORADO DE LA CIUDAD DE MIAMI BEACH, FLORIDA, UNA PREGUNTA EN LA BOLETA ELECTORAL QUE PREGUNTA SI EL CENTRO PRINCIPAL DE CONVENCIONES<br \/>\nEL PARQUE\/P -LOT (UBICADO GENERALMENTE AL OESTE DE CONVENTION CENTER DRIVE, AL ESTE DE MERIDIAN AVENUE Y ENTRE LAS CALLES 18 Y 19) SE DEBER\u00c1 NOMBRAR<br \/>\nPARQUE DEL ORGULLO \u201c?<\/li>\n<li><a href=\"http:\/\/www.miamibeachfl.gov\/wp-content\/uploads\/2019\/10\/Resolution-2019-30903.pdf\">Resoluci\u00f3n No. 2019-30903<\/a><br \/>\nRESOLUCI\u00d3N DEL ALCALDE Y LA COMISI\u00d3N MUNICIPAL DE LA CIUDAD DE MIAMI BEACH, FLORIDA, CONVOCANDO A UNA ELECCI\u00d3N ESPECIAL EL 5 DE NOVIEMBRE DE 2019, CON EL PROP\u00d3SITO DE SOMETER AL ELECTORADO DE LA CIUDAD DE MIAMI BEACH, FLORIDA, UNA PREGUNTA ELECTORAL QUE PREGUNTE SI LA COMISI\u00d3N MUNICIPAL DEBER\u00c1 ADOPTAR UNA ORDENANZA QUE AUTORICE EL USO DE NUEVAS \u00c1REAS DE PISO DENTRO DE EDIFICIOS HIST\u00d3RICOS PARA LA REUTILIZACI\u00d3N ADAPTATIVA DE DICHOS EDIFICIOS.<\/li>\n<li><a href=\"http:\/\/www.miamibeachfl.gov\/wp-content\/uploads\/2019\/10\/Resolution-2019-30904.pdf\">Resoluci\u00f3n No. 2019-30904<\/a><br \/>\nRESOLUCI\u00d3N DEL ALCALDE Y LA COMISI\u00d3N MUNICIPAL DE LA CIUDAD DE MIAMI BEACH, FLORIDA, CONVOCANDO A UNA ELECCI\u00d3N ESPECIAL EL 5 DE NOVIEMBRE DE 2019, CON EL PROP\u00d3SITO DE SOMETER AL ELECTORADO DE LA CIUDAD DE MIAMI BEACH, FLORIDA, UNA PREGUNTA ELECTORAL QUE PREGUNTA SI LA COMISI\u00d3N MUNICIPAL DEBER\u00c1 ADOPTAR UNA ORDENANZA QUE AUMENTE LA RELACI\u00d3N M\u00c1XIMA DE \u00c1REA DE PISO A 2.0 PARA EDIFICIOS EN EL DISTRITO CD -2, A LO LARGO DE WASHINGTON AVENUE Y ALTON ROAD, QUE CONTENGAN USOS DE OFICINAS.<\/li>\n<li><a href=\"http:\/\/www.miamibeachfl.gov\/wp-content\/uploads\/2019\/11\/Resolution-2019-31077.pdf\">Resoluci\u00f3n No. 2019-31077<\/a><br \/>\nRESOLUCI\u00d3N DEL ALCALDE Y LA COMISI\u00d3N MUNICIPAL DE LA CIUDAD DE MIAMI BEACH, FLORIDA, QUE ENMIENDA LA RESOLUCI\u00d3N N.\u00b0 2019-30896 DE LA CIUDAD DE MIAMI BEACH CON EL PROP\u00d3SITO LIMITADO DE AUTORIZAR EL VIERNES 15 DE NOVIEMBRE DE 2019 COMO D\u00cdA ADICIONAL DE VOTACI\u00d3N ANTICIPADA PARA LA SEGUNDA VUELTA DE LAS ELECCIONES DE LA CIUDAD DE MIAMI BEACH DEL 19 DE NOVIEMBRE DE 2019.<\/li>\n<\/ul>\n\t\t\t<a href=\"https:\/\/www.miamibeachfl.gov\/es\/city-hall\/city-clerk\/election-information\/cmb_election\/election-related-resolutions\/\" target=\"_self\" rel=\"noopener\">\n\t\t\t\t\t\t\tResoluciones relacionadas con las elecciones\n\t\t\t\t\t<\/a>\n\t<div class=\"page-navigation\"><a class=\"prev-page\" href=\"https:\/\/www.miamibeachfl.gov\/es\/race2trace\/\">\u2190 carrera2trace<\/a> <a class=\"next-page\" href=\"https:\/\/www.miamibeachfl.gov\/es\/city-hall\/customer-service-center\/wait-times\/\">Tiempos de espera \u2192<\/a><\/div>","protected":false},"excerpt":{"rendered":"<p>Resoluciones relacionadas con las elecciones Inicio &gt; Ayuntamiento &gt; Secretario Municipal &gt; Informaci\u00f3n electoral &gt; Informaci\u00f3n de 2019 &gt; Resoluciones relacionadas con las elecciones [\u2026]<\/p>","protected":false},"author":222,"featured_media":0,"parent":88833,"menu_order":111,"comment_status":"closed","ping_status":"closed","template":"page-blank.php","meta":{"_searchwp_excluded":"","site-sidebar-layout":"default","site-content-layout":"","ast-site-content-layout":"default","site-content-style":"default","site-sidebar-style":"default","ast-global-header-display":"","ast-banner-title-visibility":"","ast-main-header-display":"","ast-hfb-above-header-display":"","ast-hfb-below-header-display":"","ast-hfb-mobile-header-display":"","site-post-title":"","ast-breadcrumbs-content":"","ast-featured-img":"","footer-sml-layout":"","theme-transparent-header-meta":"","adv-header-id-meta":"","stick-header-meta":"","header-above-stick-meta":"","header-main-stick-meta":"","header-below-stick-meta":"","astra-migrate-meta-layouts":"default","ast-page-background-enabled":"default","ast-page-background-meta":{"desktop":{"background-color":"var(--ast-global-color-5)","background-image":"","background-repeat":"repeat","background-position":"center center","background-size":"auto","background-attachment":"scroll","background-type":"","background-media":"","overlay-type":"","overlay-color":"","overlay-opacity":"","overlay-gradient":""},"tablet":{"background-color":"","background-image":"","background-repeat":"repeat","background-position":"center center","background-size":"auto","background-attachment":"scroll","background-type":"","background-media":"","overlay-type":"","overlay-color":"","overlay-opacity":"","overlay-gradient":""},"mobile":{"background-color":"","background-image":"","background-repeat":"repeat","background-position":"center center","background-size":"auto","background-attachment":"scroll","background-type":"","background-media":"","overlay-type":"","overlay-color":"","overlay-opacity":"","overlay-gradient":""}},"ast-content-background-meta":{"desktop":{"background-color":"var(--ast-global-color-4)","background-image":"","background-repeat":"repeat","background-position":"center center","background-size":"auto","background-attachment":"scroll","background-type":"","background-media":"","overlay-type":"","overlay-color":"","overlay-opacity":"","overlay-gradient":""},"tablet":{"background-color":"var(--ast-global-color-4)","background-image":"","background-repeat":"repeat","background-position":"center center","background-size":"auto","background-attachment":"scroll","background-type":"","background-media":"","overlay-type":"","overlay-color":"","overlay-opacity":"","overlay-gradient":""},"mobile":{"background-color":"var(--ast-global-color-4)","background-image":"","background-repeat":"repeat","background-position":"center center","background-size":"auto","background-attachment":"scroll","background-type":"","background-media":"","overlay-type":"","overlay-color":"","overlay-opacity":"","overlay-gradient":""}},"footnotes":""},"categories":[],"tags":[],"class_list":["post-111227","page","type-page","status-publish","hentry"],"yoast_head":"<!-- This site is optimized with the Yoast SEO Premium plugin v26.6 (Yoast SEO v26.6) - https:\/\/yoast.com\/wordpress\/plugins\/seo\/ -->\n<title>Election Related Resolutions - City of Miami Beach<\/title>\n<meta name=\"description\" content=\"%\" \/>\n<meta name=\"robots\" content=\"index, follow, max-snippet:-1, max-image-preview:large, max-video-preview:-1\" \/>\n<link rel=\"canonical\" href=\"https:\/\/www.miamibeachfl.gov\/es\/city-hall\/city-clerk\/election-information\/cmb_election\/election-related-resolutions\/\" \/>\n<meta property=\"og:locale\" content=\"es_ES\" \/>\n<meta property=\"og:type\" content=\"article\" \/>\n<meta property=\"og:title\" content=\"Election Related Resolutions\" \/>\n<meta property=\"og:description\" content=\"%\" \/>\n<meta property=\"og:url\" content=\"https:\/\/www.miamibeachfl.gov\/es\/city-hall\/city-clerk\/election-information\/cmb_election\/election-related-resolutions\/\" \/>\n<meta property=\"og:site_name\" content=\"City of Miami Beach\" \/>\n<meta property=\"article:publisher\" content=\"https:\/\/www.facebook.com\/cityofmiamibeach\" \/>\n<meta property=\"article:modified_time\" content=\"2025-02-23T19:29:03+00:00\" \/>\n<meta property=\"og:image\" content=\"https:\/\/www.miamibeachfl.gov\/wp-content\/uploads\/2022\/07\/hero-small.jpg\" \/>\n<meta name=\"twitter:card\" content=\"summary_large_image\" \/>\n<meta name=\"twitter:site\" content=\"@Miamibeachnews\" \/>\n<script type=\"application\/ld+json\" class=\"yoast-schema-graph\">{\"@context\":\"https:\/\/schema.org\",\"@graph\":[{\"@type\":\"WebPage\",\"@id\":\"https:\/\/www.miamibeachfl.gov\/city-hall\/city-clerk\/election-information\/cmb_election\/election-related-resolutions\/\",\"url\":\"https:\/\/www.miamibeachfl.gov\/city-hall\/city-clerk\/election-information\/cmb_election\/election-related-resolutions\/\",\"name\":\"Election Related Resolutions - City of Miami Beach\",\"isPartOf\":{\"@id\":\"https:\/\/www.miamibeachfl.gov\/#website\"},\"primaryImageOfPage\":{\"@id\":\"https:\/\/www.miamibeachfl.gov\/city-hall\/city-clerk\/election-information\/cmb_election\/election-related-resolutions\/#primaryimage\"},\"image\":{\"@id\":\"https:\/\/www.miamibeachfl.gov\/city-hall\/city-clerk\/election-information\/cmb_election\/election-related-resolutions\/#primaryimage\"},\"thumbnailUrl\":\"https:\/\/www.miamibeachfl.gov\/wp-content\/uploads\/2022\/07\/hero-small.jpg\",\"datePublished\":\"2019-07-30T20:37:56+00:00\",\"dateModified\":\"2025-02-23T19:29:03+00:00\",\"description\":\"%\",\"breadcrumb\":{\"@id\":\"https:\/\/www.miamibeachfl.gov\/city-hall\/city-clerk\/election-information\/cmb_election\/election-related-resolutions\/#breadcrumb\"},\"inLanguage\":\"es\",\"potentialAction\":[{\"@type\":\"ReadAction\",\"target\":[\"https:\/\/www.miamibeachfl.gov\/city-hall\/city-clerk\/election-information\/cmb_election\/election-related-resolutions\/\"]}]},{\"@type\":\"ImageObject\",\"inLanguage\":\"es\",\"@id\":\"https:\/\/www.miamibeachfl.gov\/city-hall\/city-clerk\/election-information\/cmb_election\/election-related-resolutions\/#primaryimage\",\"url\":\"https:\/\/www.miamibeachfl.gov\/wp-content\/uploads\/2022\/07\/hero-small.jpg\",\"contentUrl\":\"https:\/\/www.miamibeachfl.gov\/wp-content\/uploads\/2022\/07\/hero-small.jpg\"},{\"@type\":\"BreadcrumbList\",\"@id\":\"https:\/\/www.miamibeachfl.gov\/city-hall\/city-clerk\/election-information\/cmb_election\/election-related-resolutions\/#breadcrumb\",\"itemListElement\":[{\"@type\":\"ListItem\",\"position\":1,\"name\":\"Home\",\"item\":\"https:\/\/www.miamibeachfl.gov\/\"},{\"@type\":\"ListItem\",\"position\":2,\"name\":\"City Hall\",\"item\":\"https:\/\/www.miamibeachfl.gov\/city-hall\/\"},{\"@type\":\"ListItem\",\"position\":3,\"name\":\"City Clerk\",\"item\":\"https:\/\/www.miamibeachfl.gov\/city-hall\/city-clerk\/\"},{\"@type\":\"ListItem\",\"position\":4,\"name\":\"Election Information\",\"item\":\"https:\/\/www.miamibeachfl.gov\/city-hall\/city-clerk\/election-information\/\"},{\"@type\":\"ListItem\",\"position\":5,\"name\":\"2019 Information\",\"item\":\"https:\/\/www.miamibeachfl.gov\/city-hall\/city-clerk\/election-information\/cmb_election\/\"},{\"@type\":\"ListItem\",\"position\":6,\"name\":\"Election Related Resolutions\"}]},{\"@type\":\"WebSite\",\"@id\":\"https:\/\/www.miamibeachfl.gov\/#website\",\"url\":\"https:\/\/www.miamibeachfl.gov\/\",\"name\":\"City of Miami Beach\",\"description\":\"The official website of the City of Miami Beach. Stay informed, find important information on city services, news, alerts, events, trolley routes, government employment and more.\",\"publisher\":{\"@id\":\"https:\/\/www.miamibeachfl.gov\/#organization\"},\"potentialAction\":[{\"@type\":\"SearchAction\",\"target\":{\"@type\":\"EntryPoint\",\"urlTemplate\":\"https:\/\/www.miamibeachfl.gov\/?s={search_term_string}\"},\"query-input\":{\"@type\":\"PropertyValueSpecification\",\"valueRequired\":true,\"valueName\":\"search_term_string\"}}],\"inLanguage\":\"es\"},{\"@type\":\"Organization\",\"@id\":\"https:\/\/www.miamibeachfl.gov\/#organization\",\"name\":\"City of Miami Beach\",\"url\":\"https:\/\/www.miamibeachfl.gov\/\",\"logo\":{\"@type\":\"ImageObject\",\"inLanguage\":\"es\",\"@id\":\"https:\/\/www.miamibeachfl.gov\/#\/schema\/logo\/image\/\",\"url\":\"https:\/\/www.miamibeachfl.gov\/wp-content\/uploads\/2022\/06\/miamibeach-logoblue.png\",\"contentUrl\":\"https:\/\/www.miamibeachfl.gov\/wp-content\/uploads\/2022\/06\/miamibeach-logoblue.png\",\"width\":1962,\"height\":381,\"caption\":\"City of Miami Beach\"},\"image\":{\"@id\":\"https:\/\/www.miamibeachfl.gov\/#\/schema\/logo\/image\/\"},\"sameAs\":[\"https:\/\/www.facebook.com\/cityofmiamibeach\",\"https:\/\/x.com\/Miamibeachnews\",\"https:\/\/www.instagram.com\/miamibeachnews\/\"],\"description\":\"The official website of the City of Miami Beach. Stay informed, find important information on city services, news, alerts, events, trolley routes, government employment and more.\",\"telephone\":\"305.604.CITY(2489)\",\"legalName\":\"City of Miami Beach\"}]}<\/script>\n<!-- \/ Yoast SEO Premium plugin. -->","yoast_head_json":{"title":"Resoluciones relacionadas con las elecciones - Ciudad de Miami Beach","description":"%","robots":{"index":"index","follow":"follow","max-snippet":"max-snippet:-1","max-image-preview":"max-image-preview:large","max-video-preview":"max-video-preview:-1"},"canonical":"https:\/\/www.miamibeachfl.gov\/es\/city-hall\/city-clerk\/election-information\/cmb_election\/election-related-resolutions\/","og_locale":"es_ES","og_type":"article","og_title":"Election Related Resolutions","og_description":"%","og_url":"https:\/\/www.miamibeachfl.gov\/es\/city-hall\/city-clerk\/election-information\/cmb_election\/election-related-resolutions\/","og_site_name":"City of Miami Beach","article_publisher":"https:\/\/www.facebook.com\/cityofmiamibeach","article_modified_time":"2025-02-23T19:29:03+00:00","og_image":[{"url":"https:\/\/www.miamibeachfl.gov\/wp-content\/uploads\/2022\/07\/hero-small.jpg","type":"","width":"","height":""}],"twitter_card":"summary_large_image","twitter_site":"@Miamibeachnews","schema":{"@context":"https:\/\/schema.org","@graph":[{"@type":"WebPage","@id":"https:\/\/www.miamibeachfl.gov\/city-hall\/city-clerk\/election-information\/cmb_election\/election-related-resolutions\/","url":"https:\/\/www.miamibeachfl.gov\/city-hall\/city-clerk\/election-information\/cmb_election\/election-related-resolutions\/","name":"Resoluciones relacionadas con las elecciones - Ciudad de Miami Beach","isPartOf":{"@id":"https:\/\/www.miamibeachfl.gov\/#website"},"primaryImageOfPage":{"@id":"https:\/\/www.miamibeachfl.gov\/city-hall\/city-clerk\/election-information\/cmb_election\/election-related-resolutions\/#primaryimage"},"image":{"@id":"https:\/\/www.miamibeachfl.gov\/city-hall\/city-clerk\/election-information\/cmb_election\/election-related-resolutions\/#primaryimage"},"thumbnailUrl":"https:\/\/www.miamibeachfl.gov\/wp-content\/uploads\/2022\/07\/hero-small.jpg","datePublished":"2019-07-30T20:37:56+00:00","dateModified":"2025-02-23T19:29:03+00:00","description":"%","breadcrumb":{"@id":"https:\/\/www.miamibeachfl.gov\/city-hall\/city-clerk\/election-information\/cmb_election\/election-related-resolutions\/#breadcrumb"},"inLanguage":"es","potentialAction":[{"@type":"ReadAction","target":["https:\/\/www.miamibeachfl.gov\/city-hall\/city-clerk\/election-information\/cmb_election\/election-related-resolutions\/"]}]},{"@type":"ImageObject","inLanguage":"es","@id":"https:\/\/www.miamibeachfl.gov\/city-hall\/city-clerk\/election-information\/cmb_election\/election-related-resolutions\/#primaryimage","url":"https:\/\/www.miamibeachfl.gov\/wp-content\/uploads\/2022\/07\/hero-small.jpg","contentUrl":"https:\/\/www.miamibeachfl.gov\/wp-content\/uploads\/2022\/07\/hero-small.jpg"},{"@type":"BreadcrumbList","@id":"https:\/\/www.miamibeachfl.gov\/city-hall\/city-clerk\/election-information\/cmb_election\/election-related-resolutions\/#breadcrumb","itemListElement":[{"@type":"ListItem","position":1,"name":"Home","item":"https:\/\/www.miamibeachfl.gov\/"},{"@type":"ListItem","position":2,"name":"City Hall","item":"https:\/\/www.miamibeachfl.gov\/city-hall\/"},{"@type":"ListItem","position":3,"name":"City Clerk","item":"https:\/\/www.miamibeachfl.gov\/city-hall\/city-clerk\/"},{"@type":"ListItem","position":4,"name":"Election Information","item":"https:\/\/www.miamibeachfl.gov\/city-hall\/city-clerk\/election-information\/"},{"@type":"ListItem","position":5,"name":"2019 Information","item":"https:\/\/www.miamibeachfl.gov\/city-hall\/city-clerk\/election-information\/cmb_election\/"},{"@type":"ListItem","position":6,"name":"Election Related Resolutions"}]},{"@type":"WebSite","@id":"https:\/\/www.miamibeachfl.gov\/#website","url":"https:\/\/www.miamibeachfl.gov\/","name":"Ciudad de Miami Beach","description":"Sitio web oficial de la Ciudad de Miami Beach. Mant\u00e9ngase informado, encuentre informaci\u00f3n importante sobre servicios municipales, noticias, alertas, eventos, rutas de tranv\u00edas, empleos gubernamentales y m\u00e1s.","publisher":{"@id":"https:\/\/www.miamibeachfl.gov\/#organization"},"potentialAction":[{"@type":"SearchAction","target":{"@type":"EntryPoint","urlTemplate":"https:\/\/www.miamibeachfl.gov\/?s={search_term_string}"},"query-input":{"@type":"PropertyValueSpecification","valueRequired":true,"valueName":"search_term_string"}}],"inLanguage":"es"},{"@type":"Organization","@id":"https:\/\/www.miamibeachfl.gov\/#organization","name":"Ciudad de Miami Beach","url":"https:\/\/www.miamibeachfl.gov\/","logo":{"@type":"ImageObject","inLanguage":"es","@id":"https:\/\/www.miamibeachfl.gov\/#\/schema\/logo\/image\/","url":"https:\/\/www.miamibeachfl.gov\/wp-content\/uploads\/2022\/06\/miamibeach-logoblue.png","contentUrl":"https:\/\/www.miamibeachfl.gov\/wp-content\/uploads\/2022\/06\/miamibeach-logoblue.png","width":1962,"height":381,"caption":"City of Miami Beach"},"image":{"@id":"https:\/\/www.miamibeachfl.gov\/#\/schema\/logo\/image\/"},"sameAs":["https:\/\/www.facebook.com\/cityofmiamibeach","https:\/\/x.com\/Miamibeachnews","https:\/\/www.instagram.com\/miamibeachnews\/"],"description":"Sitio web oficial de la Ciudad de Miami Beach. Mant\u00e9ngase informado, encuentre informaci\u00f3n importante sobre servicios municipales, noticias, alertas, eventos, rutas de tranv\u00edas, empleos gubernamentales y m\u00e1s.","telephone":"305.604.CITY(2489)","legalName":"City of Miami Beach"}]}},"_links":{"self":[{"href":"https:\/\/www.miamibeachfl.gov\/es\/wp-json\/wp\/v2\/pages\/111227","targetHints":{"allow":["GET"]}}],"collection":[{"href":"https:\/\/www.miamibeachfl.gov\/es\/wp-json\/wp\/v2\/pages"}],"about":[{"href":"https:\/\/www.miamibeachfl.gov\/es\/wp-json\/wp\/v2\/types\/page"}],"author":[{"embeddable":true,"href":"https:\/\/www.miamibeachfl.gov\/es\/wp-json\/wp\/v2\/users\/222"}],"replies":[{"embeddable":true,"href":"https:\/\/www.miamibeachfl.gov\/es\/wp-json\/wp\/v2\/comments?post=111227"}],"version-history":[{"count":0,"href":"https:\/\/www.miamibeachfl.gov\/es\/wp-json\/wp\/v2\/pages\/111227\/revisions"}],"up":[{"embeddable":true,"href":"https:\/\/www.miamibeachfl.gov\/es\/wp-json\/wp\/v2\/pages\/88833"}],"wp:attachment":[{"href":"https:\/\/www.miamibeachfl.gov\/es\/wp-json\/wp\/v2\/media?parent=111227"}],"wp:term":[{"taxonomy":"category","embeddable":true,"href":"https:\/\/www.miamibeachfl.gov\/es\/wp-json\/wp\/v2\/categories?post=111227"},{"taxonomy":"post_tag","embeddable":true,"href":"https:\/\/www.miamibeachfl.gov\/es\/wp-json\/wp\/v2\/tags?post=111227"}],"curies":[{"name":"gracias","href":"https:\/\/api.w.org\/{rel}","templated":true}]}}