{"id":112071,"date":"2019-08-14T08:20:23","date_gmt":"2019-08-14T12:20:23","guid":{"rendered":"http:\/\/www.miamibeachfl.gov\/?page_id=112071"},"modified":"2025-12-30T10:54:39","modified_gmt":"2025-12-30T15:54:39","slug":"budget-amendments-resolutions-fy-2020","status":"publish","type":"page","link":"https:\/\/www.miamibeachfl.gov\/es\/city-hall\/office-of-budget-peformance\/budget\/budget-amendments-resolutions-fy-2020\/","title":{"rendered":"Enmiendas y resoluciones presupuestarias del a\u00f1o fiscal 2020"},"content":{"rendered":"<img decoding=\"async\" src=\"https:\/\/www.miamibeachfl.gov\/wp-content\/uploads\/2022\/07\/hero-small.jpg\" alt=\"ocean drive art deco buildings\" itemprop=\"image\" height=\"211\" width=\"2395\" title=\"h\u00e9roe peque\u00f1o\" onerror=\"this.style.display='none'\" loading=\"lazy\" \/>\n<h1>\n\t\t\tEnmiendas y resoluciones presupuestarias del a\u00f1o fiscal 2020\t<\/h1>\n\t<nav id=\"breadcrumbs\" aria-label=\"Pan rallado\"><a href=\"https:\/\/www.miamibeachfl.gov\/es\/\">Hogar<\/a> &gt; <a href=\"https:\/\/www.miamibeachfl.gov\/es\/city-hall\/\">Ayuntamiento<\/a> &gt; <a href=\"https:\/\/www.miamibeachfl.gov\/es\/city-hall\/office-of-budget-peformance\/\">Gesti\u00f3n y presupuesto<\/a> &gt; <a href=\"https:\/\/www.miamibeachfl.gov\/es\/city-hall\/office-of-budget-peformance\/budget\/\">Presupuesto<\/a> &gt; <strong>Enmiendas y resoluciones presupuestarias del a\u00f1o fiscal 2020<\/strong><\/nav>\n\t<p><a href=\"http:\/\/www.miamibeachfl.gov\/wp-content\/uploads\/2019\/08\/Resolution-2019-30930.pdf\">2019-30930<\/a>\u00a0\u00a0Resoluci\u00f3n que establece la tasa de millaje operativa propuesta, el servicio de la deuda requerido, el c\u00e1lculo de la tasa de reversi\u00f3n y la fecha de la primera audiencia p\u00fablica del a\u00f1o fiscal 2020.<\/p>\n<p><a href=\"http:\/\/www.miamibeachfl.gov\/wp-content\/uploads\/2019\/08\/Resolution-2019-30931.pdf\">2019-30931\u00a0<\/a>\u00a0 Resoluci\u00f3n que establece la tasa de millaje operativa propuesta para el Distrito de Mejora del Vecindario de Normandy Shores, c\u00e1lculo de la tasa de reducci\u00f3n y fecha de la primera audiencia p\u00fablica para el a\u00f1o fiscal 2020.<\/p>\n<p><a href=\"http:\/\/www.miamibeachfl.gov\/wp-content\/uploads\/2019\/09\/2019-30974-Resolution-Adopting-the-Tentative-AD-Valorem-Millage-for-FY-2020.pdf\">2019-30974<\/a>\u00a0\u00a0Resoluci\u00f3n que adopta el millaje AD Valorem tentativo para el a\u00f1o fiscal 2020<\/p>\n<p><a href=\"http:\/\/www.miamibeachfl.gov\/wp-content\/uploads\/2019\/09\/Resolution-2019-30975.pdf\">2019-30975<\/a>\u00a0 Resoluci\u00f3n por la que se adopta el presupuesto operativo tentativo para el a\u00f1o fiscal 2020<\/p>\n<p><a href=\"http:\/\/www.miamibeachfl.gov\/wp-content\/uploads\/2019\/09\/Resolution-2019-30976.pdf\">2019-30976<\/a>\u00a0 Resoluci\u00f3n del Distrito de Mejora Vecinal del Gobierno Local de Normandy Shores que adopta el Millage AD Valorem tentativo para el a\u00f1o fiscal 2020<\/p>\n<p><a href=\"http:\/\/www.miamibeachfl.gov\/wp-content\/uploads\/2019\/09\/2019-30977-Resolution-of-The-Normandy-Shores-Local-Government-Neighborhood-Improvement-District-Adopting-the-Tentative-Operating-Budget-for-FY-2020.pdf\">2019-30977<\/a>\u00a0\u00a0Resoluci\u00f3n del Distrito de Mejora Vecinal del Gobierno Local de Normandy Shores que adopta el presupuesto operativo tentativo para el a\u00f1o fiscal 2020<\/p>\n<p><a href=\"http:\/\/www.miamibeachfl.gov\/wp-content\/uploads\/2019\/09\/Resolution-2019-30978.pdf\">2019-30978<\/a>\u00a0 Resoluci\u00f3n por la que se adopta el presupuesto provisional de capital para el a\u00f1o fiscal 2020<\/p>\n<p><a href=\"http:\/\/www.miamibeachfl.gov\/wp-content\/uploads\/2019\/09\/Resolution-2019-30979.pdf\">2019-30979<\/a>\u00a0 Resoluci\u00f3n que adopta la lista preliminar de evaluaci\u00f3n de valorem no AD del Distrito Fiscal Especial de Guardias de Seguridad de Biscayne Point para el a\u00f1o fiscal 2020<\/p>\n<p><a href=\"http:\/\/www.miamibeachfl.gov\/wp-content\/uploads\/2019\/09\/Resolution-2019-30980.pdf\">2019-30980<\/a>\u00a0 Resoluci\u00f3n del Distrito Fiscal Especial de la Guardia de Seguridad de Biscayne Point que adopta el presupuesto operativo preliminar para el a\u00f1o fiscal 2020<\/p>\n<p><a href=\"http:\/\/www.miamibeachfl.gov\/wp-content\/uploads\/2019\/09\/Resolution-2019-31003-Final-Operating-Millage.pdf\">2019-31003<\/a>\u00a0\u00a0\u00a0Resoluci\u00f3n que adopta el millaje AD Valorem para el a\u00f1o fiscal 2020<\/p>\n<p><a href=\"http:\/\/www.miamibeachfl.gov\/wp-content\/uploads\/2019\/09\/Resolution-2019-31004-Final-Operating-Budget.pdf\">2019-31004<\/a> \u00a0 Resoluci\u00f3n por la que se adopta el presupuesto operativo para el a\u00f1o fiscal 2020<\/p>\n<p><a href=\"http:\/\/www.miamibeachfl.gov\/wp-content\/uploads\/2019\/09\/Resolution-2019-31005-Final-Normandy-Shores-Millage.pdf\">2019-31005<\/a>\u00a0 Resoluci\u00f3n del Distrito de Mejora Vecinal del Gobierno Local de Normandy Shores que adopta el impuesto de valor ad valorem para el a\u00f1o fiscal 2020<\/p>\n<p><a href=\"http:\/\/www.miamibeachfl.gov\/wp-content\/uploads\/2019\/09\/Resolution-2019-31006-Final-Normandy-Shores-Operating-Budget.pdf\">2019-31006<\/a>\u00a0\u00a0Resoluci\u00f3n del Distrito de Mejora Vecinal del Gobierno Local de Normandy Shores que adopta el presupuesto operativo para el a\u00f1o fiscal 2020<\/p>\n<p><a href=\"http:\/\/www.miamibeachfl.gov\/wp-content\/uploads\/2019\/11\/2019-31007.pdf\">2019-31007<\/a>\u00a0\u00a0 Resoluci\u00f3n por la que se adopta el presupuesto de capital para el a\u00f1o fiscal 2020<\/p>\n<p><a href=\"http:\/\/www.miamibeachfl.gov\/wp-content\/uploads\/2019\/09\/Resolution-645-2019-City-Center-Redevelopment-Area-Operating-Budget.pdf\">645-2019<\/a> \u00a0\u00a0\u00a0\u00a0 Resoluci\u00f3n que adopta el presupuesto operativo final de la Agencia de Reurbanizaci\u00f3n (RDA) para el a\u00f1o fiscal 2020<\/p>\n<p><a href=\"http:\/\/www.miamibeachfl.gov\/wp-content\/uploads\/2019\/09\/Resolution-646-2019-City-Center-Redevelopment-Area-Capital-Budget.pdf\">646-2019<\/a> \u00a0\u00a0\u00a0\u00a0 Resoluci\u00f3n que adopta el presupuesto de capital final de la Agencia de Reurbanizaci\u00f3n (RDA) para el a\u00f1o fiscal 2020<\/p>\n<h3><strong>Enmiendas:<\/strong><\/h3>\n<p><strong>Presupuesto de capital:<\/strong><\/p>\n<p><a href=\"http:\/\/www.miamibeachfl.gov\/wp-content\/uploads\/2020\/01\/2020-31139-Resolution.pdf\">2020-31139<\/a> \u00a0\u00a0 Resoluci\u00f3n que adopta la Primera Enmienda al Presupuesto de Capital para el a\u00f1o fiscal 2020<\/p>\n<p><a href=\"http:\/\/www.miamibeachfl.gov\/wp-content\/uploads\/2020\/02\/2020-31179.pdf\">2020-31179<\/a> \u00a0\u00a0 Resoluci\u00f3n que adopta la segunda enmienda al presupuesto de capital para el a\u00f1o fiscal 2020<\/p>\n<p><a href=\"http:\/\/www.miamibeachfl.gov\/wp-content\/uploads\/2020\/06\/Resolution-2020-31240.pdf\">2020-31240<\/a> \u00a0 Resoluci\u00f3n que adopta la tercera enmienda al presupuesto de capital para el a\u00f1o fiscal 2020<\/p>\n<p><a href=\"http:\/\/www.miamibeachfl.gov\/wp-content\/uploads\/2020\/06\/Resolution-2020-31267-4th-Capital-Budget-Admendment.pdf\">2020-31267<\/a> \u00a0\u00a0 Resoluci\u00f3n que adopta la cuarta enmienda al presupuesto de capital para el a\u00f1o fiscal 2020<\/p>\n<p><a href=\"http:\/\/www.miamibeachfl.gov\/wp-content\/uploads\/2020\/07\/Resolution-2020-31307.pdf\">2020-31307<\/a> \u00a0\u00a0 Resoluci\u00f3n que adopta la quinta enmienda al presupuesto de capital para el a\u00f1o fiscal 2020<\/p>\n<p><a href=\"http:\/\/www.miamibeachfl.gov\/wp-content\/uploads\/2020\/08\/Resolution-2020-31356.pdf\">2020-31356<\/a> \u00a0\u00a0 Resoluci\u00f3n que adopta la sexta enmienda al presupuesto de capital para el a\u00f1o fiscal 2020<\/p>\n<p><strong>Presupuesto operativo:<\/strong><\/p>\n<p><a href=\"http:\/\/www.miamibeachfl.gov\/wp-content\/uploads\/2019\/12\/Resolution-2019-310811.pdf\">2019-31081<\/a> \u00a0\u00a0\u00a0 Resoluci\u00f3n que adopta la Primera Enmienda a los Presupuestos del Fondo de Ingresos Generales, Empresariales, Internos y Especiales para el a\u00f1o fiscal 2020<\/p>\n<p><a href=\"http:\/\/www.miamibeachfl.gov\/wp-content\/uploads\/2020\/01\/2020-31138.pdf\">2020-31138<\/a>\u00a0\u00a0\u00a0 Resoluci\u00f3n que adopta la segunda enmienda a los presupuestos del Fondo de Ingresos Generales, Empresariales, Internos y Especiales para el a\u00f1o fiscal 2020<\/p>\n<p><a href=\"http:\/\/www.miamibeachfl.gov\/wp-content\/uploads\/2020\/03\/Resolution-2020-31178.pdf\">2020-31178<\/a>\u00a0\u00a0\u00a0 Resoluci\u00f3n que adopta la tercera enmienda a los presupuestos del Fondo de Ingresos Generales, Empresariales, Internos y Especiales para el a\u00f1o fiscal 2020<\/p>\n<p><a href=\"http:\/\/www.miamibeachfl.gov\/wp-content\/uploads\/2020\/06\/Resolution-2020-31268-4-th-Operating-Budget-Amendment.pdf\">2020-31268<\/a>\u00a0\u00a0 Resoluci\u00f3n que adopta la cuarta enmienda a los presupuestos del Fondo de Ingresos Generales, Empresariales, Internos y Especiales para el a\u00f1o fiscal 2020<\/p>\n<p><a href=\"http:\/\/www.miamibeachfl.gov\/wp-content\/uploads\/2020\/07\/Resolution-2020-31306.pdf\">2020-31306<\/a> \u00a0 Resoluci\u00f3n que adopta la quinta enmienda a los presupuestos del Fondo de Ingresos Generales, Empresariales, Internos y Especiales para el a\u00f1o fiscal 2020<\/p>\n<p><a href=\"http:\/\/www.miamibeachfl.gov\/wp-content\/uploads\/2020\/12\/Resolution-2020-31496.pdf\">2020-31496<\/a>\u00a0 \u00a0Resoluci\u00f3n que adopta la sexta enmienda a los presupuestos del Fondo de Ingresos Generales, Empresariales, Internos y Especiales para el a\u00f1o fiscal 2020<\/p>\n\t\tNavegar a\u2026\t\t\t\n\t\t\t\t\t<ul id=\"menu-budget-and-management-budget\"><li id=\"menu-item-363439\"><a href=\"\/es\/city-hall\/office-of-budget-peformance\/budget\/budget-amendments-resolutions-fy-2020\/\">Enmiendas y resoluciones presupuestarias del a\u00f1o fiscal 2020<\/a><\/li>\n<li id=\"menu-item-363440\"><a href=\"\/es\/city-hall\/office-of-budget-peformance\/budget\/budget-amendments-resolutions-fy-2021\/\">Enmiendas y resoluciones presupuestarias del a\u00f1o fiscal 2021<\/a><\/li>\n<li id=\"menu-item-363441\"><a href=\"\/es\/city-hall\/office-of-budget-peformance\/budget\/budget-amendments-resolutions-fy-2022\/\">Enmiendas y resoluciones presupuestarias del a\u00f1o fiscal 2022<\/a><\/li>\n<li id=\"menu-item-363442\"><a href=\"\/es\/city-hall\/office-of-budget-peformance\/budget\/budget-amendments-resolutions-fy-2023\/\">Enmiendas y resoluciones presupuestarias del a\u00f1o fiscal 2023<\/a><\/li>\n<li id=\"menu-item-363443\"><a href=\"\/es\/city-hall\/office-of-budget-peformance\/budget\/budget-amendments-resolutions-fy-2024\/\">Enmiendas y resoluciones presupuestarias del a\u00f1o fiscal 2024<\/a><\/li>\n<li id=\"menu-item-363444\"><a href=\"\/es\/city-hall\/office-of-budget-peformance\/budget\/budget-amendments-resolutions-fy-2025\/\">Enmiendas y resoluciones presupuestarias del a\u00f1o fiscal 2025<\/a><\/li>\n<li id=\"menu-item-387360\"><a href=\"\/es\/city-hall\/office-of-budget-peformance\/budget\/budget-amendments-resolutions-fy-2026\/\">Enmiendas y resoluciones presupuestarias del a\u00f1o fiscal 2026<\/a><\/li>\n<li id=\"menu-item-363445\"><a href=\"\/es\/city-hall\/office-of-budget-peformance\/budget\/budget-archive\/\">Archivo de presupuestos<\/a><\/li>\n<li id=\"menu-item-363446\"><a href=\"\/es\/city-hall\/office-of-budget-peformance\/budget\/city-managers-budget-message\/\">Mensaje presupuestario del administrador de la ciudad<\/a><\/li>\n<li id=\"menu-item-363447\"><a href=\"\/es\/city-hall\/office-of-budget-peformance\/budget\/financial-policies\/\">Pol\u00edticas financieras<\/a><\/li>\n<\/ul>\t\n\t<div class=\"page-navigation\"><a class=\"prev-page\" href=\"https:\/\/www.miamibeachfl.gov\/es\/mbtv\/archived-meetings\/\">\u2190 Reuniones archivadas<\/a> <a class=\"next-page\" href=\"https:\/\/www.miamibeachfl.gov\/es\/city-hall\/public-works\/engineering-division\/\">Divisi\u00f3n de Ingenier\u00eda \u2192<\/a><\/div>","protected":false},"excerpt":{"rendered":"<p>Enmiendas y resoluciones presupuestarias del a\u00f1o fiscal 2020 Inicio &gt; Ayuntamiento &gt; Gesti\u00f3n y presupuesto &gt; Presupuesto &gt; Enmiendas y resoluciones presupuestarias [\u2026]<\/p>","protected":false},"author":222,"featured_media":0,"parent":28281,"menu_order":152,"comment_status":"closed","ping_status":"closed","template":"","meta":{"_searchwp_excluded":"","site-sidebar-layout":"default","site-content-layout":"","ast-site-content-layout":"default","site-content-style":"default","site-sidebar-style":"default","ast-global-header-display":"","ast-banner-title-visibility":"","ast-main-header-display":"","ast-hfb-above-header-display":"","ast-hfb-below-header-display":"","ast-hfb-mobile-header-display":"","site-post-title":"","ast-breadcrumbs-content":"","ast-featured-img":"","footer-sml-layout":"","theme-transparent-header-meta":"","adv-header-id-meta":"","stick-header-meta":"","header-above-stick-meta":"","header-main-stick-meta":"","header-below-stick-meta":"","astra-migrate-meta-layouts":"default","ast-page-background-enabled":"default","ast-page-background-meta":{"desktop":{"background-color":"var(--ast-global-color-5)","background-image":"","background-repeat":"repeat","background-position":"center center","background-size":"auto","background-attachment":"scroll","background-type":"","background-media":"","overlay-type":"","overlay-color":"","overlay-opacity":"","overlay-gradient":""},"tablet":{"background-color":"","background-image":"","background-repeat":"repeat","background-position":"center center","background-size":"auto","background-attachment":"scroll","background-type":"","background-media":"","overlay-type":"","overlay-color":"","overlay-opacity":"","overlay-gradient":""},"mobile":{"background-color":"","background-image":"","background-repeat":"repeat","background-position":"center center","background-size":"auto","background-attachment":"scroll","background-type":"","background-media":"","overlay-type":"","overlay-color":"","overlay-opacity":"","overlay-gradient":""}},"ast-content-background-meta":{"desktop":{"background-color":"var(--ast-global-color-4)","background-image":"","background-repeat":"repeat","background-position":"center center","background-size":"auto","background-attachment":"scroll","background-type":"","background-media":"","overlay-type":"","overlay-color":"","overlay-opacity":"","overlay-gradient":""},"tablet":{"background-color":"var(--ast-global-color-4)","background-image":"","background-repeat":"repeat","background-position":"center center","background-size":"auto","background-attachment":"scroll","background-type":"","background-media":"","overlay-type":"","overlay-color":"","overlay-opacity":"","overlay-gradient":""},"mobile":{"background-color":"var(--ast-global-color-4)","background-image":"","background-repeat":"repeat","background-position":"center center","background-size":"auto","background-attachment":"scroll","background-type":"","background-media":"","overlay-type":"","overlay-color":"","overlay-opacity":"","overlay-gradient":""}},"footnotes":""},"categories":[],"tags":[],"class_list":["post-112071","page","type-page","status-publish","hentry"],"yoast_head":"<!-- This site is optimized with the Yoast SEO Premium plugin v26.6 (Yoast SEO v26.6) - https:\/\/yoast.com\/wordpress\/plugins\/seo\/ -->\n<title>Budget Amendments &amp; Resolutions FY 2020 - City of Miami Beach<\/title>\n<meta name=\"description\" content=\"%\" \/>\n<meta name=\"robots\" content=\"index, follow, max-snippet:-1, max-image-preview:large, max-video-preview:-1\" \/>\n<link rel=\"canonical\" href=\"https:\/\/www.miamibeachfl.gov\/es\/city-hall\/office-of-budget-peformance\/budget\/budget-amendments-resolutions-fy-2020\/\" \/>\n<meta property=\"og:locale\" content=\"es_ES\" \/>\n<meta property=\"og:type\" content=\"article\" \/>\n<meta property=\"og:title\" content=\"Budget Amendments &amp; Resolutions FY 2020\" \/>\n<meta property=\"og:description\" content=\"%\" \/>\n<meta property=\"og:url\" content=\"https:\/\/www.miamibeachfl.gov\/es\/city-hall\/office-of-budget-peformance\/budget\/budget-amendments-resolutions-fy-2020\/\" \/>\n<meta property=\"og:site_name\" content=\"City of Miami Beach\" \/>\n<meta property=\"article:publisher\" content=\"https:\/\/www.facebook.com\/cityofmiamibeach\" \/>\n<meta property=\"article:modified_time\" content=\"2025-12-30T15:54:39+00:00\" \/>\n<meta property=\"og:image\" content=\"https:\/\/www.miamibeachfl.gov\/wp-content\/uploads\/2022\/07\/hero-small.jpg\" \/>\n<meta name=\"twitter:card\" content=\"summary_large_image\" \/>\n<meta name=\"twitter:site\" content=\"@Miamibeachnews\" \/>\n<script type=\"application\/ld+json\" class=\"yoast-schema-graph\">{\"@context\":\"https:\/\/schema.org\",\"@graph\":[{\"@type\":\"WebPage\",\"@id\":\"https:\/\/www.miamibeachfl.gov\/city-hall\/office-of-budget-peformance\/budget\/budget-amendments-resolutions-fy-2020\/\",\"url\":\"https:\/\/www.miamibeachfl.gov\/city-hall\/office-of-budget-peformance\/budget\/budget-amendments-resolutions-fy-2020\/\",\"name\":\"Budget Amendments & Resolutions FY 2020 - City of Miami Beach\",\"isPartOf\":{\"@id\":\"https:\/\/www.miamibeachfl.gov\/#website\"},\"primaryImageOfPage\":{\"@id\":\"https:\/\/www.miamibeachfl.gov\/city-hall\/office-of-budget-peformance\/budget\/budget-amendments-resolutions-fy-2020\/#primaryimage\"},\"image\":{\"@id\":\"https:\/\/www.miamibeachfl.gov\/city-hall\/office-of-budget-peformance\/budget\/budget-amendments-resolutions-fy-2020\/#primaryimage\"},\"thumbnailUrl\":\"https:\/\/www.miamibeachfl.gov\/wp-content\/uploads\/2022\/07\/hero-small.jpg\",\"datePublished\":\"2019-08-14T12:20:23+00:00\",\"dateModified\":\"2025-12-30T15:54:39+00:00\",\"description\":\"%\",\"breadcrumb\":{\"@id\":\"https:\/\/www.miamibeachfl.gov\/city-hall\/office-of-budget-peformance\/budget\/budget-amendments-resolutions-fy-2020\/#breadcrumb\"},\"inLanguage\":\"es\",\"potentialAction\":[{\"@type\":\"ReadAction\",\"target\":[\"https:\/\/www.miamibeachfl.gov\/city-hall\/office-of-budget-peformance\/budget\/budget-amendments-resolutions-fy-2020\/\"]}]},{\"@type\":\"ImageObject\",\"inLanguage\":\"es\",\"@id\":\"https:\/\/www.miamibeachfl.gov\/city-hall\/office-of-budget-peformance\/budget\/budget-amendments-resolutions-fy-2020\/#primaryimage\",\"url\":\"https:\/\/www.miamibeachfl.gov\/wp-content\/uploads\/2022\/07\/hero-small.jpg\",\"contentUrl\":\"https:\/\/www.miamibeachfl.gov\/wp-content\/uploads\/2022\/07\/hero-small.jpg\"},{\"@type\":\"BreadcrumbList\",\"@id\":\"https:\/\/www.miamibeachfl.gov\/city-hall\/office-of-budget-peformance\/budget\/budget-amendments-resolutions-fy-2020\/#breadcrumb\",\"itemListElement\":[{\"@type\":\"ListItem\",\"position\":1,\"name\":\"Home\",\"item\":\"https:\/\/www.miamibeachfl.gov\/\"},{\"@type\":\"ListItem\",\"position\":2,\"name\":\"City Hall\",\"item\":\"https:\/\/www.miamibeachfl.gov\/city-hall\/\"},{\"@type\":\"ListItem\",\"position\":3,\"name\":\"Management &amp; Budget\",\"item\":\"https:\/\/www.miamibeachfl.gov\/city-hall\/office-of-budget-peformance\/\"},{\"@type\":\"ListItem\",\"position\":4,\"name\":\"Budget\",\"item\":\"https:\/\/www.miamibeachfl.gov\/city-hall\/office-of-budget-peformance\/budget\/\"},{\"@type\":\"ListItem\",\"position\":5,\"name\":\"Budget Amendments &#038; Resolutions FY 2020\"}]},{\"@type\":\"WebSite\",\"@id\":\"https:\/\/www.miamibeachfl.gov\/#website\",\"url\":\"https:\/\/www.miamibeachfl.gov\/\",\"name\":\"City of Miami Beach\",\"description\":\"The official website of the City of Miami Beach. Stay informed, find important information on city services, news, alerts, events, trolley routes, government employment and more.\",\"publisher\":{\"@id\":\"https:\/\/www.miamibeachfl.gov\/#organization\"},\"potentialAction\":[{\"@type\":\"SearchAction\",\"target\":{\"@type\":\"EntryPoint\",\"urlTemplate\":\"https:\/\/www.miamibeachfl.gov\/?s={search_term_string}\"},\"query-input\":{\"@type\":\"PropertyValueSpecification\",\"valueRequired\":true,\"valueName\":\"search_term_string\"}}],\"inLanguage\":\"es\"},{\"@type\":\"Organization\",\"@id\":\"https:\/\/www.miamibeachfl.gov\/#organization\",\"name\":\"City of Miami Beach\",\"url\":\"https:\/\/www.miamibeachfl.gov\/\",\"logo\":{\"@type\":\"ImageObject\",\"inLanguage\":\"es\",\"@id\":\"https:\/\/www.miamibeachfl.gov\/#\/schema\/logo\/image\/\",\"url\":\"https:\/\/www.miamibeachfl.gov\/wp-content\/uploads\/2022\/06\/miamibeach-logoblue.png\",\"contentUrl\":\"https:\/\/www.miamibeachfl.gov\/wp-content\/uploads\/2022\/06\/miamibeach-logoblue.png\",\"width\":1962,\"height\":381,\"caption\":\"City of Miami Beach\"},\"image\":{\"@id\":\"https:\/\/www.miamibeachfl.gov\/#\/schema\/logo\/image\/\"},\"sameAs\":[\"https:\/\/www.facebook.com\/cityofmiamibeach\",\"https:\/\/x.com\/Miamibeachnews\",\"https:\/\/www.instagram.com\/miamibeachnews\/\"],\"description\":\"The official website of the City of Miami Beach. Stay informed, find important information on city services, news, alerts, events, trolley routes, government employment and more.\",\"telephone\":\"305.604.CITY(2489)\",\"legalName\":\"City of Miami Beach\"}]}<\/script>\n<!-- \/ Yoast SEO Premium plugin. -->","yoast_head_json":{"title":"Enmiendas y resoluciones presupuestarias del a\u00f1o fiscal 2020 - Ciudad de Miami Beach","description":"%","robots":{"index":"index","follow":"follow","max-snippet":"max-snippet:-1","max-image-preview":"max-image-preview:large","max-video-preview":"max-video-preview:-1"},"canonical":"https:\/\/www.miamibeachfl.gov\/es\/city-hall\/office-of-budget-peformance\/budget\/budget-amendments-resolutions-fy-2020\/","og_locale":"es_ES","og_type":"article","og_title":"Budget Amendments & Resolutions FY 2020","og_description":"%","og_url":"https:\/\/www.miamibeachfl.gov\/es\/city-hall\/office-of-budget-peformance\/budget\/budget-amendments-resolutions-fy-2020\/","og_site_name":"City of Miami Beach","article_publisher":"https:\/\/www.facebook.com\/cityofmiamibeach","article_modified_time":"2025-12-30T15:54:39+00:00","og_image":[{"url":"https:\/\/www.miamibeachfl.gov\/wp-content\/uploads\/2022\/07\/hero-small.jpg","type":"","width":"","height":""}],"twitter_card":"summary_large_image","twitter_site":"@Miamibeachnews","schema":{"@context":"https:\/\/schema.org","@graph":[{"@type":"WebPage","@id":"https:\/\/www.miamibeachfl.gov\/city-hall\/office-of-budget-peformance\/budget\/budget-amendments-resolutions-fy-2020\/","url":"https:\/\/www.miamibeachfl.gov\/city-hall\/office-of-budget-peformance\/budget\/budget-amendments-resolutions-fy-2020\/","name":"Enmiendas y resoluciones presupuestarias del a\u00f1o fiscal 2020 - Ciudad de Miami Beach","isPartOf":{"@id":"https:\/\/www.miamibeachfl.gov\/#website"},"primaryImageOfPage":{"@id":"https:\/\/www.miamibeachfl.gov\/city-hall\/office-of-budget-peformance\/budget\/budget-amendments-resolutions-fy-2020\/#primaryimage"},"image":{"@id":"https:\/\/www.miamibeachfl.gov\/city-hall\/office-of-budget-peformance\/budget\/budget-amendments-resolutions-fy-2020\/#primaryimage"},"thumbnailUrl":"https:\/\/www.miamibeachfl.gov\/wp-content\/uploads\/2022\/07\/hero-small.jpg","datePublished":"2019-08-14T12:20:23+00:00","dateModified":"2025-12-30T15:54:39+00:00","description":"%","breadcrumb":{"@id":"https:\/\/www.miamibeachfl.gov\/city-hall\/office-of-budget-peformance\/budget\/budget-amendments-resolutions-fy-2020\/#breadcrumb"},"inLanguage":"es","potentialAction":[{"@type":"ReadAction","target":["https:\/\/www.miamibeachfl.gov\/city-hall\/office-of-budget-peformance\/budget\/budget-amendments-resolutions-fy-2020\/"]}]},{"@type":"ImageObject","inLanguage":"es","@id":"https:\/\/www.miamibeachfl.gov\/city-hall\/office-of-budget-peformance\/budget\/budget-amendments-resolutions-fy-2020\/#primaryimage","url":"https:\/\/www.miamibeachfl.gov\/wp-content\/uploads\/2022\/07\/hero-small.jpg","contentUrl":"https:\/\/www.miamibeachfl.gov\/wp-content\/uploads\/2022\/07\/hero-small.jpg"},{"@type":"BreadcrumbList","@id":"https:\/\/www.miamibeachfl.gov\/city-hall\/office-of-budget-peformance\/budget\/budget-amendments-resolutions-fy-2020\/#breadcrumb","itemListElement":[{"@type":"ListItem","position":1,"name":"Home","item":"https:\/\/www.miamibeachfl.gov\/"},{"@type":"ListItem","position":2,"name":"City Hall","item":"https:\/\/www.miamibeachfl.gov\/city-hall\/"},{"@type":"ListItem","position":3,"name":"Management &amp; Budget","item":"https:\/\/www.miamibeachfl.gov\/city-hall\/office-of-budget-peformance\/"},{"@type":"ListItem","position":4,"name":"Budget","item":"https:\/\/www.miamibeachfl.gov\/city-hall\/office-of-budget-peformance\/budget\/"},{"@type":"ListItem","position":5,"name":"Budget Amendments &#038; Resolutions FY 2020"}]},{"@type":"WebSite","@id":"https:\/\/www.miamibeachfl.gov\/#website","url":"https:\/\/www.miamibeachfl.gov\/","name":"Ciudad de Miami Beach","description":"Sitio web oficial de la Ciudad de Miami Beach. Mant\u00e9ngase informado, encuentre informaci\u00f3n importante sobre servicios municipales, noticias, alertas, eventos, rutas de tranv\u00edas, empleos gubernamentales y m\u00e1s.","publisher":{"@id":"https:\/\/www.miamibeachfl.gov\/#organization"},"potentialAction":[{"@type":"SearchAction","target":{"@type":"EntryPoint","urlTemplate":"https:\/\/www.miamibeachfl.gov\/?s={search_term_string}"},"query-input":{"@type":"PropertyValueSpecification","valueRequired":true,"valueName":"search_term_string"}}],"inLanguage":"es"},{"@type":"Organization","@id":"https:\/\/www.miamibeachfl.gov\/#organization","name":"Ciudad de Miami Beach","url":"https:\/\/www.miamibeachfl.gov\/","logo":{"@type":"ImageObject","inLanguage":"es","@id":"https:\/\/www.miamibeachfl.gov\/#\/schema\/logo\/image\/","url":"https:\/\/www.miamibeachfl.gov\/wp-content\/uploads\/2022\/06\/miamibeach-logoblue.png","contentUrl":"https:\/\/www.miamibeachfl.gov\/wp-content\/uploads\/2022\/06\/miamibeach-logoblue.png","width":1962,"height":381,"caption":"City of Miami Beach"},"image":{"@id":"https:\/\/www.miamibeachfl.gov\/#\/schema\/logo\/image\/"},"sameAs":["https:\/\/www.facebook.com\/cityofmiamibeach","https:\/\/x.com\/Miamibeachnews","https:\/\/www.instagram.com\/miamibeachnews\/"],"description":"Sitio web oficial de la Ciudad de Miami Beach. Mant\u00e9ngase informado, encuentre informaci\u00f3n importante sobre servicios municipales, noticias, alertas, eventos, rutas de tranv\u00edas, empleos gubernamentales y m\u00e1s.","telephone":"305.604.CITY(2489)","legalName":"City of Miami Beach"}]}},"_links":{"self":[{"href":"https:\/\/www.miamibeachfl.gov\/es\/wp-json\/wp\/v2\/pages\/112071","targetHints":{"allow":["GET"]}}],"collection":[{"href":"https:\/\/www.miamibeachfl.gov\/es\/wp-json\/wp\/v2\/pages"}],"about":[{"href":"https:\/\/www.miamibeachfl.gov\/es\/wp-json\/wp\/v2\/types\/page"}],"author":[{"embeddable":true,"href":"https:\/\/www.miamibeachfl.gov\/es\/wp-json\/wp\/v2\/users\/222"}],"replies":[{"embeddable":true,"href":"https:\/\/www.miamibeachfl.gov\/es\/wp-json\/wp\/v2\/comments?post=112071"}],"version-history":[{"count":0,"href":"https:\/\/www.miamibeachfl.gov\/es\/wp-json\/wp\/v2\/pages\/112071\/revisions"}],"up":[{"embeddable":true,"href":"https:\/\/www.miamibeachfl.gov\/es\/wp-json\/wp\/v2\/pages\/28281"}],"wp:attachment":[{"href":"https:\/\/www.miamibeachfl.gov\/es\/wp-json\/wp\/v2\/media?parent=112071"}],"wp:term":[{"taxonomy":"category","embeddable":true,"href":"https:\/\/www.miamibeachfl.gov\/es\/wp-json\/wp\/v2\/categories?post=112071"},{"taxonomy":"post_tag","embeddable":true,"href":"https:\/\/www.miamibeachfl.gov\/es\/wp-json\/wp\/v2\/tags?post=112071"}],"curies":[{"name":"gracias","href":"https:\/\/api.w.org\/{rel}","templated":true}]}}