{"id":124374,"date":"2020-01-29T17:03:29","date_gmt":"2020-01-29T22:03:29","guid":{"rendered":"http:\/\/www.miamibeachfl.gov\/?page_id=124374"},"modified":"2026-01-07T10:13:06","modified_gmt":"2026-01-07T15:13:06","slug":"wayne-a-jones","status":"publish","type":"page","link":"https:\/\/www.miamibeachfl.gov\/es\/yourmbpd\/wayne-a-jones\/","title":{"rendered":"Wayne A. Jones"},"content":{"rendered":"<a href=\"\/es\/yourmbpd\/\"  target=\"_self\" itemprop=\"url\">\n\t\t\t\t<img decoding=\"async\" src=\"https:\/\/www.miamibeachfl.gov\/wp-content\/uploads\/2019\/12\/badge-for-banner.png\" alt=\"badge for banner\" itemprop=\"image\" height=\"556\" width=\"1000\" title=\"insignia para pancarta\" onerror=\"this.style.display='none'\" loading=\"lazy\" \/>\n\t\t\t\t<\/a>\n<h1>\n\t\t<a href=\"\/es\/yourmbpd\/leadership\/\" title=\"LIDERAZGO\"  target=\"_self\">\n\t\t\tLIDERAZGO\t\t<\/a>\n\t<\/h1>\n<h1>\n\t\t<a href=\"\/es\/yourmbpd\/neighborhoods\/\" title=\"BARRIOS\"  target=\"_self\">\n\t\t\tBARRIOS\t\t<\/a>\n\t<\/h1>\n<h1>\n\t\t<a href=\"\/es\/yourmbpd\/services\/\" title=\"SERVICIOS\"  target=\"_self\">\n\t\t\tSERVICIOS\t\t<\/a>\n\t<\/h1>\n<h1>\n\t\t<a href=\"\/es\/yourmbpd\/monthlycrimesdatareport\/\" title=\"DATOS SOBRE DELITOS\"  target=\"_self\">\n\t\t\tDATOS SOBRE DELITOS\t\t<\/a>\n\t<\/h1>\n<h1>\n\t\t<a href=\"\/es\/yourmbpd\/contact\/\" title=\"CONTACTO\"  target=\"_self\">\n\t\t\tCONTACTO\t\t<\/a>\n\t<\/h1>\n\t\t\t\t<img decoding=\"async\" src=\"https:\/\/www.miamibeachfl.gov\/wp-content\/uploads\/2025\/08\/Staff-ChiefWayneJones-Circle.png\" alt=\"Chief Wayne Jones\" itemprop=\"image\" height=\"250\" width=\"250\" title=\"Jefe de personal Wayne Jones-Circle\" onerror=\"this.style.display='none'\" loading=\"lazy\" \/>\n<h1>\n\t\t\tWAYNE A. JONES\t<\/h1>\n<h2>\n\t\t\tJefe de Polic\u00eda\t<\/h2>\n\t<p><strong>Wayne A. Jones<\/strong>\u00a0Asumi\u00f3 el cargo de 21.er Jefe de Polic\u00eda del Departamento de Polic\u00eda de Miami Beach el 1 de septiembre de 2023. Con una distinguida trayectoria de 27 a\u00f1os, \u00edntegramente en la ciudad de Miami Beach, el Jefe Jones ascendi\u00f3 a trav\u00e9s de diversos puestos, incluyendo oficial de patrulla, detective, sargento, teniente, capit\u00e1n y mayor, hasta alcanzar el puesto de Subjefe en 2019. Su amplia experiencia ha beneficiado significativamente a nuestra ciudad. Cabe destacar que, durante su mandato como sargento de asuntos comunitarios, sent\u00f3 las bases del ahora aclamado Programa de Oficiales de Recursos para Personas sin Hogar, que emplea un enfoque integral de divulgaci\u00f3n, participaci\u00f3n y cumplimiento de la ley.<\/p>\n<p>En su calidad de mayor a cargo de los servicios de apoyo, el Jefe Jones orquest\u00f3 una iniciativa estrat\u00e9gica para impulsar el reclutamiento de mujeres polic\u00edas, lo que result\u00f3 en un aumento de contrataciones del 12% al 18%. Adem\u00e1s, mientras se desempe\u00f1aba como mayor en la divisi\u00f3n de investigaciones criminales, estableci\u00f3 la unidad de trata de personas del departamento. Posteriormente, esta unidad lider\u00f3 al Condado de Miami-Dade en las investigaciones de trata y los arrestos por delitos de trata sexual.<\/p>\n<p>El Jefe Jones obtuvo una licenciatura en Ciencias Pol\u00edticas y Administraci\u00f3n P\u00fablica de la Universidad Florida Memorial, adem\u00e1s de una maestr\u00eda en Administraci\u00f3n P\u00fablica de la Universidad Internacional de Florida. Su trayectoria acad\u00e9mica tambi\u00e9n incluye un t\u00edtulo de asociado del Miami Dade College en pilotaje profesional y tecnolog\u00eda. Es un distinguido exalumno de Miami Fellows (Clase II). Entre sus logros m\u00e1s destacados se incluyen la finalizaci\u00f3n exitosa del Seminario de Desarrollo Ejecutivo para las Fuerzas del Orden del Bur\u00f3 Federal de Investigaciones (FBI) y del Instituto de Alta Direcci\u00f3n para la Polic\u00eda del Foro de Investigaci\u00f3n Ejecutiva Policial.<\/p>\n<h3>\n\t\t\t1100 Avenida Washington,<br \/>Miami Beach, Florida 33139\t<\/h3>\n<h3>\n\t\t\t305.673.7925\t<\/h3>\n<h3>\n\t\t<a href=\"mailto:policechief@miamibeachfl.gov\" title=\"policechief@miamibeachfl.gov\"  target=\"_self\">\n\t\t\tpolicechief@miamibeachfl.gov\t\t<\/a>\n\t<\/h3>\n\t<p>\u00a9 2025 Derechos de autor Ciudad de Miami Beach.<\/p>\n\t\t\t<a href=\"\/es\/\" target=\"_self\">\n\t\t\t\t\t\t\tSitio web de la ciudad de Miami Beach\n\t\t\t\t\t<\/a>\n\t\t\t<a href=\"\/es\/policies-disclaimers\/\" target=\"_self\">\n\t\t\t\t\t\t\tPol\u00edticas y exenciones de responsabilidad\n\t\t\t\t\t<\/a>\n\t\t\t<a href=\"\/es\/accessibility\/\" target=\"_self\">\n\t\t\t\t\t\t\tAccesibilidad\n\t\t\t\t\t<\/a>\n\t\t\t<a href=\"\/es\/policies-disclaimers\/#cookies\" target=\"_self\">\n\t\t\t\t\t\t\tConfiguraci\u00f3n de cookies\n\t\t\t\t\t<\/a>","protected":false},"excerpt":{"rendered":"<p>LEADERSHIP NEIGHBORHOODS SERVICES CRIME DATA CONTACT WAYNE A. JONES Chief of Police Wayne A. Jones\u00a0assumed the role of the 21st [&hellip;]<\/p>\n","protected":false},"author":222,"featured_media":0,"parent":120936,"menu_order":111,"comment_status":"closed","ping_status":"closed","template":"","meta":{"_searchwp_excluded":"","site-sidebar-layout":"default","site-content-layout":"","ast-site-content-layout":"","site-content-style":"default","site-sidebar-style":"default","ast-global-header-display":"disabled","ast-banner-title-visibility":"","ast-main-header-display":"","ast-hfb-above-header-display":"","ast-hfb-below-header-display":"","ast-hfb-mobile-header-display":"","site-post-title":"","ast-breadcrumbs-content":"","ast-featured-img":"","footer-sml-layout":"disabled","theme-transparent-header-meta":"","adv-header-id-meta":"","stick-header-meta":"","header-above-stick-meta":"","header-main-stick-meta":"","header-below-stick-meta":"","astra-migrate-meta-layouts":"default","ast-page-background-enabled":"default","ast-page-background-meta":{"desktop":{"background-color":"var(--ast-global-color-5)","background-image":"","background-repeat":"repeat","background-position":"center center","background-size":"auto","background-attachment":"scroll","background-type":"","background-media":"","overlay-type":"","overlay-color":"","overlay-opacity":"","overlay-gradient":""},"tablet":{"background-color":"","background-image":"","background-repeat":"repeat","background-position":"center center","background-size":"auto","background-attachment":"scroll","background-type":"","background-media":"","overlay-type":"","overlay-color":"","overlay-opacity":"","overlay-gradient":""},"mobile":{"background-color":"","background-image":"","background-repeat":"repeat","background-position":"center center","background-size":"auto","background-attachment":"scroll","background-type":"","background-media":"","overlay-type":"","overlay-color":"","overlay-opacity":"","overlay-gradient":""}},"ast-content-background-meta":{"desktop":{"background-color":"var(--ast-global-color-4)","background-image":"","background-repeat":"repeat","background-position":"center center","background-size":"auto","background-attachment":"scroll","background-type":"","background-media":"","overlay-type":"","overlay-color":"","overlay-opacity":"","overlay-gradient":""},"tablet":{"background-color":"var(--ast-global-color-4)","background-image":"","background-repeat":"repeat","background-position":"center center","background-size":"auto","background-attachment":"scroll","background-type":"","background-media":"","overlay-type":"","overlay-color":"","overlay-opacity":"","overlay-gradient":""},"mobile":{"background-color":"var(--ast-global-color-4)","background-image":"","background-repeat":"repeat","background-position":"center center","background-size":"auto","background-attachment":"scroll","background-type":"","background-media":"","overlay-type":"","overlay-color":"","overlay-opacity":"","overlay-gradient":""}},"footnotes":""},"categories":[],"tags":[],"class_list":["post-124374","page","type-page","status-publish","hentry"],"yoast_head":"<!-- This site is optimized with the Yoast SEO Premium plugin v27.4 (Yoast SEO v27.4) - https:\/\/yoast.com\/product\/yoast-seo-premium-wordpress\/ -->\n<title>Wayne A Jones - City of Miami Beach<\/title>\n<meta name=\"description\" content=\"Deputy Chief Wayne A. Jones was appointed as the deputy police chief of the Miami Beach Police Department on July 1, 2019. Jones has served with the Department since 1996. During his tenure, he has succeeded in various capacities and positions of rank, including patrol and special operations, community affairs, internal affairs, and criminal investigations. Most recently, he was assigned as Major of the Criminal Investigations division, overseeing all investigations.\" \/>\n<meta name=\"robots\" content=\"index, follow, max-snippet:-1, max-image-preview:large, max-video-preview:-1\" \/>\n<link rel=\"canonical\" href=\"https:\/\/www.miamibeachfl.gov\/es\/yourmbpd\/wayne-a-jones\/\" \/>\n<meta property=\"og:locale\" content=\"es_ES\" \/>\n<meta property=\"og:type\" content=\"article\" \/>\n<meta property=\"og:title\" content=\"Wayne A Jones\" \/>\n<meta property=\"og:description\" content=\"Deputy Chief Wayne A. Jones was appointed as the deputy police chief of the Miami Beach Police Department on July 1, 2019. Jones has served with the Department since 1996. During his tenure, he has succeeded in various capacities and positions of rank, including patrol and special operations, community affairs, internal affairs, and criminal investigations. Most recently, he was assigned as Major of the Criminal Investigations division, overseeing all investigations.\" \/>\n<meta property=\"og:url\" content=\"https:\/\/www.miamibeachfl.gov\/es\/yourmbpd\/wayne-a-jones\/\" \/>\n<meta property=\"og:site_name\" content=\"City of Miami Beach\" \/>\n<meta property=\"article:publisher\" content=\"https:\/\/www.facebook.com\/cityofmiamibeach\" \/>\n<meta property=\"article:modified_time\" content=\"2026-01-07T15:13:06+00:00\" \/>\n<meta property=\"og:image\" content=\"https:\/\/www.miamibeachfl.gov\/wp-content\/uploads\/2019\/12\/badge-for-banner.png\" \/>\n<meta name=\"twitter:card\" content=\"summary_large_image\" \/>\n<meta name=\"twitter:site\" content=\"@Miamibeachnews\" \/>\n<script type=\"application\/ld+json\" class=\"yoast-schema-graph\">{\"@context\":\"https:\\\/\\\/schema.org\",\"@graph\":[{\"@type\":\"WebPage\",\"@id\":\"https:\\\/\\\/www.miamibeachfl.gov\\\/yourmbpd\\\/wayne-a-jones\\\/\",\"url\":\"https:\\\/\\\/www.miamibeachfl.gov\\\/yourmbpd\\\/wayne-a-jones\\\/\",\"name\":\"Wayne A Jones - City of Miami Beach\",\"isPartOf\":{\"@id\":\"https:\\\/\\\/www.miamibeachfl.gov\\\/#website\"},\"primaryImageOfPage\":{\"@id\":\"https:\\\/\\\/www.miamibeachfl.gov\\\/yourmbpd\\\/wayne-a-jones\\\/#primaryimage\"},\"image\":{\"@id\":\"https:\\\/\\\/www.miamibeachfl.gov\\\/yourmbpd\\\/wayne-a-jones\\\/#primaryimage\"},\"thumbnailUrl\":\"https:\\\/\\\/www.miamibeachfl.gov\\\/wp-content\\\/uploads\\\/2019\\\/12\\\/badge-for-banner.png\",\"datePublished\":\"2020-01-29T22:03:29+00:00\",\"dateModified\":\"2026-01-07T15:13:06+00:00\",\"description\":\"Deputy Chief Wayne A. Jones was appointed as the deputy police chief of the Miami Beach Police Department on July 1, 2019. Jones has served with the Department since 1996. During his tenure, he has succeeded in various capacities and positions of rank, including patrol and special operations, community affairs, internal affairs, and criminal investigations. Most recently, he was assigned as Major of the Criminal Investigations division, overseeing all investigations.\",\"breadcrumb\":{\"@id\":\"https:\\\/\\\/www.miamibeachfl.gov\\\/yourmbpd\\\/wayne-a-jones\\\/#breadcrumb\"},\"inLanguage\":\"es\",\"potentialAction\":[{\"@type\":\"ReadAction\",\"target\":[\"https:\\\/\\\/www.miamibeachfl.gov\\\/yourmbpd\\\/wayne-a-jones\\\/\"]}]},{\"@type\":\"ImageObject\",\"inLanguage\":\"es\",\"@id\":\"https:\\\/\\\/www.miamibeachfl.gov\\\/yourmbpd\\\/wayne-a-jones\\\/#primaryimage\",\"url\":\"https:\\\/\\\/www.miamibeachfl.gov\\\/wp-content\\\/uploads\\\/2019\\\/12\\\/badge-for-banner.png\",\"contentUrl\":\"https:\\\/\\\/www.miamibeachfl.gov\\\/wp-content\\\/uploads\\\/2019\\\/12\\\/badge-for-banner.png\"},{\"@type\":\"BreadcrumbList\",\"@id\":\"https:\\\/\\\/www.miamibeachfl.gov\\\/yourmbpd\\\/wayne-a-jones\\\/#breadcrumb\",\"itemListElement\":[{\"@type\":\"ListItem\",\"position\":1,\"name\":\"Home\",\"item\":\"https:\\\/\\\/www.miamibeachfl.gov\\\/\"},{\"@type\":\"ListItem\",\"position\":2,\"name\":\"Police\",\"item\":\"https:\\\/\\\/www.miamibeachfl.gov\\\/yourmbpd\\\/\"},{\"@type\":\"ListItem\",\"position\":3,\"name\":\"Wayne A Jones\"}]},{\"@type\":\"WebSite\",\"@id\":\"https:\\\/\\\/www.miamibeachfl.gov\\\/#website\",\"url\":\"https:\\\/\\\/www.miamibeachfl.gov\\\/\",\"name\":\"City of Miami Beach\",\"description\":\"The official website of the City of Miami Beach. Stay informed, find important information on city services, news, alerts, events, trolley routes, government employment and more.\",\"publisher\":{\"@id\":\"https:\\\/\\\/www.miamibeachfl.gov\\\/#organization\"},\"potentialAction\":[{\"@type\":\"SearchAction\",\"target\":{\"@type\":\"EntryPoint\",\"urlTemplate\":\"https:\\\/\\\/www.miamibeachfl.gov\\\/?s={search_term_string}\"},\"query-input\":{\"@type\":\"PropertyValueSpecification\",\"valueRequired\":true,\"valueName\":\"search_term_string\"}}],\"inLanguage\":\"es\"},{\"@type\":\"Organization\",\"@id\":\"https:\\\/\\\/www.miamibeachfl.gov\\\/#organization\",\"name\":\"City of Miami Beach\",\"url\":\"https:\\\/\\\/www.miamibeachfl.gov\\\/\",\"logo\":{\"@type\":\"ImageObject\",\"inLanguage\":\"es\",\"@id\":\"https:\\\/\\\/www.miamibeachfl.gov\\\/#\\\/schema\\\/logo\\\/image\\\/\",\"url\":\"https:\\\/\\\/www.miamibeachfl.gov\\\/wp-content\\\/uploads\\\/2022\\\/06\\\/miamibeach-logoblue.png\",\"contentUrl\":\"https:\\\/\\\/www.miamibeachfl.gov\\\/wp-content\\\/uploads\\\/2022\\\/06\\\/miamibeach-logoblue.png\",\"width\":1962,\"height\":381,\"caption\":\"City of Miami Beach\"},\"image\":{\"@id\":\"https:\\\/\\\/www.miamibeachfl.gov\\\/#\\\/schema\\\/logo\\\/image\\\/\"},\"sameAs\":[\"https:\\\/\\\/www.facebook.com\\\/cityofmiamibeach\",\"https:\\\/\\\/x.com\\\/Miamibeachnews\",\"https:\\\/\\\/www.instagram.com\\\/miamibeachnews\\\/\"],\"description\":\"The official website of the City of Miami Beach. Stay informed, find important information on city services, news, alerts, events, trolley routes, government employment and more.\",\"telephone\":\"305.604.CITY(2489)\",\"legalName\":\"City of Miami Beach\"}]}<\/script>\n<!-- \/ Yoast SEO Premium plugin. -->","yoast_head_json":{"title":"Wayne A. Jones - Ciudad de Miami Beach","description":"El subjefe Wayne A. Jones fue nombrado subjefe de polic\u00eda del Departamento de Polic\u00eda de Miami Beach el 1 de julio de 2019. Jones ha trabajado en el Departamento desde 1996. Durante su mandato, ha desempe\u00f1ado diversas funciones y puestos de alto rango, incluyendo patrullaje y operaciones especiales, asuntos comunitarios, asuntos internos e investigaciones criminales. Recientemente, fue asignado como comandante de la divisi\u00f3n de Investigaciones Criminales, supervisando todas las investigaciones.","robots":{"index":"index","follow":"follow","max-snippet":"max-snippet:-1","max-image-preview":"max-image-preview:large","max-video-preview":"max-video-preview:-1"},"canonical":"https:\/\/www.miamibeachfl.gov\/es\/yourmbpd\/wayne-a-jones\/","og_locale":"es_ES","og_type":"article","og_title":"Wayne A Jones","og_description":"Deputy Chief Wayne A. Jones was appointed as the deputy police chief of the Miami Beach Police Department on July 1, 2019. Jones has served with the Department since 1996. During his tenure, he has succeeded in various capacities and positions of rank, including patrol and special operations, community affairs, internal affairs, and criminal investigations. Most recently, he was assigned as Major of the Criminal Investigations division, overseeing all investigations.","og_url":"https:\/\/www.miamibeachfl.gov\/es\/yourmbpd\/wayne-a-jones\/","og_site_name":"City of Miami Beach","article_publisher":"https:\/\/www.facebook.com\/cityofmiamibeach","article_modified_time":"2026-01-07T15:13:06+00:00","og_image":[{"url":"https:\/\/www.miamibeachfl.gov\/wp-content\/uploads\/2019\/12\/badge-for-banner.png","type":"","width":"","height":""}],"twitter_card":"summary_large_image","twitter_site":"@Miamibeachnews","schema":{"@context":"https:\/\/schema.org","@graph":[{"@type":"WebPage","@id":"https:\/\/www.miamibeachfl.gov\/yourmbpd\/wayne-a-jones\/","url":"https:\/\/www.miamibeachfl.gov\/yourmbpd\/wayne-a-jones\/","name":"Wayne A. Jones - Ciudad de Miami Beach","isPartOf":{"@id":"https:\/\/www.miamibeachfl.gov\/#website"},"primaryImageOfPage":{"@id":"https:\/\/www.miamibeachfl.gov\/yourmbpd\/wayne-a-jones\/#primaryimage"},"image":{"@id":"https:\/\/www.miamibeachfl.gov\/yourmbpd\/wayne-a-jones\/#primaryimage"},"thumbnailUrl":"https:\/\/www.miamibeachfl.gov\/wp-content\/uploads\/2019\/12\/badge-for-banner.png","datePublished":"2020-01-29T22:03:29+00:00","dateModified":"2026-01-07T15:13:06+00:00","description":"El subjefe Wayne A. Jones fue nombrado subjefe de polic\u00eda del Departamento de Polic\u00eda de Miami Beach el 1 de julio de 2019. Jones ha trabajado en el Departamento desde 1996. Durante su mandato, ha desempe\u00f1ado diversas funciones y puestos de alto rango, incluyendo patrullaje y operaciones especiales, asuntos comunitarios, asuntos internos e investigaciones criminales. Recientemente, fue asignado como comandante de la divisi\u00f3n de Investigaciones Criminales, supervisando todas las investigaciones.","breadcrumb":{"@id":"https:\/\/www.miamibeachfl.gov\/yourmbpd\/wayne-a-jones\/#breadcrumb"},"inLanguage":"es","potentialAction":[{"@type":"ReadAction","target":["https:\/\/www.miamibeachfl.gov\/yourmbpd\/wayne-a-jones\/"]}]},{"@type":"ImageObject","inLanguage":"es","@id":"https:\/\/www.miamibeachfl.gov\/yourmbpd\/wayne-a-jones\/#primaryimage","url":"https:\/\/www.miamibeachfl.gov\/wp-content\/uploads\/2019\/12\/badge-for-banner.png","contentUrl":"https:\/\/www.miamibeachfl.gov\/wp-content\/uploads\/2019\/12\/badge-for-banner.png"},{"@type":"BreadcrumbList","@id":"https:\/\/www.miamibeachfl.gov\/yourmbpd\/wayne-a-jones\/#breadcrumb","itemListElement":[{"@type":"ListItem","position":1,"name":"Home","item":"https:\/\/www.miamibeachfl.gov\/"},{"@type":"ListItem","position":2,"name":"Police","item":"https:\/\/www.miamibeachfl.gov\/yourmbpd\/"},{"@type":"ListItem","position":3,"name":"Wayne A Jones"}]},{"@type":"WebSite","@id":"https:\/\/www.miamibeachfl.gov\/#website","url":"https:\/\/www.miamibeachfl.gov\/","name":"Ciudad de Miami Beach","description":"Sitio web oficial de la Ciudad de Miami Beach. Mant\u00e9ngase informado, encuentre informaci\u00f3n importante sobre servicios municipales, noticias, alertas, eventos, rutas de tranv\u00edas, empleos gubernamentales y m\u00e1s.","publisher":{"@id":"https:\/\/www.miamibeachfl.gov\/#organization"},"potentialAction":[{"@type":"SearchAction","target":{"@type":"EntryPoint","urlTemplate":"https:\/\/www.miamibeachfl.gov\/?s={search_term_string}"},"query-input":{"@type":"PropertyValueSpecification","valueRequired":true,"valueName":"search_term_string"}}],"inLanguage":"es"},{"@type":"Organization","@id":"https:\/\/www.miamibeachfl.gov\/#organization","name":"Ciudad de Miami Beach","url":"https:\/\/www.miamibeachfl.gov\/","logo":{"@type":"ImageObject","inLanguage":"es","@id":"https:\/\/www.miamibeachfl.gov\/#\/schema\/logo\/image\/","url":"https:\/\/www.miamibeachfl.gov\/wp-content\/uploads\/2022\/06\/miamibeach-logoblue.png","contentUrl":"https:\/\/www.miamibeachfl.gov\/wp-content\/uploads\/2022\/06\/miamibeach-logoblue.png","width":1962,"height":381,"caption":"City of Miami Beach"},"image":{"@id":"https:\/\/www.miamibeachfl.gov\/#\/schema\/logo\/image\/"},"sameAs":["https:\/\/www.facebook.com\/cityofmiamibeach","https:\/\/x.com\/Miamibeachnews","https:\/\/www.instagram.com\/miamibeachnews\/"],"description":"Sitio web oficial de la Ciudad de Miami Beach. Mant\u00e9ngase informado, encuentre informaci\u00f3n importante sobre servicios municipales, noticias, alertas, eventos, rutas de tranv\u00edas, empleos gubernamentales y m\u00e1s.","telephone":"305.604.CITY(2489)","legalName":"City of Miami Beach"}]}},"_links":{"self":[{"href":"https:\/\/www.miamibeachfl.gov\/es\/wp-json\/wp\/v2\/pages\/124374","targetHints":{"allow":["GET"]}}],"collection":[{"href":"https:\/\/www.miamibeachfl.gov\/es\/wp-json\/wp\/v2\/pages"}],"about":[{"href":"https:\/\/www.miamibeachfl.gov\/es\/wp-json\/wp\/v2\/types\/page"}],"author":[{"embeddable":true,"href":"https:\/\/www.miamibeachfl.gov\/es\/wp-json\/wp\/v2\/users\/222"}],"replies":[{"embeddable":true,"href":"https:\/\/www.miamibeachfl.gov\/es\/wp-json\/wp\/v2\/comments?post=124374"}],"version-history":[{"count":7,"href":"https:\/\/www.miamibeachfl.gov\/es\/wp-json\/wp\/v2\/pages\/124374\/revisions"}],"predecessor-version":[{"id":394648,"href":"https:\/\/www.miamibeachfl.gov\/es\/wp-json\/wp\/v2\/pages\/124374\/revisions\/394648"}],"up":[{"embeddable":true,"href":"https:\/\/www.miamibeachfl.gov\/es\/wp-json\/wp\/v2\/pages\/120936"}],"wp:attachment":[{"href":"https:\/\/www.miamibeachfl.gov\/es\/wp-json\/wp\/v2\/media?parent=124374"}],"wp:term":[{"taxonomy":"category","embeddable":true,"href":"https:\/\/www.miamibeachfl.gov\/es\/wp-json\/wp\/v2\/categories?post=124374"},{"taxonomy":"post_tag","embeddable":true,"href":"https:\/\/www.miamibeachfl.gov\/es\/wp-json\/wp\/v2\/tags?post=124374"}],"curies":[{"name":"gracias","href":"https:\/\/api.w.org\/{rel}","templated":true}]}}