{"id":125831,"date":"2020-02-27T11:04:45","date_gmt":"2020-02-27T16:04:45","guid":{"rendered":"http:\/\/www.miamibeachfl.gov\/yourmbpd\/resources\/crime-prevention\/"},"modified":"2025-06-07T10:48:52","modified_gmt":"2025-06-07T14:48:52","slug":"crime-prevention","status":"publish","type":"page","link":"https:\/\/www.miamibeachfl.gov\/es\/yourmbpd\/services\/crime-prevention\/","title":{"rendered":"Prevenci\u00f3n del crimen"},"content":{"rendered":"<a href=\"\/es\/yourmbpd\/\"  target=\"_self\" itemprop=\"url\">\n\t\t\t\t<img decoding=\"async\" src=\"https:\/\/www.miamibeachfl.gov\/wp-content\/uploads\/2019\/12\/badge-for-banner.png\" alt=\"badge for banner\" itemprop=\"image\" title=\"insignia para pancarta\" onerror=\"this.style.display='none'\" loading='lazy' \/>\n\t\t\t\t<\/a>\n<h3>\n\t\t<a href=\"\/es\/yourmbpd\/leadership\/\" title=\"LIDERAZGO\"  target=\"_self\">\n\t\t\tLIDERAZGO\t\t<\/a>\n\t<\/h3>\n<h3>\n\t\t<a href=\"\/es\/yourmbpd\/neighborhoods\/\" title=\"BARRIOS\"  target=\"_self\">\n\t\t\tBARRIOS\t\t<\/a>\n\t<\/h3>\n<h3>\n\t\t<a href=\"\/es\/yourmbpd\/services\/\" title=\"SERVICIOS\"  target=\"_self\">\n\t\t\tSERVICIOS\t\t<\/a>\n\t<\/h3>\n<h1>\n\t\t\tConsejos de seguridad y prevenci\u00f3n del delito\t<\/h1>\n\t<p>El Departamento de Polic\u00eda de MBPD ha elaborado una serie de consejos de prevenci\u00f3n del delito y seguridad para ayudar a residentes, negocios y visitantes a identificar y prevenir actos il\u00edcitos como robos de autos y residencias, robos en playas y robos de bicicletas. Como siempre, la seguridad es nuestra m\u00e1xima prioridad. Si ve algo, av\u00edsele. \u00a1Llame a la polic\u00eda!<\/p>\n<p><strong>Robo de auto<\/strong><\/p>\n<ul>\n<li>No deje objetos de valor visibles en su veh\u00edculo<\/li>\n<li>Cierre todas las ventanas y bloquee todas las puertas antes de salir del veh\u00edculo.<\/li>\n<li>Estacione en una zona bien iluminada y densamente poblada.<\/li>\n<li>Est\u00e9 atento a su entorno al entrar y salir de su veh\u00edculo.<\/li>\n<li>No deje los abridores de puertas de garaje en el veh\u00edculo estacionado<\/li>\n<li>No piense que los tonos oscuros ocultar\u00e1n sus objetos de valor.<\/li>\n<li>Si debe dejar objetos de valor en su autom\u00f3vil, col\u00f3quelos fuera de la vista antes de llegar a su destino.<\/li>\n<li>Reporte cualquier persona sospechosa que observe en un estacionamiento.<\/li>\n<li>Evite estacionarse junto a veh\u00edculos ocupados<\/li>\n<li>No deje las llaves\/llavero en su veh\u00edculo<\/li>\n<\/ul>\n<p><strong>Robo residencial<\/strong><\/p>\n<ul>\n<li>Aseg\u00farese de que su residencia parezca ocupada mientras usted est\u00e1 fuera (recoger el correo y los peri\u00f3dicos, cortar el c\u00e9sped, recortar los setos, mover los veh\u00edculos peri\u00f3dicamente, etc.)<\/li>\n<li>Coloque luces con temporizador en el interior y el exterior.<\/li>\n<li>Configure la alarma (y coloque carteles de alarma)<\/li>\n<li>No tenga escaleras ni herramientas accesibles en el exterior de la casa.<\/li>\n<li>No deje una llave de repuesto accesible (gu\u00e1rdela con un vecino de confianza si es posible)<\/li>\n<li>Genere confianza con los vecinos y vigile las casas de los dem\u00e1s.<\/li>\n<li>Instalar una caja fuerte en casa<\/li>\n<li>No anuncies en las redes sociales que estar\u00e1s fuera de la ciudad.<\/li>\n<\/ul>\n<p><strong>Robos en la playa<\/strong><\/p>\n<ul>\n<li>Utilice una bolsa impermeable para el tel\u00e9fono y otros objetos de valor.<\/li>\n<li>Lleva s\u00f3lo el dinero que necesitar\u00e1s (deja el resto en casa o en la caja fuerte del hotel)<\/li>\n<li>Designa a una persona para que se quede con tus pertenencias mientras est\u00e1s en el agua.<\/li>\n<li>Elija un lugar cerca de la torre de salvavidas.<\/li>\n<li>No dejes tus art\u00edculos desatendidos<\/li>\n<li>No vayas a la playa despu\u00e9s de que est\u00e9 cerrada.<\/li>\n<\/ul>\n<p><strong>Prevenci\u00f3n del robo de bicicletas<\/strong><\/p>\n<ul>\n<li><strong>\u00a1Ci\u00e9rralo!<\/strong> \u2013 Siempre bloquee la bicicleta cuando no est\u00e9 vigilada y d\u00e9jela solo en zonas bien iluminadas con tr\u00e1fico peatonal frecuente. Siempre bloquee su bicicleta en un portabicicletas. Nunca bloquee solo la rueda delantera; aseg\u00farese de incluir la rueda trasera y el cuadro. Use un candado de bicicleta recomendado de alta seguridad. Denuncie actividades sospechosas: Denuncie cualquier robo de bicicleta o actividad sospechosa cerca de los estacionamientos. Aseg\u00farese de registrar su bicicleta aqu\u00ed. <a href=\"https:\/\/secure.coplogic.com\/dors\/startreport\/300002343\">https:\/\/secure.miamibeachfl.gov\/BikeRegistration<\/a><\/li>\n<\/ul>\n\t<p>\u00a9 2025 Derechos de autor Ciudad de Miami Beach.<\/p>\n\t\t\t<a href=\"\/es\/\" target=\"_self\">\n\t\t\t\t\t\t\tSitio web de la ciudad de Miami Beach\n\t\t\t\t\t<\/a>\n\t\t\t<a href=\"\/es\/policies-disclaimers\/\" target=\"_self\">\n\t\t\t\t\t\t\tPol\u00edticas y exenciones de responsabilidad\n\t\t\t\t\t<\/a>\n\t\t\t<a href=\"\/es\/accessibility\/\" target=\"_self\">\n\t\t\t\t\t\t\tAccesibilidad\n\t\t\t\t\t<\/a>\n\t\t\t<a href=\"\/es\/policies-disclaimers\/#cookies\" target=\"_self\">\n\t\t\t\t\t\t\tConfiguraci\u00f3n de cookies\n\t\t\t\t\t<\/a>","protected":false},"excerpt":{"rendered":"<p>LEADERSHIP NEIGHBORHOODS SERVICES Crime Prevention and Safety Tips The MBPD has produced a number of crime prevention and safety tips [&hellip;]<\/p>\n","protected":false},"author":222,"featured_media":0,"parent":122945,"menu_order":97,"comment_status":"closed","ping_status":"closed","template":"","meta":{"_searchwp_excluded":"","site-sidebar-layout":"default","site-content-layout":"","ast-site-content-layout":"","site-content-style":"default","site-sidebar-style":"default","ast-global-header-display":"disabled","ast-banner-title-visibility":"","ast-main-header-display":"","ast-hfb-above-header-display":"","ast-hfb-below-header-display":"","ast-hfb-mobile-header-display":"","site-post-title":"","ast-breadcrumbs-content":"","ast-featured-img":"","footer-sml-layout":"disabled","theme-transparent-header-meta":"","adv-header-id-meta":"","stick-header-meta":"","header-above-stick-meta":"","header-main-stick-meta":"","header-below-stick-meta":"","astra-migrate-meta-layouts":"default","ast-page-background-enabled":"default","ast-page-background-meta":{"desktop":{"background-color":"var(--ast-global-color-5)","background-image":"","background-repeat":"repeat","background-position":"center center","background-size":"auto","background-attachment":"scroll","background-type":"","background-media":"","overlay-type":"","overlay-color":"","overlay-opacity":"","overlay-gradient":""},"tablet":{"background-color":"","background-image":"","background-repeat":"repeat","background-position":"center center","background-size":"auto","background-attachment":"scroll","background-type":"","background-media":"","overlay-type":"","overlay-color":"","overlay-opacity":"","overlay-gradient":""},"mobile":{"background-color":"","background-image":"","background-repeat":"repeat","background-position":"center center","background-size":"auto","background-attachment":"scroll","background-type":"","background-media":"","overlay-type":"","overlay-color":"","overlay-opacity":"","overlay-gradient":""}},"ast-content-background-meta":{"desktop":{"background-color":"var(--ast-global-color-4)","background-image":"","background-repeat":"repeat","background-position":"center center","background-size":"auto","background-attachment":"scroll","background-type":"","background-media":"","overlay-type":"","overlay-color":"","overlay-opacity":"","overlay-gradient":""},"tablet":{"background-color":"var(--ast-global-color-4)","background-image":"","background-repeat":"repeat","background-position":"center center","background-size":"auto","background-attachment":"scroll","background-type":"","background-media":"","overlay-type":"","overlay-color":"","overlay-opacity":"","overlay-gradient":""},"mobile":{"background-color":"var(--ast-global-color-4)","background-image":"","background-repeat":"repeat","background-position":"center center","background-size":"auto","background-attachment":"scroll","background-type":"","background-media":"","overlay-type":"","overlay-color":"","overlay-opacity":"","overlay-gradient":""}},"footnotes":""},"categories":[],"tags":[],"class_list":["post-125831","page","type-page","status-publish","hentry"],"yoast_head":"<!-- This site is optimized with the Yoast SEO Premium plugin v27.4 (Yoast SEO v27.4) - https:\/\/yoast.com\/product\/yoast-seo-premium-wordpress\/ -->\n<title>Crime Prevention - City of Miami Beach<\/title>\n<meta name=\"description\" content=\"%\" \/>\n<meta name=\"robots\" content=\"index, follow, max-snippet:-1, max-image-preview:large, max-video-preview:-1\" \/>\n<link rel=\"canonical\" href=\"https:\/\/www.miamibeachfl.gov\/es\/yourmbpd\/services\/crime-prevention\/\" \/>\n<meta property=\"og:locale\" content=\"es_ES\" \/>\n<meta property=\"og:type\" content=\"article\" \/>\n<meta property=\"og:title\" content=\"Crime Prevention\" \/>\n<meta property=\"og:description\" content=\"%\" \/>\n<meta property=\"og:url\" content=\"https:\/\/www.miamibeachfl.gov\/es\/yourmbpd\/services\/crime-prevention\/\" \/>\n<meta property=\"og:site_name\" content=\"City of Miami Beach\" \/>\n<meta property=\"article:publisher\" content=\"https:\/\/www.facebook.com\/cityofmiamibeach\" \/>\n<meta property=\"article:modified_time\" content=\"2025-06-07T14:48:52+00:00\" \/>\n<meta property=\"og:image\" content=\"https:\/\/www.miamibeachfl.gov\/wp-content\/uploads\/2019\/12\/badge-for-banner.png\" \/>\n<meta name=\"twitter:card\" content=\"summary_large_image\" \/>\n<meta name=\"twitter:site\" content=\"@Miamibeachnews\" \/>\n<script type=\"application\/ld+json\" class=\"yoast-schema-graph\">{\"@context\":\"https:\\\/\\\/schema.org\",\"@graph\":[{\"@type\":\"WebPage\",\"@id\":\"https:\\\/\\\/www.miamibeachfl.gov\\\/yourmbpd\\\/services\\\/crime-prevention\\\/\",\"url\":\"https:\\\/\\\/www.miamibeachfl.gov\\\/yourmbpd\\\/services\\\/crime-prevention\\\/\",\"name\":\"Crime Prevention - City of Miami Beach\",\"isPartOf\":{\"@id\":\"https:\\\/\\\/www.miamibeachfl.gov\\\/#website\"},\"primaryImageOfPage\":{\"@id\":\"https:\\\/\\\/www.miamibeachfl.gov\\\/yourmbpd\\\/services\\\/crime-prevention\\\/#primaryimage\"},\"image\":{\"@id\":\"https:\\\/\\\/www.miamibeachfl.gov\\\/yourmbpd\\\/services\\\/crime-prevention\\\/#primaryimage\"},\"thumbnailUrl\":\"https:\\\/\\\/www.miamibeachfl.gov\\\/wp-content\\\/uploads\\\/2019\\\/12\\\/badge-for-banner.png\",\"datePublished\":\"2020-02-27T16:04:45+00:00\",\"dateModified\":\"2025-06-07T14:48:52+00:00\",\"description\":\"%\",\"breadcrumb\":{\"@id\":\"https:\\\/\\\/www.miamibeachfl.gov\\\/yourmbpd\\\/services\\\/crime-prevention\\\/#breadcrumb\"},\"inLanguage\":\"es\",\"potentialAction\":[{\"@type\":\"ReadAction\",\"target\":[\"https:\\\/\\\/www.miamibeachfl.gov\\\/yourmbpd\\\/services\\\/crime-prevention\\\/\"]}]},{\"@type\":\"ImageObject\",\"inLanguage\":\"es\",\"@id\":\"https:\\\/\\\/www.miamibeachfl.gov\\\/yourmbpd\\\/services\\\/crime-prevention\\\/#primaryimage\",\"url\":\"https:\\\/\\\/www.miamibeachfl.gov\\\/wp-content\\\/uploads\\\/2019\\\/12\\\/badge-for-banner.png\",\"contentUrl\":\"https:\\\/\\\/www.miamibeachfl.gov\\\/wp-content\\\/uploads\\\/2019\\\/12\\\/badge-for-banner.png\"},{\"@type\":\"BreadcrumbList\",\"@id\":\"https:\\\/\\\/www.miamibeachfl.gov\\\/yourmbpd\\\/services\\\/crime-prevention\\\/#breadcrumb\",\"itemListElement\":[{\"@type\":\"ListItem\",\"position\":1,\"name\":\"Home\",\"item\":\"https:\\\/\\\/www.miamibeachfl.gov\\\/\"},{\"@type\":\"ListItem\",\"position\":2,\"name\":\"Police\",\"item\":\"https:\\\/\\\/www.miamibeachfl.gov\\\/yourmbpd\\\/\"},{\"@type\":\"ListItem\",\"position\":3,\"name\":\"Services\",\"item\":\"https:\\\/\\\/www.miamibeachfl.gov\\\/yourmbpd\\\/services\\\/\"},{\"@type\":\"ListItem\",\"position\":4,\"name\":\"Crime Prevention\"}]},{\"@type\":\"WebSite\",\"@id\":\"https:\\\/\\\/www.miamibeachfl.gov\\\/#website\",\"url\":\"https:\\\/\\\/www.miamibeachfl.gov\\\/\",\"name\":\"City of Miami Beach\",\"description\":\"The official website of the City of Miami Beach. Stay informed, find important information on city services, news, alerts, events, trolley routes, government employment and more.\",\"publisher\":{\"@id\":\"https:\\\/\\\/www.miamibeachfl.gov\\\/#organization\"},\"potentialAction\":[{\"@type\":\"SearchAction\",\"target\":{\"@type\":\"EntryPoint\",\"urlTemplate\":\"https:\\\/\\\/www.miamibeachfl.gov\\\/?s={search_term_string}\"},\"query-input\":{\"@type\":\"PropertyValueSpecification\",\"valueRequired\":true,\"valueName\":\"search_term_string\"}}],\"inLanguage\":\"es\"},{\"@type\":\"Organization\",\"@id\":\"https:\\\/\\\/www.miamibeachfl.gov\\\/#organization\",\"name\":\"City of Miami Beach\",\"url\":\"https:\\\/\\\/www.miamibeachfl.gov\\\/\",\"logo\":{\"@type\":\"ImageObject\",\"inLanguage\":\"es\",\"@id\":\"https:\\\/\\\/www.miamibeachfl.gov\\\/#\\\/schema\\\/logo\\\/image\\\/\",\"url\":\"https:\\\/\\\/www.miamibeachfl.gov\\\/wp-content\\\/uploads\\\/2022\\\/06\\\/miamibeach-logoblue.png\",\"contentUrl\":\"https:\\\/\\\/www.miamibeachfl.gov\\\/wp-content\\\/uploads\\\/2022\\\/06\\\/miamibeach-logoblue.png\",\"width\":1962,\"height\":381,\"caption\":\"City of Miami Beach\"},\"image\":{\"@id\":\"https:\\\/\\\/www.miamibeachfl.gov\\\/#\\\/schema\\\/logo\\\/image\\\/\"},\"sameAs\":[\"https:\\\/\\\/www.facebook.com\\\/cityofmiamibeach\",\"https:\\\/\\\/x.com\\\/Miamibeachnews\",\"https:\\\/\\\/www.instagram.com\\\/miamibeachnews\\\/\"],\"description\":\"The official website of the City of Miami Beach. Stay informed, find important information on city services, news, alerts, events, trolley routes, government employment and more.\",\"telephone\":\"305.604.CITY(2489)\",\"legalName\":\"City of Miami Beach\"}]}<\/script>\n<!-- \/ Yoast SEO Premium plugin. -->","yoast_head_json":{"title":"Prevenci\u00f3n del delito - Ciudad de Miami Beach","description":"%","robots":{"index":"index","follow":"follow","max-snippet":"max-snippet:-1","max-image-preview":"max-image-preview:large","max-video-preview":"max-video-preview:-1"},"canonical":"https:\/\/www.miamibeachfl.gov\/es\/yourmbpd\/services\/crime-prevention\/","og_locale":"es_ES","og_type":"article","og_title":"Crime Prevention","og_description":"%","og_url":"https:\/\/www.miamibeachfl.gov\/es\/yourmbpd\/services\/crime-prevention\/","og_site_name":"City of Miami Beach","article_publisher":"https:\/\/www.facebook.com\/cityofmiamibeach","article_modified_time":"2025-06-07T14:48:52+00:00","og_image":[{"url":"https:\/\/www.miamibeachfl.gov\/wp-content\/uploads\/2019\/12\/badge-for-banner.png","type":"","width":"","height":""}],"twitter_card":"summary_large_image","twitter_site":"@Miamibeachnews","schema":{"@context":"https:\/\/schema.org","@graph":[{"@type":"WebPage","@id":"https:\/\/www.miamibeachfl.gov\/yourmbpd\/services\/crime-prevention\/","url":"https:\/\/www.miamibeachfl.gov\/yourmbpd\/services\/crime-prevention\/","name":"Prevenci\u00f3n del delito - Ciudad de Miami Beach","isPartOf":{"@id":"https:\/\/www.miamibeachfl.gov\/#website"},"primaryImageOfPage":{"@id":"https:\/\/www.miamibeachfl.gov\/yourmbpd\/services\/crime-prevention\/#primaryimage"},"image":{"@id":"https:\/\/www.miamibeachfl.gov\/yourmbpd\/services\/crime-prevention\/#primaryimage"},"thumbnailUrl":"https:\/\/www.miamibeachfl.gov\/wp-content\/uploads\/2019\/12\/badge-for-banner.png","datePublished":"2020-02-27T16:04:45+00:00","dateModified":"2025-06-07T14:48:52+00:00","description":"%","breadcrumb":{"@id":"https:\/\/www.miamibeachfl.gov\/yourmbpd\/services\/crime-prevention\/#breadcrumb"},"inLanguage":"es","potentialAction":[{"@type":"ReadAction","target":["https:\/\/www.miamibeachfl.gov\/yourmbpd\/services\/crime-prevention\/"]}]},{"@type":"ImageObject","inLanguage":"es","@id":"https:\/\/www.miamibeachfl.gov\/yourmbpd\/services\/crime-prevention\/#primaryimage","url":"https:\/\/www.miamibeachfl.gov\/wp-content\/uploads\/2019\/12\/badge-for-banner.png","contentUrl":"https:\/\/www.miamibeachfl.gov\/wp-content\/uploads\/2019\/12\/badge-for-banner.png"},{"@type":"BreadcrumbList","@id":"https:\/\/www.miamibeachfl.gov\/yourmbpd\/services\/crime-prevention\/#breadcrumb","itemListElement":[{"@type":"ListItem","position":1,"name":"Home","item":"https:\/\/www.miamibeachfl.gov\/"},{"@type":"ListItem","position":2,"name":"Police","item":"https:\/\/www.miamibeachfl.gov\/yourmbpd\/"},{"@type":"ListItem","position":3,"name":"Services","item":"https:\/\/www.miamibeachfl.gov\/yourmbpd\/services\/"},{"@type":"ListItem","position":4,"name":"Crime Prevention"}]},{"@type":"WebSite","@id":"https:\/\/www.miamibeachfl.gov\/#website","url":"https:\/\/www.miamibeachfl.gov\/","name":"Ciudad de Miami Beach","description":"Sitio web oficial de la Ciudad de Miami Beach. Mant\u00e9ngase informado, encuentre informaci\u00f3n importante sobre servicios municipales, noticias, alertas, eventos, rutas de tranv\u00edas, empleos gubernamentales y m\u00e1s.","publisher":{"@id":"https:\/\/www.miamibeachfl.gov\/#organization"},"potentialAction":[{"@type":"SearchAction","target":{"@type":"EntryPoint","urlTemplate":"https:\/\/www.miamibeachfl.gov\/?s={search_term_string}"},"query-input":{"@type":"PropertyValueSpecification","valueRequired":true,"valueName":"search_term_string"}}],"inLanguage":"es"},{"@type":"Organization","@id":"https:\/\/www.miamibeachfl.gov\/#organization","name":"Ciudad de Miami Beach","url":"https:\/\/www.miamibeachfl.gov\/","logo":{"@type":"ImageObject","inLanguage":"es","@id":"https:\/\/www.miamibeachfl.gov\/#\/schema\/logo\/image\/","url":"https:\/\/www.miamibeachfl.gov\/wp-content\/uploads\/2022\/06\/miamibeach-logoblue.png","contentUrl":"https:\/\/www.miamibeachfl.gov\/wp-content\/uploads\/2022\/06\/miamibeach-logoblue.png","width":1962,"height":381,"caption":"City of Miami Beach"},"image":{"@id":"https:\/\/www.miamibeachfl.gov\/#\/schema\/logo\/image\/"},"sameAs":["https:\/\/www.facebook.com\/cityofmiamibeach","https:\/\/x.com\/Miamibeachnews","https:\/\/www.instagram.com\/miamibeachnews\/"],"description":"Sitio web oficial de la Ciudad de Miami Beach. Mant\u00e9ngase informado, encuentre informaci\u00f3n importante sobre servicios municipales, noticias, alertas, eventos, rutas de tranv\u00edas, empleos gubernamentales y m\u00e1s.","telephone":"305.604.CITY(2489)","legalName":"City of Miami Beach"}]}},"_links":{"self":[{"href":"https:\/\/www.miamibeachfl.gov\/es\/wp-json\/wp\/v2\/pages\/125831","targetHints":{"allow":["GET"]}}],"collection":[{"href":"https:\/\/www.miamibeachfl.gov\/es\/wp-json\/wp\/v2\/pages"}],"about":[{"href":"https:\/\/www.miamibeachfl.gov\/es\/wp-json\/wp\/v2\/types\/page"}],"author":[{"embeddable":true,"href":"https:\/\/www.miamibeachfl.gov\/es\/wp-json\/wp\/v2\/users\/222"}],"replies":[{"embeddable":true,"href":"https:\/\/www.miamibeachfl.gov\/es\/wp-json\/wp\/v2\/comments?post=125831"}],"version-history":[{"count":3,"href":"https:\/\/www.miamibeachfl.gov\/es\/wp-json\/wp\/v2\/pages\/125831\/revisions"}],"predecessor-version":[{"id":375684,"href":"https:\/\/www.miamibeachfl.gov\/es\/wp-json\/wp\/v2\/pages\/125831\/revisions\/375684"}],"up":[{"embeddable":true,"href":"https:\/\/www.miamibeachfl.gov\/es\/wp-json\/wp\/v2\/pages\/122945"}],"wp:attachment":[{"href":"https:\/\/www.miamibeachfl.gov\/es\/wp-json\/wp\/v2\/media?parent=125831"}],"wp:term":[{"taxonomy":"category","embeddable":true,"href":"https:\/\/www.miamibeachfl.gov\/es\/wp-json\/wp\/v2\/categories?post=125831"},{"taxonomy":"post_tag","embeddable":true,"href":"https:\/\/www.miamibeachfl.gov\/es\/wp-json\/wp\/v2\/tags?post=125831"}],"curies":[{"name":"gracias","href":"https:\/\/api.w.org\/{rel}","templated":true}]}}