{"id":126402,"date":"2020-03-09T09:06:04","date_gmt":"2020-03-09T13:06:04","guid":{"rendered":"http:\/\/www.miamibeachfl.gov\/inspectorgeneral\/independence\/"},"modified":"2025-05-28T14:44:21","modified_gmt":"2025-05-28T18:44:21","slug":"independence","status":"publish","type":"page","link":"https:\/\/www.miamibeachfl.gov\/es\/inspectorgeneral\/independence\/","title":{"rendered":"Independencia"},"content":{"rendered":"<a href=\"\/es\/inspectorgeneral\/\"  target=\"_self\" itemprop=\"url\">\n\t\t\t\t<img decoding=\"async\" src=\"https:\/\/www.miamibeachfl.gov\/wp-content\/uploads\/2020\/02\/IGlogoDrafts5-01-1024x791.png\" alt=\"IGlogoDrafts5-01\" itemprop=\"image\" title=\"Borradores del logotipo de IG5-01\" onerror=\"this.style.display='none'\" loading='lazy' \/>\n\t\t\t\t<\/a>\n<h1>\n\t\t\tindependencia\t<\/h1>\n\t\nLa Oficina del Inspector General se cre\u00f3 tras un refer\u00e9ndum municipal celebrado el 6 de noviembre de 2018, cuando el 81% de los votantes de Miami Beach aprob\u00f3 una enmienda a la Carta de la Ciudad. La enmienda especifica que la oficina es un organismo independiente, es decir, que no est\u00e1 sujeta a la direcci\u00f3n de la Administraci\u00f3n Municipal ni de la Comisi\u00f3n Municipal.\n<p>El Inspector General es nombrado por un comit\u00e9 externo especial, sujeto a la aprobaci\u00f3n de la Comisi\u00f3n Municipal, y no podr\u00e1 ser destituido de su cargo, salvo por una votaci\u00f3n de 5\/7 de la Comisi\u00f3n. El cargo no podr\u00e1 ser abolido, salvo mediante una enmienda a la Carta Municipal.<\/p>\n<h2>\n\t\t\tEnlaces r\u00e1pidos de la ciudad:\t<\/h2>\n\t\t\t<a href=\"\/es\/city-hall\/\" target=\"_blank\" rel=\"noopener\">\n\t\t\t\t\t\t\tDirectorio de la ciudad\n\t\t\t\t\t<\/a>\n\t\t\t<a href=\"\/es\/city-hall\/city-clerk\/meeting-notices\/\" target=\"_blank\" rel=\"noopener\">\n\t\t\t\t\t\t\tAvisos de reuniones de la ciudad\n\t\t\t\t\t<\/a>\n\t\t\t<a href=\"\/es\/city-hall\/city-clerk\/meetings-and-agendas\/\" target=\"_blank\" rel=\"noopener\">\n\t\t\t\t\t\t\tReuniones de comisiones y juntas directivas\n\t\t\t\t\t<\/a>\n\t\t\t<a href=\"\/es\/residents\/neighborhood-associations\/\" target=\"_blank\" rel=\"noopener\">\n\t\t\t\t\t\t\tAsociaciones de Vecinos y Condominios\n\t\t\t\t\t<\/a>\n\t\t\t<a href=\"\/es\/city-employee-helpful-links\/\" target=\"_blank\" rel=\"noopener\">\n\t\t\t\t\t\t\tEmpleados\n\t\t\t\t\t<\/a>\n\t\t\t<a href=\"\/es\/flood-awareness\/\" target=\"_blank\" rel=\"noopener\">\n\t\t\t\t\t\t\tConcienciaci\u00f3n sobre las inundaciones\n\t\t\t\t\t<\/a>\n\t\t\t<a href=\"\/es\/city-hall\/transportation\/tracking-trolley-live\/\" target=\"_blank\" rel=\"noopener\">\n\t\t\t\t\t\t\tActualizaciones en vivo del tranv\u00eda\n\t\t\t\t\t<\/a>\n\t\t\t<a href=\"\/es\/government\/master-plans\/\" target=\"_blank\" rel=\"noopener\">\n\t\t\t\t\t\t\tPlanes Maestros\n\t\t\t\t\t<\/a>\n\t\t\t<a href=\"\/es\/city-hall\/parking\/\" target=\"_blank\" rel=\"noopener\">\n\t\t\t\t\t\t\tInformaci\u00f3n de estacionamiento\n\t\t\t\t\t<\/a>\n\t\t\t<a href=\"\/es\/city-hall\/parks-and-recreation\/\" target=\"_self\">\n\t\t\t\t\t\t\tParques y Recreaci\u00f3n\n\t\t\t\t\t<\/a>\n\t\t\t<a href=\"\/es\/residents\/neighborhood-associations\/neighborhood-affairs-division\/active-projects\/other\/north-beach-cra\/\" target=\"_self\">\n\t\t\t\t\t\t\tAgencia de Reurbanizaci\u00f3n Comunitaria de North Beach\n\t\t\t\t\t<\/a>\n\t\t\t<a href=\"https:\/\/www2.miami-dadeclerk.com\/PayParking\/\" target=\"_blank\" rel=\"noopener\">\n\t\t\t\t\t\t\tPagar multas de estacionamiento\n\t\t\t\t\t<\/a>\n\t\t\t<a href=\"\/es\/pay-invoice\/\" target=\"_blank\" rel=\"noopener\">\n\t\t\t\t\t\t\tPagar facturas\n\t\t\t\t\t<\/a>\n\t\t\t<a href=\"\/es\/city-hall\/environmental-sustainability\/sustainability\/recycling\/\" target=\"_self\">\n\t\t\t\t\t\t\tReciclar\n\t\t\t\t\t<\/a>\n\t\t\t<a href=\"\/es\/inspectorgeneral\/\" target=\"_self\">\n\t\t\t\t\t\t\tDenuncia de fraude\n\t\t\t\t\t<\/a>\n\t\t\t<a href=\"\/es\/city-hall\/city-clerk\/special-magistrate\/\" target=\"_self\">\n\t\t\t\t\t\t\tMagistrado Especial\n\t\t\t\t\t<\/a>\n\t\t\t<a href=\"\/es\/city-hall\/economic-development\/redevelopment-agency\/\" target=\"_self\">\n\t\t\t\t\t\t\tAgencia de Reurbanizaci\u00f3n de Miami Beach\n\t\t\t\t\t<\/a>\n\t<p>\u00a9 2025 Derechos de autor Ciudad de Miami Beach.<\/p>\n\t\t\t<a href=\"\/es\/contact\/\" target=\"_self\">\n\t\t\t\t\t\t\tCont\u00e1ctenos\n\t\t\t\t\t<\/a>\n\t\t\t<a href=\"\/es\/policies-disclaimers\/\" target=\"_self\">\n\t\t\t\t\t\t\tPol\u00edticas y exenciones de responsabilidad\n\t\t\t\t\t<\/a>\n\t\t\t<a href=\"\/es\/accessibility\/\" target=\"_self\">\n\t\t\t\t\t\t\tAccesibilidad\n\t\t\t\t\t<\/a>\n\t\t\t<a href=\"\/es\/policies-disclaimers\/#cookies\" target=\"_self\">\n\t\t\t\t\t\t\tConfiguraci\u00f3n de cookies\n\t\t\t\t\t<\/a>","protected":false},"excerpt":{"rendered":"<p>independence The Office of Inspector General was created as the result of a citywide referendum held on November 6, 2018, [&hellip;]<\/p>\n","protected":false},"author":222,"featured_media":0,"parent":123929,"menu_order":0,"comment_status":"closed","ping_status":"closed","template":"","meta":{"_searchwp_excluded":"","site-sidebar-layout":"default","site-content-layout":"","ast-site-content-layout":"","site-content-style":"default","site-sidebar-style":"default","ast-global-header-display":"disabled","ast-banner-title-visibility":"","ast-main-header-display":"","ast-hfb-above-header-display":"","ast-hfb-below-header-display":"","ast-hfb-mobile-header-display":"","site-post-title":"","ast-breadcrumbs-content":"","ast-featured-img":"","footer-sml-layout":"disabled","theme-transparent-header-meta":"","adv-header-id-meta":"","stick-header-meta":"","header-above-stick-meta":"","header-main-stick-meta":"","header-below-stick-meta":"","astra-migrate-meta-layouts":"default","ast-page-background-enabled":"default","ast-page-background-meta":{"desktop":{"background-color":"var(--ast-global-color-5)","background-image":"","background-repeat":"repeat","background-position":"center center","background-size":"auto","background-attachment":"scroll","background-type":"","background-media":"","overlay-type":"","overlay-color":"","overlay-opacity":"","overlay-gradient":""},"tablet":{"background-color":"","background-image":"","background-repeat":"repeat","background-position":"center center","background-size":"auto","background-attachment":"scroll","background-type":"","background-media":"","overlay-type":"","overlay-color":"","overlay-opacity":"","overlay-gradient":""},"mobile":{"background-color":"","background-image":"","background-repeat":"repeat","background-position":"center center","background-size":"auto","background-attachment":"scroll","background-type":"","background-media":"","overlay-type":"","overlay-color":"","overlay-opacity":"","overlay-gradient":""}},"ast-content-background-meta":{"desktop":{"background-color":"var(--ast-global-color-4)","background-image":"","background-repeat":"repeat","background-position":"center center","background-size":"auto","background-attachment":"scroll","background-type":"","background-media":"","overlay-type":"","overlay-color":"","overlay-opacity":"","overlay-gradient":""},"tablet":{"background-color":"var(--ast-global-color-4)","background-image":"","background-repeat":"repeat","background-position":"center center","background-size":"auto","background-attachment":"scroll","background-type":"","background-media":"","overlay-type":"","overlay-color":"","overlay-opacity":"","overlay-gradient":""},"mobile":{"background-color":"var(--ast-global-color-4)","background-image":"","background-repeat":"repeat","background-position":"center center","background-size":"auto","background-attachment":"scroll","background-type":"","background-media":"","overlay-type":"","overlay-color":"","overlay-opacity":"","overlay-gradient":""}},"footnotes":""},"categories":[],"tags":[],"class_list":["post-126402","page","type-page","status-publish","hentry"],"yoast_head":"<!-- This site is optimized with the Yoast SEO Premium plugin v27.4 (Yoast SEO v27.4) - https:\/\/yoast.com\/product\/yoast-seo-premium-wordpress\/ -->\n<title>Independence - City of Miami Beach<\/title>\n<meta name=\"description\" content=\"%\" \/>\n<meta name=\"robots\" content=\"index, follow, max-snippet:-1, max-image-preview:large, max-video-preview:-1\" \/>\n<link rel=\"canonical\" href=\"https:\/\/www.miamibeachfl.gov\/es\/inspectorgeneral\/independence\/\" \/>\n<meta property=\"og:locale\" content=\"es_ES\" \/>\n<meta property=\"og:type\" content=\"article\" \/>\n<meta property=\"og:title\" content=\"Independence\" \/>\n<meta property=\"og:description\" content=\"%\" \/>\n<meta property=\"og:url\" content=\"https:\/\/www.miamibeachfl.gov\/es\/inspectorgeneral\/independence\/\" \/>\n<meta property=\"og:site_name\" content=\"City of Miami Beach\" \/>\n<meta property=\"article:publisher\" content=\"https:\/\/www.facebook.com\/cityofmiamibeach\" \/>\n<meta property=\"article:modified_time\" content=\"2025-05-28T18:44:21+00:00\" \/>\n<meta property=\"og:image\" content=\"https:\/\/www.miamibeachfl.gov\/wp-content\/uploads\/2020\/02\/IGlogoDrafts5-01-1024x791.png\" \/>\n<meta name=\"twitter:card\" content=\"summary_large_image\" \/>\n<meta name=\"twitter:site\" content=\"@Miamibeachnews\" \/>\n<script type=\"application\/ld+json\" class=\"yoast-schema-graph\">{\"@context\":\"https:\\\/\\\/schema.org\",\"@graph\":[{\"@type\":\"WebPage\",\"@id\":\"https:\\\/\\\/www.miamibeachfl.gov\\\/inspectorgeneral\\\/independence\\\/\",\"url\":\"https:\\\/\\\/www.miamibeachfl.gov\\\/inspectorgeneral\\\/independence\\\/\",\"name\":\"Independence - City of Miami Beach\",\"isPartOf\":{\"@id\":\"https:\\\/\\\/www.miamibeachfl.gov\\\/#website\"},\"primaryImageOfPage\":{\"@id\":\"https:\\\/\\\/www.miamibeachfl.gov\\\/inspectorgeneral\\\/independence\\\/#primaryimage\"},\"image\":{\"@id\":\"https:\\\/\\\/www.miamibeachfl.gov\\\/inspectorgeneral\\\/independence\\\/#primaryimage\"},\"thumbnailUrl\":\"https:\\\/\\\/www.miamibeachfl.gov\\\/wp-content\\\/uploads\\\/2020\\\/02\\\/IGlogoDrafts5-01-1024x791.png\",\"datePublished\":\"2020-03-09T13:06:04+00:00\",\"dateModified\":\"2025-05-28T18:44:21+00:00\",\"description\":\"%\",\"breadcrumb\":{\"@id\":\"https:\\\/\\\/www.miamibeachfl.gov\\\/inspectorgeneral\\\/independence\\\/#breadcrumb\"},\"inLanguage\":\"es\",\"potentialAction\":[{\"@type\":\"ReadAction\",\"target\":[\"https:\\\/\\\/www.miamibeachfl.gov\\\/inspectorgeneral\\\/independence\\\/\"]}]},{\"@type\":\"ImageObject\",\"inLanguage\":\"es\",\"@id\":\"https:\\\/\\\/www.miamibeachfl.gov\\\/inspectorgeneral\\\/independence\\\/#primaryimage\",\"url\":\"https:\\\/\\\/www.miamibeachfl.gov\\\/wp-content\\\/uploads\\\/2020\\\/02\\\/IGlogoDrafts5-01-1024x791.png\",\"contentUrl\":\"https:\\\/\\\/www.miamibeachfl.gov\\\/wp-content\\\/uploads\\\/2020\\\/02\\\/IGlogoDrafts5-01-1024x791.png\"},{\"@type\":\"BreadcrumbList\",\"@id\":\"https:\\\/\\\/www.miamibeachfl.gov\\\/inspectorgeneral\\\/independence\\\/#breadcrumb\",\"itemListElement\":[{\"@type\":\"ListItem\",\"position\":1,\"name\":\"Home\",\"item\":\"https:\\\/\\\/www.miamibeachfl.gov\\\/\"},{\"@type\":\"ListItem\",\"position\":2,\"name\":\"Inspector General\",\"item\":\"https:\\\/\\\/www.miamibeachfl.gov\\\/inspectorgeneral\\\/\"},{\"@type\":\"ListItem\",\"position\":3,\"name\":\"Independence\"}]},{\"@type\":\"WebSite\",\"@id\":\"https:\\\/\\\/www.miamibeachfl.gov\\\/#website\",\"url\":\"https:\\\/\\\/www.miamibeachfl.gov\\\/\",\"name\":\"City of Miami Beach\",\"description\":\"The official website of the City of Miami Beach. Stay informed, find important information on city services, news, alerts, events, trolley routes, government employment and more.\",\"publisher\":{\"@id\":\"https:\\\/\\\/www.miamibeachfl.gov\\\/#organization\"},\"potentialAction\":[{\"@type\":\"SearchAction\",\"target\":{\"@type\":\"EntryPoint\",\"urlTemplate\":\"https:\\\/\\\/www.miamibeachfl.gov\\\/?s={search_term_string}\"},\"query-input\":{\"@type\":\"PropertyValueSpecification\",\"valueRequired\":true,\"valueName\":\"search_term_string\"}}],\"inLanguage\":\"es\"},{\"@type\":\"Organization\",\"@id\":\"https:\\\/\\\/www.miamibeachfl.gov\\\/#organization\",\"name\":\"City of Miami Beach\",\"url\":\"https:\\\/\\\/www.miamibeachfl.gov\\\/\",\"logo\":{\"@type\":\"ImageObject\",\"inLanguage\":\"es\",\"@id\":\"https:\\\/\\\/www.miamibeachfl.gov\\\/#\\\/schema\\\/logo\\\/image\\\/\",\"url\":\"https:\\\/\\\/www.miamibeachfl.gov\\\/wp-content\\\/uploads\\\/2022\\\/06\\\/miamibeach-logoblue.png\",\"contentUrl\":\"https:\\\/\\\/www.miamibeachfl.gov\\\/wp-content\\\/uploads\\\/2022\\\/06\\\/miamibeach-logoblue.png\",\"width\":1962,\"height\":381,\"caption\":\"City of Miami Beach\"},\"image\":{\"@id\":\"https:\\\/\\\/www.miamibeachfl.gov\\\/#\\\/schema\\\/logo\\\/image\\\/\"},\"sameAs\":[\"https:\\\/\\\/www.facebook.com\\\/cityofmiamibeach\",\"https:\\\/\\\/x.com\\\/Miamibeachnews\",\"https:\\\/\\\/www.instagram.com\\\/miamibeachnews\\\/\"],\"description\":\"The official website of the City of Miami Beach. Stay informed, find important information on city services, news, alerts, events, trolley routes, government employment and more.\",\"telephone\":\"305.604.CITY(2489)\",\"legalName\":\"City of Miami Beach\"}]}<\/script>\n<!-- \/ Yoast SEO Premium plugin. -->","yoast_head_json":{"title":"Independencia - Ciudad de Miami Beach","description":"%","robots":{"index":"index","follow":"follow","max-snippet":"max-snippet:-1","max-image-preview":"max-image-preview:large","max-video-preview":"max-video-preview:-1"},"canonical":"https:\/\/www.miamibeachfl.gov\/es\/inspectorgeneral\/independence\/","og_locale":"es_ES","og_type":"article","og_title":"Independence","og_description":"%","og_url":"https:\/\/www.miamibeachfl.gov\/es\/inspectorgeneral\/independence\/","og_site_name":"City of Miami Beach","article_publisher":"https:\/\/www.facebook.com\/cityofmiamibeach","article_modified_time":"2025-05-28T18:44:21+00:00","og_image":[{"url":"https:\/\/www.miamibeachfl.gov\/wp-content\/uploads\/2020\/02\/IGlogoDrafts5-01-1024x791.png","type":"","width":"","height":""}],"twitter_card":"summary_large_image","twitter_site":"@Miamibeachnews","schema":{"@context":"https:\/\/schema.org","@graph":[{"@type":"WebPage","@id":"https:\/\/www.miamibeachfl.gov\/inspectorgeneral\/independence\/","url":"https:\/\/www.miamibeachfl.gov\/inspectorgeneral\/independence\/","name":"Independencia - Ciudad de Miami Beach","isPartOf":{"@id":"https:\/\/www.miamibeachfl.gov\/#website"},"primaryImageOfPage":{"@id":"https:\/\/www.miamibeachfl.gov\/inspectorgeneral\/independence\/#primaryimage"},"image":{"@id":"https:\/\/www.miamibeachfl.gov\/inspectorgeneral\/independence\/#primaryimage"},"thumbnailUrl":"https:\/\/www.miamibeachfl.gov\/wp-content\/uploads\/2020\/02\/IGlogoDrafts5-01-1024x791.png","datePublished":"2020-03-09T13:06:04+00:00","dateModified":"2025-05-28T18:44:21+00:00","description":"%","breadcrumb":{"@id":"https:\/\/www.miamibeachfl.gov\/inspectorgeneral\/independence\/#breadcrumb"},"inLanguage":"es","potentialAction":[{"@type":"ReadAction","target":["https:\/\/www.miamibeachfl.gov\/inspectorgeneral\/independence\/"]}]},{"@type":"ImageObject","inLanguage":"es","@id":"https:\/\/www.miamibeachfl.gov\/inspectorgeneral\/independence\/#primaryimage","url":"https:\/\/www.miamibeachfl.gov\/wp-content\/uploads\/2020\/02\/IGlogoDrafts5-01-1024x791.png","contentUrl":"https:\/\/www.miamibeachfl.gov\/wp-content\/uploads\/2020\/02\/IGlogoDrafts5-01-1024x791.png"},{"@type":"BreadcrumbList","@id":"https:\/\/www.miamibeachfl.gov\/inspectorgeneral\/independence\/#breadcrumb","itemListElement":[{"@type":"ListItem","position":1,"name":"Home","item":"https:\/\/www.miamibeachfl.gov\/"},{"@type":"ListItem","position":2,"name":"Inspector General","item":"https:\/\/www.miamibeachfl.gov\/inspectorgeneral\/"},{"@type":"ListItem","position":3,"name":"Independence"}]},{"@type":"WebSite","@id":"https:\/\/www.miamibeachfl.gov\/#website","url":"https:\/\/www.miamibeachfl.gov\/","name":"Ciudad de Miami Beach","description":"Sitio web oficial de la Ciudad de Miami Beach. Mant\u00e9ngase informado, encuentre informaci\u00f3n importante sobre servicios municipales, noticias, alertas, eventos, rutas de tranv\u00edas, empleos gubernamentales y m\u00e1s.","publisher":{"@id":"https:\/\/www.miamibeachfl.gov\/#organization"},"potentialAction":[{"@type":"SearchAction","target":{"@type":"EntryPoint","urlTemplate":"https:\/\/www.miamibeachfl.gov\/?s={search_term_string}"},"query-input":{"@type":"PropertyValueSpecification","valueRequired":true,"valueName":"search_term_string"}}],"inLanguage":"es"},{"@type":"Organization","@id":"https:\/\/www.miamibeachfl.gov\/#organization","name":"Ciudad de Miami Beach","url":"https:\/\/www.miamibeachfl.gov\/","logo":{"@type":"ImageObject","inLanguage":"es","@id":"https:\/\/www.miamibeachfl.gov\/#\/schema\/logo\/image\/","url":"https:\/\/www.miamibeachfl.gov\/wp-content\/uploads\/2022\/06\/miamibeach-logoblue.png","contentUrl":"https:\/\/www.miamibeachfl.gov\/wp-content\/uploads\/2022\/06\/miamibeach-logoblue.png","width":1962,"height":381,"caption":"City of Miami Beach"},"image":{"@id":"https:\/\/www.miamibeachfl.gov\/#\/schema\/logo\/image\/"},"sameAs":["https:\/\/www.facebook.com\/cityofmiamibeach","https:\/\/x.com\/Miamibeachnews","https:\/\/www.instagram.com\/miamibeachnews\/"],"description":"Sitio web oficial de la Ciudad de Miami Beach. Mant\u00e9ngase informado, encuentre informaci\u00f3n importante sobre servicios municipales, noticias, alertas, eventos, rutas de tranv\u00edas, empleos gubernamentales y m\u00e1s.","telephone":"305.604.CITY(2489)","legalName":"City of Miami Beach"}]}},"_links":{"self":[{"href":"https:\/\/www.miamibeachfl.gov\/es\/wp-json\/wp\/v2\/pages\/126402","targetHints":{"allow":["GET"]}}],"collection":[{"href":"https:\/\/www.miamibeachfl.gov\/es\/wp-json\/wp\/v2\/pages"}],"about":[{"href":"https:\/\/www.miamibeachfl.gov\/es\/wp-json\/wp\/v2\/types\/page"}],"author":[{"embeddable":true,"href":"https:\/\/www.miamibeachfl.gov\/es\/wp-json\/wp\/v2\/users\/222"}],"replies":[{"embeddable":true,"href":"https:\/\/www.miamibeachfl.gov\/es\/wp-json\/wp\/v2\/comments?post=126402"}],"version-history":[{"count":2,"href":"https:\/\/www.miamibeachfl.gov\/es\/wp-json\/wp\/v2\/pages\/126402\/revisions"}],"predecessor-version":[{"id":374375,"href":"https:\/\/www.miamibeachfl.gov\/es\/wp-json\/wp\/v2\/pages\/126402\/revisions\/374375"}],"up":[{"embeddable":true,"href":"https:\/\/www.miamibeachfl.gov\/es\/wp-json\/wp\/v2\/pages\/123929"}],"wp:attachment":[{"href":"https:\/\/www.miamibeachfl.gov\/es\/wp-json\/wp\/v2\/media?parent=126402"}],"wp:term":[{"taxonomy":"category","embeddable":true,"href":"https:\/\/www.miamibeachfl.gov\/es\/wp-json\/wp\/v2\/categories?post=126402"},{"taxonomy":"post_tag","embeddable":true,"href":"https:\/\/www.miamibeachfl.gov\/es\/wp-json\/wp\/v2\/tags?post=126402"}],"curies":[{"name":"gracias","href":"https:\/\/api.w.org\/{rel}","templated":true}]}}