{"id":129140,"date":"2020-04-14T15:35:18","date_gmt":"2020-04-14T19:35:18","guid":{"rendered":"http:\/\/www.miamibeachfl.gov\/city-hall\/procurement\/standard-terms-and-conditions\/standard-terms-and-conditions-archive\/"},"modified":"2026-03-24T14:44:51","modified_gmt":"2026-03-24T18:44:51","slug":"standard-terms-and-conditions-archive","status":"publish","type":"page","link":"https:\/\/www.miamibeachfl.gov\/es\/city-hall\/procurement\/standard-terms-and-conditions\/standard-terms-and-conditions-archive\/","title":{"rendered":"T\u00e9rminos y condiciones est\u00e1ndar (ARCHIVO)"},"content":{"rendered":"<img decoding=\"async\" src=\"https:\/\/www.miamibeachfl.gov\/wp-content\/uploads\/2022\/07\/hero-small.jpg\" alt=\"ocean drive art deco buildings\" itemprop=\"image\" height=\"211\" width=\"2395\" title=\"h\u00e9roe peque\u00f1o\" onerror=\"this.style.display='none'\" loading=\"lazy\" \/>\n<h1>\n\t\t\tT\u00e9rminos y condiciones est\u00e1ndar (ARCHIVO)\t<\/h1>\n\t<nav id=\"breadcrumbs\" aria-label=\"Pan rallado\"><a href=\"https:\/\/www.miamibeachfl.gov\/es\/\">Hogar<\/a> &gt; <a href=\"https:\/\/www.miamibeachfl.gov\/es\/city-hall\/\">Ayuntamiento<\/a> &gt; <a href=\"https:\/\/www.miamibeachfl.gov\/es\/city-hall\/procurement\/\">Obtenci\u00f3n<\/a> &gt; <a href=\"https:\/\/www.miamibeachfl.gov\/es\/city-hall\/procurement\/standard-terms-and-conditions\/\">T\u00e9rminos y condiciones est\u00e1ndar<\/a> &gt; <strong>T\u00e9rminos y condiciones est\u00e1ndar (ARCHIVO)<\/strong><\/nav>\n<h3>\u00a0 BIENES Y SERVICIOS<\/h3>\n<ul>\n<li><a href=\"https:\/\/www.miamibeachfl.gov\/wp-content\/uploads\/2025\/12\/Formal-Solicitations-Terms-Conditions-Goods-and-Services-General-12.17.2025.pdf\" target=\"_blank\" rel=\"noopener\">Solicitaciones formales 17\/12\/25<\/a><\/li>\n<li><a href=\"https:\/\/www.miamibeachfl.gov\/wp-content\/uploads\/2022\/10\/Formal-Solicitations-Terms-Conditions-Goods-and-Services-General-10.27.2022.pdf\" target=\"_blank\" rel=\"noopener\">Solicitaciones Formales 27\/10\/22<\/a><\/li>\n<li><a href=\"https:\/\/www.miamibeachfl.gov\/wp-content\/uploads\/2022\/10\/Informal-Solicitation-General-Terms-and-Conditions-Goods-and-Servicesl-10.27.2022.pdf\" target=\"_blank\" rel=\"noopener\">Solicitaciones informales 27\/10\/22<\/a><\/li>\n<li><a href=\"https:\/\/www.miamibeachfl.gov\/wp-content\/uploads\/2022\/07\/Formal-Solicitations-Terms-Conditions-Goods-and-Services-General-7.7.2022.pdf\" target=\"_blank\" rel=\"noopener noreferrer\">Solicitaciones Formales 7.7.22<\/a><\/li>\n<li><a href=\"https:\/\/www.miamibeachfl.gov\/wp-content\/uploads\/2022\/07\/Informal-Solicitation-General-Terms-and-Conditions-Goods-and-Servicesl-7.7.22.pdf\" target=\"_blank\" rel=\"noopener noreferrer\">Solicitaciones informales 7.7.22<\/a><\/li>\n<li><a href=\"https:\/\/www.miamibeachfl.gov\/wp-content\/uploads\/2020\/04\/Terms-Conditions-Goods-General-4.13.20.pdf\" target=\"_blank\" rel=\"noopener noreferrer\">T\u00e9rminos y Condiciones Generales de Venta ABRIL 2020<\/a><\/li>\n<li><a href=\"http:\/\/www.miamibeachfl.gov\/wp-content\/uploads\/2019\/10\/Terms-Conditions-Goods-General.pdf\" target=\"_blank\" rel=\"noopener noreferrer\">T\u00e9rminos y Condiciones Generales de Venta de Mercanc\u00edas - OCTUBRE 2019<\/a><\/li>\n<li><a href=\"http:\/\/www.miamibeachfl.gov\/wp-content\/uploads\/2020\/11\/Terms-Conditions-Goods-General.pdf\" target=\"_blank\" rel=\"noopener noreferrer\">T\u00e9rminos y Condiciones Generales de Venta de Mercanc\u00edas \u2013 MARZO 2019<\/a><\/li>\n<li><a href=\"https:\/\/www.miamibeachfl.gov\/wp-content\/uploads\/2020\/04\/Terms-Conditions-Services-General-4.13.2020.pdf\" target=\"_blank\" rel=\"noopener noreferrer\">T\u00e9rminos y Condiciones Servicios Generales ABRIL 2020<\/a><\/li>\n<li><a href=\"http:\/\/www.miamibeachfl.gov\/wp-content\/uploads\/2020\/04\/Terms-Conditions-Services-General-4.3.2020.pdf\" target=\"_blank\" rel=\"noopener noreferrer\">T\u00e9rminos y Condiciones Generales de Servicios - ABRIL 2020<\/a><\/li>\n<li><a href=\"http:\/\/www.miamibeachfl.gov\/wp-content\/uploads\/2020\/04\/Terms-Conditions-Services-General.pdf\" target=\"_blank\" rel=\"noopener noreferrer\">T\u00e9rminos y Condiciones Generales de Servicios \u2013 OCTUBRE 2019<\/a><\/li>\n<\/ul>\n<h3>\u00a0 CONSTRUCCI\u00d3N<\/h3>\n<ul>\n<li><a href=\"http:\/\/www.miamibeachfl.gov\/wp-content\/uploads\/2020\/04\/Terms-Conditions-SHIP-Construction-4.13.20.pdf\" target=\"_blank\" rel=\"noopener noreferrer\">T\u00e9rminos y Condiciones SHIP Construcci\u00f3n 4.13.20<\/a><\/li>\n<li><a href=\"https:\/\/www.miamibeachfl.gov\/wp-content\/uploads\/2025\/10\/Terms-and-Conditions-for-Construction-contract-10-13-25.pdf\" target=\"_blank\" rel=\"noopener\">T\u00e9rminos y condiciones de construcci\u00f3n (formales e informales) 10.13.25<\/a><\/li>\n<li><a href=\"http:\/\/www.miamibeachfl.gov\/wp-content\/uploads\/2020\/04\/General-Conditions-for-Construction-Contract-April-13-2020.pdf\" target=\"_blank\" rel=\"noopener noreferrer\">Condiciones Generales de Construcci\u00f3n (Formales e Informales) ABRIL 2020<\/a><\/li>\n<li><a href=\"http:\/\/www.miamibeachfl.gov\/wp-content\/uploads\/2019\/06\/General-Conditions-for-Construction-Contracts.pdf\" target=\"_blank\" rel=\"noopener noreferrer\">Condiciones Generales para Contratos de Construcci\u00f3n - JUNIO 2019<\/a><\/li>\n<li><a href=\"http:\/\/www.miamibeachfl.gov\/wp-content\/uploads\/2020\/11\/General-Conditions-for-Construction-Contract-Apr-16-2019.pdf\" target=\"_blank\" rel=\"noopener noreferrer\">Condiciones Generales del Contrato de Construcci\u00f3n \u2013 16 de abril de 2019<\/a><\/li>\n<li><a href=\"http:\/\/www.miamibeachfl.gov\/wp-content\/uploads\/2019\/03\/Master-Terms-and-Conditions-for-State-Housing-Initiatives-Partnership-Program-Ship-Program-Projects.pdf\" target=\"_blank\" rel=\"noopener noreferrer\">T\u00e9rminos y condiciones generales del SHIP para proyectos del Programa de Asociaci\u00f3n de Iniciativas de Vivienda Estatal - Marzo de 2019<\/a><\/li>\n<\/ul>\n\t\tNavegar a\u2026\t\t\t\n\t\t\t\t\t<ul id=\"menu-procurement-main-menu\"><li id=\"menu-item-363357\"><a href=\"\/es\/city-hall\/procurement\/bid-opportunities\/\">Oportunidades de licitaci\u00f3n<\/a><\/li>\n<li id=\"menu-item-363358\"><a href=\"\/es\/city-hall\/procurement\/contact-procurement\/\">Cont\u00e1ctenos<\/a><\/li>\n<li id=\"menu-item-363359\"><a href=\"\/es\/city-hall\/procurement\/how-to-become-a-vendor\/\">\u00bfC\u00f3mo convertirse en vendedor?<\/a><\/li>\n<li id=\"menu-item-363360\"><a href=\"\/es\/city-hall\/procurement\/kristy-bada-bio\/\">Biograf\u00eda de Kristy Bada<\/a><\/li>\n<li id=\"menu-item-363361\"><a href=\"\/es\/city-hall\/procurement\/procurement-related-ordinance-and-procedures\/\">Pol\u00edticas y procedimientos relacionados con las adquisiciones<\/a><\/li>\n<li id=\"menu-item-363362\"><a href=\"\/es\/city-hall\/procurement\/standard-terms-and-conditions\/\">T\u00e9rminos y condiciones est\u00e1ndar<\/a><\/li>\n<\/ul>\t\n\t<div class=\"page-navigation\"><a class=\"prev-page\" href=\"https:\/\/www.miamibeachfl.gov\/es\/city-hall\/communications\/advertising-rates\/\">\u2190 Tarifas de publicidad<\/a> <a class=\"next-page\" href=\"https:\/\/www.miamibeachfl.gov\/es\/city-hall\/city-manager\/\">Administrador de la ciudad \u2192<\/a><\/div>","protected":false},"excerpt":{"rendered":"<p>Condiciones Generales de Contrataci\u00f3n (ARCHIVO) Inicio &gt; Ayuntamiento &gt; Contrataci\u00f3n &gt; Condiciones Generales de Contrataci\u00f3n &gt; Condiciones Generales de Contrataci\u00f3n [\u2026]<\/p>","protected":false},"author":222,"featured_media":0,"parent":98722,"menu_order":96,"comment_status":"closed","ping_status":"closed","template":"","meta":{"_searchwp_excluded":"","site-sidebar-layout":"default","site-content-layout":"","ast-site-content-layout":"default","site-content-style":"default","site-sidebar-style":"default","ast-global-header-display":"","ast-banner-title-visibility":"","ast-main-header-display":"","ast-hfb-above-header-display":"","ast-hfb-below-header-display":"","ast-hfb-mobile-header-display":"","site-post-title":"","ast-breadcrumbs-content":"","ast-featured-img":"","footer-sml-layout":"","theme-transparent-header-meta":"","adv-header-id-meta":"","stick-header-meta":"","header-above-stick-meta":"","header-main-stick-meta":"","header-below-stick-meta":"","astra-migrate-meta-layouts":"default","ast-page-background-enabled":"default","ast-page-background-meta":{"desktop":{"background-color":"var(--ast-global-color-5)","background-image":"","background-repeat":"repeat","background-position":"center center","background-size":"auto","background-attachment":"scroll","background-type":"","background-media":"","overlay-type":"","overlay-color":"","overlay-opacity":"","overlay-gradient":""},"tablet":{"background-color":"","background-image":"","background-repeat":"repeat","background-position":"center center","background-size":"auto","background-attachment":"scroll","background-type":"","background-media":"","overlay-type":"","overlay-color":"","overlay-opacity":"","overlay-gradient":""},"mobile":{"background-color":"","background-image":"","background-repeat":"repeat","background-position":"center center","background-size":"auto","background-attachment":"scroll","background-type":"","background-media":"","overlay-type":"","overlay-color":"","overlay-opacity":"","overlay-gradient":""}},"ast-content-background-meta":{"desktop":{"background-color":"var(--ast-global-color-4)","background-image":"","background-repeat":"repeat","background-position":"center center","background-size":"auto","background-attachment":"scroll","background-type":"","background-media":"","overlay-type":"","overlay-color":"","overlay-opacity":"","overlay-gradient":""},"tablet":{"background-color":"var(--ast-global-color-4)","background-image":"","background-repeat":"repeat","background-position":"center center","background-size":"auto","background-attachment":"scroll","background-type":"","background-media":"","overlay-type":"","overlay-color":"","overlay-opacity":"","overlay-gradient":""},"mobile":{"background-color":"var(--ast-global-color-4)","background-image":"","background-repeat":"repeat","background-position":"center center","background-size":"auto","background-attachment":"scroll","background-type":"","background-media":"","overlay-type":"","overlay-color":"","overlay-opacity":"","overlay-gradient":""}},"footnotes":""},"categories":[1],"tags":[],"class_list":["post-129140","page","type-page","status-publish","hentry","category-uncategorized"],"yoast_head":"<!-- This site is optimized with the Yoast SEO Premium plugin v26.6 (Yoast SEO v26.6) - https:\/\/yoast.com\/wordpress\/plugins\/seo\/ -->\n<title>Standard Terms And Conditions (ARCHIVE) - City of Miami Beach<\/title>\n<meta name=\"description\" content=\"%\" \/>\n<meta name=\"robots\" content=\"index, follow, max-snippet:-1, max-image-preview:large, max-video-preview:-1\" \/>\n<link rel=\"canonical\" href=\"https:\/\/www.miamibeachfl.gov\/es\/city-hall\/procurement\/standard-terms-and-conditions\/standard-terms-and-conditions-archive\/\" \/>\n<meta property=\"og:locale\" content=\"es_ES\" \/>\n<meta property=\"og:type\" content=\"article\" \/>\n<meta property=\"og:title\" content=\"Standard Terms And Conditions (ARCHIVE)\" \/>\n<meta property=\"og:description\" content=\"%\" \/>\n<meta property=\"og:url\" content=\"https:\/\/www.miamibeachfl.gov\/es\/city-hall\/procurement\/standard-terms-and-conditions\/standard-terms-and-conditions-archive\/\" \/>\n<meta property=\"og:site_name\" content=\"City of Miami Beach\" \/>\n<meta property=\"article:publisher\" content=\"https:\/\/www.facebook.com\/cityofmiamibeach\" \/>\n<meta property=\"article:modified_time\" content=\"2026-03-24T18:44:51+00:00\" \/>\n<meta property=\"og:image\" content=\"https:\/\/www.miamibeachfl.gov\/wp-content\/uploads\/2022\/07\/hero-small.jpg\" \/>\n<meta name=\"twitter:card\" content=\"summary_large_image\" \/>\n<meta name=\"twitter:site\" content=\"@Miamibeachnews\" \/>\n<script type=\"application\/ld+json\" class=\"yoast-schema-graph\">{\"@context\":\"https:\/\/schema.org\",\"@graph\":[{\"@type\":\"WebPage\",\"@id\":\"https:\/\/www.miamibeachfl.gov\/city-hall\/procurement\/standard-terms-and-conditions\/standard-terms-and-conditions-archive\/\",\"url\":\"https:\/\/www.miamibeachfl.gov\/city-hall\/procurement\/standard-terms-and-conditions\/standard-terms-and-conditions-archive\/\",\"name\":\"Standard Terms And Conditions (ARCHIVE) - City of Miami Beach\",\"isPartOf\":{\"@id\":\"https:\/\/www.miamibeachfl.gov\/#website\"},\"primaryImageOfPage\":{\"@id\":\"https:\/\/www.miamibeachfl.gov\/city-hall\/procurement\/standard-terms-and-conditions\/standard-terms-and-conditions-archive\/#primaryimage\"},\"image\":{\"@id\":\"https:\/\/www.miamibeachfl.gov\/city-hall\/procurement\/standard-terms-and-conditions\/standard-terms-and-conditions-archive\/#primaryimage\"},\"thumbnailUrl\":\"https:\/\/www.miamibeachfl.gov\/wp-content\/uploads\/2022\/07\/hero-small.jpg\",\"datePublished\":\"2020-04-14T19:35:18+00:00\",\"dateModified\":\"2026-03-24T18:44:51+00:00\",\"description\":\"%\",\"breadcrumb\":{\"@id\":\"https:\/\/www.miamibeachfl.gov\/city-hall\/procurement\/standard-terms-and-conditions\/standard-terms-and-conditions-archive\/#breadcrumb\"},\"inLanguage\":\"es\",\"potentialAction\":[{\"@type\":\"ReadAction\",\"target\":[\"https:\/\/www.miamibeachfl.gov\/city-hall\/procurement\/standard-terms-and-conditions\/standard-terms-and-conditions-archive\/\"]}]},{\"@type\":\"ImageObject\",\"inLanguage\":\"es\",\"@id\":\"https:\/\/www.miamibeachfl.gov\/city-hall\/procurement\/standard-terms-and-conditions\/standard-terms-and-conditions-archive\/#primaryimage\",\"url\":\"https:\/\/www.miamibeachfl.gov\/wp-content\/uploads\/2022\/07\/hero-small.jpg\",\"contentUrl\":\"https:\/\/www.miamibeachfl.gov\/wp-content\/uploads\/2022\/07\/hero-small.jpg\"},{\"@type\":\"BreadcrumbList\",\"@id\":\"https:\/\/www.miamibeachfl.gov\/city-hall\/procurement\/standard-terms-and-conditions\/standard-terms-and-conditions-archive\/#breadcrumb\",\"itemListElement\":[{\"@type\":\"ListItem\",\"position\":1,\"name\":\"Home\",\"item\":\"https:\/\/www.miamibeachfl.gov\/\"},{\"@type\":\"ListItem\",\"position\":2,\"name\":\"City Hall\",\"item\":\"https:\/\/www.miamibeachfl.gov\/city-hall\/\"},{\"@type\":\"ListItem\",\"position\":3,\"name\":\"Procurement\",\"item\":\"https:\/\/www.miamibeachfl.gov\/city-hall\/procurement\/\"},{\"@type\":\"ListItem\",\"position\":4,\"name\":\"Standard Terms And Conditions\",\"item\":\"https:\/\/www.miamibeachfl.gov\/city-hall\/procurement\/standard-terms-and-conditions\/\"},{\"@type\":\"ListItem\",\"position\":5,\"name\":\"Standard Terms And Conditions (ARCHIVE)\"}]},{\"@type\":\"WebSite\",\"@id\":\"https:\/\/www.miamibeachfl.gov\/#website\",\"url\":\"https:\/\/www.miamibeachfl.gov\/\",\"name\":\"City of Miami Beach\",\"description\":\"The official website of the City of Miami Beach. Stay informed, find important information on city services, news, alerts, events, trolley routes, government employment and more.\",\"publisher\":{\"@id\":\"https:\/\/www.miamibeachfl.gov\/#organization\"},\"potentialAction\":[{\"@type\":\"SearchAction\",\"target\":{\"@type\":\"EntryPoint\",\"urlTemplate\":\"https:\/\/www.miamibeachfl.gov\/?s={search_term_string}\"},\"query-input\":{\"@type\":\"PropertyValueSpecification\",\"valueRequired\":true,\"valueName\":\"search_term_string\"}}],\"inLanguage\":\"es\"},{\"@type\":\"Organization\",\"@id\":\"https:\/\/www.miamibeachfl.gov\/#organization\",\"name\":\"City of Miami Beach\",\"url\":\"https:\/\/www.miamibeachfl.gov\/\",\"logo\":{\"@type\":\"ImageObject\",\"inLanguage\":\"es\",\"@id\":\"https:\/\/www.miamibeachfl.gov\/#\/schema\/logo\/image\/\",\"url\":\"https:\/\/www.miamibeachfl.gov\/wp-content\/uploads\/2022\/06\/miamibeach-logoblue.png\",\"contentUrl\":\"https:\/\/www.miamibeachfl.gov\/wp-content\/uploads\/2022\/06\/miamibeach-logoblue.png\",\"width\":1962,\"height\":381,\"caption\":\"City of Miami Beach\"},\"image\":{\"@id\":\"https:\/\/www.miamibeachfl.gov\/#\/schema\/logo\/image\/\"},\"sameAs\":[\"https:\/\/www.facebook.com\/cityofmiamibeach\",\"https:\/\/x.com\/Miamibeachnews\",\"https:\/\/www.instagram.com\/miamibeachnews\/\"],\"description\":\"The official website of the City of Miami Beach. Stay informed, find important information on city services, news, alerts, events, trolley routes, government employment and more.\",\"telephone\":\"305.604.CITY(2489)\",\"legalName\":\"City of Miami Beach\"}]}<\/script>\n<!-- \/ Yoast SEO Premium plugin. -->","yoast_head_json":{"title":"T\u00e9rminos y condiciones est\u00e1ndar (ARCHIVO) - Ciudad de Miami Beach","description":"%","robots":{"index":"index","follow":"follow","max-snippet":"max-snippet:-1","max-image-preview":"max-image-preview:large","max-video-preview":"max-video-preview:-1"},"canonical":"https:\/\/www.miamibeachfl.gov\/es\/city-hall\/procurement\/standard-terms-and-conditions\/standard-terms-and-conditions-archive\/","og_locale":"es_ES","og_type":"article","og_title":"Standard Terms And Conditions (ARCHIVE)","og_description":"%","og_url":"https:\/\/www.miamibeachfl.gov\/es\/city-hall\/procurement\/standard-terms-and-conditions\/standard-terms-and-conditions-archive\/","og_site_name":"City of Miami Beach","article_publisher":"https:\/\/www.facebook.com\/cityofmiamibeach","article_modified_time":"2026-03-24T18:44:51+00:00","og_image":[{"url":"https:\/\/www.miamibeachfl.gov\/wp-content\/uploads\/2022\/07\/hero-small.jpg","type":"","width":"","height":""}],"twitter_card":"summary_large_image","twitter_site":"@Miamibeachnews","schema":{"@context":"https:\/\/schema.org","@graph":[{"@type":"WebPage","@id":"https:\/\/www.miamibeachfl.gov\/city-hall\/procurement\/standard-terms-and-conditions\/standard-terms-and-conditions-archive\/","url":"https:\/\/www.miamibeachfl.gov\/city-hall\/procurement\/standard-terms-and-conditions\/standard-terms-and-conditions-archive\/","name":"T\u00e9rminos y condiciones est\u00e1ndar (ARCHIVO) - Ciudad de Miami Beach","isPartOf":{"@id":"https:\/\/www.miamibeachfl.gov\/#website"},"primaryImageOfPage":{"@id":"https:\/\/www.miamibeachfl.gov\/city-hall\/procurement\/standard-terms-and-conditions\/standard-terms-and-conditions-archive\/#primaryimage"},"image":{"@id":"https:\/\/www.miamibeachfl.gov\/city-hall\/procurement\/standard-terms-and-conditions\/standard-terms-and-conditions-archive\/#primaryimage"},"thumbnailUrl":"https:\/\/www.miamibeachfl.gov\/wp-content\/uploads\/2022\/07\/hero-small.jpg","datePublished":"2020-04-14T19:35:18+00:00","dateModified":"2026-03-24T18:44:51+00:00","description":"%","breadcrumb":{"@id":"https:\/\/www.miamibeachfl.gov\/city-hall\/procurement\/standard-terms-and-conditions\/standard-terms-and-conditions-archive\/#breadcrumb"},"inLanguage":"es","potentialAction":[{"@type":"ReadAction","target":["https:\/\/www.miamibeachfl.gov\/city-hall\/procurement\/standard-terms-and-conditions\/standard-terms-and-conditions-archive\/"]}]},{"@type":"ImageObject","inLanguage":"es","@id":"https:\/\/www.miamibeachfl.gov\/city-hall\/procurement\/standard-terms-and-conditions\/standard-terms-and-conditions-archive\/#primaryimage","url":"https:\/\/www.miamibeachfl.gov\/wp-content\/uploads\/2022\/07\/hero-small.jpg","contentUrl":"https:\/\/www.miamibeachfl.gov\/wp-content\/uploads\/2022\/07\/hero-small.jpg"},{"@type":"BreadcrumbList","@id":"https:\/\/www.miamibeachfl.gov\/city-hall\/procurement\/standard-terms-and-conditions\/standard-terms-and-conditions-archive\/#breadcrumb","itemListElement":[{"@type":"ListItem","position":1,"name":"Home","item":"https:\/\/www.miamibeachfl.gov\/"},{"@type":"ListItem","position":2,"name":"City Hall","item":"https:\/\/www.miamibeachfl.gov\/city-hall\/"},{"@type":"ListItem","position":3,"name":"Procurement","item":"https:\/\/www.miamibeachfl.gov\/city-hall\/procurement\/"},{"@type":"ListItem","position":4,"name":"Standard Terms And Conditions","item":"https:\/\/www.miamibeachfl.gov\/city-hall\/procurement\/standard-terms-and-conditions\/"},{"@type":"ListItem","position":5,"name":"Standard Terms And Conditions (ARCHIVE)"}]},{"@type":"WebSite","@id":"https:\/\/www.miamibeachfl.gov\/#website","url":"https:\/\/www.miamibeachfl.gov\/","name":"Ciudad de Miami Beach","description":"Sitio web oficial de la Ciudad de Miami Beach. Mant\u00e9ngase informado, encuentre informaci\u00f3n importante sobre servicios municipales, noticias, alertas, eventos, rutas de tranv\u00edas, empleos gubernamentales y m\u00e1s.","publisher":{"@id":"https:\/\/www.miamibeachfl.gov\/#organization"},"potentialAction":[{"@type":"SearchAction","target":{"@type":"EntryPoint","urlTemplate":"https:\/\/www.miamibeachfl.gov\/?s={search_term_string}"},"query-input":{"@type":"PropertyValueSpecification","valueRequired":true,"valueName":"search_term_string"}}],"inLanguage":"es"},{"@type":"Organization","@id":"https:\/\/www.miamibeachfl.gov\/#organization","name":"Ciudad de Miami Beach","url":"https:\/\/www.miamibeachfl.gov\/","logo":{"@type":"ImageObject","inLanguage":"es","@id":"https:\/\/www.miamibeachfl.gov\/#\/schema\/logo\/image\/","url":"https:\/\/www.miamibeachfl.gov\/wp-content\/uploads\/2022\/06\/miamibeach-logoblue.png","contentUrl":"https:\/\/www.miamibeachfl.gov\/wp-content\/uploads\/2022\/06\/miamibeach-logoblue.png","width":1962,"height":381,"caption":"City of Miami Beach"},"image":{"@id":"https:\/\/www.miamibeachfl.gov\/#\/schema\/logo\/image\/"},"sameAs":["https:\/\/www.facebook.com\/cityofmiamibeach","https:\/\/x.com\/Miamibeachnews","https:\/\/www.instagram.com\/miamibeachnews\/"],"description":"Sitio web oficial de la Ciudad de Miami Beach. Mant\u00e9ngase informado, encuentre informaci\u00f3n importante sobre servicios municipales, noticias, alertas, eventos, rutas de tranv\u00edas, empleos gubernamentales y m\u00e1s.","telephone":"305.604.CITY(2489)","legalName":"City of Miami Beach"}]}},"_links":{"self":[{"href":"https:\/\/www.miamibeachfl.gov\/es\/wp-json\/wp\/v2\/pages\/129140","targetHints":{"allow":["GET"]}}],"collection":[{"href":"https:\/\/www.miamibeachfl.gov\/es\/wp-json\/wp\/v2\/pages"}],"about":[{"href":"https:\/\/www.miamibeachfl.gov\/es\/wp-json\/wp\/v2\/types\/page"}],"author":[{"embeddable":true,"href":"https:\/\/www.miamibeachfl.gov\/es\/wp-json\/wp\/v2\/users\/222"}],"replies":[{"embeddable":true,"href":"https:\/\/www.miamibeachfl.gov\/es\/wp-json\/wp\/v2\/comments?post=129140"}],"version-history":[{"count":0,"href":"https:\/\/www.miamibeachfl.gov\/es\/wp-json\/wp\/v2\/pages\/129140\/revisions"}],"up":[{"embeddable":true,"href":"https:\/\/www.miamibeachfl.gov\/es\/wp-json\/wp\/v2\/pages\/98722"}],"wp:attachment":[{"href":"https:\/\/www.miamibeachfl.gov\/es\/wp-json\/wp\/v2\/media?parent=129140"}],"wp:term":[{"taxonomy":"category","embeddable":true,"href":"https:\/\/www.miamibeachfl.gov\/es\/wp-json\/wp\/v2\/categories?post=129140"},{"taxonomy":"post_tag","embeddable":true,"href":"https:\/\/www.miamibeachfl.gov\/es\/wp-json\/wp\/v2\/tags?post=129140"}],"curies":[{"name":"gracias","href":"https:\/\/api.w.org\/{rel}","templated":true}]}}