{"id":175243,"date":"2021-12-14T16:53:55","date_gmt":"2021-12-14T21:53:55","guid":{"rendered":"http:\/\/www.miamibeachfl.gov\/?page_id=175243"},"modified":"2025-10-02T16:30:52","modified_gmt":"2025-10-02T20:30:52","slug":"all-top-visited","status":"publish","type":"page","link":"https:\/\/www.miamibeachfl.gov\/es\/all-top-visited\/","title":{"rendered":"Todos los m\u00e1s visitados"},"content":{"rendered":"<h1>\n\t\t\tRecursos de la ciudad de Miami Beach\t<\/h1>\n\t<nav id=\"breadcrumbs\" aria-label=\"Pan rallado\"><a href=\"https:\/\/www.miamibeachfl.gov\/es\/\">Hogar<\/a> &gt; <strong>Todos los m\u00e1s visitados<\/strong><\/nav>\n\t\t\t\t\t\t\t<a href=\"\/es\/pay-invoice\/\" target=\"_self\">\n\t\t\t\t\t\t\t\t\t\t\t\t\t\t\t\t\t\t\t\t\t\t\t\t\t\t\t\t\t\t\t\t\t\t\t<img decoding=\"async\" src=\"https:\/\/www.miamibeachfl.gov\/wp-content\/uploads\/2022\/12\/icon-home-paybills.png\" alt=\"Pay Bills\" \/>\n\t\t\t\t\t\t\t\t\t\t<h3>Pagar facturas<\/h3>\n\t\t\t\t\t\t\t\t<p>Enlaces para pagar facturas de la ciudad, permisos, impuestos y m\u00e1s.<\/p>\t\t\t\t\t\t\t\n\t\t\t\t\t\t\t\t\t<\/a>\n\t\t\t\t\t\t\t<a href=\"https:\/\/www.miamibeachfl.gov\/es\/permits\/\" target=\"_self\">\n\t\t\t\t\t\t\t\t\t\t\t\t\t\t\t\t\t\t\t\t\t\t\t\t\t\t\t\t\t\t\t\t\t\t\t<img decoding=\"async\" src=\"https:\/\/www.miamibeachfl.gov\/wp-content\/uploads\/2022\/11\/icon-viewpayapply.png\" alt=\"City Permits\" \/>\n\t\t\t\t\t\t\t\t\t\t<h3>Permisos de la ciudad<\/h3>\n\t\t\t\t\t\t\t\t<p>Recursos de permisos y preguntas frecuentes de todos los departamentos de la ciudad.<\/p>\t\t\t\t\t\t\t\n\t\t\t\t\t\t\t\t\t<\/a>\n\t\t\t\t\t\t\t<a href=\"\/es\/city-hall\/building\/\" target=\"_self\">\n\t\t\t\t\t\t\t\t\t\t\t\t\t\t\t\t\t\t\t\t\t\t\t\t\t\t\t\t\t\t\t\t\t\t\t<img decoding=\"async\" src=\"https:\/\/www.miamibeachfl.gov\/wp-content\/uploads\/2022\/12\/icon-home-buildingdept.png\" alt=\"Building\" \/>\n\t\t\t\t\t\t\t\t\t\t<h3>Edificio<\/h3>\n\t\t\t\t\t\t\t\t<p>Pasos para permisos, listas de verificaci\u00f3n y recursos del departamento de construcci\u00f3n.<\/p>\t\t\t\t\t\t\t\n\t\t\t\t\t\t\t\t\t<\/a>\n\t\t\t\t\t\t\t<a href=\"https:\/\/www.miamibeachfl.gov\/es\/business\/civicaccess\/\" target=\"_self\">\n\t\t\t\t\t\t\t\t\t\t\t\t\t\t\t\t\t\t\t\t\t\t\t\t\t\t\t\t\t\t\t\t\t\t\t<img decoding=\"async\" src=\"https:\/\/www.miamibeachfl.gov\/wp-content\/uploads\/2022\/12\/icon-home-css.png\" alt=\"Civic Access\" \/>\n\t\t\t\t\t\t\t\t\t\t<h3>Acceso c\u00edvico<\/h3>\n\t\t\t\t\t\t\t\t<p>Portal en l\u00ednea para permisos, planificaci\u00f3n, recibos de impuestos comerciales y cumplimiento normativo. Solicite. Pague. Busque.<\/p>\t\t\t\t\t\t\t\n\t\t\t\t\t\t\t\t\t<\/a>\n\t\t\t\t\t\t\t<a href=\"\/es\/city-hall\/code-compliance\/\" target=\"_self\">\n\t\t\t\t\t\t\t\t\t\t\t\t\t\t\t\t\t\t\t\t\t\t\t\t\t\t\t\t\t\t\t\t\t\t\t<img decoding=\"async\" src=\"https:\/\/www.miamibeachfl.gov\/wp-content\/uploads\/2022\/12\/icon-surveys.png\" alt=\"Code Compliance\" \/>\n\t\t\t\t\t\t\t\t\t\t<h3>Cumplimiento del c\u00f3digo<\/h3>\n\t\t\t\t\t\t\t\t<p>Explore la aplicaci\u00f3n del c\u00f3digo, los tipos de violaciones y c\u00f3mo apelar o pagar.<\/p>\t\t\t\t\t\t\t\n\t\t\t\t\t\t\t\t\t<\/a>\n\t\t\t\t\t\t\t<a href=\"\/es\/city-hall\/customer-service-center\/\" target=\"_self\">\n\t\t\t\t\t\t\t\t\t\t\t\t\t\t\t\t\t\t\t\t\t\t\t\t\t\t\t\t\t\t\t\t\t\t\t<img decoding=\"async\" src=\"https:\/\/www.miamibeachfl.gov\/wp-content\/uploads\/2022\/12\/icon-home-customerservice2.png\" alt=\"Customer Service\" \/>\n\t\t\t\t\t\t\t\t\t\t<h3>Servicio al cliente<\/h3>\n\t\t\t\t\t\t\t\t<p>Servicios de la ciudad disponibles a trav\u00e9s de nuestro Centro de Atenci\u00f3n al Cliente.<\/p>\t\t\t\t\t\t\t\n\t\t\t\t\t\t\t\t\t<\/a>\n\t\t\t\t\t\t\t<a href=\"\/es\/city-hall\/parking\/\" target=\"_self\">\n\t\t\t\t\t\t\t\t\t\t\t\t\t\t\t\t\t\t\t\t\t\t\t\t\t\t\t\t\t\t\t\t\t\t\t<img decoding=\"async\" src=\"https:\/\/www.miamibeachfl.gov\/wp-content\/uploads\/2022\/09\/icon-parking.png\" alt=\"Parking\" \/>\n\t\t\t\t\t\t\t\t\t\t<h3>Aparcamiento<\/h3>\n\t\t\t\t\t\t\t\t<p>Ubicaciones\/tarifas de estacionamiento, programas para residentes, informaci\u00f3n de remolque y m\u00e1s.<\/p>\t\t\t\t\t\t\t\n\t\t\t\t\t\t\t\t\t<\/a>\n\t\t\t\t\t\t\t<a href=\"\/es\/visit-miami-beach\/getting-around\/\" target=\"_self\">\n\t\t\t\t\t\t\t\t\t\t\t\t\t\t\t\t\t\t\t\t\t\t\t\t\t\t\t\t\t\t\t\t\t\t\t<img decoding=\"async\" src=\"https:\/\/www.miamibeachfl.gov\/wp-content\/uploads\/2022\/10\/icon-visitors-trolley.png\" alt=\"Getting Around\" \/>\n\t\t\t\t\t\t\t\t\t\t<h3>C\u00f3mo desplazarse<\/h3>\n\t\t\t\t\t\t\t\t<p>Una gu\u00eda para moverse por la ciudad: tranv\u00edas gratuitos, transporte p\u00fablico, bicicletas y mucho m\u00e1s.<\/p>\t\t\t\t\t\t\t\n\t\t\t\t\t\t\t\t\t<\/a>\n\t\t\t\t\t\t\t<a href=\"\/es\/city-hall\/parks-and-recreation\/\" target=\"_self\">\n\t\t\t\t\t\t\t\t\t\t\t\t\t\t\t\t\t\t\t\t\t\t\t\t\t\t\t\t\t\t\t\t\t\t\t<img decoding=\"async\" src=\"https:\/\/www.miamibeachfl.gov\/wp-content\/uploads\/2022\/12\/icon-home-parks.png\" alt=\"Parks &amp; Recreation\" \/>\n\t\t\t\t\t\t\t\t\t\t<h3>Parques y Recreaci\u00f3n<\/h3>\n\t\t\t\t\t\t\t\t<p>Descubra las ubicaciones del parque, actividades, programas y alquileres.<\/p>\t\t\t\t\t\t\t\n\t\t\t\t\t\t\t\t\t<\/a>\n\t\t\t\t\t\t\t<a href=\"\/es\/city-hall\/fire\/ocean-rescue\/currentbeachconditions\/\" target=\"_self\">\n\t\t\t\t\t\t\t\t\t\t\t\t\t\t\t\t\t\t\t\t\t\t\t\t\t\t\t\t\t\t\t\t\t\t\t<img decoding=\"async\" src=\"https:\/\/www.miamibeachfl.gov\/wp-content\/uploads\/2022\/11\/icon-fun.png\" alt=\"Beach Conditions\" \/>\n\t\t\t\t\t\t\t\t\t\t<h3>Condiciones de la playa<\/h3>\n\t\t\t\t\t\t\t\t<p>Informe diario de playa e informaci\u00f3n<\/p>\t\t\t\t\t\t\t\n\t\t\t\t\t\t\t\t\t<\/a>\n\t\t\t\t\t\t\t<a href=\"https:\/\/events.miamibeachfl.gov\/\" target=\"_blank\">\n\t\t\t\t\t\t\t\t\t\t\t\t\t\t\t\t\t\t\t\t\t\t\t\t\t\t\t\t\t\t\t\t\t\t\t<img decoding=\"async\" src=\"https:\/\/www.miamibeachfl.gov\/wp-content\/uploads\/2022\/12\/icon-home-meetings.png\" alt=\"City Calendar\" \/>\n\t\t\t\t\t\t\t\t\t\t<h3>Calendario de la ciudad<\/h3>\n\t\t\t\t\t\t\t\t<p>Mant\u00e9ngase actualizado sobre los eventos de la ciudad, reuniones p\u00fablicas y fechas clave.<\/p>\t\t\t\t\t\t\t\n\t\t\t\t\t\t\t\t\t<\/a>\n\t\t\t\t\t\t\t<a href=\"\/es\/city-clerk\/meetings-and-agendas\/\" target=\"_self\">\n\t\t\t\t\t\t\t\t\t\t\t\t\t\t\t\t\t\t\t\t\t\t\t\t\t\t\t\t\t\t\t\t\t\t\t<img decoding=\"async\" src=\"https:\/\/www.miamibeachfl.gov\/wp-content\/uploads\/2022\/11\/icon-residents_1.png\" alt=\"City Meetings\" \/>\n\t\t\t\t\t\t\t\t\t\t<h3>Reuniones de la ciudad<\/h3>\n\t\t\t\t\t\t\t\t<p>Acceda a agendas, actas y videos de reuniones de la ciudad pasadas y futuras.<\/p>\t\t\t\t\t\t\t\n\t\t\t\t\t\t\t\t\t<\/a>\n\t\t\t\t\t\t\t<a href=\"\/es\/engagementtoolbox\/\" target=\"_self\">\n\t\t\t\t\t\t\t\t\t\t\t\t\t\t\t\t\t\t\t\t\t\t\t\t\t\t\t\t\t\t\t\t\t\t\t<img decoding=\"async\" src=\"https:\/\/www.miamibeachfl.gov\/wp-content\/uploads\/2023\/01\/icon-mobile.png\" alt=\"Stay Informed\" \/>\n\t\t\t\t\t\t\t\t\t\t<h3>Mant\u00e9ngase informado<\/h3>\n\t\t\t\t\t\t\t\t<p>Mant\u00e9ngase informado con noticias de la ciudad, alertas y recursos \u00fatiles para residentes y visitantes.<\/p>\t\t\t\t\t\t\t\n\t\t\t\t\t\t\t\t\t<\/a>\n\t\t\t\t\t\t\t<a href=\"\/es\/city-hall\/cip\/active-projects\/\" target=\"_self\">\n\t\t\t\t\t\t\t\t\t\t\t\t\t\t\t\t\t\t\t\t\t\t\t\t\t\t\t\t\t\t\t\t\t\t\t<img decoding=\"async\" src=\"https:\/\/www.miamibeachfl.gov\/wp-content\/uploads\/2022\/11\/icon-cityservices.png\" alt=\"Citywide Projects\" \/>\n\t\t\t\t\t\t\t\t\t\t<h3>Proyectos de toda la ciudad<\/h3>\n\t\t\t\t\t\t\t\t<p>Una gu\u00eda de mapas para explorar los proyectos actuales de mejora de la ciudad.<\/p>\t\t\t\t\t\t\t\n\t\t\t\t\t\t\t\t\t<\/a>\n\t\t\t\t\t\t\t<a href=\"\/es\/city-hall\/city-clerk\/election-information\/\" target=\"_self\">\n\t\t\t\t\t\t\t\t\t\t\t\t\t\t\t\t\t\t\t\t\t\t\t\t\t\t\t\t\t\t\t\t\t\t\t<img decoding=\"async\" src=\"https:\/\/www.miamibeachfl.gov\/wp-content\/uploads\/2022\/12\/icon-home-vote-election.png\" alt=\"Elections\" \/>\n\t\t\t\t\t\t\t\t\t\t<h3>Elecciones<\/h3>\n\t\t\t\t\t\t\t\t<p>Informaci\u00f3n y recursos sobre las pr\u00f3ximas elecciones<\/p>\t\t\t\t\t\t\t\n\t\t\t\t\t\t\t\t\t<\/a>\n\t\t\t\t\t\t\t<a href=\"\/es\/ada\/\" target=\"_self\">\n\t\t\t\t\t\t\t\t\t\t\t\t\t\t\t\t\t\t\t\t\t\t\t\t\t\t\t\t\t\t\t\t\t\t\t<img decoding=\"async\" src=\"https:\/\/www.miamibeachfl.gov\/wp-content\/uploads\/2022\/10\/icon-ada-cityservices.png\" alt=\"ADA Resources\" \/>\n\t\t\t\t\t\t\t\t\t\t<h3>Recursos de la ADA<\/h3>\n\t\t\t\t\t\t\t\t<p>Servicios municipales, informaci\u00f3n y cumplimiento<\/p>\t\t\t\t\t\t\t\n\t\t\t\t\t\t\t\t\t<\/a>\n\t\t\t\t\t\t\t<a href=\"\/es\/mbtv\/\" target=\"_blank\">\n\t\t\t\t\t\t\t\t\t\t\t\t\t\t\t\t\t\t\t\t\t\t\t\t\t\t\t\t\t\t\t\t\t\t\t<img decoding=\"async\" src=\"https:\/\/www.miamibeachfl.gov\/wp-content\/uploads\/2022\/12\/icon-home-mbtv.png\" alt=\"MBTV\" \/>\n\t\t\t\t\t\t\t\t\t\t<h3>MBTV<\/h3>\n\t\t\t\t\t\t\t\t<p>Vea las reuniones de la ciudad en vivo y acceda a los archivos de video.<\/p>\t\t\t\t\t\t\t\n\t\t\t\t\t\t\t\t\t<\/a>\n\t\t\t\t\t\t\t<a href=\"\/es\/city-hall\/human-resources\/how-to-apply\/\" target=\"_self\">\n\t\t\t\t\t\t\t\t\t\t\t\t\t\t\t\t\t\t\t\t\t\t\t\t\t\t\t\t\t\t\t\t\t\t\t<img decoding=\"async\" src=\"https:\/\/www.miamibeachfl.gov\/wp-content\/uploads\/2022\/10\/icon-fillout.png\" alt=\"Apply for a Job\" \/>\n\t\t\t\t\t\t\t\t\t\t<h3>Solicitar un trabajo<\/h3>\n\t\t\t\t\t\t\t\t<p>Informaci\u00f3n y recursos sobre el proceso de solicitud de empleo<\/p>\t\t\t\t\t\t\t\n\t\t\t\t\t\t\t\t\t<\/a>\n\t\t\t\t\t\t\t<a href=\"https:\/\/www.miamibeachcares.lgbt\/\" target=\"_self\">\n\t\t\t\t\t\t\t\t\t\t\t\t\t\t\t\t\t\t\t\t\t\t\t\t\t\t\t\t\t\t\t\t\t\t\t<img decoding=\"async\" src=\"https:\/\/www.miamibeachfl.gov\/wp-content\/uploads\/2022\/10\/icon-lgbtq.png\" alt=\"LGBTQ+\" \/>\n\t\t\t\t\t\t\t\t\t\t<h3>LGBTQ+<\/h3>\n\t\t\t\t\t\t\t\t\t<\/a>\n\t\t\t\t\t\t\t<a href=\"https:\/\/www.miamibeachcares.lgbt\/\" target=\"_self\">\n\t\t\t\t\t\t\t\t\t\t\t\t\t\t\t\t\t\t\t\t\t\t\t\t\t\t\t\t\t\t\t\t\t\t\t<img decoding=\"async\" src=\"https:\/\/www.miamibeachfl.gov\/wp-content\/uploads\/2022\/11\/icon-staysafe.png\" alt=\"Safe Renting\" \/>\n\t\t\t\t\t\t\t\t\t\t<h3>Alquiler seguro<\/h3>\n\t\t\t\t\t\t\t\t\t<\/a>\n\t\t\t\t\t\t\t<a href=\"https:\/\/www.gombinfo.com\/\" target=\"_blank\">\n\t\t\t\t\t\t\t\t\t\t\t\t\t\t\t\t\t\t\t\t\t\t\t\t\t\t\t\t\t\t\t\t\t\t\t<img decoding=\"async\" src=\"https:\/\/www.miamibeachfl.gov\/wp-content\/uploads\/2022\/12\/icon-home-vote-election.png\" alt=\"G.O. Bond\" \/>\n\t\t\t\t\t\t\t\t\t\t<h3>Bono GO<\/h3>\n\t\t\t\t\t\t\t\t\t<\/a>\n\t\t\t\t\t\t\t<a href=\"\/es\/city-hall\/office-of-organizational-development\/\" target=\"_blank\">\n\t\t\t\t\t\t\t\t\t\t\t\t\t\t\t\t\t\t\t\t\t\t\t\t\t\t\t\t\t\t\t\t\t\t\t<img decoding=\"async\" src=\"https:\/\/www.miamibeachfl.gov\/wp-content\/uploads\/2022\/11\/icon-youth.png\" alt=\"Education &amp; Performance Initiatives\" \/>\n\t\t\t\t\t\t\t\t\t\t<h3>Iniciativas de educaci\u00f3n y rendimiento<\/h3>\n\t\t\t\t\t\t\t\t<p>Informaci\u00f3n y recursos sobre el proceso de solicitud de empleo<\/p>\t\t\t\t\t\t\t\n\t\t\t\t\t\t\t\t\t<\/a>\n\t\t\t\t\t\t\t<a href=\"\/es\/city-hall\/public-works\/operations-division\/storm-water-utility\/\" target=\"_blank\">\n\t\t\t\t\t\t\t\t\t\t\t\t\t\t\t\t\t\t\t\t\t\t\t\t\t\t\t\t\t\t\t\t\t\t\t<img decoding=\"async\" src=\"https:\/\/www.miamibeachfl.gov\/wp-content\/uploads\/2022\/12\/icon-mbrising.png\" alt=\"Water Quality\" \/>\n\t\t\t\t\t\t\t\t\t\t<h3>Calidad del agua<\/h3>\n\t\t\t\t\t\t\t\t\t<\/a>\n\t\t\t\t\t\t\t<a href=\"\/es\/city-hall\/human-resources\/employee-labor-relations\/policy-directory\/discrimination-complaint-procedure\/\" target=\"_blank\">\n\t\t\t\t\t\t\t\t\t\t\t\t\t\t\t\t\t\t\t\t\t\t\t\t\t\t\t\t\t\t\t\t\t\t\t<img decoding=\"async\" src=\"https:\/\/www.miamibeachfl.gov\/wp-content\/uploads\/2022\/12\/icon-surveys.png\" alt=\"Report Discrimination\" \/>\n\t\t\t\t\t\t\t\t\t\t<h3>Denunciar discriminaci\u00f3n<\/h3>\n\t\t\t\t\t\t\t\t\t<\/a>\n\t\t\t\t\t\t\t<a href=\"https:\/\/apps.miamibeachfl.gov\/inspectionroutes\" target=\"_blank\">\n\t\t\t\t\t\t\t\t\t\t\t\t\t\t\t\t\t\t\t\t\t\t\t\t\t\t\t\t\t\t\t\t\t\t\t<img decoding=\"async\" src=\"https:\/\/www.miamibeachfl.gov\/wp-content\/uploads\/2022\/10\/icon-fillout.png\" alt=\"Inspection Routes\" \/>\n\t\t\t\t\t\t\t\t\t\t<h3>Rutas de inspecci\u00f3n<\/h3>\n\t\t\t\t\t\t\t\t\t<\/a>\n\t\t\t\t\t\t\t<a href=\"https:\/\/apps.miamibeachfl.gov\/inspectionroutes\" target=\"_blank\">\n\t\t\t\t\t\t\t\t\t\t\t\t\t\t\t\t\t\t\t\t\t\t\t\t\t\t\t\t\t\t\t\t\t\t\t<img decoding=\"async\" src=\"https:\/\/www.miamibeachfl.gov\/wp-content\/uploads\/2023\/01\/icon-fire-emergencymanagement.png\" alt=\"Police\" \/>\n\t\t\t\t\t\t\t\t\t\t<h3>Polic\u00eda<\/h3>\n\t\t\t\t\t\t\t\t\t<\/a>\n\t\t\t\t\t\t\t<a href=\"\/es\/city-hall\/fire\/\" target=\"_self\">\n\t\t\t\t\t\t\t\t\t\t\t\t\t\t\t\t\t\t\t\t\t\t\t\t\t\t\t\t\t\t\t\t\t\t\t<img decoding=\"async\" src=\"https:\/\/www.miamibeachfl.gov\/wp-content\/uploads\/2023\/01\/icon-fire-rescue.png\" alt=\"Fire\" \/>\n\t\t\t\t\t\t\t\t\t\t<h3>Fuego<\/h3>\n\t\t\t\t\t\t\t\t\t<\/a>\n\t\t\t\t\t\t\t<a href=\"\/es\/public-notice\/\" target=\"_self\">\n\t\t\t\t\t\t\t\t\t\t\t\t\t\t\t\t\t\t\t\t\t\t\t\t\t\t\t\t\t\t\t\t\t\t\t<img decoding=\"async\" src=\"https:\/\/www.miamibeachfl.gov\/wp-content\/uploads\/2022\/11\/icon-stayinformed.png\" alt=\"Public Notice\" \/>\n\t\t\t\t\t\t\t\t\t\t<h3>Aviso p\u00fablico<\/h3>\n\t\t\t\t\t\t\t\t\t<\/a>\n\t\t\t\t\t\t\t<a href=\"\/es\/public-notice\/\" target=\"_self\">\n\t\t\t\t\t\t\t\t\t\t\t\t\t\t\t\t\t\t\t\t\t\t\t\t\t\t\t\t\t\t\t\t\t\t\t<img decoding=\"async\" src=\"https:\/\/www.miamibeachfl.gov\/wp-content\/uploads\/2022\/11\/icon-passcheck.png\" alt=\"Building Permits Guide\" \/>\n\t\t\t\t\t\t\t\t\t\t<h3>Gu\u00eda de permisos de construcci\u00f3n<\/h3>\n\t\t\t\t\t\t\t\t\t<\/a>\n\t\t\t\t\t\t\t<a href=\"https:\/\/www.miamibeachfl.gov\/es\/city-hall\/city-clerk\/public-records-request\/\" target=\"_self\">\n\t\t\t\t\t\t\t\t\t\t\t\t\t\t\t\t\t\t\t\t\t\t\t\t\t\t\t\t\t\t\t\t\t\t\t<img decoding=\"async\" src=\"https:\/\/www.miamibeachfl.gov\/wp-content\/uploads\/2022\/12\/icon-home-css.png\" alt=\"Public Records\" \/>\n\t\t\t\t\t\t\t\t\t\t<h3>Registros p\u00fablicos<\/h3>\n\t\t\t\t\t\t\t\t\t<\/a>","protected":false},"excerpt":{"rendered":"<p>City of Miami Beach Resources Home &gt; All Top Visited Pay Bills Links for paying city bills, permits, taxes, and [&hellip;]<\/p>\n","protected":false},"author":222,"featured_media":0,"parent":0,"menu_order":83,"comment_status":"closed","ping_status":"closed","template":"","meta":{"_searchwp_excluded":"","site-sidebar-layout":"default","site-content-layout":"","ast-site-content-layout":"default","site-content-style":"default","site-sidebar-style":"default","ast-global-header-display":"","ast-banner-title-visibility":"","ast-main-header-display":"","ast-hfb-above-header-display":"","ast-hfb-below-header-display":"","ast-hfb-mobile-header-display":"","site-post-title":"","ast-breadcrumbs-content":"","ast-featured-img":"","footer-sml-layout":"","theme-transparent-header-meta":"","adv-header-id-meta":"","stick-header-meta":"","header-above-stick-meta":"","header-main-stick-meta":"","header-below-stick-meta":"","astra-migrate-meta-layouts":"default","ast-page-background-enabled":"default","ast-page-background-meta":{"desktop":{"background-color":"var(--ast-global-color-5)","background-image":"","background-repeat":"repeat","background-position":"center center","background-size":"auto","background-attachment":"scroll","background-type":"","background-media":"","overlay-type":"","overlay-color":"","overlay-opacity":"","overlay-gradient":""},"tablet":{"background-color":"","background-image":"","background-repeat":"repeat","background-position":"center center","background-size":"auto","background-attachment":"scroll","background-type":"","background-media":"","overlay-type":"","overlay-color":"","overlay-opacity":"","overlay-gradient":""},"mobile":{"background-color":"","background-image":"","background-repeat":"repeat","background-position":"center center","background-size":"auto","background-attachment":"scroll","background-type":"","background-media":"","overlay-type":"","overlay-color":"","overlay-opacity":"","overlay-gradient":""}},"ast-content-background-meta":{"desktop":{"background-color":"var(--ast-global-color-4)","background-image":"","background-repeat":"repeat","background-position":"center center","background-size":"auto","background-attachment":"scroll","background-type":"","background-media":"","overlay-type":"","overlay-color":"","overlay-opacity":"","overlay-gradient":""},"tablet":{"background-color":"var(--ast-global-color-4)","background-image":"","background-repeat":"repeat","background-position":"center center","background-size":"auto","background-attachment":"scroll","background-type":"","background-media":"","overlay-type":"","overlay-color":"","overlay-opacity":"","overlay-gradient":""},"mobile":{"background-color":"var(--ast-global-color-4)","background-image":"","background-repeat":"repeat","background-position":"center center","background-size":"auto","background-attachment":"scroll","background-type":"","background-media":"","overlay-type":"","overlay-color":"","overlay-opacity":"","overlay-gradient":""}},"footnotes":""},"categories":[],"tags":[],"class_list":["post-175243","page","type-page","status-publish","hentry"],"yoast_head":"<!-- This site is optimized with the Yoast SEO Premium plugin v27.4 (Yoast SEO v27.4) - https:\/\/yoast.com\/product\/yoast-seo-premium-wordpress\/ -->\n<title>All Top Visited - City of Miami Beach<\/title>\n<meta name=\"description\" content=\"%\" \/>\n<meta name=\"robots\" content=\"index, follow, max-snippet:-1, max-image-preview:large, max-video-preview:-1\" \/>\n<link rel=\"canonical\" href=\"https:\/\/www.miamibeachfl.gov\/es\/all-top-visited\/\" \/>\n<meta property=\"og:locale\" content=\"es_ES\" \/>\n<meta property=\"og:type\" content=\"article\" \/>\n<meta property=\"og:title\" content=\"All Top Visited\" \/>\n<meta property=\"og:description\" content=\"%\" \/>\n<meta property=\"og:url\" content=\"https:\/\/www.miamibeachfl.gov\/es\/all-top-visited\/\" \/>\n<meta property=\"og:site_name\" content=\"City of Miami Beach\" \/>\n<meta property=\"article:publisher\" content=\"https:\/\/www.facebook.com\/cityofmiamibeach\" \/>\n<meta property=\"article:modified_time\" content=\"2025-10-02T20:30:52+00:00\" \/>\n<meta property=\"og:image\" content=\"https:\/\/www.miamibeachfl.gov\/wp-content\/uploads\/2022\/12\/icon-home-paybills.png\" \/>\n<meta name=\"twitter:card\" content=\"summary_large_image\" \/>\n<meta name=\"twitter:site\" content=\"@Miamibeachnews\" \/>\n<script type=\"application\/ld+json\" class=\"yoast-schema-graph\">{\"@context\":\"https:\\\/\\\/schema.org\",\"@graph\":[{\"@type\":\"WebPage\",\"@id\":\"https:\\\/\\\/www.miamibeachfl.gov\\\/all-top-visited\\\/\",\"url\":\"https:\\\/\\\/www.miamibeachfl.gov\\\/all-top-visited\\\/\",\"name\":\"All Top Visited - City of Miami Beach\",\"isPartOf\":{\"@id\":\"https:\\\/\\\/www.miamibeachfl.gov\\\/#website\"},\"primaryImageOfPage\":{\"@id\":\"https:\\\/\\\/www.miamibeachfl.gov\\\/all-top-visited\\\/#primaryimage\"},\"image\":{\"@id\":\"https:\\\/\\\/www.miamibeachfl.gov\\\/all-top-visited\\\/#primaryimage\"},\"thumbnailUrl\":\"https:\\\/\\\/www.miamibeachfl.gov\\\/wp-content\\\/uploads\\\/2022\\\/12\\\/icon-home-paybills.png\",\"datePublished\":\"2021-12-14T21:53:55+00:00\",\"dateModified\":\"2025-10-02T20:30:52+00:00\",\"description\":\"%\",\"breadcrumb\":{\"@id\":\"https:\\\/\\\/www.miamibeachfl.gov\\\/all-top-visited\\\/#breadcrumb\"},\"inLanguage\":\"es\",\"potentialAction\":[{\"@type\":\"ReadAction\",\"target\":[\"https:\\\/\\\/www.miamibeachfl.gov\\\/all-top-visited\\\/\"]}]},{\"@type\":\"ImageObject\",\"inLanguage\":\"es\",\"@id\":\"https:\\\/\\\/www.miamibeachfl.gov\\\/all-top-visited\\\/#primaryimage\",\"url\":\"https:\\\/\\\/www.miamibeachfl.gov\\\/wp-content\\\/uploads\\\/2022\\\/12\\\/icon-home-paybills.png\",\"contentUrl\":\"https:\\\/\\\/www.miamibeachfl.gov\\\/wp-content\\\/uploads\\\/2022\\\/12\\\/icon-home-paybills.png\"},{\"@type\":\"BreadcrumbList\",\"@id\":\"https:\\\/\\\/www.miamibeachfl.gov\\\/all-top-visited\\\/#breadcrumb\",\"itemListElement\":[{\"@type\":\"ListItem\",\"position\":1,\"name\":\"Home\",\"item\":\"https:\\\/\\\/www.miamibeachfl.gov\\\/\"},{\"@type\":\"ListItem\",\"position\":2,\"name\":\"All Top Visited\"}]},{\"@type\":\"WebSite\",\"@id\":\"https:\\\/\\\/www.miamibeachfl.gov\\\/#website\",\"url\":\"https:\\\/\\\/www.miamibeachfl.gov\\\/\",\"name\":\"City of Miami Beach\",\"description\":\"The official website of the City of Miami Beach. Stay informed, find important information on city services, news, alerts, events, trolley routes, government employment and more.\",\"publisher\":{\"@id\":\"https:\\\/\\\/www.miamibeachfl.gov\\\/#organization\"},\"potentialAction\":[{\"@type\":\"SearchAction\",\"target\":{\"@type\":\"EntryPoint\",\"urlTemplate\":\"https:\\\/\\\/www.miamibeachfl.gov\\\/?s={search_term_string}\"},\"query-input\":{\"@type\":\"PropertyValueSpecification\",\"valueRequired\":true,\"valueName\":\"search_term_string\"}}],\"inLanguage\":\"es\"},{\"@type\":\"Organization\",\"@id\":\"https:\\\/\\\/www.miamibeachfl.gov\\\/#organization\",\"name\":\"City of Miami Beach\",\"url\":\"https:\\\/\\\/www.miamibeachfl.gov\\\/\",\"logo\":{\"@type\":\"ImageObject\",\"inLanguage\":\"es\",\"@id\":\"https:\\\/\\\/www.miamibeachfl.gov\\\/#\\\/schema\\\/logo\\\/image\\\/\",\"url\":\"https:\\\/\\\/www.miamibeachfl.gov\\\/wp-content\\\/uploads\\\/2022\\\/06\\\/miamibeach-logoblue.png\",\"contentUrl\":\"https:\\\/\\\/www.miamibeachfl.gov\\\/wp-content\\\/uploads\\\/2022\\\/06\\\/miamibeach-logoblue.png\",\"width\":1962,\"height\":381,\"caption\":\"City of Miami Beach\"},\"image\":{\"@id\":\"https:\\\/\\\/www.miamibeachfl.gov\\\/#\\\/schema\\\/logo\\\/image\\\/\"},\"sameAs\":[\"https:\\\/\\\/www.facebook.com\\\/cityofmiamibeach\",\"https:\\\/\\\/x.com\\\/Miamibeachnews\",\"https:\\\/\\\/www.instagram.com\\\/miamibeachnews\\\/\"],\"description\":\"The official website of the City of Miami Beach. Stay informed, find important information on city services, news, alerts, events, trolley routes, government employment and more.\",\"telephone\":\"305.604.CITY(2489)\",\"legalName\":\"City of Miami Beach\"}]}<\/script>\n<!-- \/ Yoast SEO Premium plugin. -->","yoast_head_json":{"title":"Los m\u00e1s visitados - Ciudad de Miami Beach","description":"%","robots":{"index":"index","follow":"follow","max-snippet":"max-snippet:-1","max-image-preview":"max-image-preview:large","max-video-preview":"max-video-preview:-1"},"canonical":"https:\/\/www.miamibeachfl.gov\/es\/all-top-visited\/","og_locale":"es_ES","og_type":"article","og_title":"All Top Visited","og_description":"%","og_url":"https:\/\/www.miamibeachfl.gov\/es\/all-top-visited\/","og_site_name":"City of Miami Beach","article_publisher":"https:\/\/www.facebook.com\/cityofmiamibeach","article_modified_time":"2025-10-02T20:30:52+00:00","og_image":[{"url":"https:\/\/www.miamibeachfl.gov\/wp-content\/uploads\/2022\/12\/icon-home-paybills.png","type":"","width":"","height":""}],"twitter_card":"summary_large_image","twitter_site":"@Miamibeachnews","schema":{"@context":"https:\/\/schema.org","@graph":[{"@type":"WebPage","@id":"https:\/\/www.miamibeachfl.gov\/all-top-visited\/","url":"https:\/\/www.miamibeachfl.gov\/all-top-visited\/","name":"Los m\u00e1s visitados - Ciudad de Miami Beach","isPartOf":{"@id":"https:\/\/www.miamibeachfl.gov\/#website"},"primaryImageOfPage":{"@id":"https:\/\/www.miamibeachfl.gov\/all-top-visited\/#primaryimage"},"image":{"@id":"https:\/\/www.miamibeachfl.gov\/all-top-visited\/#primaryimage"},"thumbnailUrl":"https:\/\/www.miamibeachfl.gov\/wp-content\/uploads\/2022\/12\/icon-home-paybills.png","datePublished":"2021-12-14T21:53:55+00:00","dateModified":"2025-10-02T20:30:52+00:00","description":"%","breadcrumb":{"@id":"https:\/\/www.miamibeachfl.gov\/all-top-visited\/#breadcrumb"},"inLanguage":"es","potentialAction":[{"@type":"ReadAction","target":["https:\/\/www.miamibeachfl.gov\/all-top-visited\/"]}]},{"@type":"ImageObject","inLanguage":"es","@id":"https:\/\/www.miamibeachfl.gov\/all-top-visited\/#primaryimage","url":"https:\/\/www.miamibeachfl.gov\/wp-content\/uploads\/2022\/12\/icon-home-paybills.png","contentUrl":"https:\/\/www.miamibeachfl.gov\/wp-content\/uploads\/2022\/12\/icon-home-paybills.png"},{"@type":"BreadcrumbList","@id":"https:\/\/www.miamibeachfl.gov\/all-top-visited\/#breadcrumb","itemListElement":[{"@type":"ListItem","position":1,"name":"Home","item":"https:\/\/www.miamibeachfl.gov\/"},{"@type":"ListItem","position":2,"name":"All Top Visited"}]},{"@type":"WebSite","@id":"https:\/\/www.miamibeachfl.gov\/#website","url":"https:\/\/www.miamibeachfl.gov\/","name":"Ciudad de Miami Beach","description":"Sitio web oficial de la Ciudad de Miami Beach. Mant\u00e9ngase informado, encuentre informaci\u00f3n importante sobre servicios municipales, noticias, alertas, eventos, rutas de tranv\u00edas, empleos gubernamentales y m\u00e1s.","publisher":{"@id":"https:\/\/www.miamibeachfl.gov\/#organization"},"potentialAction":[{"@type":"SearchAction","target":{"@type":"EntryPoint","urlTemplate":"https:\/\/www.miamibeachfl.gov\/?s={search_term_string}"},"query-input":{"@type":"PropertyValueSpecification","valueRequired":true,"valueName":"search_term_string"}}],"inLanguage":"es"},{"@type":"Organization","@id":"https:\/\/www.miamibeachfl.gov\/#organization","name":"Ciudad de Miami Beach","url":"https:\/\/www.miamibeachfl.gov\/","logo":{"@type":"ImageObject","inLanguage":"es","@id":"https:\/\/www.miamibeachfl.gov\/#\/schema\/logo\/image\/","url":"https:\/\/www.miamibeachfl.gov\/wp-content\/uploads\/2022\/06\/miamibeach-logoblue.png","contentUrl":"https:\/\/www.miamibeachfl.gov\/wp-content\/uploads\/2022\/06\/miamibeach-logoblue.png","width":1962,"height":381,"caption":"City of Miami Beach"},"image":{"@id":"https:\/\/www.miamibeachfl.gov\/#\/schema\/logo\/image\/"},"sameAs":["https:\/\/www.facebook.com\/cityofmiamibeach","https:\/\/x.com\/Miamibeachnews","https:\/\/www.instagram.com\/miamibeachnews\/"],"description":"Sitio web oficial de la Ciudad de Miami Beach. Mant\u00e9ngase informado, encuentre informaci\u00f3n importante sobre servicios municipales, noticias, alertas, eventos, rutas de tranv\u00edas, empleos gubernamentales y m\u00e1s.","telephone":"305.604.CITY(2489)","legalName":"City of Miami Beach"}]}},"_links":{"self":[{"href":"https:\/\/www.miamibeachfl.gov\/es\/wp-json\/wp\/v2\/pages\/175243","targetHints":{"allow":["GET"]}}],"collection":[{"href":"https:\/\/www.miamibeachfl.gov\/es\/wp-json\/wp\/v2\/pages"}],"about":[{"href":"https:\/\/www.miamibeachfl.gov\/es\/wp-json\/wp\/v2\/types\/page"}],"author":[{"embeddable":true,"href":"https:\/\/www.miamibeachfl.gov\/es\/wp-json\/wp\/v2\/users\/222"}],"replies":[{"embeddable":true,"href":"https:\/\/www.miamibeachfl.gov\/es\/wp-json\/wp\/v2\/comments?post=175243"}],"version-history":[{"count":4,"href":"https:\/\/www.miamibeachfl.gov\/es\/wp-json\/wp\/v2\/pages\/175243\/revisions"}],"predecessor-version":[{"id":389738,"href":"https:\/\/www.miamibeachfl.gov\/es\/wp-json\/wp\/v2\/pages\/175243\/revisions\/389738"}],"wp:attachment":[{"href":"https:\/\/www.miamibeachfl.gov\/es\/wp-json\/wp\/v2\/media?parent=175243"}],"wp:term":[{"taxonomy":"category","embeddable":true,"href":"https:\/\/www.miamibeachfl.gov\/es\/wp-json\/wp\/v2\/categories?post=175243"},{"taxonomy":"post_tag","embeddable":true,"href":"https:\/\/www.miamibeachfl.gov\/es\/wp-json\/wp\/v2\/tags?post=175243"}],"curies":[{"name":"gracias","href":"https:\/\/api.w.org\/{rel}","templated":true}]}}