{"id":192769,"date":"2022-05-31T13:32:01","date_gmt":"2022-05-31T17:32:01","guid":{"rendered":"https:\/\/www.miamibeachfl.gov\/?page_id=192769"},"modified":"2025-06-07T10:32:24","modified_gmt":"2025-06-07T14:32:24","slug":"daniel-morgalo","status":"publish","type":"page","link":"https:\/\/www.miamibeachfl.gov\/es\/yourmbpd\/daniel-morgalo\/","title":{"rendered":"Daniel Morgalo"},"content":{"rendered":"<a href=\"\/es\/yourmbpd\/\"  target=\"_self\" itemprop=\"url\">\n\t\t\t\t<img decoding=\"async\" src=\"https:\/\/www.miamibeachfl.gov\/wp-content\/uploads\/2019\/12\/badge-for-banner.png\" alt=\"badge for banner\" itemprop=\"image\" title=\"insignia para pancarta\" onerror=\"this.style.display='none'\" loading='lazy' \/>\n\t\t\t\t<\/a>\n<h3>\n\t\t<a href=\"\/es\/yourmbpd\/leadership\/\" title=\"LIDERAZGO\"  target=\"_self\">\n\t\t\tLIDERAZGO\t\t<\/a>\n\t<\/h3>\n<h3>\n\t\t<a href=\"\/es\/yourmbpd\/neighborhoods\/\" title=\"BARRIOS\"  target=\"_self\">\n\t\t\tBARRIOS\t\t<\/a>\n\t<\/h3>\n<h3>\n\t\t<a href=\"\/es\/yourmbpd\/services\/\" title=\"SERVICIOS\"  target=\"_self\">\n\t\t\tSERVICIOS\t\t<\/a>\n\t<\/h3>\n\t\t\t\t<img decoding=\"async\" src=\"https:\/\/www.miamibeachfl.gov\/wp-content\/uploads\/2024\/08\/MorgaloHeadshotUpdated-scaled.jpg\" alt=\"Assistant Chief Morgalo\" itemprop=\"image\" title=\"MorgaloFoto de perfilActualizada\" onerror=\"this.style.display='none'\" loading='lazy' \/>\n<h1>\n\t\t\tDaniel Morgalo\t<\/h1>\n<h2>\n\t\t\tSubjefe\t<\/h2>\n\t<p><strong>Subjefe Daniel Morgalo<\/strong> Cuenta con m\u00e1s de tres d\u00e9cadas de dedicaci\u00f3n al servicio de las fuerzas del orden, marcadas por un compromiso con la excelencia y una amplia gama de funciones. Tras incorporarse al Departamento de Polic\u00eda de Miami Beach en 1999, el Subjefe Morgalo ha demostrado constantemente su versatilidad y capacidad de liderazgo. Actualmente, como Subjefe de Operaciones, supervisa todos los servicios de Patrulla, Especializados e Investigaci\u00f3n del Departamento de Polic\u00eda de Miami Beach, garantizando una supervisi\u00f3n integral y una direcci\u00f3n estrat\u00e9gica en m\u00faltiples \u00e1reas. Su liderazgo abarca operaciones de patrullaje uniformado en toda la ciudad, unidades especializadas, investigaciones criminales y m\u00e1s.<\/p>\n<p>&nbsp;<\/p>\n<p>Entre los aspectos m\u00e1s destacados de la carrera del Subjefe Morgalo se encuentra su anterior cargo como Mayor de la Divisi\u00f3n de Operaciones, donde mejor\u00f3 significativamente la eficiencia y eficacia del departamento en las operaciones policiales. Su experiencia en gesti\u00f3n de crisis y planificaci\u00f3n estrat\u00e9gica le vali\u00f3 nombramientos exitosos como Comandante de los Equipos de Negociaci\u00f3n de Rehenes y de la Fuerza de Campo M\u00f3vil, demostrando su capacidad para desenvolverse con precisi\u00f3n en situaciones de alta presi\u00f3n. Su amplia experiencia investigativa incluye puestos como Detective de Homicidios, Investigador de Asuntos Internos, Teniente de Investigaci\u00f3n y Capit\u00e1n de Detectives. Adem\u00e1s, se ha desempe\u00f1ado como Instructor y Supervisor de las Fuerzas del Orden, en particular como Supervisor de la Unidad de Entrenamiento y Maestro de Campo de Tiro durante seis a\u00f1os, manteniendo sus certificaciones de instructor durante m\u00e1s de 15 a\u00f1os.<\/p>\n<p>&nbsp;<\/p>\n<p>Distinguido por su compromiso con el aprendizaje continuo, el Subjefe Morgalo obtuvo una Licenciatura en Ciencias en Justicia Penal de la Universidad Internacional de Florida, gradu\u00e1ndose con honores. Continu\u00f3 su formaci\u00f3n en la Escuela Naval de Posgrado del Centro para la Defensa y Seguridad Nacional, donde obtuvo una Maestr\u00eda en Artes en Seguridad Nacional, un hito al ser el primer miembro del Departamento de Polic\u00eda de Miami Beach en obtener esta distinci\u00f3n.<\/p>\n<p>&nbsp;<\/p>\n<p>El Subjefe Morgalo se gradu\u00f3 del Curso de Desarrollo de Oficiales de Comando del Instituto de Polic\u00eda del Sur de la Universidad de Louisville y complet\u00f3 el Instituto de Alta Direcci\u00f3n Policial del Foro de Investigaci\u00f3n Ejecutiva Policial. Su dedicaci\u00f3n al desarrollo profesional incluye certificaciones de los programas de Liderazgo en Organizaciones Policiales de la Asociaci\u00f3n Internacional de Jefes de Polic\u00eda.<\/p>\n<p>Como complemento a su liderazgo operativo, el Subjefe Morgalo es el Coordinador de Entrenamiento y Ejercicios de FEMA del departamento, con certificaci\u00f3n de Practicante Maestro de Ejercicios (MEP) de FEMA. En este puesto, desempe\u00f1a un papel crucial en la mejora de la preparaci\u00f3n del departamento ante amenazas relacionadas con la Seguridad Nacional mediante rigurosos entrenamientos y ejercicios.<\/p>\n<h4>\n\t\t\t1100 Avenida Washington,<br \/>Miami Beach, Florida 33139\t<\/h4>\n<h4>\n\t\t\t305.673.7776 Ext: 5675\t<\/h4>\n<h4>\n\t\t<a href=\"mailto:danielmorgalo@miamibeachfl.gov\" title=\"danielmorgalo@miamibeachfl.gov\"  target=\"_self\">\n\t\t\tdanielmorgalo@miamibeachfl.gov\t\t<\/a>\n\t<\/h4>\n\t<p>\u00a9 2025 Derechos de autor Ciudad de Miami Beach.<\/p>\n\t\t\t<a href=\"\/es\/\" target=\"_self\">\n\t\t\t\t\t\t\tSitio web de la ciudad de Miami Beach\n\t\t\t\t\t<\/a>\n\t\t\t<a href=\"\/es\/policies-disclaimers\/\" target=\"_self\">\n\t\t\t\t\t\t\tPol\u00edticas y exenciones de responsabilidad\n\t\t\t\t\t<\/a>\n\t\t\t<a href=\"\/es\/accessibility\/\" target=\"_self\">\n\t\t\t\t\t\t\tAccesibilidad\n\t\t\t\t\t<\/a>\n\t\t\t<a href=\"\/es\/policies-disclaimers\/#cookies\" target=\"_self\">\n\t\t\t\t\t\t\tConfiguraci\u00f3n de cookies\n\t\t\t\t\t<\/a>","protected":false},"excerpt":{"rendered":"<p>LEADERSHIP NEIGHBORHOODS SERVICES Daniel Morgalo Assistant Chief Assistant Chief Daniel Morgalo has over three decades of dedicated service to law [&hellip;]<\/p>\n","protected":false},"author":222,"featured_media":0,"parent":120936,"menu_order":111,"comment_status":"closed","ping_status":"closed","template":"","meta":{"_searchwp_excluded":"","site-sidebar-layout":"default","site-content-layout":"","ast-site-content-layout":"","site-content-style":"default","site-sidebar-style":"default","ast-global-header-display":"disabled","ast-banner-title-visibility":"","ast-main-header-display":"","ast-hfb-above-header-display":"","ast-hfb-below-header-display":"","ast-hfb-mobile-header-display":"","site-post-title":"","ast-breadcrumbs-content":"","ast-featured-img":"","footer-sml-layout":"disabled","theme-transparent-header-meta":"","adv-header-id-meta":"","stick-header-meta":"","header-above-stick-meta":"","header-main-stick-meta":"","header-below-stick-meta":"","astra-migrate-meta-layouts":"default","ast-page-background-enabled":"default","ast-page-background-meta":{"desktop":{"background-color":"var(--ast-global-color-5)","background-image":"","background-repeat":"repeat","background-position":"center center","background-size":"auto","background-attachment":"scroll","background-type":"","background-media":"","overlay-type":"","overlay-color":"","overlay-opacity":"","overlay-gradient":""},"tablet":{"background-color":"","background-image":"","background-repeat":"repeat","background-position":"center center","background-size":"auto","background-attachment":"scroll","background-type":"","background-media":"","overlay-type":"","overlay-color":"","overlay-opacity":"","overlay-gradient":""},"mobile":{"background-color":"","background-image":"","background-repeat":"repeat","background-position":"center center","background-size":"auto","background-attachment":"scroll","background-type":"","background-media":"","overlay-type":"","overlay-color":"","overlay-opacity":"","overlay-gradient":""}},"ast-content-background-meta":{"desktop":{"background-color":"var(--ast-global-color-4)","background-image":"","background-repeat":"repeat","background-position":"center center","background-size":"auto","background-attachment":"scroll","background-type":"","background-media":"","overlay-type":"","overlay-color":"","overlay-opacity":"","overlay-gradient":""},"tablet":{"background-color":"var(--ast-global-color-4)","background-image":"","background-repeat":"repeat","background-position":"center center","background-size":"auto","background-attachment":"scroll","background-type":"","background-media":"","overlay-type":"","overlay-color":"","overlay-opacity":"","overlay-gradient":""},"mobile":{"background-color":"var(--ast-global-color-4)","background-image":"","background-repeat":"repeat","background-position":"center center","background-size":"auto","background-attachment":"scroll","background-type":"","background-media":"","overlay-type":"","overlay-color":"","overlay-opacity":"","overlay-gradient":""}},"footnotes":""},"categories":[],"tags":[],"class_list":["post-192769","page","type-page","status-publish","hentry"],"yoast_head":"<!-- This site is optimized with the Yoast SEO Premium plugin v27.4 (Yoast SEO v27.4) - https:\/\/yoast.com\/product\/yoast-seo-premium-wordpress\/ -->\n<title>Daniel Morgalo - City of Miami Beach<\/title>\n<meta name=\"description\" content=\"%\" \/>\n<meta name=\"robots\" content=\"index, follow, max-snippet:-1, max-image-preview:large, max-video-preview:-1\" \/>\n<link rel=\"canonical\" href=\"https:\/\/www.miamibeachfl.gov\/es\/yourmbpd\/daniel-morgalo\/\" \/>\n<meta property=\"og:locale\" content=\"es_ES\" \/>\n<meta property=\"og:type\" content=\"article\" \/>\n<meta property=\"og:title\" content=\"Daniel Morgalo\" \/>\n<meta property=\"og:description\" content=\"%\" \/>\n<meta property=\"og:url\" content=\"https:\/\/www.miamibeachfl.gov\/es\/yourmbpd\/daniel-morgalo\/\" \/>\n<meta property=\"og:site_name\" content=\"City of Miami Beach\" \/>\n<meta property=\"article:publisher\" content=\"https:\/\/www.facebook.com\/cityofmiamibeach\" \/>\n<meta property=\"article:modified_time\" content=\"2025-06-07T14:32:24+00:00\" \/>\n<meta property=\"og:image\" content=\"https:\/\/www.miamibeachfl.gov\/wp-content\/uploads\/2019\/12\/badge-for-banner.png\" \/>\n<meta name=\"twitter:card\" content=\"summary_large_image\" \/>\n<meta name=\"twitter:site\" content=\"@Miamibeachnews\" \/>\n<script type=\"application\/ld+json\" class=\"yoast-schema-graph\">{\"@context\":\"https:\\\/\\\/schema.org\",\"@graph\":[{\"@type\":\"WebPage\",\"@id\":\"https:\\\/\\\/www.miamibeachfl.gov\\\/yourmbpd\\\/daniel-morgalo\\\/\",\"url\":\"https:\\\/\\\/www.miamibeachfl.gov\\\/yourmbpd\\\/daniel-morgalo\\\/\",\"name\":\"Daniel Morgalo - City of Miami Beach\",\"isPartOf\":{\"@id\":\"https:\\\/\\\/www.miamibeachfl.gov\\\/#website\"},\"primaryImageOfPage\":{\"@id\":\"https:\\\/\\\/www.miamibeachfl.gov\\\/yourmbpd\\\/daniel-morgalo\\\/#primaryimage\"},\"image\":{\"@id\":\"https:\\\/\\\/www.miamibeachfl.gov\\\/yourmbpd\\\/daniel-morgalo\\\/#primaryimage\"},\"thumbnailUrl\":\"https:\\\/\\\/www.miamibeachfl.gov\\\/wp-content\\\/uploads\\\/2019\\\/12\\\/badge-for-banner.png\",\"datePublished\":\"2022-05-31T17:32:01+00:00\",\"dateModified\":\"2025-06-07T14:32:24+00:00\",\"description\":\"%\",\"breadcrumb\":{\"@id\":\"https:\\\/\\\/www.miamibeachfl.gov\\\/yourmbpd\\\/daniel-morgalo\\\/#breadcrumb\"},\"inLanguage\":\"es\",\"potentialAction\":[{\"@type\":\"ReadAction\",\"target\":[\"https:\\\/\\\/www.miamibeachfl.gov\\\/yourmbpd\\\/daniel-morgalo\\\/\"]}]},{\"@type\":\"ImageObject\",\"inLanguage\":\"es\",\"@id\":\"https:\\\/\\\/www.miamibeachfl.gov\\\/yourmbpd\\\/daniel-morgalo\\\/#primaryimage\",\"url\":\"https:\\\/\\\/www.miamibeachfl.gov\\\/wp-content\\\/uploads\\\/2019\\\/12\\\/badge-for-banner.png\",\"contentUrl\":\"https:\\\/\\\/www.miamibeachfl.gov\\\/wp-content\\\/uploads\\\/2019\\\/12\\\/badge-for-banner.png\"},{\"@type\":\"BreadcrumbList\",\"@id\":\"https:\\\/\\\/www.miamibeachfl.gov\\\/yourmbpd\\\/daniel-morgalo\\\/#breadcrumb\",\"itemListElement\":[{\"@type\":\"ListItem\",\"position\":1,\"name\":\"Home\",\"item\":\"https:\\\/\\\/www.miamibeachfl.gov\\\/\"},{\"@type\":\"ListItem\",\"position\":2,\"name\":\"Police\",\"item\":\"https:\\\/\\\/www.miamibeachfl.gov\\\/yourmbpd\\\/\"},{\"@type\":\"ListItem\",\"position\":3,\"name\":\"Daniel Morgalo\"}]},{\"@type\":\"WebSite\",\"@id\":\"https:\\\/\\\/www.miamibeachfl.gov\\\/#website\",\"url\":\"https:\\\/\\\/www.miamibeachfl.gov\\\/\",\"name\":\"City of Miami Beach\",\"description\":\"The official website of the City of Miami Beach. Stay informed, find important information on city services, news, alerts, events, trolley routes, government employment and more.\",\"publisher\":{\"@id\":\"https:\\\/\\\/www.miamibeachfl.gov\\\/#organization\"},\"potentialAction\":[{\"@type\":\"SearchAction\",\"target\":{\"@type\":\"EntryPoint\",\"urlTemplate\":\"https:\\\/\\\/www.miamibeachfl.gov\\\/?s={search_term_string}\"},\"query-input\":{\"@type\":\"PropertyValueSpecification\",\"valueRequired\":true,\"valueName\":\"search_term_string\"}}],\"inLanguage\":\"es\"},{\"@type\":\"Organization\",\"@id\":\"https:\\\/\\\/www.miamibeachfl.gov\\\/#organization\",\"name\":\"City of Miami Beach\",\"url\":\"https:\\\/\\\/www.miamibeachfl.gov\\\/\",\"logo\":{\"@type\":\"ImageObject\",\"inLanguage\":\"es\",\"@id\":\"https:\\\/\\\/www.miamibeachfl.gov\\\/#\\\/schema\\\/logo\\\/image\\\/\",\"url\":\"https:\\\/\\\/www.miamibeachfl.gov\\\/wp-content\\\/uploads\\\/2022\\\/06\\\/miamibeach-logoblue.png\",\"contentUrl\":\"https:\\\/\\\/www.miamibeachfl.gov\\\/wp-content\\\/uploads\\\/2022\\\/06\\\/miamibeach-logoblue.png\",\"width\":1962,\"height\":381,\"caption\":\"City of Miami Beach\"},\"image\":{\"@id\":\"https:\\\/\\\/www.miamibeachfl.gov\\\/#\\\/schema\\\/logo\\\/image\\\/\"},\"sameAs\":[\"https:\\\/\\\/www.facebook.com\\\/cityofmiamibeach\",\"https:\\\/\\\/x.com\\\/Miamibeachnews\",\"https:\\\/\\\/www.instagram.com\\\/miamibeachnews\\\/\"],\"description\":\"The official website of the City of Miami Beach. Stay informed, find important information on city services, news, alerts, events, trolley routes, government employment and more.\",\"telephone\":\"305.604.CITY(2489)\",\"legalName\":\"City of Miami Beach\"}]}<\/script>\n<!-- \/ Yoast SEO Premium plugin. -->","yoast_head_json":{"title":"Daniel Morgalo - Ciudad de Miami Beach","description":"%","robots":{"index":"index","follow":"follow","max-snippet":"max-snippet:-1","max-image-preview":"max-image-preview:large","max-video-preview":"max-video-preview:-1"},"canonical":"https:\/\/www.miamibeachfl.gov\/es\/yourmbpd\/daniel-morgalo\/","og_locale":"es_ES","og_type":"article","og_title":"Daniel Morgalo","og_description":"%","og_url":"https:\/\/www.miamibeachfl.gov\/es\/yourmbpd\/daniel-morgalo\/","og_site_name":"City of Miami Beach","article_publisher":"https:\/\/www.facebook.com\/cityofmiamibeach","article_modified_time":"2025-06-07T14:32:24+00:00","og_image":[{"url":"https:\/\/www.miamibeachfl.gov\/wp-content\/uploads\/2019\/12\/badge-for-banner.png","type":"","width":"","height":""}],"twitter_card":"summary_large_image","twitter_site":"@Miamibeachnews","schema":{"@context":"https:\/\/schema.org","@graph":[{"@type":"WebPage","@id":"https:\/\/www.miamibeachfl.gov\/yourmbpd\/daniel-morgalo\/","url":"https:\/\/www.miamibeachfl.gov\/yourmbpd\/daniel-morgalo\/","name":"Daniel Morgalo - Ciudad de Miami Beach","isPartOf":{"@id":"https:\/\/www.miamibeachfl.gov\/#website"},"primaryImageOfPage":{"@id":"https:\/\/www.miamibeachfl.gov\/yourmbpd\/daniel-morgalo\/#primaryimage"},"image":{"@id":"https:\/\/www.miamibeachfl.gov\/yourmbpd\/daniel-morgalo\/#primaryimage"},"thumbnailUrl":"https:\/\/www.miamibeachfl.gov\/wp-content\/uploads\/2019\/12\/badge-for-banner.png","datePublished":"2022-05-31T17:32:01+00:00","dateModified":"2025-06-07T14:32:24+00:00","description":"%","breadcrumb":{"@id":"https:\/\/www.miamibeachfl.gov\/yourmbpd\/daniel-morgalo\/#breadcrumb"},"inLanguage":"es","potentialAction":[{"@type":"ReadAction","target":["https:\/\/www.miamibeachfl.gov\/yourmbpd\/daniel-morgalo\/"]}]},{"@type":"ImageObject","inLanguage":"es","@id":"https:\/\/www.miamibeachfl.gov\/yourmbpd\/daniel-morgalo\/#primaryimage","url":"https:\/\/www.miamibeachfl.gov\/wp-content\/uploads\/2019\/12\/badge-for-banner.png","contentUrl":"https:\/\/www.miamibeachfl.gov\/wp-content\/uploads\/2019\/12\/badge-for-banner.png"},{"@type":"BreadcrumbList","@id":"https:\/\/www.miamibeachfl.gov\/yourmbpd\/daniel-morgalo\/#breadcrumb","itemListElement":[{"@type":"ListItem","position":1,"name":"Home","item":"https:\/\/www.miamibeachfl.gov\/"},{"@type":"ListItem","position":2,"name":"Police","item":"https:\/\/www.miamibeachfl.gov\/yourmbpd\/"},{"@type":"ListItem","position":3,"name":"Daniel Morgalo"}]},{"@type":"WebSite","@id":"https:\/\/www.miamibeachfl.gov\/#website","url":"https:\/\/www.miamibeachfl.gov\/","name":"Ciudad de Miami Beach","description":"Sitio web oficial de la Ciudad de Miami Beach. Mant\u00e9ngase informado, encuentre informaci\u00f3n importante sobre servicios municipales, noticias, alertas, eventos, rutas de tranv\u00edas, empleos gubernamentales y m\u00e1s.","publisher":{"@id":"https:\/\/www.miamibeachfl.gov\/#organization"},"potentialAction":[{"@type":"SearchAction","target":{"@type":"EntryPoint","urlTemplate":"https:\/\/www.miamibeachfl.gov\/?s={search_term_string}"},"query-input":{"@type":"PropertyValueSpecification","valueRequired":true,"valueName":"search_term_string"}}],"inLanguage":"es"},{"@type":"Organization","@id":"https:\/\/www.miamibeachfl.gov\/#organization","name":"Ciudad de Miami Beach","url":"https:\/\/www.miamibeachfl.gov\/","logo":{"@type":"ImageObject","inLanguage":"es","@id":"https:\/\/www.miamibeachfl.gov\/#\/schema\/logo\/image\/","url":"https:\/\/www.miamibeachfl.gov\/wp-content\/uploads\/2022\/06\/miamibeach-logoblue.png","contentUrl":"https:\/\/www.miamibeachfl.gov\/wp-content\/uploads\/2022\/06\/miamibeach-logoblue.png","width":1962,"height":381,"caption":"City of Miami Beach"},"image":{"@id":"https:\/\/www.miamibeachfl.gov\/#\/schema\/logo\/image\/"},"sameAs":["https:\/\/www.facebook.com\/cityofmiamibeach","https:\/\/x.com\/Miamibeachnews","https:\/\/www.instagram.com\/miamibeachnews\/"],"description":"Sitio web oficial de la Ciudad de Miami Beach. Mant\u00e9ngase informado, encuentre informaci\u00f3n importante sobre servicios municipales, noticias, alertas, eventos, rutas de tranv\u00edas, empleos gubernamentales y m\u00e1s.","telephone":"305.604.CITY(2489)","legalName":"City of Miami Beach"}]}},"_links":{"self":[{"href":"https:\/\/www.miamibeachfl.gov\/es\/wp-json\/wp\/v2\/pages\/192769","targetHints":{"allow":["GET"]}}],"collection":[{"href":"https:\/\/www.miamibeachfl.gov\/es\/wp-json\/wp\/v2\/pages"}],"about":[{"href":"https:\/\/www.miamibeachfl.gov\/es\/wp-json\/wp\/v2\/types\/page"}],"author":[{"embeddable":true,"href":"https:\/\/www.miamibeachfl.gov\/es\/wp-json\/wp\/v2\/users\/222"}],"replies":[{"embeddable":true,"href":"https:\/\/www.miamibeachfl.gov\/es\/wp-json\/wp\/v2\/comments?post=192769"}],"version-history":[{"count":4,"href":"https:\/\/www.miamibeachfl.gov\/es\/wp-json\/wp\/v2\/pages\/192769\/revisions"}],"predecessor-version":[{"id":375664,"href":"https:\/\/www.miamibeachfl.gov\/es\/wp-json\/wp\/v2\/pages\/192769\/revisions\/375664"}],"up":[{"embeddable":true,"href":"https:\/\/www.miamibeachfl.gov\/es\/wp-json\/wp\/v2\/pages\/120936"}],"wp:attachment":[{"href":"https:\/\/www.miamibeachfl.gov\/es\/wp-json\/wp\/v2\/media?parent=192769"}],"wp:term":[{"taxonomy":"category","embeddable":true,"href":"https:\/\/www.miamibeachfl.gov\/es\/wp-json\/wp\/v2\/categories?post=192769"},{"taxonomy":"post_tag","embeddable":true,"href":"https:\/\/www.miamibeachfl.gov\/es\/wp-json\/wp\/v2\/tags?post=192769"}],"curies":[{"name":"gracias","href":"https:\/\/api.w.org\/{rel}","templated":true}]}}