{"id":195688,"date":"2022-06-23T09:14:32","date_gmt":"2022-06-23T13:14:32","guid":{"rendered":"https:\/\/www.miamibeachfl.gov\/?page_id=195688"},"modified":"2025-06-02T22:04:56","modified_gmt":"2025-06-03T02:04:56","slug":"june-2022-business-spotlight","status":"publish","type":"page","link":"https:\/\/www.miamibeachfl.gov\/es\/spotlight\/june-2022-business-spotlight\/","title":{"rendered":"Enfoque empresarial de junio de 2022"},"content":{"rendered":"<h5>\n\t\t<a href=\"https:\/\/www.miamibeachfl.gov\/es\/mbbiznews\/\" title=\"Suscr\u00edbete aqu\u00ed para recibir mensualmente en tu bandeja de entrada el bolet\u00edn de negocios de la ciudad.\"  target=\"_blank\"  rel=\"noopener\">\n\t\t\tSuscr\u00edbete aqu\u00ed para recibir mensualmente en tu bandeja de entrada el bolet\u00edn de negocios de la ciudad.\t\t<\/a>\n\t<\/h5>\n<h5>\n\t\t<a href=\"https:\/\/myemail.constantcontact.com\/Stay-connected-with-MB-Biz-.html?soid=1011085968389&#038;aid=q90qfhI4kxA\" title=\"Bolet\u00edn empresarial\"  target=\"_blank\"  rel=\"noopener\">\n\t\t\tBolet\u00edn empresarial\t\t<\/a>\n\t<\/h5>\n\t<p><strong>\u00a1NOS QUITAMOS EL SOMBRERO ANTE TIM SCHMAND POR UN MAGN\u00cdFICO TRABAJO EN LINCOLN ROAD!<\/strong><\/p>\n\t\t\t\t<img decoding=\"async\" src=\"https:\/\/www.miamibeachfl.gov\/wp-content\/uploads\/2022\/06\/1.jpg\" alt=\"1\" itemprop=\"image\" title=\"1\" onerror=\"this.style.display='none'\" loading='lazy' \/>\n\t<p>Todo due\u00f1o de negocio en Lincoln Road conoce a Timothy Schmand como el hombre con su elegante sombrero fedora, siempre dispuesto a ayudar. Sin embargo, muchos desconocen las muchas otras funciones que Tim ha desempe\u00f1ado a lo largo de su carrera. Originario de Buffalo, Nueva York, le encanta contar la historia de su llegada a Miami Beach. En 1979, viaj\u00f3 en autostop desde Buffalo a Cayo Hueso y luego a Miami Beach, un pueblito tranquilo. Su primer trabajo en el sur de Florida fue capacitar a adultos con discapacidad mental en t\u00e9cnicas de limpieza cerca de las estaciones de tren de Miami (en lo que hoy es Wynwood). En aquel entonces, el circo acampaba cerca de las estaciones de tren, pero las funciones se realizaban en el Centro de Convenciones de Miami Beach. Recuerda con cari\u00f1o haber visto el ic\u00f3nico paso de los elefantes por la Calzada Venetian, una vista inolvidable.<\/p>\n\t\t\t\t<img decoding=\"async\" src=\"https:\/\/www.miamibeachfl.gov\/wp-content\/plugins\/bb-plugin\/img\/pixel.png\" alt=\"\" itemprop=\"image\" onerror=\"this.style.display='none'\" loading='lazy' \/>\n\t\t\t\t<img decoding=\"async\" src=\"https:\/\/www.miamibeachfl.gov\/wp-content\/uploads\/2022\/06\/2.jpg\" alt=\"2\" itemprop=\"image\" title=\"2\" onerror=\"this.style.display='none'\" loading='lazy' \/>\n\t\t\t\t<img decoding=\"async\" src=\"https:\/\/www.miamibeachfl.gov\/wp-content\/plugins\/bb-plugin\/img\/pixel.png\" alt=\"\" itemprop=\"image\" onerror=\"this.style.display='none'\" loading='lazy' \/>\n\t<p>Despu\u00e9s de un tiempo, Tim asumi\u00f3 otro rol como guardia de seguridad a tiempo parcial en el Museo Hist\u00f3rico del Sur de Florida, donde dos a\u00f1os despu\u00e9s fue ascendido a Director Asociado de Marketing, Publicaciones y Comunicaciones, y se desempe\u00f1\u00f3 como Gerente de la tienda del museo. Aspirante a escritor, Tim curs\u00f3 y obtuvo una Maestr\u00eda en Bellas Artes. Este logro acad\u00e9mico lo llev\u00f3 a su siguiente etapa como redactor de subvenciones para el Museo de Ciencias (ahora Museo de Ciencias Phillip y Patricia Frost), el Jard\u00edn Bot\u00e1nico Tropical Fairchild y el Bayfront Park Management Trust.<\/p>\n<p>Mientras trabajaba con una subvenci\u00f3n para el Festival de Shakespeare del Bayfront Park Management Trust, Tim recibi\u00f3 la solicitud de colaborar en la operaci\u00f3n del mismo. Esta nueva funci\u00f3n lo llev\u00f3 a una carrera de 25 a\u00f1os como director ejecutivo del Bayfront Park Management Trust, donde Tim gestion\u00f3 todos los aspectos de los parques Bayfront y Museum. Bajo su liderazgo, los parques obtuvieron $7.5 millones en ingresos netos entre 2003 y 2016 y atrajeron a 8.5 millones de asistentes a conciertos, eventos especiales y actividades comunitarias. Uno de sus mayores logros fue el Festival de M\u00fasica Ultra de 2008 en Bayfront Park, que recibi\u00f3 numerosos reconocimientos, incluyendo su inclusi\u00f3n en el... <em>Piedra rodante<\/em> Revista Top 10 Conciertos del 20<sup>el<\/sup> Un siglo en los Estados Unidos: un honor compartido con la Feria de M\u00fasica y Arte de Woodstock (1969) y el Festival de M\u00fasica y Artes del Valle de Coachella.<\/p>\n<p>Tim, que nunca rehuye los desaf\u00edos y aunque hab\u00eda estado pensando en jubilarse, tom\u00f3 su sombrero en 2017 y se uni\u00f3 al Distrito de Mejora Comercial de Coconut Grove como Director Ejecutivo Interino, donde prest\u00f3 su experiencia y conocimiento a la transformaci\u00f3n del corredor comercial.<\/p>\n<p>Tim atribuye su inter\u00e9s en la creaci\u00f3n de espacios urbanos y su vasto conocimiento sobre la dinamizaci\u00f3n de espacios exteriores a &quot;La vida social de los peque\u00f1os espacios urbanos&quot;, un libro de William H. Whyte. Tim atribuye este libro, que impuls\u00f3 una peque\u00f1a revoluci\u00f3n en la planificaci\u00f3n urbana y el dise\u00f1o de espacios p\u00fablicos, a la gu\u00eda y transformaci\u00f3n de sus perspectivas y su perspicacia en la gesti\u00f3n de c\u00f3mo los espacios p\u00fablicos contribuyen al bienestar de una comunidad.<\/p>\n\t\t\t\t<img decoding=\"async\" src=\"https:\/\/www.miamibeachfl.gov\/wp-content\/uploads\/2022\/06\/3.jpg\" alt=\"3\" itemprop=\"image\" title=\"3\" onerror=\"this.style.display='none'\" loading='lazy' \/>\n\t<p>En 2017, Tim cambi\u00f3 su rol para desempe\u00f1arse como director ejecutivo del Distrito de Mejora Comercial de Lincoln Road.<\/p>\n<p>\u201cCompr\u00e9 mi primer regalo para el amor de mi vida en Lincoln Road\u201d, comparti\u00f3 Tim. \u201cCompramos nuestros anillos de boda en Lincoln Road, antes de casarnos en el antiguo Ayuntamiento. Lincoln Road siempre ocupar\u00e1 un lugar especial en mi coraz\u00f3n\u201d.<\/p>\n\t\t\t\t<img decoding=\"async\" src=\"https:\/\/www.miamibeachfl.gov\/wp-content\/uploads\/2022\/06\/4.png\" alt=\"4\" itemprop=\"image\" title=\"4\" onerror=\"this.style.display='none'\" loading='lazy' \/>\n\t<p>Con la cabeza en alto, Tim ha liderado la peque\u00f1a revoluci\u00f3n econ\u00f3mica de Lincoln Road durante sus 5 a\u00f1os de mandato. Ha impulsado y construido un destino de renombre internacional, con un s\u00f3lido patrimonio art\u00edstico y cultural, una gastronom\u00eda y tiendas de primera clase, y una programaci\u00f3n familiar. Durante la pandemia, Lincoln Road se vio gravemente afectada, como cualquier distrito comercial global. Sin embargo, Tim acept\u00f3 el reto y su experiencia cultural para exhibir 13 esculturas monumentales de Botero en el paseo peatonal desde el oto\u00f1o de 2019 hasta la primavera de 2020, animando a residentes y visitantes a disfrutar del espacio abierto de Lincoln Road e interactuar con los comerciantes que ofrecen comida para llevar y entretenimiento art\u00edstico con distanciamiento social.<\/p>\n<p>Al preguntarle sobre su legado, Tim, de voz suave, encantador, elegante y afable, comparti\u00f3 que quiere ser recordado por ser un defensor de los espacios urbanos y abiertos que dedic\u00f3 su vida profesional a ayudar a comerciantes y a transformar espacios, desde simples espacios urbanos hasta espacios comerciales y al aire libre memorables y casi perfectos. Asimismo, espera que su influencia haya inspirado a residentes, empresas y turistas.<\/p>\n<p>\u201cMe complace y enorgullece que Lincoln Road se haya convertido en un espacio p\u00fablico urbano acogedor con sol, sombra, comida, \u00e1rboles, fuentes, entretenimiento y gente\u201d, dijo Tim. \u201cComo escribi\u00f3 Whyte hace 30 a\u00f1os, los espacios p\u00fablicos unen a las personas y Lincoln Road es un excelente ejemplo de sostenibilidad que sigue prosperando. Me enorgullece que, durante la reciente pandemia, los l\u00edderes, miembros, equipo y comunidad de Lincoln Road abrieran y gestionaran espacios que cambiaron vidas al unir, involucrar y sanar a esta comunidad. Lincoln Road es especial: es donde dos desconocidos pueden encontrarse y conversar, una pareja puede pasear tranquilamente, los adolescentes pueden disfrutar de una pizza, los colegas pueden tomar un cafecito y todos pueden disfrutar de una terapia de compras\u201d.<\/p>\n<p>Graduado de la State University College de Nueva York, Tim tambi\u00e9n tiene una Maestr\u00eda en Bellas Artes del Vermont College. Tim planea ampliar su colecci\u00f3n de libros, escritos y publicados: &quot;Just Johnson; The London Delivery&quot; y &quot;The True Tales of Bad Benny Taggart&quot;.<\/p>\n<p>Nos quitamos el sombrero ante Tim por todo lo que ha hecho por la ciudad de Miami Beach y Lincoln Road. Celebramos sus contribuciones y logros, y le deseamos lo mejor en su pr\u00f3xima etapa.<\/p>\n\t\t\t\t<img decoding=\"async\" src=\"https:\/\/www.miamibeachfl.gov\/wp-content\/uploads\/2022\/06\/5.png\" alt=\"5\" itemprop=\"image\" title=\"5\" onerror=\"this.style.display='none'\" loading='lazy' \/>","protected":false},"excerpt":{"rendered":"<p>Suscr\u00edbete aqu\u00ed para recibir mensualmente el bolet\u00edn de negocios de la ciudad en tu bandeja de entrada. Bolet\u00edn de negocios. \u00a1Felicitaciones a Tim Schmand por [\u2026]!<\/p>","protected":false},"author":222,"featured_media":0,"parent":253255,"menu_order":0,"comment_status":"closed","ping_status":"closed","template":"","meta":{"_searchwp_excluded":"","site-sidebar-layout":"default","site-content-layout":"","ast-site-content-layout":"default","site-content-style":"default","site-sidebar-style":"default","ast-global-header-display":"","ast-banner-title-visibility":"","ast-main-header-display":"","ast-hfb-above-header-display":"","ast-hfb-below-header-display":"","ast-hfb-mobile-header-display":"","site-post-title":"","ast-breadcrumbs-content":"","ast-featured-img":"","footer-sml-layout":"","theme-transparent-header-meta":"","adv-header-id-meta":"","stick-header-meta":"","header-above-stick-meta":"","header-main-stick-meta":"","header-below-stick-meta":"","astra-migrate-meta-layouts":"default","ast-page-background-enabled":"default","ast-page-background-meta":{"desktop":{"background-color":"var(--ast-global-color-5)","background-image":"","background-repeat":"repeat","background-position":"center center","background-size":"auto","background-attachment":"scroll","background-type":"","background-media":"","overlay-type":"","overlay-color":"","overlay-opacity":"","overlay-gradient":""},"tablet":{"background-color":"","background-image":"","background-repeat":"repeat","background-position":"center center","background-size":"auto","background-attachment":"scroll","background-type":"","background-media":"","overlay-type":"","overlay-color":"","overlay-opacity":"","overlay-gradient":""},"mobile":{"background-color":"","background-image":"","background-repeat":"repeat","background-position":"center center","background-size":"auto","background-attachment":"scroll","background-type":"","background-media":"","overlay-type":"","overlay-color":"","overlay-opacity":"","overlay-gradient":""}},"ast-content-background-meta":{"desktop":{"background-color":"var(--ast-global-color-4)","background-image":"","background-repeat":"repeat","background-position":"center center","background-size":"auto","background-attachment":"scroll","background-type":"","background-media":"","overlay-type":"","overlay-color":"","overlay-opacity":"","overlay-gradient":""},"tablet":{"background-color":"var(--ast-global-color-4)","background-image":"","background-repeat":"repeat","background-position":"center center","background-size":"auto","background-attachment":"scroll","background-type":"","background-media":"","overlay-type":"","overlay-color":"","overlay-opacity":"","overlay-gradient":""},"mobile":{"background-color":"var(--ast-global-color-4)","background-image":"","background-repeat":"repeat","background-position":"center center","background-size":"auto","background-attachment":"scroll","background-type":"","background-media":"","overlay-type":"","overlay-color":"","overlay-opacity":"","overlay-gradient":""}},"footnotes":""},"categories":[],"tags":[],"class_list":["post-195688","page","type-page","status-publish","hentry"],"yoast_head":"<!-- This site is optimized with the Yoast SEO Premium plugin v26.6 (Yoast SEO v26.6) - https:\/\/yoast.com\/wordpress\/plugins\/seo\/ -->\n<title>June 2022 Business Spotlight - City of Miami Beach<\/title>\n<meta name=\"description\" content=\"%\" \/>\n<meta name=\"robots\" content=\"index, follow, max-snippet:-1, max-image-preview:large, max-video-preview:-1\" \/>\n<link rel=\"canonical\" href=\"https:\/\/www.miamibeachfl.gov\/es\/spotlight\/june-2022-business-spotlight\/\" \/>\n<meta property=\"og:locale\" content=\"es_ES\" \/>\n<meta property=\"og:type\" content=\"article\" \/>\n<meta property=\"og:title\" content=\"June 2022 Business Spotlight\" \/>\n<meta property=\"og:description\" content=\"%\" \/>\n<meta property=\"og:url\" content=\"https:\/\/www.miamibeachfl.gov\/es\/spotlight\/june-2022-business-spotlight\/\" \/>\n<meta property=\"og:site_name\" content=\"City of Miami Beach\" \/>\n<meta property=\"article:publisher\" content=\"https:\/\/www.facebook.com\/cityofmiamibeach\" \/>\n<meta property=\"article:modified_time\" content=\"2025-06-03T02:04:56+00:00\" \/>\n<meta property=\"og:image\" content=\"https:\/\/www.miamibeachfl.gov\/wp-content\/uploads\/2022\/06\/1.jpg\" \/>\n<meta name=\"twitter:card\" content=\"summary_large_image\" \/>\n<meta name=\"twitter:site\" content=\"@Miamibeachnews\" \/>\n<script type=\"application\/ld+json\" class=\"yoast-schema-graph\">{\"@context\":\"https:\/\/schema.org\",\"@graph\":[{\"@type\":\"WebPage\",\"@id\":\"https:\/\/www.miamibeachfl.gov\/spotlight\/june-2022-business-spotlight\/\",\"url\":\"https:\/\/www.miamibeachfl.gov\/spotlight\/june-2022-business-spotlight\/\",\"name\":\"June 2022 Business Spotlight - City of Miami Beach\",\"isPartOf\":{\"@id\":\"https:\/\/www.miamibeachfl.gov\/#website\"},\"primaryImageOfPage\":{\"@id\":\"https:\/\/www.miamibeachfl.gov\/spotlight\/june-2022-business-spotlight\/#primaryimage\"},\"image\":{\"@id\":\"https:\/\/www.miamibeachfl.gov\/spotlight\/june-2022-business-spotlight\/#primaryimage\"},\"thumbnailUrl\":\"https:\/\/www.miamibeachfl.gov\/wp-content\/uploads\/2022\/06\/1.jpg\",\"datePublished\":\"2022-06-23T13:14:32+00:00\",\"dateModified\":\"2025-06-03T02:04:56+00:00\",\"description\":\"%\",\"breadcrumb\":{\"@id\":\"https:\/\/www.miamibeachfl.gov\/spotlight\/june-2022-business-spotlight\/#breadcrumb\"},\"inLanguage\":\"es\",\"potentialAction\":[{\"@type\":\"ReadAction\",\"target\":[\"https:\/\/www.miamibeachfl.gov\/spotlight\/june-2022-business-spotlight\/\"]}]},{\"@type\":\"ImageObject\",\"inLanguage\":\"es\",\"@id\":\"https:\/\/www.miamibeachfl.gov\/spotlight\/june-2022-business-spotlight\/#primaryimage\",\"url\":\"https:\/\/www.miamibeachfl.gov\/wp-content\/uploads\/2022\/06\/1.jpg\",\"contentUrl\":\"https:\/\/www.miamibeachfl.gov\/wp-content\/uploads\/2022\/06\/1.jpg\"},{\"@type\":\"BreadcrumbList\",\"@id\":\"https:\/\/www.miamibeachfl.gov\/spotlight\/june-2022-business-spotlight\/#breadcrumb\",\"itemListElement\":[{\"@type\":\"ListItem\",\"position\":1,\"name\":\"Home\",\"item\":\"https:\/\/www.miamibeachfl.gov\/\"},{\"@type\":\"ListItem\",\"position\":2,\"name\":\"Business Newsletters and Spotlights\",\"item\":\"https:\/\/www.miamibeachfl.gov\/spotlight\/\"},{\"@type\":\"ListItem\",\"position\":3,\"name\":\"June 2022 Business Spotlight\"}]},{\"@type\":\"WebSite\",\"@id\":\"https:\/\/www.miamibeachfl.gov\/#website\",\"url\":\"https:\/\/www.miamibeachfl.gov\/\",\"name\":\"City of Miami Beach\",\"description\":\"The official website of the City of Miami Beach. Stay informed, find important information on city services, news, alerts, events, trolley routes, government employment and more.\",\"publisher\":{\"@id\":\"https:\/\/www.miamibeachfl.gov\/#organization\"},\"potentialAction\":[{\"@type\":\"SearchAction\",\"target\":{\"@type\":\"EntryPoint\",\"urlTemplate\":\"https:\/\/www.miamibeachfl.gov\/?s={search_term_string}\"},\"query-input\":{\"@type\":\"PropertyValueSpecification\",\"valueRequired\":true,\"valueName\":\"search_term_string\"}}],\"inLanguage\":\"es\"},{\"@type\":\"Organization\",\"@id\":\"https:\/\/www.miamibeachfl.gov\/#organization\",\"name\":\"City of Miami Beach\",\"url\":\"https:\/\/www.miamibeachfl.gov\/\",\"logo\":{\"@type\":\"ImageObject\",\"inLanguage\":\"es\",\"@id\":\"https:\/\/www.miamibeachfl.gov\/#\/schema\/logo\/image\/\",\"url\":\"https:\/\/www.miamibeachfl.gov\/wp-content\/uploads\/2022\/06\/miamibeach-logoblue.png\",\"contentUrl\":\"https:\/\/www.miamibeachfl.gov\/wp-content\/uploads\/2022\/06\/miamibeach-logoblue.png\",\"width\":1962,\"height\":381,\"caption\":\"City of Miami Beach\"},\"image\":{\"@id\":\"https:\/\/www.miamibeachfl.gov\/#\/schema\/logo\/image\/\"},\"sameAs\":[\"https:\/\/www.facebook.com\/cityofmiamibeach\",\"https:\/\/x.com\/Miamibeachnews\",\"https:\/\/www.instagram.com\/miamibeachnews\/\"],\"description\":\"The official website of the City of Miami Beach. Stay informed, find important information on city services, news, alerts, events, trolley routes, government employment and more.\",\"telephone\":\"305.604.CITY(2489)\",\"legalName\":\"City of Miami Beach\"}]}<\/script>\n<!-- \/ Yoast SEO Premium plugin. -->","yoast_head_json":{"title":"Noticias empresariales de junio de 2022 - Ciudad de Miami Beach","description":"%","robots":{"index":"index","follow":"follow","max-snippet":"max-snippet:-1","max-image-preview":"max-image-preview:large","max-video-preview":"max-video-preview:-1"},"canonical":"https:\/\/www.miamibeachfl.gov\/es\/spotlight\/june-2022-business-spotlight\/","og_locale":"es_ES","og_type":"article","og_title":"June 2022 Business Spotlight","og_description":"%","og_url":"https:\/\/www.miamibeachfl.gov\/es\/spotlight\/june-2022-business-spotlight\/","og_site_name":"City of Miami Beach","article_publisher":"https:\/\/www.facebook.com\/cityofmiamibeach","article_modified_time":"2025-06-03T02:04:56+00:00","og_image":[{"url":"https:\/\/www.miamibeachfl.gov\/wp-content\/uploads\/2022\/06\/1.jpg","type":"","width":"","height":""}],"twitter_card":"summary_large_image","twitter_site":"@Miamibeachnews","schema":{"@context":"https:\/\/schema.org","@graph":[{"@type":"WebPage","@id":"https:\/\/www.miamibeachfl.gov\/spotlight\/june-2022-business-spotlight\/","url":"https:\/\/www.miamibeachfl.gov\/spotlight\/june-2022-business-spotlight\/","name":"Noticias empresariales de junio de 2022 - Ciudad de Miami Beach","isPartOf":{"@id":"https:\/\/www.miamibeachfl.gov\/#website"},"primaryImageOfPage":{"@id":"https:\/\/www.miamibeachfl.gov\/spotlight\/june-2022-business-spotlight\/#primaryimage"},"image":{"@id":"https:\/\/www.miamibeachfl.gov\/spotlight\/june-2022-business-spotlight\/#primaryimage"},"thumbnailUrl":"https:\/\/www.miamibeachfl.gov\/wp-content\/uploads\/2022\/06\/1.jpg","datePublished":"2022-06-23T13:14:32+00:00","dateModified":"2025-06-03T02:04:56+00:00","description":"%","breadcrumb":{"@id":"https:\/\/www.miamibeachfl.gov\/spotlight\/june-2022-business-spotlight\/#breadcrumb"},"inLanguage":"es","potentialAction":[{"@type":"ReadAction","target":["https:\/\/www.miamibeachfl.gov\/spotlight\/june-2022-business-spotlight\/"]}]},{"@type":"ImageObject","inLanguage":"es","@id":"https:\/\/www.miamibeachfl.gov\/spotlight\/june-2022-business-spotlight\/#primaryimage","url":"https:\/\/www.miamibeachfl.gov\/wp-content\/uploads\/2022\/06\/1.jpg","contentUrl":"https:\/\/www.miamibeachfl.gov\/wp-content\/uploads\/2022\/06\/1.jpg"},{"@type":"BreadcrumbList","@id":"https:\/\/www.miamibeachfl.gov\/spotlight\/june-2022-business-spotlight\/#breadcrumb","itemListElement":[{"@type":"ListItem","position":1,"name":"Home","item":"https:\/\/www.miamibeachfl.gov\/"},{"@type":"ListItem","position":2,"name":"Business Newsletters and Spotlights","item":"https:\/\/www.miamibeachfl.gov\/spotlight\/"},{"@type":"ListItem","position":3,"name":"June 2022 Business Spotlight"}]},{"@type":"WebSite","@id":"https:\/\/www.miamibeachfl.gov\/#website","url":"https:\/\/www.miamibeachfl.gov\/","name":"Ciudad de Miami Beach","description":"Sitio web oficial de la Ciudad de Miami Beach. Mant\u00e9ngase informado, encuentre informaci\u00f3n importante sobre servicios municipales, noticias, alertas, eventos, rutas de tranv\u00edas, empleos gubernamentales y m\u00e1s.","publisher":{"@id":"https:\/\/www.miamibeachfl.gov\/#organization"},"potentialAction":[{"@type":"SearchAction","target":{"@type":"EntryPoint","urlTemplate":"https:\/\/www.miamibeachfl.gov\/?s={search_term_string}"},"query-input":{"@type":"PropertyValueSpecification","valueRequired":true,"valueName":"search_term_string"}}],"inLanguage":"es"},{"@type":"Organization","@id":"https:\/\/www.miamibeachfl.gov\/#organization","name":"Ciudad de Miami Beach","url":"https:\/\/www.miamibeachfl.gov\/","logo":{"@type":"ImageObject","inLanguage":"es","@id":"https:\/\/www.miamibeachfl.gov\/#\/schema\/logo\/image\/","url":"https:\/\/www.miamibeachfl.gov\/wp-content\/uploads\/2022\/06\/miamibeach-logoblue.png","contentUrl":"https:\/\/www.miamibeachfl.gov\/wp-content\/uploads\/2022\/06\/miamibeach-logoblue.png","width":1962,"height":381,"caption":"City of Miami Beach"},"image":{"@id":"https:\/\/www.miamibeachfl.gov\/#\/schema\/logo\/image\/"},"sameAs":["https:\/\/www.facebook.com\/cityofmiamibeach","https:\/\/x.com\/Miamibeachnews","https:\/\/www.instagram.com\/miamibeachnews\/"],"description":"Sitio web oficial de la Ciudad de Miami Beach. Mant\u00e9ngase informado, encuentre informaci\u00f3n importante sobre servicios municipales, noticias, alertas, eventos, rutas de tranv\u00edas, empleos gubernamentales y m\u00e1s.","telephone":"305.604.CITY(2489)","legalName":"City of Miami Beach"}]}},"_links":{"self":[{"href":"https:\/\/www.miamibeachfl.gov\/es\/wp-json\/wp\/v2\/pages\/195688","targetHints":{"allow":["GET"]}}],"collection":[{"href":"https:\/\/www.miamibeachfl.gov\/es\/wp-json\/wp\/v2\/pages"}],"about":[{"href":"https:\/\/www.miamibeachfl.gov\/es\/wp-json\/wp\/v2\/types\/page"}],"author":[{"embeddable":true,"href":"https:\/\/www.miamibeachfl.gov\/es\/wp-json\/wp\/v2\/users\/222"}],"replies":[{"embeddable":true,"href":"https:\/\/www.miamibeachfl.gov\/es\/wp-json\/wp\/v2\/comments?post=195688"}],"version-history":[{"count":0,"href":"https:\/\/www.miamibeachfl.gov\/es\/wp-json\/wp\/v2\/pages\/195688\/revisions"}],"up":[{"embeddable":true,"href":"https:\/\/www.miamibeachfl.gov\/es\/wp-json\/wp\/v2\/pages\/253255"}],"wp:attachment":[{"href":"https:\/\/www.miamibeachfl.gov\/es\/wp-json\/wp\/v2\/media?parent=195688"}],"wp:term":[{"taxonomy":"category","embeddable":true,"href":"https:\/\/www.miamibeachfl.gov\/es\/wp-json\/wp\/v2\/categories?post=195688"},{"taxonomy":"post_tag","embeddable":true,"href":"https:\/\/www.miamibeachfl.gov\/es\/wp-json\/wp\/v2\/tags?post=195688"}],"curies":[{"name":"gracias","href":"https:\/\/api.w.org\/{rel}","templated":true}]}}