{"id":197440,"date":"2022-07-13T09:02:26","date_gmt":"2022-07-13T13:02:26","guid":{"rendered":"https:\/\/www.miamibeachfl.gov\/?page_id=197440"},"modified":"2026-04-01T09:31:44","modified_gmt":"2026-04-01T13:31:44","slug":"doing-business-with-mb","status":"publish","type":"page","link":"https:\/\/www.miamibeachfl.gov\/es\/business\/doing-business-with-mb\/","title":{"rendered":"Hacer negocios con MB"},"content":{"rendered":"<h3>\n\t\t\tSaluda a tu nueva oficina\t<\/h3>\n\t<p>Miami Beach se compromete a crear una econom\u00eda pr\u00f3spera que fomente un crecimiento equilibrado conectando empresas, comunidades, personas y empleos. La Ciudad est\u00e1 dedicada a esta misi\u00f3n, brindando asistencia y recursos a las empresas, desarrollando y reurbanizando corredores, y promoviendo el desarrollo inmobiliario para crear una econom\u00eda diversa para nuestra comunidad din\u00e1mica y resiliente.<\/p>\n\t\t<a href=\"\/es\/business\/doing-business-with-mb\/business-incentives\/job-creation-incentive-program\/\" target=\"_self\">\n\t\t\t\t\t\t\t\t\t\t\t<img decoding=\"async\" src=\"https:\/\/www.miamibeachfl.gov\/wp-content\/uploads\/2023\/01\/businessmen-1.jpg\" alt=\"businessmen\"\/>\n\t\t\t\t\t<p>Recompensa econ\u00f3micamente la reubicaci\u00f3n de sedes corporativas, as\u00ed como a sectores espec\u00edficos como empresas financieras o tecnol\u00f3gicas que buscan trasladarse y que generan empleos en nuestra ciudad. M\u00e1s informaci\u00f3n\u2026<\/p>\t\t\t\t\t\n\t\t\t\t\t\t<h2>\n\t\t\t\t\t\tPrograma de Incentivos para la Creaci\u00f3n de Empleo (JCIP)\t\t<\/h2>\n\t\t<\/a>\n\t\t<a href=\"\/es\/business\/doing-business-with-mb\/business-incentives\/expedited-permit-program\/\" target=\"_self\">\n\t\t\t\t\t\t\t\t\t\t\t<img decoding=\"async\" src=\"https:\/\/www.miamibeachfl.gov\/wp-content\/uploads\/2023\/01\/viewingbuildingplan.jpg\" alt=\"person viewing a plan\"\/>\n\t\t\t\t\t<p>Agilizaci\u00f3n de renovaciones y permisos de obra nueva para empresas de tecnolog\u00eda y servicios financieros, as\u00ed como para sus sedes. M\u00e1s informaci\u00f3n\u2026<\/p>\t\t\t\t\t\n\t\t\t\t\t\t<h2>\n\t\t\t\t\t\tPrograma de Revisi\u00f3n Acelerada de Planes (EPRP)\t\t<\/h2>\n\t\t<\/a>\n\t\t<a href=\"\/es\/business\/doing-business-with-mb\/grants\/\" target=\"_self\">\n\t\t\t\t\t\t\t\t\t\t\t<img decoding=\"async\" src=\"https:\/\/www.miamibeachfl.gov\/wp-content\/uploads\/2023\/04\/600X300-Card-Banners-2.jpg\" alt=\"600X300 Card Banners-2\"\/>\n\t\t\t\t\t<p>Explorar subvenciones y programas adicionales<br \/>Disponible en Miami Beach. M\u00e1s informaci\u00f3n\u2026<\/p>\t\t\t\t\t\n\t\t\t\t\t\t<h2>\n\t\t\t\t\t\tSubvenciones y programas\t\t<\/h2>\n\t\t<\/a>\n\t\t\t<a href=\"\/es\/business\/doing-business-with-mb\/business-incentives\/\" target=\"_self\">\n\t\t\t\t\t\tTodos los programas de incentivos\n\t\t\t\t\t<\/a>\n\t\t<h2>\u00bfPropietario de una vivienda en Miami Beach?<\/h2>\n\t\t\t<a href=\"https:\/\/www.miamibeachfl.gov\/es\/business\/vacation-short-term-rentals\/\" title=\"Haga clic aqu\u00ed\" target=\"_self\"   role=\"button\" aria-label=\"Vea si su propiedad califica para ser utilizada como alquiler a corto plazo.\">\n\t\t\t\t\t\t\t\t\t\t\tVea si su propiedad califica para ser utilizada como alquiler a corto plazo.\n\t\t<\/a>\n\t\t<h2>Aprenda c\u00f3mo solicitar una BTR, anteriormente conocida como Licencia Ocupacional.<\/h2>\n\t\t\t<a href=\"\/es\/city-hall\/finance\/business-tax-receipts-btr\/\" title=\"Haga clic aqu\u00ed\" target=\"_blank\" rel=\"noopener\"  role=\"button\" aria-label=\"Recibos de Impuestos Comerciales (BTR)\">\n\t\t\t\t\t\t\t\t\t\t\tRecibos de Impuestos Comerciales (BTR)\n\t\t<\/a>\n\t\t<h2>Explore los requisitos que var\u00edan seg\u00fan la categor\u00eda empresarial.<\/h2>\n\t\t\t<a href=\"https:\/\/www.miamibeachfl.gov\/wp-content\/uploads\/2025\/07\/Business-Tax-Category-1.pdf\" title=\"Haga clic aqu\u00ed\" target=\"_blank\" rel=\"noopener\"  role=\"button\" aria-label=\"Requisitos del Certificado de Uso\">\n\t\t\t\t\t\t\t\t\t\t\tRequisitos del Certificado de Uso\n\t\t<\/a>\n\t\t<h2>Explore la zonificaci\u00f3n residencial, de uso mixto, industrial y hospitalaria, as\u00ed como otros usos del suelo.<\/h2>\n\t\t\t<a href=\"\/es\/city-hall\/planning\/general-zoning-information-code-interpretation\/\" title=\"Haga clic aqu\u00ed\" target=\"_blank\" rel=\"noopener\"  role=\"button\" aria-label=\"Clasificaciones de zonificaci\u00f3n\">\n\t\t\t\t\t\t\t\t\t\t\tClasificaciones de zonificaci\u00f3n\n\t\t<\/a>\n\t\t\t<a href=\"https:\/\/miamibeachfl.ecdev.org\/embed\/fs-embed?frame=frame-search-properties&#038;location=us-place-1245025&#038;lang=en-us\" target=\"_blank\" rel=\"noopener\">\n\t\t\t\t\t\tEncuentre propiedades comerciales disponibles para sus oportunidades de negocio.\n\t\t\t\t\t<\/a>\n\t\t<h3><a href=\"tel:3056737572\"  target=\"_self\">\t\n\t305.673.7572<\/a><\/h3>\t\n\t\t<h3><a href=\"mailto:mbbiz@miamibeachfl.gov\"  target=\"_self\">\t\n\tmbbiz@miamibeachfl.gov<\/a><\/h3>\t\n\t\t<h3><a href=\"\/es\/business\/\"  target=\"_blank\"  rel=\"noopener\">\t\n\twww.MBBiz.com<\/a><\/h3>\t\n\t\t<h2>Suscr\u00edbete al bolet\u00edn de MBBiz<\/h2>\n\t\t\t\t<p>Reciba recursos y actualizaciones del Departamento de Desarrollo Econ\u00f3mico enviadas directamente a su tel\u00e9fono.<\/p>\n\t\t\t<a href=\"\/es\/mbbiznews\/\" title=\"Haga clic aqu\u00ed\" target=\"_self\"   role=\"button\" aria-label=\"Suscr\u00edbete ahora\">\n\t\t\t\t\t\t\t\t\t\t\tSuscr\u00edbete ahora\n\t\t<\/a>","protected":false},"excerpt":{"rendered":"<p>Say Hello to Your New Office Miami Beach is committed to creating a thriving economy that fosters balanced growth by [&hellip;]<\/p>\n","protected":false},"author":222,"featured_media":0,"parent":196910,"menu_order":0,"comment_status":"closed","ping_status":"closed","template":"","meta":{"_searchwp_excluded":"","site-sidebar-layout":"default","site-content-layout":"","ast-site-content-layout":"default","site-content-style":"default","site-sidebar-style":"default","ast-global-header-display":"","ast-banner-title-visibility":"","ast-main-header-display":"","ast-hfb-above-header-display":"","ast-hfb-below-header-display":"","ast-hfb-mobile-header-display":"","site-post-title":"","ast-breadcrumbs-content":"","ast-featured-img":"","footer-sml-layout":"","theme-transparent-header-meta":"","adv-header-id-meta":"","stick-header-meta":"","header-above-stick-meta":"","header-main-stick-meta":"","header-below-stick-meta":"","astra-migrate-meta-layouts":"default","ast-page-background-enabled":"default","ast-page-background-meta":{"desktop":{"background-color":"var(--ast-global-color-5)","background-image":"","background-repeat":"repeat","background-position":"center center","background-size":"auto","background-attachment":"scroll","background-type":"","background-media":"","overlay-type":"","overlay-color":"","overlay-opacity":"","overlay-gradient":""},"tablet":{"background-color":"","background-image":"","background-repeat":"repeat","background-position":"center center","background-size":"auto","background-attachment":"scroll","background-type":"","background-media":"","overlay-type":"","overlay-color":"","overlay-opacity":"","overlay-gradient":""},"mobile":{"background-color":"","background-image":"","background-repeat":"repeat","background-position":"center center","background-size":"auto","background-attachment":"scroll","background-type":"","background-media":"","overlay-type":"","overlay-color":"","overlay-opacity":"","overlay-gradient":""}},"ast-content-background-meta":{"desktop":{"background-color":"var(--ast-global-color-4)","background-image":"","background-repeat":"repeat","background-position":"center center","background-size":"auto","background-attachment":"scroll","background-type":"","background-media":"","overlay-type":"","overlay-color":"","overlay-opacity":"","overlay-gradient":""},"tablet":{"background-color":"var(--ast-global-color-4)","background-image":"","background-repeat":"repeat","background-position":"center center","background-size":"auto","background-attachment":"scroll","background-type":"","background-media":"","overlay-type":"","overlay-color":"","overlay-opacity":"","overlay-gradient":""},"mobile":{"background-color":"var(--ast-global-color-4)","background-image":"","background-repeat":"repeat","background-position":"center center","background-size":"auto","background-attachment":"scroll","background-type":"","background-media":"","overlay-type":"","overlay-color":"","overlay-opacity":"","overlay-gradient":""}},"footnotes":""},"categories":[],"tags":[],"class_list":["post-197440","page","type-page","status-publish","hentry"],"yoast_head":"<!-- This site is optimized with the Yoast SEO Premium plugin v27.4 (Yoast SEO v27.4) - https:\/\/yoast.com\/product\/yoast-seo-premium-wordpress\/ -->\n<title>Doing Business with MB - City of Miami Beach<\/title>\n<meta name=\"description\" content=\"%\" \/>\n<meta name=\"robots\" content=\"index, follow, max-snippet:-1, max-image-preview:large, max-video-preview:-1\" \/>\n<link rel=\"canonical\" href=\"https:\/\/www.miamibeachfl.gov\/es\/business\/doing-business-with-mb\/\" \/>\n<meta property=\"og:locale\" content=\"es_ES\" \/>\n<meta property=\"og:type\" content=\"article\" \/>\n<meta property=\"og:title\" content=\"Doing Business with MB\" \/>\n<meta property=\"og:description\" content=\"%\" \/>\n<meta property=\"og:url\" content=\"https:\/\/www.miamibeachfl.gov\/es\/business\/doing-business-with-mb\/\" \/>\n<meta property=\"og:site_name\" content=\"City of Miami Beach\" \/>\n<meta property=\"article:publisher\" content=\"https:\/\/www.facebook.com\/cityofmiamibeach\" \/>\n<meta property=\"article:modified_time\" content=\"2026-04-01T13:31:44+00:00\" \/>\n<meta property=\"og:image\" content=\"https:\/\/www.miamibeachfl.gov\/wp-content\/uploads\/2023\/01\/businessmen-1.jpg\" \/>\n<meta name=\"twitter:card\" content=\"summary_large_image\" \/>\n<meta name=\"twitter:site\" content=\"@Miamibeachnews\" \/>\n<script type=\"application\/ld+json\" class=\"yoast-schema-graph\">{\"@context\":\"https:\\\/\\\/schema.org\",\"@graph\":[{\"@type\":\"WebPage\",\"@id\":\"https:\\\/\\\/www.miamibeachfl.gov\\\/business\\\/doing-business-with-mb\\\/\",\"url\":\"https:\\\/\\\/www.miamibeachfl.gov\\\/business\\\/doing-business-with-mb\\\/\",\"name\":\"Doing Business with MB - City of Miami Beach\",\"isPartOf\":{\"@id\":\"https:\\\/\\\/www.miamibeachfl.gov\\\/#website\"},\"primaryImageOfPage\":{\"@id\":\"https:\\\/\\\/www.miamibeachfl.gov\\\/business\\\/doing-business-with-mb\\\/#primaryimage\"},\"image\":{\"@id\":\"https:\\\/\\\/www.miamibeachfl.gov\\\/business\\\/doing-business-with-mb\\\/#primaryimage\"},\"thumbnailUrl\":\"https:\\\/\\\/www.miamibeachfl.gov\\\/wp-content\\\/uploads\\\/2023\\\/01\\\/businessmen-1.jpg\",\"datePublished\":\"2022-07-13T13:02:26+00:00\",\"dateModified\":\"2026-04-01T13:31:44+00:00\",\"description\":\"%\",\"breadcrumb\":{\"@id\":\"https:\\\/\\\/www.miamibeachfl.gov\\\/business\\\/doing-business-with-mb\\\/#breadcrumb\"},\"inLanguage\":\"es\",\"potentialAction\":[{\"@type\":\"ReadAction\",\"target\":[\"https:\\\/\\\/www.miamibeachfl.gov\\\/business\\\/doing-business-with-mb\\\/\"]}]},{\"@type\":\"ImageObject\",\"inLanguage\":\"es\",\"@id\":\"https:\\\/\\\/www.miamibeachfl.gov\\\/business\\\/doing-business-with-mb\\\/#primaryimage\",\"url\":\"https:\\\/\\\/www.miamibeachfl.gov\\\/wp-content\\\/uploads\\\/2023\\\/01\\\/businessmen-1.jpg\",\"contentUrl\":\"https:\\\/\\\/www.miamibeachfl.gov\\\/wp-content\\\/uploads\\\/2023\\\/01\\\/businessmen-1.jpg\"},{\"@type\":\"BreadcrumbList\",\"@id\":\"https:\\\/\\\/www.miamibeachfl.gov\\\/business\\\/doing-business-with-mb\\\/#breadcrumb\",\"itemListElement\":[{\"@type\":\"ListItem\",\"position\":1,\"name\":\"Home\",\"item\":\"https:\\\/\\\/www.miamibeachfl.gov\\\/\"},{\"@type\":\"ListItem\",\"position\":2,\"name\":\"Business\",\"item\":\"https:\\\/\\\/www.miamibeachfl.gov\\\/business\\\/\"},{\"@type\":\"ListItem\",\"position\":3,\"name\":\"Doing Business with MB\"}]},{\"@type\":\"WebSite\",\"@id\":\"https:\\\/\\\/www.miamibeachfl.gov\\\/#website\",\"url\":\"https:\\\/\\\/www.miamibeachfl.gov\\\/\",\"name\":\"City of Miami Beach\",\"description\":\"The official website of the City of Miami Beach. Stay informed, find important information on city services, news, alerts, events, trolley routes, government employment and more.\",\"publisher\":{\"@id\":\"https:\\\/\\\/www.miamibeachfl.gov\\\/#organization\"},\"potentialAction\":[{\"@type\":\"SearchAction\",\"target\":{\"@type\":\"EntryPoint\",\"urlTemplate\":\"https:\\\/\\\/www.miamibeachfl.gov\\\/?s={search_term_string}\"},\"query-input\":{\"@type\":\"PropertyValueSpecification\",\"valueRequired\":true,\"valueName\":\"search_term_string\"}}],\"inLanguage\":\"es\"},{\"@type\":\"Organization\",\"@id\":\"https:\\\/\\\/www.miamibeachfl.gov\\\/#organization\",\"name\":\"City of Miami Beach\",\"url\":\"https:\\\/\\\/www.miamibeachfl.gov\\\/\",\"logo\":{\"@type\":\"ImageObject\",\"inLanguage\":\"es\",\"@id\":\"https:\\\/\\\/www.miamibeachfl.gov\\\/#\\\/schema\\\/logo\\\/image\\\/\",\"url\":\"https:\\\/\\\/www.miamibeachfl.gov\\\/wp-content\\\/uploads\\\/2022\\\/06\\\/miamibeach-logoblue.png\",\"contentUrl\":\"https:\\\/\\\/www.miamibeachfl.gov\\\/wp-content\\\/uploads\\\/2022\\\/06\\\/miamibeach-logoblue.png\",\"width\":1962,\"height\":381,\"caption\":\"City of Miami Beach\"},\"image\":{\"@id\":\"https:\\\/\\\/www.miamibeachfl.gov\\\/#\\\/schema\\\/logo\\\/image\\\/\"},\"sameAs\":[\"https:\\\/\\\/www.facebook.com\\\/cityofmiamibeach\",\"https:\\\/\\\/x.com\\\/Miamibeachnews\",\"https:\\\/\\\/www.instagram.com\\\/miamibeachnews\\\/\"],\"description\":\"The official website of the City of Miami Beach. Stay informed, find important information on city services, news, alerts, events, trolley routes, government employment and more.\",\"telephone\":\"305.604.CITY(2489)\",\"legalName\":\"City of Miami Beach\"}]}<\/script>\n<!-- \/ Yoast SEO Premium plugin. -->","yoast_head_json":{"title":"Haciendo negocios con MB - Ciudad de Miami Beach","description":"%","robots":{"index":"index","follow":"follow","max-snippet":"max-snippet:-1","max-image-preview":"max-image-preview:large","max-video-preview":"max-video-preview:-1"},"canonical":"https:\/\/www.miamibeachfl.gov\/es\/business\/doing-business-with-mb\/","og_locale":"es_ES","og_type":"article","og_title":"Doing Business with MB","og_description":"%","og_url":"https:\/\/www.miamibeachfl.gov\/es\/business\/doing-business-with-mb\/","og_site_name":"City of Miami Beach","article_publisher":"https:\/\/www.facebook.com\/cityofmiamibeach","article_modified_time":"2026-04-01T13:31:44+00:00","og_image":[{"url":"https:\/\/www.miamibeachfl.gov\/wp-content\/uploads\/2023\/01\/businessmen-1.jpg","type":"","width":"","height":""}],"twitter_card":"summary_large_image","twitter_site":"@Miamibeachnews","schema":{"@context":"https:\/\/schema.org","@graph":[{"@type":"WebPage","@id":"https:\/\/www.miamibeachfl.gov\/business\/doing-business-with-mb\/","url":"https:\/\/www.miamibeachfl.gov\/business\/doing-business-with-mb\/","name":"Haciendo negocios con MB - Ciudad de Miami Beach","isPartOf":{"@id":"https:\/\/www.miamibeachfl.gov\/#website"},"primaryImageOfPage":{"@id":"https:\/\/www.miamibeachfl.gov\/business\/doing-business-with-mb\/#primaryimage"},"image":{"@id":"https:\/\/www.miamibeachfl.gov\/business\/doing-business-with-mb\/#primaryimage"},"thumbnailUrl":"https:\/\/www.miamibeachfl.gov\/wp-content\/uploads\/2023\/01\/businessmen-1.jpg","datePublished":"2022-07-13T13:02:26+00:00","dateModified":"2026-04-01T13:31:44+00:00","description":"%","breadcrumb":{"@id":"https:\/\/www.miamibeachfl.gov\/business\/doing-business-with-mb\/#breadcrumb"},"inLanguage":"es","potentialAction":[{"@type":"ReadAction","target":["https:\/\/www.miamibeachfl.gov\/business\/doing-business-with-mb\/"]}]},{"@type":"ImageObject","inLanguage":"es","@id":"https:\/\/www.miamibeachfl.gov\/business\/doing-business-with-mb\/#primaryimage","url":"https:\/\/www.miamibeachfl.gov\/wp-content\/uploads\/2023\/01\/businessmen-1.jpg","contentUrl":"https:\/\/www.miamibeachfl.gov\/wp-content\/uploads\/2023\/01\/businessmen-1.jpg"},{"@type":"BreadcrumbList","@id":"https:\/\/www.miamibeachfl.gov\/business\/doing-business-with-mb\/#breadcrumb","itemListElement":[{"@type":"ListItem","position":1,"name":"Home","item":"https:\/\/www.miamibeachfl.gov\/"},{"@type":"ListItem","position":2,"name":"Business","item":"https:\/\/www.miamibeachfl.gov\/business\/"},{"@type":"ListItem","position":3,"name":"Doing Business with MB"}]},{"@type":"WebSite","@id":"https:\/\/www.miamibeachfl.gov\/#website","url":"https:\/\/www.miamibeachfl.gov\/","name":"Ciudad de Miami Beach","description":"Sitio web oficial de la Ciudad de Miami Beach. Mant\u00e9ngase informado, encuentre informaci\u00f3n importante sobre servicios municipales, noticias, alertas, eventos, rutas de tranv\u00edas, empleos gubernamentales y m\u00e1s.","publisher":{"@id":"https:\/\/www.miamibeachfl.gov\/#organization"},"potentialAction":[{"@type":"SearchAction","target":{"@type":"EntryPoint","urlTemplate":"https:\/\/www.miamibeachfl.gov\/?s={search_term_string}"},"query-input":{"@type":"PropertyValueSpecification","valueRequired":true,"valueName":"search_term_string"}}],"inLanguage":"es"},{"@type":"Organization","@id":"https:\/\/www.miamibeachfl.gov\/#organization","name":"Ciudad de Miami Beach","url":"https:\/\/www.miamibeachfl.gov\/","logo":{"@type":"ImageObject","inLanguage":"es","@id":"https:\/\/www.miamibeachfl.gov\/#\/schema\/logo\/image\/","url":"https:\/\/www.miamibeachfl.gov\/wp-content\/uploads\/2022\/06\/miamibeach-logoblue.png","contentUrl":"https:\/\/www.miamibeachfl.gov\/wp-content\/uploads\/2022\/06\/miamibeach-logoblue.png","width":1962,"height":381,"caption":"City of Miami Beach"},"image":{"@id":"https:\/\/www.miamibeachfl.gov\/#\/schema\/logo\/image\/"},"sameAs":["https:\/\/www.facebook.com\/cityofmiamibeach","https:\/\/x.com\/Miamibeachnews","https:\/\/www.instagram.com\/miamibeachnews\/"],"description":"Sitio web oficial de la Ciudad de Miami Beach. Mant\u00e9ngase informado, encuentre informaci\u00f3n importante sobre servicios municipales, noticias, alertas, eventos, rutas de tranv\u00edas, empleos gubernamentales y m\u00e1s.","telephone":"305.604.CITY(2489)","legalName":"City of Miami Beach"}]}},"_links":{"self":[{"href":"https:\/\/www.miamibeachfl.gov\/es\/wp-json\/wp\/v2\/pages\/197440","targetHints":{"allow":["GET"]}}],"collection":[{"href":"https:\/\/www.miamibeachfl.gov\/es\/wp-json\/wp\/v2\/pages"}],"about":[{"href":"https:\/\/www.miamibeachfl.gov\/es\/wp-json\/wp\/v2\/types\/page"}],"author":[{"embeddable":true,"href":"https:\/\/www.miamibeachfl.gov\/es\/wp-json\/wp\/v2\/users\/222"}],"replies":[{"embeddable":true,"href":"https:\/\/www.miamibeachfl.gov\/es\/wp-json\/wp\/v2\/comments?post=197440"}],"version-history":[{"count":4,"href":"https:\/\/www.miamibeachfl.gov\/es\/wp-json\/wp\/v2\/pages\/197440\/revisions"}],"predecessor-version":[{"id":398184,"href":"https:\/\/www.miamibeachfl.gov\/es\/wp-json\/wp\/v2\/pages\/197440\/revisions\/398184"}],"up":[{"embeddable":true,"href":"https:\/\/www.miamibeachfl.gov\/es\/wp-json\/wp\/v2\/pages\/196910"}],"wp:attachment":[{"href":"https:\/\/www.miamibeachfl.gov\/es\/wp-json\/wp\/v2\/media?parent=197440"}],"wp:term":[{"taxonomy":"category","embeddable":true,"href":"https:\/\/www.miamibeachfl.gov\/es\/wp-json\/wp\/v2\/categories?post=197440"},{"taxonomy":"post_tag","embeddable":true,"href":"https:\/\/www.miamibeachfl.gov\/es\/wp-json\/wp\/v2\/tags?post=197440"}],"curies":[{"name":"gracias","href":"https:\/\/api.w.org\/{rel}","templated":true}]}}