{"id":197442,"date":"2022-07-13T09:03:00","date_gmt":"2022-07-13T13:03:00","guid":{"rendered":"https:\/\/www.miamibeachfl.gov\/?page_id=197442"},"modified":"2026-01-15T11:04:23","modified_gmt":"2026-01-15T16:04:23","slug":"mb-community","status":"publish","type":"page","link":"https:\/\/www.miamibeachfl.gov\/es\/business\/mb-community\/","title":{"rendered":"Comunidad MB"},"content":{"rendered":"<h3>\n\t\t\tDesarrollo comunitario\t<\/h3>\n<h3>\n\t\t\tResidentes activamente comprometidos, vecindarios amigables y organizaciones comunitarias din\u00e1micas y con visi\u00f3n de futuro hacen de Miami Beach un excelente lugar para vivir, trabajar y divertirse.\t<\/h3>\n\t<p>Los comit\u00e9s y asociaciones hacen recomendaciones sobre c\u00f3mo mejorar la experiencia de los residentes y visitantes en todo Miami Beach.<\/p>\n\t<a href=\"https:\/\/www.visitespanolaway.com\/\" target=\"_blank\" rel=\"noopener\" aria-label=\"Vaya a https:\/\/www.visitespanolaway.com\/\"><\/a>\n\t\t\t<h3>Espa\u00f1ola<br \/>Asociaci\u00f3n Empresarial<\/h3>\t\t\n\t\t\t\t<img decoding=\"async\" src=\"https:\/\/www.miamibeachfl.gov\/wp-content\/uploads\/bb-plugin\/cache\/espanolaway-square.jpg\" alt=\"Espanola Way Sign on Building\" title=\"Espa\u00f1ol a distancia\" itemprop=\"image\"\/>\n\t<a href=\"https:\/\/www.miamibeachfl.gov\/es\/city-hall\/city-clerk\/boards-and-committees\/mayors-41st-street-committee\/%20\/\" target=\"_blank\" rel=\"noopener\" aria-label=\"Go to https:\/\/www.miamibeachfl.gov\/city-hall\/city-clerk\/boards-and-committees\/mayors-41st-street-committee\/%20\"><\/a>\n\t\t\t<h3>Calle 41<br \/>Comit\u00e9<\/h3>\t\t\n\t\t\t\t<img decoding=\"async\" src=\"https:\/\/www.miamibeachfl.gov\/wp-content\/uploads\/bb-plugin\/cache\/midbeachredev-square.jpg\" alt=\"Miami Beach Aerial View\" title=\"midbeachredev\" itemprop=\"image\"\/>\n\t<a href=\"https:\/\/normandyfountain.com\/\" target=\"_blank\" rel=\"noopener\" aria-label=\"Vaya a https:\/\/normandyfountain.com\/\"><\/a>\n\t\t\t<h3>Asociaci\u00f3n Empresarial de la Fuente de Normand\u00eda<\/h3>\t\t\n\t\t\t\t<img decoding=\"async\" src=\"https:\/\/www.miamibeachfl.gov\/wp-content\/uploads\/bb-plugin\/cache\/normandyfountainrevitalization-square.jpg\" alt=\"Normandy Fountain\" title=\"revitalizaci\u00f3n de la fuente de Normand\u00eda\" itemprop=\"image\"\/>\n\t\t\t\t\n\t<a href=\"https:\/\/www.miamibeachfl.gov\/es\/residents\/neighborhood-associations\/neighborhood-associations\/\" target=\"_self\"  aria-label=\"Vaya a https:\/\/www.miamibeachfl.gov\/residents\/neighborhood-associations\/neighborhood-associations\/\"><\/a>\n\t\t\t<h3>Ocean Drive<br \/>Asociaci\u00f3n<\/h3>\t\t\n\t\t\t\t<img decoding=\"async\" src=\"https:\/\/www.miamibeachfl.gov\/wp-content\/uploads\/bb-plugin\/cache\/oceandriveassociaiton-square.jpg\" alt=\"Ocean Drive\" title=\"Asociaci\u00f3n OceanDrive\" itemprop=\"image\"\/>\n\t<p>Distritos especiales donde una parte del crecimiento incremental del impuesto predial se recauda y se destina a la revitalizaci\u00f3n comunitaria. Los proyectos e iniciativas financiados por las CRA se centran en el transporte y la movilidad, la infraestructura, la resiliencia, la vivienda asequible y para la fuerza laboral, y la revitalizaci\u00f3n comunitaria y econ\u00f3mica.<\/p>\n\t\t\t\t\t\t\t<a href=\"https:\/\/www.miamibeachfl.gov\/es\/city-hall\/economic-development\/redevelopment-agency\/\" target=\"_self\">\n\t\t\t\t\t\t\t\t\t\t\t\t\t\t\t\t\t\t\t\t\t\t\t\t\t\t\t\t\t\t\t\t\t\t\t<img decoding=\"async\" src=\"https:\/\/www.miamibeachfl.gov\/wp-content\/uploads\/2026\/01\/cmbconventioncenter-square.jpg\" alt=\"Deco Drive\" \/>\n\t\t\t\t\t\t\t\t\t\t<h3>Agencia de Reurbanizaci\u00f3n de Miami Beach<\/h3>\n\t\t\t\t\t\t\t\t<p>Haga clic aqu\u00ed para obtener m\u00e1s informaci\u00f3n sobre la Agencia de Reurbanizaci\u00f3n de Miami Beach.<\/p>\t\t\t\t\t\t\t\n\t\t\t\t\t\t\t\t\t<\/a>\n\t\t\t\t\t\t\t<a href=\"https:\/\/www.miamibeachfl.gov\/es\/northbeachcra\/\" target=\"_self\">\n\t\t\t\t\t\t\t\t\t\t\t\t\t\t\t\t\t\t\t\t\t\t\t\t\t\t\t\t\t\t\t\t\t\t\t<img decoding=\"async\" src=\"https:\/\/www.miamibeachfl.gov\/wp-content\/uploads\/2026\/01\/northbeach-fountain.jpg\" alt=\"Deco Drive\" \/>\n\t\t\t\t\t\t\t\t\t\t<h3>Agencia de Reurbanizaci\u00f3n Comunitaria de North Beach<\/h3>\n\t\t\t\t\t\t\t\t<p>Obtenga m\u00e1s informaci\u00f3n sobre la Agencia de Reurbanizaci\u00f3n Comunitaria de North Beach.<\/p>\t\t\t\t\t\t\t\n\t\t\t\t\t\t\t\t\t<\/a>\n\t<p>Organizaciones dirigidas de forma privada y sancionadas p\u00fablicamente que complementan los servicios p\u00fablicos dentro de l\u00edmites geogr\u00e1ficamente definidos generando ingresos plurianuales mediante una evaluaci\u00f3n obligatoria de los propietarios de propiedades y\/o empresas locales.<\/p>\n\t\t\t\t\t\t\t<a href=\"https:\/\/lincolnrd.com\/%20\" target=\"_self\">\n\t\t\t\t\t\t\t\t\t\t\t\t\t\t\t\t\t\t\t\t\t\t\t\t\t\t\t\t\t\t\t\t\t\t\t<img decoding=\"async\" src=\"https:\/\/www.miamibeachfl.gov\/wp-content\/uploads\/2026\/01\/lincolnroadsquare.jpg\" alt=\"Deco Drive\" \/>\n\t\t\t\t\t\t\t\t\t\t<h3>Oferta de Lincoln Road<\/h3>\n\t\t\t\t\t\t\t\t<p>Haga clic aqu\u00ed para obtener m\u00e1s informaci\u00f3n sobre el BID de Lincoln Road.<\/p>\t\t\t\t\t\t\t\n\t\t\t\t\t\t\t\t\t<\/a>\n\t\t\t\t\t\t\t<a href=\"https:\/\/www.washavemb.com\/\" target=\"_self\">\n\t\t\t\t\t\t\t\t\t\t\t\t\t\t\t\t\t\t\t\t\t\t\t\t\t\t\t\t\t\t\t\t\t\t\t<img decoding=\"async\" src=\"https:\/\/www.miamibeachfl.gov\/wp-content\/uploads\/2026\/01\/washingtonavenueimprovements2.jpg\" alt=\"Deco Drive\" \/>\n\t\t\t\t\t\t\t\t\t\t<h3>BID de Washington Avenue<\/h3>\n\t\t\t\t\t\t\t\t<p>Haga clic aqu\u00ed para obtener m\u00e1s informaci\u00f3n sobre el BID de Washington Avenue.<\/p>\t\t\t\t\t\t\t\n\t\t\t\t\t\t\t\t\t<\/a>\n\t\t\t\t<a href=\"https:\/\/www.miamibeachfl.gov\/es\/sister-cities\/\"  target=\"_self\" itemprop=\"url\">\n\t\t\t\t<img decoding=\"async\" src=\"https:\/\/www.miamibeachfl.gov\/wp-content\/uploads\/2024\/11\/SisterCitiesLogo.png\" alt=\"Miami Beach Sister Cities logo\" itemprop=\"image\" height=\"532\" width=\"1934\" title=\"Logotipo de SisterCities\" onerror=\"this.style.display='none'\" loading=\"lazy\" \/>\n\t\t\t\t<\/a>\n\t<p>En ning\u00fan otro lugar es m\u00e1s evidente el lugar de nuestra ciudad en el escenario mundial que a trav\u00e9s del programa Ciudades Hermanas de Miami Beach, que ha crecido desde su creaci\u00f3n en 1959 para incluir ahora 13 ciudades asociadas globales que han forjado v\u00ednculos culturales y econ\u00f3micos formales con la ciudad.<\/p>\n<p>Estos incluyen <strong>R\u00edo de Janeiro y Fortaleza, Brasil; Santa Marta, Colombia; Brampton, Canad\u00e1; Krumlov, Rep\u00fablica Checa; Nahariya, Israel; Pescara, Italia; Fujisawa, Jap\u00f3n; Ica, Per\u00fa; Cozumel, M\u00e9xico; Almonte, Espa\u00f1a; Basilea, Suiza y Odessa, Ucrania.<\/strong><\/p>\n\t\t\t<a href=\"https:\/\/www.miamibeachfl.gov\/es\/sister-cities\/\" target=\"_self\">\n\t\t\t\t\t\tHaga clic aqu\u00ed para obtener m\u00e1s informaci\u00f3n\n\t\t\t\t\t<\/a>\n\t\t<h3>Explora todos los proyectos de la ciudad de Miami Beach.<\/h3>\n\t\t\t<a href=\"\/es\/business\/mbprojects\/\" title=\"Haga clic aqu\u00ed\" target=\"_self\"   role=\"button\" aria-label=\"Ver proyectos\">\n\t\t\t\t\t\t\t\t\t\t\tVer proyectos\n\t\t<\/a>\n<h2>\n\t\t\tMiami Beach est\u00e1 superando e invirtiendo en reducir y mitigar los desaf\u00edos sociales, econ\u00f3micos y f\u00edsicos que enfrenta nuestra comunidad costera.\t<\/h2>\n\t\t\t\t<img decoding=\"async\" src=\"https:\/\/www.miamibeachfl.gov\/wp-content\/uploads\/2023\/01\/icon-plastics.png\" alt=\"icon-plastics\" title=\"iconos-pl\u00e1sticos\" itemprop=\"image\"\/>\n\t\t<h3>MB sin pl\u00e1stico<\/h3>\t\t\t\n\t\t\t\t<p>#PlasticFreeMB presenta a empresas que han tomado medidas para reducir el uso de pl\u00e1sticos en sus establecimientos. Descubre m\u00e1s y \u00fanete al movimiento.<\/p>\n\t\t\t<a href=\"https:\/\/www.mbrisingabove.com\/climate-mitigation\/plastic-free-miami-beach\/what-is-pfmb\/\" title=\"Haga clic aqu\u00ed\" target=\"_blank\" rel=\"noopener\"  role=\"button\" aria-label=\"\u00danase a nosotros\">\n\t\t\t\t\t\t\t\u00danase a nosotros\n\t\t<\/a>\n\t\t\t\t<img decoding=\"async\" src=\"https:\/\/www.miamibeachfl.gov\/wp-content\/uploads\/2023\/01\/icon-community.png\" alt=\"icon-community\" title=\"comunidad de iconos\" itemprop=\"image\"\/>\n\t\t<h3>Resiliencia vecinal<\/h3>\t\t\t\n\t\t\t\t<p>Varios comit\u00e9s est\u00e1n presididos por residentes y comisionados para mantener la resiliencia de la comunidad frente a los impactos de un entorno cambiante.<\/p>\n\t\t\t<a href=\"https:\/\/www.mbrisingabove.com\/your-city-at-work\/advisory-committees\/\" title=\"Haga clic aqu\u00ed\" target=\"_blank\" rel=\"noopener\"  role=\"button\" aria-label=\"M\u00e1s informaci\u00f3n\">\n\t\t\t\t\t\t\tM\u00e1s informaci\u00f3n\n\t\t<\/a>\n\t\t\t\t<img decoding=\"async\" src=\"https:\/\/www.miamibeachfl.gov\/wp-content\/uploads\/2023\/01\/icon-recycle.png\" alt=\"icon-recycle\" title=\"icono-reciclaje\" itemprop=\"image\"\/>\n\t\t<h3>Haga que su negocio sea m\u00e1s ecol\u00f3gico<\/h3>\t\t\t\n\t\t\t\t<p>Medidas simples como implementar un programa de reciclaje o cambiar de pl\u00e1sticos desechables a reutilizables pueden brindar muchos beneficios al medio ambiente.<\/p>\n\t\t\t<a href=\"https:\/\/www.mbrisingabove.com\/your-business\/\" title=\"Haga clic aqu\u00ed\" target=\"_blank\" rel=\"noopener\"  role=\"button\" aria-label=\"Sea ecol\u00f3gico\">\n\t\t\t\t\t\t\tSea ecol\u00f3gico\n\t\t<\/a>\n\t\t\t\t<img decoding=\"async\" src=\"https:\/\/www.miamibeachfl.gov\/wp-content\/uploads\/2023\/01\/familyatthebeach.jpg\" alt=\"Family at the Beach\" title=\"familiaenlaplaya\" itemprop=\"image\"\/>\n\t\t<h3>\u00a1La ciudad de Miami Beach lucha por sus derechos humanos!<\/h3>\t\t\t\n\t\t\t\t<p>Conozca m\u00e1s sobre c\u00f3mo est\u00e1 protegido a trav\u00e9s de una de las ordenanzas m\u00e1s inclusivas del mundo.<\/p>\n\t\t\t<a href=\"https:\/\/www.miamibeachfl.gov\/es\/city-hall\/city-clerk\/boards-and-committees\/miami-beach-human-rights-committee\/\" title=\"Haga clic aqu\u00ed\" target=\"_blank\" rel=\"noopener\"  role=\"button\" aria-label=\"M\u00e1s informaci\u00f3n\">\n\t\t\t\t\t\t\tM\u00e1s informaci\u00f3n\n\t\t<\/a>\n\t<a href=\"\/es\/spotlight\/\" target=\"_self\"  aria-label=\"Ir a \/spotlight\/\"><\/a>\n\t\t\t\t<img decoding=\"async\" src=\"https:\/\/www.miamibeachfl.gov\/wp-content\/uploads\/2022\/07\/icon-mbbiznews.png\" alt=\"icon-mbbiznews\" title=\"icono-mbbiznews\" itemprop=\"image\"\/>\n\t\t<h3>\u00daltimas noticias<\/h3>\t\t\t\n\t\t\t\t<p>Explore nuestros boletines y art\u00edculos destacados de negocios para obtener la informaci\u00f3n y los recursos m\u00e1s recientes disponibles para nuestra comunidad empresarial.\u00a0<\/p>\n\t<a href=\"\/es\/business\/whymb\/dashboard\/\" target=\"_self\"  aria-label=\"Vaya a \/business\/whymb\/dashboard\/\"><\/a>\n\t\t\t\t<img decoding=\"async\" src=\"https:\/\/www.miamibeachfl.gov\/wp-content\/uploads\/2022\/07\/icon-bizincentives.png\" alt=\"icon-bizincentives\" title=\"incentivos de iconos\" itemprop=\"image\"\/>\n\t\t<h3>Recursos empresariales<\/h3>\t\t\t\n\t\t\t\t<p>Herramientas para ayudarle a comprender los \u00faltimos indicadores comerciales, demogr\u00e1ficos y tendencias de la industria dentro de la ciudad de Miami Beach.<\/p>\n\t<a href=\"\/es\/business\/doing-business-with-mb\/mbbiz-events\/\" target=\"_self\"  aria-label=\"Vaya a \/negocios\/haciendo-negocios-con-mb\/mbbiz-events\/\"><\/a>\n\t\t\t\t<img decoding=\"async\" src=\"https:\/\/www.miamibeachfl.gov\/wp-content\/uploads\/2022\/07\/icon-mbbicalendarincircle-2.png\" alt=\"icon-mbbicalendarincircle\" title=\"icono-mbbicalendarincircle\" itemprop=\"image\"\/>\n\t\t<h3>Pr\u00f3ximos eventos<\/h3>\t\t\t\n\t\t\t\t<p>Consulta nuestros pr\u00f3ximos eventos.<\/p>\n\t\t<h3><a href=\"tel:3056737572\"  target=\"_self\">\t\n\t305.673.7572<\/a><\/h3>\t\n\t\t<h3><a href=\"mailto:mbbiz@miamibeachfl.gov\"  target=\"_self\">\t\n\tmbbiz@miamibeachfl.gov<\/a><\/h3>\t\n\t\t<h3><a href=\"\/es\/business\/\"  target=\"_blank\"  rel=\"noopener\">\t\n\twww.MBBiz.com<\/a><\/h3>\t\n\t\t<h2>Suscr\u00edbete al bolet\u00edn de MBBiz<\/h2>\n\t\t\t\t<p>Reciba recursos y actualizaciones del Departamento de Desarrollo Econ\u00f3mico enviadas directamente a su tel\u00e9fono.<\/p>\n\t\t\t<a href=\"\/es\/mbbiznews\/\" title=\"Haga clic aqu\u00ed\" target=\"_self\"   role=\"button\" aria-label=\"Suscr\u00edbete ahora\">\n\t\t\t\t\t\t\t\t\t\t\tSuscr\u00edbete ahora\n\t\t<\/a>","protected":false},"excerpt":{"rendered":"<p>Community Development Actively engaged residents, friendly neighborhoods and dynamic, forward-thinking community organizations all make Miami Beach a great place to [&hellip;]<\/p>\n","protected":false},"author":222,"featured_media":0,"parent":196910,"menu_order":0,"comment_status":"closed","ping_status":"closed","template":"","meta":{"_searchwp_excluded":"","site-sidebar-layout":"default","site-content-layout":"","ast-site-content-layout":"default","site-content-style":"default","site-sidebar-style":"default","ast-global-header-display":"","ast-banner-title-visibility":"","ast-main-header-display":"","ast-hfb-above-header-display":"","ast-hfb-below-header-display":"","ast-hfb-mobile-header-display":"","site-post-title":"","ast-breadcrumbs-content":"","ast-featured-img":"","footer-sml-layout":"","theme-transparent-header-meta":"","adv-header-id-meta":"","stick-header-meta":"","header-above-stick-meta":"","header-main-stick-meta":"","header-below-stick-meta":"","astra-migrate-meta-layouts":"default","ast-page-background-enabled":"default","ast-page-background-meta":{"desktop":{"background-color":"var(--ast-global-color-5)","background-image":"","background-repeat":"repeat","background-position":"center center","background-size":"auto","background-attachment":"scroll","background-type":"","background-media":"","overlay-type":"","overlay-color":"","overlay-opacity":"","overlay-gradient":""},"tablet":{"background-color":"","background-image":"","background-repeat":"repeat","background-position":"center center","background-size":"auto","background-attachment":"scroll","background-type":"","background-media":"","overlay-type":"","overlay-color":"","overlay-opacity":"","overlay-gradient":""},"mobile":{"background-color":"","background-image":"","background-repeat":"repeat","background-position":"center center","background-size":"auto","background-attachment":"scroll","background-type":"","background-media":"","overlay-type":"","overlay-color":"","overlay-opacity":"","overlay-gradient":""}},"ast-content-background-meta":{"desktop":{"background-color":"var(--ast-global-color-4)","background-image":"","background-repeat":"repeat","background-position":"center center","background-size":"auto","background-attachment":"scroll","background-type":"","background-media":"","overlay-type":"","overlay-color":"","overlay-opacity":"","overlay-gradient":""},"tablet":{"background-color":"var(--ast-global-color-4)","background-image":"","background-repeat":"repeat","background-position":"center center","background-size":"auto","background-attachment":"scroll","background-type":"","background-media":"","overlay-type":"","overlay-color":"","overlay-opacity":"","overlay-gradient":""},"mobile":{"background-color":"var(--ast-global-color-4)","background-image":"","background-repeat":"repeat","background-position":"center center","background-size":"auto","background-attachment":"scroll","background-type":"","background-media":"","overlay-type":"","overlay-color":"","overlay-opacity":"","overlay-gradient":""}},"footnotes":""},"categories":[],"tags":[],"class_list":["post-197442","page","type-page","status-publish","hentry"],"yoast_head":"<!-- This site is optimized with the Yoast SEO Premium plugin v27.4 (Yoast SEO v27.4) - https:\/\/yoast.com\/product\/yoast-seo-premium-wordpress\/ -->\n<title>MB Community - City of Miami Beach<\/title>\n<meta name=\"description\" content=\"%\" \/>\n<meta name=\"robots\" content=\"index, follow, max-snippet:-1, max-image-preview:large, max-video-preview:-1\" \/>\n<link rel=\"canonical\" href=\"https:\/\/www.miamibeachfl.gov\/es\/business\/mb-community\/\" \/>\n<meta property=\"og:locale\" content=\"es_ES\" \/>\n<meta property=\"og:type\" content=\"article\" \/>\n<meta property=\"og:title\" content=\"MB Community\" \/>\n<meta property=\"og:description\" content=\"%\" \/>\n<meta property=\"og:url\" content=\"https:\/\/www.miamibeachfl.gov\/es\/business\/mb-community\/\" \/>\n<meta property=\"og:site_name\" content=\"City of Miami Beach\" \/>\n<meta property=\"article:publisher\" content=\"https:\/\/www.facebook.com\/cityofmiamibeach\" \/>\n<meta property=\"article:modified_time\" content=\"2026-01-15T16:04:23+00:00\" \/>\n<meta property=\"og:image\" content=\"https:\/\/www.miamibeachfl.gov\/wp-content\/uploads\/bb-plugin\/cache\/espanolaway-square.jpg\" \/>\n<meta name=\"twitter:card\" content=\"summary_large_image\" \/>\n<meta name=\"twitter:site\" content=\"@Miamibeachnews\" \/>\n<script type=\"application\/ld+json\" class=\"yoast-schema-graph\">{\"@context\":\"https:\\\/\\\/schema.org\",\"@graph\":[{\"@type\":\"WebPage\",\"@id\":\"https:\\\/\\\/www.miamibeachfl.gov\\\/business\\\/mb-community\\\/\",\"url\":\"https:\\\/\\\/www.miamibeachfl.gov\\\/business\\\/mb-community\\\/\",\"name\":\"MB Community - City of Miami Beach\",\"isPartOf\":{\"@id\":\"https:\\\/\\\/www.miamibeachfl.gov\\\/#website\"},\"primaryImageOfPage\":{\"@id\":\"https:\\\/\\\/www.miamibeachfl.gov\\\/business\\\/mb-community\\\/#primaryimage\"},\"image\":{\"@id\":\"https:\\\/\\\/www.miamibeachfl.gov\\\/business\\\/mb-community\\\/#primaryimage\"},\"thumbnailUrl\":\"https:\\\/\\\/www.miamibeachfl.gov\\\/wp-content\\\/uploads\\\/bb-plugin\\\/cache\\\/espanolaway-square.jpg\",\"datePublished\":\"2022-07-13T13:03:00+00:00\",\"dateModified\":\"2026-01-15T16:04:23+00:00\",\"description\":\"%\",\"breadcrumb\":{\"@id\":\"https:\\\/\\\/www.miamibeachfl.gov\\\/business\\\/mb-community\\\/#breadcrumb\"},\"inLanguage\":\"es\",\"potentialAction\":[{\"@type\":\"ReadAction\",\"target\":[\"https:\\\/\\\/www.miamibeachfl.gov\\\/business\\\/mb-community\\\/\"]}]},{\"@type\":\"ImageObject\",\"inLanguage\":\"es\",\"@id\":\"https:\\\/\\\/www.miamibeachfl.gov\\\/business\\\/mb-community\\\/#primaryimage\",\"url\":\"https:\\\/\\\/www.miamibeachfl.gov\\\/wp-content\\\/uploads\\\/bb-plugin\\\/cache\\\/espanolaway-square.jpg\",\"contentUrl\":\"https:\\\/\\\/www.miamibeachfl.gov\\\/wp-content\\\/uploads\\\/bb-plugin\\\/cache\\\/espanolaway-square.jpg\"},{\"@type\":\"BreadcrumbList\",\"@id\":\"https:\\\/\\\/www.miamibeachfl.gov\\\/business\\\/mb-community\\\/#breadcrumb\",\"itemListElement\":[{\"@type\":\"ListItem\",\"position\":1,\"name\":\"Home\",\"item\":\"https:\\\/\\\/www.miamibeachfl.gov\\\/\"},{\"@type\":\"ListItem\",\"position\":2,\"name\":\"Business\",\"item\":\"https:\\\/\\\/www.miamibeachfl.gov\\\/business\\\/\"},{\"@type\":\"ListItem\",\"position\":3,\"name\":\"MB Community\"}]},{\"@type\":\"WebSite\",\"@id\":\"https:\\\/\\\/www.miamibeachfl.gov\\\/#website\",\"url\":\"https:\\\/\\\/www.miamibeachfl.gov\\\/\",\"name\":\"City of Miami Beach\",\"description\":\"The official website of the City of Miami Beach. Stay informed, find important information on city services, news, alerts, events, trolley routes, government employment and more.\",\"publisher\":{\"@id\":\"https:\\\/\\\/www.miamibeachfl.gov\\\/#organization\"},\"potentialAction\":[{\"@type\":\"SearchAction\",\"target\":{\"@type\":\"EntryPoint\",\"urlTemplate\":\"https:\\\/\\\/www.miamibeachfl.gov\\\/?s={search_term_string}\"},\"query-input\":{\"@type\":\"PropertyValueSpecification\",\"valueRequired\":true,\"valueName\":\"search_term_string\"}}],\"inLanguage\":\"es\"},{\"@type\":\"Organization\",\"@id\":\"https:\\\/\\\/www.miamibeachfl.gov\\\/#organization\",\"name\":\"City of Miami Beach\",\"url\":\"https:\\\/\\\/www.miamibeachfl.gov\\\/\",\"logo\":{\"@type\":\"ImageObject\",\"inLanguage\":\"es\",\"@id\":\"https:\\\/\\\/www.miamibeachfl.gov\\\/#\\\/schema\\\/logo\\\/image\\\/\",\"url\":\"https:\\\/\\\/www.miamibeachfl.gov\\\/wp-content\\\/uploads\\\/2022\\\/06\\\/miamibeach-logoblue.png\",\"contentUrl\":\"https:\\\/\\\/www.miamibeachfl.gov\\\/wp-content\\\/uploads\\\/2022\\\/06\\\/miamibeach-logoblue.png\",\"width\":1962,\"height\":381,\"caption\":\"City of Miami Beach\"},\"image\":{\"@id\":\"https:\\\/\\\/www.miamibeachfl.gov\\\/#\\\/schema\\\/logo\\\/image\\\/\"},\"sameAs\":[\"https:\\\/\\\/www.facebook.com\\\/cityofmiamibeach\",\"https:\\\/\\\/x.com\\\/Miamibeachnews\",\"https:\\\/\\\/www.instagram.com\\\/miamibeachnews\\\/\"],\"description\":\"The official website of the City of Miami Beach. Stay informed, find important information on city services, news, alerts, events, trolley routes, government employment and more.\",\"telephone\":\"305.604.CITY(2489)\",\"legalName\":\"City of Miami Beach\"}]}<\/script>\n<!-- \/ Yoast SEO Premium plugin. -->","yoast_head_json":{"title":"Comunidad MB - Ciudad de Miami Beach","description":"%","robots":{"index":"index","follow":"follow","max-snippet":"max-snippet:-1","max-image-preview":"max-image-preview:large","max-video-preview":"max-video-preview:-1"},"canonical":"https:\/\/www.miamibeachfl.gov\/es\/business\/mb-community\/","og_locale":"es_ES","og_type":"article","og_title":"MB Community","og_description":"%","og_url":"https:\/\/www.miamibeachfl.gov\/es\/business\/mb-community\/","og_site_name":"City of Miami Beach","article_publisher":"https:\/\/www.facebook.com\/cityofmiamibeach","article_modified_time":"2026-01-15T16:04:23+00:00","og_image":[{"url":"https:\/\/www.miamibeachfl.gov\/wp-content\/uploads\/bb-plugin\/cache\/espanolaway-square.jpg","type":"","width":"","height":""}],"twitter_card":"summary_large_image","twitter_site":"@Miamibeachnews","schema":{"@context":"https:\/\/schema.org","@graph":[{"@type":"WebPage","@id":"https:\/\/www.miamibeachfl.gov\/business\/mb-community\/","url":"https:\/\/www.miamibeachfl.gov\/business\/mb-community\/","name":"Comunidad MB - Ciudad de Miami Beach","isPartOf":{"@id":"https:\/\/www.miamibeachfl.gov\/#website"},"primaryImageOfPage":{"@id":"https:\/\/www.miamibeachfl.gov\/business\/mb-community\/#primaryimage"},"image":{"@id":"https:\/\/www.miamibeachfl.gov\/business\/mb-community\/#primaryimage"},"thumbnailUrl":"https:\/\/www.miamibeachfl.gov\/wp-content\/uploads\/bb-plugin\/cache\/espanolaway-square.jpg","datePublished":"2022-07-13T13:03:00+00:00","dateModified":"2026-01-15T16:04:23+00:00","description":"%","breadcrumb":{"@id":"https:\/\/www.miamibeachfl.gov\/business\/mb-community\/#breadcrumb"},"inLanguage":"es","potentialAction":[{"@type":"ReadAction","target":["https:\/\/www.miamibeachfl.gov\/business\/mb-community\/"]}]},{"@type":"ImageObject","inLanguage":"es","@id":"https:\/\/www.miamibeachfl.gov\/business\/mb-community\/#primaryimage","url":"https:\/\/www.miamibeachfl.gov\/wp-content\/uploads\/bb-plugin\/cache\/espanolaway-square.jpg","contentUrl":"https:\/\/www.miamibeachfl.gov\/wp-content\/uploads\/bb-plugin\/cache\/espanolaway-square.jpg"},{"@type":"BreadcrumbList","@id":"https:\/\/www.miamibeachfl.gov\/business\/mb-community\/#breadcrumb","itemListElement":[{"@type":"ListItem","position":1,"name":"Home","item":"https:\/\/www.miamibeachfl.gov\/"},{"@type":"ListItem","position":2,"name":"Business","item":"https:\/\/www.miamibeachfl.gov\/business\/"},{"@type":"ListItem","position":3,"name":"MB Community"}]},{"@type":"WebSite","@id":"https:\/\/www.miamibeachfl.gov\/#website","url":"https:\/\/www.miamibeachfl.gov\/","name":"Ciudad de Miami Beach","description":"Sitio web oficial de la Ciudad de Miami Beach. Mant\u00e9ngase informado, encuentre informaci\u00f3n importante sobre servicios municipales, noticias, alertas, eventos, rutas de tranv\u00edas, empleos gubernamentales y m\u00e1s.","publisher":{"@id":"https:\/\/www.miamibeachfl.gov\/#organization"},"potentialAction":[{"@type":"SearchAction","target":{"@type":"EntryPoint","urlTemplate":"https:\/\/www.miamibeachfl.gov\/?s={search_term_string}"},"query-input":{"@type":"PropertyValueSpecification","valueRequired":true,"valueName":"search_term_string"}}],"inLanguage":"es"},{"@type":"Organization","@id":"https:\/\/www.miamibeachfl.gov\/#organization","name":"Ciudad de Miami Beach","url":"https:\/\/www.miamibeachfl.gov\/","logo":{"@type":"ImageObject","inLanguage":"es","@id":"https:\/\/www.miamibeachfl.gov\/#\/schema\/logo\/image\/","url":"https:\/\/www.miamibeachfl.gov\/wp-content\/uploads\/2022\/06\/miamibeach-logoblue.png","contentUrl":"https:\/\/www.miamibeachfl.gov\/wp-content\/uploads\/2022\/06\/miamibeach-logoblue.png","width":1962,"height":381,"caption":"City of Miami Beach"},"image":{"@id":"https:\/\/www.miamibeachfl.gov\/#\/schema\/logo\/image\/"},"sameAs":["https:\/\/www.facebook.com\/cityofmiamibeach","https:\/\/x.com\/Miamibeachnews","https:\/\/www.instagram.com\/miamibeachnews\/"],"description":"Sitio web oficial de la Ciudad de Miami Beach. Mant\u00e9ngase informado, encuentre informaci\u00f3n importante sobre servicios municipales, noticias, alertas, eventos, rutas de tranv\u00edas, empleos gubernamentales y m\u00e1s.","telephone":"305.604.CITY(2489)","legalName":"City of Miami Beach"}]}},"_links":{"self":[{"href":"https:\/\/www.miamibeachfl.gov\/es\/wp-json\/wp\/v2\/pages\/197442","targetHints":{"allow":["GET"]}}],"collection":[{"href":"https:\/\/www.miamibeachfl.gov\/es\/wp-json\/wp\/v2\/pages"}],"about":[{"href":"https:\/\/www.miamibeachfl.gov\/es\/wp-json\/wp\/v2\/types\/page"}],"author":[{"embeddable":true,"href":"https:\/\/www.miamibeachfl.gov\/es\/wp-json\/wp\/v2\/users\/222"}],"replies":[{"embeddable":true,"href":"https:\/\/www.miamibeachfl.gov\/es\/wp-json\/wp\/v2\/comments?post=197442"}],"version-history":[{"count":5,"href":"https:\/\/www.miamibeachfl.gov\/es\/wp-json\/wp\/v2\/pages\/197442\/revisions"}],"predecessor-version":[{"id":395096,"href":"https:\/\/www.miamibeachfl.gov\/es\/wp-json\/wp\/v2\/pages\/197442\/revisions\/395096"}],"up":[{"embeddable":true,"href":"https:\/\/www.miamibeachfl.gov\/es\/wp-json\/wp\/v2\/pages\/196910"}],"wp:attachment":[{"href":"https:\/\/www.miamibeachfl.gov\/es\/wp-json\/wp\/v2\/media?parent=197442"}],"wp:term":[{"taxonomy":"category","embeddable":true,"href":"https:\/\/www.miamibeachfl.gov\/es\/wp-json\/wp\/v2\/categories?post=197442"},{"taxonomy":"post_tag","embeddable":true,"href":"https:\/\/www.miamibeachfl.gov\/es\/wp-json\/wp\/v2\/tags?post=197442"}],"curies":[{"name":"gracias","href":"https:\/\/api.w.org\/{rel}","templated":true}]}}