{"id":199554,"date":"2022-07-28T14:35:34","date_gmt":"2022-07-28T18:35:34","guid":{"rendered":"https:\/\/www.miamibeachfl.gov\/?page_id=199554"},"modified":"2025-05-28T16:15:14","modified_gmt":"2025-05-28T20:15:14","slug":"mbhistory","status":"publish","type":"page","link":"https:\/\/www.miamibeachfl.gov\/es\/city-hall\/office-of-organizational-development\/resident-resources\/youth-commission\/mbhistory\/","title":{"rendered":"#MBHistori"},"content":{"rendered":"<img decoding=\"async\" src=\"https:\/\/www.miamibeachfl.gov\/wp-content\/uploads\/2022\/05\/icon-orgdev.png\" alt=\"Organizational Development Icon\" itemprop=\"image\" title=\"icono-orgdev\" onerror=\"this.style.display='none'\" loading='lazy' \/>\n<h3>\n\t\t\t#MBHistori\t<\/h3>\n\t<p>La Comisi\u00f3n de la Juventud\u00a0<strong><a href=\"http:\/\/www.miamibeachfl.gov\/wp-content\/uploads\/2021\/06\/Youth-Commission-History-from-MBmagazineSpring2021.pdf\">#MBHistori<\/a><\/strong> La serie ofrece cinco segmentos de 30 minutos transmitidos en vivo que se centran en el papel de los miembros de la comunidad negra, jud\u00eda, hispana y LGBTQ de Miami Beach que contribuyeron a convertirla en un destino tur\u00edstico global y un modelo de tolerancia a pesar de a\u00f1os de lo que algunos han descrito como intolerancia. El programa, #MBHistory, ser\u00e1 la base de un... <a href=\"http:\/\/www.miamibeachfl.gov\/wp-content\/uploads\/2021\/06\/TEACHERS-GUIDE-3May24.pdf\">nuevo curr\u00edculo (gu\u00eda para el profesorado)<\/a>\u00a0sobre la historia de Miami Beach que se ofrecer\u00e1 gratuitamente a las escuelas p\u00fablicas y privadas de toda la ciudad.<\/p>\n<p>Todos los segmentos est\u00e1n disponibles en el canal de YouTube de la ciudad de la siguiente manera:<\/p>\n<ul>\n<li><strong><a href=\"https:\/\/youtu.be\/ahFAgyt2TmY\">Comunidad jud\u00eda de Miami Beach<\/a><\/strong><\/li>\n<li><strong><a href=\"https:\/\/youtu.be\/nqGkuRXKEHY\">Comunidad negra de Miami Beach<\/a><\/strong><\/li>\n<li><strong><a href=\"https:\/\/youtu.be\/pTTO4TWskXs\">Comunidad hispana de Miami Beach<\/a><\/strong><\/li>\n<li><strong><a href=\"https:\/\/youtu.be\/kSMWgq9G1No\">Comunidad LGBTQ+ de Miami Beach<\/a><\/strong><\/li>\n<li><strong><a href=\"https:\/\/youtu.be\/Ebg-1xJWXdg?si=oDOGid74bQTzxsGI\">Lo que hemos aprendido<\/a><\/strong><\/li>\n<\/ul>","protected":false},"excerpt":{"rendered":"<p>#MBHistory The Youth Commission\u00a0#MBHistory series provides for five 30-minute livestreamed segments focusing on the role of Black, Jewish, Hispanic, and [&hellip;]<\/p>\n","protected":false},"author":222,"featured_media":0,"parent":190684,"menu_order":75,"comment_status":"closed","ping_status":"closed","template":"","meta":{"_searchwp_excluded":"","site-sidebar-layout":"default","site-content-layout":"","ast-site-content-layout":"default","site-content-style":"default","site-sidebar-style":"default","ast-global-header-display":"","ast-banner-title-visibility":"","ast-main-header-display":"","ast-hfb-above-header-display":"","ast-hfb-below-header-display":"","ast-hfb-mobile-header-display":"","site-post-title":"","ast-breadcrumbs-content":"","ast-featured-img":"","footer-sml-layout":"","theme-transparent-header-meta":"","adv-header-id-meta":"","stick-header-meta":"","header-above-stick-meta":"","header-main-stick-meta":"","header-below-stick-meta":"","astra-migrate-meta-layouts":"default","ast-page-background-enabled":"default","ast-page-background-meta":{"desktop":{"background-color":"var(--ast-global-color-5)","background-image":"","background-repeat":"repeat","background-position":"center center","background-size":"auto","background-attachment":"scroll","background-type":"","background-media":"","overlay-type":"","overlay-color":"","overlay-opacity":"","overlay-gradient":""},"tablet":{"background-color":"","background-image":"","background-repeat":"repeat","background-position":"center center","background-size":"auto","background-attachment":"scroll","background-type":"","background-media":"","overlay-type":"","overlay-color":"","overlay-opacity":"","overlay-gradient":""},"mobile":{"background-color":"","background-image":"","background-repeat":"repeat","background-position":"center center","background-size":"auto","background-attachment":"scroll","background-type":"","background-media":"","overlay-type":"","overlay-color":"","overlay-opacity":"","overlay-gradient":""}},"ast-content-background-meta":{"desktop":{"background-color":"var(--ast-global-color-4)","background-image":"","background-repeat":"repeat","background-position":"center center","background-size":"auto","background-attachment":"scroll","background-type":"","background-media":"","overlay-type":"","overlay-color":"","overlay-opacity":"","overlay-gradient":""},"tablet":{"background-color":"var(--ast-global-color-4)","background-image":"","background-repeat":"repeat","background-position":"center center","background-size":"auto","background-attachment":"scroll","background-type":"","background-media":"","overlay-type":"","overlay-color":"","overlay-opacity":"","overlay-gradient":""},"mobile":{"background-color":"var(--ast-global-color-4)","background-image":"","background-repeat":"repeat","background-position":"center center","background-size":"auto","background-attachment":"scroll","background-type":"","background-media":"","overlay-type":"","overlay-color":"","overlay-opacity":"","overlay-gradient":""}},"footnotes":""},"categories":[],"tags":[],"class_list":["post-199554","page","type-page","status-publish","hentry"],"yoast_head":"<!-- This site is optimized with the Yoast SEO Premium plugin v26.6 (Yoast SEO v26.6) - https:\/\/yoast.com\/wordpress\/plugins\/seo\/ -->\n<title>#MBHistory - City of Miami Beach<\/title>\n<meta name=\"description\" content=\"%\" \/>\n<meta name=\"robots\" content=\"index, follow, max-snippet:-1, max-image-preview:large, max-video-preview:-1\" \/>\n<link rel=\"canonical\" href=\"https:\/\/www.miamibeachfl.gov\/es\/city-hall\/office-of-organizational-development\/resident-resources\/youth-commission\/mbhistory\/\" \/>\n<meta property=\"og:locale\" content=\"es_ES\" \/>\n<meta property=\"og:type\" content=\"article\" \/>\n<meta property=\"og:title\" content=\"#MBHistory\" \/>\n<meta property=\"og:description\" content=\"%\" \/>\n<meta property=\"og:url\" content=\"https:\/\/www.miamibeachfl.gov\/es\/city-hall\/office-of-organizational-development\/resident-resources\/youth-commission\/mbhistory\/\" \/>\n<meta property=\"og:site_name\" content=\"City of Miami Beach\" \/>\n<meta property=\"article:publisher\" content=\"https:\/\/www.facebook.com\/cityofmiamibeach\" \/>\n<meta property=\"article:modified_time\" content=\"2025-05-28T20:15:14+00:00\" \/>\n<meta property=\"og:image\" content=\"https:\/\/www.miamibeachfl.gov\/wp-content\/uploads\/2022\/05\/icon-orgdev.png\" \/>\n<meta name=\"twitter:card\" content=\"summary_large_image\" \/>\n<meta name=\"twitter:site\" content=\"@Miamibeachnews\" \/>\n<script type=\"application\/ld+json\" class=\"yoast-schema-graph\">{\"@context\":\"https:\/\/schema.org\",\"@graph\":[{\"@type\":\"WebPage\",\"@id\":\"https:\/\/www.miamibeachfl.gov\/city-hall\/office-of-organizational-development\/resident-resources\/youth-commission\/mbhistory\/\",\"url\":\"https:\/\/www.miamibeachfl.gov\/city-hall\/office-of-organizational-development\/resident-resources\/youth-commission\/mbhistory\/\",\"name\":\"#MBHistory - City of Miami Beach\",\"isPartOf\":{\"@id\":\"https:\/\/www.miamibeachfl.gov\/#website\"},\"primaryImageOfPage\":{\"@id\":\"https:\/\/www.miamibeachfl.gov\/city-hall\/office-of-organizational-development\/resident-resources\/youth-commission\/mbhistory\/#primaryimage\"},\"image\":{\"@id\":\"https:\/\/www.miamibeachfl.gov\/city-hall\/office-of-organizational-development\/resident-resources\/youth-commission\/mbhistory\/#primaryimage\"},\"thumbnailUrl\":\"https:\/\/www.miamibeachfl.gov\/wp-content\/uploads\/2022\/05\/icon-orgdev.png\",\"datePublished\":\"2022-07-28T18:35:34+00:00\",\"dateModified\":\"2025-05-28T20:15:14+00:00\",\"description\":\"%\",\"breadcrumb\":{\"@id\":\"https:\/\/www.miamibeachfl.gov\/city-hall\/office-of-organizational-development\/resident-resources\/youth-commission\/mbhistory\/#breadcrumb\"},\"inLanguage\":\"es\",\"potentialAction\":[{\"@type\":\"ReadAction\",\"target\":[\"https:\/\/www.miamibeachfl.gov\/city-hall\/office-of-organizational-development\/resident-resources\/youth-commission\/mbhistory\/\"]}]},{\"@type\":\"ImageObject\",\"inLanguage\":\"es\",\"@id\":\"https:\/\/www.miamibeachfl.gov\/city-hall\/office-of-organizational-development\/resident-resources\/youth-commission\/mbhistory\/#primaryimage\",\"url\":\"https:\/\/www.miamibeachfl.gov\/wp-content\/uploads\/2022\/05\/icon-orgdev.png\",\"contentUrl\":\"https:\/\/www.miamibeachfl.gov\/wp-content\/uploads\/2022\/05\/icon-orgdev.png\"},{\"@type\":\"BreadcrumbList\",\"@id\":\"https:\/\/www.miamibeachfl.gov\/city-hall\/office-of-organizational-development\/resident-resources\/youth-commission\/mbhistory\/#breadcrumb\",\"itemListElement\":[{\"@type\":\"ListItem\",\"position\":1,\"name\":\"Home\",\"item\":\"https:\/\/www.miamibeachfl.gov\/\"},{\"@type\":\"ListItem\",\"position\":2,\"name\":\"City Hall\",\"item\":\"https:\/\/www.miamibeachfl.gov\/city-hall\/\"},{\"@type\":\"ListItem\",\"position\":3,\"name\":\"Education &#038; Performance Initiatives\",\"item\":\"https:\/\/www.miamibeachfl.gov\/city-hall\/office-of-organizational-development\/\"},{\"@type\":\"ListItem\",\"position\":4,\"name\":\"Resident Resources: Programs &#038; Services\",\"item\":\"https:\/\/www.miamibeachfl.gov\/city-hall\/office-of-organizational-development\/resident-resources\/\"},{\"@type\":\"ListItem\",\"position\":5,\"name\":\"Youth Commission\",\"item\":\"https:\/\/www.miamibeachfl.gov\/city-hall\/office-of-organizational-development\/resident-resources\/youth-commission\/\"},{\"@type\":\"ListItem\",\"position\":6,\"name\":\"#MBHistory\"}]},{\"@type\":\"WebSite\",\"@id\":\"https:\/\/www.miamibeachfl.gov\/#website\",\"url\":\"https:\/\/www.miamibeachfl.gov\/\",\"name\":\"City of Miami Beach\",\"description\":\"The official website of the City of Miami Beach. Stay informed, find important information on city services, news, alerts, events, trolley routes, government employment and more.\",\"publisher\":{\"@id\":\"https:\/\/www.miamibeachfl.gov\/#organization\"},\"potentialAction\":[{\"@type\":\"SearchAction\",\"target\":{\"@type\":\"EntryPoint\",\"urlTemplate\":\"https:\/\/www.miamibeachfl.gov\/?s={search_term_string}\"},\"query-input\":{\"@type\":\"PropertyValueSpecification\",\"valueRequired\":true,\"valueName\":\"search_term_string\"}}],\"inLanguage\":\"es\"},{\"@type\":\"Organization\",\"@id\":\"https:\/\/www.miamibeachfl.gov\/#organization\",\"name\":\"City of Miami Beach\",\"url\":\"https:\/\/www.miamibeachfl.gov\/\",\"logo\":{\"@type\":\"ImageObject\",\"inLanguage\":\"es\",\"@id\":\"https:\/\/www.miamibeachfl.gov\/#\/schema\/logo\/image\/\",\"url\":\"https:\/\/www.miamibeachfl.gov\/wp-content\/uploads\/2022\/06\/miamibeach-logoblue.png\",\"contentUrl\":\"https:\/\/www.miamibeachfl.gov\/wp-content\/uploads\/2022\/06\/miamibeach-logoblue.png\",\"width\":1962,\"height\":381,\"caption\":\"City of Miami Beach\"},\"image\":{\"@id\":\"https:\/\/www.miamibeachfl.gov\/#\/schema\/logo\/image\/\"},\"sameAs\":[\"https:\/\/www.facebook.com\/cityofmiamibeach\",\"https:\/\/x.com\/Miamibeachnews\",\"https:\/\/www.instagram.com\/miamibeachnews\/\"],\"description\":\"The official website of the City of Miami Beach. Stay informed, find important information on city services, news, alerts, events, trolley routes, government employment and more.\",\"telephone\":\"305.604.CITY(2489)\",\"legalName\":\"City of Miami Beach\"}]}<\/script>\n<!-- \/ Yoast SEO Premium plugin. -->","yoast_head_json":{"title":"#MBHistory - Ciudad de Miami Beach","description":"%","robots":{"index":"index","follow":"follow","max-snippet":"max-snippet:-1","max-image-preview":"max-image-preview:large","max-video-preview":"max-video-preview:-1"},"canonical":"https:\/\/www.miamibeachfl.gov\/es\/city-hall\/office-of-organizational-development\/resident-resources\/youth-commission\/mbhistory\/","og_locale":"es_ES","og_type":"article","og_title":"#MBHistory","og_description":"%","og_url":"https:\/\/www.miamibeachfl.gov\/es\/city-hall\/office-of-organizational-development\/resident-resources\/youth-commission\/mbhistory\/","og_site_name":"City of Miami Beach","article_publisher":"https:\/\/www.facebook.com\/cityofmiamibeach","article_modified_time":"2025-05-28T20:15:14+00:00","og_image":[{"url":"https:\/\/www.miamibeachfl.gov\/wp-content\/uploads\/2022\/05\/icon-orgdev.png","type":"","width":"","height":""}],"twitter_card":"summary_large_image","twitter_site":"@Miamibeachnews","schema":{"@context":"https:\/\/schema.org","@graph":[{"@type":"WebPage","@id":"https:\/\/www.miamibeachfl.gov\/city-hall\/office-of-organizational-development\/resident-resources\/youth-commission\/mbhistory\/","url":"https:\/\/www.miamibeachfl.gov\/city-hall\/office-of-organizational-development\/resident-resources\/youth-commission\/mbhistory\/","name":"#MBHistory - Ciudad de Miami Beach","isPartOf":{"@id":"https:\/\/www.miamibeachfl.gov\/#website"},"primaryImageOfPage":{"@id":"https:\/\/www.miamibeachfl.gov\/city-hall\/office-of-organizational-development\/resident-resources\/youth-commission\/mbhistory\/#primaryimage"},"image":{"@id":"https:\/\/www.miamibeachfl.gov\/city-hall\/office-of-organizational-development\/resident-resources\/youth-commission\/mbhistory\/#primaryimage"},"thumbnailUrl":"https:\/\/www.miamibeachfl.gov\/wp-content\/uploads\/2022\/05\/icon-orgdev.png","datePublished":"2022-07-28T18:35:34+00:00","dateModified":"2025-05-28T20:15:14+00:00","description":"%","breadcrumb":{"@id":"https:\/\/www.miamibeachfl.gov\/city-hall\/office-of-organizational-development\/resident-resources\/youth-commission\/mbhistory\/#breadcrumb"},"inLanguage":"es","potentialAction":[{"@type":"ReadAction","target":["https:\/\/www.miamibeachfl.gov\/city-hall\/office-of-organizational-development\/resident-resources\/youth-commission\/mbhistory\/"]}]},{"@type":"ImageObject","inLanguage":"es","@id":"https:\/\/www.miamibeachfl.gov\/city-hall\/office-of-organizational-development\/resident-resources\/youth-commission\/mbhistory\/#primaryimage","url":"https:\/\/www.miamibeachfl.gov\/wp-content\/uploads\/2022\/05\/icon-orgdev.png","contentUrl":"https:\/\/www.miamibeachfl.gov\/wp-content\/uploads\/2022\/05\/icon-orgdev.png"},{"@type":"BreadcrumbList","@id":"https:\/\/www.miamibeachfl.gov\/city-hall\/office-of-organizational-development\/resident-resources\/youth-commission\/mbhistory\/#breadcrumb","itemListElement":[{"@type":"ListItem","position":1,"name":"Home","item":"https:\/\/www.miamibeachfl.gov\/"},{"@type":"ListItem","position":2,"name":"City Hall","item":"https:\/\/www.miamibeachfl.gov\/city-hall\/"},{"@type":"ListItem","position":3,"name":"Education &#038; Performance Initiatives","item":"https:\/\/www.miamibeachfl.gov\/city-hall\/office-of-organizational-development\/"},{"@type":"ListItem","position":4,"name":"Resident Resources: Programs &#038; Services","item":"https:\/\/www.miamibeachfl.gov\/city-hall\/office-of-organizational-development\/resident-resources\/"},{"@type":"ListItem","position":5,"name":"Youth Commission","item":"https:\/\/www.miamibeachfl.gov\/city-hall\/office-of-organizational-development\/resident-resources\/youth-commission\/"},{"@type":"ListItem","position":6,"name":"#MBHistory"}]},{"@type":"WebSite","@id":"https:\/\/www.miamibeachfl.gov\/#website","url":"https:\/\/www.miamibeachfl.gov\/","name":"Ciudad de Miami Beach","description":"Sitio web oficial de la Ciudad de Miami Beach. Mant\u00e9ngase informado, encuentre informaci\u00f3n importante sobre servicios municipales, noticias, alertas, eventos, rutas de tranv\u00edas, empleos gubernamentales y m\u00e1s.","publisher":{"@id":"https:\/\/www.miamibeachfl.gov\/#organization"},"potentialAction":[{"@type":"SearchAction","target":{"@type":"EntryPoint","urlTemplate":"https:\/\/www.miamibeachfl.gov\/?s={search_term_string}"},"query-input":{"@type":"PropertyValueSpecification","valueRequired":true,"valueName":"search_term_string"}}],"inLanguage":"es"},{"@type":"Organization","@id":"https:\/\/www.miamibeachfl.gov\/#organization","name":"Ciudad de Miami Beach","url":"https:\/\/www.miamibeachfl.gov\/","logo":{"@type":"ImageObject","inLanguage":"es","@id":"https:\/\/www.miamibeachfl.gov\/#\/schema\/logo\/image\/","url":"https:\/\/www.miamibeachfl.gov\/wp-content\/uploads\/2022\/06\/miamibeach-logoblue.png","contentUrl":"https:\/\/www.miamibeachfl.gov\/wp-content\/uploads\/2022\/06\/miamibeach-logoblue.png","width":1962,"height":381,"caption":"City of Miami Beach"},"image":{"@id":"https:\/\/www.miamibeachfl.gov\/#\/schema\/logo\/image\/"},"sameAs":["https:\/\/www.facebook.com\/cityofmiamibeach","https:\/\/x.com\/Miamibeachnews","https:\/\/www.instagram.com\/miamibeachnews\/"],"description":"Sitio web oficial de la Ciudad de Miami Beach. Mant\u00e9ngase informado, encuentre informaci\u00f3n importante sobre servicios municipales, noticias, alertas, eventos, rutas de tranv\u00edas, empleos gubernamentales y m\u00e1s.","telephone":"305.604.CITY(2489)","legalName":"City of Miami Beach"}]}},"_links":{"self":[{"href":"https:\/\/www.miamibeachfl.gov\/es\/wp-json\/wp\/v2\/pages\/199554","targetHints":{"allow":["GET"]}}],"collection":[{"href":"https:\/\/www.miamibeachfl.gov\/es\/wp-json\/wp\/v2\/pages"}],"about":[{"href":"https:\/\/www.miamibeachfl.gov\/es\/wp-json\/wp\/v2\/types\/page"}],"author":[{"embeddable":true,"href":"https:\/\/www.miamibeachfl.gov\/es\/wp-json\/wp\/v2\/users\/222"}],"replies":[{"embeddable":true,"href":"https:\/\/www.miamibeachfl.gov\/es\/wp-json\/wp\/v2\/comments?post=199554"}],"version-history":[{"count":1,"href":"https:\/\/www.miamibeachfl.gov\/es\/wp-json\/wp\/v2\/pages\/199554\/revisions"}],"predecessor-version":[{"id":374480,"href":"https:\/\/www.miamibeachfl.gov\/es\/wp-json\/wp\/v2\/pages\/199554\/revisions\/374480"}],"up":[{"embeddable":true,"href":"https:\/\/www.miamibeachfl.gov\/es\/wp-json\/wp\/v2\/pages\/190684"}],"wp:attachment":[{"href":"https:\/\/www.miamibeachfl.gov\/es\/wp-json\/wp\/v2\/media?parent=199554"}],"wp:term":[{"taxonomy":"category","embeddable":true,"href":"https:\/\/www.miamibeachfl.gov\/es\/wp-json\/wp\/v2\/categories?post=199554"},{"taxonomy":"post_tag","embeddable":true,"href":"https:\/\/www.miamibeachfl.gov\/es\/wp-json\/wp\/v2\/tags?post=199554"}],"curies":[{"name":"gracias","href":"https:\/\/api.w.org\/{rel}","templated":true}]}}