{"id":201791,"date":"2022-08-25T15:47:25","date_gmt":"2022-08-25T19:47:25","guid":{"rendered":"https:\/\/www.miamibeachfl.gov\/?page_id=201791"},"modified":"2026-04-01T09:52:25","modified_gmt":"2026-04-01T13:52:25","slug":"north-beach-oceanfront-center","status":"publish","type":"page","link":"https:\/\/www.miamibeachfl.gov\/es\/2022election-info\/north-beach-oceanfront-center\/","title":{"rendered":"Centro frente al mar de North Beach"},"content":{"rendered":"<h3>\n\t\t\tInstalaciones culturales de propiedad municipal\t<\/h3>\n<h3>\n\t\t\tUNIDAD en el Centro Frente al Mar de North Beach\t<\/h3>\n\t\t\t<a href=\"https:\/\/www.miamibeachfl.gov\/es\/2022election\/\" target=\"_self\">\n\t\t\t\t\t\tVolver a las preguntas de la boleta electoral de 2022\n\t\t\t\t\t<\/a>\n\t\t\t<a href=\"https:\/\/www.miamibeachfl.gov\/wp-content\/uploads\/2022\/09\/North-Beach-Oceanfront-Center-UNIDAD.pdf\" target=\"_blank\" rel=\"noopener\">\n\t\t\t\t\t\tDescargar PDF\n\t\t\t\t\t<\/a>\n<h3>\n\t\t\tAntecedentes organizacionales\t<\/h3>\n\t<p>El North Beach Oceanfront Center es un edificio municipal ubicado en Collins Avenue, 7251. Ofrece programas y actividades recreativas a la comunidad de adultos mayores de la ciudad. <\/p>\n<p>El 14 de febrero de 2018, la Ciudad otorg\u00f3 fondos a UNIDAD de Miami Beach, Inc. (UNIDAD) para la creaci\u00f3n de programas de comidas para la comunidad de North Beach. UNIDAD complementa su programa de comidas con una variedad de programas de enriquecimiento financiados por diversas fuentes. El Departamento de Parques y Recreaci\u00f3n de la Ciudad colabora regularmente con UNIDAD para ofrecer programas adicionales. <\/p>\n<p>El Centro para Personas Mayores de North Beach es un centro que ofrece a sus residentes una gran variedad de actividades sociales. El sistema de sonido del centro es anticuado y presenta problemas debido a la mala ac\u00fastica. Adem\u00e1s, el centro podr\u00eda beneficiarse de varias mejoras para optimizar el espacio y satisfacer las necesidades program\u00e1ticas del centro. <\/p>\n\t<iframe src=\"https:\/\/www.google.com\/maps\/embed\/v1\/place?q=7251+Collins+Avenue+Miami+Beach%2C+FL&#038;key=AIzaSyD09zQ9PNDNNy9TadMuzRV_UsPUoWKntt8\" aria-hidden=\"true\" title=\"UNIDAD en el Centro Frente al Mar de North Beach\"><\/iframe>\n\t<h3>Cronograma estimado del proyecto<\/h3>\t\n\t<p>Aproximadamente 24-36 meses<\/p>\n\t<h3>Monto del proyecto<\/h3>\t\n\t<p>$1,950,000<\/p>\n<h3>\n\t\t\tLista de mejoras de capital\t<\/h3>\n\t<ul>\n<li><strong>ShapeNew Sistema de sonido y ac\u00fastica:    <\/strong><br \/>\nInstalaci\u00f3n de sistema de sonido y control ac\u00fastico en el Sal\u00f3n Comunitario del Segundo Piso. <\/li>\n<li><strong>Nuevas mesas y asientos para la sala comunitaria:   <\/strong><br \/>\nComprar 12 nuevas mesas redondas y asientos para 120 personas mayores para el Centro para personas mayores de North Beach. <\/li>\n<li><strong>Ampliaci\u00f3n de Cocina de Catering:  <\/strong><br \/>\nAmpliar y modernizar la cocina de catering y el equipamiento de catering para el programa de comidas para personas mayores. <\/li>\n<li><strong>Restauraci\u00f3n de la hist\u00f3rica Coral Rock House (sede del Centro Comunitario Hispano de Miami Beach):   <\/strong><br \/>\nRehabilitaci\u00f3n y restauraci\u00f3n de la hist\u00f3rica Coral Rock House, 1701 Normandy Drive  <\/li>\n<\/ul>","protected":false},"excerpt":{"rendered":"<p>City-Owned Cultural Facilties UNIDAD at the North Beach Oceanfront Center Return to Election 2022 Ballot Questions Download PDF Organizational Background [&hellip;]<\/p>\n","protected":false},"author":222,"featured_media":0,"parent":200517,"menu_order":178,"comment_status":"closed","ping_status":"closed","template":"","meta":{"_searchwp_excluded":"","site-sidebar-layout":"default","site-content-layout":"","ast-site-content-layout":"default","site-content-style":"default","site-sidebar-style":"default","ast-global-header-display":"","ast-banner-title-visibility":"","ast-main-header-display":"","ast-hfb-above-header-display":"","ast-hfb-below-header-display":"","ast-hfb-mobile-header-display":"","site-post-title":"","ast-breadcrumbs-content":"","ast-featured-img":"","footer-sml-layout":"","theme-transparent-header-meta":"","adv-header-id-meta":"","stick-header-meta":"","header-above-stick-meta":"","header-main-stick-meta":"","header-below-stick-meta":"","astra-migrate-meta-layouts":"default","ast-page-background-enabled":"default","ast-page-background-meta":{"desktop":{"background-color":"var(--ast-global-color-5)","background-image":"","background-repeat":"repeat","background-position":"center center","background-size":"auto","background-attachment":"scroll","background-type":"","background-media":"","overlay-type":"","overlay-color":"","overlay-opacity":"","overlay-gradient":""},"tablet":{"background-color":"","background-image":"","background-repeat":"repeat","background-position":"center center","background-size":"auto","background-attachment":"scroll","background-type":"","background-media":"","overlay-type":"","overlay-color":"","overlay-opacity":"","overlay-gradient":""},"mobile":{"background-color":"","background-image":"","background-repeat":"repeat","background-position":"center center","background-size":"auto","background-attachment":"scroll","background-type":"","background-media":"","overlay-type":"","overlay-color":"","overlay-opacity":"","overlay-gradient":""}},"ast-content-background-meta":{"desktop":{"background-color":"var(--ast-global-color-4)","background-image":"","background-repeat":"repeat","background-position":"center center","background-size":"auto","background-attachment":"scroll","background-type":"","background-media":"","overlay-type":"","overlay-color":"","overlay-opacity":"","overlay-gradient":""},"tablet":{"background-color":"var(--ast-global-color-4)","background-image":"","background-repeat":"repeat","background-position":"center center","background-size":"auto","background-attachment":"scroll","background-type":"","background-media":"","overlay-type":"","overlay-color":"","overlay-opacity":"","overlay-gradient":""},"mobile":{"background-color":"var(--ast-global-color-4)","background-image":"","background-repeat":"repeat","background-position":"center center","background-size":"auto","background-attachment":"scroll","background-type":"","background-media":"","overlay-type":"","overlay-color":"","overlay-opacity":"","overlay-gradient":""}},"footnotes":""},"categories":[],"tags":[],"class_list":["post-201791","page","type-page","status-publish","hentry"],"yoast_head":"<!-- This site is optimized with the Yoast SEO Premium plugin v27.4 (Yoast SEO v27.4) - https:\/\/yoast.com\/product\/yoast-seo-premium-wordpress\/ -->\n<title>North Beach Oceanfront Center - City of Miami Beach<\/title>\n<meta name=\"description\" content=\"%\" \/>\n<meta name=\"robots\" content=\"index, follow, max-snippet:-1, max-image-preview:large, max-video-preview:-1\" \/>\n<link rel=\"canonical\" href=\"https:\/\/www.miamibeachfl.gov\/es\/2022election-info\/north-beach-oceanfront-center\/\" \/>\n<meta property=\"og:locale\" content=\"es_ES\" \/>\n<meta property=\"og:type\" content=\"article\" \/>\n<meta property=\"og:title\" content=\"North Beach Oceanfront Center\" \/>\n<meta property=\"og:description\" content=\"%\" \/>\n<meta property=\"og:url\" content=\"https:\/\/www.miamibeachfl.gov\/es\/2022election-info\/north-beach-oceanfront-center\/\" \/>\n<meta property=\"og:site_name\" content=\"City of Miami Beach\" \/>\n<meta property=\"article:publisher\" content=\"https:\/\/www.facebook.com\/cityofmiamibeach\" \/>\n<meta property=\"article:modified_time\" content=\"2026-04-01T13:52:25+00:00\" \/>\n<meta property=\"og:image\" content=\"https:\/\/www.miamibeachfl.gov\/wp-content\/uploads\/2024\/01\/1000pxSquare-miamibeach-aerial-southpointview.jpeg\" \/>\n\t<meta property=\"og:image:width\" content=\"1000\" \/>\n\t<meta property=\"og:image:height\" content=\"1000\" \/>\n\t<meta property=\"og:image:type\" content=\"image\/jpeg\" \/>\n<meta name=\"twitter:card\" content=\"summary_large_image\" \/>\n<meta name=\"twitter:site\" content=\"@Miamibeachnews\" \/>\n<script type=\"application\/ld+json\" class=\"yoast-schema-graph\">{\"@context\":\"https:\\\/\\\/schema.org\",\"@graph\":[{\"@type\":\"WebPage\",\"@id\":\"https:\\\/\\\/www.miamibeachfl.gov\\\/2022election-info\\\/north-beach-oceanfront-center\\\/\",\"url\":\"https:\\\/\\\/www.miamibeachfl.gov\\\/2022election-info\\\/north-beach-oceanfront-center\\\/\",\"name\":\"North Beach Oceanfront Center - City of Miami Beach\",\"isPartOf\":{\"@id\":\"https:\\\/\\\/www.miamibeachfl.gov\\\/#website\"},\"datePublished\":\"2022-08-25T19:47:25+00:00\",\"dateModified\":\"2026-04-01T13:52:25+00:00\",\"description\":\"%\",\"breadcrumb\":{\"@id\":\"https:\\\/\\\/www.miamibeachfl.gov\\\/2022election-info\\\/north-beach-oceanfront-center\\\/#breadcrumb\"},\"inLanguage\":\"es\",\"potentialAction\":[{\"@type\":\"ReadAction\",\"target\":[\"https:\\\/\\\/www.miamibeachfl.gov\\\/2022election-info\\\/north-beach-oceanfront-center\\\/\"]}]},{\"@type\":\"BreadcrumbList\",\"@id\":\"https:\\\/\\\/www.miamibeachfl.gov\\\/2022election-info\\\/north-beach-oceanfront-center\\\/#breadcrumb\",\"itemListElement\":[{\"@type\":\"ListItem\",\"position\":1,\"name\":\"Home\",\"item\":\"https:\\\/\\\/www.miamibeachfl.gov\\\/\"},{\"@type\":\"ListItem\",\"position\":2,\"name\":\"2022 Election\",\"item\":\"https:\\\/\\\/www.miamibeachfl.gov\\\/2022election-info\\\/\"},{\"@type\":\"ListItem\",\"position\":3,\"name\":\"North Beach Oceanfront Center\"}]},{\"@type\":\"WebSite\",\"@id\":\"https:\\\/\\\/www.miamibeachfl.gov\\\/#website\",\"url\":\"https:\\\/\\\/www.miamibeachfl.gov\\\/\",\"name\":\"City of Miami Beach\",\"description\":\"The official website of the City of Miami Beach. Stay informed, find important information on city services, news, alerts, events, trolley routes, government employment and more.\",\"publisher\":{\"@id\":\"https:\\\/\\\/www.miamibeachfl.gov\\\/#organization\"},\"potentialAction\":[{\"@type\":\"SearchAction\",\"target\":{\"@type\":\"EntryPoint\",\"urlTemplate\":\"https:\\\/\\\/www.miamibeachfl.gov\\\/?s={search_term_string}\"},\"query-input\":{\"@type\":\"PropertyValueSpecification\",\"valueRequired\":true,\"valueName\":\"search_term_string\"}}],\"inLanguage\":\"es\"},{\"@type\":\"Organization\",\"@id\":\"https:\\\/\\\/www.miamibeachfl.gov\\\/#organization\",\"name\":\"City of Miami Beach\",\"url\":\"https:\\\/\\\/www.miamibeachfl.gov\\\/\",\"logo\":{\"@type\":\"ImageObject\",\"inLanguage\":\"es\",\"@id\":\"https:\\\/\\\/www.miamibeachfl.gov\\\/#\\\/schema\\\/logo\\\/image\\\/\",\"url\":\"https:\\\/\\\/www.miamibeachfl.gov\\\/wp-content\\\/uploads\\\/2022\\\/06\\\/miamibeach-logoblue.png\",\"contentUrl\":\"https:\\\/\\\/www.miamibeachfl.gov\\\/wp-content\\\/uploads\\\/2022\\\/06\\\/miamibeach-logoblue.png\",\"width\":1962,\"height\":381,\"caption\":\"City of Miami Beach\"},\"image\":{\"@id\":\"https:\\\/\\\/www.miamibeachfl.gov\\\/#\\\/schema\\\/logo\\\/image\\\/\"},\"sameAs\":[\"https:\\\/\\\/www.facebook.com\\\/cityofmiamibeach\",\"https:\\\/\\\/x.com\\\/Miamibeachnews\",\"https:\\\/\\\/www.instagram.com\\\/miamibeachnews\\\/\"],\"description\":\"The official website of the City of Miami Beach. Stay informed, find important information on city services, news, alerts, events, trolley routes, government employment and more.\",\"telephone\":\"305.604.CITY(2489)\",\"legalName\":\"City of Miami Beach\"}]}<\/script>\n<!-- \/ Yoast SEO Premium plugin. -->","yoast_head_json":{"title":"North Beach Oceanfront Center - Ciudad de Miami Beach","description":"%","robots":{"index":"index","follow":"follow","max-snippet":"max-snippet:-1","max-image-preview":"max-image-preview:large","max-video-preview":"max-video-preview:-1"},"canonical":"https:\/\/www.miamibeachfl.gov\/es\/2022election-info\/north-beach-oceanfront-center\/","og_locale":"es_ES","og_type":"article","og_title":"North Beach Oceanfront Center","og_description":"%","og_url":"https:\/\/www.miamibeachfl.gov\/es\/2022election-info\/north-beach-oceanfront-center\/","og_site_name":"City of Miami Beach","article_publisher":"https:\/\/www.facebook.com\/cityofmiamibeach","article_modified_time":"2026-04-01T13:52:25+00:00","og_image":[{"width":1000,"height":1000,"url":"https:\/\/www.miamibeachfl.gov\/wp-content\/uploads\/2024\/01\/1000pxSquare-miamibeach-aerial-southpointview.jpeg","type":"image\/jpeg"}],"twitter_card":"summary_large_image","twitter_site":"@Miamibeachnews","schema":{"@context":"https:\/\/schema.org","@graph":[{"@type":"WebPage","@id":"https:\/\/www.miamibeachfl.gov\/2022election-info\/north-beach-oceanfront-center\/","url":"https:\/\/www.miamibeachfl.gov\/2022election-info\/north-beach-oceanfront-center\/","name":"North Beach Oceanfront Center - Ciudad de Miami Beach","isPartOf":{"@id":"https:\/\/www.miamibeachfl.gov\/#website"},"datePublished":"2022-08-25T19:47:25+00:00","dateModified":"2026-04-01T13:52:25+00:00","description":"%","breadcrumb":{"@id":"https:\/\/www.miamibeachfl.gov\/2022election-info\/north-beach-oceanfront-center\/#breadcrumb"},"inLanguage":"es","potentialAction":[{"@type":"ReadAction","target":["https:\/\/www.miamibeachfl.gov\/2022election-info\/north-beach-oceanfront-center\/"]}]},{"@type":"BreadcrumbList","@id":"https:\/\/www.miamibeachfl.gov\/2022election-info\/north-beach-oceanfront-center\/#breadcrumb","itemListElement":[{"@type":"ListItem","position":1,"name":"Home","item":"https:\/\/www.miamibeachfl.gov\/"},{"@type":"ListItem","position":2,"name":"2022 Election","item":"https:\/\/www.miamibeachfl.gov\/2022election-info\/"},{"@type":"ListItem","position":3,"name":"North Beach Oceanfront Center"}]},{"@type":"WebSite","@id":"https:\/\/www.miamibeachfl.gov\/#website","url":"https:\/\/www.miamibeachfl.gov\/","name":"Ciudad de Miami Beach","description":"Sitio web oficial de la Ciudad de Miami Beach. Mant\u00e9ngase informado, encuentre informaci\u00f3n importante sobre servicios municipales, noticias, alertas, eventos, rutas de tranv\u00edas, empleos gubernamentales y m\u00e1s.","publisher":{"@id":"https:\/\/www.miamibeachfl.gov\/#organization"},"potentialAction":[{"@type":"SearchAction","target":{"@type":"EntryPoint","urlTemplate":"https:\/\/www.miamibeachfl.gov\/?s={search_term_string}"},"query-input":{"@type":"PropertyValueSpecification","valueRequired":true,"valueName":"search_term_string"}}],"inLanguage":"es"},{"@type":"Organization","@id":"https:\/\/www.miamibeachfl.gov\/#organization","name":"Ciudad de Miami Beach","url":"https:\/\/www.miamibeachfl.gov\/","logo":{"@type":"ImageObject","inLanguage":"es","@id":"https:\/\/www.miamibeachfl.gov\/#\/schema\/logo\/image\/","url":"https:\/\/www.miamibeachfl.gov\/wp-content\/uploads\/2022\/06\/miamibeach-logoblue.png","contentUrl":"https:\/\/www.miamibeachfl.gov\/wp-content\/uploads\/2022\/06\/miamibeach-logoblue.png","width":1962,"height":381,"caption":"City of Miami Beach"},"image":{"@id":"https:\/\/www.miamibeachfl.gov\/#\/schema\/logo\/image\/"},"sameAs":["https:\/\/www.facebook.com\/cityofmiamibeach","https:\/\/x.com\/Miamibeachnews","https:\/\/www.instagram.com\/miamibeachnews\/"],"description":"Sitio web oficial de la Ciudad de Miami Beach. Mant\u00e9ngase informado, encuentre informaci\u00f3n importante sobre servicios municipales, noticias, alertas, eventos, rutas de tranv\u00edas, empleos gubernamentales y m\u00e1s.","telephone":"305.604.CITY(2489)","legalName":"City of Miami Beach"}]}},"_links":{"self":[{"href":"https:\/\/www.miamibeachfl.gov\/es\/wp-json\/wp\/v2\/pages\/201791","targetHints":{"allow":["GET"]}}],"collection":[{"href":"https:\/\/www.miamibeachfl.gov\/es\/wp-json\/wp\/v2\/pages"}],"about":[{"href":"https:\/\/www.miamibeachfl.gov\/es\/wp-json\/wp\/v2\/types\/page"}],"author":[{"embeddable":true,"href":"https:\/\/www.miamibeachfl.gov\/es\/wp-json\/wp\/v2\/users\/222"}],"replies":[{"embeddable":true,"href":"https:\/\/www.miamibeachfl.gov\/es\/wp-json\/wp\/v2\/comments?post=201791"}],"version-history":[{"count":2,"href":"https:\/\/www.miamibeachfl.gov\/es\/wp-json\/wp\/v2\/pages\/201791\/revisions"}],"predecessor-version":[{"id":398197,"href":"https:\/\/www.miamibeachfl.gov\/es\/wp-json\/wp\/v2\/pages\/201791\/revisions\/398197"}],"up":[{"embeddable":true,"href":"https:\/\/www.miamibeachfl.gov\/es\/wp-json\/wp\/v2\/pages\/200517"}],"wp:attachment":[{"href":"https:\/\/www.miamibeachfl.gov\/es\/wp-json\/wp\/v2\/media?parent=201791"}],"wp:term":[{"taxonomy":"category","embeddable":true,"href":"https:\/\/www.miamibeachfl.gov\/es\/wp-json\/wp\/v2\/categories?post=201791"},{"taxonomy":"post_tag","embeddable":true,"href":"https:\/\/www.miamibeachfl.gov\/es\/wp-json\/wp\/v2\/tags?post=201791"}],"curies":[{"name":"gracias","href":"https:\/\/api.w.org\/{rel}","templated":true}]}}