{"id":201815,"date":"2022-08-25T16:09:20","date_gmt":"2022-08-25T20:09:20","guid":{"rendered":"https:\/\/www.miamibeachfl.gov\/?page_id=201815"},"modified":"2025-12-31T16:22:26","modified_gmt":"2025-12-31T21:22:26","slug":"the-jewish-museum-of-florida-fiu","status":"publish","type":"page","link":"https:\/\/www.miamibeachfl.gov\/es\/2022election-info\/the-jewish-museum-of-florida-fiu\/","title":{"rendered":"El Museo Jud\u00edo de Florida-FIU"},"content":{"rendered":"<h3>\n\t\t\tOtros equipamientos culturales (de propiedad estatal)\t<\/h3>\n<h3>\n\t\t\tEl Museo Jud\u00edo de Florida-FIU\t<\/h3>\n\t\t\t<a href=\"https:\/\/www.miamibeachfl.gov\/es\/2022election\/\" target=\"_self\">\n\t\t\t\t\t\tVolver a las preguntas de la boleta electoral de 2022\n\t\t\t\t\t<\/a>\n\t\t\t<a href=\"https:\/\/www.miamibeachfl.gov\/wp-content\/uploads\/2022\/09\/Jewish-Museum-of-Florida-FIU.pdf\" target=\"_blank\" rel=\"noopener\">\n\t\t\t\t\t\tDescargar PDF\n\t\t\t\t\t<\/a>\n<h3>\n\t\t\tAntecedentes organizacionales\t<\/h3>\n\t<p>El Museo Jud\u00edo de Florida-FILI (JMOF-FIU) comparte la historia, el arte y la cultura jud\u00eda de Florida con todos los miembros de la vibrante comunidad de Miami Beach. El objetivo de la organizaci\u00f3n es explorar e ilustrar la riqueza y diversidad de la vida jud\u00eda, as\u00ed como las singulares maneras en que los jud\u00edos de Florida influyen y son influenciados por la din\u00e1mica hist\u00f3rica y cultural de Florida, la naci\u00f3n y el mundo. El JMOF-FIU tambi\u00e9n se dedica a la educaci\u00f3n multicultural y, a trav\u00e9s de la historia jud\u00eda de Florida, busca visibilizar los problemas de discriminaci\u00f3n contra todas las personas marginadas. Mediante exposiciones, programas p\u00fablicos y una extensa colecci\u00f3n de archivos, el JMOF-FIU busca demostrar c\u00f3mo los desaf\u00edos de la experiencia inmigrante son compartidos por todos los grupos \u00e9tnicos de Florida. <\/p>\n\t<iframe src=\"https:\/\/www.google.com\/maps\/embed\/v1\/place?q=301+Washington+Avenue+Miami+Beach%2C+FL&#038;key=AIzaSyD09zQ9PNDNNy9TadMuzRV_UsPUoWKntt8\" aria-hidden=\"true\" title=\"El Museo Jud\u00edo de Florida-FIU\"><\/iframe>\n\t<h3>Cronograma estimado del proyecto<\/h3>\t\n\t<p>Aproximadamente 24 meses<\/p>\n\t<h3>Monto del proyecto<\/h3>\t\n\t<p>$750,000<\/p>\n\t<h3>El Museo Jud\u00edo de Florida-FIU<\/h3><p><strong><a href=\"http:\/\/www.jmof.fiu.edu\/\">Visite www.jmof.fiu.edu para obtener informaci\u00f3n adicional.<\/a><\/strong><\/p>\n<h3>\n\t\t\tLista de mejoras de capital\t<\/h3>\n\t<ul>\n<li><strong>ILUMINACI\u00d3N LED<\/strong><br \/>\nEl dise\u00f1o e instalaci\u00f3n de un nuevo sistema de iluminaci\u00f3n LED en cada una de nuestras tres galer\u00edas.  <\/li>\n<li><strong>REPARACI\u00d3N Y PINTURA  <\/strong><br \/>\nReparaci\u00f3n y mejora de paredes exteriores, incluyendo pintura, reparaci\u00f3n de nuestras barandillas hist\u00f3ricas e instalaci\u00f3n de una rampa accesible para sillas de ruedas en el frente del museo. <\/li>\n<li><strong>ILUMINACI\u00d3N EXTERIOR  <\/strong><br \/>\nInstalaci\u00f3n de un nuevo sistema de iluminaci\u00f3n exterior y paisajismo adicional para resaltar la belleza y el significado del edificio hist\u00f3rico en el vecindario South of Fifth y para mayor seguridad. <\/li>\n<li><strong>PUERTAS DE SEGURIDAD   <\/strong><br \/>\nInstalaci\u00f3n de portones de seguridad para estacionamientos. <\/li>\n<li><strong>DEPARTAMENTO DE COLECCIONES DE RECONSTRUCCI\u00d3N   <\/strong><br \/>\nDise\u00f1o y remodelaci\u00f3n de nuestro departamento de colecciones y almacenaje. <\/li>\n<\/ul>","protected":false},"excerpt":{"rendered":"<p>Otras instalaciones culturales (propiedad del estado) El Museo Jud\u00edo de Florida-FIU Volver a las preguntas de la boleta electoral de las elecciones de 2022 Descargar PDF Antecedentes de la organizaci\u00f3n El [\u2026]<\/p>","protected":false},"author":222,"featured_media":0,"parent":200517,"menu_order":178,"comment_status":"closed","ping_status":"closed","template":"","meta":{"_searchwp_excluded":"","site-sidebar-layout":"default","site-content-layout":"","ast-site-content-layout":"default","site-content-style":"default","site-sidebar-style":"default","ast-global-header-display":"","ast-banner-title-visibility":"","ast-main-header-display":"","ast-hfb-above-header-display":"","ast-hfb-below-header-display":"","ast-hfb-mobile-header-display":"","site-post-title":"","ast-breadcrumbs-content":"","ast-featured-img":"","footer-sml-layout":"","theme-transparent-header-meta":"","adv-header-id-meta":"","stick-header-meta":"","header-above-stick-meta":"","header-main-stick-meta":"","header-below-stick-meta":"","astra-migrate-meta-layouts":"default","ast-page-background-enabled":"default","ast-page-background-meta":{"desktop":{"background-color":"var(--ast-global-color-5)","background-image":"","background-repeat":"repeat","background-position":"center center","background-size":"auto","background-attachment":"scroll","background-type":"","background-media":"","overlay-type":"","overlay-color":"","overlay-opacity":"","overlay-gradient":""},"tablet":{"background-color":"","background-image":"","background-repeat":"repeat","background-position":"center center","background-size":"auto","background-attachment":"scroll","background-type":"","background-media":"","overlay-type":"","overlay-color":"","overlay-opacity":"","overlay-gradient":""},"mobile":{"background-color":"","background-image":"","background-repeat":"repeat","background-position":"center center","background-size":"auto","background-attachment":"scroll","background-type":"","background-media":"","overlay-type":"","overlay-color":"","overlay-opacity":"","overlay-gradient":""}},"ast-content-background-meta":{"desktop":{"background-color":"var(--ast-global-color-4)","background-image":"","background-repeat":"repeat","background-position":"center center","background-size":"auto","background-attachment":"scroll","background-type":"","background-media":"","overlay-type":"","overlay-color":"","overlay-opacity":"","overlay-gradient":""},"tablet":{"background-color":"var(--ast-global-color-4)","background-image":"","background-repeat":"repeat","background-position":"center center","background-size":"auto","background-attachment":"scroll","background-type":"","background-media":"","overlay-type":"","overlay-color":"","overlay-opacity":"","overlay-gradient":""},"mobile":{"background-color":"var(--ast-global-color-4)","background-image":"","background-repeat":"repeat","background-position":"center center","background-size":"auto","background-attachment":"scroll","background-type":"","background-media":"","overlay-type":"","overlay-color":"","overlay-opacity":"","overlay-gradient":""}},"footnotes":""},"categories":[],"tags":[],"class_list":["post-201815","page","type-page","status-publish","hentry"],"yoast_head":"<!-- This site is optimized with the Yoast SEO Premium plugin v26.6 (Yoast SEO v26.6) - https:\/\/yoast.com\/wordpress\/plugins\/seo\/ -->\n<title>The Jewish Museum of Florida-FIU - City of Miami Beach<\/title>\n<meta name=\"description\" content=\"%\" \/>\n<meta name=\"robots\" content=\"index, follow, max-snippet:-1, max-image-preview:large, max-video-preview:-1\" \/>\n<link rel=\"canonical\" href=\"https:\/\/www.miamibeachfl.gov\/es\/2022election-info\/the-jewish-museum-of-florida-fiu\/\" \/>\n<meta property=\"og:locale\" content=\"es_ES\" \/>\n<meta property=\"og:type\" content=\"article\" \/>\n<meta property=\"og:title\" content=\"The Jewish Museum of Florida-FIU\" \/>\n<meta property=\"og:description\" content=\"%\" \/>\n<meta property=\"og:url\" content=\"https:\/\/www.miamibeachfl.gov\/es\/2022election-info\/the-jewish-museum-of-florida-fiu\/\" \/>\n<meta property=\"og:site_name\" content=\"City of Miami Beach\" \/>\n<meta property=\"article:publisher\" content=\"https:\/\/www.facebook.com\/cityofmiamibeach\" \/>\n<meta property=\"article:modified_time\" content=\"2025-12-31T21:22:26+00:00\" \/>\n<meta property=\"og:image\" content=\"https:\/\/www.miamibeachfl.gov\/wp-content\/uploads\/2024\/01\/1000pxSquare-miamibeach-aerial-southpointview.jpeg\" \/>\n\t<meta property=\"og:image:width\" content=\"1000\" \/>\n\t<meta property=\"og:image:height\" content=\"1000\" \/>\n\t<meta property=\"og:image:type\" content=\"image\/jpeg\" \/>\n<meta name=\"twitter:card\" content=\"summary_large_image\" \/>\n<meta name=\"twitter:site\" content=\"@Miamibeachnews\" \/>\n<script type=\"application\/ld+json\" class=\"yoast-schema-graph\">{\"@context\":\"https:\/\/schema.org\",\"@graph\":[{\"@type\":\"WebPage\",\"@id\":\"https:\/\/www.miamibeachfl.gov\/2022election-info\/the-jewish-museum-of-florida-fiu\/\",\"url\":\"https:\/\/www.miamibeachfl.gov\/2022election-info\/the-jewish-museum-of-florida-fiu\/\",\"name\":\"The Jewish Museum of Florida-FIU - City of Miami Beach\",\"isPartOf\":{\"@id\":\"https:\/\/www.miamibeachfl.gov\/#website\"},\"datePublished\":\"2022-08-25T20:09:20+00:00\",\"dateModified\":\"2025-12-31T21:22:26+00:00\",\"description\":\"%\",\"breadcrumb\":{\"@id\":\"https:\/\/www.miamibeachfl.gov\/2022election-info\/the-jewish-museum-of-florida-fiu\/#breadcrumb\"},\"inLanguage\":\"es\",\"potentialAction\":[{\"@type\":\"ReadAction\",\"target\":[\"https:\/\/www.miamibeachfl.gov\/2022election-info\/the-jewish-museum-of-florida-fiu\/\"]}]},{\"@type\":\"BreadcrumbList\",\"@id\":\"https:\/\/www.miamibeachfl.gov\/2022election-info\/the-jewish-museum-of-florida-fiu\/#breadcrumb\",\"itemListElement\":[{\"@type\":\"ListItem\",\"position\":1,\"name\":\"Home\",\"item\":\"https:\/\/www.miamibeachfl.gov\/\"},{\"@type\":\"ListItem\",\"position\":2,\"name\":\"2022 Election\",\"item\":\"https:\/\/www.miamibeachfl.gov\/2022election-info\/\"},{\"@type\":\"ListItem\",\"position\":3,\"name\":\"The Jewish Museum of Florida-FIU\"}]},{\"@type\":\"WebSite\",\"@id\":\"https:\/\/www.miamibeachfl.gov\/#website\",\"url\":\"https:\/\/www.miamibeachfl.gov\/\",\"name\":\"City of Miami Beach\",\"description\":\"The official website of the City of Miami Beach. Stay informed, find important information on city services, news, alerts, events, trolley routes, government employment and more.\",\"publisher\":{\"@id\":\"https:\/\/www.miamibeachfl.gov\/#organization\"},\"potentialAction\":[{\"@type\":\"SearchAction\",\"target\":{\"@type\":\"EntryPoint\",\"urlTemplate\":\"https:\/\/www.miamibeachfl.gov\/?s={search_term_string}\"},\"query-input\":{\"@type\":\"PropertyValueSpecification\",\"valueRequired\":true,\"valueName\":\"search_term_string\"}}],\"inLanguage\":\"es\"},{\"@type\":\"Organization\",\"@id\":\"https:\/\/www.miamibeachfl.gov\/#organization\",\"name\":\"City of Miami Beach\",\"url\":\"https:\/\/www.miamibeachfl.gov\/\",\"logo\":{\"@type\":\"ImageObject\",\"inLanguage\":\"es\",\"@id\":\"https:\/\/www.miamibeachfl.gov\/#\/schema\/logo\/image\/\",\"url\":\"https:\/\/www.miamibeachfl.gov\/wp-content\/uploads\/2022\/06\/miamibeach-logoblue.png\",\"contentUrl\":\"https:\/\/www.miamibeachfl.gov\/wp-content\/uploads\/2022\/06\/miamibeach-logoblue.png\",\"width\":1962,\"height\":381,\"caption\":\"City of Miami Beach\"},\"image\":{\"@id\":\"https:\/\/www.miamibeachfl.gov\/#\/schema\/logo\/image\/\"},\"sameAs\":[\"https:\/\/www.facebook.com\/cityofmiamibeach\",\"https:\/\/x.com\/Miamibeachnews\",\"https:\/\/www.instagram.com\/miamibeachnews\/\"],\"description\":\"The official website of the City of Miami Beach. Stay informed, find important information on city services, news, alerts, events, trolley routes, government employment and more.\",\"telephone\":\"305.604.CITY(2489)\",\"legalName\":\"City of Miami Beach\"}]}<\/script>\n<!-- \/ Yoast SEO Premium plugin. -->","yoast_head_json":{"title":"El Museo Jud\u00edo de Florida-FIU - Ciudad de Miami Beach","description":"%","robots":{"index":"index","follow":"follow","max-snippet":"max-snippet:-1","max-image-preview":"max-image-preview:large","max-video-preview":"max-video-preview:-1"},"canonical":"https:\/\/www.miamibeachfl.gov\/es\/2022election-info\/the-jewish-museum-of-florida-fiu\/","og_locale":"es_ES","og_type":"article","og_title":"The Jewish Museum of Florida-FIU","og_description":"%","og_url":"https:\/\/www.miamibeachfl.gov\/es\/2022election-info\/the-jewish-museum-of-florida-fiu\/","og_site_name":"City of Miami Beach","article_publisher":"https:\/\/www.facebook.com\/cityofmiamibeach","article_modified_time":"2025-12-31T21:22:26+00:00","og_image":[{"width":1000,"height":1000,"url":"https:\/\/www.miamibeachfl.gov\/wp-content\/uploads\/2024\/01\/1000pxSquare-miamibeach-aerial-southpointview.jpeg","type":"image\/jpeg"}],"twitter_card":"summary_large_image","twitter_site":"@Miamibeachnews","schema":{"@context":"https:\/\/schema.org","@graph":[{"@type":"WebPage","@id":"https:\/\/www.miamibeachfl.gov\/2022election-info\/the-jewish-museum-of-florida-fiu\/","url":"https:\/\/www.miamibeachfl.gov\/2022election-info\/the-jewish-museum-of-florida-fiu\/","name":"El Museo Jud\u00edo de Florida-FIU - Ciudad de Miami Beach","isPartOf":{"@id":"https:\/\/www.miamibeachfl.gov\/#website"},"datePublished":"2022-08-25T20:09:20+00:00","dateModified":"2025-12-31T21:22:26+00:00","description":"%","breadcrumb":{"@id":"https:\/\/www.miamibeachfl.gov\/2022election-info\/the-jewish-museum-of-florida-fiu\/#breadcrumb"},"inLanguage":"es","potentialAction":[{"@type":"ReadAction","target":["https:\/\/www.miamibeachfl.gov\/2022election-info\/the-jewish-museum-of-florida-fiu\/"]}]},{"@type":"BreadcrumbList","@id":"https:\/\/www.miamibeachfl.gov\/2022election-info\/the-jewish-museum-of-florida-fiu\/#breadcrumb","itemListElement":[{"@type":"ListItem","position":1,"name":"Home","item":"https:\/\/www.miamibeachfl.gov\/"},{"@type":"ListItem","position":2,"name":"2022 Election","item":"https:\/\/www.miamibeachfl.gov\/2022election-info\/"},{"@type":"ListItem","position":3,"name":"The Jewish Museum of Florida-FIU"}]},{"@type":"WebSite","@id":"https:\/\/www.miamibeachfl.gov\/#website","url":"https:\/\/www.miamibeachfl.gov\/","name":"Ciudad de Miami Beach","description":"Sitio web oficial de la Ciudad de Miami Beach. Mant\u00e9ngase informado, encuentre informaci\u00f3n importante sobre servicios municipales, noticias, alertas, eventos, rutas de tranv\u00edas, empleos gubernamentales y m\u00e1s.","publisher":{"@id":"https:\/\/www.miamibeachfl.gov\/#organization"},"potentialAction":[{"@type":"SearchAction","target":{"@type":"EntryPoint","urlTemplate":"https:\/\/www.miamibeachfl.gov\/?s={search_term_string}"},"query-input":{"@type":"PropertyValueSpecification","valueRequired":true,"valueName":"search_term_string"}}],"inLanguage":"es"},{"@type":"Organization","@id":"https:\/\/www.miamibeachfl.gov\/#organization","name":"Ciudad de Miami Beach","url":"https:\/\/www.miamibeachfl.gov\/","logo":{"@type":"ImageObject","inLanguage":"es","@id":"https:\/\/www.miamibeachfl.gov\/#\/schema\/logo\/image\/","url":"https:\/\/www.miamibeachfl.gov\/wp-content\/uploads\/2022\/06\/miamibeach-logoblue.png","contentUrl":"https:\/\/www.miamibeachfl.gov\/wp-content\/uploads\/2022\/06\/miamibeach-logoblue.png","width":1962,"height":381,"caption":"City of Miami Beach"},"image":{"@id":"https:\/\/www.miamibeachfl.gov\/#\/schema\/logo\/image\/"},"sameAs":["https:\/\/www.facebook.com\/cityofmiamibeach","https:\/\/x.com\/Miamibeachnews","https:\/\/www.instagram.com\/miamibeachnews\/"],"description":"Sitio web oficial de la Ciudad de Miami Beach. Mant\u00e9ngase informado, encuentre informaci\u00f3n importante sobre servicios municipales, noticias, alertas, eventos, rutas de tranv\u00edas, empleos gubernamentales y m\u00e1s.","telephone":"305.604.CITY(2489)","legalName":"City of Miami Beach"}]}},"_links":{"self":[{"href":"https:\/\/www.miamibeachfl.gov\/es\/wp-json\/wp\/v2\/pages\/201815","targetHints":{"allow":["GET"]}}],"collection":[{"href":"https:\/\/www.miamibeachfl.gov\/es\/wp-json\/wp\/v2\/pages"}],"about":[{"href":"https:\/\/www.miamibeachfl.gov\/es\/wp-json\/wp\/v2\/types\/page"}],"author":[{"embeddable":true,"href":"https:\/\/www.miamibeachfl.gov\/es\/wp-json\/wp\/v2\/users\/222"}],"replies":[{"embeddable":true,"href":"https:\/\/www.miamibeachfl.gov\/es\/wp-json\/wp\/v2\/comments?post=201815"}],"version-history":[{"count":0,"href":"https:\/\/www.miamibeachfl.gov\/es\/wp-json\/wp\/v2\/pages\/201815\/revisions"}],"up":[{"embeddable":true,"href":"https:\/\/www.miamibeachfl.gov\/es\/wp-json\/wp\/v2\/pages\/200517"}],"wp:attachment":[{"href":"https:\/\/www.miamibeachfl.gov\/es\/wp-json\/wp\/v2\/media?parent=201815"}],"wp:term":[{"taxonomy":"category","embeddable":true,"href":"https:\/\/www.miamibeachfl.gov\/es\/wp-json\/wp\/v2\/categories?post=201815"},{"taxonomy":"post_tag","embeddable":true,"href":"https:\/\/www.miamibeachfl.gov\/es\/wp-json\/wp\/v2\/tags?post=201815"}],"curies":[{"name":"gracias","href":"https:\/\/api.w.org\/{rel}","templated":true}]}}