{"id":221727,"date":"2022-09-08T12:20:50","date_gmt":"2022-09-08T16:20:50","guid":{"rendered":"https:\/\/www.miamibeachfl.gov\/?page_id=221727"},"modified":"2025-06-02T22:21:59","modified_gmt":"2025-06-03T02:21:59","slug":"september-2022-business-spotlight","status":"publish","type":"page","link":"https:\/\/www.miamibeachfl.gov\/es\/spotlight\/september-2022-business-spotlight\/","title":{"rendered":"Foco empresarial de septiembre: Silverlake Bistro"},"content":{"rendered":"<h5>\n\t\t<a href=\"https:\/\/www.miamibeachfl.gov\/es\/mbbiznews\/\" title=\"Suscr\u00edbete aqu\u00ed para recibir mensualmente en tu bandeja de entrada el bolet\u00edn de negocios de la ciudad.\"  target=\"_blank\"  rel=\"noopener\">\n\t\t\tSuscr\u00edbete aqu\u00ed para recibir mensualmente en tu bandeja de entrada el bolet\u00edn de negocios de la ciudad.\t\t<\/a>\n\t<\/h5>\n<h5>\n\t\t<a href=\"https:\/\/myemail.constantcontact.com\/Stay-connected-with-MB-Biz--.html?soid=1011085968389&#038;aid=S0mHBwwl4Fs\" title=\"Bolet\u00edn empresarial\"  target=\"_blank\"  rel=\"noopener\">\n\t\t\tBolet\u00edn empresarial\t\t<\/a>\n\t<\/h5>\n\t<p><strong>Silverlake Bistro: Una joya escondida inspirada en las ra\u00edces hispanas<\/strong><\/p>\n\t\t\t\t<img decoding=\"async\" src=\"https:\/\/www.miamibeachfl.gov\/wp-content\/uploads\/2023\/03\/Bistro-1.jpg\" alt=\"Bistro 1\" itemprop=\"image\" title=\"Bistro 1\" onerror=\"this.style.display='none'\" loading='lazy' \/>\n\t<p>Miami Beach es un centro gastron\u00f3mico y hotelero, y Sandy S\u00e1nchez es un ingrediente clave en nuestro paladar. Nacida en Hialeah, de padres cubanos, Maribella y Rafael S\u00e1nchez, el paladar de Sandy siempre ha estado impregnado e influenciado por especias, t\u00e9cnicas y sabores espa\u00f1oles, africanos y caribe\u00f1os. La trayectoria de Sandy comenz\u00f3 en la d\u00e9cada de 1950, cuando su t\u00edo, Frades S\u00e1nchez, emigr\u00f3 a Estados Unidos para jugar con los Yankees de Nueva York. Tras una lesi\u00f3n que puso fin a su carrera, Frades se mud\u00f3 a Miami, y sus padres, que huyeron de Cuba en 1960, se unieron a \u00e9l y se establecieron en Hialeah. Maribella y Rafael, como muchos inmigrantes cubanos, consiguieron empleos en f\u00e1bricas. Sandy recuerda vivir en Hialeah, frente a la f\u00e1brica donde trabajaba su padre, y los dulces aromas de su madre cocinando en la cocina. La Sra. S\u00e1nchez, una de las primeras emprendedoras, comenz\u00f3 a preparar almuerzos para los trabajadores de la f\u00e1brica, y Sandy recuerda con cari\u00f1o c\u00f3mo su hogar se convirti\u00f3 en un lugar especial para que trabajadores, vecinos y personas necesitadas vinieran a disfrutar de aut\u00e9ntica comida cubana casera.<\/p>\n<p>\u201cMi mam\u00e1 me inspir\u00f3. Ten\u00eda un esp\u00edritu emprendedor y comparti\u00f3 su pasi\u00f3n por la cocina con nuestra comunidad\u201d, afirma Sandy. \u201cLa cocina de mi mam\u00e1 se convirti\u00f3 en un lugar acogedor para reunirse, compartir, amar, re\u00edr y disfrutar de la mejor comida del barrio\u201d.<\/p>\n<p>Aunque Sandy se mud\u00f3 a Los \u00c1ngeles para dedicarse a la actuaci\u00f3n, el encuentro con el amor de su vida, su esposo, el chef Benoit &quot;Ben&quot; Rablat, es su recuerdo m\u00e1s entra\u00f1able de su breve estancia en California. Se conocieron en el barrio de Silverlake, y all\u00ed aprendieron los placeres de la buena comida y el vino, y se enamoraron de organizar cenas para nuestros amigos. Tambi\u00e9n fue all\u00ed donde se plant\u00f3 la semilla de lo que ser\u00eda un restaurante.<\/p>\n<p>El primer restaurante de Sandy y Ben, <em>La Fresa Francesa<\/em>, un restaurante franc\u00e9s muy popular en Hialeah, es un \u00edntimo bistr\u00f3 franc\u00e9s con un ambiente bohemio. Tras siete a\u00f1os de \u00e9xito como restauradores, estos emprendedores gastron\u00f3micos buscaron expandirse a Miami Beach... y as\u00ed naci\u00f3 Silverlake, una celebraci\u00f3n amorosa de su amor mutuo y de la comida, en North Beach.<\/p>\n<p>La apertura de Silverlake fue un punto de inflexi\u00f3n para nosotros y para North Beach. Presentamos un nuevo restaurante de moda con una est\u00e9tica de barrio c\u00e1lida y refrescante, y North Beach se incorpor\u00f3 a un bistr\u00f3 familiar y accesible a pie. La combinaci\u00f3n de la deliciosa comida de Ben y el estilo y la personalidad de Sandy convirti\u00f3 a Silverlake en un destino gastron\u00f3mico de primer nivel. Afirma David Sexton, presidente de la Asociaci\u00f3n de Negocios de la Fuente de Normand\u00eda.<\/p>\n<p>Sandy ha puesto toda su alma en cada detalle de Silverlake, desde la m\u00fasica, el papel pintado art\u00edstico, los adornos divertidos y la c\u00e1lida bienvenida a cada cliente. &quot;Queremos que el lugar sea lo m\u00e1s sencillo posible. Quiero que se sienta como si estuvieras comiendo en casa de mi madre o en casa de tu abuela&quot;, dijo Sandy. &quot;No hay recetas m\u00e1gicas, solo la combinaci\u00f3n perfecta de especias, amor, calidez, cultura y trabajo duro&quot;.<\/p>\n<p>Entre los favoritos se encuentran la receta francesa original de la madre de Ben: mejillones con queso azul, vino blanco, chalotes y cebolletas, y la hamburguesa Silverlake, una doble hamburguesa con queso cheddar, tocino, salsa para bistec y alioli. Silverlake Bistro abre para cenar de mi\u00e9rcoles a domingo y brunch los domingos. Para m\u00e1s informaci\u00f3n, puedes encontrarlos en Facebook: <a href=\"https:\/\/www.facebook.com\/silverlakemiamibeach\/\"><strong>https:\/\/www.facebook.com\/silverlakemiamibeach\/<\/strong><\/a>\u00a1Feliz Mes Nacional de la Herencia Hispana!<\/p>\n<p>&nbsp;<\/p>\n<p>&nbsp;<\/p>\n<p>&nbsp;<\/p>\n<p>&nbsp;<\/p>\n<p>&nbsp;<\/p>\n<p>&nbsp;<\/p>","protected":false},"excerpt":{"rendered":"<p>Subscribe here to receive the City&#8217;s business newsletter to your inbox monthly. Business Newsletter Silverlake Bistro: A Hidden Gem Inspired [&hellip;]<\/p>\n","protected":false},"author":222,"featured_media":0,"parent":253255,"menu_order":0,"comment_status":"closed","ping_status":"closed","template":"","meta":{"_searchwp_excluded":"","site-sidebar-layout":"default","site-content-layout":"","ast-site-content-layout":"default","site-content-style":"default","site-sidebar-style":"default","ast-global-header-display":"","ast-banner-title-visibility":"","ast-main-header-display":"","ast-hfb-above-header-display":"","ast-hfb-below-header-display":"","ast-hfb-mobile-header-display":"","site-post-title":"","ast-breadcrumbs-content":"","ast-featured-img":"","footer-sml-layout":"","theme-transparent-header-meta":"","adv-header-id-meta":"","stick-header-meta":"","header-above-stick-meta":"","header-main-stick-meta":"","header-below-stick-meta":"","astra-migrate-meta-layouts":"default","ast-page-background-enabled":"default","ast-page-background-meta":{"desktop":{"background-color":"var(--ast-global-color-5)","background-image":"","background-repeat":"repeat","background-position":"center center","background-size":"auto","background-attachment":"scroll","background-type":"","background-media":"","overlay-type":"","overlay-color":"","overlay-opacity":"","overlay-gradient":""},"tablet":{"background-color":"","background-image":"","background-repeat":"repeat","background-position":"center center","background-size":"auto","background-attachment":"scroll","background-type":"","background-media":"","overlay-type":"","overlay-color":"","overlay-opacity":"","overlay-gradient":""},"mobile":{"background-color":"","background-image":"","background-repeat":"repeat","background-position":"center center","background-size":"auto","background-attachment":"scroll","background-type":"","background-media":"","overlay-type":"","overlay-color":"","overlay-opacity":"","overlay-gradient":""}},"ast-content-background-meta":{"desktop":{"background-color":"var(--ast-global-color-4)","background-image":"","background-repeat":"repeat","background-position":"center center","background-size":"auto","background-attachment":"scroll","background-type":"","background-media":"","overlay-type":"","overlay-color":"","overlay-opacity":"","overlay-gradient":""},"tablet":{"background-color":"var(--ast-global-color-4)","background-image":"","background-repeat":"repeat","background-position":"center center","background-size":"auto","background-attachment":"scroll","background-type":"","background-media":"","overlay-type":"","overlay-color":"","overlay-opacity":"","overlay-gradient":""},"mobile":{"background-color":"var(--ast-global-color-4)","background-image":"","background-repeat":"repeat","background-position":"center center","background-size":"auto","background-attachment":"scroll","background-type":"","background-media":"","overlay-type":"","overlay-color":"","overlay-opacity":"","overlay-gradient":""}},"footnotes":""},"categories":[],"tags":[],"class_list":["post-221727","page","type-page","status-publish","hentry"],"yoast_head":"<!-- This site is optimized with the Yoast SEO Premium plugin v27.4 (Yoast SEO v27.4) - https:\/\/yoast.com\/product\/yoast-seo-premium-wordpress\/ -->\n<title>September Business Spotlight- Silverlake Bistro - City of Miami Beach<\/title>\n<meta name=\"description\" content=\"%\" \/>\n<meta name=\"robots\" content=\"index, follow, max-snippet:-1, max-image-preview:large, max-video-preview:-1\" \/>\n<link rel=\"canonical\" href=\"https:\/\/www.miamibeachfl.gov\/es\/spotlight\/september-2022-business-spotlight\/\" \/>\n<meta property=\"og:locale\" content=\"es_ES\" \/>\n<meta property=\"og:type\" content=\"article\" \/>\n<meta property=\"og:title\" content=\"September Business Spotlight- Silverlake Bistro\" \/>\n<meta property=\"og:description\" content=\"%\" \/>\n<meta property=\"og:url\" content=\"https:\/\/www.miamibeachfl.gov\/es\/spotlight\/september-2022-business-spotlight\/\" \/>\n<meta property=\"og:site_name\" content=\"City of Miami Beach\" \/>\n<meta property=\"article:publisher\" content=\"https:\/\/www.facebook.com\/cityofmiamibeach\" \/>\n<meta property=\"article:modified_time\" content=\"2025-06-03T02:21:59+00:00\" \/>\n<meta property=\"og:image\" content=\"https:\/\/www.miamibeachfl.gov\/wp-content\/uploads\/2023\/03\/Bistro-1.jpg\" \/>\n<meta name=\"twitter:card\" content=\"summary_large_image\" \/>\n<meta name=\"twitter:site\" content=\"@Miamibeachnews\" \/>\n<script type=\"application\/ld+json\" class=\"yoast-schema-graph\">{\"@context\":\"https:\\\/\\\/schema.org\",\"@graph\":[{\"@type\":\"WebPage\",\"@id\":\"https:\\\/\\\/www.miamibeachfl.gov\\\/spotlight\\\/september-2022-business-spotlight\\\/\",\"url\":\"https:\\\/\\\/www.miamibeachfl.gov\\\/spotlight\\\/september-2022-business-spotlight\\\/\",\"name\":\"September Business Spotlight- Silverlake Bistro - City of Miami Beach\",\"isPartOf\":{\"@id\":\"https:\\\/\\\/www.miamibeachfl.gov\\\/#website\"},\"primaryImageOfPage\":{\"@id\":\"https:\\\/\\\/www.miamibeachfl.gov\\\/spotlight\\\/september-2022-business-spotlight\\\/#primaryimage\"},\"image\":{\"@id\":\"https:\\\/\\\/www.miamibeachfl.gov\\\/spotlight\\\/september-2022-business-spotlight\\\/#primaryimage\"},\"thumbnailUrl\":\"https:\\\/\\\/www.miamibeachfl.gov\\\/wp-content\\\/uploads\\\/2023\\\/03\\\/Bistro-1.jpg\",\"datePublished\":\"2022-09-08T16:20:50+00:00\",\"dateModified\":\"2025-06-03T02:21:59+00:00\",\"description\":\"%\",\"breadcrumb\":{\"@id\":\"https:\\\/\\\/www.miamibeachfl.gov\\\/spotlight\\\/september-2022-business-spotlight\\\/#breadcrumb\"},\"inLanguage\":\"es\",\"potentialAction\":[{\"@type\":\"ReadAction\",\"target\":[\"https:\\\/\\\/www.miamibeachfl.gov\\\/spotlight\\\/september-2022-business-spotlight\\\/\"]}]},{\"@type\":\"ImageObject\",\"inLanguage\":\"es\",\"@id\":\"https:\\\/\\\/www.miamibeachfl.gov\\\/spotlight\\\/september-2022-business-spotlight\\\/#primaryimage\",\"url\":\"https:\\\/\\\/www.miamibeachfl.gov\\\/wp-content\\\/uploads\\\/2023\\\/03\\\/Bistro-1.jpg\",\"contentUrl\":\"https:\\\/\\\/www.miamibeachfl.gov\\\/wp-content\\\/uploads\\\/2023\\\/03\\\/Bistro-1.jpg\"},{\"@type\":\"BreadcrumbList\",\"@id\":\"https:\\\/\\\/www.miamibeachfl.gov\\\/spotlight\\\/september-2022-business-spotlight\\\/#breadcrumb\",\"itemListElement\":[{\"@type\":\"ListItem\",\"position\":1,\"name\":\"Home\",\"item\":\"https:\\\/\\\/www.miamibeachfl.gov\\\/\"},{\"@type\":\"ListItem\",\"position\":2,\"name\":\"Business Newsletters and Spotlights\",\"item\":\"https:\\\/\\\/www.miamibeachfl.gov\\\/spotlight\\\/\"},{\"@type\":\"ListItem\",\"position\":3,\"name\":\"September Business Spotlight- Silverlake Bistro\"}]},{\"@type\":\"WebSite\",\"@id\":\"https:\\\/\\\/www.miamibeachfl.gov\\\/#website\",\"url\":\"https:\\\/\\\/www.miamibeachfl.gov\\\/\",\"name\":\"City of Miami Beach\",\"description\":\"The official website of the City of Miami Beach. Stay informed, find important information on city services, news, alerts, events, trolley routes, government employment and more.\",\"publisher\":{\"@id\":\"https:\\\/\\\/www.miamibeachfl.gov\\\/#organization\"},\"potentialAction\":[{\"@type\":\"SearchAction\",\"target\":{\"@type\":\"EntryPoint\",\"urlTemplate\":\"https:\\\/\\\/www.miamibeachfl.gov\\\/?s={search_term_string}\"},\"query-input\":{\"@type\":\"PropertyValueSpecification\",\"valueRequired\":true,\"valueName\":\"search_term_string\"}}],\"inLanguage\":\"es\"},{\"@type\":\"Organization\",\"@id\":\"https:\\\/\\\/www.miamibeachfl.gov\\\/#organization\",\"name\":\"City of Miami Beach\",\"url\":\"https:\\\/\\\/www.miamibeachfl.gov\\\/\",\"logo\":{\"@type\":\"ImageObject\",\"inLanguage\":\"es\",\"@id\":\"https:\\\/\\\/www.miamibeachfl.gov\\\/#\\\/schema\\\/logo\\\/image\\\/\",\"url\":\"https:\\\/\\\/www.miamibeachfl.gov\\\/wp-content\\\/uploads\\\/2022\\\/06\\\/miamibeach-logoblue.png\",\"contentUrl\":\"https:\\\/\\\/www.miamibeachfl.gov\\\/wp-content\\\/uploads\\\/2022\\\/06\\\/miamibeach-logoblue.png\",\"width\":1962,\"height\":381,\"caption\":\"City of Miami Beach\"},\"image\":{\"@id\":\"https:\\\/\\\/www.miamibeachfl.gov\\\/#\\\/schema\\\/logo\\\/image\\\/\"},\"sameAs\":[\"https:\\\/\\\/www.facebook.com\\\/cityofmiamibeach\",\"https:\\\/\\\/x.com\\\/Miamibeachnews\",\"https:\\\/\\\/www.instagram.com\\\/miamibeachnews\\\/\"],\"description\":\"The official website of the City of Miami Beach. Stay informed, find important information on city services, news, alerts, events, trolley routes, government employment and more.\",\"telephone\":\"305.604.CITY(2489)\",\"legalName\":\"City of Miami Beach\"}]}<\/script>\n<!-- \/ Yoast SEO Premium plugin. -->","yoast_head_json":{"title":"Foco de negocios de septiembre: Silverlake Bistro - Ciudad de Miami Beach","description":"%","robots":{"index":"index","follow":"follow","max-snippet":"max-snippet:-1","max-image-preview":"max-image-preview:large","max-video-preview":"max-video-preview:-1"},"canonical":"https:\/\/www.miamibeachfl.gov\/es\/spotlight\/september-2022-business-spotlight\/","og_locale":"es_ES","og_type":"article","og_title":"September Business Spotlight- Silverlake Bistro","og_description":"%","og_url":"https:\/\/www.miamibeachfl.gov\/es\/spotlight\/september-2022-business-spotlight\/","og_site_name":"City of Miami Beach","article_publisher":"https:\/\/www.facebook.com\/cityofmiamibeach","article_modified_time":"2025-06-03T02:21:59+00:00","og_image":[{"url":"https:\/\/www.miamibeachfl.gov\/wp-content\/uploads\/2023\/03\/Bistro-1.jpg","type":"","width":"","height":""}],"twitter_card":"summary_large_image","twitter_site":"@Miamibeachnews","schema":{"@context":"https:\/\/schema.org","@graph":[{"@type":"WebPage","@id":"https:\/\/www.miamibeachfl.gov\/spotlight\/september-2022-business-spotlight\/","url":"https:\/\/www.miamibeachfl.gov\/spotlight\/september-2022-business-spotlight\/","name":"Foco de negocios de septiembre: Silverlake Bistro - Ciudad de Miami Beach","isPartOf":{"@id":"https:\/\/www.miamibeachfl.gov\/#website"},"primaryImageOfPage":{"@id":"https:\/\/www.miamibeachfl.gov\/spotlight\/september-2022-business-spotlight\/#primaryimage"},"image":{"@id":"https:\/\/www.miamibeachfl.gov\/spotlight\/september-2022-business-spotlight\/#primaryimage"},"thumbnailUrl":"https:\/\/www.miamibeachfl.gov\/wp-content\/uploads\/2023\/03\/Bistro-1.jpg","datePublished":"2022-09-08T16:20:50+00:00","dateModified":"2025-06-03T02:21:59+00:00","description":"%","breadcrumb":{"@id":"https:\/\/www.miamibeachfl.gov\/spotlight\/september-2022-business-spotlight\/#breadcrumb"},"inLanguage":"es","potentialAction":[{"@type":"ReadAction","target":["https:\/\/www.miamibeachfl.gov\/spotlight\/september-2022-business-spotlight\/"]}]},{"@type":"ImageObject","inLanguage":"es","@id":"https:\/\/www.miamibeachfl.gov\/spotlight\/september-2022-business-spotlight\/#primaryimage","url":"https:\/\/www.miamibeachfl.gov\/wp-content\/uploads\/2023\/03\/Bistro-1.jpg","contentUrl":"https:\/\/www.miamibeachfl.gov\/wp-content\/uploads\/2023\/03\/Bistro-1.jpg"},{"@type":"BreadcrumbList","@id":"https:\/\/www.miamibeachfl.gov\/spotlight\/september-2022-business-spotlight\/#breadcrumb","itemListElement":[{"@type":"ListItem","position":1,"name":"Home","item":"https:\/\/www.miamibeachfl.gov\/"},{"@type":"ListItem","position":2,"name":"Business Newsletters and Spotlights","item":"https:\/\/www.miamibeachfl.gov\/spotlight\/"},{"@type":"ListItem","position":3,"name":"September Business Spotlight- Silverlake Bistro"}]},{"@type":"WebSite","@id":"https:\/\/www.miamibeachfl.gov\/#website","url":"https:\/\/www.miamibeachfl.gov\/","name":"Ciudad de Miami Beach","description":"Sitio web oficial de la Ciudad de Miami Beach. Mant\u00e9ngase informado, encuentre informaci\u00f3n importante sobre servicios municipales, noticias, alertas, eventos, rutas de tranv\u00edas, empleos gubernamentales y m\u00e1s.","publisher":{"@id":"https:\/\/www.miamibeachfl.gov\/#organization"},"potentialAction":[{"@type":"SearchAction","target":{"@type":"EntryPoint","urlTemplate":"https:\/\/www.miamibeachfl.gov\/?s={search_term_string}"},"query-input":{"@type":"PropertyValueSpecification","valueRequired":true,"valueName":"search_term_string"}}],"inLanguage":"es"},{"@type":"Organization","@id":"https:\/\/www.miamibeachfl.gov\/#organization","name":"Ciudad de Miami Beach","url":"https:\/\/www.miamibeachfl.gov\/","logo":{"@type":"ImageObject","inLanguage":"es","@id":"https:\/\/www.miamibeachfl.gov\/#\/schema\/logo\/image\/","url":"https:\/\/www.miamibeachfl.gov\/wp-content\/uploads\/2022\/06\/miamibeach-logoblue.png","contentUrl":"https:\/\/www.miamibeachfl.gov\/wp-content\/uploads\/2022\/06\/miamibeach-logoblue.png","width":1962,"height":381,"caption":"City of Miami Beach"},"image":{"@id":"https:\/\/www.miamibeachfl.gov\/#\/schema\/logo\/image\/"},"sameAs":["https:\/\/www.facebook.com\/cityofmiamibeach","https:\/\/x.com\/Miamibeachnews","https:\/\/www.instagram.com\/miamibeachnews\/"],"description":"Sitio web oficial de la Ciudad de Miami Beach. Mant\u00e9ngase informado, encuentre informaci\u00f3n importante sobre servicios municipales, noticias, alertas, eventos, rutas de tranv\u00edas, empleos gubernamentales y m\u00e1s.","telephone":"305.604.CITY(2489)","legalName":"City of Miami Beach"}]}},"_links":{"self":[{"href":"https:\/\/www.miamibeachfl.gov\/es\/wp-json\/wp\/v2\/pages\/221727","targetHints":{"allow":["GET"]}}],"collection":[{"href":"https:\/\/www.miamibeachfl.gov\/es\/wp-json\/wp\/v2\/pages"}],"about":[{"href":"https:\/\/www.miamibeachfl.gov\/es\/wp-json\/wp\/v2\/types\/page"}],"author":[{"embeddable":true,"href":"https:\/\/www.miamibeachfl.gov\/es\/wp-json\/wp\/v2\/users\/222"}],"replies":[{"embeddable":true,"href":"https:\/\/www.miamibeachfl.gov\/es\/wp-json\/wp\/v2\/comments?post=221727"}],"version-history":[{"count":1,"href":"https:\/\/www.miamibeachfl.gov\/es\/wp-json\/wp\/v2\/pages\/221727\/revisions"}],"predecessor-version":[{"id":375089,"href":"https:\/\/www.miamibeachfl.gov\/es\/wp-json\/wp\/v2\/pages\/221727\/revisions\/375089"}],"up":[{"embeddable":true,"href":"https:\/\/www.miamibeachfl.gov\/es\/wp-json\/wp\/v2\/pages\/253255"}],"wp:attachment":[{"href":"https:\/\/www.miamibeachfl.gov\/es\/wp-json\/wp\/v2\/media?parent=221727"}],"wp:term":[{"taxonomy":"category","embeddable":true,"href":"https:\/\/www.miamibeachfl.gov\/es\/wp-json\/wp\/v2\/categories?post=221727"},{"taxonomy":"post_tag","embeddable":true,"href":"https:\/\/www.miamibeachfl.gov\/es\/wp-json\/wp\/v2\/tags?post=221727"}],"curies":[{"name":"gracias","href":"https:\/\/api.w.org\/{rel}","templated":true}]}}