{"id":223122,"date":"2022-09-19T11:14:47","date_gmt":"2022-09-19T15:14:47","guid":{"rendered":"https:\/\/www.miamibeachfl.gov\/business-new\/doing-business-with-mb\/business-incentives\/"},"modified":"2025-10-30T14:17:18","modified_gmt":"2025-10-30T18:17:18","slug":"business-incentives","status":"publish","type":"page","link":"https:\/\/www.miamibeachfl.gov\/es\/business\/doing-business-with-mb\/business-incentives\/","title":{"rendered":"Incentivos empresariales"},"content":{"rendered":"<h1>\n\t\t\tIncentivos empresariales estatales y locales audaces\t<\/h1>\n\t<p>Descubra las herramientas disponibles para que empresas, emprendedores, inversores y profesionales emprendedores construyan un futuro ambicioso, pr\u00f3spero y productivo.<\/p>\n\t<a href=\"\/es\/business\/doing-business-with-mb\/business-incentives\/job-creation-incentive-program\/\" target=\"_self\"  aria-label=\"Vaya a \/negocios\/haciendo-negocios-con-mb\/incentivos-empresariales\/programa-de-incentivos-para-la-creacion-de-empleos\/\"><\/a>\n\t\t\t\t<img decoding=\"async\" src=\"https:\/\/www.miamibeachfl.gov\/wp-content\/uploads\/bb-plugin\/cache\/office-meeting-square.jpg\" alt=\"Office Meeting\" title=\"reuni\u00f3n de oficina\" itemprop=\"image\"\/>\n\t\t<h3>Programa de Incentivos para la Creaci\u00f3n de Empleo (JCIP)<\/h3>\t\t\t\n\t\t\t\t<p>Recompensas financieras por reubicaciones de sedes corporativas que traigan empleos a la ciudad de Miami Beach.<\/p>\n\t<a href=\"\/es\/business\/doing-business-with-mb\/business-incentives\/expedited-permit-program\/\" target=\"_self\"  aria-label=\"Vaya a \/negocios\/haciendo-negocios-con-mb\/incentivos-empresariales\/programa-de-permisos-expeditados\/\"><\/a>\n\t\t\t\t<img decoding=\"async\" src=\"https:\/\/www.miamibeachfl.gov\/wp-content\/uploads\/bb-plugin\/cache\/building-contractor-permits-square.jpg\" alt=\"Building Contractor\" title=\"permisos de contratista de construcci\u00f3n\" itemprop=\"image\"\/>\n\t\t<h3>Programa de Revisi\u00f3n Acelerada de Planes (EPRP)<\/h3>\t\t\t\n\t\t\t\t<p>Aceleraci\u00f3n de permisos de construcci\u00f3n para empresas de tecnolog\u00eda y servicios financieros, con sede en Miami Beach.<\/p>\n\t<a href=\"\/es\/business\/doing-business-with-mb\/business-incentives\/commerical-lease-subsidy-program\/\" target=\"_self\"  aria-label=\"Vaya a \/negocios\/haciendo-negocios-con-mb\/incentivos-empresariales\/programa-de-subsidio-para-arrendamiento-comercial\/\"><\/a>\n\t\t\t\t<img decoding=\"async\" src=\"https:\/\/www.miamibeachfl.gov\/wp-content\/uploads\/bb-plugin\/cache\/1000pxSquare-miamibeach-aerial-southpointview-square.jpeg\" alt=\"Miami Beach View\" title=\"Vista a\u00e9rea de Southpoint desde Miami Beach (1000 px)\" itemprop=\"image\"\/>\n\t\t<h3>Programa de Subsidio para Arrendamientos Comerciales<\/h3>\t\t\t\n\t\t\t\t<p>Incentivos financieros para activar propiedades comerciales con usos art\u00edsticos y culturales en Miami Beach.<\/p>\n\t<a href=\"https:\/\/www.miamibeachfl.gov\/es\/business\/doing-business-with-mb\/business-incentives\/parking-incentive-program\/\" target=\"_blank\" rel=\"noopener\" aria-label=\"Vaya a https:\/\/www.miamibeachfl.gov\/business\/doing-business-with-mb\/business-incentives\/parking-incentive-program\/\"><\/a>\n\t\t\t\t<img decoding=\"async\" src=\"https:\/\/www.miamibeachfl.gov\/wp-content\/uploads\/bb-plugin\/cache\/Parks-Gallery-21-CollinsGaragePark-square.jpeg\" alt=\"parking garage collins\" title=\"Parques-Galer\u00eda-21-CollinsGaragePark\" itemprop=\"image\"\/>\n\t\t<h3>Solicitud del Programa de Incentivos de Estacionamiento<\/h3>\t\t\t\n\t\t\t\t<p>La Ciudad de Miami Beach ofrece un Programa de Incentivo de Estacionamiento Financiero para apoyar la resiliencia econ\u00f3mica de empresas nuevas o en expansi\u00f3n en los sectores de tecnolog\u00eda, servicios financieros, hoteler\u00eda o salud\/bienestar con una ubicaci\u00f3n f\u00edsica en la Ciudad.<\/p>\n\t<a href=\"https:\/\/www.miamibeachfl.gov\/es\/business\/doing-business-with-mb\/business-incentives\/art-deco-painting-incentive-program\/\" target=\"_blank\" rel=\"noopener\" aria-label=\"Vaya a https:\/\/www.miamibeachfl.gov\/business\/doing-business-with-mb\/business-incentives\/art-deco-painting-incentive-program\/\"><\/a>\n\t\t\t\t<img decoding=\"async\" src=\"https:\/\/www.miamibeachfl.gov\/wp-content\/uploads\/bb-plugin\/cache\/ArtDeco-Square-1-square.jpg\" alt=\"Art Deco Architecture\" title=\"\" itemprop=\"image\"\/>\n\t\t<h3>Programa de incentivos para la pintura Art D\u00e9co<\/h3>\t\t\t\n\t\t\t\t<p>El Programa de Incentivo de Pintura Art Dec\u00f3 es un programa de incentivos de subvenciones equivalentes dise\u00f1ado para ayudar a los propietarios de edificios comerciales a cubrir los costos asociados con la pintura y la mejora de la fachada exterior de su edificio.<\/p>\n\t\t<h3>El Miami-Dade Beacon Council ayuda a las empresas a comprender el panorama de los incentivos comerciales y analiza su elegibilidad para incentivos comerciales locales y estatales relacionados con la creaci\u00f3n de empleos y la capacitaci\u00f3n de la fuerza laboral.<\/h3>\n\t\t\t<a href=\"https:\/\/www.beaconcouncil.com\/solutions\/locating-expanding-companies\/incentives\/#toggle-id-3\" title=\"Haga clic aqu\u00ed\" target=\"_blank\" rel=\"noopener\"  role=\"button\" aria-label=\"Incentivos del condado\">\n\t\t\t\t\t\t\t\t\t\t\tIncentivos del condado\n\t\t<\/a>\n\t\t<h3>Florida ofrece ventajas netas de rentabilidad a largo plazo e incentivos para todo tipo de empresas, desde sedes corporativas hasta plantas de fabricaci\u00f3n y empresas de servicios.<\/h3>\n\t\t\t<a href=\"https:\/\/selectflorida.org\/why-florida\/business-climate\/\" title=\"Haga clic aqu\u00ed\" target=\"_blank\" rel=\"noopener\"  role=\"button\" aria-label=\"Incentivos estatales\">\n\t\t\t\t\t\t\t\t\t\t\tIncentivos estatales\n\t\t<\/a>\n\t\t<h3>Explore los recursos y servicios que las oficinas del Departamento de Comercio de EE. UU. brindan a empresarios, propietarios de empresas, exportadores, inventores y m\u00e1s.<\/h3>\n\t\t\t<a href=\"https:\/\/www.commerce.gov\/work-with-us\/services-for-businesses\" title=\"Haga clic aqu\u00ed\" target=\"_blank\" rel=\"noopener\"  role=\"button\" aria-label=\"Servicios Federales\">\n\t\t\t\t\t\t\t\t\t\t\tServicios Federales\n\t\t<\/a>\n\t\t\t\t\t\t\t\t\t\t\t\t<h3>Exenci\u00f3n de impuestos ad valorem<\/h3>\n\t\t\t\t\t\t<p>Un incentivo destinado a fomentar la rehabilitaci\u00f3n y el mantenimiento de estructuras hist\u00f3ricas. Para optar a la exenci\u00f3n fiscal, las propiedades deben estar inscritas en el Registro Nacional de Lugares Hist\u00f3ricos o ser una estructura hist\u00f3rica designada localmente.<\/p>\t\t\t\t\t\n\t\t\t<!-- END .front -->\n\t\t\t<a href=\"https:\/\/www.miamidade.gov\/global\/economy\/historic-preservation\/tax-exemption.page\" title=\"Haga clic aqu\u00ed\" target=\"_blank\" rel=\"noopener\"  role=\"button\" aria-label=\"M\u00e1s informaci\u00f3n\">\n\t\t\t\t\t\t\tM\u00e1s informaci\u00f3n\n\t\t<\/a>\n\t\t\t<!-- END .back -->\n\t\t <!-- ifb-flip-box -->\n\t <!-- flip-box -->\n\t\t\t\t\t\t\t\t\t\t\t\t<h3>Conceptos b\u00e1sicos del cr\u00e9dito fiscal 20%<\/h3>\n\t\t\t\t\t\t<p>Disponible para la rehabilitaci\u00f3n de edificios hist\u00f3ricos generadores de ingresos que el Secretario del Interior determine, a trav\u00e9s del Servicio de Parques Nacionales, como \u201cestructuras hist\u00f3ricas certificadas\u201d.<\/p>\t\t\t\t\t\n\t\t\t<!-- END .front -->\n\t\t\t<a href=\"http:\/\/www.nps.gov\/subjects\/taxincentives\/tax-credit-basics.htm\" title=\"Haga clic aqu\u00ed\" target=\"_blank\" rel=\"noopener\"  role=\"button\" aria-label=\"M\u00e1s informaci\u00f3n\">\n\t\t\t\t\t\t\tM\u00e1s informaci\u00f3n\n\t\t<\/a>\n\t\t\t<!-- END .back -->\n\t\t <!-- ifb-flip-box -->\n\t <!-- flip-box -->\n\t\t<h2>La oficina del Consorcio de Comercio Internacional (ITC) del Condado de Miami-Dade act\u00faa como enlace principal del Condado con gobiernos extranjeros y colabora estrechamente con otras oficinas para garantizar el cumplimiento de los procedimientos y servicios protocolarios. El objetivo del Consorcio es consolidar la posici\u00f3n del Condado como una &quot;Puerta de Entrada Global&quot; para el comercio internacional, fomentando las relaciones internacionales, el entendimiento cultural y el comercio.<\/h2>\n\t\t\t<a href=\"https:\/\/www.miamidade.gov\/global\/government\/international-trade\/home.page\" title=\"Haga clic aqu\u00ed\" target=\"_blank\" rel=\"noopener\"  role=\"button\" aria-label=\"Incentivos comerciales internacionales\">\n\t\t\t\t\t\t\t\t\t\t\tIncentivos comerciales internacionales\n\t\t<\/a>\n\t<a href=\"\/es\/spotlight\/\" target=\"_self\"  aria-label=\"Ir a \/spotlight\/\"><\/a>\n\t\t\t\t<img decoding=\"async\" src=\"https:\/\/www.miamibeachfl.gov\/wp-content\/uploads\/2022\/07\/icon-mbbiznews.png\" alt=\"icon-mbbiznews\" title=\"icono-mbbiznews\" itemprop=\"image\"\/>\n\t\t<h3>\u00daltimas noticias<\/h3>\t\t\t\n\t\t\t\t<p>Explore nuestros boletines y art\u00edculos destacados de negocios para obtener la informaci\u00f3n y los recursos m\u00e1s recientes disponibles para nuestra comunidad empresarial.\u00a0<\/p>\n\t<a href=\"\/es\/business\/whymb\/dashboard\/\" target=\"_self\"  aria-label=\"Vaya a \/business\/whymb\/dashboard\/\"><\/a>\n\t\t\t\t<img decoding=\"async\" src=\"https:\/\/www.miamibeachfl.gov\/wp-content\/uploads\/2022\/07\/icon-bizincentives.png\" alt=\"icon-bizincentives\" title=\"incentivos de iconos\" itemprop=\"image\"\/>\n\t\t<h3>Recursos empresariales<\/h3>\t\t\t\n\t\t\t\t<p>Herramientas para ayudarle a comprender los \u00faltimos indicadores comerciales, demogr\u00e1ficos y tendencias de la industria dentro de la ciudad de Miami Beach.<\/p>\n\t<a href=\"\/es\/business\/doing-business-with-mb\/mbbiz-events\/\" target=\"_self\"  aria-label=\"Vaya a \/negocios\/haciendo-negocios-con-mb\/mbbiz-events\/\"><\/a>\n\t\t\t\t<img decoding=\"async\" src=\"https:\/\/www.miamibeachfl.gov\/wp-content\/uploads\/2022\/07\/icon-mbbicalendarincircle-2.png\" alt=\"icon-mbbicalendarincircle\" title=\"icono-mbbicalendarincircle\" itemprop=\"image\"\/>\n\t\t<h3>Pr\u00f3ximos eventos<\/h3>\t\t\t\n\t\t\t\t<p>Consulta nuestros pr\u00f3ximos eventos.<\/p>\n\t\t<h3><a href=\"tel:3056737572\"  target=\"_self\">\t\n\t305.673.7572<\/a><\/h3>\t\n\t\t<h3><a href=\"mailto:mbbiz@miamibeachfl.gov\"  target=\"_self\">\t\n\tmbbiz@miamibeachfl.gov<\/a><\/h3>\t\n\t\t<h3><a href=\"\/es\/business\/\"  target=\"_blank\"  rel=\"noopener\">\t\n\twww.MBBiz.com<\/a><\/h3>\t\n\t\t<h2>Suscr\u00edbete al bolet\u00edn de MBBiz<\/h2>\n\t\t\t\t<p>Reciba recursos y actualizaciones del Departamento de Desarrollo Econ\u00f3mico enviadas directamente a su tel\u00e9fono.<\/p>\n\t\t\t<a href=\"\/es\/mbbiznews\/\" title=\"Haga clic aqu\u00ed\" target=\"_self\"   role=\"button\" aria-label=\"Suscr\u00edbete ahora\">\n\t\t\t\t\t\t\t\t\t\t\tSuscr\u00edbete ahora\n\t\t<\/a>","protected":false},"excerpt":{"rendered":"<p>Bold State &#038; Local Business Incentives Discover the tools available for businesses, entrepreneurs, investors, and enterprising professionals to build an [&hellip;]<\/p>\n","protected":false},"author":222,"featured_media":0,"parent":197440,"menu_order":37,"comment_status":"closed","ping_status":"closed","template":"","meta":{"_searchwp_excluded":"","site-sidebar-layout":"default","site-content-layout":"","ast-site-content-layout":"default","site-content-style":"default","site-sidebar-style":"default","ast-global-header-display":"","ast-banner-title-visibility":"","ast-main-header-display":"","ast-hfb-above-header-display":"","ast-hfb-below-header-display":"","ast-hfb-mobile-header-display":"","site-post-title":"","ast-breadcrumbs-content":"","ast-featured-img":"","footer-sml-layout":"","ast-disable-related-posts":"","theme-transparent-header-meta":"","adv-header-id-meta":"","stick-header-meta":"","header-above-stick-meta":"","header-main-stick-meta":"","header-below-stick-meta":"","astra-migrate-meta-layouts":"default","ast-page-background-enabled":"default","ast-page-background-meta":{"desktop":{"background-color":"var(--ast-global-color-5)","background-image":"","background-repeat":"repeat","background-position":"center center","background-size":"auto","background-attachment":"scroll","background-type":"","background-media":"","overlay-type":"","overlay-color":"","overlay-opacity":"","overlay-gradient":""},"tablet":{"background-color":"","background-image":"","background-repeat":"repeat","background-position":"center center","background-size":"auto","background-attachment":"scroll","background-type":"","background-media":"","overlay-type":"","overlay-color":"","overlay-opacity":"","overlay-gradient":""},"mobile":{"background-color":"","background-image":"","background-repeat":"repeat","background-position":"center center","background-size":"auto","background-attachment":"scroll","background-type":"","background-media":"","overlay-type":"","overlay-color":"","overlay-opacity":"","overlay-gradient":""}},"ast-content-background-meta":{"desktop":{"background-color":"var(--ast-global-color-4)","background-image":"","background-repeat":"repeat","background-position":"center center","background-size":"auto","background-attachment":"scroll","background-type":"","background-media":"","overlay-type":"","overlay-color":"","overlay-opacity":"","overlay-gradient":""},"tablet":{"background-color":"var(--ast-global-color-4)","background-image":"","background-repeat":"repeat","background-position":"center center","background-size":"auto","background-attachment":"scroll","background-type":"","background-media":"","overlay-type":"","overlay-color":"","overlay-opacity":"","overlay-gradient":""},"mobile":{"background-color":"var(--ast-global-color-4)","background-image":"","background-repeat":"repeat","background-position":"center center","background-size":"auto","background-attachment":"scroll","background-type":"","background-media":"","overlay-type":"","overlay-color":"","overlay-opacity":"","overlay-gradient":""}},"footnotes":""},"categories":[],"tags":[],"class_list":["post-223122","page","type-page","status-publish","hentry"],"yoast_head":"<!-- This site is optimized with the Yoast SEO Premium plugin v27.4 (Yoast SEO v27.4) - https:\/\/yoast.com\/product\/yoast-seo-premium-wordpress\/ -->\n<title>Business Incentives - City of Miami Beach<\/title>\n<meta name=\"description\" content=\"%\" \/>\n<meta name=\"robots\" content=\"index, follow, max-snippet:-1, max-image-preview:large, max-video-preview:-1\" \/>\n<link rel=\"canonical\" href=\"https:\/\/www.miamibeachfl.gov\/es\/business\/doing-business-with-mb\/business-incentives\/\" \/>\n<meta property=\"og:locale\" content=\"es_ES\" \/>\n<meta property=\"og:type\" content=\"article\" \/>\n<meta property=\"og:title\" content=\"Business Incentives\" \/>\n<meta property=\"og:description\" content=\"%\" \/>\n<meta property=\"og:url\" content=\"https:\/\/www.miamibeachfl.gov\/es\/business\/doing-business-with-mb\/business-incentives\/\" \/>\n<meta property=\"og:site_name\" content=\"City of Miami Beach\" \/>\n<meta property=\"article:publisher\" content=\"https:\/\/www.facebook.com\/cityofmiamibeach\" \/>\n<meta property=\"article:modified_time\" content=\"2025-10-30T18:17:18+00:00\" \/>\n<meta property=\"og:image\" content=\"https:\/\/www.miamibeachfl.gov\/wp-content\/uploads\/bb-plugin\/cache\/office-meeting-square.jpg\" \/>\n<meta name=\"twitter:card\" content=\"summary_large_image\" \/>\n<meta name=\"twitter:site\" content=\"@Miamibeachnews\" \/>\n<script type=\"application\/ld+json\" class=\"yoast-schema-graph\">{\"@context\":\"https:\\\/\\\/schema.org\",\"@graph\":[{\"@type\":\"WebPage\",\"@id\":\"https:\\\/\\\/www.miamibeachfl.gov\\\/business\\\/doing-business-with-mb\\\/business-incentives\\\/\",\"url\":\"https:\\\/\\\/www.miamibeachfl.gov\\\/business\\\/doing-business-with-mb\\\/business-incentives\\\/\",\"name\":\"Business Incentives - City of Miami Beach\",\"isPartOf\":{\"@id\":\"https:\\\/\\\/www.miamibeachfl.gov\\\/#website\"},\"primaryImageOfPage\":{\"@id\":\"https:\\\/\\\/www.miamibeachfl.gov\\\/business\\\/doing-business-with-mb\\\/business-incentives\\\/#primaryimage\"},\"image\":{\"@id\":\"https:\\\/\\\/www.miamibeachfl.gov\\\/business\\\/doing-business-with-mb\\\/business-incentives\\\/#primaryimage\"},\"thumbnailUrl\":\"https:\\\/\\\/www.miamibeachfl.gov\\\/wp-content\\\/uploads\\\/bb-plugin\\\/cache\\\/office-meeting-square.jpg\",\"datePublished\":\"2022-09-19T15:14:47+00:00\",\"dateModified\":\"2025-10-30T18:17:18+00:00\",\"description\":\"%\",\"breadcrumb\":{\"@id\":\"https:\\\/\\\/www.miamibeachfl.gov\\\/business\\\/doing-business-with-mb\\\/business-incentives\\\/#breadcrumb\"},\"inLanguage\":\"es\",\"potentialAction\":[{\"@type\":\"ReadAction\",\"target\":[\"https:\\\/\\\/www.miamibeachfl.gov\\\/business\\\/doing-business-with-mb\\\/business-incentives\\\/\"]}]},{\"@type\":\"ImageObject\",\"inLanguage\":\"es\",\"@id\":\"https:\\\/\\\/www.miamibeachfl.gov\\\/business\\\/doing-business-with-mb\\\/business-incentives\\\/#primaryimage\",\"url\":\"https:\\\/\\\/www.miamibeachfl.gov\\\/wp-content\\\/uploads\\\/bb-plugin\\\/cache\\\/office-meeting-square.jpg\",\"contentUrl\":\"https:\\\/\\\/www.miamibeachfl.gov\\\/wp-content\\\/uploads\\\/bb-plugin\\\/cache\\\/office-meeting-square.jpg\"},{\"@type\":\"BreadcrumbList\",\"@id\":\"https:\\\/\\\/www.miamibeachfl.gov\\\/business\\\/doing-business-with-mb\\\/business-incentives\\\/#breadcrumb\",\"itemListElement\":[{\"@type\":\"ListItem\",\"position\":1,\"name\":\"Home\",\"item\":\"https:\\\/\\\/www.miamibeachfl.gov\\\/\"},{\"@type\":\"ListItem\",\"position\":2,\"name\":\"Business\",\"item\":\"https:\\\/\\\/www.miamibeachfl.gov\\\/business\\\/\"},{\"@type\":\"ListItem\",\"position\":3,\"name\":\"Doing Business with MB\",\"item\":\"https:\\\/\\\/www.miamibeachfl.gov\\\/business\\\/doing-business-with-mb\\\/\"},{\"@type\":\"ListItem\",\"position\":4,\"name\":\"Business Incentives\"}]},{\"@type\":\"WebSite\",\"@id\":\"https:\\\/\\\/www.miamibeachfl.gov\\\/#website\",\"url\":\"https:\\\/\\\/www.miamibeachfl.gov\\\/\",\"name\":\"City of Miami Beach\",\"description\":\"The official website of the City of Miami Beach. Stay informed, find important information on city services, news, alerts, events, trolley routes, government employment and more.\",\"publisher\":{\"@id\":\"https:\\\/\\\/www.miamibeachfl.gov\\\/#organization\"},\"potentialAction\":[{\"@type\":\"SearchAction\",\"target\":{\"@type\":\"EntryPoint\",\"urlTemplate\":\"https:\\\/\\\/www.miamibeachfl.gov\\\/?s={search_term_string}\"},\"query-input\":{\"@type\":\"PropertyValueSpecification\",\"valueRequired\":true,\"valueName\":\"search_term_string\"}}],\"inLanguage\":\"es\"},{\"@type\":\"Organization\",\"@id\":\"https:\\\/\\\/www.miamibeachfl.gov\\\/#organization\",\"name\":\"City of Miami Beach\",\"url\":\"https:\\\/\\\/www.miamibeachfl.gov\\\/\",\"logo\":{\"@type\":\"ImageObject\",\"inLanguage\":\"es\",\"@id\":\"https:\\\/\\\/www.miamibeachfl.gov\\\/#\\\/schema\\\/logo\\\/image\\\/\",\"url\":\"https:\\\/\\\/www.miamibeachfl.gov\\\/wp-content\\\/uploads\\\/2022\\\/06\\\/miamibeach-logoblue.png\",\"contentUrl\":\"https:\\\/\\\/www.miamibeachfl.gov\\\/wp-content\\\/uploads\\\/2022\\\/06\\\/miamibeach-logoblue.png\",\"width\":1962,\"height\":381,\"caption\":\"City of Miami Beach\"},\"image\":{\"@id\":\"https:\\\/\\\/www.miamibeachfl.gov\\\/#\\\/schema\\\/logo\\\/image\\\/\"},\"sameAs\":[\"https:\\\/\\\/www.facebook.com\\\/cityofmiamibeach\",\"https:\\\/\\\/x.com\\\/Miamibeachnews\",\"https:\\\/\\\/www.instagram.com\\\/miamibeachnews\\\/\"],\"description\":\"The official website of the City of Miami Beach. Stay informed, find important information on city services, news, alerts, events, trolley routes, government employment and more.\",\"telephone\":\"305.604.CITY(2489)\",\"legalName\":\"City of Miami Beach\"}]}<\/script>\n<!-- \/ Yoast SEO Premium plugin. -->","yoast_head_json":{"title":"Incentivos comerciales - Ciudad de Miami Beach","description":"%","robots":{"index":"index","follow":"follow","max-snippet":"max-snippet:-1","max-image-preview":"max-image-preview:large","max-video-preview":"max-video-preview:-1"},"canonical":"https:\/\/www.miamibeachfl.gov\/es\/business\/doing-business-with-mb\/business-incentives\/","og_locale":"es_ES","og_type":"article","og_title":"Business Incentives","og_description":"%","og_url":"https:\/\/www.miamibeachfl.gov\/es\/business\/doing-business-with-mb\/business-incentives\/","og_site_name":"City of Miami Beach","article_publisher":"https:\/\/www.facebook.com\/cityofmiamibeach","article_modified_time":"2025-10-30T18:17:18+00:00","og_image":[{"url":"https:\/\/www.miamibeachfl.gov\/wp-content\/uploads\/bb-plugin\/cache\/office-meeting-square.jpg","type":"","width":"","height":""}],"twitter_card":"summary_large_image","twitter_site":"@Miamibeachnews","schema":{"@context":"https:\/\/schema.org","@graph":[{"@type":"WebPage","@id":"https:\/\/www.miamibeachfl.gov\/business\/doing-business-with-mb\/business-incentives\/","url":"https:\/\/www.miamibeachfl.gov\/business\/doing-business-with-mb\/business-incentives\/","name":"Incentivos comerciales - Ciudad de Miami Beach","isPartOf":{"@id":"https:\/\/www.miamibeachfl.gov\/#website"},"primaryImageOfPage":{"@id":"https:\/\/www.miamibeachfl.gov\/business\/doing-business-with-mb\/business-incentives\/#primaryimage"},"image":{"@id":"https:\/\/www.miamibeachfl.gov\/business\/doing-business-with-mb\/business-incentives\/#primaryimage"},"thumbnailUrl":"https:\/\/www.miamibeachfl.gov\/wp-content\/uploads\/bb-plugin\/cache\/office-meeting-square.jpg","datePublished":"2022-09-19T15:14:47+00:00","dateModified":"2025-10-30T18:17:18+00:00","description":"%","breadcrumb":{"@id":"https:\/\/www.miamibeachfl.gov\/business\/doing-business-with-mb\/business-incentives\/#breadcrumb"},"inLanguage":"es","potentialAction":[{"@type":"ReadAction","target":["https:\/\/www.miamibeachfl.gov\/business\/doing-business-with-mb\/business-incentives\/"]}]},{"@type":"ImageObject","inLanguage":"es","@id":"https:\/\/www.miamibeachfl.gov\/business\/doing-business-with-mb\/business-incentives\/#primaryimage","url":"https:\/\/www.miamibeachfl.gov\/wp-content\/uploads\/bb-plugin\/cache\/office-meeting-square.jpg","contentUrl":"https:\/\/www.miamibeachfl.gov\/wp-content\/uploads\/bb-plugin\/cache\/office-meeting-square.jpg"},{"@type":"BreadcrumbList","@id":"https:\/\/www.miamibeachfl.gov\/business\/doing-business-with-mb\/business-incentives\/#breadcrumb","itemListElement":[{"@type":"ListItem","position":1,"name":"Home","item":"https:\/\/www.miamibeachfl.gov\/"},{"@type":"ListItem","position":2,"name":"Business","item":"https:\/\/www.miamibeachfl.gov\/business\/"},{"@type":"ListItem","position":3,"name":"Doing Business with MB","item":"https:\/\/www.miamibeachfl.gov\/business\/doing-business-with-mb\/"},{"@type":"ListItem","position":4,"name":"Business Incentives"}]},{"@type":"WebSite","@id":"https:\/\/www.miamibeachfl.gov\/#website","url":"https:\/\/www.miamibeachfl.gov\/","name":"Ciudad de Miami Beach","description":"Sitio web oficial de la Ciudad de Miami Beach. Mant\u00e9ngase informado, encuentre informaci\u00f3n importante sobre servicios municipales, noticias, alertas, eventos, rutas de tranv\u00edas, empleos gubernamentales y m\u00e1s.","publisher":{"@id":"https:\/\/www.miamibeachfl.gov\/#organization"},"potentialAction":[{"@type":"SearchAction","target":{"@type":"EntryPoint","urlTemplate":"https:\/\/www.miamibeachfl.gov\/?s={search_term_string}"},"query-input":{"@type":"PropertyValueSpecification","valueRequired":true,"valueName":"search_term_string"}}],"inLanguage":"es"},{"@type":"Organization","@id":"https:\/\/www.miamibeachfl.gov\/#organization","name":"Ciudad de Miami Beach","url":"https:\/\/www.miamibeachfl.gov\/","logo":{"@type":"ImageObject","inLanguage":"es","@id":"https:\/\/www.miamibeachfl.gov\/#\/schema\/logo\/image\/","url":"https:\/\/www.miamibeachfl.gov\/wp-content\/uploads\/2022\/06\/miamibeach-logoblue.png","contentUrl":"https:\/\/www.miamibeachfl.gov\/wp-content\/uploads\/2022\/06\/miamibeach-logoblue.png","width":1962,"height":381,"caption":"City of Miami Beach"},"image":{"@id":"https:\/\/www.miamibeachfl.gov\/#\/schema\/logo\/image\/"},"sameAs":["https:\/\/www.facebook.com\/cityofmiamibeach","https:\/\/x.com\/Miamibeachnews","https:\/\/www.instagram.com\/miamibeachnews\/"],"description":"Sitio web oficial de la Ciudad de Miami Beach. Mant\u00e9ngase informado, encuentre informaci\u00f3n importante sobre servicios municipales, noticias, alertas, eventos, rutas de tranv\u00edas, empleos gubernamentales y m\u00e1s.","telephone":"305.604.CITY(2489)","legalName":"City of Miami Beach"}]}},"_links":{"self":[{"href":"https:\/\/www.miamibeachfl.gov\/es\/wp-json\/wp\/v2\/pages\/223122","targetHints":{"allow":["GET"]}}],"collection":[{"href":"https:\/\/www.miamibeachfl.gov\/es\/wp-json\/wp\/v2\/pages"}],"about":[{"href":"https:\/\/www.miamibeachfl.gov\/es\/wp-json\/wp\/v2\/types\/page"}],"author":[{"embeddable":true,"href":"https:\/\/www.miamibeachfl.gov\/es\/wp-json\/wp\/v2\/users\/222"}],"replies":[{"embeddable":true,"href":"https:\/\/www.miamibeachfl.gov\/es\/wp-json\/wp\/v2\/comments?post=223122"}],"version-history":[{"count":7,"href":"https:\/\/www.miamibeachfl.gov\/es\/wp-json\/wp\/v2\/pages\/223122\/revisions"}],"predecessor-version":[{"id":390899,"href":"https:\/\/www.miamibeachfl.gov\/es\/wp-json\/wp\/v2\/pages\/223122\/revisions\/390899"}],"up":[{"embeddable":true,"href":"https:\/\/www.miamibeachfl.gov\/es\/wp-json\/wp\/v2\/pages\/197440"}],"wp:attachment":[{"href":"https:\/\/www.miamibeachfl.gov\/es\/wp-json\/wp\/v2\/media?parent=223122"}],"wp:term":[{"taxonomy":"category","embeddable":true,"href":"https:\/\/www.miamibeachfl.gov\/es\/wp-json\/wp\/v2\/categories?post=223122"},{"taxonomy":"post_tag","embeddable":true,"href":"https:\/\/www.miamibeachfl.gov\/es\/wp-json\/wp\/v2\/tags?post=223122"}],"curies":[{"name":"gracias","href":"https:\/\/api.w.org\/{rel}","templated":true}]}}