{"id":223856,"date":"2022-09-24T11:18:23","date_gmt":"2022-09-24T15:18:23","guid":{"rendered":"https:\/\/www.miamibeachfl.gov\/business-new\/doing-business-with-mb\/grants\/"},"modified":"2025-10-30T14:13:44","modified_gmt":"2025-10-30T18:13:44","slug":"grants","status":"publish","type":"page","link":"https:\/\/www.miamibeachfl.gov\/es\/business\/doing-business-with-mb\/grants\/","title":{"rendered":"Subvenciones"},"content":{"rendered":"<h3>\n\t\t\tSubvenciones\t<\/h3>\n\t<p>La comunidad empresarial de Miami Beach cuenta con el apoyo del enfoque de la Ciudad en brindar oportunidades de subvenciones para garantizar su \u00e9xito y desarrollo continuos.<\/p>\n\t\t<a href=\"\/es\/city-hall\/tourism-culture\/grants-and-sponsorships\/film-incentive-program\/\" target=\"_self\">\n\t\t\t\t\t\t\t\t\t\t\t<img decoding=\"async\" src=\"https:\/\/www.miamibeachfl.gov\/wp-content\/uploads\/2023\/01\/filminitiatives.jpg\" alt=\"filminitiatives\"\/>\n\t\t\t\t\t<p>\u00a1Producir pel\u00edculas y otros proyectos cinematogr\u00e1ficos en Miami Beach nunca ha sido tan f\u00e1cil! Nuevas directrices, menos restricciones y un nuevo programa de incentivos para subsidiar producciones en Miami Beach.\u00a0<\/p>\t\t\t\t\t\n\t\t\t\t\t\t<h2>\n\t\t\t\t\t\tCine y producci\u00f3n\t\t<\/h2>\n\t\t<\/a>\n\t\t<a href=\"\/es\/city-hall\/tourism-culture\/grants-and-sponsorships\/miami-beach-cultural-arts-grant-program\/\" target=\"_blank\" rel=\"noopener\">\n\t\t\t\t\t\t\t\t\t\t\t<img decoding=\"async\" src=\"https:\/\/www.miamibeachfl.gov\/wp-content\/uploads\/2023\/03\/miamibeachlighhouse-600x300-1.jpg\" alt=\"Miami Beach Lighthouse\"\/>\n\t\t\t\t\t<p>Subvenci\u00f3n CAC para el a\u00f1o fiscal 23\/24<\/p>\t\t\t\t\t\n\t\t\t\t\t\t<h2>\n\t\t\t\t\t\tConsejo de Artes Culturales (CAC)\t\t<\/h2>\n\t\t<\/a>\n\t\t<a href=\"https:\/\/www.miamibeachvca.com\/grants\/\" target=\"_blank\" rel=\"noopener\">\n\t\t\t\t\t\t\t\t\t\t\t<img decoding=\"async\" src=\"https:\/\/www.miamibeachfl.gov\/wp-content\/uploads\/2023\/03\/concertevent.jpg\" alt=\"miami beach concert\"\/>\n\t\t\t\t\t<p>Directrices de subvenciones 2022\/2023 para eventos especiales, promociones, actividades y festivales<\/p>\t\t\t\t\t\n\t\t\t\t\t\t<h2>\n\t\t\t\t\t\tVCA\t\t<\/h2>\n\t\t<\/a>\n\t\t<a href=\"https:\/\/www.miamidade.gov\/global\/navigation\/grant-index.page\" target=\"_self\">\n\t\t\t\t\t\t\t\t\t\t\t<img decoding=\"async\" src=\"https:\/\/www.miamibeachfl.gov\/wp-content\/uploads\/2023\/01\/searching.jpg\" alt=\"Searching Opportunities\"\/>\n\t\t\t\t\t<p>Obtenga acceso directo a una multitud de oportunidades de subvenciones actuales en una base de datos en l\u00ednea con capacidad de b\u00fasqueda.<\/p>\t\t\t\t\t\n\t\t\t\t\t\t<h2>\n\t\t\t\t\t\tOportunidades de b\u00fasqueda\t\t<\/h2>\n\t\t<\/a>\n\t\t<a href=\"https:\/\/www.miamidade.gov\/global\/management\/grants-training-workshops.page\" target=\"_self\">\n\t\t\t\t\t\t\t\t\t\t\t<img decoding=\"async\" src=\"https:\/\/www.miamibeachfl.gov\/wp-content\/uploads\/2023\/01\/mantalkingtowoman.jpg\" alt=\"Office Conversation\"\/>\n\t\t\t\t\t<p>El condado de Miami-Dade lleva a cabo capacitaciones y talleres para departamentos del condado, organizaciones comunitarias (CBO) y organizaciones religiosas.<\/p>\t\t\t\t\t\n\t\t\t\t\t\t<h2>\n\t\t\t\t\t\tCapacitaci\u00f3n y talleres\t\t<\/h2>\n\t\t<\/a>\n\t\t<a href=\"https:\/\/miamidadearts.org\/organizations\/grants-organizations\" target=\"_self\">\n\t\t\t\t\t\t\t\t\t\t\t<img decoding=\"async\" src=\"https:\/\/www.miamibeachfl.gov\/wp-content\/uploads\/2023\/01\/artgaller.jpg\" alt=\"People at Art Gallery\"\/>\n\t\t\t\t\t<p>El Departamento de Asuntos Culturales del Condado de Miami-Dade ha desarrollado una serie de programas de apoyo operativo general y subvenciones basadas en proyectos que sirven como una cartera de inversiones del sector p\u00fablico para promover el crecimiento de la comunidad cultural del Condado de Miami-Dade.<\/p>\t\t\t\t\t\n\t\t\t\t\t\t<h2>\n\t\t\t\t\t\tSubvenciones para las artes y la cultura\t\t<\/h2>\n\t\t<\/a>\n\t\t<a href=\"https:\/\/www.epa.gov\/grants\" target=\"_self\">\n\t\t\t\t\t\t\t\t\t\t\t<img decoding=\"async\" src=\"https:\/\/www.miamibeachfl.gov\/wp-content\/uploads\/2023\/01\/epa.jpg\" alt=\"EPA on Keyboard\"\/>\n\t\t\t\t\t<p>Cada a\u00f1o, la EPA otorga m\u00e1s de 1000 millones de d\u00f3lares en subvenciones y otros acuerdos de asistencia. Desde peque\u00f1as organizaciones sin fines de lucro hasta grandes gobiernos estatales, la EPA trabaja para ayudar a muchas organizaciones visionarias a alcanzar sus objetivos ambientales.<\/p>\t\t\t\t\t\n\t\t\t\t\t\t<h2>\n\t\t\t\t\t\tSubvenciones de la EPA\t\t<\/h2>\n\t\t<\/a>\n\t\t<h2>Programa SCORE para peque\u00f1as empresas de veteranos de Miami-Dade<\/h2>\n\t\t\t\t<p>Ayuda a los veteranos, al personal en servicio activo y a sus familias a iniciar, desarrollar y hacer crecer negocios en el \u00e1rea de Miami-Dade.<\/p>\n\t\t\t<a href=\"https:\/\/www.score.org\/miamidade\/score-miami-dade-veterans-small-business-program\" title=\"Haga clic aqu\u00ed\" target=\"_blank\" rel=\"noopener\"  role=\"button\" aria-label=\"M\u00e1s informaci\u00f3n\">\n\t\t\t\t\t\t\t\t\t\t\tM\u00e1s informaci\u00f3n\n\t\t<\/a>\n\t\t<h2>Programa de subvenciones para empresas de veteranos<\/h2>\n\t\t\t\t<p>La Administraci\u00f3n de Desarrollo Econ\u00f3mico del Departamento de Comercio de EE. UU. se ha asociado con el Consejo de Planificaci\u00f3n Regional del Sur de Florida para supervisar y administrar un nuevo programa de Fondo de Pr\u00e9stamos Rotatorios Empresariales CARES ACT de $5.9 millones que ayudar\u00e1 a estabilizar las empresas del sur de Florida afectadas negativamente por COVID-19.<\/p>\n\t\t\t<a href=\"https:\/\/www.miamidade.gov\/global\/service.page?Mduid_service=ser1598288109021283\" title=\"Haga clic aqu\u00ed\" target=\"_blank\" rel=\"noopener\"  role=\"button\" aria-label=\"M\u00e1s informaci\u00f3n\">\n\t\t\t\t\t\t\t\t\t\t\tM\u00e1s informaci\u00f3n\n\t\t<\/a>\n\t<a href=\"\/es\/spotlight\/\" target=\"_self\"  aria-label=\"Ir a \/spotlight\/\"><\/a>\n\t\t\t\t<img decoding=\"async\" src=\"https:\/\/www.miamibeachfl.gov\/wp-content\/uploads\/2022\/07\/icon-mbbiznews.png\" alt=\"icon-mbbiznews\" title=\"icono-mbbiznews\" itemprop=\"image\"\/>\n\t\t<h3>\u00daltimas noticias<\/h3>\t\t\t\n\t\t\t\t<p>Explore nuestros boletines y art\u00edculos destacados de negocios para obtener la informaci\u00f3n y los recursos m\u00e1s recientes disponibles para nuestra comunidad empresarial.\u00a0<\/p>\n\t<a href=\"\/es\/business\/whymb\/dashboard\/\" target=\"_self\"  aria-label=\"Vaya a \/business\/whymb\/dashboard\/\"><\/a>\n\t\t\t\t<img decoding=\"async\" src=\"https:\/\/www.miamibeachfl.gov\/wp-content\/uploads\/2022\/07\/icon-bizincentives.png\" alt=\"icon-bizincentives\" title=\"incentivos de iconos\" itemprop=\"image\"\/>\n\t\t<h3>Recursos empresariales<\/h3>\t\t\t\n\t\t\t\t<p>Herramientas para ayudarle a comprender los \u00faltimos indicadores comerciales, demogr\u00e1ficos y tendencias de la industria dentro de la ciudad de Miami Beach.<\/p>\n\t<a href=\"\/es\/business\/doing-business-with-mb\/mbbiz-events\/\" target=\"_self\"  aria-label=\"Vaya a \/negocios\/haciendo-negocios-con-mb\/mbbiz-events\/\"><\/a>\n\t\t\t\t<img decoding=\"async\" src=\"https:\/\/www.miamibeachfl.gov\/wp-content\/uploads\/2022\/07\/icon-mbbicalendarincircle-2.png\" alt=\"icon-mbbicalendarincircle\" title=\"icono-mbbicalendarincircle\" itemprop=\"image\"\/>\n\t\t<h3>Pr\u00f3ximos eventos<\/h3>\t\t\t\n\t\t\t\t<p>Consulta nuestros pr\u00f3ximos eventos.<\/p>\n\t\t<h3><a href=\"tel:3056737572\"  target=\"_self\">\t\n\t305.673.7572<\/a><\/h3>\t\n\t\t<h3><a href=\"mailto:mbbiz@miamibeachfl.gov\"  target=\"_self\">\t\n\tmbbiz@miamibeachfl.gov<\/a><\/h3>\t\n\t\t<h3><a href=\"\/es\/business\/\"  target=\"_blank\"  rel=\"noopener\">\t\n\twww.MBBiz.com<\/a><\/h3>\t\n\t\t<h2>Suscr\u00edbete al bolet\u00edn de MBBiz<\/h2>\n\t\t\t\t<p>Reciba recursos y actualizaciones del Departamento de Desarrollo Econ\u00f3mico enviadas directamente a su tel\u00e9fono.<\/p>\n\t\t\t<a href=\"\/es\/mbbiznews\/\" title=\"Haga clic aqu\u00ed\" target=\"_self\"   role=\"button\" aria-label=\"Suscr\u00edbete ahora\">\n\t\t\t\t\t\t\t\t\t\t\tSuscr\u00edbete ahora\n\t\t<\/a>","protected":false},"excerpt":{"rendered":"<p>Grants Miami Beach&#8217;s business community is supported by the City&#8217;s focus on providing grant opportunities to ensure their ongoing success [&hellip;]<\/p>\n","protected":false},"author":222,"featured_media":0,"parent":197440,"menu_order":37,"comment_status":"closed","ping_status":"closed","template":"","meta":{"_searchwp_excluded":"","site-sidebar-layout":"default","site-content-layout":"","ast-site-content-layout":"default","site-content-style":"default","site-sidebar-style":"default","ast-global-header-display":"","ast-banner-title-visibility":"","ast-main-header-display":"","ast-hfb-above-header-display":"","ast-hfb-below-header-display":"","ast-hfb-mobile-header-display":"","site-post-title":"","ast-breadcrumbs-content":"","ast-featured-img":"","footer-sml-layout":"","theme-transparent-header-meta":"","adv-header-id-meta":"","stick-header-meta":"","header-above-stick-meta":"","header-main-stick-meta":"","header-below-stick-meta":"","astra-migrate-meta-layouts":"default","ast-page-background-enabled":"default","ast-page-background-meta":{"desktop":{"background-color":"var(--ast-global-color-5)","background-image":"","background-repeat":"repeat","background-position":"center center","background-size":"auto","background-attachment":"scroll","background-type":"","background-media":"","overlay-type":"","overlay-color":"","overlay-opacity":"","overlay-gradient":""},"tablet":{"background-color":"","background-image":"","background-repeat":"repeat","background-position":"center center","background-size":"auto","background-attachment":"scroll","background-type":"","background-media":"","overlay-type":"","overlay-color":"","overlay-opacity":"","overlay-gradient":""},"mobile":{"background-color":"","background-image":"","background-repeat":"repeat","background-position":"center center","background-size":"auto","background-attachment":"scroll","background-type":"","background-media":"","overlay-type":"","overlay-color":"","overlay-opacity":"","overlay-gradient":""}},"ast-content-background-meta":{"desktop":{"background-color":"var(--ast-global-color-4)","background-image":"","background-repeat":"repeat","background-position":"center center","background-size":"auto","background-attachment":"scroll","background-type":"","background-media":"","overlay-type":"","overlay-color":"","overlay-opacity":"","overlay-gradient":""},"tablet":{"background-color":"var(--ast-global-color-4)","background-image":"","background-repeat":"repeat","background-position":"center center","background-size":"auto","background-attachment":"scroll","background-type":"","background-media":"","overlay-type":"","overlay-color":"","overlay-opacity":"","overlay-gradient":""},"mobile":{"background-color":"var(--ast-global-color-4)","background-image":"","background-repeat":"repeat","background-position":"center center","background-size":"auto","background-attachment":"scroll","background-type":"","background-media":"","overlay-type":"","overlay-color":"","overlay-opacity":"","overlay-gradient":""}},"footnotes":""},"categories":[],"tags":[],"class_list":["post-223856","page","type-page","status-publish","hentry"],"yoast_head":"<!-- This site is optimized with the Yoast SEO Premium plugin v27.4 (Yoast SEO v27.4) - https:\/\/yoast.com\/product\/yoast-seo-premium-wordpress\/ -->\n<title>Grants - City of Miami Beach<\/title>\n<meta name=\"description\" content=\"%\" \/>\n<meta name=\"robots\" content=\"index, follow, max-snippet:-1, max-image-preview:large, max-video-preview:-1\" \/>\n<link rel=\"canonical\" href=\"https:\/\/www.miamibeachfl.gov\/es\/business\/doing-business-with-mb\/grants\/\" \/>\n<meta property=\"og:locale\" content=\"es_ES\" \/>\n<meta property=\"og:type\" content=\"article\" \/>\n<meta property=\"og:title\" content=\"Grants\" \/>\n<meta property=\"og:description\" content=\"%\" \/>\n<meta property=\"og:url\" content=\"https:\/\/www.miamibeachfl.gov\/es\/business\/doing-business-with-mb\/grants\/\" \/>\n<meta property=\"og:site_name\" content=\"City of Miami Beach\" \/>\n<meta property=\"article:publisher\" content=\"https:\/\/www.facebook.com\/cityofmiamibeach\" \/>\n<meta property=\"article:modified_time\" content=\"2025-10-30T18:13:44+00:00\" \/>\n<meta property=\"og:image\" content=\"https:\/\/www.miamibeachfl.gov\/wp-content\/uploads\/2023\/01\/filminitiatives.jpg\" \/>\n<meta name=\"twitter:card\" content=\"summary_large_image\" \/>\n<meta name=\"twitter:site\" content=\"@Miamibeachnews\" \/>\n<script type=\"application\/ld+json\" class=\"yoast-schema-graph\">{\"@context\":\"https:\\\/\\\/schema.org\",\"@graph\":[{\"@type\":\"WebPage\",\"@id\":\"https:\\\/\\\/www.miamibeachfl.gov\\\/business\\\/doing-business-with-mb\\\/grants\\\/\",\"url\":\"https:\\\/\\\/www.miamibeachfl.gov\\\/business\\\/doing-business-with-mb\\\/grants\\\/\",\"name\":\"Grants - City of Miami Beach\",\"isPartOf\":{\"@id\":\"https:\\\/\\\/www.miamibeachfl.gov\\\/#website\"},\"primaryImageOfPage\":{\"@id\":\"https:\\\/\\\/www.miamibeachfl.gov\\\/business\\\/doing-business-with-mb\\\/grants\\\/#primaryimage\"},\"image\":{\"@id\":\"https:\\\/\\\/www.miamibeachfl.gov\\\/business\\\/doing-business-with-mb\\\/grants\\\/#primaryimage\"},\"thumbnailUrl\":\"https:\\\/\\\/www.miamibeachfl.gov\\\/wp-content\\\/uploads\\\/2023\\\/01\\\/filminitiatives.jpg\",\"datePublished\":\"2022-09-24T15:18:23+00:00\",\"dateModified\":\"2025-10-30T18:13:44+00:00\",\"description\":\"%\",\"breadcrumb\":{\"@id\":\"https:\\\/\\\/www.miamibeachfl.gov\\\/business\\\/doing-business-with-mb\\\/grants\\\/#breadcrumb\"},\"inLanguage\":\"es\",\"potentialAction\":[{\"@type\":\"ReadAction\",\"target\":[\"https:\\\/\\\/www.miamibeachfl.gov\\\/business\\\/doing-business-with-mb\\\/grants\\\/\"]}]},{\"@type\":\"ImageObject\",\"inLanguage\":\"es\",\"@id\":\"https:\\\/\\\/www.miamibeachfl.gov\\\/business\\\/doing-business-with-mb\\\/grants\\\/#primaryimage\",\"url\":\"https:\\\/\\\/www.miamibeachfl.gov\\\/wp-content\\\/uploads\\\/2023\\\/01\\\/filminitiatives.jpg\",\"contentUrl\":\"https:\\\/\\\/www.miamibeachfl.gov\\\/wp-content\\\/uploads\\\/2023\\\/01\\\/filminitiatives.jpg\"},{\"@type\":\"BreadcrumbList\",\"@id\":\"https:\\\/\\\/www.miamibeachfl.gov\\\/business\\\/doing-business-with-mb\\\/grants\\\/#breadcrumb\",\"itemListElement\":[{\"@type\":\"ListItem\",\"position\":1,\"name\":\"Home\",\"item\":\"https:\\\/\\\/www.miamibeachfl.gov\\\/\"},{\"@type\":\"ListItem\",\"position\":2,\"name\":\"Business\",\"item\":\"https:\\\/\\\/www.miamibeachfl.gov\\\/business\\\/\"},{\"@type\":\"ListItem\",\"position\":3,\"name\":\"Doing Business with MB\",\"item\":\"https:\\\/\\\/www.miamibeachfl.gov\\\/business\\\/doing-business-with-mb\\\/\"},{\"@type\":\"ListItem\",\"position\":4,\"name\":\"Grants\"}]},{\"@type\":\"WebSite\",\"@id\":\"https:\\\/\\\/www.miamibeachfl.gov\\\/#website\",\"url\":\"https:\\\/\\\/www.miamibeachfl.gov\\\/\",\"name\":\"City of Miami Beach\",\"description\":\"The official website of the City of Miami Beach. Stay informed, find important information on city services, news, alerts, events, trolley routes, government employment and more.\",\"publisher\":{\"@id\":\"https:\\\/\\\/www.miamibeachfl.gov\\\/#organization\"},\"potentialAction\":[{\"@type\":\"SearchAction\",\"target\":{\"@type\":\"EntryPoint\",\"urlTemplate\":\"https:\\\/\\\/www.miamibeachfl.gov\\\/?s={search_term_string}\"},\"query-input\":{\"@type\":\"PropertyValueSpecification\",\"valueRequired\":true,\"valueName\":\"search_term_string\"}}],\"inLanguage\":\"es\"},{\"@type\":\"Organization\",\"@id\":\"https:\\\/\\\/www.miamibeachfl.gov\\\/#organization\",\"name\":\"City of Miami Beach\",\"url\":\"https:\\\/\\\/www.miamibeachfl.gov\\\/\",\"logo\":{\"@type\":\"ImageObject\",\"inLanguage\":\"es\",\"@id\":\"https:\\\/\\\/www.miamibeachfl.gov\\\/#\\\/schema\\\/logo\\\/image\\\/\",\"url\":\"https:\\\/\\\/www.miamibeachfl.gov\\\/wp-content\\\/uploads\\\/2022\\\/06\\\/miamibeach-logoblue.png\",\"contentUrl\":\"https:\\\/\\\/www.miamibeachfl.gov\\\/wp-content\\\/uploads\\\/2022\\\/06\\\/miamibeach-logoblue.png\",\"width\":1962,\"height\":381,\"caption\":\"City of Miami Beach\"},\"image\":{\"@id\":\"https:\\\/\\\/www.miamibeachfl.gov\\\/#\\\/schema\\\/logo\\\/image\\\/\"},\"sameAs\":[\"https:\\\/\\\/www.facebook.com\\\/cityofmiamibeach\",\"https:\\\/\\\/x.com\\\/Miamibeachnews\",\"https:\\\/\\\/www.instagram.com\\\/miamibeachnews\\\/\"],\"description\":\"The official website of the City of Miami Beach. Stay informed, find important information on city services, news, alerts, events, trolley routes, government employment and more.\",\"telephone\":\"305.604.CITY(2489)\",\"legalName\":\"City of Miami Beach\"}]}<\/script>\n<!-- \/ Yoast SEO Premium plugin. -->","yoast_head_json":{"title":"Subvenciones - Ciudad de Miami Beach","description":"%","robots":{"index":"index","follow":"follow","max-snippet":"max-snippet:-1","max-image-preview":"max-image-preview:large","max-video-preview":"max-video-preview:-1"},"canonical":"https:\/\/www.miamibeachfl.gov\/es\/business\/doing-business-with-mb\/grants\/","og_locale":"es_ES","og_type":"article","og_title":"Grants","og_description":"%","og_url":"https:\/\/www.miamibeachfl.gov\/es\/business\/doing-business-with-mb\/grants\/","og_site_name":"City of Miami Beach","article_publisher":"https:\/\/www.facebook.com\/cityofmiamibeach","article_modified_time":"2025-10-30T18:13:44+00:00","og_image":[{"url":"https:\/\/www.miamibeachfl.gov\/wp-content\/uploads\/2023\/01\/filminitiatives.jpg","type":"","width":"","height":""}],"twitter_card":"summary_large_image","twitter_site":"@Miamibeachnews","schema":{"@context":"https:\/\/schema.org","@graph":[{"@type":"WebPage","@id":"https:\/\/www.miamibeachfl.gov\/business\/doing-business-with-mb\/grants\/","url":"https:\/\/www.miamibeachfl.gov\/business\/doing-business-with-mb\/grants\/","name":"Subvenciones - Ciudad de Miami Beach","isPartOf":{"@id":"https:\/\/www.miamibeachfl.gov\/#website"},"primaryImageOfPage":{"@id":"https:\/\/www.miamibeachfl.gov\/business\/doing-business-with-mb\/grants\/#primaryimage"},"image":{"@id":"https:\/\/www.miamibeachfl.gov\/business\/doing-business-with-mb\/grants\/#primaryimage"},"thumbnailUrl":"https:\/\/www.miamibeachfl.gov\/wp-content\/uploads\/2023\/01\/filminitiatives.jpg","datePublished":"2022-09-24T15:18:23+00:00","dateModified":"2025-10-30T18:13:44+00:00","description":"%","breadcrumb":{"@id":"https:\/\/www.miamibeachfl.gov\/business\/doing-business-with-mb\/grants\/#breadcrumb"},"inLanguage":"es","potentialAction":[{"@type":"ReadAction","target":["https:\/\/www.miamibeachfl.gov\/business\/doing-business-with-mb\/grants\/"]}]},{"@type":"ImageObject","inLanguage":"es","@id":"https:\/\/www.miamibeachfl.gov\/business\/doing-business-with-mb\/grants\/#primaryimage","url":"https:\/\/www.miamibeachfl.gov\/wp-content\/uploads\/2023\/01\/filminitiatives.jpg","contentUrl":"https:\/\/www.miamibeachfl.gov\/wp-content\/uploads\/2023\/01\/filminitiatives.jpg"},{"@type":"BreadcrumbList","@id":"https:\/\/www.miamibeachfl.gov\/business\/doing-business-with-mb\/grants\/#breadcrumb","itemListElement":[{"@type":"ListItem","position":1,"name":"Home","item":"https:\/\/www.miamibeachfl.gov\/"},{"@type":"ListItem","position":2,"name":"Business","item":"https:\/\/www.miamibeachfl.gov\/business\/"},{"@type":"ListItem","position":3,"name":"Doing Business with MB","item":"https:\/\/www.miamibeachfl.gov\/business\/doing-business-with-mb\/"},{"@type":"ListItem","position":4,"name":"Grants"}]},{"@type":"WebSite","@id":"https:\/\/www.miamibeachfl.gov\/#website","url":"https:\/\/www.miamibeachfl.gov\/","name":"Ciudad de Miami Beach","description":"Sitio web oficial de la Ciudad de Miami Beach. Mant\u00e9ngase informado, encuentre informaci\u00f3n importante sobre servicios municipales, noticias, alertas, eventos, rutas de tranv\u00edas, empleos gubernamentales y m\u00e1s.","publisher":{"@id":"https:\/\/www.miamibeachfl.gov\/#organization"},"potentialAction":[{"@type":"SearchAction","target":{"@type":"EntryPoint","urlTemplate":"https:\/\/www.miamibeachfl.gov\/?s={search_term_string}"},"query-input":{"@type":"PropertyValueSpecification","valueRequired":true,"valueName":"search_term_string"}}],"inLanguage":"es"},{"@type":"Organization","@id":"https:\/\/www.miamibeachfl.gov\/#organization","name":"Ciudad de Miami Beach","url":"https:\/\/www.miamibeachfl.gov\/","logo":{"@type":"ImageObject","inLanguage":"es","@id":"https:\/\/www.miamibeachfl.gov\/#\/schema\/logo\/image\/","url":"https:\/\/www.miamibeachfl.gov\/wp-content\/uploads\/2022\/06\/miamibeach-logoblue.png","contentUrl":"https:\/\/www.miamibeachfl.gov\/wp-content\/uploads\/2022\/06\/miamibeach-logoblue.png","width":1962,"height":381,"caption":"City of Miami Beach"},"image":{"@id":"https:\/\/www.miamibeachfl.gov\/#\/schema\/logo\/image\/"},"sameAs":["https:\/\/www.facebook.com\/cityofmiamibeach","https:\/\/x.com\/Miamibeachnews","https:\/\/www.instagram.com\/miamibeachnews\/"],"description":"Sitio web oficial de la Ciudad de Miami Beach. Mant\u00e9ngase informado, encuentre informaci\u00f3n importante sobre servicios municipales, noticias, alertas, eventos, rutas de tranv\u00edas, empleos gubernamentales y m\u00e1s.","telephone":"305.604.CITY(2489)","legalName":"City of Miami Beach"}]}},"_links":{"self":[{"href":"https:\/\/www.miamibeachfl.gov\/es\/wp-json\/wp\/v2\/pages\/223856","targetHints":{"allow":["GET"]}}],"collection":[{"href":"https:\/\/www.miamibeachfl.gov\/es\/wp-json\/wp\/v2\/pages"}],"about":[{"href":"https:\/\/www.miamibeachfl.gov\/es\/wp-json\/wp\/v2\/types\/page"}],"author":[{"embeddable":true,"href":"https:\/\/www.miamibeachfl.gov\/es\/wp-json\/wp\/v2\/users\/222"}],"replies":[{"embeddable":true,"href":"https:\/\/www.miamibeachfl.gov\/es\/wp-json\/wp\/v2\/comments?post=223856"}],"version-history":[{"count":4,"href":"https:\/\/www.miamibeachfl.gov\/es\/wp-json\/wp\/v2\/pages\/223856\/revisions"}],"predecessor-version":[{"id":390898,"href":"https:\/\/www.miamibeachfl.gov\/es\/wp-json\/wp\/v2\/pages\/223856\/revisions\/390898"}],"up":[{"embeddable":true,"href":"https:\/\/www.miamibeachfl.gov\/es\/wp-json\/wp\/v2\/pages\/197440"}],"wp:attachment":[{"href":"https:\/\/www.miamibeachfl.gov\/es\/wp-json\/wp\/v2\/media?parent=223856"}],"wp:term":[{"taxonomy":"category","embeddable":true,"href":"https:\/\/www.miamibeachfl.gov\/es\/wp-json\/wp\/v2\/categories?post=223856"},{"taxonomy":"post_tag","embeddable":true,"href":"https:\/\/www.miamibeachfl.gov\/es\/wp-json\/wp\/v2\/tags?post=223856"}],"curies":[{"name":"gracias","href":"https:\/\/api.w.org\/{rel}","templated":true}]}}