{"id":225181,"date":"2022-10-05T14:07:35","date_gmt":"2022-10-05T18:07:35","guid":{"rendered":"https:\/\/www.miamibeachfl.gov\/?page_id=225181"},"modified":"2026-04-22T15:11:36","modified_gmt":"2026-04-22T19:11:36","slug":"ada","status":"publish","type":"page","link":"https:\/\/www.miamibeachfl.gov\/es\/ada\/","title":{"rendered":"ADA"},"content":{"rendered":"<h1>\n\t\t\tServicios e informaci\u00f3n de la ADA en Miami Beach\t<\/h1>\n\t<p>La Oficina de la ADA y el Gerente de la ADA son responsables de coordinar los esfuerzos de la Ciudad de Miami Beach para cumplir con el T\u00edtulo II e investigar cualquier queja o reclamaci\u00f3n presentada con respecto a cualquier pr\u00e1ctica discriminatoria por parte de la Ciudad.<\/p>\n\t\t<figure itemscope itemtype=\"https:\/\/schema.org\/ImageObject\">\n\t\t\t\t<img decoding=\"async\" src=\"https:\/\/www.miamibeachfl.gov\/wp-content\/uploads\/2022\/10\/icon-ada-cityservices.png\" alt=\"ADA Miami Beach City Services\" height=\"641\" width=\"641\" title=\"icon-ada-cityservices\" onerror=\"this.style.display='none'\" loading=\"lazy\" \/>\n\t<\/figure>\n<h2>SERVICIOS DE LA CIUDAD<\/h2>\t\n\t\t\t<a href=\"https:\/\/www.miamibeachfl.gov\/es\/city-hall\/parking\/ada-parking\/\"  target=\"_self\">\n\t\t\t\t\t\t\tEstacionamiento para discapacitados\n\t\t\t\t\t<\/a>\n\t\t\t<a href=\"https:\/\/www.miamibeachfl.gov\/wp-content\/uploads\/2022\/03\/Disabled-Permit-Info-Website.pdf\"  target=\"_self\">\n\t\t\t\t\t\t\tPermisos de estacionamiento para discapacitados\n\t\t\t\t\t<\/a>\n\t\t\t<a href=\"\/es\/ada\/beach-wheelchair-access\/\"  target=\"_self\">\n\t\t\t\t\t\t\tAcceso a la playa para personas con discapacidad\n\t\t\t\t\t<\/a>\n\t\t\t<a href=\"https:\/\/www.miamibeachfl.gov\/es\/ada\/difficulty-of-hearing\/\"  target=\"_self\">\n\t\t\t\t\t\t\tpersonas con discapacidad auditiva\n\t\t\t\t\t<\/a>\n\t\t<figure itemscope itemtype=\"https:\/\/schema.org\/ImageObject\">\n\t\t\t\t<img decoding=\"async\" src=\"https:\/\/www.miamibeachfl.gov\/wp-content\/uploads\/2022\/10\/icon-handshake.png\" alt=\"handshake icon\" height=\"641\" width=\"641\" title=\"icono-apret\u00f3n de manos\" onerror=\"this.style.display='none'\" loading=\"lazy\" \/>\n\t<\/figure>\n<h2>INFORMACI\u00d3N Y CUMPLIMIENTO<\/h2>\t\n\t\t\t<a href=\"https:\/\/www.miamibeachfl.gov\/es\/city-hall\/city-clerk\/boards-and-committees\/disability-access-committee\/\"  target=\"_self\">\n\t\t\t\t\t\t\tComit\u00e9 de Acceso para Discapacitados\n\t\t\t\t\t<\/a>\n\t\t\t<a href=\"https:\/\/www.miamibeachfl.gov\/es\/ada\/ada-handbook-title-ii\/\"  target=\"_self\">\n\t\t\t\t\t\t\tManual de la ADA\n\t\t\t\t\t<\/a>\n\t\t\t<a href=\"https:\/\/www.miamibeachfl.gov\/es\/ada\/americans-with-disability-act\/\"  target=\"_self\">\n\t\t\t\t\t\t\tLey de Estadounidenses con Discapacidades\n\t\t\t\t\t<\/a>\n\t\t\t<a href=\"https:\/\/www.miamibeachfl.gov\/wp-content\/uploads\/2018\/01\/ADA-NOTICE-2014.pdf\"  target=\"_self\">\n\t\t\t\t\t\t\tAviso de la ADA\n\t\t\t\t\t<\/a>\n\t\t\t<a href=\"https:\/\/www.miamibeachfl.gov\/es\/ada\/disability-hiring-policy\/\"  target=\"_self\">\n\t\t\t\t\t\t\tPol\u00edtica de contrataci\u00f3n de personas con discapacidad\n\t\t\t\t\t<\/a>\n\t\t\t<a href=\"https:\/\/www.miamibeachfl.gov\/es\/ada\/disability-etiquette\/\"  target=\"_self\">\n\t\t\t\t\t\t\tEtiqueta de discapacidad\n\t\t\t\t\t<\/a>\n\t\t\t<a href=\"https:\/\/www.miamibeachfl.gov\/es\/ada\/white-cane-law\/\"  target=\"_self\">\n\t\t\t\t\t\t\tLey del Bast\u00f3n Blanco\n\t\t\t\t\t<\/a>\n\t\t<figure itemscope itemtype=\"https:\/\/schema.org\/ImageObject\">\n\t\t\t\t<img decoding=\"async\" src=\"https:\/\/www.miamibeachfl.gov\/wp-content\/uploads\/2022\/10\/icon-fillout.png\" alt=\"fill out a form\" height=\"641\" width=\"641\" title=\"relleno de iconos\" onerror=\"this.style.display='none'\" loading=\"lazy\" \/>\n\t<\/figure>\n<h2>FORMULARIOS Y PROCEDIMIENTOS<\/h2>\t\n\t\t\t<a href=\"https:\/\/www.miamibeachfl.gov\/es\/ada\/complaints-for-discrimination\/\"  target=\"_self\">\n\t\t\t\t\t\t\tPresentar una queja\n\t\t\t\t\t<\/a>\n\t\t\t<a href=\"https:\/\/www.miamibeachfl.gov\/es\/ada\/ada-request\/\"  target=\"_self\">\n\t\t\t\t\t\t\tSolicitud ADA\n\t\t\t\t\t<\/a>\n<h3>\n\t\t\tComun\u00edquese con el administrador de la ADA:\t<\/h3>\n\t<strong>Valeria Mej\u00eda<\/strong><br \/>\n<strong>Gerente de ADA<\/strong><br \/>\n<strong><a href=\"tel:3056737080\">305.673.7080 (VOZ)<\/a><\/strong><br \/>\n<strong><a href=\"tel:711\">7-1-1 (Relevo de Florida)<\/a><\/strong><br \/>\n<strong><a href=\"mailto:valeriamejia@miamibeachfl.gov\">valeriamejia@miamibeachfl.gov<\/a> <\/strong>\n\t\t<figure itemscope itemtype=\"https:\/\/schema.org\/ImageObject\">\n\t\t\t\t<img decoding=\"async\" src=\"https:\/\/www.miamibeachfl.gov\/wp-content\/uploads\/2022\/10\/icon-externallinks.png\" alt=\"external link\" height=\"641\" width=\"641\" title=\"icono-enlaces externos\" onerror=\"this.style.display='none'\" loading=\"lazy\" \/>\n\t<\/figure>\n<h2>ENLACES \u00daTILES<\/h2>\t\n\t\t\t<a href=\"https:\/\/www.ada.gov\/taxcred.htm#:~:text=IRS%20Tax%20Credits%20and%20Deductions&#038;text=The%20tax%20credit%20is%20available,(maximum%20credit%20of%20%245000).\"  target=\"_blank\" rel=\"noopener\">\n\t\t\t\t\t\t\tCr\u00e9dito fiscal ADA del IRS\n\t\t\t\t\t<\/a>\n\t\t\t<a href=\"https:\/\/www.cilsf.org\/ourhistory\"  target=\"_blank\" rel=\"noopener\">\n\t\t\t\t\t\t\tCentro para la Vida Independiente del Sur de Florida\n\t\t\t\t\t<\/a>\n\t\t\t<a href=\"https:\/\/www.rehabworks.org\/\"  target=\"_blank\" rel=\"noopener\">\n\t\t\t\t\t\t\tRehabilitaci\u00f3n Vocacional de Florida\n\t\t\t\t\t<\/a>\n\t\t\t<a href=\"https:\/\/www.miamidade.gov\/global\/humanresources\/fair-employment\/human-rights-commission.page\"  target=\"_blank\" rel=\"noopener\">\n\t\t\t\t\t\t\tComisi\u00f3n de Derechos Humanos del Condado de Miami-Dade\n\t\t\t\t\t<\/a>\n\t\t\t<a href=\"https:\/\/www.miamilighthouse.org\/\"  target=\"_blank\" rel=\"noopener\">\n\t\t\t\t\t\t\tFaro de Miami para ciegos y personas con discapacidad visual\n\t\t\t\t\t<\/a>\n<h3>\n\t\t\tLa Cruz Roja Americana hace que la preparaci\u00f3n sea accesible\t<\/h3>\n\t\t\t<a href=\"https:\/\/adasoutheast.org\/new-american-red-cross-emergency-preparedness-app\/\" title=\"Descargue la nueva aplicaci\u00f3n de preparaci\u00f3n de la Cruz Roja Americana para mantener su hogar seguro. Haga clic aqu\u00ed para ver instrucciones subtituladas en lenguaje de se\u00f1as americano (ASL).\" target=\"_blank\" rel=\"noopener\"  role=\"button\" aria-label=\"Descargue la nueva aplicaci\u00f3n de preparaci\u00f3n de la Cruz Roja Americana para mantener su hogar seguro. Haga clic aqu\u00ed para ver instrucciones subtituladas en lenguaje de se\u00f1as americano (ASL).\">\n\t\t\t\t\t\t\tDescargue la nueva aplicaci\u00f3n de preparaci\u00f3n de la Cruz Roja Americana para mantener su hogar seguro. Haga clic aqu\u00ed para ver instrucciones subtituladas en lenguaje de se\u00f1as americano (ASL).\n\t\t<\/a>\n\t\t<img decoding=\"async\" src=\"https:\/\/www.miamibeachfl.gov\/wp-content\/uploads\/2023\/02\/ADAvideothumbARC.jpg\" alt=\"\"\/>\n<figure itemscope itemtype=\"https:\/\/schema.org\/ImageObject\">\n\t\t\t\t<img decoding=\"async\" src=\"https:\/\/www.miamibeachfl.gov\/wp-content\/uploads\/2022\/10\/MiamiBeach-ADA-womaninwheelcharionbeach.jpg\" alt=\"Miami Beach Woman in Wheelchair at the Beach\" height=\"922\" width=\"1382\" title=\"Miami Beach - ADA - mujer en carro de ruedas en la playa\" onerror=\"this.style.display='none'\" loading=\"lazy\" \/>\n\t<\/figure>\n<h3>\n\t\t\t\u00bfQu\u00e9 es la ADA?\t<\/h3>\n\t<p><strong>La Ley de Estadounidenses con Discapacidades de 1990, o ADA<\/strong> No es una persona, organizaci\u00f3n ni agencia. La ADA es una ley federal que otorga a las personas con discapacidades protecci\u00f3n de sus derechos civiles similar a la que se otorga por motivos de raza, color, sexo, origen nacional, edad y religi\u00f3n. Garantiza la igualdad de oportunidades para las personas con discapacidad en lugares p\u00fablicos, empleo, transporte, servicios gubernamentales estatales y locales, y telecomunicaciones.<\/p>\n<h3>\n\t\t\tPol\u00edtica de la ciudad\t<\/h3>\n\t<p>Desde hace tiempo, la pol\u00edtica municipal ha sido brindar igualdad de servicios y oportunidades a todos los residentes, visitantes y empleados, independientemente de su raza, religi\u00f3n, nacionalidad, edad, sexo o discapacidad, de acuerdo con las directrices federales, estatales y del condado. La Ciudad de Miami Beach se enorgullece de haber aprobado la primera ordenanza de derechos humanos de Florida que proh\u00edbe la discriminaci\u00f3n, incluida la discriminaci\u00f3n por orientaci\u00f3n sexual, y establece sanciones en caso de condena. <a href=\"http:\/\/www.miamibeachfl.gov\/wp-content\/uploads\/2018\/01\/ADA-NOTICE-2014.pdf\">Haga clic aqu\u00ed para ver el aviso de la ADA.<\/a><\/p>\n<figure itemscope itemtype=\"https:\/\/schema.org\/ImageObject\">\n\t\t\t\t<img decoding=\"async\" src=\"https:\/\/www.miamibeachfl.gov\/wp-content\/uploads\/2022\/10\/MiamiBeach-ADA-visionimpairedman.jpg\" alt=\"Vision impaired man\" height=\"1075\" width=\"1613\" title=\"MiamiBeach-ADA-hombre con problemas de visi\u00f3n\" onerror=\"this.style.display='none'\" loading=\"lazy\" \/>\n\t<\/figure>\n<h3>\n\t\t\tComun\u00edquese con el administrador de la ADA:\t<\/h3>\n\tValeria Mej\u00eda<br \/>\nGerente de ADA<br \/>\n<a href=\"tel:3056737080\">305.673.7080 (VOZ)<\/a><br \/>\n<a href=\"tel:711\">7-1-1 (Relevo de Florida)<\/a><br \/>\n<strong><a href=\"mailto:valeriamejia@miamibeachfl.gov\">valeriamejia@miamibeachfl.gov<\/a><\/strong>\n\t<iframe src=\"https:\/\/www.google.com\/maps\/embed\/v1\/place?q=Miami+Beach+City+Hall%0A1700+Convention+Center+Drive%2C%0APublic+Works%2C+Fourth+Floor%0AMiami+Beach%2C+FL+33139&#038;key=AIzaSyD09zQ9PNDNNy9TadMuzRV_UsPUoWKntt8\" aria-hidden=\"true\"><\/iframe>\n<h3>\n\t\t\tOficina de la ADA:\t<\/h3>\n\t<strong>Ayuntamiento de Miami Beach<\/strong><br \/>\n1700 Convention Center Drive,<br \/>\nObras P\u00fablicas, Cuarto Piso<br \/>\nMiami Beach, FL 33139","protected":false},"excerpt":{"rendered":"<p>Miami Beach ADA Services &#038; Information The ADA Office and the ADA Manager are responsible for coordinating the efforts of [&hellip;]<\/p>\n","protected":false},"author":222,"featured_media":0,"parent":0,"menu_order":62,"comment_status":"closed","ping_status":"closed","template":"","meta":{"_searchwp_excluded":"","site-sidebar-layout":"default","site-content-layout":"","ast-site-content-layout":"default","site-content-style":"default","site-sidebar-style":"default","ast-global-header-display":"","ast-banner-title-visibility":"","ast-main-header-display":"","ast-hfb-above-header-display":"","ast-hfb-below-header-display":"","ast-hfb-mobile-header-display":"","site-post-title":"","ast-breadcrumbs-content":"","ast-featured-img":"","footer-sml-layout":"","theme-transparent-header-meta":"","adv-header-id-meta":"","stick-header-meta":"","header-above-stick-meta":"","header-main-stick-meta":"","header-below-stick-meta":"","astra-migrate-meta-layouts":"default","ast-page-background-enabled":"default","ast-page-background-meta":{"desktop":{"background-color":"var(--ast-global-color-5)","background-image":"","background-repeat":"repeat","background-position":"center center","background-size":"auto","background-attachment":"scroll","background-type":"","background-media":"","overlay-type":"","overlay-color":"","overlay-opacity":"","overlay-gradient":""},"tablet":{"background-color":"","background-image":"","background-repeat":"repeat","background-position":"center center","background-size":"auto","background-attachment":"scroll","background-type":"","background-media":"","overlay-type":"","overlay-color":"","overlay-opacity":"","overlay-gradient":""},"mobile":{"background-color":"","background-image":"","background-repeat":"repeat","background-position":"center center","background-size":"auto","background-attachment":"scroll","background-type":"","background-media":"","overlay-type":"","overlay-color":"","overlay-opacity":"","overlay-gradient":""}},"ast-content-background-meta":{"desktop":{"background-color":"var(--ast-global-color-4)","background-image":"","background-repeat":"repeat","background-position":"center center","background-size":"auto","background-attachment":"scroll","background-type":"","background-media":"","overlay-type":"","overlay-color":"","overlay-opacity":"","overlay-gradient":""},"tablet":{"background-color":"var(--ast-global-color-4)","background-image":"","background-repeat":"repeat","background-position":"center center","background-size":"auto","background-attachment":"scroll","background-type":"","background-media":"","overlay-type":"","overlay-color":"","overlay-opacity":"","overlay-gradient":""},"mobile":{"background-color":"var(--ast-global-color-4)","background-image":"","background-repeat":"repeat","background-position":"center center","background-size":"auto","background-attachment":"scroll","background-type":"","background-media":"","overlay-type":"","overlay-color":"","overlay-opacity":"","overlay-gradient":""}},"footnotes":""},"categories":[],"tags":[],"class_list":["post-225181","page","type-page","status-publish","hentry"],"yoast_head":"<!-- This site is optimized with the Yoast SEO Premium plugin v27.4 (Yoast SEO v27.4) - https:\/\/yoast.com\/product\/yoast-seo-premium-wordpress\/ -->\n<title>ADA - City of Miami Beach<\/title>\n<meta name=\"description\" content=\"The City of Miami Beach ADA Office and the ADA Coordinator are responsible for coordinating the efforts of the City of Miami Beach to comply with Title II and investigating any complaints or grievances filed regarding any discriminatory practice by the City.\" \/>\n<meta name=\"robots\" content=\"index, follow, max-snippet:-1, max-image-preview:large, max-video-preview:-1\" \/>\n<link rel=\"canonical\" href=\"https:\/\/www.miamibeachfl.gov\/es\/ada\/\" \/>\n<meta property=\"og:locale\" content=\"es_ES\" \/>\n<meta property=\"og:type\" content=\"article\" \/>\n<meta property=\"og:title\" content=\"ADA\" \/>\n<meta property=\"og:description\" content=\"The City of Miami Beach ADA Office and the ADA Coordinator are responsible for coordinating the efforts of the City of Miami Beach to comply with Title II and investigating any complaints or grievances filed regarding any discriminatory practice by the City.\" \/>\n<meta property=\"og:url\" content=\"https:\/\/www.miamibeachfl.gov\/es\/ada\/\" \/>\n<meta property=\"og:site_name\" content=\"City of Miami Beach\" \/>\n<meta property=\"article:publisher\" content=\"https:\/\/www.facebook.com\/cityofmiamibeach\" \/>\n<meta property=\"article:modified_time\" content=\"2026-04-22T19:11:36+00:00\" \/>\n<meta property=\"og:image\" content=\"https:\/\/www.miamibeachfl.gov\/wp-content\/uploads\/2022\/10\/icon-ada-cityservices.png\" \/>\n<meta name=\"twitter:card\" content=\"summary_large_image\" \/>\n<meta name=\"twitter:site\" content=\"@Miamibeachnews\" \/>\n<script type=\"application\/ld+json\" class=\"yoast-schema-graph\">{\"@context\":\"https:\\\/\\\/schema.org\",\"@graph\":[{\"@type\":\"WebPage\",\"@id\":\"https:\\\/\\\/www.miamibeachfl.gov\\\/ada\\\/\",\"url\":\"https:\\\/\\\/www.miamibeachfl.gov\\\/ada\\\/\",\"name\":\"ADA - City of Miami Beach\",\"isPartOf\":{\"@id\":\"https:\\\/\\\/www.miamibeachfl.gov\\\/#website\"},\"primaryImageOfPage\":{\"@id\":\"https:\\\/\\\/www.miamibeachfl.gov\\\/ada\\\/#primaryimage\"},\"image\":{\"@id\":\"https:\\\/\\\/www.miamibeachfl.gov\\\/ada\\\/#primaryimage\"},\"thumbnailUrl\":\"https:\\\/\\\/www.miamibeachfl.gov\\\/wp-content\\\/uploads\\\/2022\\\/10\\\/icon-ada-cityservices.png\",\"datePublished\":\"2022-10-05T18:07:35+00:00\",\"dateModified\":\"2026-04-22T19:11:36+00:00\",\"description\":\"The City of Miami Beach ADA Office and the ADA Coordinator are responsible for coordinating the efforts of the City of Miami Beach to comply with Title II and investigating any complaints or grievances filed regarding any discriminatory practice by the City.\",\"breadcrumb\":{\"@id\":\"https:\\\/\\\/www.miamibeachfl.gov\\\/ada\\\/#breadcrumb\"},\"inLanguage\":\"es\",\"potentialAction\":[{\"@type\":\"ReadAction\",\"target\":[\"https:\\\/\\\/www.miamibeachfl.gov\\\/ada\\\/\"]}]},{\"@type\":\"ImageObject\",\"inLanguage\":\"es\",\"@id\":\"https:\\\/\\\/www.miamibeachfl.gov\\\/ada\\\/#primaryimage\",\"url\":\"https:\\\/\\\/www.miamibeachfl.gov\\\/wp-content\\\/uploads\\\/2022\\\/10\\\/icon-ada-cityservices.png\",\"contentUrl\":\"https:\\\/\\\/www.miamibeachfl.gov\\\/wp-content\\\/uploads\\\/2022\\\/10\\\/icon-ada-cityservices.png\"},{\"@type\":\"BreadcrumbList\",\"@id\":\"https:\\\/\\\/www.miamibeachfl.gov\\\/ada\\\/#breadcrumb\",\"itemListElement\":[{\"@type\":\"ListItem\",\"position\":1,\"name\":\"Home\",\"item\":\"https:\\\/\\\/www.miamibeachfl.gov\\\/\"},{\"@type\":\"ListItem\",\"position\":2,\"name\":\"ADA\"}]},{\"@type\":\"WebSite\",\"@id\":\"https:\\\/\\\/www.miamibeachfl.gov\\\/#website\",\"url\":\"https:\\\/\\\/www.miamibeachfl.gov\\\/\",\"name\":\"City of Miami Beach\",\"description\":\"The official website of the City of Miami Beach. Stay informed, find important information on city services, news, alerts, events, trolley routes, government employment and more.\",\"publisher\":{\"@id\":\"https:\\\/\\\/www.miamibeachfl.gov\\\/#organization\"},\"potentialAction\":[{\"@type\":\"SearchAction\",\"target\":{\"@type\":\"EntryPoint\",\"urlTemplate\":\"https:\\\/\\\/www.miamibeachfl.gov\\\/?s={search_term_string}\"},\"query-input\":{\"@type\":\"PropertyValueSpecification\",\"valueRequired\":true,\"valueName\":\"search_term_string\"}}],\"inLanguage\":\"es\"},{\"@type\":\"Organization\",\"@id\":\"https:\\\/\\\/www.miamibeachfl.gov\\\/#organization\",\"name\":\"City of Miami Beach\",\"url\":\"https:\\\/\\\/www.miamibeachfl.gov\\\/\",\"logo\":{\"@type\":\"ImageObject\",\"inLanguage\":\"es\",\"@id\":\"https:\\\/\\\/www.miamibeachfl.gov\\\/#\\\/schema\\\/logo\\\/image\\\/\",\"url\":\"https:\\\/\\\/www.miamibeachfl.gov\\\/wp-content\\\/uploads\\\/2022\\\/06\\\/miamibeach-logoblue.png\",\"contentUrl\":\"https:\\\/\\\/www.miamibeachfl.gov\\\/wp-content\\\/uploads\\\/2022\\\/06\\\/miamibeach-logoblue.png\",\"width\":1962,\"height\":381,\"caption\":\"City of Miami Beach\"},\"image\":{\"@id\":\"https:\\\/\\\/www.miamibeachfl.gov\\\/#\\\/schema\\\/logo\\\/image\\\/\"},\"sameAs\":[\"https:\\\/\\\/www.facebook.com\\\/cityofmiamibeach\",\"https:\\\/\\\/x.com\\\/Miamibeachnews\",\"https:\\\/\\\/www.instagram.com\\\/miamibeachnews\\\/\"],\"description\":\"The official website of the City of Miami Beach. Stay informed, find important information on city services, news, alerts, events, trolley routes, government employment and more.\",\"telephone\":\"305.604.CITY(2489)\",\"legalName\":\"City of Miami Beach\"}]}<\/script>\n<!-- \/ Yoast SEO Premium plugin. -->","yoast_head_json":{"title":"ADA - Ciudad de Miami Beach","description":"La Oficina ADA de la Ciudad de Miami Beach y el Coordinador ADA son responsables de coordinar los esfuerzos de la Ciudad de Miami Beach para cumplir con el T\u00edtulo II e investigar cualquier queja o reclamo presentado con respecto a cualquier pr\u00e1ctica discriminatoria por parte de la Ciudad.","robots":{"index":"index","follow":"follow","max-snippet":"max-snippet:-1","max-image-preview":"max-image-preview:large","max-video-preview":"max-video-preview:-1"},"canonical":"https:\/\/www.miamibeachfl.gov\/es\/ada\/","og_locale":"es_ES","og_type":"article","og_title":"ADA","og_description":"The City of Miami Beach ADA Office and the ADA Coordinator are responsible for coordinating the efforts of the City of Miami Beach to comply with Title II and investigating any complaints or grievances filed regarding any discriminatory practice by the City.","og_url":"https:\/\/www.miamibeachfl.gov\/es\/ada\/","og_site_name":"City of Miami Beach","article_publisher":"https:\/\/www.facebook.com\/cityofmiamibeach","article_modified_time":"2026-04-22T19:11:36+00:00","og_image":[{"url":"https:\/\/www.miamibeachfl.gov\/wp-content\/uploads\/2022\/10\/icon-ada-cityservices.png","type":"","width":"","height":""}],"twitter_card":"summary_large_image","twitter_site":"@Miamibeachnews","schema":{"@context":"https:\/\/schema.org","@graph":[{"@type":"WebPage","@id":"https:\/\/www.miamibeachfl.gov\/ada\/","url":"https:\/\/www.miamibeachfl.gov\/ada\/","name":"ADA - Ciudad de Miami Beach","isPartOf":{"@id":"https:\/\/www.miamibeachfl.gov\/#website"},"primaryImageOfPage":{"@id":"https:\/\/www.miamibeachfl.gov\/ada\/#primaryimage"},"image":{"@id":"https:\/\/www.miamibeachfl.gov\/ada\/#primaryimage"},"thumbnailUrl":"https:\/\/www.miamibeachfl.gov\/wp-content\/uploads\/2022\/10\/icon-ada-cityservices.png","datePublished":"2022-10-05T18:07:35+00:00","dateModified":"2026-04-22T19:11:36+00:00","description":"La Oficina ADA de la Ciudad de Miami Beach y el Coordinador ADA son responsables de coordinar los esfuerzos de la Ciudad de Miami Beach para cumplir con el T\u00edtulo II e investigar cualquier queja o reclamo presentado con respecto a cualquier pr\u00e1ctica discriminatoria por parte de la Ciudad.","breadcrumb":{"@id":"https:\/\/www.miamibeachfl.gov\/ada\/#breadcrumb"},"inLanguage":"es","potentialAction":[{"@type":"ReadAction","target":["https:\/\/www.miamibeachfl.gov\/ada\/"]}]},{"@type":"ImageObject","inLanguage":"es","@id":"https:\/\/www.miamibeachfl.gov\/ada\/#primaryimage","url":"https:\/\/www.miamibeachfl.gov\/wp-content\/uploads\/2022\/10\/icon-ada-cityservices.png","contentUrl":"https:\/\/www.miamibeachfl.gov\/wp-content\/uploads\/2022\/10\/icon-ada-cityservices.png"},{"@type":"BreadcrumbList","@id":"https:\/\/www.miamibeachfl.gov\/ada\/#breadcrumb","itemListElement":[{"@type":"ListItem","position":1,"name":"Home","item":"https:\/\/www.miamibeachfl.gov\/"},{"@type":"ListItem","position":2,"name":"ADA"}]},{"@type":"WebSite","@id":"https:\/\/www.miamibeachfl.gov\/#website","url":"https:\/\/www.miamibeachfl.gov\/","name":"Ciudad de Miami Beach","description":"Sitio web oficial de la Ciudad de Miami Beach. Mant\u00e9ngase informado, encuentre informaci\u00f3n importante sobre servicios municipales, noticias, alertas, eventos, rutas de tranv\u00edas, empleos gubernamentales y m\u00e1s.","publisher":{"@id":"https:\/\/www.miamibeachfl.gov\/#organization"},"potentialAction":[{"@type":"SearchAction","target":{"@type":"EntryPoint","urlTemplate":"https:\/\/www.miamibeachfl.gov\/?s={search_term_string}"},"query-input":{"@type":"PropertyValueSpecification","valueRequired":true,"valueName":"search_term_string"}}],"inLanguage":"es"},{"@type":"Organization","@id":"https:\/\/www.miamibeachfl.gov\/#organization","name":"Ciudad de Miami Beach","url":"https:\/\/www.miamibeachfl.gov\/","logo":{"@type":"ImageObject","inLanguage":"es","@id":"https:\/\/www.miamibeachfl.gov\/#\/schema\/logo\/image\/","url":"https:\/\/www.miamibeachfl.gov\/wp-content\/uploads\/2022\/06\/miamibeach-logoblue.png","contentUrl":"https:\/\/www.miamibeachfl.gov\/wp-content\/uploads\/2022\/06\/miamibeach-logoblue.png","width":1962,"height":381,"caption":"City of Miami Beach"},"image":{"@id":"https:\/\/www.miamibeachfl.gov\/#\/schema\/logo\/image\/"},"sameAs":["https:\/\/www.facebook.com\/cityofmiamibeach","https:\/\/x.com\/Miamibeachnews","https:\/\/www.instagram.com\/miamibeachnews\/"],"description":"Sitio web oficial de la Ciudad de Miami Beach. Mant\u00e9ngase informado, encuentre informaci\u00f3n importante sobre servicios municipales, noticias, alertas, eventos, rutas de tranv\u00edas, empleos gubernamentales y m\u00e1s.","telephone":"305.604.CITY(2489)","legalName":"City of Miami Beach"}]}},"_links":{"self":[{"href":"https:\/\/www.miamibeachfl.gov\/es\/wp-json\/wp\/v2\/pages\/225181","targetHints":{"allow":["GET"]}}],"collection":[{"href":"https:\/\/www.miamibeachfl.gov\/es\/wp-json\/wp\/v2\/pages"}],"about":[{"href":"https:\/\/www.miamibeachfl.gov\/es\/wp-json\/wp\/v2\/types\/page"}],"author":[{"embeddable":true,"href":"https:\/\/www.miamibeachfl.gov\/es\/wp-json\/wp\/v2\/users\/222"}],"replies":[{"embeddable":true,"href":"https:\/\/www.miamibeachfl.gov\/es\/wp-json\/wp\/v2\/comments?post=225181"}],"version-history":[{"count":8,"href":"https:\/\/www.miamibeachfl.gov\/es\/wp-json\/wp\/v2\/pages\/225181\/revisions"}],"predecessor-version":[{"id":399349,"href":"https:\/\/www.miamibeachfl.gov\/es\/wp-json\/wp\/v2\/pages\/225181\/revisions\/399349"}],"wp:attachment":[{"href":"https:\/\/www.miamibeachfl.gov\/es\/wp-json\/wp\/v2\/media?parent=225181"}],"wp:term":[{"taxonomy":"category","embeddable":true,"href":"https:\/\/www.miamibeachfl.gov\/es\/wp-json\/wp\/v2\/categories?post=225181"},{"taxonomy":"post_tag","embeddable":true,"href":"https:\/\/www.miamibeachfl.gov\/es\/wp-json\/wp\/v2\/tags?post=225181"}],"curies":[{"name":"gracias","href":"https:\/\/api.w.org\/{rel}","templated":true}]}}