{"id":225530,"date":"2022-10-07T14:33:25","date_gmt":"2022-10-07T18:33:25","guid":{"rendered":"https:\/\/www.miamibeachfl.gov\/?page_id=225530"},"modified":"2026-04-14T16:06:33","modified_gmt":"2026-04-14T20:06:33","slug":"ada-request","status":"publish","type":"page","link":"https:\/\/www.miamibeachfl.gov\/es\/ada\/ada-request\/","title":{"rendered":"Solicitud ADA"},"content":{"rendered":"\n<h1>\n\t\t\tADA Request\t<\/h1>\nADA Menu\t\t\t\n\t\t\t\t\t<ul id=\"menu-ada\"><li id=\"menu-item-225437\"><a href=\"https:\/\/www.miamibeachfl.gov\/ada\/\">ADA<\/a><\/li>\n<li id=\"menu-item-225550\"><a href=\"https:\/\/www.miamibeachfl.gov\/ada\/ada-handbook-title-ii\/\">ADA Handbook &#8211; Title II<\/a><\/li>\n<li id=\"menu-item-225549\"><a href=\"https:\/\/www.miamibeachfl.gov\/ada\/ada-request\/\">ADA Request<\/a><\/li>\n<li id=\"menu-item-225548\"><a href=\"https:\/\/www.miamibeachfl.gov\/ada\/americans-with-disability-act\/\">Americans With Disabilities Act<\/a><\/li>\n<li id=\"menu-item-225438\"><a href=\"https:\/\/www.miamibeachfl.gov\/ada\/beach-wheelchair-access\/\">Beach Wheelchair Access<\/a><\/li>\n<li id=\"menu-item-225547\"><a href=\"https:\/\/www.miamibeachfl.gov\/ada\/complaints-for-discrimination\/\">Complaints For Discrimination<\/a><\/li>\n<li id=\"menu-item-225546\"><a href=\"https:\/\/www.miamibeachfl.gov\/ada\/difficulty-of-hearing\/\">Difficulty Of Hearing<\/a><\/li>\n<li id=\"menu-item-225545\"><a href=\"https:\/\/www.miamibeachfl.gov\/ada\/disability-etiquette\/\">Disability Etiquette<\/a><\/li>\n<li id=\"menu-item-225554\"><a href=\"https:\/\/www.miamibeachfl.gov\/ada\/disability-hiring-policy\/\">Disability Hiring Policy<\/a><\/li>\n<li id=\"menu-item-225544\"><a href=\"https:\/\/www.miamibeachfl.gov\/ada\/white-cane-law\/\">White Cane Law<\/a><\/li>\n<\/ul>\t\nADA Menu\t\t\t\n\t\t\t\t \u00d7\t\t\t\t\t\t<ul id=\"menu-ada-1\"><li id=\"menu-item-225437\"><a href=\"https:\/\/www.miamibeachfl.gov\/ada\/\">ADA<\/a><\/li>\n<li id=\"menu-item-225550\"><a href=\"https:\/\/www.miamibeachfl.gov\/ada\/ada-handbook-title-ii\/\">ADA Handbook &#8211; Title II<\/a><\/li>\n<li id=\"menu-item-225549\"><a href=\"https:\/\/www.miamibeachfl.gov\/ada\/ada-request\/\">ADA Request<\/a><\/li>\n<li id=\"menu-item-225548\"><a href=\"https:\/\/www.miamibeachfl.gov\/ada\/americans-with-disability-act\/\">Americans With Disabilities Act<\/a><\/li>\n<li id=\"menu-item-225438\"><a href=\"https:\/\/www.miamibeachfl.gov\/ada\/beach-wheelchair-access\/\">Beach Wheelchair Access<\/a><\/li>\n<li id=\"menu-item-225547\"><a href=\"https:\/\/www.miamibeachfl.gov\/ada\/complaints-for-discrimination\/\">Complaints For Discrimination<\/a><\/li>\n<li id=\"menu-item-225546\"><a href=\"https:\/\/www.miamibeachfl.gov\/ada\/difficulty-of-hearing\/\">Difficulty Of Hearing<\/a><\/li>\n<li id=\"menu-item-225545\"><a href=\"https:\/\/www.miamibeachfl.gov\/ada\/disability-etiquette\/\">Disability Etiquette<\/a><\/li>\n<li id=\"menu-item-225554\"><a href=\"https:\/\/www.miamibeachfl.gov\/ada\/disability-hiring-policy\/\">Disability Hiring Policy<\/a><\/li>\n<li id=\"menu-item-225544\"><a href=\"https:\/\/www.miamibeachfl.gov\/ada\/white-cane-law\/\">White Cane Law<\/a><\/li>\n<\/ul>\t\t\t\t\n\t<p>Thank you for your interest in the City of Miami Beach ADA page. We welcome all comments, feedback, and suggestions. Please use this form to get your message routed to the appropriate person, to request printed material in an alternate format or to request an accommodation to access any of our city-sponsored proceedings. You can also <i>call 305-604-2ADA<\/i> <i>(voice), select 1 (English) or 2 (Spanish)<\/i> to leave a message with you name, contact information, date of the event and accommodation requested.<\/p>\n<p><b>NOTICE:<\/b>\u00a0Under Florida law, e-mail addresses are public records. If you do not want your e-mail address released in response to a public records request, do not send electronic mail to the City of Miami Beach.<\/p>\n<h2>\n\t\t\tEnter Request Below:\t<\/h2>\n\t<div class=\"wpforms-container wpforms-container-full\" id=\"wpforms-257799\"><form id=\"wpforms-form-257799\" class=\"wpforms-validate wpforms-form wpforms-ajax-form\" data-formid=\"257799\" method=\"post\" enctype=\"multipart\/form-data\" action=\"\/es\/wp-json\/wp\/v2\/pages\/225530\" data-token=\"f84e08da067d7cc79d6d4d70f954a73c\" data-token-time=\"1777491807\"><noscript class=\"wpforms-error-noscript\">Por favor, activa JavaScript en tu navegador para completar este formulario.<\/noscript><div class=\"wpforms-field-container\"><div id=\"wpforms-257799-field_0-container\" class=\"wpforms-field wpforms-field-name\" data-field-id=\"0\"><label class=\"wpforms-field-label\">Name <span class=\"wpforms-required-label\">*<\/span><\/label><div class=\"wpforms-field-row wpforms-field-large\"><div class=\"wpforms-field-row-block wpforms-first wpforms-one-half\"><input type=\"text\" id=\"wpforms-257799-field_0\" class=\"wpforms-field-name-first wpforms-field-required\" name=\"wpforms[fields][0][first]\" required><label for=\"wpforms-257799-field_0\" class=\"wpforms-field-sublabel after\">Nombre<\/label><\/div><div class=\"wpforms-field-row-block wpforms-one-half\"><input type=\"text\" id=\"wpforms-257799-field_0-last\" class=\"wpforms-field-name-last wpforms-field-required\" name=\"wpforms[fields][0][last]\" required><label for=\"wpforms-257799-field_0-last\" class=\"wpforms-field-sublabel after\">Apellidos<\/label><\/div><\/div><\/div><div id=\"wpforms-257799-field_1-container\" class=\"wpforms-field wpforms-field-email\" data-field-id=\"1\"><label class=\"wpforms-field-label\" for=\"wpforms-257799-field_1\">Email <span class=\"wpforms-required-label\">*<\/span><\/label><input type=\"email\" id=\"wpforms-257799-field_1\" class=\"wpforms-field-large wpforms-field-required\" name=\"wpforms[fields][1]\" spellcheck=\"false\" required><\/div><div id=\"wpforms-257799-field_2-container\" class=\"wpforms-field wpforms-field-textarea\" data-field-id=\"2\"><label class=\"wpforms-field-label\" for=\"wpforms-257799-field_2\">Enter ADA Request <span class=\"wpforms-required-label\">*<\/span><\/label><textarea id=\"wpforms-257799-field_2\" class=\"wpforms-field-medium wpforms-field-required\" name=\"wpforms[fields][2]\" required><\/textarea><\/div><\/div><!-- .wpforms-field-container --><div class=\"wpforms-recaptcha-container wpforms-is-recaptcha wpforms-is-recaptcha-type-v2\" ><div class=\"g-recaptcha\" data-sitekey=\"6Lcwxc4pAAAAAKPjNaeWluTmul42T6sdKruYO3BQ\"><\/div><input type=\"text\" name=\"g-recaptcha-hidden\" class=\"wpforms-recaptcha-hidden\" style=\"position:absolute!important;clip:rect(0,0,0,0)!important;height:1px!important;width:1px!important;border:0!important;overflow:hidden!important;padding:0!important;margin:0!important;\" data-rule-recaptcha=\"1\"><\/div><div class=\"wpforms-submit-container\" ><input type=\"hidden\" name=\"wpforms[id]\" value=\"257799\"><input type=\"hidden\" name=\"page_title\" value=\"\"><input type=\"hidden\" name=\"page_url\" value=\"https:\/\/www.miamibeachfl.gov\/es\/wp-json\/wp\/v2\/pages\/225530\"><input type=\"hidden\" name=\"url_referer\" value=\"\"><button type=\"submit\" name=\"wpforms[submit]\" id=\"wpforms-submit-257799\" class=\"wpforms-submit\" data-alt-text=\"Sending...\" data-submit-text=\"Submit\" aria-live=\"assertive\" value=\"wpforms-submit\">Submit<\/button><img loading=\"lazy\" decoding=\"async\" src=\"https:\/\/www.miamibeachfl.gov\/wp-content\/plugins\/wpforms\/assets\/images\/submit-spin.svg\" class=\"wpforms-submit-spinner\" style=\"display: none;\" width=\"26\" height=\"26\" alt=\"Cargando\"><\/div><\/form><\/div>  <!-- .wpforms-container -->\n<h3>\n\t\t\tContact the ADA Manager:\t<\/h3>\n\tValeria Mejia<br \/>\nADA Manager<br \/>\n<a href=\"tel:3056737080\">305.673.7080 (VOICE)<\/a><br \/>\n<a href=\"tel:711\">7-1-1 (Florida Relay)<\/a><br \/>\n<strong><a href=\"mailto:valeriamejia@miamibeachfl.gov\">valeriamejia@miamibeachfl.gov<\/a><\/strong>\n\t<iframe src=\"https:\/\/www.google.com\/maps\/embed\/v1\/place?q=Miami+Beach+City+Hall%0A1700+Convention+Center+Drive%2C%0APublic+Works%2C+Fourth+Floor%0AMiami+Beach%2C+FL+33139&#038;key=AIzaSyD09zQ9PNDNNy9TadMuzRV_UsPUoWKntt8\" aria-hidden=\"true\"><\/iframe>\n<h3>\n\t\t\tADA Office:\t<\/h3>\n\t<strong>Miami Beach City Hall<\/strong><br \/>\n1700 Convention Center Drive,<br \/>\nPublic Works, Fourth Floor<br \/>\nMiami Beach, FL 33139\n\n","protected":false},"excerpt":{"rendered":"<p>ADA Request ADA Menu ADA ADA Handbook &#8211; Title II ADA Request Americans With Disabilities Act Beach Wheelchair Access Complaints [&hellip;]<\/p>\n","protected":false},"author":222,"featured_media":0,"parent":225181,"menu_order":37,"comment_status":"closed","ping_status":"closed","template":"","meta":{"_searchwp_excluded":"","site-sidebar-layout":"default","site-content-layout":"","ast-site-content-layout":"default","site-content-style":"default","site-sidebar-style":"default","ast-global-header-display":"","ast-banner-title-visibility":"","ast-main-header-display":"","ast-hfb-above-header-display":"","ast-hfb-below-header-display":"","ast-hfb-mobile-header-display":"","site-post-title":"","ast-breadcrumbs-content":"","ast-featured-img":"","footer-sml-layout":"","theme-transparent-header-meta":"","adv-header-id-meta":"","stick-header-meta":"","header-above-stick-meta":"","header-main-stick-meta":"","header-below-stick-meta":"","astra-migrate-meta-layouts":"default","ast-page-background-enabled":"default","ast-page-background-meta":{"desktop":{"background-color":"var(--ast-global-color-5)","background-image":"","background-repeat":"repeat","background-position":"center center","background-size":"auto","background-attachment":"scroll","background-type":"","background-media":"","overlay-type":"","overlay-color":"","overlay-opacity":"","overlay-gradient":""},"tablet":{"background-color":"","background-image":"","background-repeat":"repeat","background-position":"center center","background-size":"auto","background-attachment":"scroll","background-type":"","background-media":"","overlay-type":"","overlay-color":"","overlay-opacity":"","overlay-gradient":""},"mobile":{"background-color":"","background-image":"","background-repeat":"repeat","background-position":"center center","background-size":"auto","background-attachment":"scroll","background-type":"","background-media":"","overlay-type":"","overlay-color":"","overlay-opacity":"","overlay-gradient":""}},"ast-content-background-meta":{"desktop":{"background-color":"var(--ast-global-color-4)","background-image":"","background-repeat":"repeat","background-position":"center center","background-size":"auto","background-attachment":"scroll","background-type":"","background-media":"","overlay-type":"","overlay-color":"","overlay-opacity":"","overlay-gradient":""},"tablet":{"background-color":"var(--ast-global-color-4)","background-image":"","background-repeat":"repeat","background-position":"center center","background-size":"auto","background-attachment":"scroll","background-type":"","background-media":"","overlay-type":"","overlay-color":"","overlay-opacity":"","overlay-gradient":""},"mobile":{"background-color":"var(--ast-global-color-4)","background-image":"","background-repeat":"repeat","background-position":"center center","background-size":"auto","background-attachment":"scroll","background-type":"","background-media":"","overlay-type":"","overlay-color":"","overlay-opacity":"","overlay-gradient":""}},"footnotes":""},"categories":[],"tags":[],"class_list":["post-225530","page","type-page","status-publish","hentry"],"yoast_head":"<!-- This site is optimized with the Yoast SEO Premium plugin v27.4 (Yoast SEO v27.4) - https:\/\/yoast.com\/product\/yoast-seo-premium-wordpress\/ -->\n<title>ADA Request - City of Miami Beach<\/title>\n<meta name=\"description\" content=\"%\" \/>\n<meta name=\"robots\" content=\"index, follow, max-snippet:-1, max-image-preview:large, max-video-preview:-1\" \/>\n<link rel=\"canonical\" href=\"https:\/\/www.miamibeachfl.gov\/es\/ada\/ada-request\/\" \/>\n<meta property=\"og:locale\" content=\"es_ES\" \/>\n<meta property=\"og:type\" content=\"article\" \/>\n<meta property=\"og:title\" content=\"ADA Request\" \/>\n<meta property=\"og:description\" content=\"%\" \/>\n<meta property=\"og:url\" content=\"https:\/\/www.miamibeachfl.gov\/es\/ada\/ada-request\/\" \/>\n<meta property=\"og:site_name\" content=\"City of Miami Beach\" \/>\n<meta property=\"article:publisher\" content=\"https:\/\/www.facebook.com\/cityofmiamibeach\" \/>\n<meta property=\"article:modified_time\" content=\"2026-04-14T20:06:33+00:00\" \/>\n<meta property=\"og:image\" content=\"https:\/\/www.miamibeachfl.gov\/wp-content\/uploads\/2024\/01\/1000pxSquare-miamibeach-aerial-southpointview.jpeg\" \/>\n\t<meta property=\"og:image:width\" content=\"1000\" \/>\n\t<meta property=\"og:image:height\" content=\"1000\" \/>\n\t<meta property=\"og:image:type\" content=\"image\/jpeg\" \/>\n<meta name=\"twitter:card\" content=\"summary_large_image\" \/>\n<meta name=\"twitter:site\" content=\"@Miamibeachnews\" \/>\n<script type=\"application\/ld+json\" class=\"yoast-schema-graph\">{\"@context\":\"https:\\\/\\\/schema.org\",\"@graph\":[{\"@type\":\"WebPage\",\"@id\":\"https:\\\/\\\/www.miamibeachfl.gov\\\/ada\\\/ada-request\\\/\",\"url\":\"https:\\\/\\\/www.miamibeachfl.gov\\\/ada\\\/ada-request\\\/\",\"name\":\"ADA Request - City of Miami Beach\",\"isPartOf\":{\"@id\":\"https:\\\/\\\/www.miamibeachfl.gov\\\/#website\"},\"datePublished\":\"2022-10-07T18:33:25+00:00\",\"dateModified\":\"2026-04-14T20:06:33+00:00\",\"description\":\"%\",\"breadcrumb\":{\"@id\":\"https:\\\/\\\/www.miamibeachfl.gov\\\/ada\\\/ada-request\\\/#breadcrumb\"},\"inLanguage\":\"es\",\"potentialAction\":[{\"@type\":\"ReadAction\",\"target\":[\"https:\\\/\\\/www.miamibeachfl.gov\\\/ada\\\/ada-request\\\/\"]}]},{\"@type\":\"BreadcrumbList\",\"@id\":\"https:\\\/\\\/www.miamibeachfl.gov\\\/ada\\\/ada-request\\\/#breadcrumb\",\"itemListElement\":[{\"@type\":\"ListItem\",\"position\":1,\"name\":\"Home\",\"item\":\"https:\\\/\\\/www.miamibeachfl.gov\\\/\"},{\"@type\":\"ListItem\",\"position\":2,\"name\":\"ADA\",\"item\":\"https:\\\/\\\/www.miamibeachfl.gov\\\/ada\\\/\"},{\"@type\":\"ListItem\",\"position\":3,\"name\":\"ADA Request\"}]},{\"@type\":\"WebSite\",\"@id\":\"https:\\\/\\\/www.miamibeachfl.gov\\\/#website\",\"url\":\"https:\\\/\\\/www.miamibeachfl.gov\\\/\",\"name\":\"City of Miami Beach\",\"description\":\"The official website of the City of Miami Beach. Stay informed, find important information on city services, news, alerts, events, trolley routes, government employment and more.\",\"publisher\":{\"@id\":\"https:\\\/\\\/www.miamibeachfl.gov\\\/#organization\"},\"potentialAction\":[{\"@type\":\"SearchAction\",\"target\":{\"@type\":\"EntryPoint\",\"urlTemplate\":\"https:\\\/\\\/www.miamibeachfl.gov\\\/?s={search_term_string}\"},\"query-input\":{\"@type\":\"PropertyValueSpecification\",\"valueRequired\":true,\"valueName\":\"search_term_string\"}}],\"inLanguage\":\"es\"},{\"@type\":\"Organization\",\"@id\":\"https:\\\/\\\/www.miamibeachfl.gov\\\/#organization\",\"name\":\"City of Miami Beach\",\"url\":\"https:\\\/\\\/www.miamibeachfl.gov\\\/\",\"logo\":{\"@type\":\"ImageObject\",\"inLanguage\":\"es\",\"@id\":\"https:\\\/\\\/www.miamibeachfl.gov\\\/#\\\/schema\\\/logo\\\/image\\\/\",\"url\":\"https:\\\/\\\/www.miamibeachfl.gov\\\/wp-content\\\/uploads\\\/2022\\\/06\\\/miamibeach-logoblue.png\",\"contentUrl\":\"https:\\\/\\\/www.miamibeachfl.gov\\\/wp-content\\\/uploads\\\/2022\\\/06\\\/miamibeach-logoblue.png\",\"width\":1962,\"height\":381,\"caption\":\"City of Miami Beach\"},\"image\":{\"@id\":\"https:\\\/\\\/www.miamibeachfl.gov\\\/#\\\/schema\\\/logo\\\/image\\\/\"},\"sameAs\":[\"https:\\\/\\\/www.facebook.com\\\/cityofmiamibeach\",\"https:\\\/\\\/x.com\\\/Miamibeachnews\",\"https:\\\/\\\/www.instagram.com\\\/miamibeachnews\\\/\"],\"description\":\"The official website of the City of Miami Beach. Stay informed, find important information on city services, news, alerts, events, trolley routes, government employment and more.\",\"telephone\":\"305.604.CITY(2489)\",\"legalName\":\"City of Miami Beach\"}]}<\/script>\n<!-- \/ Yoast SEO Premium plugin. -->","yoast_head_json":{"title":"Solicitud ADA - Ciudad de Miami Beach","description":"%","robots":{"index":"index","follow":"follow","max-snippet":"max-snippet:-1","max-image-preview":"max-image-preview:large","max-video-preview":"max-video-preview:-1"},"canonical":"https:\/\/www.miamibeachfl.gov\/es\/ada\/ada-request\/","og_locale":"es_ES","og_type":"article","og_title":"ADA Request","og_description":"%","og_url":"https:\/\/www.miamibeachfl.gov\/es\/ada\/ada-request\/","og_site_name":"City of Miami Beach","article_publisher":"https:\/\/www.facebook.com\/cityofmiamibeach","article_modified_time":"2026-04-14T20:06:33+00:00","og_image":[{"width":1000,"height":1000,"url":"https:\/\/www.miamibeachfl.gov\/wp-content\/uploads\/2024\/01\/1000pxSquare-miamibeach-aerial-southpointview.jpeg","type":"image\/jpeg"}],"twitter_card":"summary_large_image","twitter_site":"@Miamibeachnews","schema":{"@context":"https:\/\/schema.org","@graph":[{"@type":"WebPage","@id":"https:\/\/www.miamibeachfl.gov\/ada\/ada-request\/","url":"https:\/\/www.miamibeachfl.gov\/ada\/ada-request\/","name":"Solicitud ADA - Ciudad de Miami Beach","isPartOf":{"@id":"https:\/\/www.miamibeachfl.gov\/#website"},"datePublished":"2022-10-07T18:33:25+00:00","dateModified":"2026-04-14T20:06:33+00:00","description":"%","breadcrumb":{"@id":"https:\/\/www.miamibeachfl.gov\/ada\/ada-request\/#breadcrumb"},"inLanguage":"es","potentialAction":[{"@type":"ReadAction","target":["https:\/\/www.miamibeachfl.gov\/ada\/ada-request\/"]}]},{"@type":"BreadcrumbList","@id":"https:\/\/www.miamibeachfl.gov\/ada\/ada-request\/#breadcrumb","itemListElement":[{"@type":"ListItem","position":1,"name":"Home","item":"https:\/\/www.miamibeachfl.gov\/"},{"@type":"ListItem","position":2,"name":"ADA","item":"https:\/\/www.miamibeachfl.gov\/ada\/"},{"@type":"ListItem","position":3,"name":"ADA Request"}]},{"@type":"WebSite","@id":"https:\/\/www.miamibeachfl.gov\/#website","url":"https:\/\/www.miamibeachfl.gov\/","name":"Ciudad de Miami Beach","description":"Sitio web oficial de la Ciudad de Miami Beach. Mant\u00e9ngase informado, encuentre informaci\u00f3n importante sobre servicios municipales, noticias, alertas, eventos, rutas de tranv\u00edas, empleos gubernamentales y m\u00e1s.","publisher":{"@id":"https:\/\/www.miamibeachfl.gov\/#organization"},"potentialAction":[{"@type":"SearchAction","target":{"@type":"EntryPoint","urlTemplate":"https:\/\/www.miamibeachfl.gov\/?s={search_term_string}"},"query-input":{"@type":"PropertyValueSpecification","valueRequired":true,"valueName":"search_term_string"}}],"inLanguage":"es"},{"@type":"Organization","@id":"https:\/\/www.miamibeachfl.gov\/#organization","name":"Ciudad de Miami Beach","url":"https:\/\/www.miamibeachfl.gov\/","logo":{"@type":"ImageObject","inLanguage":"es","@id":"https:\/\/www.miamibeachfl.gov\/#\/schema\/logo\/image\/","url":"https:\/\/www.miamibeachfl.gov\/wp-content\/uploads\/2022\/06\/miamibeach-logoblue.png","contentUrl":"https:\/\/www.miamibeachfl.gov\/wp-content\/uploads\/2022\/06\/miamibeach-logoblue.png","width":1962,"height":381,"caption":"City of Miami Beach"},"image":{"@id":"https:\/\/www.miamibeachfl.gov\/#\/schema\/logo\/image\/"},"sameAs":["https:\/\/www.facebook.com\/cityofmiamibeach","https:\/\/x.com\/Miamibeachnews","https:\/\/www.instagram.com\/miamibeachnews\/"],"description":"Sitio web oficial de la Ciudad de Miami Beach. Mant\u00e9ngase informado, encuentre informaci\u00f3n importante sobre servicios municipales, noticias, alertas, eventos, rutas de tranv\u00edas, empleos gubernamentales y m\u00e1s.","telephone":"305.604.CITY(2489)","legalName":"City of Miami Beach"}]}},"_links":{"self":[{"href":"https:\/\/www.miamibeachfl.gov\/es\/wp-json\/wp\/v2\/pages\/225530","targetHints":{"allow":["GET"]}}],"collection":[{"href":"https:\/\/www.miamibeachfl.gov\/es\/wp-json\/wp\/v2\/pages"}],"about":[{"href":"https:\/\/www.miamibeachfl.gov\/es\/wp-json\/wp\/v2\/types\/page"}],"author":[{"embeddable":true,"href":"https:\/\/www.miamibeachfl.gov\/es\/wp-json\/wp\/v2\/users\/222"}],"replies":[{"embeddable":true,"href":"https:\/\/www.miamibeachfl.gov\/es\/wp-json\/wp\/v2\/comments?post=225530"}],"version-history":[{"count":5,"href":"https:\/\/www.miamibeachfl.gov\/es\/wp-json\/wp\/v2\/pages\/225530\/revisions"}],"predecessor-version":[{"id":398930,"href":"https:\/\/www.miamibeachfl.gov\/es\/wp-json\/wp\/v2\/pages\/225530\/revisions\/398930"}],"up":[{"embeddable":true,"href":"https:\/\/www.miamibeachfl.gov\/es\/wp-json\/wp\/v2\/pages\/225181"}],"wp:attachment":[{"href":"https:\/\/www.miamibeachfl.gov\/es\/wp-json\/wp\/v2\/media?parent=225530"}],"wp:term":[{"taxonomy":"category","embeddable":true,"href":"https:\/\/www.miamibeachfl.gov\/es\/wp-json\/wp\/v2\/categories?post=225530"},{"taxonomy":"post_tag","embeddable":true,"href":"https:\/\/www.miamibeachfl.gov\/es\/wp-json\/wp\/v2\/tags?post=225530"}],"curies":[{"name":"gracias","href":"https:\/\/api.w.org\/{rel}","templated":true}]}}