{"id":225532,"date":"2022-10-07T14:34:35","date_gmt":"2022-10-07T18:34:35","guid":{"rendered":"https:\/\/www.miamibeachfl.gov\/?page_id=225532"},"modified":"2026-04-22T15:03:18","modified_gmt":"2026-04-22T19:03:18","slug":"americans-with-disability-act","status":"publish","type":"page","link":"https:\/\/www.miamibeachfl.gov\/es\/ada\/americans-with-disability-act\/","title":{"rendered":"Ley de Estadounidenses con Discapacidades"},"content":{"rendered":"<h1>\n\t\t\tLey de Estadounidenses con Discapacidades\t<\/h1>\nMen\u00fa ADA\t\t\t\n\t\t\t\t\t<ul id=\"menu-ada\"><li id=\"menu-item-225437\"><a href=\"https:\/\/www.miamibeachfl.gov\/es\/ada\/\">ADA<\/a><\/li>\n<li id=\"menu-item-225550\"><a href=\"https:\/\/www.miamibeachfl.gov\/es\/ada\/ada-handbook-title-ii\/\">Manual de la ADA \u2013 T\u00edtulo II<\/a><\/li>\n<li id=\"menu-item-225549\"><a href=\"https:\/\/www.miamibeachfl.gov\/es\/ada\/ada-request\/\">Solicitud ADA<\/a><\/li>\n<li id=\"menu-item-225548\"><a href=\"https:\/\/www.miamibeachfl.gov\/es\/ada\/americans-with-disability-act\/\">Ley de Estadounidenses con Discapacidades<\/a><\/li>\n<li id=\"menu-item-225438\"><a href=\"https:\/\/www.miamibeachfl.gov\/es\/ada\/beach-wheelchair-access\/\">Acceso a la playa<\/a><\/li>\n<li id=\"menu-item-225547\"><a href=\"https:\/\/www.miamibeachfl.gov\/es\/ada\/complaints-for-discrimination\/\">Quejas por discriminaci\u00f3n<\/a><\/li>\n<li id=\"menu-item-225546\"><a href=\"https:\/\/www.miamibeachfl.gov\/es\/ada\/difficulty-of-hearing\/\">Dificultad para o\u00edr<\/a><\/li>\n<li id=\"menu-item-225545\"><a href=\"https:\/\/www.miamibeachfl.gov\/es\/ada\/disability-etiquette\/\">Etiqueta de discapacidad<\/a><\/li>\n<li id=\"menu-item-225554\"><a href=\"https:\/\/www.miamibeachfl.gov\/es\/ada\/disability-hiring-policy\/\">Pol\u00edtica de contrataci\u00f3n<\/a><\/li>\n<li id=\"menu-item-225544\"><a href=\"https:\/\/www.miamibeachfl.gov\/es\/ada\/white-cane-law\/\">Ley del Bast\u00f3n Blanco<\/a><\/li>\n<\/ul>\t\nMen\u00fa ADA \u00d7\t\t\t\t\t\t<ul id=\"menu-ada-1\"><li id=\"menu-item-225437\"><a href=\"https:\/\/www.miamibeachfl.gov\/es\/ada\/\">ADA<\/a><\/li>\n<li id=\"menu-item-225550\"><a href=\"https:\/\/www.miamibeachfl.gov\/es\/ada\/ada-handbook-title-ii\/\">Manual de la ADA \u2013 T\u00edtulo II<\/a><\/li>\n<li id=\"menu-item-225549\"><a href=\"https:\/\/www.miamibeachfl.gov\/es\/ada\/ada-request\/\">Solicitud ADA<\/a><\/li>\n<li id=\"menu-item-225548\"><a href=\"https:\/\/www.miamibeachfl.gov\/es\/ada\/americans-with-disability-act\/\">Ley de Estadounidenses con Discapacidades<\/a><\/li>\n<li id=\"menu-item-225438\"><a href=\"https:\/\/www.miamibeachfl.gov\/es\/ada\/beach-wheelchair-access\/\">Acceso a la playa<\/a><\/li>\n<li id=\"menu-item-225547\"><a href=\"https:\/\/www.miamibeachfl.gov\/es\/ada\/complaints-for-discrimination\/\">Quejas por discriminaci\u00f3n<\/a><\/li>\n<li id=\"menu-item-225546\"><a href=\"https:\/\/www.miamibeachfl.gov\/es\/ada\/difficulty-of-hearing\/\">Dificultad para o\u00edr<\/a><\/li>\n<li id=\"menu-item-225545\"><a href=\"https:\/\/www.miamibeachfl.gov\/es\/ada\/disability-etiquette\/\">Etiqueta de discapacidad<\/a><\/li>\n<li id=\"menu-item-225554\"><a href=\"https:\/\/www.miamibeachfl.gov\/es\/ada\/disability-hiring-policy\/\">Pol\u00edtica de contrataci\u00f3n<\/a><\/li>\n<li id=\"menu-item-225544\"><a href=\"https:\/\/www.miamibeachfl.gov\/es\/ada\/white-cane-law\/\">Ley del Bast\u00f3n Blanco<\/a><\/li>\n<\/ul>\t\t\t\t\n\t\t\t<h2>\n\t\t\tCumplimiento de la ADA\t<\/h2>\n\t<p>Desde hace tiempo, la pol\u00edtica municipal ha sido brindar igualdad de servicios y oportunidades a todos sus ciudadanos y empleados, de acuerdo con las directrices federales, estatales y del condado en cuanto a raza, religi\u00f3n, nacionalidad, edad, sexo o discapacidad. La Ciudad de Miami Beach se enorgullece de haber aprobado la primera ordenanza de derechos humanos del Estado de Florida que proh\u00edbe la discriminaci\u00f3n, incluida la discriminaci\u00f3n por orientaci\u00f3n sexual, y establece sanciones en caso de condena por incumplimiento de la ordenanza.<\/p>\n\t<ul>\n\t\t\t<li>\n\t\t\t<h3>\n\t\t\t<a href=\"#_a\" target=\"_self\"  data-hover=\"What is the ADA?\" aria-label=\"\u00bfQu\u00e9 es la ADA?\">\u00bfQu\u00e9 es la ADA?<\/a>\n\t\t\t<\/h3>\n\t\t<\/li>\n\t\t\t\t\t<li>\n\t\t\t<h3>\n\t\t\t<a href=\"#_b\" target=\"_self\"  data-hover=\"City Policy\" aria-label=\"Pol\u00edtica de la ciudad\">Pol\u00edtica de la ciudad<\/a>\n\t\t\t<\/h3>\n\t\t<\/li>\n\t\t\t\t\t<li>\n\t\t\t<h3>\n\t\t\t<a href=\"#_c\" target=\"_self\"  data-hover=\"ADA Transition Plan\" aria-label=\"Plan de transici\u00f3n de la ADA\">Plan de transici\u00f3n de la ADA<\/a>\n\t\t\t<\/h3>\n\t\t<\/li>\n\t\t\t\t\t<li>\n\t\t\t<h3>\n\t\t\t<a href=\"#_d\" target=\"_self\"  data-hover=\"Disability Access Committee\" aria-label=\"Comit\u00e9 de Acceso para Discapacitados\">Comit\u00e9 de Acceso para Discapacitados<\/a>\n\t\t\t<\/h3>\n\t\t<\/li>\n\t\t\t\t\t<li>\n\t\t\t<h3>\n\t\t\t<a href=\"#_e\" target=\"_self\"  data-hover=\"City Wide Curb Ramp Improvement Plan\" aria-label=\"Plan de mejora de rampas de acera de toda la ciudad\">Plan de mejora de rampas de acera de toda la ciudad<\/a>\n\t\t\t<\/h3>\n\t\t<\/li>\n\t\t\t\t\t<li>\n\t\t\t<h3>\n\t\t\t<a href=\"#_f\" target=\"_self\"  data-hover=\"What is the Emergency Evacuation Assistance?\" aria-label=\"\u00bfQu\u00e9 es la Asistencia de Evacuaci\u00f3n de Emergencia?\">\u00bfQu\u00e9 es la Asistencia de Evacuaci\u00f3n de Emergencia?<\/a>\n\t\t\t<\/h3>\n\t\t<\/li>\n\t\t\t\t\t<li>\n\t\t\t<h3>\n\t\t\t<a href=\"#_g\" target=\"_self\"  data-hover=\"Miami-Dade County Emergency Evacuation Program for Persons with Special Needs\" aria-label=\"Programa de Evacuaci\u00f3n de Emergencia del Condado de Miami-Dade para Personas con Necesidades Especiales\">Programa de Evacuaci\u00f3n de Emergencia del Condado de Miami-Dade para Personas con Necesidades Especiales<\/a>\n\t\t\t<\/h3>\n\t\t<\/li>\n\t\t\t\t\t<li>\n\t\t\t<h3>\n\t\t\t<a href=\"#_g\" target=\"_self\"  data-hover=\"How can I learn more about ADA?\" aria-label=\"\u00bfC\u00f3mo puedo obtener m\u00e1s informaci\u00f3n sobre la ADA?\">\u00bfC\u00f3mo puedo obtener m\u00e1s informaci\u00f3n sobre la ADA?<\/a>\n\t\t\t<\/h3>\n\t\t<\/li>\n\t\t\t\t\t<li>\n\t\t\t<h3>\n\t\t\t<a href=\"#_I\" target=\"_self\"  data-hover=\"Tax Incentives Packet on the Americans with Disabilities Act\" aria-label=\"Paquete de incentivos fiscales sobre la Ley de Estadounidenses con Discapacidades\">Paquete de incentivos fiscales sobre la Ley de Estadounidenses con Discapacidades<\/a>\n\t\t\t<\/h3>\n\t\t<\/li>\n\t\t\t\t<\/ul>\n\t<h3>\u00bfQu\u00e9 es la ADA?<\/h3>\nLa Ley de Estadounidenses con Discapacidades de 1990 (ADA) no es una persona, una organizaci\u00f3n ni una agencia. La ADA es una ley federal que otorga a las personas con discapacidad la misma protecci\u00f3n de sus derechos civiles que a las personas con base en su raza, color, sexo, origen nacional, edad y religi\u00f3n. Garantiza la igualdad de oportunidades para las personas con discapacidad en lugares p\u00fablicos, empleo, transporte y en los gobiernos estatales y locales.<br \/>\nservicios y telecomunicaciones.\n\t<h3>Pol\u00edtica de la ciudad<\/h3>\n<p>Desde hace tiempo, la pol\u00edtica municipal ha sido brindar igualdad de servicios y oportunidades a todos sus ciudadanos y empleados, de acuerdo con las directrices federales, estatales y del condado en cuanto a raza, religi\u00f3n, nacionalidad, edad, sexo o discapacidad. La Ciudad de Miami Beach se enorgullece de haber aprobado la primera ordenanza de derechos humanos del Estado de Florida que proh\u00edbe la discriminaci\u00f3n, incluida la discriminaci\u00f3n por orientaci\u00f3n sexual, y establece sanciones en caso de condena por incumplimiento de la ordenanza.<\/p>\n\t<h3>Plan de transici\u00f3n de la ADA<\/h3>\n<p><strong><a href=\"https:\/\/www.miamibeachfl.gov\/wp-content\/uploads\/2023\/06\/ADA_Transition_Plan_2023.pdf\">Click here for a copy of the City&#8217;s ADA Transition Plan can be found here<\/a><\/strong>, you may also contact Valeria Mejia, the City&#8217;s ADA Manager at 305.673.7000 x2988 or by email at:<strong> <a title=\"mailto:valeriamejia@miamibeachfl.gov\" href=\"mailto:valeriamejia@miamibeachfl.gov\">valeriamejia@miamibeachfl.gov<\/a><\/strong><\/p>\n\t<h3>Comit\u00e9 de Acceso para Discapacitados<\/h3>\n<p>El prop\u00f3sito del Comit\u00e9 de Acceso para Discapacitados (DAC) de la Ciudad es revisar, formular y coordinar informaci\u00f3n, sugerencias, propuestas y planes, y atender las quejas del p\u00fablico en general para brindar instalaciones, edificios p\u00fablicos, calles, aceras y programas m\u00e1s accesibles para las personas con discapacidad en la Ciudad. Se consulta al Comit\u00e9 para priorizar las mejoras relacionadas con la accesibilidad a las instalaciones, programas y servicios de la Ciudad. Las prioridades se refieren tanto al orden de las instalaciones a modificar como a las mejoras espec\u00edficas para cada una. El Comit\u00e9 puede brindar informaci\u00f3n sobre accesibilidad a los siguientes departamentos de la Ciudad: servicios de construcci\u00f3n, parques y recreaci\u00f3n, cultura, polic\u00eda y cumplimiento del c\u00f3digo, en nombre de las personas con discapacidad que residen o visitan la Ciudad de Miami Beach.<\/p>\n<p>El DAC est\u00e1 compuesto por catorce (14) miembros con derecho a voto, designados directamente por el Alcalde y los Comisionados Municipales. Se considerar\u00e1n, entre otras, las siguientes categor\u00edas: personas con discapacidad motriz; personas sordas o con dificultades auditivas; personas ciegas o con discapacidad visual; discapacidades mentales, cognitivas o del desarrollo; y los sectores del turismo y las convenciones, el comercio minorista, la hosteler\u00eda (restaurantes u hoteles) y la atenci\u00f3n m\u00e9dica (o rehabilitaci\u00f3n).<\/p>\n<p>El DAC se re\u00fane una vez al mes (con excepciones estipuladas por los miembros), el tercer martes. Las reuniones se celebran a las 15:00 h en la Sala de Conferencias del Administrador Municipal, ubicada en el cuarto piso del Ayuntamiento, 1700 Convention Center Drive, Miami Beach, y est\u00e1n abiertas al p\u00fablico. Las fechas y horarios est\u00e1n sujetos a cambios.<\/p>\n\t<h3>Plan de mejora de rampas de acera de toda la ciudad<\/h3>\n<p>El Plan de Mejora de Rampas de Acceso para Sillas de Ruedas en Toda la Ciudad es un plan sistem\u00e1tico para instalar rampas de acceso para sillas de ruedas que cumplan con la ADA en las intersecciones de las calles controladas por la Ciudad en toda Miami Beach, en la medida de lo posible. El objetivo de la Ciudad es brindar acceso a los programas y servicios municipales a todas las personas, independientemente de su discapacidad.<\/p>\n<p>Para informar sobre una rampa de acera faltante, da\u00f1ada o que no cumple con las normas en una calle de la ciudad, llame al Departamento de Obras P\u00fablicas al <strong><a href=\"tel:3056737080\">305.673.7080.<\/a><\/strong><\/p>\n\t<h3>\u00bfQu\u00e9 es la Asistencia de Evacuaci\u00f3n de Emergencia?<\/h3>\n<p>Cuando ocurren desastres, las personas necesitan evacuar sus hogares r\u00e1pidamente para ponerse a salvo. Debido a sus afecciones m\u00e9dicas o de otro tipo, algunos residentes del condado de Miami-Dade necesitar\u00e1n ayuda para hacerlo. El Departamento de Manejo de Emergencias (DEM) supervisa todos los procedimientos de preparaci\u00f3n para emergencias. <strong><a href=\"https:\/\/www.miamibeachfl.gov\/es\/city-hall\/fire\/emergency-management\/plan-and-prepare-emergency-preparation\/\">haga clic aqu\u00ed<\/a><\/strong><\/p>\n\t<h3>Programa de Evacuaci\u00f3n de Emergencia del Condado de Miami-Dade para Personas con Necesidades Especiales<\/h3>\n<p>Si usted o alguien que conoce requiere atenci\u00f3n de enfermer\u00eda especializada, tiene equipo m\u00e9dico que depende de electricidad, necesita ayuda con la vida diaria o puede necesitar ayuda para evacuar de CUALQUIER desastre, se recomienda que los registre en el\u00a0<strong><a href=\"https:\/\/www.miamidade.gov\/global\/service.page?Mduid_service=ser1470238193996672\">Programa de asistencia para evacuaciones de emergencia del condado de Miami-Dade<\/a>.<\/strong><\/p>\n\t<h3>\u00bfC\u00f3mo puedo obtener m\u00e1s informaci\u00f3n sobre la ADA?<\/h3>\n<p>El Departamento de Justicia de EE. UU. tiene una p\u00e1gina web sobre la ADA con enlaces a numerosas publicaciones \u00fatiles. Haga clic en el enlace a continuaci\u00f3n para visitar su sitio web: <strong><a href=\"http:\/\/www.ada.gov\">www.ada.gov<\/a><\/strong><\/p>\n\t<strong>Paquete de incentivos fiscales sobre la Ley de Estadounidenses con Discapacidades<\/strong><br \/>\nEl Departamento de Justicia de EE. UU., en su sitio web, ofrece informaci\u00f3n para ayudar a las empresas a comprender y aprovechar los cr\u00e9ditos y deducciones fiscales disponibles para cumplir con la ADA. Para acceder a esta informaci\u00f3n, haga clic en el siguiente enlace:\u00a0<strong><a href=\"https:\/\/www.ada.gov\/taxcred.htm\">www.ada.gov\/taxcred.htm<\/a><\/strong>\n<h3>\n\t\t\tComun\u00edquese con el administrador de la ADA:\t<\/h3>\n\tValeria Mej\u00eda<br \/>\nGerente de ADA<br \/>\n<a href=\"tel:3056737080\">305.673.7080 (VOZ)<\/a><br \/>\n<a href=\"tel:711\">7-1-1 (Relevo de Florida)<\/a><br \/>\n<strong><a href=\"mailto:valeriamejia@miamibeachfl.gov\">valeriamejia@miamibeachfl.gov<\/a><\/strong>\n\t<iframe src=\"https:\/\/www.google.com\/maps\/embed\/v1\/place?q=Miami+Beach+City+Hall%0A1700+Convention+Center+Drive%2C%0APublic+Works%2C+Fourth+Floor%0AMiami+Beach%2C+FL+33139&#038;key=AIzaSyD09zQ9PNDNNy9TadMuzRV_UsPUoWKntt8\" aria-hidden=\"true\"><\/iframe>\n<h3>\n\t\t\tOficina de la ADA:\t<\/h3>\n\t<strong>Ayuntamiento de Miami Beach<\/strong><br \/>\n1700 Convention Center Drive,<br \/>\nObras P\u00fablicas, Cuarto Piso<br \/>\nMiami Beach, FL 33139","protected":false},"excerpt":{"rendered":"<p>Americans With Disability Act ADA Menu ADA ADA Handbook &#8211; Title II ADA Request Americans With Disabilities Act Beach Access [&hellip;]<\/p>\n","protected":false},"author":222,"featured_media":0,"parent":225181,"menu_order":37,"comment_status":"closed","ping_status":"closed","template":"","meta":{"_searchwp_excluded":"","site-sidebar-layout":"default","site-content-layout":"","ast-site-content-layout":"default","site-content-style":"default","site-sidebar-style":"default","ast-global-header-display":"","ast-banner-title-visibility":"","ast-main-header-display":"","ast-hfb-above-header-display":"","ast-hfb-below-header-display":"","ast-hfb-mobile-header-display":"","site-post-title":"","ast-breadcrumbs-content":"","ast-featured-img":"","footer-sml-layout":"","theme-transparent-header-meta":"","adv-header-id-meta":"","stick-header-meta":"","header-above-stick-meta":"","header-main-stick-meta":"","header-below-stick-meta":"","astra-migrate-meta-layouts":"default","ast-page-background-enabled":"default","ast-page-background-meta":{"desktop":{"background-color":"var(--ast-global-color-5)","background-image":"","background-repeat":"repeat","background-position":"center center","background-size":"auto","background-attachment":"scroll","background-type":"","background-media":"","overlay-type":"","overlay-color":"","overlay-opacity":"","overlay-gradient":""},"tablet":{"background-color":"","background-image":"","background-repeat":"repeat","background-position":"center center","background-size":"auto","background-attachment":"scroll","background-type":"","background-media":"","overlay-type":"","overlay-color":"","overlay-opacity":"","overlay-gradient":""},"mobile":{"background-color":"","background-image":"","background-repeat":"repeat","background-position":"center center","background-size":"auto","background-attachment":"scroll","background-type":"","background-media":"","overlay-type":"","overlay-color":"","overlay-opacity":"","overlay-gradient":""}},"ast-content-background-meta":{"desktop":{"background-color":"var(--ast-global-color-4)","background-image":"","background-repeat":"repeat","background-position":"center center","background-size":"auto","background-attachment":"scroll","background-type":"","background-media":"","overlay-type":"","overlay-color":"","overlay-opacity":"","overlay-gradient":""},"tablet":{"background-color":"var(--ast-global-color-4)","background-image":"","background-repeat":"repeat","background-position":"center center","background-size":"auto","background-attachment":"scroll","background-type":"","background-media":"","overlay-type":"","overlay-color":"","overlay-opacity":"","overlay-gradient":""},"mobile":{"background-color":"var(--ast-global-color-4)","background-image":"","background-repeat":"repeat","background-position":"center center","background-size":"auto","background-attachment":"scroll","background-type":"","background-media":"","overlay-type":"","overlay-color":"","overlay-opacity":"","overlay-gradient":""}},"footnotes":""},"categories":[],"tags":[],"class_list":["post-225532","page","type-page","status-publish","hentry"],"yoast_head":"<!-- This site is optimized with the Yoast SEO Premium plugin v27.4 (Yoast SEO v27.4) - https:\/\/yoast.com\/product\/yoast-seo-premium-wordpress\/ -->\n<title>Americans With Disabilities Act - City of Miami Beach<\/title>\n<meta name=\"description\" content=\"%\" \/>\n<meta name=\"robots\" content=\"index, follow, max-snippet:-1, max-image-preview:large, max-video-preview:-1\" \/>\n<link rel=\"canonical\" href=\"https:\/\/www.miamibeachfl.gov\/es\/ada\/americans-with-disability-act\/\" \/>\n<meta property=\"og:locale\" content=\"es_ES\" \/>\n<meta property=\"og:type\" content=\"article\" \/>\n<meta property=\"og:title\" content=\"Americans With Disabilities Act\" \/>\n<meta property=\"og:description\" content=\"%\" \/>\n<meta property=\"og:url\" content=\"https:\/\/www.miamibeachfl.gov\/es\/ada\/americans-with-disability-act\/\" \/>\n<meta property=\"og:site_name\" content=\"City of Miami Beach\" \/>\n<meta property=\"article:publisher\" content=\"https:\/\/www.facebook.com\/cityofmiamibeach\" \/>\n<meta property=\"article:modified_time\" content=\"2026-04-22T19:03:18+00:00\" \/>\n<meta property=\"og:image\" content=\"https:\/\/www.miamibeachfl.gov\/wp-content\/uploads\/2024\/01\/1000pxSquare-miamibeach-aerial-southpointview.jpeg\" \/>\n\t<meta property=\"og:image:width\" content=\"1000\" \/>\n\t<meta property=\"og:image:height\" content=\"1000\" \/>\n\t<meta property=\"og:image:type\" content=\"image\/jpeg\" \/>\n<meta name=\"twitter:card\" content=\"summary_large_image\" \/>\n<meta name=\"twitter:site\" content=\"@Miamibeachnews\" \/>\n<script type=\"application\/ld+json\" class=\"yoast-schema-graph\">{\"@context\":\"https:\\\/\\\/schema.org\",\"@graph\":[{\"@type\":\"WebPage\",\"@id\":\"https:\\\/\\\/www.miamibeachfl.gov\\\/ada\\\/americans-with-disability-act\\\/\",\"url\":\"https:\\\/\\\/www.miamibeachfl.gov\\\/ada\\\/americans-with-disability-act\\\/\",\"name\":\"Americans With Disabilities Act - City of Miami Beach\",\"isPartOf\":{\"@id\":\"https:\\\/\\\/www.miamibeachfl.gov\\\/#website\"},\"datePublished\":\"2022-10-07T18:34:35+00:00\",\"dateModified\":\"2026-04-22T19:03:18+00:00\",\"description\":\"%\",\"breadcrumb\":{\"@id\":\"https:\\\/\\\/www.miamibeachfl.gov\\\/ada\\\/americans-with-disability-act\\\/#breadcrumb\"},\"inLanguage\":\"es\",\"potentialAction\":[{\"@type\":\"ReadAction\",\"target\":[\"https:\\\/\\\/www.miamibeachfl.gov\\\/ada\\\/americans-with-disability-act\\\/\"]}]},{\"@type\":\"BreadcrumbList\",\"@id\":\"https:\\\/\\\/www.miamibeachfl.gov\\\/ada\\\/americans-with-disability-act\\\/#breadcrumb\",\"itemListElement\":[{\"@type\":\"ListItem\",\"position\":1,\"name\":\"Home\",\"item\":\"https:\\\/\\\/www.miamibeachfl.gov\\\/\"},{\"@type\":\"ListItem\",\"position\":2,\"name\":\"ADA\",\"item\":\"https:\\\/\\\/www.miamibeachfl.gov\\\/ada\\\/\"},{\"@type\":\"ListItem\",\"position\":3,\"name\":\"Americans With Disabilities Act\"}]},{\"@type\":\"WebSite\",\"@id\":\"https:\\\/\\\/www.miamibeachfl.gov\\\/#website\",\"url\":\"https:\\\/\\\/www.miamibeachfl.gov\\\/\",\"name\":\"City of Miami Beach\",\"description\":\"The official website of the City of Miami Beach. Stay informed, find important information on city services, news, alerts, events, trolley routes, government employment and more.\",\"publisher\":{\"@id\":\"https:\\\/\\\/www.miamibeachfl.gov\\\/#organization\"},\"potentialAction\":[{\"@type\":\"SearchAction\",\"target\":{\"@type\":\"EntryPoint\",\"urlTemplate\":\"https:\\\/\\\/www.miamibeachfl.gov\\\/?s={search_term_string}\"},\"query-input\":{\"@type\":\"PropertyValueSpecification\",\"valueRequired\":true,\"valueName\":\"search_term_string\"}}],\"inLanguage\":\"es\"},{\"@type\":\"Organization\",\"@id\":\"https:\\\/\\\/www.miamibeachfl.gov\\\/#organization\",\"name\":\"City of Miami Beach\",\"url\":\"https:\\\/\\\/www.miamibeachfl.gov\\\/\",\"logo\":{\"@type\":\"ImageObject\",\"inLanguage\":\"es\",\"@id\":\"https:\\\/\\\/www.miamibeachfl.gov\\\/#\\\/schema\\\/logo\\\/image\\\/\",\"url\":\"https:\\\/\\\/www.miamibeachfl.gov\\\/wp-content\\\/uploads\\\/2022\\\/06\\\/miamibeach-logoblue.png\",\"contentUrl\":\"https:\\\/\\\/www.miamibeachfl.gov\\\/wp-content\\\/uploads\\\/2022\\\/06\\\/miamibeach-logoblue.png\",\"width\":1962,\"height\":381,\"caption\":\"City of Miami Beach\"},\"image\":{\"@id\":\"https:\\\/\\\/www.miamibeachfl.gov\\\/#\\\/schema\\\/logo\\\/image\\\/\"},\"sameAs\":[\"https:\\\/\\\/www.facebook.com\\\/cityofmiamibeach\",\"https:\\\/\\\/x.com\\\/Miamibeachnews\",\"https:\\\/\\\/www.instagram.com\\\/miamibeachnews\\\/\"],\"description\":\"The official website of the City of Miami Beach. Stay informed, find important information on city services, news, alerts, events, trolley routes, government employment and more.\",\"telephone\":\"305.604.CITY(2489)\",\"legalName\":\"City of Miami Beach\"}]}<\/script>\n<!-- \/ Yoast SEO Premium plugin. -->","yoast_head_json":{"title":"Ley de Estadounidenses con Discapacidades - Ciudad de Miami Beach","description":"%","robots":{"index":"index","follow":"follow","max-snippet":"max-snippet:-1","max-image-preview":"max-image-preview:large","max-video-preview":"max-video-preview:-1"},"canonical":"https:\/\/www.miamibeachfl.gov\/es\/ada\/americans-with-disability-act\/","og_locale":"es_ES","og_type":"article","og_title":"Americans With Disabilities Act","og_description":"%","og_url":"https:\/\/www.miamibeachfl.gov\/es\/ada\/americans-with-disability-act\/","og_site_name":"City of Miami Beach","article_publisher":"https:\/\/www.facebook.com\/cityofmiamibeach","article_modified_time":"2026-04-22T19:03:18+00:00","og_image":[{"width":1000,"height":1000,"url":"https:\/\/www.miamibeachfl.gov\/wp-content\/uploads\/2024\/01\/1000pxSquare-miamibeach-aerial-southpointview.jpeg","type":"image\/jpeg"}],"twitter_card":"summary_large_image","twitter_site":"@Miamibeachnews","schema":{"@context":"https:\/\/schema.org","@graph":[{"@type":"WebPage","@id":"https:\/\/www.miamibeachfl.gov\/ada\/americans-with-disability-act\/","url":"https:\/\/www.miamibeachfl.gov\/ada\/americans-with-disability-act\/","name":"Ley de Estadounidenses con Discapacidades - Ciudad de Miami Beach","isPartOf":{"@id":"https:\/\/www.miamibeachfl.gov\/#website"},"datePublished":"2022-10-07T18:34:35+00:00","dateModified":"2026-04-22T19:03:18+00:00","description":"%","breadcrumb":{"@id":"https:\/\/www.miamibeachfl.gov\/ada\/americans-with-disability-act\/#breadcrumb"},"inLanguage":"es","potentialAction":[{"@type":"ReadAction","target":["https:\/\/www.miamibeachfl.gov\/ada\/americans-with-disability-act\/"]}]},{"@type":"BreadcrumbList","@id":"https:\/\/www.miamibeachfl.gov\/ada\/americans-with-disability-act\/#breadcrumb","itemListElement":[{"@type":"ListItem","position":1,"name":"Home","item":"https:\/\/www.miamibeachfl.gov\/"},{"@type":"ListItem","position":2,"name":"ADA","item":"https:\/\/www.miamibeachfl.gov\/ada\/"},{"@type":"ListItem","position":3,"name":"Americans With Disabilities Act"}]},{"@type":"WebSite","@id":"https:\/\/www.miamibeachfl.gov\/#website","url":"https:\/\/www.miamibeachfl.gov\/","name":"Ciudad de Miami Beach","description":"Sitio web oficial de la Ciudad de Miami Beach. Mant\u00e9ngase informado, encuentre informaci\u00f3n importante sobre servicios municipales, noticias, alertas, eventos, rutas de tranv\u00edas, empleos gubernamentales y m\u00e1s.","publisher":{"@id":"https:\/\/www.miamibeachfl.gov\/#organization"},"potentialAction":[{"@type":"SearchAction","target":{"@type":"EntryPoint","urlTemplate":"https:\/\/www.miamibeachfl.gov\/?s={search_term_string}"},"query-input":{"@type":"PropertyValueSpecification","valueRequired":true,"valueName":"search_term_string"}}],"inLanguage":"es"},{"@type":"Organization","@id":"https:\/\/www.miamibeachfl.gov\/#organization","name":"Ciudad de Miami Beach","url":"https:\/\/www.miamibeachfl.gov\/","logo":{"@type":"ImageObject","inLanguage":"es","@id":"https:\/\/www.miamibeachfl.gov\/#\/schema\/logo\/image\/","url":"https:\/\/www.miamibeachfl.gov\/wp-content\/uploads\/2022\/06\/miamibeach-logoblue.png","contentUrl":"https:\/\/www.miamibeachfl.gov\/wp-content\/uploads\/2022\/06\/miamibeach-logoblue.png","width":1962,"height":381,"caption":"City of Miami Beach"},"image":{"@id":"https:\/\/www.miamibeachfl.gov\/#\/schema\/logo\/image\/"},"sameAs":["https:\/\/www.facebook.com\/cityofmiamibeach","https:\/\/x.com\/Miamibeachnews","https:\/\/www.instagram.com\/miamibeachnews\/"],"description":"Sitio web oficial de la Ciudad de Miami Beach. Mant\u00e9ngase informado, encuentre informaci\u00f3n importante sobre servicios municipales, noticias, alertas, eventos, rutas de tranv\u00edas, empleos gubernamentales y m\u00e1s.","telephone":"305.604.CITY(2489)","legalName":"City of Miami Beach"}]}},"_links":{"self":[{"href":"https:\/\/www.miamibeachfl.gov\/es\/wp-json\/wp\/v2\/pages\/225532","targetHints":{"allow":["GET"]}}],"collection":[{"href":"https:\/\/www.miamibeachfl.gov\/es\/wp-json\/wp\/v2\/pages"}],"about":[{"href":"https:\/\/www.miamibeachfl.gov\/es\/wp-json\/wp\/v2\/types\/page"}],"author":[{"embeddable":true,"href":"https:\/\/www.miamibeachfl.gov\/es\/wp-json\/wp\/v2\/users\/222"}],"replies":[{"embeddable":true,"href":"https:\/\/www.miamibeachfl.gov\/es\/wp-json\/wp\/v2\/comments?post=225532"}],"version-history":[{"count":4,"href":"https:\/\/www.miamibeachfl.gov\/es\/wp-json\/wp\/v2\/pages\/225532\/revisions"}],"predecessor-version":[{"id":399343,"href":"https:\/\/www.miamibeachfl.gov\/es\/wp-json\/wp\/v2\/pages\/225532\/revisions\/399343"}],"up":[{"embeddable":true,"href":"https:\/\/www.miamibeachfl.gov\/es\/wp-json\/wp\/v2\/pages\/225181"}],"wp:attachment":[{"href":"https:\/\/www.miamibeachfl.gov\/es\/wp-json\/wp\/v2\/media?parent=225532"}],"wp:term":[{"taxonomy":"category","embeddable":true,"href":"https:\/\/www.miamibeachfl.gov\/es\/wp-json\/wp\/v2\/categories?post=225532"},{"taxonomy":"post_tag","embeddable":true,"href":"https:\/\/www.miamibeachfl.gov\/es\/wp-json\/wp\/v2\/tags?post=225532"}],"curies":[{"name":"gracias","href":"https:\/\/api.w.org\/{rel}","templated":true}]}}