{"id":233181,"date":"2022-12-06T15:34:33","date_gmt":"2022-12-06T20:34:33","guid":{"rendered":"https:\/\/www.miamibeachfl.gov\/?page_id=233181"},"modified":"2026-02-11T10:12:05","modified_gmt":"2026-02-11T15:12:05","slug":"neighborhood-affairs-division","status":"publish","type":"page","link":"https:\/\/www.miamibeachfl.gov\/es\/residents\/neighborhood-affairs-division\/","title":{"rendered":"Divisi\u00f3n de Asuntos Vecinales"},"content":{"rendered":"<h1>\n\t\t\tDivisi\u00f3n de Asuntos Vecinales\t<\/h1>\nMen\u00fa de residentes\t\t\t\n\t\t\t\t\t<ul id=\"menu-residents\"><li id=\"menu-item-258178\"><a href=\"\/es\/residents\/\">residentes<\/a><\/li>\n<li id=\"menu-item-259185\"><a href=\"\/es\/neighborhood-associations\/\">Asociaciones de vecinos y condominios<\/a><\/li>\n<li id=\"menu-item-258180\"><a href=\"\/es\/residents\/neighborhood-affairs-division\/\">Asuntos Vecinales<\/a><\/li>\n<li id=\"menu-item-258181\"><a href=\"\/es\/community-events-and-perks\/\">Beneficios y descuentos<\/a><\/li>\n<li id=\"menu-item-258182\"><a href=\"\/es\/animal-control\/\">Cuidado y control de animales<\/a><\/li>\n<li id=\"menu-item-258183\"><a href=\"\/es\/city-hall\/cip\/active-projects\/\">Proyectos activos<\/a><\/li>\n<li id=\"menu-item-281156\" aria-haspopup=\"true\"><a aria-expanded=\"false\" href=\"\/es\/engagementtoolbox\/\">Mantente conectado<\/a>\n<ul>\n\t<li id=\"menu-item-396190\"><a href=\"\/es\/residents\/resident-guide\/#importantnumbers\">N\u00fameros importantes<\/a><\/li>\n<\/ul>\n<\/li>\n<\/ul>\t\nMen\u00fa de residentes \u00d7\t\t\t\t\t\t<ul id=\"menu-residents-1\"><li id=\"menu-item-258178\"><a href=\"\/es\/residents\/\">residentes<\/a><\/li>\n<li id=\"menu-item-259185\"><a href=\"\/es\/neighborhood-associations\/\">Asociaciones de vecinos y condominios<\/a><\/li>\n<li id=\"menu-item-258180\"><a href=\"\/es\/residents\/neighborhood-affairs-division\/\">Asuntos Vecinales<\/a><\/li>\n<li id=\"menu-item-258181\"><a href=\"\/es\/community-events-and-perks\/\">Beneficios y descuentos<\/a><\/li>\n<li id=\"menu-item-258182\"><a href=\"\/es\/animal-control\/\">Cuidado y control de animales<\/a><\/li>\n<li id=\"menu-item-258183\"><a href=\"\/es\/city-hall\/cip\/active-projects\/\">Proyectos activos<\/a><\/li>\n<li id=\"menu-item-281156\" aria-haspopup=\"true\"><a aria-expanded=\"false\" href=\"\/es\/engagementtoolbox\/\">Mantente conectado<\/a>\n<ul>\n\t<li id=\"menu-item-396190\"><a href=\"\/es\/residents\/resident-guide\/#importantnumbers\">N\u00fameros importantes<\/a><\/li>\n<\/ul>\n<\/li>\n<\/ul>\t\t\t\t\n\t<p>La Divisi\u00f3n de Asuntos Vecinales fomenta s\u00f3lidas alianzas entre la comunidad y los departamentos de servicios operativos de la ciudad para mejorar la calidad de vida de los residentes y las empresas. Nuestro equipo de Coordinadores de Asuntos Vecinales colabora activamente con la comunidad para identificar necesidades y solicitudes espec\u00edficas y brindar un servicio al cliente \u00e1gil y oportuno. Nuestro objetivo es facilitar la comunicaci\u00f3n, promover la participaci\u00f3n c\u00edvica y fomentar un sentido de orgullo y pertenencia en los vecindarios para crear una ciudad m\u00e1s fuerte, conectada y pr\u00f3spera.<\/p>\n\t\t\t<a href =\"https:\/\/www.miamibeachfl.gov\/es\/city-hall\/cip\/active-projects\/\" target=\"_self\"  aria-label=\"Ver el mapa interactivo del proyecto para la construcci\u00f3n en toda la ciudad Haga clic aqu\u00ed para obtener informaci\u00f3n sobre los \u00faltimos proyectos de construcci\u00f3n de la comunidad\">\n\t\t\t\t\t\t\t\tVer el mapa interactivo del proyecto para la construcci\u00f3n en toda la ciudad Haga clic aqu\u00ed para obtener informaci\u00f3n sobre los \u00faltimos proyectos de construcci\u00f3n de la comunidad\t\t\t\t\t\t\t\n\t\t\t\t\t\t<\/a>\n\t\t\t\t<a href=\"https:\/\/www.miamibeachfl.gov\/es\/residents\/neighborhood-associations\/\"  target=\"_self\" itemprop=\"url\">\n\t\t\t\t<img decoding=\"async\" src=\"https:\/\/www.miamibeachfl.gov\/wp-content\/uploads\/2022\/12\/icon-neighborhood_1.png\" alt=\"Neighborhoods and Condominium Associations\" itemprop=\"image\" height=\"641\" width=\"641\" title=\"icono-barrio_1\" onerror=\"this.style.display='none'\" loading=\"lazy\" \/>\n\t\t\t\t<\/a>\n<h2><a href=\"https:\/\/www.miamibeachfl.gov\/es\/residents\/neighborhood-associations\/\" target=\"_self\">ASOCIACIONES DE VECINOS<\/a><\/h2><a href=\"https:\/\/www.miamibeachfl.gov\/es\/residents\/neighborhood-associations\/\"  target=\"_self\">Vecinos se unen para crear una mejor calidad de vida<\/a>\t\n\t\t\t\t<a href=\"\/es\/engagementtoolbox\/\"  target=\"_self\" itemprop=\"url\">\n\t\t\t\t<img decoding=\"async\" src=\"https:\/\/www.miamibeachfl.gov\/wp-content\/uploads\/2022\/12\/icon-engagementtoolbox.png\" alt=\"Engagement Toolbox\" itemprop=\"image\" height=\"641\" width=\"641\" title=\"caja de herramientas de interacci\u00f3n con iconos\" onerror=\"this.style.display='none'\" loading=\"lazy\" \/>\n\t\t\t\t<\/a>\n<h2><a href=\"\/es\/engagementtoolbox\/\" target=\"_self\">CAJA DE HERRAMIENTAS DE COMPROMISO<\/a><\/h2><a href=\"\/es\/engagementtoolbox\/\"  target=\"_self\">Mant\u00e9ngase conectado e informado<\/a>\t\n\t\t\t\t<a href=\"\/es\/residents\/animal-control\/\"  target=\"_self\" itemprop=\"url\">\n\t\t\t\t<img decoding=\"async\" src=\"https:\/\/www.miamibeachfl.gov\/wp-content\/uploads\/2022\/12\/icon-animals.png\" alt=\"Animal Control\" itemprop=\"image\" height=\"641\" width=\"641\" title=\"animales-iconos\" onerror=\"this.style.display='none'\" loading=\"lazy\" \/>\n\t\t\t\t<\/a>\n<h2><a href=\"\/es\/residents\/animal-control\/\" target=\"_self\">CONTROL DE ANIMALES<\/a><\/h2><a href=\"\/es\/residents\/animal-control\/\"  target=\"_self\">Informaci\u00f3n sobre gatos e iguanas de Sobe<\/a>\t\n\t\t\t\t<a href=\"https:\/\/gis.miamibeachfl.gov\/Html5Viewer\/index.html?viewer=PLC\"  target=\"_self\" itemprop=\"url\">\n\t\t\t\t<img decoding=\"async\" src=\"https:\/\/www.miamibeachfl.gov\/wp-content\/uploads\/2022\/12\/icon-trafficclosure.png\" alt=\"ROW Map\" itemprop=\"image\" height=\"641\" width=\"641\" title=\"cierre de tr\u00e1fico de iconos\" onerror=\"this.style.display='none'\" loading=\"lazy\" \/>\n\t\t\t\t<\/a>\n<h2><a href=\"https:\/\/gis.miamibeachfl.gov\/Html5Viewer\/index.html?viewer=PLC\" target=\"_self\">CIERRES DE CARRILES POR TIPO DE PERMISO<\/a><\/h2><a href=\"https:\/\/gis.miamibeachfl.gov\/Html5Viewer\/index.html?viewer=PLC\"  target=\"_self\">Ver cierres de carriles actuales y vencidos por tipo de permiso<\/a>\t\n\t\t\t\t<a href=\"\/es\/city-hall\/city-manager\/mission-vision-and-values\/strategic-planning\/community-survey\/\"  target=\"_self\" itemprop=\"url\">\n\t\t\t\t<img decoding=\"async\" src=\"https:\/\/www.miamibeachfl.gov\/wp-content\/uploads\/2022\/12\/icon-surveys.png\" alt=\"Surveys\" itemprop=\"image\" height=\"641\" width=\"641\" title=\"encuestas de iconos\" onerror=\"this.style.display='none'\" loading=\"lazy\" \/>\n\t\t\t\t<\/a>\n<h2><a href=\"\/es\/city-hall\/city-manager\/mission-vision-and-values\/strategic-planning\/community-survey\/\" target=\"_self\">ENCUESTAS DE SATISFACCI\u00d3N DE LA COMUNIDAD<\/a><\/h2><a href=\"\/es\/city-hall\/city-manager\/mission-vision-and-values\/strategic-planning\/community-survey\/\"  target=\"_self\">Ver los comentarios de los residentes y las empresas<\/a>\t\n\t\t\t\t<a href=\"http:\/\/www.mbrisingabove.com\/\"  target=\"_self\" itemprop=\"url\">\n\t\t\t\t<img decoding=\"async\" src=\"https:\/\/www.miamibeachfl.gov\/wp-content\/uploads\/2022\/12\/icon-mbrising.png\" alt=\"MB Rising Above\" itemprop=\"image\" height=\"641\" width=\"641\" title=\"icono-mbrising\" onerror=\"this.style.display='none'\" loading=\"lazy\" \/>\n\t\t\t\t<\/a>\n<h2><a href=\"http:\/\/www.mbrisingabove.com\/\" target=\"_self\">MB ELEV\u00c1NDOSE POR ENCIMA<\/a><\/h2><a href=\"http:\/\/www.mbrisingabove.com\/\"  target=\"_self\">Conozca m\u00e1s sobre las iniciativas de resiliencia de la ciudad<\/a>\t\n\t\t\t\t<a href=\"https:\/\/www.miamibeachfl.gov\/es\/business\/css\/\"  target=\"_self\" itemprop=\"url\">\n\t\t\t\t<img decoding=\"async\" src=\"https:\/\/www.miamibeachfl.gov\/wp-content\/uploads\/2022\/12\/icon-residencss.png\" alt=\"Citizen Self Service\" itemprop=\"image\" height=\"641\" width=\"641\" title=\"residencia de iconos\" onerror=\"this.style.display='none'\" loading=\"lazy\" \/>\n\t\t\t\t<\/a>\n<h2><a href=\"https:\/\/www.miamibeachfl.gov\/es\/business\/css\/\" target=\"_self\">PORTAL DE ACCESO C\u00cdVICO<\/a><\/h2><a href=\"https:\/\/www.miamibeachfl.gov\/es\/business\/css\/\"  target=\"_self\">Portal de servicios municipales. Consultar\/Pagar\/Solicitar permisos.<\/a>\t\n\t\t\t\t<a href=\"https:\/\/egovernment.miamibeachfl.gov\/EgovWeb\"  target=\"_self\" itemprop=\"url\">\n\t\t\t\t<img decoding=\"async\" src=\"https:\/\/www.miamibeachfl.gov\/wp-content\/uploads\/2022\/12\/icon-egov.png\" alt=\"E-Gov\" itemprop=\"image\" height=\"641\" width=\"641\" title=\"icono-egov\" onerror=\"this.style.display='none'\" loading=\"lazy\" \/>\n\t\t\t\t<\/a>\n<h2><a href=\"https:\/\/egovernment.miamibeachfl.gov\/EgovWeb\" target=\"_self\">REPORTAR UNA PREOCUPACI\u00d3N (EGOV)<\/a><\/h2><a href=\"https:\/\/egovernment.miamibeachfl.gov\/EgovWeb\"  target=\"_self\">Portal de solicitudes y quejas sobre servicios municipales<\/a>\t\n\t\t\t\t<a href=\"https:\/\/www.gombinfo.com\/\"  target=\"_self\" itemprop=\"url\">\n\t\t\t\t<img decoding=\"async\" src=\"https:\/\/www.miamibeachfl.gov\/wp-content\/uploads\/2022\/12\/icon-gobond.png\" alt=\"Construction hat icon\" itemprop=\"image\" height=\"641\" width=\"641\" title=\"icono-gobond\" onerror=\"this.style.display='none'\" loading=\"lazy\" \/>\n\t\t\t\t<\/a>\n<h2><a href=\"https:\/\/www.gombinfo.com\/\" target=\"_self\">GO BOND<\/a><\/h2><a href=\"https:\/\/www.gombinfo.com\/\"  target=\"_self\">Proyectos de mejora. Tu voz, en acci\u00f3n.<\/a>\t\n\t\t\t\t<a href=\"https:\/\/www.miamibeachfl.gov\/es\/residents\/neighborhood-affairs-division\/#contactnad\"  target=\"_self\" itemprop=\"url\">\n\t\t\t\t<img decoding=\"async\" src=\"https:\/\/www.miamibeachfl.gov\/wp-content\/uploads\/2022\/12\/icon-home-css.png\" alt=\"Computer icon\" itemprop=\"image\" height=\"641\" width=\"641\" title=\"icono-inicio-css\" onerror=\"this.style.display='none'\" loading=\"lazy\" \/>\n\t\t\t\t<\/a>\n<h2><a href=\"https:\/\/www.miamibeachfl.gov\/es\/residents\/neighborhood-affairs-division\/#contactnad\" target=\"_self\">ENCUESTAS DE SATISFACCI\u00d3N DE LA COMUNIDAD<\/a><\/h2><a href=\"https:\/\/www.miamibeachfl.gov\/es\/residents\/neighborhood-affairs-division\/#contactnad\"  target=\"_self\">Comun\u00edquese con un representante de Asuntos Vecinales para obtener m\u00e1s informaci\u00f3n.<\/a>\t\n<h3>\n\t\t\tComun\u00edquese con Asuntos Vecinales\t<\/h3>\n<h2>\n\t\t\tNorth Beach y toda la ciudad:\t<\/h2>\n\t\t\t <p><b>Nicol\u00e1s Levy<br \/><\/b>Coordinador de Asuntos Vecinales<\/p>\t\t\n\t\t\t <p><a href=\"mailto:NicholasLevy@MiamiBeachFl.gov\">NicholasLevy@MiamiBeachFl.gov<\/a><\/p>\t\t\n\t<h2  id=\"contactmidbeach\">\n\t\t\tPlaya Media:\t<\/h2>\n\t\t\t <p><strong>Gabriella Gonz\u00e1lez<\/strong><br \/>Coordinador de Asuntos Vecinales <\/p>\t\t\n\t\t\t <p><a href=\"mailto:GabriellaGonzalez@MiamiBeachFl.gov\">GabriellaGonzalez@MiamiBeachFl.gov<\/a><\/p>\n\t<h2  id=\"nadcontact\">\n\t\t\tPlaya Sur:\t<\/h2>\n\t\t\t <p><strong>Lauren Firtel<\/strong><br \/>Gerente de Asuntos Vecinales de South Beach<\/p>\t\t\n\t\t\t <p><a href=\"mailto:KevinPulido@MiamiBeachFl.gov\">LaurenFirtel@MiamiBeachFl.gov<\/a><\/p>","protected":false},"excerpt":{"rendered":"<p>Neighborhood Affairs Division Residents Menu Residents Neighborhood &#038; Condo Associations Neighborhood Affairs Perks &#038; Discounts Animal Care &#038; Control Active [&hellip;]<\/p>\n","protected":false},"author":222,"featured_media":0,"parent":29238,"menu_order":0,"comment_status":"closed","ping_status":"closed","template":"","meta":{"_searchwp_excluded":"","site-sidebar-layout":"default","site-content-layout":"","ast-site-content-layout":"default","site-content-style":"default","site-sidebar-style":"default","ast-global-header-display":"","ast-banner-title-visibility":"","ast-main-header-display":"","ast-hfb-above-header-display":"","ast-hfb-below-header-display":"","ast-hfb-mobile-header-display":"","site-post-title":"","ast-breadcrumbs-content":"","ast-featured-img":"","footer-sml-layout":"","theme-transparent-header-meta":"","adv-header-id-meta":"","stick-header-meta":"","header-above-stick-meta":"","header-main-stick-meta":"","header-below-stick-meta":"","astra-migrate-meta-layouts":"default","ast-page-background-enabled":"default","ast-page-background-meta":{"desktop":{"background-color":"var(--ast-global-color-5)","background-image":"","background-repeat":"repeat","background-position":"center center","background-size":"auto","background-attachment":"scroll","background-type":"","background-media":"","overlay-type":"","overlay-color":"","overlay-opacity":"","overlay-gradient":""},"tablet":{"background-color":"","background-image":"","background-repeat":"repeat","background-position":"center center","background-size":"auto","background-attachment":"scroll","background-type":"","background-media":"","overlay-type":"","overlay-color":"","overlay-opacity":"","overlay-gradient":""},"mobile":{"background-color":"","background-image":"","background-repeat":"repeat","background-position":"center center","background-size":"auto","background-attachment":"scroll","background-type":"","background-media":"","overlay-type":"","overlay-color":"","overlay-opacity":"","overlay-gradient":""}},"ast-content-background-meta":{"desktop":{"background-color":"var(--ast-global-color-4)","background-image":"","background-repeat":"repeat","background-position":"center center","background-size":"auto","background-attachment":"scroll","background-type":"","background-media":"","overlay-type":"","overlay-color":"","overlay-opacity":"","overlay-gradient":""},"tablet":{"background-color":"var(--ast-global-color-4)","background-image":"","background-repeat":"repeat","background-position":"center center","background-size":"auto","background-attachment":"scroll","background-type":"","background-media":"","overlay-type":"","overlay-color":"","overlay-opacity":"","overlay-gradient":""},"mobile":{"background-color":"var(--ast-global-color-4)","background-image":"","background-repeat":"repeat","background-position":"center center","background-size":"auto","background-attachment":"scroll","background-type":"","background-media":"","overlay-type":"","overlay-color":"","overlay-opacity":"","overlay-gradient":""}},"footnotes":""},"categories":[],"tags":[],"class_list":["post-233181","page","type-page","status-publish","hentry"],"yoast_head":"<!-- This site is optimized with the Yoast SEO Premium plugin v27.4 (Yoast SEO v27.4) - https:\/\/yoast.com\/product\/yoast-seo-premium-wordpress\/ -->\n<title>Neighborhood Affairs Division - City of Miami Beach<\/title>\n<meta name=\"description\" content=\"The Neighborhood Affairs Division fosters strong partnerships between the community and the city&#039;s operational service departments to improve the quality of life for residents and businesses.\" \/>\n<meta name=\"robots\" content=\"index, follow, max-snippet:-1, max-image-preview:large, max-video-preview:-1\" \/>\n<link rel=\"canonical\" href=\"https:\/\/www.miamibeachfl.gov\/es\/residents\/neighborhood-affairs-division\/\" \/>\n<meta property=\"og:locale\" content=\"es_ES\" \/>\n<meta property=\"og:type\" content=\"article\" \/>\n<meta property=\"og:title\" content=\"Neighborhood Affairs Division\" \/>\n<meta property=\"og:description\" content=\"The Neighborhood Affairs Division fosters strong partnerships between the community and the city&#039;s operational service departments to improve the quality of life for residents and businesses.\" \/>\n<meta property=\"og:url\" content=\"https:\/\/www.miamibeachfl.gov\/es\/residents\/neighborhood-affairs-division\/\" \/>\n<meta property=\"og:site_name\" content=\"City of Miami Beach\" \/>\n<meta property=\"article:publisher\" content=\"https:\/\/www.facebook.com\/cityofmiamibeach\" \/>\n<meta property=\"article:modified_time\" content=\"2026-02-11T15:12:05+00:00\" \/>\n<meta property=\"og:image\" content=\"https:\/\/www.miamibeachfl.gov\/wp-content\/uploads\/2023\/04\/Venetian-Islands-Bridge-Project-scaled.jpg\" \/>\n\t<meta property=\"og:image:width\" content=\"2560\" \/>\n\t<meta property=\"og:image:height\" content=\"1705\" \/>\n\t<meta property=\"og:image:type\" content=\"image\/jpeg\" \/>\n<meta name=\"twitter:card\" content=\"summary_large_image\" \/>\n<meta name=\"twitter:site\" content=\"@Miamibeachnews\" \/>\n<script type=\"application\/ld+json\" class=\"yoast-schema-graph\">{\"@context\":\"https:\\\/\\\/schema.org\",\"@graph\":[{\"@type\":\"WebPage\",\"@id\":\"https:\\\/\\\/www.miamibeachfl.gov\\\/residents\\\/neighborhood-affairs-division\\\/\",\"url\":\"https:\\\/\\\/www.miamibeachfl.gov\\\/residents\\\/neighborhood-affairs-division\\\/\",\"name\":\"Neighborhood Affairs Division - City of Miami Beach\",\"isPartOf\":{\"@id\":\"https:\\\/\\\/www.miamibeachfl.gov\\\/#website\"},\"primaryImageOfPage\":{\"@id\":\"https:\\\/\\\/www.miamibeachfl.gov\\\/residents\\\/neighborhood-affairs-division\\\/#primaryimage\"},\"image\":{\"@id\":\"https:\\\/\\\/www.miamibeachfl.gov\\\/residents\\\/neighborhood-affairs-division\\\/#primaryimage\"},\"thumbnailUrl\":\"https:\\\/\\\/www.miamibeachfl.gov\\\/wp-content\\\/uploads\\\/2022\\\/12\\\/icon-neighborhood_1.png\",\"datePublished\":\"2022-12-06T20:34:33+00:00\",\"dateModified\":\"2026-02-11T15:12:05+00:00\",\"description\":\"The Neighborhood Affairs Division fosters strong partnerships between the community and the city's operational service departments to improve the quality of life for residents and businesses.\",\"breadcrumb\":{\"@id\":\"https:\\\/\\\/www.miamibeachfl.gov\\\/residents\\\/neighborhood-affairs-division\\\/#breadcrumb\"},\"inLanguage\":\"es\",\"potentialAction\":[{\"@type\":\"ReadAction\",\"target\":[\"https:\\\/\\\/www.miamibeachfl.gov\\\/residents\\\/neighborhood-affairs-division\\\/\"]}]},{\"@type\":\"ImageObject\",\"inLanguage\":\"es\",\"@id\":\"https:\\\/\\\/www.miamibeachfl.gov\\\/residents\\\/neighborhood-affairs-division\\\/#primaryimage\",\"url\":\"https:\\\/\\\/www.miamibeachfl.gov\\\/wp-content\\\/uploads\\\/2022\\\/12\\\/icon-neighborhood_1.png\",\"contentUrl\":\"https:\\\/\\\/www.miamibeachfl.gov\\\/wp-content\\\/uploads\\\/2022\\\/12\\\/icon-neighborhood_1.png\"},{\"@type\":\"BreadcrumbList\",\"@id\":\"https:\\\/\\\/www.miamibeachfl.gov\\\/residents\\\/neighborhood-affairs-division\\\/#breadcrumb\",\"itemListElement\":[{\"@type\":\"ListItem\",\"position\":1,\"name\":\"Home\",\"item\":\"https:\\\/\\\/www.miamibeachfl.gov\\\/\"},{\"@type\":\"ListItem\",\"position\":2,\"name\":\"Residents\",\"item\":\"https:\\\/\\\/www.miamibeachfl.gov\\\/residents\\\/\"},{\"@type\":\"ListItem\",\"position\":3,\"name\":\"Neighborhood Affairs Division\"}]},{\"@type\":\"WebSite\",\"@id\":\"https:\\\/\\\/www.miamibeachfl.gov\\\/#website\",\"url\":\"https:\\\/\\\/www.miamibeachfl.gov\\\/\",\"name\":\"City of Miami Beach\",\"description\":\"The official website of the City of Miami Beach. Stay informed, find important information on city services, news, alerts, events, trolley routes, government employment and more.\",\"publisher\":{\"@id\":\"https:\\\/\\\/www.miamibeachfl.gov\\\/#organization\"},\"potentialAction\":[{\"@type\":\"SearchAction\",\"target\":{\"@type\":\"EntryPoint\",\"urlTemplate\":\"https:\\\/\\\/www.miamibeachfl.gov\\\/?s={search_term_string}\"},\"query-input\":{\"@type\":\"PropertyValueSpecification\",\"valueRequired\":true,\"valueName\":\"search_term_string\"}}],\"inLanguage\":\"es\"},{\"@type\":\"Organization\",\"@id\":\"https:\\\/\\\/www.miamibeachfl.gov\\\/#organization\",\"name\":\"City of Miami Beach\",\"url\":\"https:\\\/\\\/www.miamibeachfl.gov\\\/\",\"logo\":{\"@type\":\"ImageObject\",\"inLanguage\":\"es\",\"@id\":\"https:\\\/\\\/www.miamibeachfl.gov\\\/#\\\/schema\\\/logo\\\/image\\\/\",\"url\":\"https:\\\/\\\/www.miamibeachfl.gov\\\/wp-content\\\/uploads\\\/2022\\\/06\\\/miamibeach-logoblue.png\",\"contentUrl\":\"https:\\\/\\\/www.miamibeachfl.gov\\\/wp-content\\\/uploads\\\/2022\\\/06\\\/miamibeach-logoblue.png\",\"width\":1962,\"height\":381,\"caption\":\"City of Miami Beach\"},\"image\":{\"@id\":\"https:\\\/\\\/www.miamibeachfl.gov\\\/#\\\/schema\\\/logo\\\/image\\\/\"},\"sameAs\":[\"https:\\\/\\\/www.facebook.com\\\/cityofmiamibeach\",\"https:\\\/\\\/x.com\\\/Miamibeachnews\",\"https:\\\/\\\/www.instagram.com\\\/miamibeachnews\\\/\"],\"description\":\"The official website of the City of Miami Beach. Stay informed, find important information on city services, news, alerts, events, trolley routes, government employment and more.\",\"telephone\":\"305.604.CITY(2489)\",\"legalName\":\"City of Miami Beach\"}]}<\/script>\n<!-- \/ Yoast SEO Premium plugin. -->","yoast_head_json":{"title":"Divisi\u00f3n de Asuntos Vecinales - Ciudad de Miami Beach","description":"La Divisi\u00f3n de Asuntos Vecinales fomenta asociaciones s\u00f3lidas entre la comunidad y los departamentos de servicios operativos de la ciudad para mejorar la calidad de vida de los residentes y las empresas.","robots":{"index":"index","follow":"follow","max-snippet":"max-snippet:-1","max-image-preview":"max-image-preview:large","max-video-preview":"max-video-preview:-1"},"canonical":"https:\/\/www.miamibeachfl.gov\/es\/residents\/neighborhood-affairs-division\/","og_locale":"es_ES","og_type":"article","og_title":"Neighborhood Affairs Division","og_description":"The Neighborhood Affairs Division fosters strong partnerships between the community and the city's operational service departments to improve the quality of life for residents and businesses.","og_url":"https:\/\/www.miamibeachfl.gov\/es\/residents\/neighborhood-affairs-division\/","og_site_name":"City of Miami Beach","article_publisher":"https:\/\/www.facebook.com\/cityofmiamibeach","article_modified_time":"2026-02-11T15:12:05+00:00","og_image":[{"width":2560,"height":1705,"url":"https:\/\/www.miamibeachfl.gov\/wp-content\/uploads\/2023\/04\/Venetian-Islands-Bridge-Project-scaled.jpg","type":"image\/jpeg"}],"twitter_card":"summary_large_image","twitter_site":"@Miamibeachnews","schema":{"@context":"https:\/\/schema.org","@graph":[{"@type":"WebPage","@id":"https:\/\/www.miamibeachfl.gov\/residents\/neighborhood-affairs-division\/","url":"https:\/\/www.miamibeachfl.gov\/residents\/neighborhood-affairs-division\/","name":"Divisi\u00f3n de Asuntos Vecinales - Ciudad de Miami Beach","isPartOf":{"@id":"https:\/\/www.miamibeachfl.gov\/#website"},"primaryImageOfPage":{"@id":"https:\/\/www.miamibeachfl.gov\/residents\/neighborhood-affairs-division\/#primaryimage"},"image":{"@id":"https:\/\/www.miamibeachfl.gov\/residents\/neighborhood-affairs-division\/#primaryimage"},"thumbnailUrl":"https:\/\/www.miamibeachfl.gov\/wp-content\/uploads\/2022\/12\/icon-neighborhood_1.png","datePublished":"2022-12-06T20:34:33+00:00","dateModified":"2026-02-11T15:12:05+00:00","description":"La Divisi\u00f3n de Asuntos Vecinales fomenta asociaciones s\u00f3lidas entre la comunidad y los departamentos de servicios operativos de la ciudad para mejorar la calidad de vida de los residentes y las empresas.","breadcrumb":{"@id":"https:\/\/www.miamibeachfl.gov\/residents\/neighborhood-affairs-division\/#breadcrumb"},"inLanguage":"es","potentialAction":[{"@type":"ReadAction","target":["https:\/\/www.miamibeachfl.gov\/residents\/neighborhood-affairs-division\/"]}]},{"@type":"ImageObject","inLanguage":"es","@id":"https:\/\/www.miamibeachfl.gov\/residents\/neighborhood-affairs-division\/#primaryimage","url":"https:\/\/www.miamibeachfl.gov\/wp-content\/uploads\/2022\/12\/icon-neighborhood_1.png","contentUrl":"https:\/\/www.miamibeachfl.gov\/wp-content\/uploads\/2022\/12\/icon-neighborhood_1.png"},{"@type":"BreadcrumbList","@id":"https:\/\/www.miamibeachfl.gov\/residents\/neighborhood-affairs-division\/#breadcrumb","itemListElement":[{"@type":"ListItem","position":1,"name":"Home","item":"https:\/\/www.miamibeachfl.gov\/"},{"@type":"ListItem","position":2,"name":"Residents","item":"https:\/\/www.miamibeachfl.gov\/residents\/"},{"@type":"ListItem","position":3,"name":"Neighborhood Affairs Division"}]},{"@type":"WebSite","@id":"https:\/\/www.miamibeachfl.gov\/#website","url":"https:\/\/www.miamibeachfl.gov\/","name":"Ciudad de Miami Beach","description":"Sitio web oficial de la Ciudad de Miami Beach. Mant\u00e9ngase informado, encuentre informaci\u00f3n importante sobre servicios municipales, noticias, alertas, eventos, rutas de tranv\u00edas, empleos gubernamentales y m\u00e1s.","publisher":{"@id":"https:\/\/www.miamibeachfl.gov\/#organization"},"potentialAction":[{"@type":"SearchAction","target":{"@type":"EntryPoint","urlTemplate":"https:\/\/www.miamibeachfl.gov\/?s={search_term_string}"},"query-input":{"@type":"PropertyValueSpecification","valueRequired":true,"valueName":"search_term_string"}}],"inLanguage":"es"},{"@type":"Organization","@id":"https:\/\/www.miamibeachfl.gov\/#organization","name":"Ciudad de Miami Beach","url":"https:\/\/www.miamibeachfl.gov\/","logo":{"@type":"ImageObject","inLanguage":"es","@id":"https:\/\/www.miamibeachfl.gov\/#\/schema\/logo\/image\/","url":"https:\/\/www.miamibeachfl.gov\/wp-content\/uploads\/2022\/06\/miamibeach-logoblue.png","contentUrl":"https:\/\/www.miamibeachfl.gov\/wp-content\/uploads\/2022\/06\/miamibeach-logoblue.png","width":1962,"height":381,"caption":"City of Miami Beach"},"image":{"@id":"https:\/\/www.miamibeachfl.gov\/#\/schema\/logo\/image\/"},"sameAs":["https:\/\/www.facebook.com\/cityofmiamibeach","https:\/\/x.com\/Miamibeachnews","https:\/\/www.instagram.com\/miamibeachnews\/"],"description":"Sitio web oficial de la Ciudad de Miami Beach. Mant\u00e9ngase informado, encuentre informaci\u00f3n importante sobre servicios municipales, noticias, alertas, eventos, rutas de tranv\u00edas, empleos gubernamentales y m\u00e1s.","telephone":"305.604.CITY(2489)","legalName":"City of Miami Beach"}]}},"_links":{"self":[{"href":"https:\/\/www.miamibeachfl.gov\/es\/wp-json\/wp\/v2\/pages\/233181","targetHints":{"allow":["GET"]}}],"collection":[{"href":"https:\/\/www.miamibeachfl.gov\/es\/wp-json\/wp\/v2\/pages"}],"about":[{"href":"https:\/\/www.miamibeachfl.gov\/es\/wp-json\/wp\/v2\/types\/page"}],"author":[{"embeddable":true,"href":"https:\/\/www.miamibeachfl.gov\/es\/wp-json\/wp\/v2\/users\/222"}],"replies":[{"embeddable":true,"href":"https:\/\/www.miamibeachfl.gov\/es\/wp-json\/wp\/v2\/comments?post=233181"}],"version-history":[{"count":11,"href":"https:\/\/www.miamibeachfl.gov\/es\/wp-json\/wp\/v2\/pages\/233181\/revisions"}],"predecessor-version":[{"id":396320,"href":"https:\/\/www.miamibeachfl.gov\/es\/wp-json\/wp\/v2\/pages\/233181\/revisions\/396320"}],"up":[{"embeddable":true,"href":"https:\/\/www.miamibeachfl.gov\/es\/wp-json\/wp\/v2\/pages\/29238"}],"wp:attachment":[{"href":"https:\/\/www.miamibeachfl.gov\/es\/wp-json\/wp\/v2\/media?parent=233181"}],"wp:term":[{"taxonomy":"category","embeddable":true,"href":"https:\/\/www.miamibeachfl.gov\/es\/wp-json\/wp\/v2\/categories?post=233181"},{"taxonomy":"post_tag","embeddable":true,"href":"https:\/\/www.miamibeachfl.gov\/es\/wp-json\/wp\/v2\/tags?post=233181"}],"curies":[{"name":"gracias","href":"https:\/\/api.w.org\/{rel}","templated":true}]}}