{"id":239766,"date":"2023-01-10T09:08:31","date_gmt":"2023-01-10T14:08:31","guid":{"rendered":"https:\/\/www.miamibeachfl.gov\/?page_id=239766"},"modified":"2025-08-14T16:51:19","modified_gmt":"2025-08-14T20:51:19","slug":"civicaccess","status":"publish","type":"page","link":"https:\/\/www.miamibeachfl.gov\/es\/business\/civicaccess\/","title":{"rendered":"Acceso c\u00edvico"},"content":{"rendered":"<h1  id=\"top\">\n\t\t\tAcceso c\u00edvico\t<\/h1>\n<h2  id=\"top\">\n\t\t\tTambi\u00e9n conocido como Autoservicio Ciudadano (CSS)\t<\/h2>\n\t<p>El portal de Acceso C\u00edvico de Miami Beach (CSS) es un sitio de servicios de vanguardia para permisos, planificaci\u00f3n, recibos de impuestos comerciales y cumplimiento normativo. Los usuarios pueden enviar diversas solicitudes en l\u00ednea: consultar el estado de su solicitud de permiso, el plano de construcci\u00f3n o incluso solicitar una inspecci\u00f3n.<\/p>\n\t<p>Tener una cuenta:<\/p>\n\t\t\t<a href=\"https:\/\/energovcss.miamibeachfl.gov\/energovprod\/selfservice#\/login?redirectUrl=%2Fhome\" target=\"_blank\" rel=\"noopener\">\n\t\t\t\t\t\t\tIniciar sesi\u00f3n en el Portal de Acceso C\u00edvico (CSS)\n\t\t\t<\/a>\n\t<p>\u00bfNecesita una cuenta?<\/p>\n\t\t\t<a href=\"https:\/\/energovcss.miamibeachfl.gov\/energovprod\/selfservice#\/register\" target=\"_blank\" rel=\"noopener\">\n\t\t\t\t\t\t\tRegistrar una nueva cuenta (CSS)\n\t\t\t<\/a>\n\t\t<h3><a href=\"https:\/\/energovcss.miamibeachfl.gov\/energovprod\/selfservice#\/search\"  target=\"_self\">\t\n\t\t\t\tBuscar registros p\u00fablicos Buscar registros p\u00fablicos<\/a><\/h3><p>Permisos, Planos, Inspecciones, Casos de C\u00f3digo, Solicitudes, Licencias y Proyectos<\/p>\n\t\t\t<a href=\"https:\/\/energovcss.miamibeachfl.gov\/energovprod\/selfservice#\/search\" target=\"_self\">\n\t\t\t\t\t\t\tPortal de b\u00fasqueda\n\t\t\t\t\t<\/a>\n\t\t<h3><a href=\"https:\/\/energovcss.miamibeachfl.gov\/energovprod\/selfservice#\/applicationAssistant\"  target=\"_self\">\t\n\t\t\t\tAsistente de solicitud Asistencia de solicitud<\/a><\/h3><p>Solicitar permisos, planos y recibos comerciales<\/p>\n\t\t\t<a href=\"https:\/\/energovcss.miamibeachfl.gov\/energovprod\/selfservice#\/applicationAssistant\" target=\"_self\">\n\t\t\t\t\t\t\tAplicar ahora\n\t\t\t\t\t<\/a>\n\t\t<h3><a href=\"https:\/\/payments.miamibeachfl.gov\/app\/\"  target=\"_self\">\t\n\t\t\t\tPagar una factura Pagar una factura<\/a><\/h3><p><strong><a href=\"https:\/\/energovcss.miamibeachfl.gov\/energovprod\/selfservice#\/payinvoice\">Haga clic aqu\u00ed para buscar una factura<\/a><\/strong><\/p>\n\t\t\t<a href=\"https:\/\/payments.miamibeachfl.gov\/app\/\" target=\"_self\">\n\t\t\t\t\t\t\tPago r\u00e1pido de facturas\n\t\t\t\t\t<\/a>\n<h3>\n\t\t\tRecursos adicionales:\t<\/h3>\n\t<strong><a href=\"https:\/\/energovcss.miamibeachfl.gov\/energovprod\/selfservice#\/estimate\">Estimador de tarifas<\/a><\/strong><br \/>\n<a href=\"#cssfaqs\"><strong>Preguntas frecuentes sobre acceso c\u00edvico<\/strong><\/a><br \/>\n<strong><a href=\"https:\/\/www.miamibeachfl.gov\/wp-content\/uploads\/2023\/05\/CSSLoginInstructions.pdf\">Descargar la gu\u00eda de problemas de inicio de sesi\u00f3n<\/a><\/strong>\n\t\t<img decoding=\"async\" src=\"https:\/\/www.miamibeachfl.gov\/wp-content\/uploads\/2023\/01\/CSS-HowtovideoThumbnail.2jpg.jpg\" alt=\"Training Video Link\"\/>\n\t<p>Las nuevas funciones incluyen m\u00faltiples tipos de b\u00fasqueda desde una ubicaci\u00f3n centralizada que realiza b\u00fasquedas en todos los registros. Tambi\u00e9n permite buscar por n\u00famero de parcela (folio) y palabras clave. Adem\u00e1s, el nuevo sitio es compatible con dispositivos m\u00f3viles y mejora la presentaci\u00f3n de la informaci\u00f3n al p\u00fablico.<\/p>\n<p><strong>Otras caracter\u00edsticas incluyen:<\/strong><\/p>\n<ul>\n<li>Estimador de tarifas<\/li>\n<li>Guardar y eliminar borradores de aplicaciones<\/li>\n<li>Exportar resultados de b\u00fasqueda, incluida su actividad de pago, a Excel<\/li>\n<li>La capacidad de cargar archivos adjuntos en m\u00faltiples etapas del proceso de solicitud.<\/li>\n<li>Registro autom\u00e1tico para acceso instant\u00e1neo a los servicios<\/li>\n<li>Funci\u00f3n de carrito de compras mejorada que permite a los usuarios pagar simult\u00e1neamente varias facturas asociadas a su cuenta<\/li>\n<li>Acceso ampliado a los datos de registro<\/li>\n<li>Nueva p\u00e1gina de resumen para solicitudes en revisi\u00f3n<\/li>\n<li>Nuevo panel personalizado que identifica los elementos que necesitan atenci\u00f3n para una gesti\u00f3n m\u00e1s sencilla de los elementos asociados a su cuenta<\/li>\n<\/ul>\n<h2  id=\"cssfaqs\">\n\t\t\tPreguntas frecuentes\t<\/h2>\n\t\t\t\t\t\t<h3>C\u00f3mo solucionar problemas comunes de inicio de sesi\u00f3n <\/h3>\n\t\t\t<p>Esta gu\u00eda describe c\u00f3mo los clientes se registran para utilizar Civic Access de Tyler Technologies, anteriormente conocido como Citizen Self Service (CSS), mediante el proceso Tyler Identity (TID-C), Community Access. <br \/><a href=\"https:\/\/www.miamibeachfl.gov\/wp-content\/uploads\/2023\/05\/CSSLoginInstructions.pdf\">Descargar la Gu\u00eda de acceso de inicio de sesi\u00f3n<\/a><\/p>\n\t\t\t\t\t\t<h3>\u00bfPuedo usar mi cuenta CAP existente para acceder al Portal de Acceso C\u00edvico (CSS)?<\/h3>\n\t\t\t<p>S\u00ed, a\u00fan puedes usar tu cuenta CAP existente para acceder a los registros en el portal CSS siguiendo unos sencillos pasos.<br \/><a href=\"https:\/\/www.youtube.com\/playlist?list=PL8QRwonPTqgNdS85BLFlNXs0njlj7FyQb\">Mira el v\u00eddeo tutorial.<\/a><\/p>\n\t\t\t\t\t\t<h3>\u00bfPuedo seguir realizando transacciones en el Portal CAP existente?<\/h3>\n\t\t\t<p>S\u00ed, a\u00fan puedes procesar transacciones en el portal CAP hasta el 31 de mayo de 2019. Te recomendamos encarecidamente que migres tu cuenta CAP a CSS lo antes posible. <a href=\"https:\/\/www.youtube.com\/playlist?list=PL8QRwonPTqgNdS85BLFlNXs0njlj7FyQb\">Mira el v\u00eddeo tutorial.<\/a><\/p>\n\t\t\t\t\t\t<h3>\u00bfQu\u00e9 tipo de permisos, planos o registros puedo buscar en Civic Access (CSS)?<\/h3>\n\t\t\t<p>Los usuarios pueden buscar registros tales como permisos de construcci\u00f3n, planos, permisos de alquiler de espacios de estacionamiento, permisos para bodas y ceremonias, permisos de filmaci\u00f3n e impresi\u00f3n, permisos de remoci\u00f3n de \u00e1rboles, licencias de ascensores, permisos de pintura, citaciones de cumplimiento de c\u00f3digos, solicitudes de ciudadanos, casos especiales de maestros, recibos de impuestos comerciales (BTR) y m\u00e1s. <a href=\"https:\/\/energovcss.miamibeachfl.gov\/energovprod\/selfservice\">Visita el Portal de Acceso C\u00edvico (CSS)<\/a><\/p>\n\t\t\t\t\t\t<h3>\u00bfPuedo solicitar mi recibo de impuesto comercial, certificado de uso e inspecci\u00f3n anual de incendios en l\u00ednea?<\/h3>\n\t\t\t<p>S\u00ed, puede solicitar un recibo de impuesto comercial, un certificado de uso y una inspecci\u00f3n anual contra incendios en CSS. <a href=\"https:\/\/www.miamibeachfl.gov\/es\/city-hall\/finance\/business-tax-receipts-btr\/\" target=\"_blank\" rel=\"noopener\">Por favor visite el Departamento de Finanzas para m\u00e1s informaci\u00f3n.<\/a><\/p>\n\t\t\t\t\t\t<h3>\u00bfPuedo vincular varios BTR a mi cuenta de Civic Access (CSS) existente?<\/h3>\n\t\t\t<p>S\u00ed, si usted es un expedidor que crea una cuenta en nombre de un propietario de negocio, puede agregar su contacto durante el proceso de solicitud para que se vincule autom\u00e1ticamente. Si necesita m\u00e1s ayuda, env\u00edenos un correo electr\u00f3nico a mbhelp@miamibeachfl.gov. Incluya su cuenta de correo electr\u00f3nico de Acceso C\u00edvico (CSS) y su n\u00famero de solicitud de BTR.<\/p>\n\t\t\t\t\t\t<h3>Si conozco mi n\u00famero de factura, \u00bftengo que iniciar sesi\u00f3n para pagarla?<\/h3>\n\t\t\t<p>Si tiene un n\u00famero de factura, puede procesar un pago r\u00e1pido en <a href=\"https:\/\/payments.miamibeachfl.gov\/app\/\" target=\"_blank\" rel=\"noopener\">miamibeachpay.com<\/a>\u00a0o desde tu tel\u00e9fono inteligente usando el <a href=\"https:\/\/www.miamibeachfl.gov\/es\/pay-invoice\/\" target=\"_blank\" rel=\"noopener\">Aplicaci\u00f3n de gobierno electr\u00f3nico de la ciudad de Miami Beach.<\/a><\/p>\n\t\t\t\t\t\t<h3>\u00bfPuedo pagar varias facturas al mismo tiempo?<\/h3>\n\t\t\t<p>S\u00ed, puede agregar varias facturas a su carrito de compras en cualquier momento y pagar cuando est\u00e9 listo.<\/p>\n\t\t\t\t\t\t<h3>\u00bfPuedo solicitar una inspecci\u00f3n en l\u00ednea?<\/h3>\n\t\t\t<p>Si su cuenta est\u00e1 vinculada a un Permiso, puede solicitar su inspecci\u00f3n en l\u00ednea<\/p>\n\t\t\t\t\t\t<h3>\u00bfD\u00f3nde puedo obtener m\u00e1s informaci\u00f3n sobre c\u00f3mo solicitar o investigar permisos?<\/h3>\n\t\t\t<ul>\n<li>Para obtener m\u00e1s informaci\u00f3n sobre los permisos de construcci\u00f3n, visite la Gu\u00eda interactiva de permisos haciendo clic en <a href=\"https:\/\/www.miamibeachfl.gov\/es\/city-hall\/building\/permits\/interactive-permit-guide\/\">aqu\u00ed<\/a><\/li>\n<li>Para obtener m\u00e1s informaci\u00f3n sobre permisos o planes de planificaci\u00f3n, visite el departamento de planificaci\u00f3n. <a href=\"https:\/\/www.miamibeachfl.gov\/es\/city-hall\/planning\/\">aqu\u00ed<\/a><\/li>\n<li>Para obtener m\u00e1s informaci\u00f3n sobre los registros de cumplimiento del c\u00f3digo, visite el departamento de cumplimiento del c\u00f3digo. <a href=\"https:\/\/www.miamibeachfl.gov\/es\/city-hall\/code-compliance\/\">aqu\u00ed<\/a><\/li>\n<li>Para obtener m\u00e1s informaci\u00f3n sobre los recibos de impuestos comerciales, visite el Departamento de Finanzas <a href=\"https:\/\/www.miamibeachfl.gov\/es\/city-hall\/finance\/business-tax-receipts-btr\/\">aqu\u00ed<\/a><\/li>\n<li>Para obtener m\u00e1s informaci\u00f3n sobre los permisos de estacionamiento, visite el departamento de estacionamiento. <a href=\"https:\/\/www.miamibeachfl.gov\/es\/city-hall\/parking\/permit-programs\/\">aqu\u00ed<\/a><\/li>\n<li>Para obtener m\u00e1s informaci\u00f3n sobre los permisos de silvicultura urbana, visite el departamento de silvicultura urbana. <a href=\"https:\/\/www.miamibeachfl.gov\/es\/city-hall\/environmental-sustainability\/urban-forestry\/\">aqu\u00ed<\/a><\/li>\n<li>Para obtener m\u00e1s informaci\u00f3n sobre licencias y permisos para ascensores, visite la Divisi\u00f3n de Ascensores. <a href=\"https:\/\/www.miamibeachfl.gov\/es\/city-hall\/public-works\/elevator-division\/elevator-permit\/\">aqu\u00ed<\/a><\/li>\n<li>Para obtener m\u00e1s informaci\u00f3n sobre permisos de incendio o inspecciones anuales de incendio, visite la Divisi\u00f3n de Prevenci\u00f3n de Incendios. <a href=\"https:\/\/www.miamibeachfl.gov\/es\/city-hall\/fire\/fire-prevention\/\">aqu\u00ed<\/a><\/li>\n<li>Para obtener m\u00e1s informaci\u00f3n sobre las Audiencias de Magistrados Especiales, visite el departamento del Secretario de la Ciudad. <a href=\"https:\/\/www.miamibeachfl.gov\/es\/city-hall\/city-clerk\/\">aqu\u00ed<\/a><\/li>\n<li>Para obtener m\u00e1s informaci\u00f3n sobre eventos especiales, visite el departamento de Turismo, Cultura y Desarrollo Econ\u00f3mico. <a href=\"https:\/\/www.miamibeachfl.gov\/es\/city-hall\/tourism-culture\/special-events\/\">aqu\u00ed<\/a><\/li>\n<\/ul>\n\t\t\t\t\t\t<h3>\u00bfD\u00f3nde puedo encontrar registros creados antes del 27 de abril de 2016?<\/h3>\n\t\t\t<p><a href=\"https:\/\/www.miamibeachfl.gov\/es\/permits-search-dashboard\/\">B\u00fasqueda de permisos creados antes del 27 de abril de 2016.<\/a><\/p>\n<p><a href=\"https:\/\/www.miamibeachfl.gov\/es\/permits-search-dashboard\/\" target=\"_blank\" rel=\"noopener\">Buscar casos de c\u00f3digo creados antes del 27 de abril de 2016.<\/a><\/p>\n<p><a href=\"https:\/\/secure.miamibeachfl.gov\/Webagenda\/Public\/SmAddressInquiry.aspx\" target=\"_blank\" rel=\"noopener\">Busque casos de expertos especiales creados antes del 27 de abril de 2016.<\/a><\/p>\n\t\t\t\t\t\t<h3>\u00bfLa Ciudad ofrece alg\u00fan tipo de capacitaci\u00f3n sobre Acceso C\u00edvico (CSS)?<\/h3>\n\t\t\t<p>S\u00ed, la Ciudad organizar\u00e1 talleres abiertos al p\u00fablico sobre c\u00f3mo utilizar el Acceso C\u00edvico (CSS). <a href=\"https:\/\/www.miamibeachfl.gov\/es\/city-hall\/building\/events\/\">Haga clic aqu\u00ed para obtener m\u00e1s informaci\u00f3n.<\/a><\/p>\n<p><a href=\"https:\/\/www.miamibeachfl.gov\/es\/calendar\/\">Calendario de eventos de la ciudad<\/a><\/p>\n\t\t\t\t\t\t<h3> \u00bfC\u00f3mo solicito una factura por mi violaci\u00f3n del C\u00f3digo de Cumplimiento?<\/h3>\n\t\t\t<p><a href=\"https:\/\/www.miamibeachfl.gov\/es\/city-hall\/code-compliance\/code-invoice-request\/\" target=\"_blank\" rel=\"noopener\">Solicite una factura por su violaci\u00f3n de cumplimiento del c\u00f3digo<\/a>.<\/p>","protected":false},"excerpt":{"rendered":"<p>Civic Access Also known as Citizen Self Service (CSS) The Miami Beach Civic Access (CSS) portal is the next generation [&hellip;]<\/p>\n","protected":false},"author":222,"featured_media":0,"parent":196910,"menu_order":0,"comment_status":"closed","ping_status":"closed","template":"","meta":{"_searchwp_excluded":"","site-sidebar-layout":"default","site-content-layout":"","ast-site-content-layout":"default","site-content-style":"default","site-sidebar-style":"default","ast-global-header-display":"","ast-banner-title-visibility":"","ast-main-header-display":"","ast-hfb-above-header-display":"","ast-hfb-below-header-display":"","ast-hfb-mobile-header-display":"","site-post-title":"","ast-breadcrumbs-content":"","ast-featured-img":"","footer-sml-layout":"","ast-disable-related-posts":"","theme-transparent-header-meta":"","adv-header-id-meta":"","stick-header-meta":"","header-above-stick-meta":"","header-main-stick-meta":"","header-below-stick-meta":"","astra-migrate-meta-layouts":"default","ast-page-background-enabled":"default","ast-page-background-meta":{"desktop":{"background-color":"var(--ast-global-color-5)","background-image":"","background-repeat":"repeat","background-position":"center center","background-size":"auto","background-attachment":"scroll","background-type":"","background-media":"","overlay-type":"","overlay-color":"","overlay-opacity":"","overlay-gradient":""},"tablet":{"background-color":"","background-image":"","background-repeat":"repeat","background-position":"center center","background-size":"auto","background-attachment":"scroll","background-type":"","background-media":"","overlay-type":"","overlay-color":"","overlay-opacity":"","overlay-gradient":""},"mobile":{"background-color":"","background-image":"","background-repeat":"repeat","background-position":"center center","background-size":"auto","background-attachment":"scroll","background-type":"","background-media":"","overlay-type":"","overlay-color":"","overlay-opacity":"","overlay-gradient":""}},"ast-content-background-meta":{"desktop":{"background-color":"var(--ast-global-color-4)","background-image":"","background-repeat":"repeat","background-position":"center center","background-size":"auto","background-attachment":"scroll","background-type":"","background-media":"","overlay-type":"","overlay-color":"","overlay-opacity":"","overlay-gradient":""},"tablet":{"background-color":"var(--ast-global-color-4)","background-image":"","background-repeat":"repeat","background-position":"center center","background-size":"auto","background-attachment":"scroll","background-type":"","background-media":"","overlay-type":"","overlay-color":"","overlay-opacity":"","overlay-gradient":""},"mobile":{"background-color":"var(--ast-global-color-4)","background-image":"","background-repeat":"repeat","background-position":"center center","background-size":"auto","background-attachment":"scroll","background-type":"","background-media":"","overlay-type":"","overlay-color":"","overlay-opacity":"","overlay-gradient":""}},"footnotes":""},"categories":[],"tags":[],"class_list":["post-239766","page","type-page","status-publish","hentry"],"yoast_head":"<!-- This site is optimized with the Yoast SEO Premium plugin v27.4 (Yoast SEO v27.4) - https:\/\/yoast.com\/product\/yoast-seo-premium-wordpress\/ -->\n<title>Civic Access - City of Miami Beach<\/title>\n<meta name=\"description\" content=\"%\" \/>\n<meta name=\"robots\" content=\"index, follow, max-snippet:-1, max-image-preview:large, max-video-preview:-1\" \/>\n<link rel=\"canonical\" href=\"https:\/\/www.miamibeachfl.gov\/es\/business\/civicaccess\/\" \/>\n<meta property=\"og:locale\" content=\"es_ES\" \/>\n<meta property=\"og:type\" content=\"article\" \/>\n<meta property=\"og:title\" content=\"Civic Access\" \/>\n<meta property=\"og:description\" content=\"%\" \/>\n<meta property=\"og:url\" content=\"https:\/\/www.miamibeachfl.gov\/es\/business\/civicaccess\/\" \/>\n<meta property=\"og:site_name\" content=\"City of Miami Beach\" \/>\n<meta property=\"article:publisher\" content=\"https:\/\/www.facebook.com\/cityofmiamibeach\" \/>\n<meta property=\"article:modified_time\" content=\"2025-08-14T20:51:19+00:00\" \/>\n<meta property=\"og:image\" content=\"https:\/\/www.miamibeachfl.gov\/wp-content\/uploads\/2023\/01\/CSS-HowtovideoThumbnail.2jpg.jpg\" \/>\n<meta name=\"twitter:card\" content=\"summary_large_image\" \/>\n<meta name=\"twitter:site\" content=\"@Miamibeachnews\" \/>\n<script type=\"application\/ld+json\" class=\"yoast-schema-graph\">{\"@context\":\"https:\\\/\\\/schema.org\",\"@graph\":[{\"@type\":\"WebPage\",\"@id\":\"https:\\\/\\\/www.miamibeachfl.gov\\\/business\\\/civicaccess\\\/\",\"url\":\"https:\\\/\\\/www.miamibeachfl.gov\\\/business\\\/civicaccess\\\/\",\"name\":\"Civic Access - City of Miami Beach\",\"isPartOf\":{\"@id\":\"https:\\\/\\\/www.miamibeachfl.gov\\\/#website\"},\"primaryImageOfPage\":{\"@id\":\"https:\\\/\\\/www.miamibeachfl.gov\\\/business\\\/civicaccess\\\/#primaryimage\"},\"image\":{\"@id\":\"https:\\\/\\\/www.miamibeachfl.gov\\\/business\\\/civicaccess\\\/#primaryimage\"},\"thumbnailUrl\":\"https:\\\/\\\/www.miamibeachfl.gov\\\/wp-content\\\/uploads\\\/2023\\\/01\\\/CSS-HowtovideoThumbnail.2jpg.jpg\",\"datePublished\":\"2023-01-10T14:08:31+00:00\",\"dateModified\":\"2025-08-14T20:51:19+00:00\",\"description\":\"%\",\"breadcrumb\":{\"@id\":\"https:\\\/\\\/www.miamibeachfl.gov\\\/business\\\/civicaccess\\\/#breadcrumb\"},\"inLanguage\":\"es\",\"potentialAction\":[{\"@type\":\"ReadAction\",\"target\":[\"https:\\\/\\\/www.miamibeachfl.gov\\\/business\\\/civicaccess\\\/\"]}]},{\"@type\":\"ImageObject\",\"inLanguage\":\"es\",\"@id\":\"https:\\\/\\\/www.miamibeachfl.gov\\\/business\\\/civicaccess\\\/#primaryimage\",\"url\":\"https:\\\/\\\/www.miamibeachfl.gov\\\/wp-content\\\/uploads\\\/2023\\\/01\\\/CSS-HowtovideoThumbnail.2jpg.jpg\",\"contentUrl\":\"https:\\\/\\\/www.miamibeachfl.gov\\\/wp-content\\\/uploads\\\/2023\\\/01\\\/CSS-HowtovideoThumbnail.2jpg.jpg\"},{\"@type\":\"BreadcrumbList\",\"@id\":\"https:\\\/\\\/www.miamibeachfl.gov\\\/business\\\/civicaccess\\\/#breadcrumb\",\"itemListElement\":[{\"@type\":\"ListItem\",\"position\":1,\"name\":\"Home\",\"item\":\"https:\\\/\\\/www.miamibeachfl.gov\\\/\"},{\"@type\":\"ListItem\",\"position\":2,\"name\":\"Business\",\"item\":\"https:\\\/\\\/www.miamibeachfl.gov\\\/business\\\/\"},{\"@type\":\"ListItem\",\"position\":3,\"name\":\"Civic Access\"}]},{\"@type\":\"WebSite\",\"@id\":\"https:\\\/\\\/www.miamibeachfl.gov\\\/#website\",\"url\":\"https:\\\/\\\/www.miamibeachfl.gov\\\/\",\"name\":\"City of Miami Beach\",\"description\":\"The official website of the City of Miami Beach. Stay informed, find important information on city services, news, alerts, events, trolley routes, government employment and more.\",\"publisher\":{\"@id\":\"https:\\\/\\\/www.miamibeachfl.gov\\\/#organization\"},\"potentialAction\":[{\"@type\":\"SearchAction\",\"target\":{\"@type\":\"EntryPoint\",\"urlTemplate\":\"https:\\\/\\\/www.miamibeachfl.gov\\\/?s={search_term_string}\"},\"query-input\":{\"@type\":\"PropertyValueSpecification\",\"valueRequired\":true,\"valueName\":\"search_term_string\"}}],\"inLanguage\":\"es\"},{\"@type\":\"Organization\",\"@id\":\"https:\\\/\\\/www.miamibeachfl.gov\\\/#organization\",\"name\":\"City of Miami Beach\",\"url\":\"https:\\\/\\\/www.miamibeachfl.gov\\\/\",\"logo\":{\"@type\":\"ImageObject\",\"inLanguage\":\"es\",\"@id\":\"https:\\\/\\\/www.miamibeachfl.gov\\\/#\\\/schema\\\/logo\\\/image\\\/\",\"url\":\"https:\\\/\\\/www.miamibeachfl.gov\\\/wp-content\\\/uploads\\\/2022\\\/06\\\/miamibeach-logoblue.png\",\"contentUrl\":\"https:\\\/\\\/www.miamibeachfl.gov\\\/wp-content\\\/uploads\\\/2022\\\/06\\\/miamibeach-logoblue.png\",\"width\":1962,\"height\":381,\"caption\":\"City of Miami Beach\"},\"image\":{\"@id\":\"https:\\\/\\\/www.miamibeachfl.gov\\\/#\\\/schema\\\/logo\\\/image\\\/\"},\"sameAs\":[\"https:\\\/\\\/www.facebook.com\\\/cityofmiamibeach\",\"https:\\\/\\\/x.com\\\/Miamibeachnews\",\"https:\\\/\\\/www.instagram.com\\\/miamibeachnews\\\/\"],\"description\":\"The official website of the City of Miami Beach. Stay informed, find important information on city services, news, alerts, events, trolley routes, government employment and more.\",\"telephone\":\"305.604.CITY(2489)\",\"legalName\":\"City of Miami Beach\"}]}<\/script>\n<!-- \/ Yoast SEO Premium plugin. -->","yoast_head_json":{"title":"Acceso C\u00edvico - Ciudad de Miami Beach","description":"%","robots":{"index":"index","follow":"follow","max-snippet":"max-snippet:-1","max-image-preview":"max-image-preview:large","max-video-preview":"max-video-preview:-1"},"canonical":"https:\/\/www.miamibeachfl.gov\/es\/business\/civicaccess\/","og_locale":"es_ES","og_type":"article","og_title":"Civic Access","og_description":"%","og_url":"https:\/\/www.miamibeachfl.gov\/es\/business\/civicaccess\/","og_site_name":"City of Miami Beach","article_publisher":"https:\/\/www.facebook.com\/cityofmiamibeach","article_modified_time":"2025-08-14T20:51:19+00:00","og_image":[{"url":"https:\/\/www.miamibeachfl.gov\/wp-content\/uploads\/2023\/01\/CSS-HowtovideoThumbnail.2jpg.jpg","type":"","width":"","height":""}],"twitter_card":"summary_large_image","twitter_site":"@Miamibeachnews","schema":{"@context":"https:\/\/schema.org","@graph":[{"@type":"WebPage","@id":"https:\/\/www.miamibeachfl.gov\/business\/civicaccess\/","url":"https:\/\/www.miamibeachfl.gov\/business\/civicaccess\/","name":"Acceso C\u00edvico - Ciudad de Miami Beach","isPartOf":{"@id":"https:\/\/www.miamibeachfl.gov\/#website"},"primaryImageOfPage":{"@id":"https:\/\/www.miamibeachfl.gov\/business\/civicaccess\/#primaryimage"},"image":{"@id":"https:\/\/www.miamibeachfl.gov\/business\/civicaccess\/#primaryimage"},"thumbnailUrl":"https:\/\/www.miamibeachfl.gov\/wp-content\/uploads\/2023\/01\/CSS-HowtovideoThumbnail.2jpg.jpg","datePublished":"2023-01-10T14:08:31+00:00","dateModified":"2025-08-14T20:51:19+00:00","description":"%","breadcrumb":{"@id":"https:\/\/www.miamibeachfl.gov\/business\/civicaccess\/#breadcrumb"},"inLanguage":"es","potentialAction":[{"@type":"ReadAction","target":["https:\/\/www.miamibeachfl.gov\/business\/civicaccess\/"]}]},{"@type":"ImageObject","inLanguage":"es","@id":"https:\/\/www.miamibeachfl.gov\/business\/civicaccess\/#primaryimage","url":"https:\/\/www.miamibeachfl.gov\/wp-content\/uploads\/2023\/01\/CSS-HowtovideoThumbnail.2jpg.jpg","contentUrl":"https:\/\/www.miamibeachfl.gov\/wp-content\/uploads\/2023\/01\/CSS-HowtovideoThumbnail.2jpg.jpg"},{"@type":"BreadcrumbList","@id":"https:\/\/www.miamibeachfl.gov\/business\/civicaccess\/#breadcrumb","itemListElement":[{"@type":"ListItem","position":1,"name":"Home","item":"https:\/\/www.miamibeachfl.gov\/"},{"@type":"ListItem","position":2,"name":"Business","item":"https:\/\/www.miamibeachfl.gov\/business\/"},{"@type":"ListItem","position":3,"name":"Civic Access"}]},{"@type":"WebSite","@id":"https:\/\/www.miamibeachfl.gov\/#website","url":"https:\/\/www.miamibeachfl.gov\/","name":"Ciudad de Miami Beach","description":"Sitio web oficial de la Ciudad de Miami Beach. Mant\u00e9ngase informado, encuentre informaci\u00f3n importante sobre servicios municipales, noticias, alertas, eventos, rutas de tranv\u00edas, empleos gubernamentales y m\u00e1s.","publisher":{"@id":"https:\/\/www.miamibeachfl.gov\/#organization"},"potentialAction":[{"@type":"SearchAction","target":{"@type":"EntryPoint","urlTemplate":"https:\/\/www.miamibeachfl.gov\/?s={search_term_string}"},"query-input":{"@type":"PropertyValueSpecification","valueRequired":true,"valueName":"search_term_string"}}],"inLanguage":"es"},{"@type":"Organization","@id":"https:\/\/www.miamibeachfl.gov\/#organization","name":"Ciudad de Miami Beach","url":"https:\/\/www.miamibeachfl.gov\/","logo":{"@type":"ImageObject","inLanguage":"es","@id":"https:\/\/www.miamibeachfl.gov\/#\/schema\/logo\/image\/","url":"https:\/\/www.miamibeachfl.gov\/wp-content\/uploads\/2022\/06\/miamibeach-logoblue.png","contentUrl":"https:\/\/www.miamibeachfl.gov\/wp-content\/uploads\/2022\/06\/miamibeach-logoblue.png","width":1962,"height":381,"caption":"City of Miami Beach"},"image":{"@id":"https:\/\/www.miamibeachfl.gov\/#\/schema\/logo\/image\/"},"sameAs":["https:\/\/www.facebook.com\/cityofmiamibeach","https:\/\/x.com\/Miamibeachnews","https:\/\/www.instagram.com\/miamibeachnews\/"],"description":"Sitio web oficial de la Ciudad de Miami Beach. Mant\u00e9ngase informado, encuentre informaci\u00f3n importante sobre servicios municipales, noticias, alertas, eventos, rutas de tranv\u00edas, empleos gubernamentales y m\u00e1s.","telephone":"305.604.CITY(2489)","legalName":"City of Miami Beach"}]}},"_links":{"self":[{"href":"https:\/\/www.miamibeachfl.gov\/es\/wp-json\/wp\/v2\/pages\/239766","targetHints":{"allow":["GET"]}}],"collection":[{"href":"https:\/\/www.miamibeachfl.gov\/es\/wp-json\/wp\/v2\/pages"}],"about":[{"href":"https:\/\/www.miamibeachfl.gov\/es\/wp-json\/wp\/v2\/types\/page"}],"author":[{"embeddable":true,"href":"https:\/\/www.miamibeachfl.gov\/es\/wp-json\/wp\/v2\/users\/222"}],"replies":[{"embeddable":true,"href":"https:\/\/www.miamibeachfl.gov\/es\/wp-json\/wp\/v2\/comments?post=239766"}],"version-history":[{"count":8,"href":"https:\/\/www.miamibeachfl.gov\/es\/wp-json\/wp\/v2\/pages\/239766\/revisions"}],"predecessor-version":[{"id":388057,"href":"https:\/\/www.miamibeachfl.gov\/es\/wp-json\/wp\/v2\/pages\/239766\/revisions\/388057"}],"up":[{"embeddable":true,"href":"https:\/\/www.miamibeachfl.gov\/es\/wp-json\/wp\/v2\/pages\/196910"}],"wp:attachment":[{"href":"https:\/\/www.miamibeachfl.gov\/es\/wp-json\/wp\/v2\/media?parent=239766"}],"wp:term":[{"taxonomy":"category","embeddable":true,"href":"https:\/\/www.miamibeachfl.gov\/es\/wp-json\/wp\/v2\/categories?post=239766"},{"taxonomy":"post_tag","embeddable":true,"href":"https:\/\/www.miamibeachfl.gov\/es\/wp-json\/wp\/v2\/tags?post=239766"}],"curies":[{"name":"gracias","href":"https:\/\/api.w.org\/{rel}","templated":true}]}}