{"id":244445,"date":"2023-01-30T07:13:46","date_gmt":"2023-01-30T12:13:46","guid":{"rendered":"https:\/\/www.miamibeachfl.gov\/?page_id=244445"},"modified":"2025-06-04T21:50:56","modified_gmt":"2025-06-05T01:50:56","slug":"bass-museum-of-art-go-bond","status":"publish","type":"page","link":"https:\/\/www.miamibeachfl.gov\/es\/gobond-arts2022\/bass-museum-of-art-go-bond\/","title":{"rendered":"Go Bond \u2013 Museo de Arte Bass"},"content":{"rendered":"<h3>\n\t\t\tInstalaciones culturales de propiedad municipal\t<\/h3>\n<h3>\n\t\t\tMuseo de Arte Bass \t<\/h3>\n\t\t\t<a href=\"https:\/\/www.gombinfo.com\/artsandculture\/dashboard\/explore-the-dashboard\/\" target=\"_blank\" rel=\"noopener\">\n\t\t\t\t\t\t\tExplora el Panel de Arte y Cultura  \n\t\t\t\t\t<\/a>\n<h3>\n\t\t\tAntecedentes organizacionales\t<\/h3>\n\t<p>The Bass es el museo de arte contempor\u00e1neo de Miami Beach. Centrado en exposiciones de arte contempor\u00e1neo internacional, The Bass presenta artistas de mediana y larga trayectoria que reflejan el esp\u00edritu y el car\u00e1cter internacional de Miami Beach. The Bass busca incorporar diversas disciplinas de la cultura contempor\u00e1nea, como el dise\u00f1o, la moda y la arquitectura, en su programa de exposiciones. Su programaci\u00f3n abarca una amplia gama de medios y perspectivas art\u00edsticas que ampl\u00edan el diverso panorama cultural de la escena art\u00edstica de Miami Beach. <\/p>\n<p>The Bass mantiene un programa educativo para el aprendizaje permanente y para visitantes de todas las edades. La iniciativa educativa Bass IDEAS utiliza el arte como catalizador de la creatividad y el crecimiento positivo, especialmente en el \u00e1mbito de la educaci\u00f3n infantil. El programa escolar activo STEAM+, liderado por la Ciudad de Miami Beach, lleva The Bass IDEAS fuera de las instalaciones, involucrando a los ni\u00f1os de las Escuelas P\u00fablicas del Condado de Miami-Dade e integrando la educaci\u00f3n art\u00edstica en el curr\u00edculo. <\/p>\n\t<iframe src=\"https:\/\/www.google.com\/maps\/embed\/v1\/place?q=2100+Colins+Avenue%2C+Miami+Beach+FL&#038;key=AIzaSyD09zQ9PNDNNy9TadMuzRV_UsPUoWKntt8\" aria-hidden=\"true\" title=\"Direcci\u00f3n del Museo de Arte Bass\"><\/iframe>\n\t<h3>Lista de mejoras de capital<\/h3>\t\n\t<ul>\n<li>Proyector y pantalla <\/li>\n<li>Patio y Centro de Creatividad Sistema de sombreado autom\u00e1tico  <\/li>\n<li>Bucle de inducci\u00f3n de audio para patio  <\/li>\n<li>Sistema de iluminaci\u00f3n interior Lumitrix para interiores y exteriores  <\/li>\n<li>Puerta superior de calidad comercial  <\/li>\n<li>Equipo audiovisual mejorado  <\/li>\n<li>Iluminaci\u00f3n de riel para galer\u00eda  <\/li>\n<li>Bucle de inducci\u00f3n de audio del centro de creatividad  <\/li>\n<li>Transformador del vest\u00edbulo <\/li>\n<li>Sistema de se\u00f1alizaci\u00f3n basado en balizas  <\/li>\n<li>Puntos de acceso WiFi de Collins Park  <\/li>\n<li>Escalera de pared reemplazada <\/li>\n<li>Renovaci\u00f3n del sistema de escape <\/li>\n<li>Reemplazo del sistema de alarma contra incendios <\/li>\n<\/ul>\n\t<h3>Cronograma estimado del proyecto<\/h3>\t\n\t<p>Aproximadamente 24-36 meses<\/p>\n\t<h3>Monto del proyecto<\/h3>\t\n\t<p>$20,100,000<\/p>\n\t\t\t\t\t\t\t\t<a href=\"http:\/\/www.thebass.org\" target=\"_self\">\n\t\t\t\t\t\t<\/a>\n\t<h3><a href=\"http:\/\/www.thebass.org\"  target=\"_self\">Visite www.thebass.org para obtener informaci\u00f3n adicional.<\/a><\/h3>","protected":false},"excerpt":{"rendered":"<p>Instalaciones culturales propiedad de la ciudad Museo de Arte Bass Explorar el panel de arte y cultura Antecedentes de la organizaci\u00f3n El Bass es el [\u2026]<\/p>","protected":false},"author":222,"featured_media":0,"parent":242175,"menu_order":178,"comment_status":"closed","ping_status":"closed","template":"","meta":{"_searchwp_excluded":"","site-sidebar-layout":"default","site-content-layout":"","ast-site-content-layout":"default","site-content-style":"default","site-sidebar-style":"default","ast-global-header-display":"","ast-banner-title-visibility":"","ast-main-header-display":"","ast-hfb-above-header-display":"","ast-hfb-below-header-display":"","ast-hfb-mobile-header-display":"","site-post-title":"","ast-breadcrumbs-content":"","ast-featured-img":"","footer-sml-layout":"","theme-transparent-header-meta":"","adv-header-id-meta":"","stick-header-meta":"","header-above-stick-meta":"","header-main-stick-meta":"","header-below-stick-meta":"","astra-migrate-meta-layouts":"default","ast-page-background-enabled":"default","ast-page-background-meta":{"desktop":{"background-color":"var(--ast-global-color-5)","background-image":"","background-repeat":"repeat","background-position":"center center","background-size":"auto","background-attachment":"scroll","background-type":"","background-media":"","overlay-type":"","overlay-color":"","overlay-opacity":"","overlay-gradient":""},"tablet":{"background-color":"","background-image":"","background-repeat":"repeat","background-position":"center center","background-size":"auto","background-attachment":"scroll","background-type":"","background-media":"","overlay-type":"","overlay-color":"","overlay-opacity":"","overlay-gradient":""},"mobile":{"background-color":"","background-image":"","background-repeat":"repeat","background-position":"center center","background-size":"auto","background-attachment":"scroll","background-type":"","background-media":"","overlay-type":"","overlay-color":"","overlay-opacity":"","overlay-gradient":""}},"ast-content-background-meta":{"desktop":{"background-color":"var(--ast-global-color-4)","background-image":"","background-repeat":"repeat","background-position":"center center","background-size":"auto","background-attachment":"scroll","background-type":"","background-media":"","overlay-type":"","overlay-color":"","overlay-opacity":"","overlay-gradient":""},"tablet":{"background-color":"var(--ast-global-color-4)","background-image":"","background-repeat":"repeat","background-position":"center center","background-size":"auto","background-attachment":"scroll","background-type":"","background-media":"","overlay-type":"","overlay-color":"","overlay-opacity":"","overlay-gradient":""},"mobile":{"background-color":"var(--ast-global-color-4)","background-image":"","background-repeat":"repeat","background-position":"center center","background-size":"auto","background-attachment":"scroll","background-type":"","background-media":"","overlay-type":"","overlay-color":"","overlay-opacity":"","overlay-gradient":""}},"footnotes":""},"categories":[],"tags":[],"class_list":["post-244445","page","type-page","status-publish","hentry"],"yoast_head":"<!-- This site is optimized with the Yoast SEO Premium plugin v26.6 (Yoast SEO v26.6) - https:\/\/yoast.com\/wordpress\/plugins\/seo\/ -->\n<title>Go Bond - Bass Museum of Art - City of Miami Beach<\/title>\n<meta name=\"description\" content=\"%\" \/>\n<meta name=\"robots\" content=\"index, follow, max-snippet:-1, max-image-preview:large, max-video-preview:-1\" \/>\n<link rel=\"canonical\" href=\"https:\/\/www.miamibeachfl.gov\/es\/gobond-arts2022\/bass-museum-of-art-go-bond\/\" \/>\n<meta property=\"og:locale\" content=\"es_ES\" \/>\n<meta property=\"og:type\" content=\"article\" \/>\n<meta property=\"og:title\" content=\"Go Bond - Bass Museum of Art\" \/>\n<meta property=\"og:description\" content=\"%\" \/>\n<meta property=\"og:url\" content=\"https:\/\/www.miamibeachfl.gov\/es\/gobond-arts2022\/bass-museum-of-art-go-bond\/\" \/>\n<meta property=\"og:site_name\" content=\"City of Miami Beach\" \/>\n<meta property=\"article:publisher\" content=\"https:\/\/www.facebook.com\/cityofmiamibeach\" \/>\n<meta property=\"article:modified_time\" content=\"2025-06-05T01:50:56+00:00\" \/>\n<meta property=\"og:image\" content=\"https:\/\/www.miamibeachfl.gov\/wp-content\/uploads\/2024\/01\/1000pxSquare-miamibeach-aerial-southpointview.jpeg\" \/>\n\t<meta property=\"og:image:width\" content=\"1000\" \/>\n\t<meta property=\"og:image:height\" content=\"1000\" \/>\n\t<meta property=\"og:image:type\" content=\"image\/jpeg\" \/>\n<meta name=\"twitter:card\" content=\"summary_large_image\" \/>\n<meta name=\"twitter:site\" content=\"@Miamibeachnews\" \/>\n<script type=\"application\/ld+json\" class=\"yoast-schema-graph\">{\"@context\":\"https:\/\/schema.org\",\"@graph\":[{\"@type\":\"WebPage\",\"@id\":\"https:\/\/www.miamibeachfl.gov\/gobond-arts2022\/bass-museum-of-art-go-bond\/\",\"url\":\"https:\/\/www.miamibeachfl.gov\/gobond-arts2022\/bass-museum-of-art-go-bond\/\",\"name\":\"Go Bond - Bass Museum of Art - City of Miami Beach\",\"isPartOf\":{\"@id\":\"https:\/\/www.miamibeachfl.gov\/#website\"},\"datePublished\":\"2023-01-30T12:13:46+00:00\",\"dateModified\":\"2025-06-05T01:50:56+00:00\",\"description\":\"%\",\"breadcrumb\":{\"@id\":\"https:\/\/www.miamibeachfl.gov\/gobond-arts2022\/bass-museum-of-art-go-bond\/#breadcrumb\"},\"inLanguage\":\"es\",\"potentialAction\":[{\"@type\":\"ReadAction\",\"target\":[\"https:\/\/www.miamibeachfl.gov\/gobond-arts2022\/bass-museum-of-art-go-bond\/\"]}]},{\"@type\":\"BreadcrumbList\",\"@id\":\"https:\/\/www.miamibeachfl.gov\/gobond-arts2022\/bass-museum-of-art-go-bond\/#breadcrumb\",\"itemListElement\":[{\"@type\":\"ListItem\",\"position\":1,\"name\":\"Home\",\"item\":\"https:\/\/www.miamibeachfl.gov\/\"},{\"@type\":\"ListItem\",\"position\":2,\"name\":\"GO Bond Arts 2022\",\"item\":\"https:\/\/www.miamibeachfl.gov\/gobond-arts2022\/\"},{\"@type\":\"ListItem\",\"position\":3,\"name\":\"Go Bond &#8211; Bass Museum of Art\"}]},{\"@type\":\"WebSite\",\"@id\":\"https:\/\/www.miamibeachfl.gov\/#website\",\"url\":\"https:\/\/www.miamibeachfl.gov\/\",\"name\":\"City of Miami Beach\",\"description\":\"The official website of the City of Miami Beach. Stay informed, find important information on city services, news, alerts, events, trolley routes, government employment and more.\",\"publisher\":{\"@id\":\"https:\/\/www.miamibeachfl.gov\/#organization\"},\"potentialAction\":[{\"@type\":\"SearchAction\",\"target\":{\"@type\":\"EntryPoint\",\"urlTemplate\":\"https:\/\/www.miamibeachfl.gov\/?s={search_term_string}\"},\"query-input\":{\"@type\":\"PropertyValueSpecification\",\"valueRequired\":true,\"valueName\":\"search_term_string\"}}],\"inLanguage\":\"es\"},{\"@type\":\"Organization\",\"@id\":\"https:\/\/www.miamibeachfl.gov\/#organization\",\"name\":\"City of Miami Beach\",\"url\":\"https:\/\/www.miamibeachfl.gov\/\",\"logo\":{\"@type\":\"ImageObject\",\"inLanguage\":\"es\",\"@id\":\"https:\/\/www.miamibeachfl.gov\/#\/schema\/logo\/image\/\",\"url\":\"https:\/\/www.miamibeachfl.gov\/wp-content\/uploads\/2022\/06\/miamibeach-logoblue.png\",\"contentUrl\":\"https:\/\/www.miamibeachfl.gov\/wp-content\/uploads\/2022\/06\/miamibeach-logoblue.png\",\"width\":1962,\"height\":381,\"caption\":\"City of Miami Beach\"},\"image\":{\"@id\":\"https:\/\/www.miamibeachfl.gov\/#\/schema\/logo\/image\/\"},\"sameAs\":[\"https:\/\/www.facebook.com\/cityofmiamibeach\",\"https:\/\/x.com\/Miamibeachnews\",\"https:\/\/www.instagram.com\/miamibeachnews\/\"],\"description\":\"The official website of the City of Miami Beach. Stay informed, find important information on city services, news, alerts, events, trolley routes, government employment and more.\",\"telephone\":\"305.604.CITY(2489)\",\"legalName\":\"City of Miami Beach\"}]}<\/script>\n<!-- \/ Yoast SEO Premium plugin. -->","yoast_head_json":{"title":"Go Bond - Museo de Arte Bass - Ciudad de Miami Beach","description":"%","robots":{"index":"index","follow":"follow","max-snippet":"max-snippet:-1","max-image-preview":"max-image-preview:large","max-video-preview":"max-video-preview:-1"},"canonical":"https:\/\/www.miamibeachfl.gov\/es\/gobond-arts2022\/bass-museum-of-art-go-bond\/","og_locale":"es_ES","og_type":"article","og_title":"Go Bond - Bass Museum of Art","og_description":"%","og_url":"https:\/\/www.miamibeachfl.gov\/es\/gobond-arts2022\/bass-museum-of-art-go-bond\/","og_site_name":"City of Miami Beach","article_publisher":"https:\/\/www.facebook.com\/cityofmiamibeach","article_modified_time":"2025-06-05T01:50:56+00:00","og_image":[{"width":1000,"height":1000,"url":"https:\/\/www.miamibeachfl.gov\/wp-content\/uploads\/2024\/01\/1000pxSquare-miamibeach-aerial-southpointview.jpeg","type":"image\/jpeg"}],"twitter_card":"summary_large_image","twitter_site":"@Miamibeachnews","schema":{"@context":"https:\/\/schema.org","@graph":[{"@type":"WebPage","@id":"https:\/\/www.miamibeachfl.gov\/gobond-arts2022\/bass-museum-of-art-go-bond\/","url":"https:\/\/www.miamibeachfl.gov\/gobond-arts2022\/bass-museum-of-art-go-bond\/","name":"Go Bond - Museo de Arte Bass - Ciudad de Miami Beach","isPartOf":{"@id":"https:\/\/www.miamibeachfl.gov\/#website"},"datePublished":"2023-01-30T12:13:46+00:00","dateModified":"2025-06-05T01:50:56+00:00","description":"%","breadcrumb":{"@id":"https:\/\/www.miamibeachfl.gov\/gobond-arts2022\/bass-museum-of-art-go-bond\/#breadcrumb"},"inLanguage":"es","potentialAction":[{"@type":"ReadAction","target":["https:\/\/www.miamibeachfl.gov\/gobond-arts2022\/bass-museum-of-art-go-bond\/"]}]},{"@type":"BreadcrumbList","@id":"https:\/\/www.miamibeachfl.gov\/gobond-arts2022\/bass-museum-of-art-go-bond\/#breadcrumb","itemListElement":[{"@type":"ListItem","position":1,"name":"Home","item":"https:\/\/www.miamibeachfl.gov\/"},{"@type":"ListItem","position":2,"name":"GO Bond Arts 2022","item":"https:\/\/www.miamibeachfl.gov\/gobond-arts2022\/"},{"@type":"ListItem","position":3,"name":"Go Bond &#8211; Bass Museum of Art"}]},{"@type":"WebSite","@id":"https:\/\/www.miamibeachfl.gov\/#website","url":"https:\/\/www.miamibeachfl.gov\/","name":"Ciudad de Miami Beach","description":"Sitio web oficial de la Ciudad de Miami Beach. Mant\u00e9ngase informado, encuentre informaci\u00f3n importante sobre servicios municipales, noticias, alertas, eventos, rutas de tranv\u00edas, empleos gubernamentales y m\u00e1s.","publisher":{"@id":"https:\/\/www.miamibeachfl.gov\/#organization"},"potentialAction":[{"@type":"SearchAction","target":{"@type":"EntryPoint","urlTemplate":"https:\/\/www.miamibeachfl.gov\/?s={search_term_string}"},"query-input":{"@type":"PropertyValueSpecification","valueRequired":true,"valueName":"search_term_string"}}],"inLanguage":"es"},{"@type":"Organization","@id":"https:\/\/www.miamibeachfl.gov\/#organization","name":"Ciudad de Miami Beach","url":"https:\/\/www.miamibeachfl.gov\/","logo":{"@type":"ImageObject","inLanguage":"es","@id":"https:\/\/www.miamibeachfl.gov\/#\/schema\/logo\/image\/","url":"https:\/\/www.miamibeachfl.gov\/wp-content\/uploads\/2022\/06\/miamibeach-logoblue.png","contentUrl":"https:\/\/www.miamibeachfl.gov\/wp-content\/uploads\/2022\/06\/miamibeach-logoblue.png","width":1962,"height":381,"caption":"City of Miami Beach"},"image":{"@id":"https:\/\/www.miamibeachfl.gov\/#\/schema\/logo\/image\/"},"sameAs":["https:\/\/www.facebook.com\/cityofmiamibeach","https:\/\/x.com\/Miamibeachnews","https:\/\/www.instagram.com\/miamibeachnews\/"],"description":"Sitio web oficial de la Ciudad de Miami Beach. Mant\u00e9ngase informado, encuentre informaci\u00f3n importante sobre servicios municipales, noticias, alertas, eventos, rutas de tranv\u00edas, empleos gubernamentales y m\u00e1s.","telephone":"305.604.CITY(2489)","legalName":"City of Miami Beach"}]}},"_links":{"self":[{"href":"https:\/\/www.miamibeachfl.gov\/es\/wp-json\/wp\/v2\/pages\/244445","targetHints":{"allow":["GET"]}}],"collection":[{"href":"https:\/\/www.miamibeachfl.gov\/es\/wp-json\/wp\/v2\/pages"}],"about":[{"href":"https:\/\/www.miamibeachfl.gov\/es\/wp-json\/wp\/v2\/types\/page"}],"author":[{"embeddable":true,"href":"https:\/\/www.miamibeachfl.gov\/es\/wp-json\/wp\/v2\/users\/222"}],"replies":[{"embeddable":true,"href":"https:\/\/www.miamibeachfl.gov\/es\/wp-json\/wp\/v2\/comments?post=244445"}],"version-history":[{"count":0,"href":"https:\/\/www.miamibeachfl.gov\/es\/wp-json\/wp\/v2\/pages\/244445\/revisions"}],"up":[{"embeddable":true,"href":"https:\/\/www.miamibeachfl.gov\/es\/wp-json\/wp\/v2\/pages\/242175"}],"wp:attachment":[{"href":"https:\/\/www.miamibeachfl.gov\/es\/wp-json\/wp\/v2\/media?parent=244445"}],"wp:term":[{"taxonomy":"category","embeddable":true,"href":"https:\/\/www.miamibeachfl.gov\/es\/wp-json\/wp\/v2\/categories?post=244445"},{"taxonomy":"post_tag","embeddable":true,"href":"https:\/\/www.miamibeachfl.gov\/es\/wp-json\/wp\/v2\/tags?post=244445"}],"curies":[{"name":"gracias","href":"https:\/\/api.w.org\/{rel}","templated":true}]}}