{"id":244470,"date":"2023-01-30T08:02:35","date_gmt":"2023-01-30T13:02:35","guid":{"rendered":"https:\/\/www.miamibeachfl.gov\/?page_id=244470"},"modified":"2025-06-04T21:57:06","modified_gmt":"2025-06-05T01:57:06","slug":"miami-new-drama-at-collins-park-garage-go-bond","status":"publish","type":"page","link":"https:\/\/www.miamibeachfl.gov\/es\/gobond-arts2022\/miami-new-drama-at-collins-park-garage-go-bond\/","title":{"rendered":"Go Bond: Nuevo drama de Miami en Collins Park Garage"},"content":{"rendered":"<h3>\n\t\t\tInstalaciones culturales de propiedad municipal\t<\/h3>\n<h3>\n\t\t\tNuevo drama de Miami en Collins Park Garage\t<\/h3>\n\t\t\t<a href=\"https:\/\/www.gombinfo.com\/artsandculture\/dashboard\/explore-the-dashboard\/\" target=\"_blank\" rel=\"noopener\">\n\t\t\t\t\t\t\tExplora el Panel de Arte y Cultura  \n\t\t\t\t\t<\/a>\n<h3>\n\t\t\tAntecedentes organizacionales\t<\/h3>\n\t<p>Miami New Drama es un centro cultural de Miami Beach con la misi\u00f3n de desarrollar nuevas obras de teatro y musicales diversos y relevantes, en di\u00e1logo con la comunidad. Desde 2016, Miami New Drama ha activado con \u00e9xito el Teatro Colony, donde presenta obras diversas e innovadoras. El Teatro Colony limita su capacidad para ampliar su programaci\u00f3n educativa. El Centro Cultural Collins Park, en el Collins Park Garage, servir\u00eda como centro educativo, lo que permitir\u00eda una programaci\u00f3n consistente de talleres para adultos y j\u00f3venes, campamentos para j\u00f3venes actores y teatro para p\u00fablico infantil. <\/p>\n\t<iframe src=\"https:\/\/www.google.com\/maps\/embed\/v1\/place?q=500+Collins+Avenue+Miami+Beach%2C+FL&#038;key=AIzaSyD09zQ9PNDNNy9TadMuzRV_UsPUoWKntt8\" aria-hidden=\"true\" title=\"Nuevo drama de Miami en Collins Park Garage\"><\/iframe>\n\t<h3>Cronograma estimado del proyecto<\/h3>\t\n\t<p>Aproximadamente 24 meses<\/p>\n\t<h3>Monto del proyecto<\/h3>\t\n\t<p>$7,670,000<\/p>\n\t\t\t\t\t\t\t\t<a href=\"http:\/\/www.miaminewdrama.org\" target=\"_self\">\n\t\t\t\t\t\t<\/a>\n\t<h3><a href=\"http:\/\/www.miaminewdrama.org\"  target=\"_self\">Visite www.miaminewdrama.org para obtener informaci\u00f3n adicional.<\/a><\/h3>\t\n<h3>\n\t\t\tLista de mejoras de capital\t<\/h3>\n\t<ul>\n<li><strong>Teatro Black Box Studio de Miami New Drama  <\/strong><br \/>\nEspacio de teatro flexible con 200 butacas. La programaci\u00f3n incluye: teatro de primera categor\u00eda en un ambiente \u00edntimo, programaci\u00f3n en espa\u00f1ol, teatro para p\u00fablico infantil, proyecciones de pel\u00edculas, eventos especiales, programas de socios culturales y comunitarios. <\/li>\n<li><strong>Espacio de educaci\u00f3n y ensayo comunitario   <\/strong><br \/>\nOrientado a la calle, permite a los peatones ver el interior del teatro. Sede de clases, talleres, programas educativos y campamentos de Miami New Drama. Actividades comunitarias continuas, incluyendo el Baile de los Lunes por la Noche para Personas Mayores. Espacio para eventos de Miami New Drama y otras organizaciones comunitarias, combinable con el Teatro Estudio. <\/li>\n<li><strong>Estudio de dise\u00f1o de vestuario <\/strong><br \/>\nUn espacio que servir\u00eda como taller de sastrer\u00eda y prueba para producciones de Miami New Drama, adem\u00e1s de ofrecer formaci\u00f3n para el desarrollo de habilidades mediante artesan\u00eda y costura. Se crear\u00edan empleos en Miami Beach y residencias art\u00edsticas en artes textiles que se exhibir\u00edan en la galer\u00eda del vest\u00edbulo. <\/li>\n<li><strong>La sala de estar   <\/strong><br \/>\nUn sal\u00f3n cultural abierto todo el d\u00eda, con instalaciones art\u00edsticas rotativas de organizaciones sin fines de lucro asociadas, con artistas j\u00f3venes y de mediana edad a\u00fan sin descubrir. Tambi\u00e9n hay una cafeter\u00eda y una librer\u00eda seleccionadas por Books &amp; Books. <\/li>\n<li><strong>Caf\u00e9 del parque Collins <\/strong><br \/>\nUna cafeter\u00eda de barrio din\u00e1mica y acogedora que sirve caf\u00e9 de origen sostenible, cocina de primera clase a precios asequibles y una cuidada selecci\u00f3n de m\u00fasica en vivo de vanguardia. Se trata de una colaboraci\u00f3n privada sin fines de lucro entre un restaurador experimentado y Miami New Drama.  <\/li>\n<li><strong>Espacio de oficina <\/strong><br \/>\nServir\u00e1 como sede del Nuevo Drama de Miami.   <\/li>\n<\/ul>","protected":false},"excerpt":{"rendered":"<p>City-Owned Cultural Facilties Miami New Drama at Collins Park Garage Explore the Arts and Culture Dashboard Organizational Background Miami New [&hellip;]<\/p>\n","protected":false},"author":222,"featured_media":0,"parent":242175,"menu_order":178,"comment_status":"closed","ping_status":"closed","template":"","meta":{"_searchwp_excluded":"","site-sidebar-layout":"default","site-content-layout":"","ast-site-content-layout":"default","site-content-style":"default","site-sidebar-style":"default","ast-global-header-display":"","ast-banner-title-visibility":"","ast-main-header-display":"","ast-hfb-above-header-display":"","ast-hfb-below-header-display":"","ast-hfb-mobile-header-display":"","site-post-title":"","ast-breadcrumbs-content":"","ast-featured-img":"","footer-sml-layout":"","theme-transparent-header-meta":"","adv-header-id-meta":"","stick-header-meta":"","header-above-stick-meta":"","header-main-stick-meta":"","header-below-stick-meta":"","astra-migrate-meta-layouts":"default","ast-page-background-enabled":"default","ast-page-background-meta":{"desktop":{"background-color":"var(--ast-global-color-5)","background-image":"","background-repeat":"repeat","background-position":"center center","background-size":"auto","background-attachment":"scroll","background-type":"","background-media":"","overlay-type":"","overlay-color":"","overlay-opacity":"","overlay-gradient":""},"tablet":{"background-color":"","background-image":"","background-repeat":"repeat","background-position":"center center","background-size":"auto","background-attachment":"scroll","background-type":"","background-media":"","overlay-type":"","overlay-color":"","overlay-opacity":"","overlay-gradient":""},"mobile":{"background-color":"","background-image":"","background-repeat":"repeat","background-position":"center center","background-size":"auto","background-attachment":"scroll","background-type":"","background-media":"","overlay-type":"","overlay-color":"","overlay-opacity":"","overlay-gradient":""}},"ast-content-background-meta":{"desktop":{"background-color":"var(--ast-global-color-4)","background-image":"","background-repeat":"repeat","background-position":"center center","background-size":"auto","background-attachment":"scroll","background-type":"","background-media":"","overlay-type":"","overlay-color":"","overlay-opacity":"","overlay-gradient":""},"tablet":{"background-color":"var(--ast-global-color-4)","background-image":"","background-repeat":"repeat","background-position":"center center","background-size":"auto","background-attachment":"scroll","background-type":"","background-media":"","overlay-type":"","overlay-color":"","overlay-opacity":"","overlay-gradient":""},"mobile":{"background-color":"var(--ast-global-color-4)","background-image":"","background-repeat":"repeat","background-position":"center center","background-size":"auto","background-attachment":"scroll","background-type":"","background-media":"","overlay-type":"","overlay-color":"","overlay-opacity":"","overlay-gradient":""}},"footnotes":""},"categories":[],"tags":[],"class_list":["post-244470","page","type-page","status-publish","hentry"],"yoast_head":"<!-- This site is optimized with the Yoast SEO Premium plugin v26.6 (Yoast SEO v26.6) - https:\/\/yoast.com\/wordpress\/plugins\/seo\/ -->\n<title>Go Bond - Miami New Drama at Collins Park Garage - City of Miami Beach<\/title>\n<meta name=\"description\" content=\"%\" \/>\n<meta name=\"robots\" content=\"index, follow, max-snippet:-1, max-image-preview:large, max-video-preview:-1\" \/>\n<link rel=\"canonical\" href=\"https:\/\/www.miamibeachfl.gov\/es\/gobond-arts2022\/miami-new-drama-at-collins-park-garage-go-bond\/\" \/>\n<meta property=\"og:locale\" content=\"es_ES\" \/>\n<meta property=\"og:type\" content=\"article\" \/>\n<meta property=\"og:title\" content=\"Go Bond - Miami New Drama at Collins Park Garage\" \/>\n<meta property=\"og:description\" content=\"%\" \/>\n<meta property=\"og:url\" content=\"https:\/\/www.miamibeachfl.gov\/es\/gobond-arts2022\/miami-new-drama-at-collins-park-garage-go-bond\/\" \/>\n<meta property=\"og:site_name\" content=\"City of Miami Beach\" \/>\n<meta property=\"article:publisher\" content=\"https:\/\/www.facebook.com\/cityofmiamibeach\" \/>\n<meta property=\"article:modified_time\" content=\"2025-06-05T01:57:06+00:00\" \/>\n<meta property=\"og:image\" content=\"https:\/\/www.miamibeachfl.gov\/wp-content\/uploads\/2024\/01\/1000pxSquare-miamibeach-aerial-southpointview.jpeg\" \/>\n\t<meta property=\"og:image:width\" content=\"1000\" \/>\n\t<meta property=\"og:image:height\" content=\"1000\" \/>\n\t<meta property=\"og:image:type\" content=\"image\/jpeg\" \/>\n<meta name=\"twitter:card\" content=\"summary_large_image\" \/>\n<meta name=\"twitter:site\" content=\"@Miamibeachnews\" \/>\n<script type=\"application\/ld+json\" class=\"yoast-schema-graph\">{\"@context\":\"https:\/\/schema.org\",\"@graph\":[{\"@type\":\"WebPage\",\"@id\":\"https:\/\/www.miamibeachfl.gov\/gobond-arts2022\/miami-new-drama-at-collins-park-garage-go-bond\/\",\"url\":\"https:\/\/www.miamibeachfl.gov\/gobond-arts2022\/miami-new-drama-at-collins-park-garage-go-bond\/\",\"name\":\"Go Bond - Miami New Drama at Collins Park Garage - City of Miami Beach\",\"isPartOf\":{\"@id\":\"https:\/\/www.miamibeachfl.gov\/#website\"},\"datePublished\":\"2023-01-30T13:02:35+00:00\",\"dateModified\":\"2025-06-05T01:57:06+00:00\",\"description\":\"%\",\"breadcrumb\":{\"@id\":\"https:\/\/www.miamibeachfl.gov\/gobond-arts2022\/miami-new-drama-at-collins-park-garage-go-bond\/#breadcrumb\"},\"inLanguage\":\"es\",\"potentialAction\":[{\"@type\":\"ReadAction\",\"target\":[\"https:\/\/www.miamibeachfl.gov\/gobond-arts2022\/miami-new-drama-at-collins-park-garage-go-bond\/\"]}]},{\"@type\":\"BreadcrumbList\",\"@id\":\"https:\/\/www.miamibeachfl.gov\/gobond-arts2022\/miami-new-drama-at-collins-park-garage-go-bond\/#breadcrumb\",\"itemListElement\":[{\"@type\":\"ListItem\",\"position\":1,\"name\":\"Home\",\"item\":\"https:\/\/www.miamibeachfl.gov\/\"},{\"@type\":\"ListItem\",\"position\":2,\"name\":\"GO Bond Arts 2022\",\"item\":\"https:\/\/www.miamibeachfl.gov\/gobond-arts2022\/\"},{\"@type\":\"ListItem\",\"position\":3,\"name\":\"Go Bond &#8211; Miami New Drama at Collins Park Garage\"}]},{\"@type\":\"WebSite\",\"@id\":\"https:\/\/www.miamibeachfl.gov\/#website\",\"url\":\"https:\/\/www.miamibeachfl.gov\/\",\"name\":\"City of Miami Beach\",\"description\":\"The official website of the City of Miami Beach. Stay informed, find important information on city services, news, alerts, events, trolley routes, government employment and more.\",\"publisher\":{\"@id\":\"https:\/\/www.miamibeachfl.gov\/#organization\"},\"potentialAction\":[{\"@type\":\"SearchAction\",\"target\":{\"@type\":\"EntryPoint\",\"urlTemplate\":\"https:\/\/www.miamibeachfl.gov\/?s={search_term_string}\"},\"query-input\":{\"@type\":\"PropertyValueSpecification\",\"valueRequired\":true,\"valueName\":\"search_term_string\"}}],\"inLanguage\":\"es\"},{\"@type\":\"Organization\",\"@id\":\"https:\/\/www.miamibeachfl.gov\/#organization\",\"name\":\"City of Miami Beach\",\"url\":\"https:\/\/www.miamibeachfl.gov\/\",\"logo\":{\"@type\":\"ImageObject\",\"inLanguage\":\"es\",\"@id\":\"https:\/\/www.miamibeachfl.gov\/#\/schema\/logo\/image\/\",\"url\":\"https:\/\/www.miamibeachfl.gov\/wp-content\/uploads\/2022\/06\/miamibeach-logoblue.png\",\"contentUrl\":\"https:\/\/www.miamibeachfl.gov\/wp-content\/uploads\/2022\/06\/miamibeach-logoblue.png\",\"width\":1962,\"height\":381,\"caption\":\"City of Miami Beach\"},\"image\":{\"@id\":\"https:\/\/www.miamibeachfl.gov\/#\/schema\/logo\/image\/\"},\"sameAs\":[\"https:\/\/www.facebook.com\/cityofmiamibeach\",\"https:\/\/x.com\/Miamibeachnews\",\"https:\/\/www.instagram.com\/miamibeachnews\/\"],\"description\":\"The official website of the City of Miami Beach. Stay informed, find important information on city services, news, alerts, events, trolley routes, government employment and more.\",\"telephone\":\"305.604.CITY(2489)\",\"legalName\":\"City of Miami Beach\"}]}<\/script>\n<!-- \/ Yoast SEO Premium plugin. -->","yoast_head_json":{"title":"Go Bond - Nuevo drama de Miami en Collins Park Garage - Ciudad de Miami Beach","description":"%","robots":{"index":"index","follow":"follow","max-snippet":"max-snippet:-1","max-image-preview":"max-image-preview:large","max-video-preview":"max-video-preview:-1"},"canonical":"https:\/\/www.miamibeachfl.gov\/es\/gobond-arts2022\/miami-new-drama-at-collins-park-garage-go-bond\/","og_locale":"es_ES","og_type":"article","og_title":"Go Bond - Miami New Drama at Collins Park Garage","og_description":"%","og_url":"https:\/\/www.miamibeachfl.gov\/es\/gobond-arts2022\/miami-new-drama-at-collins-park-garage-go-bond\/","og_site_name":"City of Miami Beach","article_publisher":"https:\/\/www.facebook.com\/cityofmiamibeach","article_modified_time":"2025-06-05T01:57:06+00:00","og_image":[{"width":1000,"height":1000,"url":"https:\/\/www.miamibeachfl.gov\/wp-content\/uploads\/2024\/01\/1000pxSquare-miamibeach-aerial-southpointview.jpeg","type":"image\/jpeg"}],"twitter_card":"summary_large_image","twitter_site":"@Miamibeachnews","schema":{"@context":"https:\/\/schema.org","@graph":[{"@type":"WebPage","@id":"https:\/\/www.miamibeachfl.gov\/gobond-arts2022\/miami-new-drama-at-collins-park-garage-go-bond\/","url":"https:\/\/www.miamibeachfl.gov\/gobond-arts2022\/miami-new-drama-at-collins-park-garage-go-bond\/","name":"Go Bond - Nuevo drama de Miami en Collins Park Garage - Ciudad de Miami Beach","isPartOf":{"@id":"https:\/\/www.miamibeachfl.gov\/#website"},"datePublished":"2023-01-30T13:02:35+00:00","dateModified":"2025-06-05T01:57:06+00:00","description":"%","breadcrumb":{"@id":"https:\/\/www.miamibeachfl.gov\/gobond-arts2022\/miami-new-drama-at-collins-park-garage-go-bond\/#breadcrumb"},"inLanguage":"es","potentialAction":[{"@type":"ReadAction","target":["https:\/\/www.miamibeachfl.gov\/gobond-arts2022\/miami-new-drama-at-collins-park-garage-go-bond\/"]}]},{"@type":"BreadcrumbList","@id":"https:\/\/www.miamibeachfl.gov\/gobond-arts2022\/miami-new-drama-at-collins-park-garage-go-bond\/#breadcrumb","itemListElement":[{"@type":"ListItem","position":1,"name":"Home","item":"https:\/\/www.miamibeachfl.gov\/"},{"@type":"ListItem","position":2,"name":"GO Bond Arts 2022","item":"https:\/\/www.miamibeachfl.gov\/gobond-arts2022\/"},{"@type":"ListItem","position":3,"name":"Go Bond &#8211; Miami New Drama at Collins Park Garage"}]},{"@type":"WebSite","@id":"https:\/\/www.miamibeachfl.gov\/#website","url":"https:\/\/www.miamibeachfl.gov\/","name":"Ciudad de Miami Beach","description":"Sitio web oficial de la Ciudad de Miami Beach. Mant\u00e9ngase informado, encuentre informaci\u00f3n importante sobre servicios municipales, noticias, alertas, eventos, rutas de tranv\u00edas, empleos gubernamentales y m\u00e1s.","publisher":{"@id":"https:\/\/www.miamibeachfl.gov\/#organization"},"potentialAction":[{"@type":"SearchAction","target":{"@type":"EntryPoint","urlTemplate":"https:\/\/www.miamibeachfl.gov\/?s={search_term_string}"},"query-input":{"@type":"PropertyValueSpecification","valueRequired":true,"valueName":"search_term_string"}}],"inLanguage":"es"},{"@type":"Organization","@id":"https:\/\/www.miamibeachfl.gov\/#organization","name":"Ciudad de Miami Beach","url":"https:\/\/www.miamibeachfl.gov\/","logo":{"@type":"ImageObject","inLanguage":"es","@id":"https:\/\/www.miamibeachfl.gov\/#\/schema\/logo\/image\/","url":"https:\/\/www.miamibeachfl.gov\/wp-content\/uploads\/2022\/06\/miamibeach-logoblue.png","contentUrl":"https:\/\/www.miamibeachfl.gov\/wp-content\/uploads\/2022\/06\/miamibeach-logoblue.png","width":1962,"height":381,"caption":"City of Miami Beach"},"image":{"@id":"https:\/\/www.miamibeachfl.gov\/#\/schema\/logo\/image\/"},"sameAs":["https:\/\/www.facebook.com\/cityofmiamibeach","https:\/\/x.com\/Miamibeachnews","https:\/\/www.instagram.com\/miamibeachnews\/"],"description":"Sitio web oficial de la Ciudad de Miami Beach. Mant\u00e9ngase informado, encuentre informaci\u00f3n importante sobre servicios municipales, noticias, alertas, eventos, rutas de tranv\u00edas, empleos gubernamentales y m\u00e1s.","telephone":"305.604.CITY(2489)","legalName":"City of Miami Beach"}]}},"_links":{"self":[{"href":"https:\/\/www.miamibeachfl.gov\/es\/wp-json\/wp\/v2\/pages\/244470","targetHints":{"allow":["GET"]}}],"collection":[{"href":"https:\/\/www.miamibeachfl.gov\/es\/wp-json\/wp\/v2\/pages"}],"about":[{"href":"https:\/\/www.miamibeachfl.gov\/es\/wp-json\/wp\/v2\/types\/page"}],"author":[{"embeddable":true,"href":"https:\/\/www.miamibeachfl.gov\/es\/wp-json\/wp\/v2\/users\/222"}],"replies":[{"embeddable":true,"href":"https:\/\/www.miamibeachfl.gov\/es\/wp-json\/wp\/v2\/comments?post=244470"}],"version-history":[{"count":1,"href":"https:\/\/www.miamibeachfl.gov\/es\/wp-json\/wp\/v2\/pages\/244470\/revisions"}],"predecessor-version":[{"id":375386,"href":"https:\/\/www.miamibeachfl.gov\/es\/wp-json\/wp\/v2\/pages\/244470\/revisions\/375386"}],"up":[{"embeddable":true,"href":"https:\/\/www.miamibeachfl.gov\/es\/wp-json\/wp\/v2\/pages\/242175"}],"wp:attachment":[{"href":"https:\/\/www.miamibeachfl.gov\/es\/wp-json\/wp\/v2\/media?parent=244470"}],"wp:term":[{"taxonomy":"category","embeddable":true,"href":"https:\/\/www.miamibeachfl.gov\/es\/wp-json\/wp\/v2\/categories?post=244470"},{"taxonomy":"post_tag","embeddable":true,"href":"https:\/\/www.miamibeachfl.gov\/es\/wp-json\/wp\/v2\/tags?post=244470"}],"curies":[{"name":"gracias","href":"https:\/\/api.w.org\/{rel}","templated":true}]}}