{"id":247293,"date":"2023-02-14T14:07:56","date_gmt":"2023-02-14T19:07:56","guid":{"rendered":"https:\/\/www.miamibeachfl.gov\/?page_id=247293"},"modified":"2025-06-02T22:09:57","modified_gmt":"2025-06-03T02:09:57","slug":"feb-2023-business-spotlight","status":"publish","type":"page","link":"https:\/\/www.miamibeachfl.gov\/es\/spotlight\/feb-2023-business-spotlight\/","title":{"rendered":"Destacado empresarial de Miami Beach Bibi Art Media Inc"},"content":{"rendered":"<h5>\n\t\t<a href=\"https:\/\/www.miamibeachfl.gov\/es\/mbbiznews\/\" title=\"Suscr\u00edbete aqu\u00ed para recibir mensualmente en tu bandeja de entrada el bolet\u00edn de negocios de la ciudad.\"  target=\"_blank\"  rel=\"noopener\">\n\t\t\tSuscr\u00edbete aqu\u00ed para recibir mensualmente en tu bandeja de entrada el bolet\u00edn de negocios de la ciudad.\t\t<\/a>\n\t<\/h5>\n<h5>\n\t\t<a href=\"https:\/\/myemail.constantcontact.com\/Stay-connected-with-MB-Biz--.html?soid=1011085968389&#038;aid=S0mHBwwl4Fs\" title=\"Bolet\u00edn empresarial\"  target=\"_blank\"  rel=\"noopener\">\n\t\t\tBolet\u00edn empresarial\t\t<\/a>\n\t<\/h5>\n<h2>\n\t\t\tBibi Art Media, Inc\t<\/h2>\n\t\t\t\t<img decoding=\"async\" src=\"https:\/\/www.miamibeachfl.gov\/wp-content\/uploads\/2023\/02\/Bibi-Image-scaled.jpg\" alt=\"Bibi Art Media Inc\" itemprop=\"image\" title=\"Imagen de Bibi\" onerror=\"this.style.display='none'\" loading='lazy' \/>\n\t<p><strong>Nombre:<\/strong> Brigitte Andrade<\/p>\n<p><strong>Lugar de nacimiento:<\/strong> Orange, Nueva Jersey<\/p>\n<p><strong>\u00bfEn qu\u00e9 ciudad vives ahora? <\/strong>\u00a0\u00a0\u00a1He vivido en Miami Beach durante 30 a\u00f1os!<\/p>\n<p><strong>Cu\u00e9ntanos sobre ti<\/strong><\/p>\n<p>Soy una profesional polifac\u00e9tica con experiencia en publicaciones, arte, escritura y moda. Me gradu\u00e9 del Fashion Institute of Technology de Nueva York y comenc\u00e9 mi carrera como directora general de Beauty Bookings en 1981. Fui responsable de la gesti\u00f3n de artistas y personal en la primera y m\u00e1s grande agencia de maquillaje, peluquer\u00eda y fotograf\u00eda de la ciudad de Nueva York. A finales de los 80, fund\u00e9 Brigitte Inc., una productora que ofrec\u00eda servicios como publicidad impresa, producci\u00f3n de cat\u00e1logos y anuncios de televisi\u00f3n para agencias de publicidad y televisi\u00f3n por cable, adem\u00e1s de presupuestos, programaci\u00f3n y edici\u00f3n de pel\u00edculas.<\/p>\n<p>Me mud\u00e9 a Miami Beach a principios de los 90 y decid\u00ed dedicarme a mi pasi\u00f3n por el arte. All\u00ed prosper\u00f3 mi carrera art\u00edstica y pude dar rienda suelta a mi creatividad. Cre\u00e9 la exitosa serie de c\u00f3mics &quot;Las aventuras de Bibi y sus amigos&quot; en 1999. En 2002, cuando se inaugur\u00f3 Art Basel Miami Beach, ten\u00eda tres (3) a\u00f1os de c\u00f3mics en mi portafolio, y mis obras hab\u00edan estado presentes en el stand de la Oficina de Convenciones y Visitantes del Gran Miami y Miami Beach (GMCVB) durante dos (2) a\u00f1os. La ecl\u00e9ctica naturaleza del arte expuesto durante Art Basel me inspir\u00f3 a dedicarme a la venta de arte y me impuls\u00f3 a fundar una nueva empresa, Bibi Art Media Inc., que combina el sector editorial, el arte y la organizaci\u00f3n de eventos art\u00edsticos con chefs privados.<\/p>\n<p>Estoy deseando emprender nuevos proyectos emocionantes y, tras ver arte raro vendi\u00e9ndose por millones, he decidido: &quot;\u00a1Yo tambi\u00e9n podr\u00eda hacerlo! \u00a1Yo tambi\u00e9n puedo vender arte!&quot;. Seguro que muchos artistas piensan lo mismo.<\/p>\n<p><strong>\u00bfCu\u00e9ntenos sobre un reconocimiento importante que recibi\u00f3 de la ciudad de Miami Beach?<\/strong><\/p>\n<p>El 18 de febrero de 2022, recib\u00ed el primer Premio al Miembro de la Comunidad del Mes de la Historia Negra de la Ciudad de Miami Beach y el Comit\u00e9 Asesor de Asuntos Afroamericanos, en reconocimiento a mi &quot;Compromiso y Dedicaci\u00f3n Excepcionales con el Arte y la Cultura en la Ciudad de Miami Beach y el Mundo&quot;. Este premio es muy importante para m\u00ed y agradec\u00ed la respuesta positiva que recib\u00ed de la comunidad de Miami Beach; \u00a1me llen\u00f3 de alegr\u00eda!<\/p>\n<p>Soy uno de los miembros fundadores del Comit\u00e9 Asesor de Asuntos Afroamericanos de Miami Beach, que ha trabajado para generar transparencia y equidad en la programaci\u00f3n, las adquisiciones y las pol\u00edticas. Esto me inspir\u00f3 a crear una p\u00e1gina en el nuevo Bibi Book que destaca la programaci\u00f3n y la di\u00e1spora afroamericana hist\u00f3rica en Miami Beach. Mis contribuciones comunitarias a Miami Beach tambi\u00e9n incluyen mi participaci\u00f3n en el comit\u00e9 de Ciudades Hermanas de Miami Beach y en el Miami Beach Arts Trust. He recibido un premio de <em>Revista Legacy<\/em> como uno de los \u201cL\u00edderes empresariales negros m\u00e1s poderosos e influyentes de Miami de 2022\u201d. Apareci\u00f3 en la edici\u00f3n Power Issue, que se public\u00f3 el 17 de abril de 2022, como un encarte en el <em>Miami Herald<\/em>.<\/p>\n<p>Pas\u00e9 a\u00f1os dedicando mi carrera a las artes y produciendo el Centennial Comic Book para Miami Beach en 2015. Cre\u00e9 el sitio web <em>Arte Diciembre Miami <\/em>En 2008, artistas locales compartieron eventos art\u00edsticos y brindaron a la comunidad redes sociales y marketing gratuitos durante los \u00faltimos 14 a\u00f1os. Mis amigos y yo nos re\u00edmos mucho al ser el mejor de todos los tiempos de Miami Beach, ya que, hasta la fecha, tengo cuatro (4) proclamaciones de Miami Beach, una llave de la ciudad y una medalla de campeonato, entre otras. Me siento honrado y agradecido.<\/p>\n<p><strong>Felicitaciones por ganar el 7<sup>el<\/sup> Concurso Anual de Arte de Portada Negra presentado por la Oficina de Convenciones y Visitantes del Gran Miami y Miami Beach (GMCVB) y la revista MIA. \u00a1Cu\u00e9ntanos!<\/strong><\/p>\n<p>Ganar este concurso fue una completa sorpresa. Particip\u00e9 en el \u00faltimo momento tras recibir un correo electr\u00f3nico y solo ten\u00eda unos d\u00edas para enviar una pieza. Cre\u00e9 &quot;Serenity&quot; para el concurso en dos (2) d\u00edas y la present\u00e9 sin ninguna expectativa. \u00a1Me sorprend\u00ed tanto cuando son\u00f3 el tel\u00e9fono al saber que hab\u00eda ganado! La portada se incluy\u00f3 como encarte en el... <em>Miami Herald<\/em> y <em>Sun Sentinel<\/em> Durante Art Basel Miami Beach y la Semana del Arte de 2021, la cobertura fue fant\u00e1stica para un artista y cont\u00f3 con un buen premio. La entrega del cheque tuvo lugar en el hist\u00f3rico Teatro L\u00edrico de Overtown el 9 de febrero de 2022.<\/p>\n<p><strong>\u00bfCu\u00e1l fue tu inspiraci\u00f3n para Serenity?<\/strong><\/p>\n<p>Mi primera idea fue que se trataba de un concurso de portadas, y qu\u00e9 quedar\u00eda bien en la portada de una revista con encartes. He publicado 17 portadas de mi serie de c\u00f3mics &quot;Las aventuras de Bibi y sus amigos&quot;, as\u00ed que empec\u00e9 por ah\u00ed. Durante la pandemia de 2020-21, cre\u00e9 mucho arte digital y busqu\u00e9 algo impactante y colorido. Una pieza que cre\u00e9 durante la pandemia se convirti\u00f3 en la base de &quot;Serenity&quot;. Recuerdo ese d\u00eda porque estaba en un estado de energ\u00eda s\u00faper creativo y todo me favorec\u00eda. \u00a1Ya vend\u00ed mi primera obra de arte de &quot;Serenity&quot; en aluminio!<\/p>\n<p><strong>\u00bfEst\u00e1s trabajando en otros proyectos interesantes?<\/strong><\/p>\n<p>Mi nueva edici\u00f3n de &quot;Las aventuras de Bibi y sus amigos&quot; se lanzar\u00e1 a principios de marzo de 2023 para celebrar los 24 a\u00f1os de la serie de c\u00f3mics. Estoy entusiasmada con esta edici\u00f3n, ya que incluye nuevos y maravillosos eventos y actividades culturales en Miami Beach. Tambi\u00e9n participo en la campa\u00f1a publicitaria &quot;Cuida nuestra ciudad&quot; de Miami Beach y GMCVB por segundo a\u00f1o consecutivo como influencer local. Mi arte y mis productos se pueden encontrar en <strong><a href=\"https:\/\/www.theadventuresofbibiandfriends.com\/shop\">Tienda del Museo Bibi<\/a><\/strong>Con zapatillas y bolsos personalizados, \u00a1que son todo un \u00e9xito! Se me ocurri\u00f3 poner a los personajes de c\u00f3mic en zapatillas personalizadas para que mis amigos pudieran promocionarse, y he ilustrado a cientos de personas reales de Miami Beach. Tengo otros proyectos emocionantes en marcha, pero a\u00fan no puedo revelarlos. \u00a1No se lo pierdan!<\/p>\n<p><strong>\u00bfRecientemente tambi\u00e9n tuviste una exposici\u00f3n en un museo de Miami?<\/strong><\/p>\n<p>Fue un honor para m\u00ed exponer mi trabajo en el <em>Museo de Historia de Miami<\/em> Durante cuatro (4) meses, celebrando los 22 a\u00f1os de los c\u00f3mics &quot;Las aventuras de Bibi y sus amigos&quot;. La exposici\u00f3n form\u00f3 parte de la Semana del Arte de Miami. Era una instant\u00e1nea de Miami Beach y mostraba una colecci\u00f3n de varias p\u00e1ginas de los c\u00f3mics &quot;Las aventuras de Bibi y sus amigos&quot;. Muchos de los lugares que aparecen en los c\u00f3mics ahora forman parte de una historia incre\u00edble en Miami Beach. Es mi forma de rendir homenaje a amigos y lugares que son significativos para m\u00ed. La exposici\u00f3n present\u00f3 la &quot;Silla Bibi del Miami Marine Stadium&quot;, que cre\u00e9 en colaboraci\u00f3n con el proyecto &quot;If Seats Could Talk&quot;, en apoyo a la restauraci\u00f3n del Miami Marine Stadium. En 2017, los asientos originales se donaron a varios artistas, lo que les permiti\u00f3 crear nuevas obras de arte, patrocinadas por la Ciudad de Miami. Me emocion\u00f3 que esta fuera mi segunda...<sup>Dakota del Norte<\/sup> mostrando en el <em>Museo de Historia de Miami<\/em>Mi primera exposici\u00f3n present\u00f3 al legendario artista del soul, Sam Moore, junto con algunas obras de un libro en el que llevo trabajando varios a\u00f1os. Me considero afortunado de haber tenido 22 exposiciones destacadas, y la cifra sigue aumentando.<\/p>\n<p><strong>\u00bfEst\u00e1s exponiendo en alg\u00fan lugar actualmente?<\/strong><\/p>\n<p>Tengo una exposici\u00f3n actual en \u201cNathan&#039;s Video Bar\u201d, en Washington Avenue, hasta finales de febrero de 2023. Tambi\u00e9n tengo arte en exhibici\u00f3n en <em>Al este de Collins Realty &amp; Expediting<\/em> en Aventura, FL y el arte se puede ver en l\u00ednea.<\/p>\n<p><strong>\u00bfD\u00f3nde podemos encontrarte en las redes sociales?<\/strong><\/p>\n<p>Puedes visitar mi sitio web www.theadventuresofbibiandfriends.com o seguir a @Bibiadventures en Instagram. Tambi\u00e9n puedes echar un vistazo al pr\u00f3ximo libro y obra de Sam Moore en www.soulmanart.com<\/p>\n<p>&nbsp;<\/p>","protected":false},"excerpt":{"rendered":"<p>Subscribe here to receive the City&#8217;s business newsletter to your inbox monthly. Business Newsletter Bibi Art Media, Inc Name: Brigitte [&hellip;]<\/p>\n","protected":false},"author":222,"featured_media":0,"parent":253255,"menu_order":0,"comment_status":"closed","ping_status":"closed","template":"","meta":{"_searchwp_excluded":"","site-sidebar-layout":"default","site-content-layout":"","ast-site-content-layout":"default","site-content-style":"default","site-sidebar-style":"default","ast-global-header-display":"","ast-banner-title-visibility":"","ast-main-header-display":"","ast-hfb-above-header-display":"","ast-hfb-below-header-display":"","ast-hfb-mobile-header-display":"","site-post-title":"","ast-breadcrumbs-content":"","ast-featured-img":"","footer-sml-layout":"","ast-disable-related-posts":"","theme-transparent-header-meta":"","adv-header-id-meta":"","stick-header-meta":"","header-above-stick-meta":"","header-main-stick-meta":"","header-below-stick-meta":"","astra-migrate-meta-layouts":"default","ast-page-background-enabled":"default","ast-page-background-meta":{"desktop":{"background-color":"var(--ast-global-color-5)","background-image":"","background-repeat":"repeat","background-position":"center center","background-size":"auto","background-attachment":"scroll","background-type":"","background-media":"","overlay-type":"","overlay-color":"","overlay-opacity":"","overlay-gradient":""},"tablet":{"background-color":"","background-image":"","background-repeat":"repeat","background-position":"center center","background-size":"auto","background-attachment":"scroll","background-type":"","background-media":"","overlay-type":"","overlay-color":"","overlay-opacity":"","overlay-gradient":""},"mobile":{"background-color":"","background-image":"","background-repeat":"repeat","background-position":"center center","background-size":"auto","background-attachment":"scroll","background-type":"","background-media":"","overlay-type":"","overlay-color":"","overlay-opacity":"","overlay-gradient":""}},"ast-content-background-meta":{"desktop":{"background-color":"var(--ast-global-color-4)","background-image":"","background-repeat":"repeat","background-position":"center center","background-size":"auto","background-attachment":"scroll","background-type":"","background-media":"","overlay-type":"","overlay-color":"","overlay-opacity":"","overlay-gradient":""},"tablet":{"background-color":"var(--ast-global-color-4)","background-image":"","background-repeat":"repeat","background-position":"center center","background-size":"auto","background-attachment":"scroll","background-type":"","background-media":"","overlay-type":"","overlay-color":"","overlay-opacity":"","overlay-gradient":""},"mobile":{"background-color":"var(--ast-global-color-4)","background-image":"","background-repeat":"repeat","background-position":"center center","background-size":"auto","background-attachment":"scroll","background-type":"","background-media":"","overlay-type":"","overlay-color":"","overlay-opacity":"","overlay-gradient":""}},"footnotes":""},"categories":[],"tags":[],"class_list":["post-247293","page","type-page","status-publish","hentry"],"yoast_head":"<!-- This site is optimized with the Yoast SEO Premium plugin v27.4 (Yoast SEO v27.4) - https:\/\/yoast.com\/product\/yoast-seo-premium-wordpress\/ -->\n<title>Miami Beach Business Spotlight Bibi Art Media Inc - City of Miami Beach<\/title>\n<meta name=\"description\" content=\"%\" \/>\n<meta name=\"robots\" content=\"index, follow, max-snippet:-1, max-image-preview:large, max-video-preview:-1\" \/>\n<link rel=\"canonical\" href=\"https:\/\/www.miamibeachfl.gov\/es\/spotlight\/feb-2023-business-spotlight\/\" \/>\n<meta property=\"og:locale\" content=\"es_ES\" \/>\n<meta property=\"og:type\" content=\"article\" \/>\n<meta property=\"og:title\" content=\"Miami Beach Business Spotlight Bibi Art Media Inc\" \/>\n<meta property=\"og:description\" content=\"%\" \/>\n<meta property=\"og:url\" content=\"https:\/\/www.miamibeachfl.gov\/es\/spotlight\/feb-2023-business-spotlight\/\" \/>\n<meta property=\"og:site_name\" content=\"City of Miami Beach\" \/>\n<meta property=\"article:publisher\" content=\"https:\/\/www.facebook.com\/cityofmiamibeach\" \/>\n<meta property=\"article:modified_time\" content=\"2025-06-03T02:09:57+00:00\" \/>\n<meta property=\"og:image\" content=\"https:\/\/www.miamibeachfl.gov\/wp-content\/uploads\/2023\/02\/Bibi-Image-scaled.jpg\" \/>\n<meta name=\"twitter:card\" content=\"summary_large_image\" \/>\n<meta name=\"twitter:site\" content=\"@Miamibeachnews\" \/>\n<script type=\"application\/ld+json\" class=\"yoast-schema-graph\">{\"@context\":\"https:\\\/\\\/schema.org\",\"@graph\":[{\"@type\":\"WebPage\",\"@id\":\"https:\\\/\\\/www.miamibeachfl.gov\\\/spotlight\\\/feb-2023-business-spotlight\\\/\",\"url\":\"https:\\\/\\\/www.miamibeachfl.gov\\\/spotlight\\\/feb-2023-business-spotlight\\\/\",\"name\":\"Miami Beach Business Spotlight Bibi Art Media Inc - City of Miami Beach\",\"isPartOf\":{\"@id\":\"https:\\\/\\\/www.miamibeachfl.gov\\\/#website\"},\"primaryImageOfPage\":{\"@id\":\"https:\\\/\\\/www.miamibeachfl.gov\\\/spotlight\\\/feb-2023-business-spotlight\\\/#primaryimage\"},\"image\":{\"@id\":\"https:\\\/\\\/www.miamibeachfl.gov\\\/spotlight\\\/feb-2023-business-spotlight\\\/#primaryimage\"},\"thumbnailUrl\":\"https:\\\/\\\/www.miamibeachfl.gov\\\/wp-content\\\/uploads\\\/2023\\\/02\\\/Bibi-Image-scaled.jpg\",\"datePublished\":\"2023-02-14T19:07:56+00:00\",\"dateModified\":\"2025-06-03T02:09:57+00:00\",\"description\":\"%\",\"breadcrumb\":{\"@id\":\"https:\\\/\\\/www.miamibeachfl.gov\\\/spotlight\\\/feb-2023-business-spotlight\\\/#breadcrumb\"},\"inLanguage\":\"es\",\"potentialAction\":[{\"@type\":\"ReadAction\",\"target\":[\"https:\\\/\\\/www.miamibeachfl.gov\\\/spotlight\\\/feb-2023-business-spotlight\\\/\"]}]},{\"@type\":\"ImageObject\",\"inLanguage\":\"es\",\"@id\":\"https:\\\/\\\/www.miamibeachfl.gov\\\/spotlight\\\/feb-2023-business-spotlight\\\/#primaryimage\",\"url\":\"https:\\\/\\\/www.miamibeachfl.gov\\\/wp-content\\\/uploads\\\/2023\\\/02\\\/Bibi-Image-scaled.jpg\",\"contentUrl\":\"https:\\\/\\\/www.miamibeachfl.gov\\\/wp-content\\\/uploads\\\/2023\\\/02\\\/Bibi-Image-scaled.jpg\"},{\"@type\":\"BreadcrumbList\",\"@id\":\"https:\\\/\\\/www.miamibeachfl.gov\\\/spotlight\\\/feb-2023-business-spotlight\\\/#breadcrumb\",\"itemListElement\":[{\"@type\":\"ListItem\",\"position\":1,\"name\":\"Home\",\"item\":\"https:\\\/\\\/www.miamibeachfl.gov\\\/\"},{\"@type\":\"ListItem\",\"position\":2,\"name\":\"Business Newsletters and Spotlights\",\"item\":\"https:\\\/\\\/www.miamibeachfl.gov\\\/spotlight\\\/\"},{\"@type\":\"ListItem\",\"position\":3,\"name\":\"Miami Beach Business Spotlight Bibi Art Media Inc\"}]},{\"@type\":\"WebSite\",\"@id\":\"https:\\\/\\\/www.miamibeachfl.gov\\\/#website\",\"url\":\"https:\\\/\\\/www.miamibeachfl.gov\\\/\",\"name\":\"City of Miami Beach\",\"description\":\"The official website of the City of Miami Beach. Stay informed, find important information on city services, news, alerts, events, trolley routes, government employment and more.\",\"publisher\":{\"@id\":\"https:\\\/\\\/www.miamibeachfl.gov\\\/#organization\"},\"potentialAction\":[{\"@type\":\"SearchAction\",\"target\":{\"@type\":\"EntryPoint\",\"urlTemplate\":\"https:\\\/\\\/www.miamibeachfl.gov\\\/?s={search_term_string}\"},\"query-input\":{\"@type\":\"PropertyValueSpecification\",\"valueRequired\":true,\"valueName\":\"search_term_string\"}}],\"inLanguage\":\"es\"},{\"@type\":\"Organization\",\"@id\":\"https:\\\/\\\/www.miamibeachfl.gov\\\/#organization\",\"name\":\"City of Miami Beach\",\"url\":\"https:\\\/\\\/www.miamibeachfl.gov\\\/\",\"logo\":{\"@type\":\"ImageObject\",\"inLanguage\":\"es\",\"@id\":\"https:\\\/\\\/www.miamibeachfl.gov\\\/#\\\/schema\\\/logo\\\/image\\\/\",\"url\":\"https:\\\/\\\/www.miamibeachfl.gov\\\/wp-content\\\/uploads\\\/2022\\\/06\\\/miamibeach-logoblue.png\",\"contentUrl\":\"https:\\\/\\\/www.miamibeachfl.gov\\\/wp-content\\\/uploads\\\/2022\\\/06\\\/miamibeach-logoblue.png\",\"width\":1962,\"height\":381,\"caption\":\"City of Miami Beach\"},\"image\":{\"@id\":\"https:\\\/\\\/www.miamibeachfl.gov\\\/#\\\/schema\\\/logo\\\/image\\\/\"},\"sameAs\":[\"https:\\\/\\\/www.facebook.com\\\/cityofmiamibeach\",\"https:\\\/\\\/x.com\\\/Miamibeachnews\",\"https:\\\/\\\/www.instagram.com\\\/miamibeachnews\\\/\"],\"description\":\"The official website of the City of Miami Beach. Stay informed, find important information on city services, news, alerts, events, trolley routes, government employment and more.\",\"telephone\":\"305.604.CITY(2489)\",\"legalName\":\"City of Miami Beach\"}]}<\/script>\n<!-- \/ Yoast SEO Premium plugin. -->","yoast_head_json":{"title":"Bibi Art Media Inc., empresa destacada de Miami Beach - Ciudad de Miami Beach","description":"%","robots":{"index":"index","follow":"follow","max-snippet":"max-snippet:-1","max-image-preview":"max-image-preview:large","max-video-preview":"max-video-preview:-1"},"canonical":"https:\/\/www.miamibeachfl.gov\/es\/spotlight\/feb-2023-business-spotlight\/","og_locale":"es_ES","og_type":"article","og_title":"Miami Beach Business Spotlight Bibi Art Media Inc","og_description":"%","og_url":"https:\/\/www.miamibeachfl.gov\/es\/spotlight\/feb-2023-business-spotlight\/","og_site_name":"City of Miami Beach","article_publisher":"https:\/\/www.facebook.com\/cityofmiamibeach","article_modified_time":"2025-06-03T02:09:57+00:00","og_image":[{"url":"https:\/\/www.miamibeachfl.gov\/wp-content\/uploads\/2023\/02\/Bibi-Image-scaled.jpg","type":"","width":"","height":""}],"twitter_card":"summary_large_image","twitter_site":"@Miamibeachnews","schema":{"@context":"https:\/\/schema.org","@graph":[{"@type":"WebPage","@id":"https:\/\/www.miamibeachfl.gov\/spotlight\/feb-2023-business-spotlight\/","url":"https:\/\/www.miamibeachfl.gov\/spotlight\/feb-2023-business-spotlight\/","name":"Bibi Art Media Inc., empresa destacada de Miami Beach - Ciudad de Miami Beach","isPartOf":{"@id":"https:\/\/www.miamibeachfl.gov\/#website"},"primaryImageOfPage":{"@id":"https:\/\/www.miamibeachfl.gov\/spotlight\/feb-2023-business-spotlight\/#primaryimage"},"image":{"@id":"https:\/\/www.miamibeachfl.gov\/spotlight\/feb-2023-business-spotlight\/#primaryimage"},"thumbnailUrl":"https:\/\/www.miamibeachfl.gov\/wp-content\/uploads\/2023\/02\/Bibi-Image-scaled.jpg","datePublished":"2023-02-14T19:07:56+00:00","dateModified":"2025-06-03T02:09:57+00:00","description":"%","breadcrumb":{"@id":"https:\/\/www.miamibeachfl.gov\/spotlight\/feb-2023-business-spotlight\/#breadcrumb"},"inLanguage":"es","potentialAction":[{"@type":"ReadAction","target":["https:\/\/www.miamibeachfl.gov\/spotlight\/feb-2023-business-spotlight\/"]}]},{"@type":"ImageObject","inLanguage":"es","@id":"https:\/\/www.miamibeachfl.gov\/spotlight\/feb-2023-business-spotlight\/#primaryimage","url":"https:\/\/www.miamibeachfl.gov\/wp-content\/uploads\/2023\/02\/Bibi-Image-scaled.jpg","contentUrl":"https:\/\/www.miamibeachfl.gov\/wp-content\/uploads\/2023\/02\/Bibi-Image-scaled.jpg"},{"@type":"BreadcrumbList","@id":"https:\/\/www.miamibeachfl.gov\/spotlight\/feb-2023-business-spotlight\/#breadcrumb","itemListElement":[{"@type":"ListItem","position":1,"name":"Home","item":"https:\/\/www.miamibeachfl.gov\/"},{"@type":"ListItem","position":2,"name":"Business Newsletters and Spotlights","item":"https:\/\/www.miamibeachfl.gov\/spotlight\/"},{"@type":"ListItem","position":3,"name":"Miami Beach Business Spotlight Bibi Art Media Inc"}]},{"@type":"WebSite","@id":"https:\/\/www.miamibeachfl.gov\/#website","url":"https:\/\/www.miamibeachfl.gov\/","name":"Ciudad de Miami Beach","description":"Sitio web oficial de la Ciudad de Miami Beach. Mant\u00e9ngase informado, encuentre informaci\u00f3n importante sobre servicios municipales, noticias, alertas, eventos, rutas de tranv\u00edas, empleos gubernamentales y m\u00e1s.","publisher":{"@id":"https:\/\/www.miamibeachfl.gov\/#organization"},"potentialAction":[{"@type":"SearchAction","target":{"@type":"EntryPoint","urlTemplate":"https:\/\/www.miamibeachfl.gov\/?s={search_term_string}"},"query-input":{"@type":"PropertyValueSpecification","valueRequired":true,"valueName":"search_term_string"}}],"inLanguage":"es"},{"@type":"Organization","@id":"https:\/\/www.miamibeachfl.gov\/#organization","name":"Ciudad de Miami Beach","url":"https:\/\/www.miamibeachfl.gov\/","logo":{"@type":"ImageObject","inLanguage":"es","@id":"https:\/\/www.miamibeachfl.gov\/#\/schema\/logo\/image\/","url":"https:\/\/www.miamibeachfl.gov\/wp-content\/uploads\/2022\/06\/miamibeach-logoblue.png","contentUrl":"https:\/\/www.miamibeachfl.gov\/wp-content\/uploads\/2022\/06\/miamibeach-logoblue.png","width":1962,"height":381,"caption":"City of Miami Beach"},"image":{"@id":"https:\/\/www.miamibeachfl.gov\/#\/schema\/logo\/image\/"},"sameAs":["https:\/\/www.facebook.com\/cityofmiamibeach","https:\/\/x.com\/Miamibeachnews","https:\/\/www.instagram.com\/miamibeachnews\/"],"description":"Sitio web oficial de la Ciudad de Miami Beach. Mant\u00e9ngase informado, encuentre informaci\u00f3n importante sobre servicios municipales, noticias, alertas, eventos, rutas de tranv\u00edas, empleos gubernamentales y m\u00e1s.","telephone":"305.604.CITY(2489)","legalName":"City of Miami Beach"}]}},"_links":{"self":[{"href":"https:\/\/www.miamibeachfl.gov\/es\/wp-json\/wp\/v2\/pages\/247293","targetHints":{"allow":["GET"]}}],"collection":[{"href":"https:\/\/www.miamibeachfl.gov\/es\/wp-json\/wp\/v2\/pages"}],"about":[{"href":"https:\/\/www.miamibeachfl.gov\/es\/wp-json\/wp\/v2\/types\/page"}],"author":[{"embeddable":true,"href":"https:\/\/www.miamibeachfl.gov\/es\/wp-json\/wp\/v2\/users\/222"}],"replies":[{"embeddable":true,"href":"https:\/\/www.miamibeachfl.gov\/es\/wp-json\/wp\/v2\/comments?post=247293"}],"version-history":[{"count":1,"href":"https:\/\/www.miamibeachfl.gov\/es\/wp-json\/wp\/v2\/pages\/247293\/revisions"}],"predecessor-version":[{"id":375074,"href":"https:\/\/www.miamibeachfl.gov\/es\/wp-json\/wp\/v2\/pages\/247293\/revisions\/375074"}],"up":[{"embeddable":true,"href":"https:\/\/www.miamibeachfl.gov\/es\/wp-json\/wp\/v2\/pages\/253255"}],"wp:attachment":[{"href":"https:\/\/www.miamibeachfl.gov\/es\/wp-json\/wp\/v2\/media?parent=247293"}],"wp:term":[{"taxonomy":"category","embeddable":true,"href":"https:\/\/www.miamibeachfl.gov\/es\/wp-json\/wp\/v2\/categories?post=247293"},{"taxonomy":"post_tag","embeddable":true,"href":"https:\/\/www.miamibeachfl.gov\/es\/wp-json\/wp\/v2\/tags?post=247293"}],"curies":[{"name":"gracias","href":"https:\/\/api.w.org\/{rel}","templated":true}]}}