{"id":249977,"date":"2023-03-01T12:21:46","date_gmt":"2023-03-01T17:21:46","guid":{"rendered":"https:\/\/www.miamibeachfl.gov\/?page_id=249977"},"modified":"2025-06-02T22:13:17","modified_gmt":"2025-06-03T02:13:17","slug":"mar-2023-business-spotlight-copy","status":"publish","type":"page","link":"https:\/\/www.miamibeachfl.gov\/es\/spotlight\/mar-2023-business-spotlight-copy\/","title":{"rendered":"Destacado en Miami Beach: Chef Samantha Cruz"},"content":{"rendered":"<h5>\n\t\t<a href=\"https:\/\/www.miamibeachfl.gov\/es\/mbbiznews\/\" title=\"Suscr\u00edbete aqu\u00ed para recibir mensualmente en tu bandeja de entrada el bolet\u00edn de negocios de la ciudad.\"  target=\"_blank\"  rel=\"noopener\">\n\t\t\tSuscr\u00edbete aqu\u00ed para recibir mensualmente en tu bandeja de entrada el bolet\u00edn de negocios de la ciudad.\t\t<\/a>\n\t<\/h5>\n<h5>\n\t\t<a href=\"https:\/\/myemail.constantcontact.com\/Stay-connected-with-MB-Biz--.html?soid=1011085968389&#038;aid=S0mHBwwl4Fs\" title=\"Bolet\u00edn empresarial\"  target=\"_blank\"  rel=\"noopener\">\n\t\t\tBolet\u00edn empresarial\t\t<\/a>\n\t<\/h5>\n<h2>\n\t\t\tChef Samantha Cruz: Rompiendo el techo de cristal culinario\t<\/h2>\n\t\t\t\t<img decoding=\"async\" src=\"https:\/\/www.miamibeachfl.gov\/wp-content\/uploads\/2023\/03\/chef-cruz.jpg\" alt=\"Chef Samantha Cruz\" itemprop=\"image\" title=\"chef cruz\" onerror=\"this.style.display='none'\" loading='lazy' \/>\n\t<p>El Mes de la Historia de la Mujer, que se remonta al primer D\u00eda de la Mujer en 1909, es uno de los muchos momentos del a\u00f1o en que la Ciudad de Miami Beach celebra y destaca las contribuciones de las mujeres a nuestra comunidad y m\u00e1s all\u00e1.<\/p>\n<p>El tema del Mes de la Historia de la Mujer de 2023, designado por la Alianza Nacional de Historia de la Mujer, es \u201cCelebrando a las mujeres que cuentan nuestras historias\u201d, en honor a las mujeres que han dedicado sus vidas y talentos a marcar una diferencia.<\/p>\n<p>Este mes celebramos a la chef Samantha Cruz, la primera chef de, el restaurante que se lanzar\u00e1 pr\u00f3ximamente, <em>Sala del ron <\/em>y <em>Lugar,<\/em> Ubicado en el campus del Centro de Convenciones de Miami Beach, en Collins Canal Park. La chef Cruz es una aut\u00e9ntica experta culinaria y trae su estilo innovador y creativo al Centro C\u00edvico de Miami Beach.<\/p>\n<p>Hay un viejo dicho que dice que \u00ablas mujeres cocinan bien, pero los hombres son mejores chefs\u00bb. Si bien esta afirmaci\u00f3n es falsa, nos da una idea de c\u00f3mo la comunidad culinaria ha percibido el papel de hombres y mujeres en las cocinas profesionales. Con m\u00e1s de 147,434 chefs empleados actualmente en Estados Unidos, 25.2% mujeres y 74.8% hombres, hay margen de crecimiento.<\/p>\n<p>Lamentablemente, las mujeres han tenido que luchar por la igualdad en la cocina. Sin embargo, esta igualdad est\u00e1 encontrando un lugar en la mesa y generando un impacto positivo significativo. Chefs y restauradoras inspiradoras est\u00e1n demostrando al mundo que son capaces de prosperar e impulsar la creatividad en la comunidad culinaria. Han sido tenaces y ahora prosperan y ejercen influencia en una industria dominada por los hombres.<\/p>\n<p>Los doce (12) a\u00f1os de experiencia de la chef Samantha Cruz en alta cocina y hospitalidad para el entretenimiento deportivo se basan en su determinaci\u00f3n y determinaci\u00f3n por crear experiencias inesperadas con productos locales y un toque multicultural. Originaria del sur de Florida y criada en Allapattah por una madre soltera, la chef Cruz es la mayor de nueve hermanos y se inici\u00f3 en la cocina preparando almuerzos y cenas para su familia. Criada con recetas familiares que reflejan su herencia estadounidense, cubana, peruana, dominicana y de Santa Cruz, los sabores distintivos de la chef Cruz son \u00fanicos y familiares para los paladares del sur de Florida.<\/p>\n<p>La carrera profesional de la Chef Cruz comenz\u00f3 despu\u00e9s de la preparatoria, como camarera de restaurantes. Posteriormente, su curiosidad y ambici\u00f3n evolucionaron desde la atenci\u00f3n al p\u00fablico hasta trabajar como sous chef ejecutiva en importantes empresas hoteleras como 50 Eggs Hospitality Group (Swine, Yardbird y Kong River House), Grove Bay Hospitality Group (Big Easy y Glass and Vine), y como chef de cocina en PLANTA en Coconut Grove.<\/p>\n<p>La chef Cruz es una apasionada de la conservaci\u00f3n de alimentos, en especial del concepto de conservar y encurtir alimentos de forma natural. Aprendida en la cocina de sus abuelos, la conservaci\u00f3n impulsa su gastronom\u00eda r\u00fastica de estilo tradicional. &quot;Utilizamos ingredientes locales y regionales para elaborar platos especiales que deleitan a residentes, visitantes y turistas&quot;, afirma Cruz. &quot;El <em>Sala del ron<\/em> y <em>Evento<\/em> \u201cLos platos exclusivos var\u00edan desde la mejor versi\u00f3n de la comida reconfortante de todos los d\u00edas hasta lo exc\u00e9ntrico y extraordinario\u201d.<\/p>\n<p>Los men\u00fas de lujo, inspirados en los platos tradicionales de Miami y las ra\u00edces caribe\u00f1as del sur de Florida, est\u00e1n inspirados en la<em> Sala del ron<\/em>, un restaurante de 60 asientos con decoraci\u00f3n tropical de Florida de los a\u00f1os 20. La cocina de Rum Room incorporar\u00e1 caracter\u00edsticas espa\u00f1olas, como frijoles y <em>sofritos,<\/em> Un gui\u00f1o a los espa\u00f1oles que pasaron por Miami Beach a principios del siglo XX. Mezclando influencias haitianas, latinas y centroamericanas, la chef Cruz y su equipo de cocina crean experiencias \u00fanicas, con platos aut\u00e9nticos como &quot;<em>Media noche<\/em>\u201ds\u00e1ndwiches hechos con masa de pl\u00e1tano dulce, <em>pan con bistec<\/em>, croquetas y tamales.<\/p>\n<p>El <em>Lugar, <\/em>El antiguo club de golf municipal de Miami Beach, construido en 1916, le brindar\u00e1 al chef Cruz oportunidades de personalizar men\u00fas imaginativos de comidas y bebidas para peque\u00f1as reuniones, reuniones de negocios, bodas, bar mitzvahs y m\u00e1s.<\/p>\n<p>\u201cEn la cocina todo me resulta natural\u201d, comparte la chef Cruz. \u201cMe encanta cocinar, hacer feliz a la gente y ser un ejemplo a seguir para la pr\u00f3xima generaci\u00f3n de chefs\u201d.<\/p>\n<p>El Centro de Convenciones de Miami Beach (MBCC) se encuentra en 1901 Convention Center Drive, Miami Beach, FL 33139. Rum Room se encuentra en la esquina noreste del Centro Universitario del MBCC, donde la Avenida Washington se encuentra con el Bulevar Dade. Venu se ubica en la antigua Casa Club del Campo de Golf Municipal de Miami Beach, construida en 1916, en 2100 Avenida Washington, Miami Beach, FL 33139. Rum Room abrir\u00e1 para almuerzo y cena, e inaugurar\u00e1 un brunch dominical a principios de 2023.<\/p>\n<p><em>\u00a0<\/em><\/p>\n<p><em>\u00a0<\/em><\/p>","protected":false},"excerpt":{"rendered":"<p>Subscribe here to receive the City&#8217;s business newsletter to your inbox monthly. Business Newsletter Chef Samantha Cruz: Braking Culinary Glass [&hellip;]<\/p>\n","protected":false},"author":222,"featured_media":0,"parent":253255,"menu_order":0,"comment_status":"closed","ping_status":"closed","template":"","meta":{"_searchwp_excluded":"","site-sidebar-layout":"default","site-content-layout":"","ast-site-content-layout":"default","site-content-style":"default","site-sidebar-style":"default","ast-global-header-display":"","ast-banner-title-visibility":"","ast-main-header-display":"","ast-hfb-above-header-display":"","ast-hfb-below-header-display":"","ast-hfb-mobile-header-display":"","site-post-title":"","ast-breadcrumbs-content":"","ast-featured-img":"","footer-sml-layout":"","theme-transparent-header-meta":"","adv-header-id-meta":"","stick-header-meta":"","header-above-stick-meta":"","header-main-stick-meta":"","header-below-stick-meta":"","astra-migrate-meta-layouts":"default","ast-page-background-enabled":"default","ast-page-background-meta":{"desktop":{"background-color":"var(--ast-global-color-5)","background-image":"","background-repeat":"repeat","background-position":"center center","background-size":"auto","background-attachment":"scroll","background-type":"","background-media":"","overlay-type":"","overlay-color":"","overlay-opacity":"","overlay-gradient":""},"tablet":{"background-color":"","background-image":"","background-repeat":"repeat","background-position":"center center","background-size":"auto","background-attachment":"scroll","background-type":"","background-media":"","overlay-type":"","overlay-color":"","overlay-opacity":"","overlay-gradient":""},"mobile":{"background-color":"","background-image":"","background-repeat":"repeat","background-position":"center center","background-size":"auto","background-attachment":"scroll","background-type":"","background-media":"","overlay-type":"","overlay-color":"","overlay-opacity":"","overlay-gradient":""}},"ast-content-background-meta":{"desktop":{"background-color":"var(--ast-global-color-4)","background-image":"","background-repeat":"repeat","background-position":"center center","background-size":"auto","background-attachment":"scroll","background-type":"","background-media":"","overlay-type":"","overlay-color":"","overlay-opacity":"","overlay-gradient":""},"tablet":{"background-color":"var(--ast-global-color-4)","background-image":"","background-repeat":"repeat","background-position":"center center","background-size":"auto","background-attachment":"scroll","background-type":"","background-media":"","overlay-type":"","overlay-color":"","overlay-opacity":"","overlay-gradient":""},"mobile":{"background-color":"var(--ast-global-color-4)","background-image":"","background-repeat":"repeat","background-position":"center center","background-size":"auto","background-attachment":"scroll","background-type":"","background-media":"","overlay-type":"","overlay-color":"","overlay-opacity":"","overlay-gradient":""}},"footnotes":""},"categories":[],"tags":[],"class_list":["post-249977","page","type-page","status-publish","hentry"],"yoast_head":"<!-- This site is optimized with the Yoast SEO Premium plugin v26.6 (Yoast SEO v26.6) - https:\/\/yoast.com\/wordpress\/plugins\/seo\/ -->\n<title>Miami Beach Spotlight - Chef Samantha Cruz - City of Miami Beach<\/title>\n<meta name=\"description\" content=\"%\" \/>\n<meta name=\"robots\" content=\"index, follow, max-snippet:-1, max-image-preview:large, max-video-preview:-1\" \/>\n<link rel=\"canonical\" href=\"https:\/\/www.miamibeachfl.gov\/es\/spotlight\/mar-2023-business-spotlight-copy\/\" \/>\n<meta property=\"og:locale\" content=\"es_ES\" \/>\n<meta property=\"og:type\" content=\"article\" \/>\n<meta property=\"og:title\" content=\"Miami Beach Spotlight - Chef Samantha Cruz\" \/>\n<meta property=\"og:description\" content=\"%\" \/>\n<meta property=\"og:url\" content=\"https:\/\/www.miamibeachfl.gov\/es\/spotlight\/mar-2023-business-spotlight-copy\/\" \/>\n<meta property=\"og:site_name\" content=\"City of Miami Beach\" \/>\n<meta property=\"article:publisher\" content=\"https:\/\/www.facebook.com\/cityofmiamibeach\" \/>\n<meta property=\"article:modified_time\" content=\"2025-06-03T02:13:17+00:00\" \/>\n<meta property=\"og:image\" content=\"https:\/\/www.miamibeachfl.gov\/wp-content\/uploads\/2023\/03\/chef-cruz.jpg\" \/>\n<meta name=\"twitter:card\" content=\"summary_large_image\" \/>\n<meta name=\"twitter:site\" content=\"@Miamibeachnews\" \/>\n<script type=\"application\/ld+json\" class=\"yoast-schema-graph\">{\"@context\":\"https:\/\/schema.org\",\"@graph\":[{\"@type\":\"WebPage\",\"@id\":\"https:\/\/www.miamibeachfl.gov\/spotlight\/mar-2023-business-spotlight-copy\/\",\"url\":\"https:\/\/www.miamibeachfl.gov\/spotlight\/mar-2023-business-spotlight-copy\/\",\"name\":\"Miami Beach Spotlight - Chef Samantha Cruz - City of Miami Beach\",\"isPartOf\":{\"@id\":\"https:\/\/www.miamibeachfl.gov\/#website\"},\"primaryImageOfPage\":{\"@id\":\"https:\/\/www.miamibeachfl.gov\/spotlight\/mar-2023-business-spotlight-copy\/#primaryimage\"},\"image\":{\"@id\":\"https:\/\/www.miamibeachfl.gov\/spotlight\/mar-2023-business-spotlight-copy\/#primaryimage\"},\"thumbnailUrl\":\"https:\/\/www.miamibeachfl.gov\/wp-content\/uploads\/2023\/03\/chef-cruz.jpg\",\"datePublished\":\"2023-03-01T17:21:46+00:00\",\"dateModified\":\"2025-06-03T02:13:17+00:00\",\"description\":\"%\",\"breadcrumb\":{\"@id\":\"https:\/\/www.miamibeachfl.gov\/spotlight\/mar-2023-business-spotlight-copy\/#breadcrumb\"},\"inLanguage\":\"es\",\"potentialAction\":[{\"@type\":\"ReadAction\",\"target\":[\"https:\/\/www.miamibeachfl.gov\/spotlight\/mar-2023-business-spotlight-copy\/\"]}]},{\"@type\":\"ImageObject\",\"inLanguage\":\"es\",\"@id\":\"https:\/\/www.miamibeachfl.gov\/spotlight\/mar-2023-business-spotlight-copy\/#primaryimage\",\"url\":\"https:\/\/www.miamibeachfl.gov\/wp-content\/uploads\/2023\/03\/chef-cruz.jpg\",\"contentUrl\":\"https:\/\/www.miamibeachfl.gov\/wp-content\/uploads\/2023\/03\/chef-cruz.jpg\"},{\"@type\":\"BreadcrumbList\",\"@id\":\"https:\/\/www.miamibeachfl.gov\/spotlight\/mar-2023-business-spotlight-copy\/#breadcrumb\",\"itemListElement\":[{\"@type\":\"ListItem\",\"position\":1,\"name\":\"Home\",\"item\":\"https:\/\/www.miamibeachfl.gov\/\"},{\"@type\":\"ListItem\",\"position\":2,\"name\":\"Business Newsletters and Spotlights\",\"item\":\"https:\/\/www.miamibeachfl.gov\/spotlight\/\"},{\"@type\":\"ListItem\",\"position\":3,\"name\":\"Miami Beach Spotlight &#8211; Chef Samantha Cruz\"}]},{\"@type\":\"WebSite\",\"@id\":\"https:\/\/www.miamibeachfl.gov\/#website\",\"url\":\"https:\/\/www.miamibeachfl.gov\/\",\"name\":\"City of Miami Beach\",\"description\":\"The official website of the City of Miami Beach. Stay informed, find important information on city services, news, alerts, events, trolley routes, government employment and more.\",\"publisher\":{\"@id\":\"https:\/\/www.miamibeachfl.gov\/#organization\"},\"potentialAction\":[{\"@type\":\"SearchAction\",\"target\":{\"@type\":\"EntryPoint\",\"urlTemplate\":\"https:\/\/www.miamibeachfl.gov\/?s={search_term_string}\"},\"query-input\":{\"@type\":\"PropertyValueSpecification\",\"valueRequired\":true,\"valueName\":\"search_term_string\"}}],\"inLanguage\":\"es\"},{\"@type\":\"Organization\",\"@id\":\"https:\/\/www.miamibeachfl.gov\/#organization\",\"name\":\"City of Miami Beach\",\"url\":\"https:\/\/www.miamibeachfl.gov\/\",\"logo\":{\"@type\":\"ImageObject\",\"inLanguage\":\"es\",\"@id\":\"https:\/\/www.miamibeachfl.gov\/#\/schema\/logo\/image\/\",\"url\":\"https:\/\/www.miamibeachfl.gov\/wp-content\/uploads\/2022\/06\/miamibeach-logoblue.png\",\"contentUrl\":\"https:\/\/www.miamibeachfl.gov\/wp-content\/uploads\/2022\/06\/miamibeach-logoblue.png\",\"width\":1962,\"height\":381,\"caption\":\"City of Miami Beach\"},\"image\":{\"@id\":\"https:\/\/www.miamibeachfl.gov\/#\/schema\/logo\/image\/\"},\"sameAs\":[\"https:\/\/www.facebook.com\/cityofmiamibeach\",\"https:\/\/x.com\/Miamibeachnews\",\"https:\/\/www.instagram.com\/miamibeachnews\/\"],\"description\":\"The official website of the City of Miami Beach. Stay informed, find important information on city services, news, alerts, events, trolley routes, government employment and more.\",\"telephone\":\"305.604.CITY(2489)\",\"legalName\":\"City of Miami Beach\"}]}<\/script>\n<!-- \/ Yoast SEO Premium plugin. -->","yoast_head_json":{"title":"Destacado en Miami Beach: Chef Samantha Cruz - Ciudad de Miami Beach","description":"%","robots":{"index":"index","follow":"follow","max-snippet":"max-snippet:-1","max-image-preview":"max-image-preview:large","max-video-preview":"max-video-preview:-1"},"canonical":"https:\/\/www.miamibeachfl.gov\/es\/spotlight\/mar-2023-business-spotlight-copy\/","og_locale":"es_ES","og_type":"article","og_title":"Miami Beach Spotlight - Chef Samantha Cruz","og_description":"%","og_url":"https:\/\/www.miamibeachfl.gov\/es\/spotlight\/mar-2023-business-spotlight-copy\/","og_site_name":"City of Miami Beach","article_publisher":"https:\/\/www.facebook.com\/cityofmiamibeach","article_modified_time":"2025-06-03T02:13:17+00:00","og_image":[{"url":"https:\/\/www.miamibeachfl.gov\/wp-content\/uploads\/2023\/03\/chef-cruz.jpg","type":"","width":"","height":""}],"twitter_card":"summary_large_image","twitter_site":"@Miamibeachnews","schema":{"@context":"https:\/\/schema.org","@graph":[{"@type":"WebPage","@id":"https:\/\/www.miamibeachfl.gov\/spotlight\/mar-2023-business-spotlight-copy\/","url":"https:\/\/www.miamibeachfl.gov\/spotlight\/mar-2023-business-spotlight-copy\/","name":"Destacado en Miami Beach: Chef Samantha Cruz - Ciudad de Miami Beach","isPartOf":{"@id":"https:\/\/www.miamibeachfl.gov\/#website"},"primaryImageOfPage":{"@id":"https:\/\/www.miamibeachfl.gov\/spotlight\/mar-2023-business-spotlight-copy\/#primaryimage"},"image":{"@id":"https:\/\/www.miamibeachfl.gov\/spotlight\/mar-2023-business-spotlight-copy\/#primaryimage"},"thumbnailUrl":"https:\/\/www.miamibeachfl.gov\/wp-content\/uploads\/2023\/03\/chef-cruz.jpg","datePublished":"2023-03-01T17:21:46+00:00","dateModified":"2025-06-03T02:13:17+00:00","description":"%","breadcrumb":{"@id":"https:\/\/www.miamibeachfl.gov\/spotlight\/mar-2023-business-spotlight-copy\/#breadcrumb"},"inLanguage":"es","potentialAction":[{"@type":"ReadAction","target":["https:\/\/www.miamibeachfl.gov\/spotlight\/mar-2023-business-spotlight-copy\/"]}]},{"@type":"ImageObject","inLanguage":"es","@id":"https:\/\/www.miamibeachfl.gov\/spotlight\/mar-2023-business-spotlight-copy\/#primaryimage","url":"https:\/\/www.miamibeachfl.gov\/wp-content\/uploads\/2023\/03\/chef-cruz.jpg","contentUrl":"https:\/\/www.miamibeachfl.gov\/wp-content\/uploads\/2023\/03\/chef-cruz.jpg"},{"@type":"BreadcrumbList","@id":"https:\/\/www.miamibeachfl.gov\/spotlight\/mar-2023-business-spotlight-copy\/#breadcrumb","itemListElement":[{"@type":"ListItem","position":1,"name":"Home","item":"https:\/\/www.miamibeachfl.gov\/"},{"@type":"ListItem","position":2,"name":"Business Newsletters and Spotlights","item":"https:\/\/www.miamibeachfl.gov\/spotlight\/"},{"@type":"ListItem","position":3,"name":"Miami Beach Spotlight &#8211; Chef Samantha Cruz"}]},{"@type":"WebSite","@id":"https:\/\/www.miamibeachfl.gov\/#website","url":"https:\/\/www.miamibeachfl.gov\/","name":"Ciudad de Miami Beach","description":"Sitio web oficial de la Ciudad de Miami Beach. Mant\u00e9ngase informado, encuentre informaci\u00f3n importante sobre servicios municipales, noticias, alertas, eventos, rutas de tranv\u00edas, empleos gubernamentales y m\u00e1s.","publisher":{"@id":"https:\/\/www.miamibeachfl.gov\/#organization"},"potentialAction":[{"@type":"SearchAction","target":{"@type":"EntryPoint","urlTemplate":"https:\/\/www.miamibeachfl.gov\/?s={search_term_string}"},"query-input":{"@type":"PropertyValueSpecification","valueRequired":true,"valueName":"search_term_string"}}],"inLanguage":"es"},{"@type":"Organization","@id":"https:\/\/www.miamibeachfl.gov\/#organization","name":"Ciudad de Miami Beach","url":"https:\/\/www.miamibeachfl.gov\/","logo":{"@type":"ImageObject","inLanguage":"es","@id":"https:\/\/www.miamibeachfl.gov\/#\/schema\/logo\/image\/","url":"https:\/\/www.miamibeachfl.gov\/wp-content\/uploads\/2022\/06\/miamibeach-logoblue.png","contentUrl":"https:\/\/www.miamibeachfl.gov\/wp-content\/uploads\/2022\/06\/miamibeach-logoblue.png","width":1962,"height":381,"caption":"City of Miami Beach"},"image":{"@id":"https:\/\/www.miamibeachfl.gov\/#\/schema\/logo\/image\/"},"sameAs":["https:\/\/www.facebook.com\/cityofmiamibeach","https:\/\/x.com\/Miamibeachnews","https:\/\/www.instagram.com\/miamibeachnews\/"],"description":"Sitio web oficial de la Ciudad de Miami Beach. Mant\u00e9ngase informado, encuentre informaci\u00f3n importante sobre servicios municipales, noticias, alertas, eventos, rutas de tranv\u00edas, empleos gubernamentales y m\u00e1s.","telephone":"305.604.CITY(2489)","legalName":"City of Miami Beach"}]}},"_links":{"self":[{"href":"https:\/\/www.miamibeachfl.gov\/es\/wp-json\/wp\/v2\/pages\/249977","targetHints":{"allow":["GET"]}}],"collection":[{"href":"https:\/\/www.miamibeachfl.gov\/es\/wp-json\/wp\/v2\/pages"}],"about":[{"href":"https:\/\/www.miamibeachfl.gov\/es\/wp-json\/wp\/v2\/types\/page"}],"author":[{"embeddable":true,"href":"https:\/\/www.miamibeachfl.gov\/es\/wp-json\/wp\/v2\/users\/222"}],"replies":[{"embeddable":true,"href":"https:\/\/www.miamibeachfl.gov\/es\/wp-json\/wp\/v2\/comments?post=249977"}],"version-history":[{"count":2,"href":"https:\/\/www.miamibeachfl.gov\/es\/wp-json\/wp\/v2\/pages\/249977\/revisions"}],"predecessor-version":[{"id":375079,"href":"https:\/\/www.miamibeachfl.gov\/es\/wp-json\/wp\/v2\/pages\/249977\/revisions\/375079"}],"up":[{"embeddable":true,"href":"https:\/\/www.miamibeachfl.gov\/es\/wp-json\/wp\/v2\/pages\/253255"}],"wp:attachment":[{"href":"https:\/\/www.miamibeachfl.gov\/es\/wp-json\/wp\/v2\/media?parent=249977"}],"wp:term":[{"taxonomy":"category","embeddable":true,"href":"https:\/\/www.miamibeachfl.gov\/es\/wp-json\/wp\/v2\/categories?post=249977"},{"taxonomy":"post_tag","embeddable":true,"href":"https:\/\/www.miamibeachfl.gov\/es\/wp-json\/wp\/v2\/tags?post=249977"}],"curies":[{"name":"gracias","href":"https:\/\/api.w.org\/{rel}","templated":true}]}}