{"id":253308,"date":"2023-03-21T09:11:53","date_gmt":"2023-03-21T13:11:53","guid":{"rendered":"https:\/\/www.miamibeachfl.gov\/city-hall\/city-clerk\/declaration-of-a-state-of-emergency-and-emergency-measures-march-2023-dangerous-criminal-conduct-public-disorder-and-unruly-crowds\/"},"modified":"2025-02-22T09:49:00","modified_gmt":"2025-02-22T14:49:00","slug":"declaration-of-a-state-of-emergency-and-emergency-measures-march-2023-dangerous-criminal-conduct-public-disorder-and-unruly-crowds","status":"publish","type":"page","link":"https:\/\/www.miamibeachfl.gov\/es\/city-hall\/city-clerk\/declaration-of-a-state-of-emergency-and-emergency-measures-march-2023-dangerous-criminal-conduct-public-disorder-and-unruly-crowds\/","title":{"rendered":"Declaraci\u00f3n del estado de emergencia y medidas de emergencia \u2013 marzo de 2023"},"content":{"rendered":"<img loading=\"lazy\" decoding=\"async\" src=\"https:\/\/www.miamibeachfl.gov\/wp-content\/uploads\/2022\/07\/hero-small.jpg\" alt=\"ocean drive art deco buildings\" itemprop=\"image\" height=\"211\" width=\"2395\" title=\"h\u00e9roe peque\u00f1o\" onerror=\"this.style.display='none'\"  \/>\n<h1>\n\t\tDeclaraci\u00f3n de estado de emergencia y medidas de emergencia \u2013 marzo de 2023\n\t<\/h1>\n\t<nav id=\"breadcrumbs\" aria-label=\"Pan rallado\"><a href=\"https:\/\/www.miamibeachfl.gov\/es\/\">Hogar<\/a> &gt; <a href=\"https:\/\/www.miamibeachfl.gov\/es\/city-hall\/\">Ayuntamiento<\/a> &gt; <a href=\"https:\/\/www.miamibeachfl.gov\/es\/city-hall\/city-clerk\/\">Secretario de la ciudad<\/a> &gt; <strong>Declaraci\u00f3n del estado de emergencia y medidas de emergencia \u2013 marzo de 2023<\/strong><\/nav>\n\t<ul>\n<li><a href=\"https:\/\/www.miamibeachfl.gov\/wp-content\/uploads\/2023\/03\/Declaration-of-a-State-of-Emergency-and-Emergency-Measures-March-2023-E.O.-No.-2023-02-1.pdf\">Declaraci\u00f3n de Estado de Emergencia y Medidas de Emergencia Vigente desde el 23 de marzo de 2023 hasta el 27 de marzo de 2023 a las 6:00 a. m. Orden Ejecutiva N.\u00b0 2023-02<\/a><\/li>\n<li><a href=\"https:\/\/www.miamibeachfl.gov\/wp-content\/uploads\/2023\/03\/Resolution-2023-32487.pdf\">Resoluci\u00f3n 2023-32487 sobre la Orden Ejecutiva No. 2023-02<\/a><\/li>\n<li><a href=\"https:\/\/www.miamibeachfl.gov\/wp-content\/uploads\/2023\/03\/Declaration-of-a-State-of-Emergency-and-Emergency-Measures-March-2023-E.O.-No.-2023-01.pdf\">Declaraci\u00f3n de Estado de Emergencia y Medidas de Emergencia Vigente desde la 1:00 p. m. del 19 de marzo de 2023 hasta las 6:00 a. m. del 20 de marzo de 2023 Orden Ejecutiva N.\u00b0 2023-01<\/a><\/li>\n<\/ul>\n\t\tNavegar a\u2026\t\t\t\n\t\t\t\t\t<ul id=\"menu-city-clerk-main-menu\"><li id=\"menu-item-363744\"><a href=\"https:\/\/www.miamibeachfl.gov\/es\/city-hall\/city-clerk\/boards-and-committees\/\">Juntas y comit\u00e9s<\/a><\/li>\n<li id=\"menu-item-363745\"><a href=\"https:\/\/www.miamibeachfl.gov\/es\/city-hall\/city-clerk\/meetings-and-agendas\/\">Reuniones y agendas de la ciudad de Miami Beach<\/a><\/li>\n<li id=\"menu-item-363746\"><a href=\"https:\/\/www.miamibeachfl.gov\/es\/city-hall\/city-clerk\/discrimination-in-employment\/\">Discriminaci\u00f3n en el empleo<\/a><\/li>\n<li id=\"menu-item-363747\"><a href=\"https:\/\/www.miamibeachfl.gov\/es\/city-hall\/city-clerk\/election-information\/\">Informaci\u00f3n electoral<\/a><\/li>\n<li id=\"menu-item-363748\"><a href=\"https:\/\/www.miamibeachfl.gov\/es\/city-hall\/city-clerk\/forms\/\">Formularios<\/a><\/li>\n<li id=\"menu-item-363749\"><a href=\"https:\/\/www.miamibeachfl.gov\/es\/city-hall\/city-clerk\/meeting-notices\/\">Avisos legales y avisos p\u00fablicos<\/a><\/li>\n<li id=\"menu-item-363750\"><a href=\"https:\/\/www.miamibeachfl.gov\/es\/city-hall\/city-clerk\/lobbyist-information\/\">Informaci\u00f3n para lobbistas<\/a><\/li>\n<li id=\"menu-item-363751\"><a href=\"https:\/\/www.miamibeachfl.gov\/es\/city-hall\/city-clerk\/marriage-license\/\">Licencia de matrimonio<\/a><\/li>\n<li id=\"menu-item-363752\"><a href=\"https:\/\/www.miamibeachfl.gov\/es\/city-hall\/city-clerk\/public-records-request\/\">Registros p\u00fablicos \/ Laserfiche<\/a><\/li>\n<li id=\"menu-item-363753\"><a href=\"https:\/\/www.miamibeachfl.gov\/es\/city-hall\/city-clerk\/public-records-portal\/\">Portal de registros p\u00fablicos<\/a><\/li>\n<li id=\"menu-item-363754\"><a href=\"https:\/\/www.miamibeachfl.gov\/es\/city-hall\/city-clerk\/residents-right-to-know\/\">El derecho de los residentes a saber<\/a><\/li>\n<li id=\"menu-item-363755\"><a href=\"https:\/\/www.miamibeachfl.gov\/es\/city-hall\/city-clerk\/special-magistrate\/\">Magistrado Especial<\/a><\/li>\n<\/ul>\t\n\t<div class=\"page-navigation\"><a class=\"prev-page\" href=\"https:\/\/www.miamibeachfl.gov\/es\/city-hall\/city-clerk\/election-information\/special-election-to-fill-vancancy-runoff\/\">\u2190 Elecciones especiales para cubrir vacantes de segunda vuelta<\/a> <a class=\"next-page\" href=\"https:\/\/www.miamibeachfl.gov\/es\/city-hall\/office-of-budget-peformance\/budget\/budget-amendments-resolutions-fy-2024\/\">Enmiendas y resoluciones presupuestarias del a\u00f1o fiscal 2024 \u2192<\/a><\/div>","protected":false},"excerpt":{"rendered":"<p>Declaration of state of emergency and Emergency Measures &#8211; March 2023 Home &gt; City Hall &gt; City Clerk &gt; Declaration [&hellip;]<\/p>\n","protected":false},"author":222,"featured_media":0,"parent":28337,"menu_order":85,"comment_status":"closed","ping_status":"closed","template":"page-blank.php","meta":{"_searchwp_excluded":"","site-sidebar-layout":"default","site-content-layout":"","ast-site-content-layout":"default","site-content-style":"default","site-sidebar-style":"default","ast-global-header-display":"","ast-banner-title-visibility":"","ast-main-header-display":"","ast-hfb-above-header-display":"","ast-hfb-below-header-display":"","ast-hfb-mobile-header-display":"","site-post-title":"","ast-breadcrumbs-content":"","ast-featured-img":"","footer-sml-layout":"","theme-transparent-header-meta":"","adv-header-id-meta":"","stick-header-meta":"","header-above-stick-meta":"","header-main-stick-meta":"","header-below-stick-meta":"","astra-migrate-meta-layouts":"default","ast-page-background-enabled":"default","ast-page-background-meta":{"desktop":{"background-color":"var(--ast-global-color-5)","background-image":"","background-repeat":"repeat","background-position":"center center","background-size":"auto","background-attachment":"scroll","background-type":"","background-media":"","overlay-type":"","overlay-color":"","overlay-opacity":"","overlay-gradient":""},"tablet":{"background-color":"","background-image":"","background-repeat":"repeat","background-position":"center center","background-size":"auto","background-attachment":"scroll","background-type":"","background-media":"","overlay-type":"","overlay-color":"","overlay-opacity":"","overlay-gradient":""},"mobile":{"background-color":"","background-image":"","background-repeat":"repeat","background-position":"center center","background-size":"auto","background-attachment":"scroll","background-type":"","background-media":"","overlay-type":"","overlay-color":"","overlay-opacity":"","overlay-gradient":""}},"ast-content-background-meta":{"desktop":{"background-color":"var(--ast-global-color-4)","background-image":"","background-repeat":"repeat","background-position":"center center","background-size":"auto","background-attachment":"scroll","background-type":"","background-media":"","overlay-type":"","overlay-color":"","overlay-opacity":"","overlay-gradient":""},"tablet":{"background-color":"var(--ast-global-color-4)","background-image":"","background-repeat":"repeat","background-position":"center center","background-size":"auto","background-attachment":"scroll","background-type":"","background-media":"","overlay-type":"","overlay-color":"","overlay-opacity":"","overlay-gradient":""},"mobile":{"background-color":"var(--ast-global-color-4)","background-image":"","background-repeat":"repeat","background-position":"center center","background-size":"auto","background-attachment":"scroll","background-type":"","background-media":"","overlay-type":"","overlay-color":"","overlay-opacity":"","overlay-gradient":""}},"footnotes":""},"categories":[],"tags":[],"class_list":["post-253308","page","type-page","status-publish","hentry"],"yoast_head":"<!-- This site is optimized with the Yoast SEO Premium plugin v27.4 (Yoast SEO v27.4) - https:\/\/yoast.com\/product\/yoast-seo-premium-wordpress\/ -->\n<title>Declaration of a state of emergency and emergency measures - March 2023 - City of Miami Beach<\/title>\n<meta name=\"description\" content=\"%\" \/>\n<meta name=\"robots\" content=\"index, follow, max-snippet:-1, max-image-preview:large, max-video-preview:-1\" \/>\n<link rel=\"canonical\" href=\"https:\/\/www.miamibeachfl.gov\/es\/city-hall\/city-clerk\/declaration-of-a-state-of-emergency-and-emergency-measures-march-2023-dangerous-criminal-conduct-public-disorder-and-unruly-crowds\/\" \/>\n<meta property=\"og:locale\" content=\"es_ES\" \/>\n<meta property=\"og:type\" content=\"article\" \/>\n<meta property=\"og:title\" content=\"Declaration of a state of emergency and emergency measures - March 2023\" \/>\n<meta property=\"og:description\" content=\"%\" \/>\n<meta property=\"og:url\" content=\"https:\/\/www.miamibeachfl.gov\/es\/city-hall\/city-clerk\/declaration-of-a-state-of-emergency-and-emergency-measures-march-2023-dangerous-criminal-conduct-public-disorder-and-unruly-crowds\/\" \/>\n<meta property=\"og:site_name\" content=\"City of Miami Beach\" \/>\n<meta property=\"article:publisher\" content=\"https:\/\/www.facebook.com\/cityofmiamibeach\" \/>\n<meta property=\"article:modified_time\" content=\"2025-02-22T14:49:00+00:00\" \/>\n<meta property=\"og:image\" content=\"https:\/\/www.miamibeachfl.gov\/wp-content\/uploads\/2022\/07\/hero-small.jpg\" \/>\n<meta name=\"twitter:card\" content=\"summary_large_image\" \/>\n<meta name=\"twitter:site\" content=\"@Miamibeachnews\" \/>\n<script type=\"application\/ld+json\" class=\"yoast-schema-graph\">{\"@context\":\"https:\\\/\\\/schema.org\",\"@graph\":[{\"@type\":\"WebPage\",\"@id\":\"https:\\\/\\\/www.miamibeachfl.gov\\\/city-hall\\\/city-clerk\\\/declaration-of-a-state-of-emergency-and-emergency-measures-march-2023-dangerous-criminal-conduct-public-disorder-and-unruly-crowds\\\/\",\"url\":\"https:\\\/\\\/www.miamibeachfl.gov\\\/city-hall\\\/city-clerk\\\/declaration-of-a-state-of-emergency-and-emergency-measures-march-2023-dangerous-criminal-conduct-public-disorder-and-unruly-crowds\\\/\",\"name\":\"Declaration of a state of emergency and emergency measures - March 2023 - City of Miami Beach\",\"isPartOf\":{\"@id\":\"https:\\\/\\\/www.miamibeachfl.gov\\\/#website\"},\"primaryImageOfPage\":{\"@id\":\"https:\\\/\\\/www.miamibeachfl.gov\\\/city-hall\\\/city-clerk\\\/declaration-of-a-state-of-emergency-and-emergency-measures-march-2023-dangerous-criminal-conduct-public-disorder-and-unruly-crowds\\\/#primaryimage\"},\"image\":{\"@id\":\"https:\\\/\\\/www.miamibeachfl.gov\\\/city-hall\\\/city-clerk\\\/declaration-of-a-state-of-emergency-and-emergency-measures-march-2023-dangerous-criminal-conduct-public-disorder-and-unruly-crowds\\\/#primaryimage\"},\"thumbnailUrl\":\"https:\\\/\\\/www.miamibeachfl.gov\\\/wp-content\\\/uploads\\\/2022\\\/07\\\/hero-small.jpg\",\"datePublished\":\"2023-03-21T13:11:53+00:00\",\"dateModified\":\"2025-02-22T14:49:00+00:00\",\"description\":\"%\",\"breadcrumb\":{\"@id\":\"https:\\\/\\\/www.miamibeachfl.gov\\\/city-hall\\\/city-clerk\\\/declaration-of-a-state-of-emergency-and-emergency-measures-march-2023-dangerous-criminal-conduct-public-disorder-and-unruly-crowds\\\/#breadcrumb\"},\"inLanguage\":\"es\",\"potentialAction\":[{\"@type\":\"ReadAction\",\"target\":[\"https:\\\/\\\/www.miamibeachfl.gov\\\/city-hall\\\/city-clerk\\\/declaration-of-a-state-of-emergency-and-emergency-measures-march-2023-dangerous-criminal-conduct-public-disorder-and-unruly-crowds\\\/\"]}]},{\"@type\":\"ImageObject\",\"inLanguage\":\"es\",\"@id\":\"https:\\\/\\\/www.miamibeachfl.gov\\\/city-hall\\\/city-clerk\\\/declaration-of-a-state-of-emergency-and-emergency-measures-march-2023-dangerous-criminal-conduct-public-disorder-and-unruly-crowds\\\/#primaryimage\",\"url\":\"https:\\\/\\\/www.miamibeachfl.gov\\\/wp-content\\\/uploads\\\/2022\\\/07\\\/hero-small.jpg\",\"contentUrl\":\"https:\\\/\\\/www.miamibeachfl.gov\\\/wp-content\\\/uploads\\\/2022\\\/07\\\/hero-small.jpg\"},{\"@type\":\"BreadcrumbList\",\"@id\":\"https:\\\/\\\/www.miamibeachfl.gov\\\/city-hall\\\/city-clerk\\\/declaration-of-a-state-of-emergency-and-emergency-measures-march-2023-dangerous-criminal-conduct-public-disorder-and-unruly-crowds\\\/#breadcrumb\",\"itemListElement\":[{\"@type\":\"ListItem\",\"position\":1,\"name\":\"Home\",\"item\":\"https:\\\/\\\/www.miamibeachfl.gov\\\/\"},{\"@type\":\"ListItem\",\"position\":2,\"name\":\"City Hall\",\"item\":\"https:\\\/\\\/www.miamibeachfl.gov\\\/city-hall\\\/\"},{\"@type\":\"ListItem\",\"position\":3,\"name\":\"City Clerk\",\"item\":\"https:\\\/\\\/www.miamibeachfl.gov\\\/city-hall\\\/city-clerk\\\/\"},{\"@type\":\"ListItem\",\"position\":4,\"name\":\"Declaration of a state of emergency and emergency measures &#8211; March 2023\"}]},{\"@type\":\"WebSite\",\"@id\":\"https:\\\/\\\/www.miamibeachfl.gov\\\/#website\",\"url\":\"https:\\\/\\\/www.miamibeachfl.gov\\\/\",\"name\":\"City of Miami Beach\",\"description\":\"The official website of the City of Miami Beach. Stay informed, find important information on city services, news, alerts, events, trolley routes, government employment and more.\",\"publisher\":{\"@id\":\"https:\\\/\\\/www.miamibeachfl.gov\\\/#organization\"},\"potentialAction\":[{\"@type\":\"SearchAction\",\"target\":{\"@type\":\"EntryPoint\",\"urlTemplate\":\"https:\\\/\\\/www.miamibeachfl.gov\\\/?s={search_term_string}\"},\"query-input\":{\"@type\":\"PropertyValueSpecification\",\"valueRequired\":true,\"valueName\":\"search_term_string\"}}],\"inLanguage\":\"es\"},{\"@type\":\"Organization\",\"@id\":\"https:\\\/\\\/www.miamibeachfl.gov\\\/#organization\",\"name\":\"City of Miami Beach\",\"url\":\"https:\\\/\\\/www.miamibeachfl.gov\\\/\",\"logo\":{\"@type\":\"ImageObject\",\"inLanguage\":\"es\",\"@id\":\"https:\\\/\\\/www.miamibeachfl.gov\\\/#\\\/schema\\\/logo\\\/image\\\/\",\"url\":\"https:\\\/\\\/www.miamibeachfl.gov\\\/wp-content\\\/uploads\\\/2022\\\/06\\\/miamibeach-logoblue.png\",\"contentUrl\":\"https:\\\/\\\/www.miamibeachfl.gov\\\/wp-content\\\/uploads\\\/2022\\\/06\\\/miamibeach-logoblue.png\",\"width\":1962,\"height\":381,\"caption\":\"City of Miami Beach\"},\"image\":{\"@id\":\"https:\\\/\\\/www.miamibeachfl.gov\\\/#\\\/schema\\\/logo\\\/image\\\/\"},\"sameAs\":[\"https:\\\/\\\/www.facebook.com\\\/cityofmiamibeach\",\"https:\\\/\\\/x.com\\\/Miamibeachnews\",\"https:\\\/\\\/www.instagram.com\\\/miamibeachnews\\\/\"],\"description\":\"The official website of the City of Miami Beach. Stay informed, find important information on city services, news, alerts, events, trolley routes, government employment and more.\",\"telephone\":\"305.604.CITY(2489)\",\"legalName\":\"City of Miami Beach\"}]}<\/script>\n<!-- \/ Yoast SEO Premium plugin. -->","yoast_head_json":{"title":"Declaraci\u00f3n de estado de emergencia y medidas de emergencia - Marzo de 2023 - Ciudad de Miami Beach","description":"%","robots":{"index":"index","follow":"follow","max-snippet":"max-snippet:-1","max-image-preview":"max-image-preview:large","max-video-preview":"max-video-preview:-1"},"canonical":"https:\/\/www.miamibeachfl.gov\/es\/city-hall\/city-clerk\/declaration-of-a-state-of-emergency-and-emergency-measures-march-2023-dangerous-criminal-conduct-public-disorder-and-unruly-crowds\/","og_locale":"es_ES","og_type":"article","og_title":"Declaration of a state of emergency and emergency measures - March 2023","og_description":"%","og_url":"https:\/\/www.miamibeachfl.gov\/es\/city-hall\/city-clerk\/declaration-of-a-state-of-emergency-and-emergency-measures-march-2023-dangerous-criminal-conduct-public-disorder-and-unruly-crowds\/","og_site_name":"City of Miami Beach","article_publisher":"https:\/\/www.facebook.com\/cityofmiamibeach","article_modified_time":"2025-02-22T14:49:00+00:00","og_image":[{"url":"https:\/\/www.miamibeachfl.gov\/wp-content\/uploads\/2022\/07\/hero-small.jpg","type":"","width":"","height":""}],"twitter_card":"summary_large_image","twitter_site":"@Miamibeachnews","schema":{"@context":"https:\/\/schema.org","@graph":[{"@type":"WebPage","@id":"https:\/\/www.miamibeachfl.gov\/city-hall\/city-clerk\/declaration-of-a-state-of-emergency-and-emergency-measures-march-2023-dangerous-criminal-conduct-public-disorder-and-unruly-crowds\/","url":"https:\/\/www.miamibeachfl.gov\/city-hall\/city-clerk\/declaration-of-a-state-of-emergency-and-emergency-measures-march-2023-dangerous-criminal-conduct-public-disorder-and-unruly-crowds\/","name":"Declaraci\u00f3n de estado de emergencia y medidas de emergencia - Marzo de 2023 - Ciudad de Miami Beach","isPartOf":{"@id":"https:\/\/www.miamibeachfl.gov\/#website"},"primaryImageOfPage":{"@id":"https:\/\/www.miamibeachfl.gov\/city-hall\/city-clerk\/declaration-of-a-state-of-emergency-and-emergency-measures-march-2023-dangerous-criminal-conduct-public-disorder-and-unruly-crowds\/#primaryimage"},"image":{"@id":"https:\/\/www.miamibeachfl.gov\/city-hall\/city-clerk\/declaration-of-a-state-of-emergency-and-emergency-measures-march-2023-dangerous-criminal-conduct-public-disorder-and-unruly-crowds\/#primaryimage"},"thumbnailUrl":"https:\/\/www.miamibeachfl.gov\/wp-content\/uploads\/2022\/07\/hero-small.jpg","datePublished":"2023-03-21T13:11:53+00:00","dateModified":"2025-02-22T14:49:00+00:00","description":"%","breadcrumb":{"@id":"https:\/\/www.miamibeachfl.gov\/city-hall\/city-clerk\/declaration-of-a-state-of-emergency-and-emergency-measures-march-2023-dangerous-criminal-conduct-public-disorder-and-unruly-crowds\/#breadcrumb"},"inLanguage":"es","potentialAction":[{"@type":"ReadAction","target":["https:\/\/www.miamibeachfl.gov\/city-hall\/city-clerk\/declaration-of-a-state-of-emergency-and-emergency-measures-march-2023-dangerous-criminal-conduct-public-disorder-and-unruly-crowds\/"]}]},{"@type":"ImageObject","inLanguage":"es","@id":"https:\/\/www.miamibeachfl.gov\/city-hall\/city-clerk\/declaration-of-a-state-of-emergency-and-emergency-measures-march-2023-dangerous-criminal-conduct-public-disorder-and-unruly-crowds\/#primaryimage","url":"https:\/\/www.miamibeachfl.gov\/wp-content\/uploads\/2022\/07\/hero-small.jpg","contentUrl":"https:\/\/www.miamibeachfl.gov\/wp-content\/uploads\/2022\/07\/hero-small.jpg"},{"@type":"BreadcrumbList","@id":"https:\/\/www.miamibeachfl.gov\/city-hall\/city-clerk\/declaration-of-a-state-of-emergency-and-emergency-measures-march-2023-dangerous-criminal-conduct-public-disorder-and-unruly-crowds\/#breadcrumb","itemListElement":[{"@type":"ListItem","position":1,"name":"Home","item":"https:\/\/www.miamibeachfl.gov\/"},{"@type":"ListItem","position":2,"name":"City Hall","item":"https:\/\/www.miamibeachfl.gov\/city-hall\/"},{"@type":"ListItem","position":3,"name":"City Clerk","item":"https:\/\/www.miamibeachfl.gov\/city-hall\/city-clerk\/"},{"@type":"ListItem","position":4,"name":"Declaration of a state of emergency and emergency measures &#8211; March 2023"}]},{"@type":"WebSite","@id":"https:\/\/www.miamibeachfl.gov\/#website","url":"https:\/\/www.miamibeachfl.gov\/","name":"Ciudad de Miami Beach","description":"Sitio web oficial de la Ciudad de Miami Beach. Mant\u00e9ngase informado, encuentre informaci\u00f3n importante sobre servicios municipales, noticias, alertas, eventos, rutas de tranv\u00edas, empleos gubernamentales y m\u00e1s.","publisher":{"@id":"https:\/\/www.miamibeachfl.gov\/#organization"},"potentialAction":[{"@type":"SearchAction","target":{"@type":"EntryPoint","urlTemplate":"https:\/\/www.miamibeachfl.gov\/?s={search_term_string}"},"query-input":{"@type":"PropertyValueSpecification","valueRequired":true,"valueName":"search_term_string"}}],"inLanguage":"es"},{"@type":"Organization","@id":"https:\/\/www.miamibeachfl.gov\/#organization","name":"Ciudad de Miami Beach","url":"https:\/\/www.miamibeachfl.gov\/","logo":{"@type":"ImageObject","inLanguage":"es","@id":"https:\/\/www.miamibeachfl.gov\/#\/schema\/logo\/image\/","url":"https:\/\/www.miamibeachfl.gov\/wp-content\/uploads\/2022\/06\/miamibeach-logoblue.png","contentUrl":"https:\/\/www.miamibeachfl.gov\/wp-content\/uploads\/2022\/06\/miamibeach-logoblue.png","width":1962,"height":381,"caption":"City of Miami Beach"},"image":{"@id":"https:\/\/www.miamibeachfl.gov\/#\/schema\/logo\/image\/"},"sameAs":["https:\/\/www.facebook.com\/cityofmiamibeach","https:\/\/x.com\/Miamibeachnews","https:\/\/www.instagram.com\/miamibeachnews\/"],"description":"Sitio web oficial de la Ciudad de Miami Beach. Mant\u00e9ngase informado, encuentre informaci\u00f3n importante sobre servicios municipales, noticias, alertas, eventos, rutas de tranv\u00edas, empleos gubernamentales y m\u00e1s.","telephone":"305.604.CITY(2489)","legalName":"City of Miami Beach"}]}},"_links":{"self":[{"href":"https:\/\/www.miamibeachfl.gov\/es\/wp-json\/wp\/v2\/pages\/253308","targetHints":{"allow":["GET"]}}],"collection":[{"href":"https:\/\/www.miamibeachfl.gov\/es\/wp-json\/wp\/v2\/pages"}],"about":[{"href":"https:\/\/www.miamibeachfl.gov\/es\/wp-json\/wp\/v2\/types\/page"}],"author":[{"embeddable":true,"href":"https:\/\/www.miamibeachfl.gov\/es\/wp-json\/wp\/v2\/users\/222"}],"replies":[{"embeddable":true,"href":"https:\/\/www.miamibeachfl.gov\/es\/wp-json\/wp\/v2\/comments?post=253308"}],"version-history":[{"count":0,"href":"https:\/\/www.miamibeachfl.gov\/es\/wp-json\/wp\/v2\/pages\/253308\/revisions"}],"up":[{"embeddable":true,"href":"https:\/\/www.miamibeachfl.gov\/es\/wp-json\/wp\/v2\/pages\/28337"}],"wp:attachment":[{"href":"https:\/\/www.miamibeachfl.gov\/es\/wp-json\/wp\/v2\/media?parent=253308"}],"wp:term":[{"taxonomy":"category","embeddable":true,"href":"https:\/\/www.miamibeachfl.gov\/es\/wp-json\/wp\/v2\/categories?post=253308"},{"taxonomy":"post_tag","embeddable":true,"href":"https:\/\/www.miamibeachfl.gov\/es\/wp-json\/wp\/v2\/tags?post=253308"}],"curies":[{"name":"gracias","href":"https:\/\/api.w.org\/{rel}","templated":true}]}}