{"id":254650,"date":"2023-03-31T07:35:56","date_gmt":"2023-03-31T11:35:56","guid":{"rendered":"https:\/\/www.miamibeachfl.gov\/?page_id=254650"},"modified":"2026-04-27T16:33:26","modified_gmt":"2026-04-27T20:33:26","slug":"artists-vendor-lottery","status":"publish","type":"page","link":"https:\/\/www.miamibeachfl.gov\/es\/city-hall\/customer-service-center\/artists-vendor-lottery\/","title":{"rendered":"Loter\u00eda de artistas vendedores"},"content":{"rendered":"<h1>\n\t\t\tLoter\u00eda de artistas vendedores\t<\/h1>\nMen\u00fa de atenci\u00f3n al cliente\t\t\t\n\t\t\t\t\t<ul id=\"menu-customer-service\"><li id=\"menu-item-373952\"><a href=\"\/es\/city-hall\/customer-service-center\/\">Servicio al Cliente Inicio<\/a><\/li>\n<li id=\"menu-item-373956\"><a href=\"https:\/\/miamibeachfl.qmatic.io\/booking\/singlebooking\/serviceselection\">Programar una cita<\/a><\/li>\n<li id=\"menu-item-373955\"><a href=\"https:\/\/www.miamibeachfl.gov\/es\/city-hall\/customer-service-center\/wait-times\/\">Tiempos de espera<\/a><\/li>\n<li id=\"menu-item-373953\"><a href=\"\/es\/city-hall\/customer-service-center\/artists-vendor-lottery\/\">Loter\u00eda de artistas vendedores<\/a><\/li>\n<li id=\"menu-item-373954\"><a href=\"\/es\/city-hall\/customer-service-center\/street-performer-permit\/\">Permiso para artistas callejeros<\/a><\/li>\n<li id=\"menu-item-373957\"><a href=\"\/es\/city-hall\/customer-service-center\/#importantnumbers\">N\u00fameros importantes<\/a><\/li>\n<\/ul>\t\nMen\u00fa de atenci\u00f3n al cliente \u00d7\t\t\t\t\t\t<ul id=\"menu-customer-service-1\"><li id=\"menu-item-373952\"><a href=\"\/es\/city-hall\/customer-service-center\/\">Servicio al Cliente Inicio<\/a><\/li>\n<li id=\"menu-item-373956\"><a href=\"https:\/\/miamibeachfl.qmatic.io\/booking\/singlebooking\/serviceselection\">Programar una cita<\/a><\/li>\n<li id=\"menu-item-373955\"><a href=\"https:\/\/www.miamibeachfl.gov\/es\/city-hall\/customer-service-center\/wait-times\/\">Tiempos de espera<\/a><\/li>\n<li id=\"menu-item-373953\"><a href=\"\/es\/city-hall\/customer-service-center\/artists-vendor-lottery\/\">Loter\u00eda de artistas vendedores<\/a><\/li>\n<li id=\"menu-item-373954\"><a href=\"\/es\/city-hall\/customer-service-center\/street-performer-permit\/\">Permiso para artistas callejeros<\/a><\/li>\n<li id=\"menu-item-373957\"><a href=\"\/es\/city-hall\/customer-service-center\/#importantnumbers\">N\u00fameros importantes<\/a><\/li>\n<\/ul>\t\t\t\t\n\t<h3>Para preguntas sobre servicio al cliente, llame a nuestra l\u00ednea principal al <a href=\"tel:3056737420\">305.673.7000<\/a><br \/>\nDe lunes a viernes de 8:30 a 18:00 horas o env\u00edenos un correo electr\u00f3nico a <a href=\"mailto:mbhelp@miamibeachfl.gov\">mbhelp@miamibeachfl.gov<\/a><\/h3>\n<h2>\n\t\t\tLa ciudad de Miami Beach ofrece cincuenta y ocho (58) ubicaciones para vendedores art\u00edsticos.\t<\/h2>\n\t<ul>\n\t\t<li>\t\t\t\t\n\t\t<h3>Fecha del sorteo<\/h3><p>Martes, 9 de junio de 2025<\/p><\/li><li>\t\t\t\t\n\t\t<h3>Tiempo de dibujo<\/h3><p>9:00 AM<\/p><\/li><li>\t\t\t\t\n\t\t<h3>Lugar del dibujo<\/h3><p>Los detalles del seminario web se enviar\u00e1n por correo electr\u00f3nico.<\/p><\/li>\t<\/ul>\n\t\t\t\t<table>\n\t\t\t\t\t<thead>\n\t\t\t\t\t\t\t\t\t\t\t\t\t\t<tr>\n\t\t\t\t\t\t\t\t\t\t\t\t\t\t\t<th rowspan=\"\" colspan=\"\">\n\t\t\t\t\t\t\t\t\t\t\t\t\t\t\t\t\t<label>\n\t\t\t\t\t\t\t\t\t\t<\/label><label> Fecha de la loter\u00eda <\/label>\n\t\t\t\t\t\t\t\t\t\n\t\t\t\t\t\t\t\t\t\t\t\t\t\t\t\t\t<\/th>\n\t\t\t\t\t\t\t\t\t\t\t\t\t\t<th rowspan=\"\" colspan=\"\">\n\t\t\t\t\t\t\t\t\t\t\t\t\t\t\t\t\t<label>\n\t\t\t\t\t\t\t\t\t\t<\/label><label> Fecha l\u00edmite para la solicitud de loter\u00eda <\/label>\n\t\t\t\t\t\t\t\t\t\n\t\t\t\t\t\t\t\t\t\t\t\t\t\t\t\t\t<\/th>\n\t\t\t\t\t\t\t\t\t\t\t\t\t\t<th rowspan=\"\" colspan=\"\">\n\t\t\t\t\t\t\t\t\t\t\t\t\t\t\t\t\t<label>\n\t\t\t\t\t\t\t\t\t\t<\/label><label> Periodo de loter\u00eda <\/label>\n\t\t\t\t\t\t\t\t\t\n\t\t\t\t\t\t\t\t\t\t\t\t\t\t\t\t\t<\/th>\n\t\t\t\t\t\t\t\t\t\t\t<\/tr><\/thead>\n\t\t\t\t\t<tbody>\n\t\t\t\t\t\t\t\t\t\t\t\t\t\t\t<tr>\n\t\t\t\t\t\t\t\t\t\t\t\t\t\t\t\t\t\t\t\t<td colspan=\"\" rowspan=\"\">\n\t\t\t\t\t\t\t\t\t\t\t\t\t\t\t 12\/9\/2025 \n\t\t\t\t\t\t\t\t\t\t\t\t\t\t\t\t\t\t\t\t\t\t\t\t<\/td>\n\t\t\t\t\t\t\t\t\t\t\t\t\t\t\t\t<td colspan=\"\" rowspan=\"\">\n\t\t\t\t\t\t\t\t\t\t\t\t\t\t\t\t\t\t\t\t\t\t\t 11\/21\/2025 \n\t\t\t\t\t\t\t\t\t\t\t\t\t\t\t\t\t\t\t\t\t\t\t<\/td>\n\t\t\t\t\t\t\t\t\t\t\t\t\t\t\t\t<td colspan=\"\" rowspan=\"\">\n\t\t\t\t\t\t\t\t\t\t\t\t\t\t\t\t\t\t\t\t\t\t\t ENE \u2013 MAR 2026 \n\t\t\t\t\t\t\t\t\t\t\t\t\t\t\t\t\t\t\t\t\t\t\t<\/td>\n\t\t\t\t\t\t\t\t\t\t\t\t\t\t\t<\/tr><tr>\n\t\t\t\t\t\t\t\t\t\t\t\t\t\t\t\t\t\t\t\t<td colspan=\"\" rowspan=\"\">\n\t\t\t\t\t\t\t\t\t\t\t\t\t\t\t\t\t\t\t\t\t\t\t 3\/10\/2026 \n\t\t\t\t\t\t\t\t\t\t\t\t\t\t\t\t\t\t\t\t\t\t\t<\/td>\n\t\t\t\t\t\t\t\t\t\t\t\t\t\t\t\t<td colspan=\"\" rowspan=\"\">\n\t\t\t\t\t\t\t\t\t\t\t\t\t\t\t\t\t\t\t\t\t\t\t 2\/13\/2026 \n\t\t\t\t\t\t\t\t\t\t\t\t\t\t\t\t\t\t\t\t\t\t\t<\/td>\n\t\t\t\t\t\t\t\t\t\t\t\t\t\t\t\t<td colspan=\"\" rowspan=\"\">\n\t\t\t\t\t\t\t\t\t\t\t\t\t\t\t\t\t\t\t\t\t\t\t ABR \u2013 JUN 2026 \n\t\t\t\t\t\t\t\t\t\t\t\t\t\t\t\t\t\t\t\t\t\t\t<\/td>\n\t\t\t\t\t\t\t\t\t\t\t\t\t\t\t<\/tr><tr>\n\t\t\t\t\t\t\t\t\t\t\t\t\t\t\t\t\t\t\t\t<td colspan=\"\" rowspan=\"\">\n\t\t\t\t\t\t\t\t\t\t\t\t\t\t\t 06\/9\/2026 \n\t\t\t\t\t\t\t\t\t\t\t\t\t\t\t\t\t\t\t\t\t\t\t\t<\/td>\n\t\t\t\t\t\t\t\t\t\t\t\t\t\t\t\t<td colspan=\"\" rowspan=\"\">\n\t\t\t\t\t\t\t\t\t\t\t\t\t\t\t 05\/15\/2026 \n\t\t\t\t\t\t\t\t\t\t\t\t\t\t\t\t\t\t\t\t\t\t\t\t<\/td>\n\t\t\t\t\t\t\t\t\t\t\t\t\t\t\t\t<td colspan=\"\" rowspan=\"\">\n\t\t\t\t\t\t\t\t\t\t\t\t\t\t\t JUL-SEPT 2026 \n\t\t\t\t\t\t\t\t\t\t\t\t\t\t\t\t\t\t\t\t\t\t\t\t<\/td>\n\t\t\t\t\t\t\t\t\t\t\t\t\t\t\t<\/tr><tr>\n\t\t\t\t\t\t\t\t\t\t\t\t\t\t\t\t\t\t\t\t<td colspan=\"\" rowspan=\"\">\n\t\t\t\t\t\t\t\t\t\t\t\t\t\t\t 09\/8\/2026 \n\t\t\t\t\t\t\t\t\t\t\t\t\t\t\t\t\t\t\t\t\t\t\t\t<\/td>\n\t\t\t\t\t\t\t\t\t\t\t\t\t\t\t\t<td colspan=\"\" rowspan=\"\">\n\t\t\t\t\t\t\t\t\t\t\t\t\t\t\t 8\/14\/2026 \n\t\t\t\t\t\t\t\t\t\t\t\t\t\t\t\t\t\t\t\t\t\t\t\t<\/td>\n\t\t\t\t\t\t\t\t\t\t\t\t\t\t\t\t<td colspan=\"\" rowspan=\"\">\n\t\t\t\t\t\t\t\t\t\t\t\t\t\t\t OCT \u2013 DIC 2026 \n\t\t\t\t\t\t\t\t\t\t\t\t\t\t\t\t\t\t\t\t\t\t\t\t<\/td>\n\t\t\t\t\t\t\t\t\t\t\t<\/tr><\/tbody>\n\t\t\t\t<\/table>\n\t<br \/>\nPara solicitar, descargue los siguientes materiales. Entregue la solicitud completa al Centro de Atenci\u00f3n al Cliente de Miami Beach, ubicado en el primer piso del edificio 1755, junto con la tarifa de solicitud inicial de $130.00 antes de la fecha l\u00edmite. No se considerar\u00e1n las solicitudes que no est\u00e9n completas ni se aceptar\u00e1n las solicitudes recibidas despu\u00e9s de la fecha l\u00edmite. Dentro de los cinco (5) d\u00edas h\u00e1biles posteriores a cada fecha de loter\u00eda, deber\u00e1 abonar una tarifa adicional de $256.00, por un total de <strong>$386.00. <\/strong><em>No se aceptar\u00e1n pagos despu\u00e9s de las fechas de vencimiento.<\/em>\n\t<ul>\n\t\t\t<li>\n\t\t\t<h4>\n\t\t\t<a href=\"https:\/\/www.miamibeachfl.gov\/wp-content\/uploads\/2017\/08\/Administrative-Rules-Rev-2-12-09-ENGdoc.pdf\" target=\"_blank\" rel=\"noopener\" data-hover=\"Administrative Rules - English\" aria-label=\"Reglamento Administrativo - Espa\u00f1ol\">Reglamento Administrativo \u2013 Ingl\u00e9s<\/a>\n\t\t\t<\/h4>\n\t\t<\/li>\n\t\t\t\t\t<li>\n\t\t\t<h4>\n\t\t\t<a href=\"https:\/\/www.miamibeachfl.gov\/wp-content\/uploads\/2017\/08\/Administrative-Rules-Rev-2-12-09-SPA.pdf\" target=\"_blank\" rel=\"noopener\" data-hover=\"Reglas Administrativas - Espa\u00f1ol\" aria-label=\"Reglas Administrativas - Espa\u00f1ol\">Reglas Administrativas \u2013 Espa\u00f1ol<\/a>\n\t\t\t<\/h4>\n\t\t<\/li>\n\t\t\t\t\t<li>\n\t\t\t<h4>\n\t\t\t<a href=\"https:\/\/www.miamibeachfl.gov\/wp-content\/uploads\/2025\/11\/AVC-APPLICATION-1.pdf\" target=\"_blank\" rel=\"noopener\" data-hover=\"Artist Vendor Certificate Application\" aria-label=\"Solicitud de certificado de vendedor art\u00edstico\">Solicitud de certificado de vendedor art\u00edstico<\/a>\n\t\t\t<\/h4>\n\t\t<\/li>\n\t\t\t\t\t<li>\n\t\t\t<h4>\n\t\t\t<a href=\"https:\/\/www.miamibeachfl.gov\/wp-content\/uploads\/2025\/10\/ARTIST-VENDOR-LOTTERY-APPLICATION.pdf\" target=\"_blank\" rel=\"noopener\" data-hover=\"Artist Vendor Lottery Application\" aria-label=\"Solicitud de loter\u00eda para artistas vendedores\">Solicitud de loter\u00eda para artistas vendedores<\/a>\n\t\t\t<\/h4>\n\t\t<\/li>\n\t\t\t\t\t<li>\n\t\t\t<h4>\n\t\t\t<a href=\"https:\/\/www.miamibeachfl.gov\/wp-content\/uploads\/2024\/07\/Q3-2024-Artists-Street-Performer-Location-Maps.pdf\" target=\"_blank\" rel=\"noopener\" data-hover=\"Lottery Maps\" aria-label=\"Mapas de loter\u00eda\">Mapas de loter\u00eda<\/a>\n\t\t\t<\/h4>\n\t\t<\/li>\n\t\t\t\t\t<li>\n\t\t\t<h4>\n\t\t\t<a href=\"https:\/\/www.miamibeachfl.gov\/wp-content\/uploads\/2025\/11\/Ordinance-2025-4769-2.pdf\" target=\"_blank\" rel=\"noopener\" data-hover=\"Ordinance 2025-4769\" aria-label=\"Ordenanza 2025-4769\">Ordenanza 2025-4769<\/a>\n\t\t\t<\/h4>\n\t\t<\/li>\n\t\t\t\t\t<li>\n\t\t\t<h4>\n\t\t\t<a href=\"https:\/\/www.miamibeachfl.gov\/wp-content\/uploads\/2025\/10\/ARTIST-VENDORS-Q4-2025.pdf\" target=\"_blank\" rel=\"noopener\" data-hover=\"Artist Vendor Permit Holders\" aria-label=\"Titulares de permisos de vendedor de artistas\">Titulares de permisos de vendedor de artistas<\/a>\n\t\t\t<\/h4>\n\t\t<\/li>\n\t\t\t\t\t<li>\n\t\t\t<h4>\n\t\t\t<a href=\"https:\/\/www.miamibeachfl.gov\/wp-content\/uploads\/2025\/10\/ACTIVE-AVC-HOLDERS-Q4-2025.pdf\" target=\"_self\"  data-hover=\"Active Artist Vendor Certificate Holders\" aria-label=\"Titulares de certificados de vendedor art\u00edstico activo\">Titulares de certificados de vendedor art\u00edstico activo<\/a>\n\t\t\t<\/h4>\n\t\t<\/li>\n\t\t\t\t<\/ul>\n\t\t\t<a href=\"https:\/\/eservices.miamibeachfl.gov\/EnerGovProd\/SelfService\/#\/applicationAssistant?sectionName=All&#038;showTemplates=false\"  target=\"_blank\" rel=\"noopener\">\n\t\t\t\t\t\t\tSolicitar la loter\u00eda\n\t\t\t\t\t<\/a>\n<h2>\n\t\t\tContactos:\t<\/h2>\n\t\t<h3><a href=\"mailto:MannyMarquez@miamibeachfl.gov\" target =\"_blank\" rel=\"noopener\">Manny M\u00e1rquez<\/a><\/h3>Subdirector MannyMarquez@miamibeachfl.gov\t\t\t\t\t\n\t\t<h3><a href=\"mailto:SashaGonzalez@miamibeachfl.gov\" target =\"_blank\" rel=\"noopener\">Sasha Gonz\u00e1lez<\/a><\/h3>Gerente de Servicio al Cliente SashaGonzalez@miamibeachfl.gov\t\t\t\t\t\n<h2>\n\t\t\tUbicaci\u00f3n:\t<\/h2>\n\t<p>1755 Meridian Avenue | Primer piso<\/p>\n\t<iframe src=\"https:\/\/www.google.com\/maps\/embed\/v1\/place?q=1755+Meridian+Avenue%0AMiami+Beach%2C+FL+33139&#038;key=AIzaSyD09zQ9PNDNNy9TadMuzRV_UsPUoWKntt8\" aria-hidden=\"true\" title=\"Ayuntamiento\"><\/iframe>\n<h2>\n\t\t\tHorario de atenci\u00f3n:\t<\/h2>\n\t\t\t\t Lunes \u2013 Viernes 8:30 AM \u2013 6 PM Cerrado 12 PM \u2013 1 PM Todos los d\u00edas Cerrado 12 PM \u2013 2 PM <br \/>1er y 3er jueves \u2013 Mensual","protected":false},"excerpt":{"rendered":"<p>Artist Vendor Lottery Customer Service Menu Customer Service Home Schedule an Appointment Wait Times Artist Vendor Lottery Street Performer Permit [&hellip;]<\/p>\n","protected":false},"author":222,"featured_media":0,"parent":108864,"menu_order":0,"comment_status":"closed","ping_status":"closed","template":"","meta":{"_searchwp_excluded":"","site-sidebar-layout":"default","site-content-layout":"","ast-site-content-layout":"default","site-content-style":"default","site-sidebar-style":"default","ast-global-header-display":"","ast-banner-title-visibility":"","ast-main-header-display":"","ast-hfb-above-header-display":"","ast-hfb-below-header-display":"","ast-hfb-mobile-header-display":"","site-post-title":"","ast-breadcrumbs-content":"","ast-featured-img":"","footer-sml-layout":"","theme-transparent-header-meta":"","adv-header-id-meta":"","stick-header-meta":"","header-above-stick-meta":"","header-main-stick-meta":"","header-below-stick-meta":"","astra-migrate-meta-layouts":"default","ast-page-background-enabled":"default","ast-page-background-meta":{"desktop":{"background-color":"var(--ast-global-color-5)","background-image":"","background-repeat":"repeat","background-position":"center center","background-size":"auto","background-attachment":"scroll","background-type":"","background-media":"","overlay-type":"","overlay-color":"","overlay-opacity":"","overlay-gradient":""},"tablet":{"background-color":"","background-image":"","background-repeat":"repeat","background-position":"center center","background-size":"auto","background-attachment":"scroll","background-type":"","background-media":"","overlay-type":"","overlay-color":"","overlay-opacity":"","overlay-gradient":""},"mobile":{"background-color":"","background-image":"","background-repeat":"repeat","background-position":"center center","background-size":"auto","background-attachment":"scroll","background-type":"","background-media":"","overlay-type":"","overlay-color":"","overlay-opacity":"","overlay-gradient":""}},"ast-content-background-meta":{"desktop":{"background-color":"var(--ast-global-color-4)","background-image":"","background-repeat":"repeat","background-position":"center center","background-size":"auto","background-attachment":"scroll","background-type":"","background-media":"","overlay-type":"","overlay-color":"","overlay-opacity":"","overlay-gradient":""},"tablet":{"background-color":"var(--ast-global-color-4)","background-image":"","background-repeat":"repeat","background-position":"center center","background-size":"auto","background-attachment":"scroll","background-type":"","background-media":"","overlay-type":"","overlay-color":"","overlay-opacity":"","overlay-gradient":""},"mobile":{"background-color":"var(--ast-global-color-4)","background-image":"","background-repeat":"repeat","background-position":"center center","background-size":"auto","background-attachment":"scroll","background-type":"","background-media":"","overlay-type":"","overlay-color":"","overlay-opacity":"","overlay-gradient":""}},"footnotes":""},"categories":[1],"tags":[1031,1014],"class_list":["post-254650","page","type-page","status-publish","hentry","category-uncategorized","tag-entertainment-top-visited","tag-permitting-entertainment"],"yoast_head":"<!-- This site is optimized with the Yoast SEO Premium plugin v27.4 (Yoast SEO v27.4) - https:\/\/yoast.com\/product\/yoast-seo-premium-wordpress\/ -->\n<title>Artist Vendor Lottery - City of Miami Beach<\/title>\n<meta name=\"description\" content=\"The City of Miami Beach offers fifty-eight (58) locations for artist vendors.\" \/>\n<meta name=\"robots\" content=\"index, follow, max-snippet:-1, max-image-preview:large, max-video-preview:-1\" \/>\n<link rel=\"canonical\" href=\"https:\/\/www.miamibeachfl.gov\/es\/city-hall\/customer-service-center\/artists-vendor-lottery\/\" \/>\n<meta property=\"og:locale\" content=\"es_ES\" \/>\n<meta property=\"og:type\" content=\"article\" \/>\n<meta property=\"og:title\" content=\"Artist Vendor Lottery\" \/>\n<meta property=\"og:description\" content=\"The City of Miami Beach offers fifty-eight (58) locations for artist vendors.\" \/>\n<meta property=\"og:url\" content=\"https:\/\/www.miamibeachfl.gov\/es\/city-hall\/customer-service-center\/artists-vendor-lottery\/\" \/>\n<meta property=\"og:site_name\" content=\"City of Miami Beach\" \/>\n<meta property=\"article:publisher\" content=\"https:\/\/www.facebook.com\/cityofmiamibeach\" \/>\n<meta property=\"article:modified_time\" content=\"2026-04-27T20:33:26+00:00\" \/>\n<meta property=\"og:image\" content=\"https:\/\/www.miamibeachfl.gov\/wp-content\/uploads\/2024\/01\/1000pxSquare-miamibeach-aerial-southpointview.jpeg\" \/>\n\t<meta property=\"og:image:width\" content=\"1000\" \/>\n\t<meta property=\"og:image:height\" content=\"1000\" \/>\n\t<meta property=\"og:image:type\" content=\"image\/jpeg\" \/>\n<meta name=\"twitter:card\" content=\"summary_large_image\" \/>\n<meta name=\"twitter:site\" content=\"@Miamibeachnews\" \/>\n<script type=\"application\/ld+json\" class=\"yoast-schema-graph\">{\"@context\":\"https:\\\/\\\/schema.org\",\"@graph\":[{\"@type\":\"WebPage\",\"@id\":\"https:\\\/\\\/www.miamibeachfl.gov\\\/city-hall\\\/customer-service-center\\\/artists-vendor-lottery\\\/\",\"url\":\"https:\\\/\\\/www.miamibeachfl.gov\\\/city-hall\\\/customer-service-center\\\/artists-vendor-lottery\\\/\",\"name\":\"Artist Vendor Lottery - City of Miami Beach\",\"isPartOf\":{\"@id\":\"https:\\\/\\\/www.miamibeachfl.gov\\\/#website\"},\"datePublished\":\"2023-03-31T11:35:56+00:00\",\"dateModified\":\"2026-04-27T20:33:26+00:00\",\"description\":\"The City of Miami Beach offers fifty-eight (58) locations for artist vendors.\",\"breadcrumb\":{\"@id\":\"https:\\\/\\\/www.miamibeachfl.gov\\\/city-hall\\\/customer-service-center\\\/artists-vendor-lottery\\\/#breadcrumb\"},\"inLanguage\":\"es\",\"potentialAction\":[{\"@type\":\"ReadAction\",\"target\":[\"https:\\\/\\\/www.miamibeachfl.gov\\\/city-hall\\\/customer-service-center\\\/artists-vendor-lottery\\\/\"]}]},{\"@type\":\"BreadcrumbList\",\"@id\":\"https:\\\/\\\/www.miamibeachfl.gov\\\/city-hall\\\/customer-service-center\\\/artists-vendor-lottery\\\/#breadcrumb\",\"itemListElement\":[{\"@type\":\"ListItem\",\"position\":1,\"name\":\"Home\",\"item\":\"https:\\\/\\\/www.miamibeachfl.gov\\\/\"},{\"@type\":\"ListItem\",\"position\":2,\"name\":\"City Hall\",\"item\":\"https:\\\/\\\/www.miamibeachfl.gov\\\/city-hall\\\/\"},{\"@type\":\"ListItem\",\"position\":3,\"name\":\"Customer Service Center\",\"item\":\"https:\\\/\\\/www.miamibeachfl.gov\\\/city-hall\\\/customer-service-center\\\/\"},{\"@type\":\"ListItem\",\"position\":4,\"name\":\"Artist Vendor Lottery\"}]},{\"@type\":\"WebSite\",\"@id\":\"https:\\\/\\\/www.miamibeachfl.gov\\\/#website\",\"url\":\"https:\\\/\\\/www.miamibeachfl.gov\\\/\",\"name\":\"City of Miami Beach\",\"description\":\"The official website of the City of Miami Beach. Stay informed, find important information on city services, news, alerts, events, trolley routes, government employment and more.\",\"publisher\":{\"@id\":\"https:\\\/\\\/www.miamibeachfl.gov\\\/#organization\"},\"potentialAction\":[{\"@type\":\"SearchAction\",\"target\":{\"@type\":\"EntryPoint\",\"urlTemplate\":\"https:\\\/\\\/www.miamibeachfl.gov\\\/?s={search_term_string}\"},\"query-input\":{\"@type\":\"PropertyValueSpecification\",\"valueRequired\":true,\"valueName\":\"search_term_string\"}}],\"inLanguage\":\"es\"},{\"@type\":\"Organization\",\"@id\":\"https:\\\/\\\/www.miamibeachfl.gov\\\/#organization\",\"name\":\"City of Miami Beach\",\"url\":\"https:\\\/\\\/www.miamibeachfl.gov\\\/\",\"logo\":{\"@type\":\"ImageObject\",\"inLanguage\":\"es\",\"@id\":\"https:\\\/\\\/www.miamibeachfl.gov\\\/#\\\/schema\\\/logo\\\/image\\\/\",\"url\":\"https:\\\/\\\/www.miamibeachfl.gov\\\/wp-content\\\/uploads\\\/2022\\\/06\\\/miamibeach-logoblue.png\",\"contentUrl\":\"https:\\\/\\\/www.miamibeachfl.gov\\\/wp-content\\\/uploads\\\/2022\\\/06\\\/miamibeach-logoblue.png\",\"width\":1962,\"height\":381,\"caption\":\"City of Miami Beach\"},\"image\":{\"@id\":\"https:\\\/\\\/www.miamibeachfl.gov\\\/#\\\/schema\\\/logo\\\/image\\\/\"},\"sameAs\":[\"https:\\\/\\\/www.facebook.com\\\/cityofmiamibeach\",\"https:\\\/\\\/x.com\\\/Miamibeachnews\",\"https:\\\/\\\/www.instagram.com\\\/miamibeachnews\\\/\"],\"description\":\"The official website of the City of Miami Beach. Stay informed, find important information on city services, news, alerts, events, trolley routes, government employment and more.\",\"telephone\":\"305.604.CITY(2489)\",\"legalName\":\"City of Miami Beach\"}]}<\/script>\n<!-- \/ Yoast SEO Premium plugin. -->","yoast_head_json":{"title":"Loter\u00eda de artistas vendedores - Ciudad de Miami Beach","description":"La ciudad de Miami Beach ofrece cincuenta y ocho (58) ubicaciones para vendedores art\u00edsticos.","robots":{"index":"index","follow":"follow","max-snippet":"max-snippet:-1","max-image-preview":"max-image-preview:large","max-video-preview":"max-video-preview:-1"},"canonical":"https:\/\/www.miamibeachfl.gov\/es\/city-hall\/customer-service-center\/artists-vendor-lottery\/","og_locale":"es_ES","og_type":"article","og_title":"Artist Vendor Lottery","og_description":"The City of Miami Beach offers fifty-eight (58) locations for artist vendors.","og_url":"https:\/\/www.miamibeachfl.gov\/es\/city-hall\/customer-service-center\/artists-vendor-lottery\/","og_site_name":"City of Miami Beach","article_publisher":"https:\/\/www.facebook.com\/cityofmiamibeach","article_modified_time":"2026-04-27T20:33:26+00:00","og_image":[{"width":1000,"height":1000,"url":"https:\/\/www.miamibeachfl.gov\/wp-content\/uploads\/2024\/01\/1000pxSquare-miamibeach-aerial-southpointview.jpeg","type":"image\/jpeg"}],"twitter_card":"summary_large_image","twitter_site":"@Miamibeachnews","schema":{"@context":"https:\/\/schema.org","@graph":[{"@type":"WebPage","@id":"https:\/\/www.miamibeachfl.gov\/city-hall\/customer-service-center\/artists-vendor-lottery\/","url":"https:\/\/www.miamibeachfl.gov\/city-hall\/customer-service-center\/artists-vendor-lottery\/","name":"Loter\u00eda de artistas vendedores - Ciudad de Miami Beach","isPartOf":{"@id":"https:\/\/www.miamibeachfl.gov\/#website"},"datePublished":"2023-03-31T11:35:56+00:00","dateModified":"2026-04-27T20:33:26+00:00","description":"La ciudad de Miami Beach ofrece cincuenta y ocho (58) ubicaciones para vendedores art\u00edsticos.","breadcrumb":{"@id":"https:\/\/www.miamibeachfl.gov\/city-hall\/customer-service-center\/artists-vendor-lottery\/#breadcrumb"},"inLanguage":"es","potentialAction":[{"@type":"ReadAction","target":["https:\/\/www.miamibeachfl.gov\/city-hall\/customer-service-center\/artists-vendor-lottery\/"]}]},{"@type":"BreadcrumbList","@id":"https:\/\/www.miamibeachfl.gov\/city-hall\/customer-service-center\/artists-vendor-lottery\/#breadcrumb","itemListElement":[{"@type":"ListItem","position":1,"name":"Home","item":"https:\/\/www.miamibeachfl.gov\/"},{"@type":"ListItem","position":2,"name":"City Hall","item":"https:\/\/www.miamibeachfl.gov\/city-hall\/"},{"@type":"ListItem","position":3,"name":"Customer Service Center","item":"https:\/\/www.miamibeachfl.gov\/city-hall\/customer-service-center\/"},{"@type":"ListItem","position":4,"name":"Artist Vendor Lottery"}]},{"@type":"WebSite","@id":"https:\/\/www.miamibeachfl.gov\/#website","url":"https:\/\/www.miamibeachfl.gov\/","name":"Ciudad de Miami Beach","description":"Sitio web oficial de la Ciudad de Miami Beach. Mant\u00e9ngase informado, encuentre informaci\u00f3n importante sobre servicios municipales, noticias, alertas, eventos, rutas de tranv\u00edas, empleos gubernamentales y m\u00e1s.","publisher":{"@id":"https:\/\/www.miamibeachfl.gov\/#organization"},"potentialAction":[{"@type":"SearchAction","target":{"@type":"EntryPoint","urlTemplate":"https:\/\/www.miamibeachfl.gov\/?s={search_term_string}"},"query-input":{"@type":"PropertyValueSpecification","valueRequired":true,"valueName":"search_term_string"}}],"inLanguage":"es"},{"@type":"Organization","@id":"https:\/\/www.miamibeachfl.gov\/#organization","name":"Ciudad de Miami Beach","url":"https:\/\/www.miamibeachfl.gov\/","logo":{"@type":"ImageObject","inLanguage":"es","@id":"https:\/\/www.miamibeachfl.gov\/#\/schema\/logo\/image\/","url":"https:\/\/www.miamibeachfl.gov\/wp-content\/uploads\/2022\/06\/miamibeach-logoblue.png","contentUrl":"https:\/\/www.miamibeachfl.gov\/wp-content\/uploads\/2022\/06\/miamibeach-logoblue.png","width":1962,"height":381,"caption":"City of Miami Beach"},"image":{"@id":"https:\/\/www.miamibeachfl.gov\/#\/schema\/logo\/image\/"},"sameAs":["https:\/\/www.facebook.com\/cityofmiamibeach","https:\/\/x.com\/Miamibeachnews","https:\/\/www.instagram.com\/miamibeachnews\/"],"description":"Sitio web oficial de la Ciudad de Miami Beach. Mant\u00e9ngase informado, encuentre informaci\u00f3n importante sobre servicios municipales, noticias, alertas, eventos, rutas de tranv\u00edas, empleos gubernamentales y m\u00e1s.","telephone":"305.604.CITY(2489)","legalName":"City of Miami Beach"}]}},"_links":{"self":[{"href":"https:\/\/www.miamibeachfl.gov\/es\/wp-json\/wp\/v2\/pages\/254650","targetHints":{"allow":["GET"]}}],"collection":[{"href":"https:\/\/www.miamibeachfl.gov\/es\/wp-json\/wp\/v2\/pages"}],"about":[{"href":"https:\/\/www.miamibeachfl.gov\/es\/wp-json\/wp\/v2\/types\/page"}],"author":[{"embeddable":true,"href":"https:\/\/www.miamibeachfl.gov\/es\/wp-json\/wp\/v2\/users\/222"}],"replies":[{"embeddable":true,"href":"https:\/\/www.miamibeachfl.gov\/es\/wp-json\/wp\/v2\/comments?post=254650"}],"version-history":[{"count":12,"href":"https:\/\/www.miamibeachfl.gov\/es\/wp-json\/wp\/v2\/pages\/254650\/revisions"}],"predecessor-version":[{"id":399572,"href":"https:\/\/www.miamibeachfl.gov\/es\/wp-json\/wp\/v2\/pages\/254650\/revisions\/399572"}],"up":[{"embeddable":true,"href":"https:\/\/www.miamibeachfl.gov\/es\/wp-json\/wp\/v2\/pages\/108864"}],"wp:attachment":[{"href":"https:\/\/www.miamibeachfl.gov\/es\/wp-json\/wp\/v2\/media?parent=254650"}],"wp:term":[{"taxonomy":"category","embeddable":true,"href":"https:\/\/www.miamibeachfl.gov\/es\/wp-json\/wp\/v2\/categories?post=254650"},{"taxonomy":"post_tag","embeddable":true,"href":"https:\/\/www.miamibeachfl.gov\/es\/wp-json\/wp\/v2\/tags?post=254650"}],"curies":[{"name":"gracias","href":"https:\/\/api.w.org\/{rel}","templated":true}]}}