{"id":254811,"date":"2023-04-03T11:01:55","date_gmt":"2023-04-03T15:01:55","guid":{"rendered":"https:\/\/www.miamibeachfl.gov\/?page_id=254811"},"modified":"2025-06-02T22:10:55","modified_gmt":"2025-06-03T02:10:55","slug":"april-2023-business-spotlight-copy-copy","status":"publish","type":"page","link":"https:\/\/www.miamibeachfl.gov\/es\/spotlight\/april-2023-business-spotlight-copy-copy\/","title":{"rendered":"Miami Beach celebra el Mes de la Tierra"},"content":{"rendered":"<h5>\n\t\t<a href=\"https:\/\/www.miamibeachfl.gov\/es\/mbbiznews\/\" title=\"Suscr\u00edbete aqu\u00ed para recibir mensualmente en tu bandeja de entrada el bolet\u00edn de negocios de la ciudad.\"  target=\"_blank\"  rel=\"noopener\">\n\t\t\tSuscr\u00edbete aqu\u00ed para recibir mensualmente en tu bandeja de entrada el bolet\u00edn de negocios de la ciudad.\t\t<\/a>\n\t<\/h5>\n<h5>\n\t\t<a href=\"https:\/\/myemail.constantcontact.com\/Stay-connected-with-MB-Biz--.html?soid=1011085968389&#038;aid=S0mHBwwl4Fs\" title=\"Bolet\u00edn empresarial\"  target=\"_blank\"  rel=\"noopener\">\n\t\t\tBolet\u00edn empresarial\t\t<\/a>\n\t<\/h5>\n<h2>\n\t\t\tCentro de Convenciones de Miami Beach Invirtiendo en Miami Beach y nuestro planeta\t<\/h2>\n\t\t\t\t<img decoding=\"async\" src=\"https:\/\/www.miamibeachfl.gov\/wp-content\/uploads\/2023\/04\/1.26-MBCC-Sustainability-Highlight-Linkedin.png\" alt=\"1.26 MBCC Sustainability Highlight, Linkedin\" itemprop=\"image\" title=\"1.26 Punto destacado de sostenibilidad de MBCC, Linkedin\" onerror=\"this.style.display='none'\" loading='lazy' \/>\n\t<p>En honor al Mes de la Tierra, descubra c\u00f3mo el Centro de Convenciones de Miami Beach invierte en nuestro recinto y en el planeta con las \u00faltimas iniciativas de sostenibilidad. El Mes de la Tierra se celebra cada a\u00f1o en abril para concienciar sobre el medio ambiente y los problemas que afectan a la naturaleza.<\/p>\n<p>El primer D\u00eda de la Tierra se celebr\u00f3 el 22 de abril de 1970. El evento fue organizado por Gaylord Nelson, senador estadounidense por Wisconsin. Tras presenciar los da\u00f1os causados por un derrame de petr\u00f3leo en Santa B\u00e1rbara, California, en 1969, se inspir\u00f3 para actuar. Nelson comprendi\u00f3 la necesidad de que todos se volvieran m\u00e1s conscientes del medio ambiente y participaran activamente en la preservaci\u00f3n de nuestro planeta. Esperaba que el D\u00eda de la Tierra sirviera para concienciar a la gente sobre la importancia de la protecci\u00f3n del medio ambiente.<\/p>\n<p>El tema del D\u00eda de la Tierra, la Semana de la Tierra y el Mes de la Tierra 2023 es &quot;Invertir en nuestro planeta&quot;. El objetivo es involucrar a gobiernos, instituciones, empresas y la comunidad para que contribuyan a la responsabilidad de todos. El tema insta a las personas de todo el mundo a reconocer nuestra responsabilidad colectiva de proteger y preservar el planeta y a acelerar la transici\u00f3n hacia una econom\u00eda verde, equitativa y pr\u00f3spera para todos.<\/p>\n<p>El Centro de Convenciones y Campus de Miami Beach es el renovado centro de reuniones, convenciones, exposiciones y ferias comerciales de Miami Beach. El recinto, recientemente renovado y con una inversi\u00f3n de $640 millones de d\u00f3lares, cuenta con 1,4 millones de pies cuadrados (1,3 millones de metros cuadrados) e incluye un Gran Sal\u00f3n de Baile de 60.000 pies cuadrados (55.000 pies cuadrados) con un espacio de preevento de 18.000 pies cuadrados (16.500 pies cuadrados), aproximadamente 500.000 pies cuadrados (46.000 pies cuadrados) de espacio para exposiciones, un Gran Vest\u00edbulo de 99.000 pies cuadrados (91.000 pies cuadrados), 84 salas de reuniones, aproximadamente 800 plazas de aparcamiento en la azotea y 9 acres (3,6 hect\u00e1reas) de espacios verdes p\u00fablicos con arte p\u00fablico seleccionado. Los prestigiosos estudios Fentress Architects y Architectonica colaboraron para crear un dise\u00f1o sostenible de vanguardia y procedimientos operativos con conciencia ecol\u00f3gica. El edificio est\u00e1 equipado con materiales reciclados, y m\u00e1s del 20 % de los materiales provienen de fuentes locales del sur de Florida. El noventa y seis por ciento de los residuos de construcci\u00f3n fueron reciclados, desviando m\u00e1s de 38.000 toneladas de residuos reciclables para esta instalaci\u00f3n con certificaci\u00f3n LEED Plata.<\/p>\n<p>En marzo de 2023, el equipo del Centro de Convenciones lanz\u00f3 un <em>Huerto de hierbas y verduras<\/em>En colaboraci\u00f3n con Compost for Life Miami, el programa aprovecha los residuos org\u00e1nicos de las convenciones y eventos del recinto y los convierte en compost. Este compost se utiliza en el huerto de hierbas y vegetales, creando un sistema alimentario sostenible que reduce el desperdicio y ofrece una aut\u00e9ntica experiencia gastron\u00f3mica del huerto a la mesa. El objetivo es crear un ambiente tranquilo para que los chefs y el equipo del centro de convenciones cuiden, alimenten y eduquen a la comunidad sobre la jardiner\u00eda y las pr\u00e1cticas sostenibles. Las hortalizas que se plantan actualmente incluyen zanahorias, lechugas, cebollas, tomates y pimientos, y el follaje se utiliza para decorar las mesas. Adem\u00e1s, las luces solares iluminan la cerca de madera que rodea el jard\u00edn, hecha con pal\u00e9s de madera reciclados de env\u00edos de alimentos.<\/p>\n<p>\u201cEstamos encantados de dar vida a este huerto en Rum Room y Venu (y en el Campus del Centro de Convenciones) no solo para tener acceso a verduras frescas para nuestros platos, sino tambi\u00e9n para extender nuestro programa de sostenibilidad en el centro de convenciones a estos dos nuevos espacios de una manera emocionante\u201d, dijo Danny Medina, vicepresidente regional de gesti\u00f3n de alimentos y bebidas de Sodexo Live! \u2013 Centro de Convenciones de Miami Beach.<\/p>\n<p>El Centro de Convenciones trabaja continuamente para que el recinto sea m\u00e1s responsable. Para ello, el equipo trabaja en la creaci\u00f3n de un s\u00f3lido plan de sostenibilidad que cumpla, apoye y fomente las expectativas de los organizadores de reuniones y eventos, incluyendo la captaci\u00f3n de agua de lluvia y la instalaci\u00f3n de tubos solares.<\/p>\n<p>El D\u00eda de la Tierra se celebra el s\u00e1bado 22 de abril de 2023 y la Semana de la Tierra se celebra del domingo 16 de abril al s\u00e1bado 22 de abril de 2023.<\/p>\n<p>Para obtener m\u00e1s informaci\u00f3n, incluido un kit de herramientas gratuito de sostenibilidad empresarial del D\u00eda de la Tierra 2023, visite https:\/\/www.earthday.org\/<\/p>\n<p>Para obtener m\u00e1s informaci\u00f3n, visite <strong><a href=\"http:\/\/www.miamibeachconvention.com\/sustainability\">http:\/\/www.miamibeachconvention.com\/sustainability<\/a><\/strong><\/p>\n<p><em>\u00a0<\/em><\/p>","protected":false},"excerpt":{"rendered":"<p>Subscribe here to receive the City&#8217;s business newsletter to your inbox monthly. Business Newsletter Miami Beach Convention Center Investing in [&hellip;]<\/p>\n","protected":false},"author":222,"featured_media":0,"parent":253255,"menu_order":0,"comment_status":"closed","ping_status":"closed","template":"","meta":{"_searchwp_excluded":"","site-sidebar-layout":"default","site-content-layout":"","ast-site-content-layout":"default","site-content-style":"default","site-sidebar-style":"default","ast-global-header-display":"","ast-banner-title-visibility":"","ast-main-header-display":"","ast-hfb-above-header-display":"","ast-hfb-below-header-display":"","ast-hfb-mobile-header-display":"","site-post-title":"","ast-breadcrumbs-content":"","ast-featured-img":"","footer-sml-layout":"","theme-transparent-header-meta":"","adv-header-id-meta":"","stick-header-meta":"","header-above-stick-meta":"","header-main-stick-meta":"","header-below-stick-meta":"","astra-migrate-meta-layouts":"default","ast-page-background-enabled":"default","ast-page-background-meta":{"desktop":{"background-color":"var(--ast-global-color-5)","background-image":"","background-repeat":"repeat","background-position":"center center","background-size":"auto","background-attachment":"scroll","background-type":"","background-media":"","overlay-type":"","overlay-color":"","overlay-opacity":"","overlay-gradient":""},"tablet":{"background-color":"","background-image":"","background-repeat":"repeat","background-position":"center center","background-size":"auto","background-attachment":"scroll","background-type":"","background-media":"","overlay-type":"","overlay-color":"","overlay-opacity":"","overlay-gradient":""},"mobile":{"background-color":"","background-image":"","background-repeat":"repeat","background-position":"center center","background-size":"auto","background-attachment":"scroll","background-type":"","background-media":"","overlay-type":"","overlay-color":"","overlay-opacity":"","overlay-gradient":""}},"ast-content-background-meta":{"desktop":{"background-color":"var(--ast-global-color-4)","background-image":"","background-repeat":"repeat","background-position":"center center","background-size":"auto","background-attachment":"scroll","background-type":"","background-media":"","overlay-type":"","overlay-color":"","overlay-opacity":"","overlay-gradient":""},"tablet":{"background-color":"var(--ast-global-color-4)","background-image":"","background-repeat":"repeat","background-position":"center center","background-size":"auto","background-attachment":"scroll","background-type":"","background-media":"","overlay-type":"","overlay-color":"","overlay-opacity":"","overlay-gradient":""},"mobile":{"background-color":"var(--ast-global-color-4)","background-image":"","background-repeat":"repeat","background-position":"center center","background-size":"auto","background-attachment":"scroll","background-type":"","background-media":"","overlay-type":"","overlay-color":"","overlay-opacity":"","overlay-gradient":""}},"footnotes":""},"categories":[],"tags":[],"class_list":["post-254811","page","type-page","status-publish","hentry"],"yoast_head":"<!-- This site is optimized with the Yoast SEO Premium plugin v27.4 (Yoast SEO v27.4) - https:\/\/yoast.com\/product\/yoast-seo-premium-wordpress\/ -->\n<title>Miami Beach Celebrates Earth Month - City of Miami Beach<\/title>\n<meta name=\"description\" content=\"%\" \/>\n<meta name=\"robots\" content=\"index, follow, max-snippet:-1, max-image-preview:large, max-video-preview:-1\" \/>\n<link rel=\"canonical\" href=\"https:\/\/www.miamibeachfl.gov\/es\/spotlight\/april-2023-business-spotlight-copy-copy\/\" \/>\n<meta property=\"og:locale\" content=\"es_ES\" \/>\n<meta property=\"og:type\" content=\"article\" \/>\n<meta property=\"og:title\" content=\"Miami Beach Celebrates Earth Month\" \/>\n<meta property=\"og:description\" content=\"%\" \/>\n<meta property=\"og:url\" content=\"https:\/\/www.miamibeachfl.gov\/es\/spotlight\/april-2023-business-spotlight-copy-copy\/\" \/>\n<meta property=\"og:site_name\" content=\"City of Miami Beach\" \/>\n<meta property=\"article:publisher\" content=\"https:\/\/www.facebook.com\/cityofmiamibeach\" \/>\n<meta property=\"article:modified_time\" content=\"2025-06-03T02:10:55+00:00\" \/>\n<meta property=\"og:image\" content=\"https:\/\/www.miamibeachfl.gov\/wp-content\/uploads\/2023\/04\/1.26-MBCC-Sustainability-Highlight-Linkedin.png\" \/>\n<meta name=\"twitter:card\" content=\"summary_large_image\" \/>\n<meta name=\"twitter:site\" content=\"@Miamibeachnews\" \/>\n<script type=\"application\/ld+json\" class=\"yoast-schema-graph\">{\"@context\":\"https:\\\/\\\/schema.org\",\"@graph\":[{\"@type\":\"WebPage\",\"@id\":\"https:\\\/\\\/www.miamibeachfl.gov\\\/spotlight\\\/april-2023-business-spotlight-copy-copy\\\/\",\"url\":\"https:\\\/\\\/www.miamibeachfl.gov\\\/spotlight\\\/april-2023-business-spotlight-copy-copy\\\/\",\"name\":\"Miami Beach Celebrates Earth Month - City of Miami Beach\",\"isPartOf\":{\"@id\":\"https:\\\/\\\/www.miamibeachfl.gov\\\/#website\"},\"primaryImageOfPage\":{\"@id\":\"https:\\\/\\\/www.miamibeachfl.gov\\\/spotlight\\\/april-2023-business-spotlight-copy-copy\\\/#primaryimage\"},\"image\":{\"@id\":\"https:\\\/\\\/www.miamibeachfl.gov\\\/spotlight\\\/april-2023-business-spotlight-copy-copy\\\/#primaryimage\"},\"thumbnailUrl\":\"https:\\\/\\\/www.miamibeachfl.gov\\\/wp-content\\\/uploads\\\/2023\\\/04\\\/1.26-MBCC-Sustainability-Highlight-Linkedin.png\",\"datePublished\":\"2023-04-03T15:01:55+00:00\",\"dateModified\":\"2025-06-03T02:10:55+00:00\",\"description\":\"%\",\"breadcrumb\":{\"@id\":\"https:\\\/\\\/www.miamibeachfl.gov\\\/spotlight\\\/april-2023-business-spotlight-copy-copy\\\/#breadcrumb\"},\"inLanguage\":\"es\",\"potentialAction\":[{\"@type\":\"ReadAction\",\"target\":[\"https:\\\/\\\/www.miamibeachfl.gov\\\/spotlight\\\/april-2023-business-spotlight-copy-copy\\\/\"]}]},{\"@type\":\"ImageObject\",\"inLanguage\":\"es\",\"@id\":\"https:\\\/\\\/www.miamibeachfl.gov\\\/spotlight\\\/april-2023-business-spotlight-copy-copy\\\/#primaryimage\",\"url\":\"https:\\\/\\\/www.miamibeachfl.gov\\\/wp-content\\\/uploads\\\/2023\\\/04\\\/1.26-MBCC-Sustainability-Highlight-Linkedin.png\",\"contentUrl\":\"https:\\\/\\\/www.miamibeachfl.gov\\\/wp-content\\\/uploads\\\/2023\\\/04\\\/1.26-MBCC-Sustainability-Highlight-Linkedin.png\"},{\"@type\":\"BreadcrumbList\",\"@id\":\"https:\\\/\\\/www.miamibeachfl.gov\\\/spotlight\\\/april-2023-business-spotlight-copy-copy\\\/#breadcrumb\",\"itemListElement\":[{\"@type\":\"ListItem\",\"position\":1,\"name\":\"Home\",\"item\":\"https:\\\/\\\/www.miamibeachfl.gov\\\/\"},{\"@type\":\"ListItem\",\"position\":2,\"name\":\"Business Newsletters and Spotlights\",\"item\":\"https:\\\/\\\/www.miamibeachfl.gov\\\/spotlight\\\/\"},{\"@type\":\"ListItem\",\"position\":3,\"name\":\"Miami Beach Celebrates Earth Month\"}]},{\"@type\":\"WebSite\",\"@id\":\"https:\\\/\\\/www.miamibeachfl.gov\\\/#website\",\"url\":\"https:\\\/\\\/www.miamibeachfl.gov\\\/\",\"name\":\"City of Miami Beach\",\"description\":\"The official website of the City of Miami Beach. Stay informed, find important information on city services, news, alerts, events, trolley routes, government employment and more.\",\"publisher\":{\"@id\":\"https:\\\/\\\/www.miamibeachfl.gov\\\/#organization\"},\"potentialAction\":[{\"@type\":\"SearchAction\",\"target\":{\"@type\":\"EntryPoint\",\"urlTemplate\":\"https:\\\/\\\/www.miamibeachfl.gov\\\/?s={search_term_string}\"},\"query-input\":{\"@type\":\"PropertyValueSpecification\",\"valueRequired\":true,\"valueName\":\"search_term_string\"}}],\"inLanguage\":\"es\"},{\"@type\":\"Organization\",\"@id\":\"https:\\\/\\\/www.miamibeachfl.gov\\\/#organization\",\"name\":\"City of Miami Beach\",\"url\":\"https:\\\/\\\/www.miamibeachfl.gov\\\/\",\"logo\":{\"@type\":\"ImageObject\",\"inLanguage\":\"es\",\"@id\":\"https:\\\/\\\/www.miamibeachfl.gov\\\/#\\\/schema\\\/logo\\\/image\\\/\",\"url\":\"https:\\\/\\\/www.miamibeachfl.gov\\\/wp-content\\\/uploads\\\/2022\\\/06\\\/miamibeach-logoblue.png\",\"contentUrl\":\"https:\\\/\\\/www.miamibeachfl.gov\\\/wp-content\\\/uploads\\\/2022\\\/06\\\/miamibeach-logoblue.png\",\"width\":1962,\"height\":381,\"caption\":\"City of Miami Beach\"},\"image\":{\"@id\":\"https:\\\/\\\/www.miamibeachfl.gov\\\/#\\\/schema\\\/logo\\\/image\\\/\"},\"sameAs\":[\"https:\\\/\\\/www.facebook.com\\\/cityofmiamibeach\",\"https:\\\/\\\/x.com\\\/Miamibeachnews\",\"https:\\\/\\\/www.instagram.com\\\/miamibeachnews\\\/\"],\"description\":\"The official website of the City of Miami Beach. Stay informed, find important information on city services, news, alerts, events, trolley routes, government employment and more.\",\"telephone\":\"305.604.CITY(2489)\",\"legalName\":\"City of Miami Beach\"}]}<\/script>\n<!-- \/ Yoast SEO Premium plugin. -->","yoast_head_json":{"title":"Miami Beach celebra el Mes de la Tierra - Ciudad de Miami Beach","description":"%","robots":{"index":"index","follow":"follow","max-snippet":"max-snippet:-1","max-image-preview":"max-image-preview:large","max-video-preview":"max-video-preview:-1"},"canonical":"https:\/\/www.miamibeachfl.gov\/es\/spotlight\/april-2023-business-spotlight-copy-copy\/","og_locale":"es_ES","og_type":"article","og_title":"Miami Beach Celebrates Earth Month","og_description":"%","og_url":"https:\/\/www.miamibeachfl.gov\/es\/spotlight\/april-2023-business-spotlight-copy-copy\/","og_site_name":"City of Miami Beach","article_publisher":"https:\/\/www.facebook.com\/cityofmiamibeach","article_modified_time":"2025-06-03T02:10:55+00:00","og_image":[{"url":"https:\/\/www.miamibeachfl.gov\/wp-content\/uploads\/2023\/04\/1.26-MBCC-Sustainability-Highlight-Linkedin.png","type":"","width":"","height":""}],"twitter_card":"summary_large_image","twitter_site":"@Miamibeachnews","schema":{"@context":"https:\/\/schema.org","@graph":[{"@type":"WebPage","@id":"https:\/\/www.miamibeachfl.gov\/spotlight\/april-2023-business-spotlight-copy-copy\/","url":"https:\/\/www.miamibeachfl.gov\/spotlight\/april-2023-business-spotlight-copy-copy\/","name":"Miami Beach celebra el Mes de la Tierra - Ciudad de Miami Beach","isPartOf":{"@id":"https:\/\/www.miamibeachfl.gov\/#website"},"primaryImageOfPage":{"@id":"https:\/\/www.miamibeachfl.gov\/spotlight\/april-2023-business-spotlight-copy-copy\/#primaryimage"},"image":{"@id":"https:\/\/www.miamibeachfl.gov\/spotlight\/april-2023-business-spotlight-copy-copy\/#primaryimage"},"thumbnailUrl":"https:\/\/www.miamibeachfl.gov\/wp-content\/uploads\/2023\/04\/1.26-MBCC-Sustainability-Highlight-Linkedin.png","datePublished":"2023-04-03T15:01:55+00:00","dateModified":"2025-06-03T02:10:55+00:00","description":"%","breadcrumb":{"@id":"https:\/\/www.miamibeachfl.gov\/spotlight\/april-2023-business-spotlight-copy-copy\/#breadcrumb"},"inLanguage":"es","potentialAction":[{"@type":"ReadAction","target":["https:\/\/www.miamibeachfl.gov\/spotlight\/april-2023-business-spotlight-copy-copy\/"]}]},{"@type":"ImageObject","inLanguage":"es","@id":"https:\/\/www.miamibeachfl.gov\/spotlight\/april-2023-business-spotlight-copy-copy\/#primaryimage","url":"https:\/\/www.miamibeachfl.gov\/wp-content\/uploads\/2023\/04\/1.26-MBCC-Sustainability-Highlight-Linkedin.png","contentUrl":"https:\/\/www.miamibeachfl.gov\/wp-content\/uploads\/2023\/04\/1.26-MBCC-Sustainability-Highlight-Linkedin.png"},{"@type":"BreadcrumbList","@id":"https:\/\/www.miamibeachfl.gov\/spotlight\/april-2023-business-spotlight-copy-copy\/#breadcrumb","itemListElement":[{"@type":"ListItem","position":1,"name":"Home","item":"https:\/\/www.miamibeachfl.gov\/"},{"@type":"ListItem","position":2,"name":"Business Newsletters and Spotlights","item":"https:\/\/www.miamibeachfl.gov\/spotlight\/"},{"@type":"ListItem","position":3,"name":"Miami Beach Celebrates Earth Month"}]},{"@type":"WebSite","@id":"https:\/\/www.miamibeachfl.gov\/#website","url":"https:\/\/www.miamibeachfl.gov\/","name":"Ciudad de Miami Beach","description":"Sitio web oficial de la Ciudad de Miami Beach. Mant\u00e9ngase informado, encuentre informaci\u00f3n importante sobre servicios municipales, noticias, alertas, eventos, rutas de tranv\u00edas, empleos gubernamentales y m\u00e1s.","publisher":{"@id":"https:\/\/www.miamibeachfl.gov\/#organization"},"potentialAction":[{"@type":"SearchAction","target":{"@type":"EntryPoint","urlTemplate":"https:\/\/www.miamibeachfl.gov\/?s={search_term_string}"},"query-input":{"@type":"PropertyValueSpecification","valueRequired":true,"valueName":"search_term_string"}}],"inLanguage":"es"},{"@type":"Organization","@id":"https:\/\/www.miamibeachfl.gov\/#organization","name":"Ciudad de Miami Beach","url":"https:\/\/www.miamibeachfl.gov\/","logo":{"@type":"ImageObject","inLanguage":"es","@id":"https:\/\/www.miamibeachfl.gov\/#\/schema\/logo\/image\/","url":"https:\/\/www.miamibeachfl.gov\/wp-content\/uploads\/2022\/06\/miamibeach-logoblue.png","contentUrl":"https:\/\/www.miamibeachfl.gov\/wp-content\/uploads\/2022\/06\/miamibeach-logoblue.png","width":1962,"height":381,"caption":"City of Miami Beach"},"image":{"@id":"https:\/\/www.miamibeachfl.gov\/#\/schema\/logo\/image\/"},"sameAs":["https:\/\/www.facebook.com\/cityofmiamibeach","https:\/\/x.com\/Miamibeachnews","https:\/\/www.instagram.com\/miamibeachnews\/"],"description":"Sitio web oficial de la Ciudad de Miami Beach. Mant\u00e9ngase informado, encuentre informaci\u00f3n importante sobre servicios municipales, noticias, alertas, eventos, rutas de tranv\u00edas, empleos gubernamentales y m\u00e1s.","telephone":"305.604.CITY(2489)","legalName":"City of Miami Beach"}]}},"_links":{"self":[{"href":"https:\/\/www.miamibeachfl.gov\/es\/wp-json\/wp\/v2\/pages\/254811","targetHints":{"allow":["GET"]}}],"collection":[{"href":"https:\/\/www.miamibeachfl.gov\/es\/wp-json\/wp\/v2\/pages"}],"about":[{"href":"https:\/\/www.miamibeachfl.gov\/es\/wp-json\/wp\/v2\/types\/page"}],"author":[{"embeddable":true,"href":"https:\/\/www.miamibeachfl.gov\/es\/wp-json\/wp\/v2\/users\/222"}],"replies":[{"embeddable":true,"href":"https:\/\/www.miamibeachfl.gov\/es\/wp-json\/wp\/v2\/comments?post=254811"}],"version-history":[{"count":1,"href":"https:\/\/www.miamibeachfl.gov\/es\/wp-json\/wp\/v2\/pages\/254811\/revisions"}],"predecessor-version":[{"id":375076,"href":"https:\/\/www.miamibeachfl.gov\/es\/wp-json\/wp\/v2\/pages\/254811\/revisions\/375076"}],"up":[{"embeddable":true,"href":"https:\/\/www.miamibeachfl.gov\/es\/wp-json\/wp\/v2\/pages\/253255"}],"wp:attachment":[{"href":"https:\/\/www.miamibeachfl.gov\/es\/wp-json\/wp\/v2\/media?parent=254811"}],"wp:term":[{"taxonomy":"category","embeddable":true,"href":"https:\/\/www.miamibeachfl.gov\/es\/wp-json\/wp\/v2\/categories?post=254811"},{"taxonomy":"post_tag","embeddable":true,"href":"https:\/\/www.miamibeachfl.gov\/es\/wp-json\/wp\/v2\/tags?post=254811"}],"curies":[{"name":"gracias","href":"https:\/\/api.w.org\/{rel}","templated":true}]}}