{"id":255558,"date":"2023-04-04T14:05:30","date_gmt":"2023-04-04T18:05:30","guid":{"rendered":"https:\/\/www.miamibeachfl.gov\/?page_id=255558"},"modified":"2026-04-01T11:41:26","modified_gmt":"2026-04-01T15:41:26","slug":"indian-creek-drive-seawall-project","status":"publish","type":"page","link":"https:\/\/www.miamibeachfl.gov\/es\/projects\/indian-creek-drive-seawall-project\/","title":{"rendered":"Proyecto del malec\u00f3n de Indian Creek Drive"},"content":{"rendered":"<h3>\n\t\t\tProyecto del malec\u00f3n de Indian Creek Drive\t<\/h3>\n\t<p>La ciudad de Miami Beach est\u00e1 rodeada por 88 kil\u00f3metros de malec\u00f3n. De ese espacio, solo 8 kil\u00f3metros son de propiedad p\u00fablica. Los esfuerzos para elevar y reemplazar secciones de malecones son pasos hacia un frente costero m\u00e1s resiliente para nuestra ciudad en su conjunto. Los malecones con mayor altura ayudar\u00e1n a mitigar los efectos generales de las inundaciones por mareas y el aumento del nivel del mar.<\/p>\n\t\t<h3>\t\n\tActualizaciones del proyecto<\/h3>\t\n\t\t\t\t\t\t\t\t<a href=\"#\" id=\"fl-tabs--label-0\" data-index=\"0\" aria-selected=\"true\" aria-controls=\"fl-tabs--panel-0\" aria-expanded=\"true\" role=\"tab\" tabindex=\"0\">\t\t\t\tNUEVAS ACTUALIZACIONES\t\t\t\t<\/a>\n\t\t\t\t\t\t\t\t<a href=\"#\" id=\"fl-tabs--label-1\" data-index=\"1\" aria-selected=\"false\" aria-controls=\"fl-tabs--panel-1\" aria-expanded=\"false\" role=\"tab\" tabindex=\"0\">\t\t\t\tACTUALIZACIONES PASADAS\t\t\t\t<\/a>\n\t\t\t\t\t\tNUEVAS ACTUALIZACIONES\n\t\t\t\t\t\t\t\t\t\t\t<p><a href=\"https:\/\/conta.cc\/44XKt8x\"><strong>Asesor\u00eda de Proyecto \u2013 22\/09\/2023<\/strong><\/a><\/p>\n<p><strong><a href=\"https:\/\/conta.cc\/45KCInD\">Asesoramiento de proyectos \u2013 9.8.23<\/a><\/strong><\/p>\n<p><a href=\"https:\/\/conta.cc\/3QUqKmz\"><strong>Asesor\u00eda de Proyecto \u2013 25\/08\/2023<\/strong><\/a><\/p>\n<p><strong><a href=\"https:\/\/conta.cc\/3OqjNqC\">Asesoramiento del proyecto \u2013 8.11.23<\/a><\/strong><\/p>\n<p><strong><a href=\"https:\/\/conta.cc\/455q3Lm\">Asesor\u00eda de Proyecto \u2013 28\/7\/23<\/a><\/strong><\/p>\n\t\t\t\t\t\tACTUALIZACIONES PASADAS\n\t\t\t\t\t\t\t\t\t\t\t<p><strong><a href=\"https:\/\/conta.cc\/3XQqSVE\">Asesor\u00eda de Proyecto \u2013 14\/7\/23<\/a><\/strong><\/p>\n<p><strong><a href=\"https:\/\/conta.cc\/3J6MNSi\">Asesoramiento de proyectos \u2013 6.9.23<\/a><\/strong><\/p>\n<p><strong><a href=\"https:\/\/conta.cc\/3MsoTSg\">Asesor\u00eda de Proyecto \u2013 26\/5\/2023<\/a><\/strong><\/p>\n<p><strong><a href=\"https:\/\/conta.cc\/3MisuDv\">Asesoramiento de proyectos \u2013 5.12.23<\/a><\/strong><\/p>\n<p><strong><a href=\"https:\/\/conta.cc\/3KzYLoY\">Asesor\u00eda de Proyecto \u2013 24\/3\/2023<\/a><\/strong><\/p>\n<p><strong><a href=\"https:\/\/conta.cc\/40Xn0m8\">Asesoramiento de proyectos \u2013 3.3.23<\/a><\/strong><\/p>\n<p><strong><a href=\"https:\/\/conta.cc\/3K6oROR\">Asesoramiento de proyectos \u2013 17\/02\/2023<\/a><\/strong><\/p>\n<p><strong><a href=\"https:\/\/conta.cc\/3zt95bU\">Asesoramiento de proyectos \u2013 2.1.23<\/a><\/strong><\/p>\n<p><strong><a href=\"https:\/\/conta.cc\/3lZVKEZ\">Asesor\u00eda de Proyecto \u2013 25\/01\/2023<\/a><\/strong><\/p>\n<p><strong><a href=\"https:\/\/conta.cc\/40UOcSu\">Asesoramiento del proyecto \u2013 1.13.23<\/a><\/strong><\/p>\n<p><strong><a href=\"https:\/\/conta.cc\/3UcCK2r\">Asesoramiento de proyectos \u2013 1.6.23<\/a><\/strong><\/p>\n<p><strong><a href=\"https:\/\/conta.cc\/3UgsIgP\">Asesor\u00eda de Proyecto \u2013 16\/12\/2022<\/a><\/strong><\/p>\n<p><strong><a href=\"https:\/\/conta.cc\/3K4hlE2\">Asesoramiento del proyecto \u2013 12.2.22<\/a><\/strong><\/p>\n<p><strong><a href=\"https:\/\/conta.cc\/3m9HOrV\">Asesor\u00eda de Proyecto \u2013 18\/11\/22<\/a><\/strong><\/p>\n<p><strong><a href=\"https:\/\/conta.cc\/3GcdS5h\">Asesor\u00eda de Proyecto \u2013 14\/11\/22<\/a><\/strong><\/p>\n<p><strong><a href=\"https:\/\/conta.cc\/411AYDs\">Asesoramiento del proyecto \u2013 11.4.22<\/a><\/strong><\/p>\n<p><strong><a href=\"https:\/\/conta.cc\/3K7h8A1\">Asesor\u00eda de Proyecto \u2013 28\/10\/22<\/a><\/strong><\/p>\n<p><strong><a href=\"https:\/\/conta.cc\/3MyuNDd\">Asesor\u00eda de Proyecto \u2013 21\/10\/22<\/a><\/strong><\/p>\n<p><a href=\"https:\/\/conta.cc\/3MlWdvX\"><strong>Asesor\u00eda de Proyecto \u2013 14\/10\/22<\/strong><\/a><\/p>\n<p><strong><a href=\"https:\/\/conta.cc\/3UcvpQG\">Asesoramiento del proyecto \u2013 10.7.22<\/a><\/strong><\/p>\n<p><strong><a href=\"https:\/\/conta.cc\/3UcuDmK\">Asesor\u00eda de Proyectos \u2013 9.30.22<\/a><\/strong><\/p>\n<p><strong><a href=\"https:\/\/conta.cc\/3KzEqA5\">Asesoramiento de proyectos \u2013 23\/09\/22<\/a><\/strong><\/p>\n<p><strong><a href=\"https:\/\/conta.cc\/3zwGh2b\">Asesoramiento de proyectos \u2013 16\/09\/2022<\/a><\/strong><\/p>\n<p><strong><a href=\"https:\/\/conta.cc\/3Kdbzjk\">Asesoramiento de proyectos \u2013 9.2.22<\/a><\/strong><\/p>\n<p><strong><a href=\"https:\/\/conta.cc\/40FOcGm\">Asesoramiento de proyectos \u2013 26\/08\/22<\/a><\/strong><\/p>\n<p><strong><a href=\"https:\/\/conta.cc\/3GfrPzg\">Asesoramiento de proyectos \u2013 19\/08\/2022<\/a><\/strong><\/p>\n<p><strong><a href=\"https:\/\/conta.cc\/3zvB5LV\">Asesoramiento del proyecto \u2013 8.12.22<\/a><\/strong><\/p>\n<p><strong><a href=\"https:\/\/conta.cc\/3K6iT0p\">Asesoramiento de proyectos \u2013 8.5.22<\/a><\/strong><\/p>\n<p><strong><a href=\"https:\/\/conta.cc\/40DUpSZ\">Asesor\u00eda de Proyecto \u2013 29\/7\/22<\/a><\/strong><\/p>\n<p><strong><a href=\"https:\/\/conta.cc\/414qGml\">Asesor\u00eda de Proyecto \u2013 22\/7\/22<\/a><\/strong><\/p>\n<p><strong><a href=\"https:\/\/conta.cc\/3GhcOwP\">Asesoramiento de proyectos \u2013 15\/7\/22<\/a><\/strong><\/p>\n<p><strong><a href=\"https:\/\/conta.cc\/42XjABE\">Asesoramiento de proyectos \u2013 7.8.22<\/a><\/strong><\/p>\n<p><strong><a href=\"https:\/\/conta.cc\/3m54Fom\">Asesoramiento de proyectos \u2013 7.1.22<\/a><\/strong><\/p>\n<p><strong><a href=\"https:\/\/conta.cc\/435W0Tl\">Asesoramiento de proyectos \u2013 24\/06\/22<\/a><\/strong><\/p>\n<p><strong><a href=\"https:\/\/conta.cc\/412XagL\">Asesoramiento de proyectos \u2013 6.10.22<\/a><\/strong><\/p>\n<p><strong><a href=\"https:\/\/conta.cc\/3ZJ4QDH\">Asesoramiento de proyectos \u2013 6.3.22<\/a><\/strong><\/p>\n<p><strong><a href=\"https:\/\/conta.cc\/40Sqeri\">Asesoramiento de proyectos \u2013 27\/05\/2022<\/a><\/strong><\/p>\n<p><strong><a href=\"https:\/\/conta.cc\/3ztc0RV\">Asesoramiento del proyecto \u2013 5.12.22<\/a><\/strong><\/p>\n<p><strong><a href=\"https:\/\/conta.cc\/40HBjLQ\">Asesoramiento de proyectos \u2013 5.6.22<\/a><\/strong><\/p>\n\t\t<h3>\t\n\tPreguntas frecuentes (FAQ)<\/h3>\t\n\t\t\t\t\t<a href=\"#\"  id=\"fl-accordion--label-0\" tabindex=\"0\" aria-controls=\"fl-accordion--panel-0\">\u00bfCu\u00e1l es el prop\u00f3sito de este proyecto?<\/a>\n\t\t\t\t\t\t\t\t\t\t\t<a href=\"#\" id=\"fl-accordion--icon-0\"  tabindex=\"0\"><i title=\"Expandir\">Expandir<\/i><\/a>\n\t\t\t\t\t<p>Los esfuerzos para elevar y reemplazar secciones de malecones son pasos hacia un frente costero m\u00e1s resiliente para nuestra ciudad en su conjunto. Los malecones con mayor elevaci\u00f3n ayudar\u00e1n a mitigar los efectos generales de las inundaciones por mareas y el aumento del nivel del mar. Si bien la ciudad proporciona informaci\u00f3n e incentivos a los propietarios privados para elevar y reemplazar sus malecones, simult\u00e1neamente trabajamos para elevar y reemplazar las secciones p\u00fablicas de malecones en toda la ciudad.<\/p>\n\t\t\t\t\t<a href=\"#\"  id=\"fl-accordion--label-1\" tabindex=\"0\" aria-controls=\"fl-accordion--panel-1\">\u00bfDonde se llevar\u00e1 a cabo este proyecto?<\/a>\n\t\t\t\t\t\t\t\t\t\t\t<a href=\"#\" id=\"fl-accordion--icon-1\"  tabindex=\"0\"><i title=\"Expandir\">Expandir<\/i><\/a>\n\t\t\t\t\t<p>Se est\u00e1 construyendo un nuevo malec\u00f3n a lo largo de Indian Creek Drive, entre las calles 41 y 29. El contratista comenz\u00f3 la construcci\u00f3n cerca de la calle 41 y est\u00e1 trabajando hacia el sur.<\/p>\n\t\t\t\t\t<a href=\"#\"  id=\"fl-accordion--label-2\" tabindex=\"0\" aria-controls=\"fl-accordion--panel-2\">\u00bfCu\u00e1l es el cronograma del proyecto?<\/a>\n\t\t\t\t\t\t\t\t\t\t\t<a href=\"#\" id=\"fl-accordion--icon-2\"  tabindex=\"0\"><i title=\"Expandir\">Expandir<\/i><\/a>\n\t\t\t\t\t<p>Se espera que esta fase del proyecto finalice para el verano de 2023. El horario de construcci\u00f3n es de lunes a viernes de 7:00 a. m. a 5:00 p. m. El horario extendido est\u00e1 sujeto a la aprobaci\u00f3n de la ciudad y a la notificaci\u00f3n a la comunidad. Tenga en cuenta que este horario est\u00e1 sujeto a cambios debido al clima o circunstancias imprevistas.<\/p>\n<h3>\n\t\t\tPersonal del proyecto\t<\/h3>\n\t<hr \/>\n<h3><strong>Jefe de departamento<br \/>\nObras p\u00fablicas<\/strong><\/h3>\n<h3><strong>Director del Departamento<br \/>\n<\/strong><strong>Joe G\u00f3mez, PE<\/strong><\/h3>\n<h3><strong>Ingeniero de la ciudad<br \/>\n<\/strong><strong>Cristina Ortega, PE<\/strong><\/h3>\n<h3><strong>Ingeniero de proyectos<br \/>\n<\/strong><strong>Davidson Dalger<\/strong><\/h3>\n<h3><strong>Gerente de construcci\u00f3n<br \/>\n<\/strong><strong>Matthew LePera<\/strong><\/h3>\n<hr \/>\n<h3>Enlace de informaci\u00f3n p\u00fablica<br \/>\nHeather M. Leslie<br \/>\n<a href=\"mailto:heather@hmlpublicoutreach.com\">Heather@hmlpublicoutreach.com<\/a><\/h3>\n<h3>Coordinador de Asuntos Vecinales<br \/>\nGabriella Gonz\u00e1lez<br \/>\n<a href=\"mailto:GabriellaGonzalez@miamibeachfl.gov\">GabriellaGonzalez@miamibeachfl.gov<\/a><\/h3>\n<hr \/>\n<h3>Contratista<br \/>\nFundaci\u00f3n Shoreline, Inc.<\/h3>\n<h3>Consultor<br \/>\nIngenier\u00eda cromada, Inc.<\/h3>\n<h3>\n\t\t\tFondos\t<\/h3>\n\t\t<h3>\t\n\tPresupuesto total: $4.344.291,48<\/h3>\t\n<h3>\n\t\t\tEstado del proyecto\t<\/h3>\n\t\t<h3>\t\n\tConstrucci\u00f3n<\/h3>\t\n\t\t\t\t\t95%\t\t\t\t\n<h3>\n\t\t\tUbicaci\u00f3n\t<\/h3>\n\t<iframe src=\"https:\/\/www.google.com\/maps\/embed\/v1\/place?q=41+Street+%26+Indian+Creek+Drive%2C+Miami+Beach+FL&#038;key=AIzaSyD09zQ9PNDNNy9TadMuzRV_UsPUoWKntt8\" aria-hidden=\"true\" title=\"Mapa de Indian Creek Drive, Miami Beach\"><\/iframe>\n<h3>\n\t\t\tSolicitar m\u00e1s informaci\u00f3n\t<\/h3>\n\t\t<h3>\u00daltima actualizaci\u00f3n<\/h3><p>Noviembre de 2023<\/p>","protected":false},"excerpt":{"rendered":"<p>Proyecto del Malec\u00f3n de Indian Creek Drive. La ciudad de Miami Beach est\u00e1 rodeada por 88 kil\u00f3metros de malec\u00f3n. De ese espacio, [\u2026]<\/p>","protected":false},"author":256,"featured_media":0,"parent":397831,"menu_order":193,"comment_status":"closed","ping_status":"closed","template":"","meta":{"_searchwp_excluded":"","site-sidebar-layout":"default","site-content-layout":"","ast-site-content-layout":"default","site-content-style":"default","site-sidebar-style":"default","ast-global-header-display":"","ast-banner-title-visibility":"","ast-main-header-display":"","ast-hfb-above-header-display":"","ast-hfb-below-header-display":"","ast-hfb-mobile-header-display":"","site-post-title":"","ast-breadcrumbs-content":"","ast-featured-img":"","footer-sml-layout":"","theme-transparent-header-meta":"","adv-header-id-meta":"","stick-header-meta":"","header-above-stick-meta":"","header-main-stick-meta":"","header-below-stick-meta":"","astra-migrate-meta-layouts":"default","ast-page-background-enabled":"default","ast-page-background-meta":{"desktop":{"background-color":"var(--ast-global-color-5)","background-image":"","background-repeat":"repeat","background-position":"center center","background-size":"auto","background-attachment":"scroll","background-type":"","background-media":"","overlay-type":"","overlay-color":"","overlay-opacity":"","overlay-gradient":""},"tablet":{"background-color":"","background-image":"","background-repeat":"repeat","background-position":"center center","background-size":"auto","background-attachment":"scroll","background-type":"","background-media":"","overlay-type":"","overlay-color":"","overlay-opacity":"","overlay-gradient":""},"mobile":{"background-color":"","background-image":"","background-repeat":"repeat","background-position":"center center","background-size":"auto","background-attachment":"scroll","background-type":"","background-media":"","overlay-type":"","overlay-color":"","overlay-opacity":"","overlay-gradient":""}},"ast-content-background-meta":{"desktop":{"background-color":"var(--ast-global-color-4)","background-image":"","background-repeat":"repeat","background-position":"center center","background-size":"auto","background-attachment":"scroll","background-type":"","background-media":"","overlay-type":"","overlay-color":"","overlay-opacity":"","overlay-gradient":""},"tablet":{"background-color":"var(--ast-global-color-4)","background-image":"","background-repeat":"repeat","background-position":"center center","background-size":"auto","background-attachment":"scroll","background-type":"","background-media":"","overlay-type":"","overlay-color":"","overlay-opacity":"","overlay-gradient":""},"mobile":{"background-color":"var(--ast-global-color-4)","background-image":"","background-repeat":"repeat","background-position":"center center","background-size":"auto","background-attachment":"scroll","background-type":"","background-media":"","overlay-type":"","overlay-color":"","overlay-opacity":"","overlay-gradient":""}},"footnotes":""},"categories":[],"tags":[],"class_list":["post-255558","page","type-page","status-publish","hentry"],"yoast_head":"<!-- This site is optimized with the Yoast SEO Premium plugin v26.6 (Yoast SEO v26.6) - https:\/\/yoast.com\/wordpress\/plugins\/seo\/ -->\n<title>Indian Creek Drive Seawall Project - City of Miami Beach<\/title>\n<meta name=\"description\" content=\"%\" \/>\n<meta name=\"robots\" content=\"index, follow, max-snippet:-1, max-image-preview:large, max-video-preview:-1\" \/>\n<link rel=\"canonical\" href=\"https:\/\/www.miamibeachfl.gov\/es\/projects\/indian-creek-drive-seawall-project\/\" \/>\n<meta property=\"og:locale\" content=\"es_ES\" \/>\n<meta property=\"og:type\" content=\"article\" \/>\n<meta property=\"og:title\" content=\"Indian Creek Drive Seawall Project\" \/>\n<meta property=\"og:description\" content=\"%\" \/>\n<meta property=\"og:url\" content=\"https:\/\/www.miamibeachfl.gov\/es\/projects\/indian-creek-drive-seawall-project\/\" \/>\n<meta property=\"og:site_name\" content=\"City of Miami Beach\" \/>\n<meta property=\"article:publisher\" content=\"https:\/\/www.facebook.com\/cityofmiamibeach\" \/>\n<meta property=\"article:modified_time\" content=\"2026-04-01T15:41:26+00:00\" \/>\n<meta property=\"og:image\" content=\"https:\/\/www.miamibeachfl.gov\/wp-content\/uploads\/2024\/01\/1000pxSquare-miamibeach-aerial-southpointview.jpeg\" \/>\n\t<meta property=\"og:image:width\" content=\"1000\" \/>\n\t<meta property=\"og:image:height\" content=\"1000\" \/>\n\t<meta property=\"og:image:type\" content=\"image\/jpeg\" \/>\n<meta name=\"twitter:card\" content=\"summary_large_image\" \/>\n<meta name=\"twitter:site\" content=\"@Miamibeachnews\" \/>\n<script type=\"application\/ld+json\" class=\"yoast-schema-graph\">{\"@context\":\"https:\/\/schema.org\",\"@graph\":[{\"@type\":\"WebPage\",\"@id\":\"https:\/\/www.miamibeachfl.gov\/projects\/indian-creek-drive-seawall-project\/\",\"url\":\"https:\/\/www.miamibeachfl.gov\/projects\/indian-creek-drive-seawall-project\/\",\"name\":\"Indian Creek Drive Seawall Project - City of Miami Beach\",\"isPartOf\":{\"@id\":\"https:\/\/www.miamibeachfl.gov\/#website\"},\"datePublished\":\"2023-04-04T18:05:30+00:00\",\"dateModified\":\"2026-04-01T15:41:26+00:00\",\"description\":\"%\",\"breadcrumb\":{\"@id\":\"https:\/\/www.miamibeachfl.gov\/projects\/indian-creek-drive-seawall-project\/#breadcrumb\"},\"inLanguage\":\"es\",\"potentialAction\":[{\"@type\":\"ReadAction\",\"target\":[\"https:\/\/www.miamibeachfl.gov\/projects\/indian-creek-drive-seawall-project\/\"]}]},{\"@type\":\"BreadcrumbList\",\"@id\":\"https:\/\/www.miamibeachfl.gov\/projects\/indian-creek-drive-seawall-project\/#breadcrumb\",\"itemListElement\":[{\"@type\":\"ListItem\",\"position\":1,\"name\":\"Home\",\"item\":\"https:\/\/www.miamibeachfl.gov\/\"},{\"@type\":\"ListItem\",\"position\":2,\"name\":\"Projects\",\"item\":\"https:\/\/www.miamibeachfl.gov\/projects\/\"},{\"@type\":\"ListItem\",\"position\":3,\"name\":\"Indian Creek Drive Seawall Project\"}]},{\"@type\":\"WebSite\",\"@id\":\"https:\/\/www.miamibeachfl.gov\/#website\",\"url\":\"https:\/\/www.miamibeachfl.gov\/\",\"name\":\"City of Miami Beach\",\"description\":\"The official website of the City of Miami Beach. Stay informed, find important information on city services, news, alerts, events, trolley routes, government employment and more.\",\"publisher\":{\"@id\":\"https:\/\/www.miamibeachfl.gov\/#organization\"},\"potentialAction\":[{\"@type\":\"SearchAction\",\"target\":{\"@type\":\"EntryPoint\",\"urlTemplate\":\"https:\/\/www.miamibeachfl.gov\/?s={search_term_string}\"},\"query-input\":{\"@type\":\"PropertyValueSpecification\",\"valueRequired\":true,\"valueName\":\"search_term_string\"}}],\"inLanguage\":\"es\"},{\"@type\":\"Organization\",\"@id\":\"https:\/\/www.miamibeachfl.gov\/#organization\",\"name\":\"City of Miami Beach\",\"url\":\"https:\/\/www.miamibeachfl.gov\/\",\"logo\":{\"@type\":\"ImageObject\",\"inLanguage\":\"es\",\"@id\":\"https:\/\/www.miamibeachfl.gov\/#\/schema\/logo\/image\/\",\"url\":\"https:\/\/www.miamibeachfl.gov\/wp-content\/uploads\/2022\/06\/miamibeach-logoblue.png\",\"contentUrl\":\"https:\/\/www.miamibeachfl.gov\/wp-content\/uploads\/2022\/06\/miamibeach-logoblue.png\",\"width\":1962,\"height\":381,\"caption\":\"City of Miami Beach\"},\"image\":{\"@id\":\"https:\/\/www.miamibeachfl.gov\/#\/schema\/logo\/image\/\"},\"sameAs\":[\"https:\/\/www.facebook.com\/cityofmiamibeach\",\"https:\/\/x.com\/Miamibeachnews\",\"https:\/\/www.instagram.com\/miamibeachnews\/\"],\"description\":\"The official website of the City of Miami Beach. Stay informed, find important information on city services, news, alerts, events, trolley routes, government employment and more.\",\"telephone\":\"305.604.CITY(2489)\",\"legalName\":\"City of Miami Beach\"}]}<\/script>\n<!-- \/ Yoast SEO Premium plugin. -->","yoast_head_json":{"title":"Proyecto del malec\u00f3n de Indian Creek Drive - Ciudad de Miami Beach","description":"%","robots":{"index":"index","follow":"follow","max-snippet":"max-snippet:-1","max-image-preview":"max-image-preview:large","max-video-preview":"max-video-preview:-1"},"canonical":"https:\/\/www.miamibeachfl.gov\/es\/projects\/indian-creek-drive-seawall-project\/","og_locale":"es_ES","og_type":"article","og_title":"Indian Creek Drive Seawall Project","og_description":"%","og_url":"https:\/\/www.miamibeachfl.gov\/es\/projects\/indian-creek-drive-seawall-project\/","og_site_name":"City of Miami Beach","article_publisher":"https:\/\/www.facebook.com\/cityofmiamibeach","article_modified_time":"2026-04-01T15:41:26+00:00","og_image":[{"width":1000,"height":1000,"url":"https:\/\/www.miamibeachfl.gov\/wp-content\/uploads\/2024\/01\/1000pxSquare-miamibeach-aerial-southpointview.jpeg","type":"image\/jpeg"}],"twitter_card":"summary_large_image","twitter_site":"@Miamibeachnews","schema":{"@context":"https:\/\/schema.org","@graph":[{"@type":"WebPage","@id":"https:\/\/www.miamibeachfl.gov\/projects\/indian-creek-drive-seawall-project\/","url":"https:\/\/www.miamibeachfl.gov\/projects\/indian-creek-drive-seawall-project\/","name":"Proyecto del malec\u00f3n de Indian Creek Drive - Ciudad de Miami Beach","isPartOf":{"@id":"https:\/\/www.miamibeachfl.gov\/#website"},"datePublished":"2023-04-04T18:05:30+00:00","dateModified":"2026-04-01T15:41:26+00:00","description":"%","breadcrumb":{"@id":"https:\/\/www.miamibeachfl.gov\/projects\/indian-creek-drive-seawall-project\/#breadcrumb"},"inLanguage":"es","potentialAction":[{"@type":"ReadAction","target":["https:\/\/www.miamibeachfl.gov\/projects\/indian-creek-drive-seawall-project\/"]}]},{"@type":"BreadcrumbList","@id":"https:\/\/www.miamibeachfl.gov\/projects\/indian-creek-drive-seawall-project\/#breadcrumb","itemListElement":[{"@type":"ListItem","position":1,"name":"Home","item":"https:\/\/www.miamibeachfl.gov\/"},{"@type":"ListItem","position":2,"name":"Projects","item":"https:\/\/www.miamibeachfl.gov\/projects\/"},{"@type":"ListItem","position":3,"name":"Indian Creek Drive Seawall Project"}]},{"@type":"WebSite","@id":"https:\/\/www.miamibeachfl.gov\/#website","url":"https:\/\/www.miamibeachfl.gov\/","name":"Ciudad de Miami Beach","description":"Sitio web oficial de la Ciudad de Miami Beach. Mant\u00e9ngase informado, encuentre informaci\u00f3n importante sobre servicios municipales, noticias, alertas, eventos, rutas de tranv\u00edas, empleos gubernamentales y m\u00e1s.","publisher":{"@id":"https:\/\/www.miamibeachfl.gov\/#organization"},"potentialAction":[{"@type":"SearchAction","target":{"@type":"EntryPoint","urlTemplate":"https:\/\/www.miamibeachfl.gov\/?s={search_term_string}"},"query-input":{"@type":"PropertyValueSpecification","valueRequired":true,"valueName":"search_term_string"}}],"inLanguage":"es"},{"@type":"Organization","@id":"https:\/\/www.miamibeachfl.gov\/#organization","name":"Ciudad de Miami Beach","url":"https:\/\/www.miamibeachfl.gov\/","logo":{"@type":"ImageObject","inLanguage":"es","@id":"https:\/\/www.miamibeachfl.gov\/#\/schema\/logo\/image\/","url":"https:\/\/www.miamibeachfl.gov\/wp-content\/uploads\/2022\/06\/miamibeach-logoblue.png","contentUrl":"https:\/\/www.miamibeachfl.gov\/wp-content\/uploads\/2022\/06\/miamibeach-logoblue.png","width":1962,"height":381,"caption":"City of Miami Beach"},"image":{"@id":"https:\/\/www.miamibeachfl.gov\/#\/schema\/logo\/image\/"},"sameAs":["https:\/\/www.facebook.com\/cityofmiamibeach","https:\/\/x.com\/Miamibeachnews","https:\/\/www.instagram.com\/miamibeachnews\/"],"description":"Sitio web oficial de la Ciudad de Miami Beach. Mant\u00e9ngase informado, encuentre informaci\u00f3n importante sobre servicios municipales, noticias, alertas, eventos, rutas de tranv\u00edas, empleos gubernamentales y m\u00e1s.","telephone":"305.604.CITY(2489)","legalName":"City of Miami Beach"}]}},"_links":{"self":[{"href":"https:\/\/www.miamibeachfl.gov\/es\/wp-json\/wp\/v2\/pages\/255558","targetHints":{"allow":["GET"]}}],"collection":[{"href":"https:\/\/www.miamibeachfl.gov\/es\/wp-json\/wp\/v2\/pages"}],"about":[{"href":"https:\/\/www.miamibeachfl.gov\/es\/wp-json\/wp\/v2\/types\/page"}],"author":[{"embeddable":true,"href":"https:\/\/www.miamibeachfl.gov\/es\/wp-json\/wp\/v2\/users\/256"}],"replies":[{"embeddable":true,"href":"https:\/\/www.miamibeachfl.gov\/es\/wp-json\/wp\/v2\/comments?post=255558"}],"version-history":[{"count":0,"href":"https:\/\/www.miamibeachfl.gov\/es\/wp-json\/wp\/v2\/pages\/255558\/revisions"}],"up":[{"embeddable":true,"href":"https:\/\/www.miamibeachfl.gov\/es\/wp-json\/wp\/v2\/pages\/397831"}],"wp:attachment":[{"href":"https:\/\/www.miamibeachfl.gov\/es\/wp-json\/wp\/v2\/media?parent=255558"}],"wp:term":[{"taxonomy":"category","embeddable":true,"href":"https:\/\/www.miamibeachfl.gov\/es\/wp-json\/wp\/v2\/categories?post=255558"},{"taxonomy":"post_tag","embeddable":true,"href":"https:\/\/www.miamibeachfl.gov\/es\/wp-json\/wp\/v2\/tags?post=255558"}],"curies":[{"name":"gracias","href":"https:\/\/api.w.org\/{rel}","templated":true}]}}