{"id":257821,"date":"2023-04-17T15:46:30","date_gmt":"2023-04-17T19:46:30","guid":{"rendered":"https:\/\/www.miamibeachfl.gov\/?page_id=257821"},"modified":"2025-05-28T11:21:16","modified_gmt":"2025-05-28T15:21:16","slug":"melissa-berthier","status":"publish","type":"page","link":"https:\/\/www.miamibeachfl.gov\/es\/city-hall\/communications\/melissa-berthier\/","title":{"rendered":"Melissa Berthier <br><span style=\"font-size:18px\">Director de Marketing y Comunicaciones<\/span>"},"content":{"rendered":"<h1>\n\t\t\tMelissa Berthier\t<\/h1>\n<h2>\n\t\t\tDirector\t<\/h2>\nMen\u00fa\t\t\t\n\t\t\t\t\t<ul id=\"menu-marketing-and-communications\"><li id=\"menu-item-257918\"><a href=\"\/es\/city-hall\/communications\/\">Marketing y comunicaciones<\/a><\/li>\n<li id=\"menu-item-257919\"><a href=\"\/es\/city-hall\/communications\/press-releases\/\">Comunicados de prensa<\/a><\/li>\n<li id=\"menu-item-257920\"><a href=\"\/es\/city-hall\/communications\/advertising-rates\/\">Tarifas de publicidad<\/a><\/li>\n<li id=\"menu-item-257921\"><a href=\"\/es\/city-hall\/communications\/subscriptions\/\">Suscripciones<\/a><\/li>\n<li id=\"menu-item-257922\"><a href=\"\/es\/city-hall\/communications\/logos\/\">Solicitar un logotipo<\/a><\/li>\n<\/ul>\t\nMen\u00fa \u00d7\t\t\t\t\t\t<ul id=\"menu-marketing-and-communications-1\"><li id=\"menu-item-257918\"><a href=\"\/es\/city-hall\/communications\/\">Marketing y comunicaciones<\/a><\/li>\n<li id=\"menu-item-257919\"><a href=\"\/es\/city-hall\/communications\/press-releases\/\">Comunicados de prensa<\/a><\/li>\n<li id=\"menu-item-257920\"><a href=\"\/es\/city-hall\/communications\/advertising-rates\/\">Tarifas de publicidad<\/a><\/li>\n<li id=\"menu-item-257921\"><a href=\"\/es\/city-hall\/communications\/subscriptions\/\">Suscripciones<\/a><\/li>\n<li id=\"menu-item-257922\"><a href=\"\/es\/city-hall\/communications\/logos\/\">Solicitar un logotipo<\/a><\/li>\n<\/ul>\t\t\t\t\n\t\t\t\t<img decoding=\"async\" src=\"https:\/\/www.miamibeachfl.gov\/wp-content\/uploads\/bb-plugin\/cache\/IMG_1581Cropped-circle.jpg\" alt=\"Melissa Berthier\" title=\"IMG_1581Recortada\" itemprop=\"image\"\/>\n\t<p>La carrera de Melissa Berthier ha abarcado una variedad de industrias, desde organizaciones sin fines de lucro hasta revistas, belleza hasta transporte y, durante los \u00faltimos 11 a\u00f1os, el gobierno local.<\/p>\n<p>Berthier comenz\u00f3 a trabajar en la ciudad de Miami Beach en 2013 y ahora se desempe\u00f1a como su director de marketing y comunicaciones, supervisando todos los esfuerzos de comunicaci\u00f3n de la ciudad, incluido el enlace diario con los medios locales y nacionales, la gesti\u00f3n de un s\u00f3lido aparato de redes sociales y la supervisi\u00f3n de la producci\u00f3n de toda la programaci\u00f3n de video, as\u00ed como cientos de gr\u00e1ficos originales.<strong>.\u00a0<\/strong>Participa estrechamente en el importante trabajo de la Divisi\u00f3n de Asuntos Vecinales de la ciudad y se desempe\u00f1a como editora en jefe de la revista MB, la revista biling\u00fce trimestral de la isla urbana que constantemente se clasifica como la fuente n\u00famero uno de informaci\u00f3n para los residentes.<\/p>\n<p>Apasionada por la ciudad que considera su hogar, Berthier ha publicado iniciativas de Miami Beach en las principales publicaciones nacionales y noticieros de m\u00e1xima audiencia. Ha respondido a algunos de los desaf\u00edos m\u00e1s abrumadores de la ciudad, desde la COVID-19 hasta el zika, la subida del nivel del mar y los huracanes destructivos, complejas investigaciones policiales, atolladeros legales y la respuesta de la ciudad al derrumbe del edificio de Surfside.<\/p>\n<p>Berthier comenz\u00f3 su carrera en 2004 como miembro fundadora del Instituto de Liderazgo Hispano del Congreso, una organizaci\u00f3n sin fines de lucro con sede en Washington D. C. fundada por miembros de la C\u00e1mara de Representantes y el Senado de EE. UU. y varias empresas de la lista Fortune 500. Tras su trabajo en el Instituto, Berthier se convirti\u00f3 en gerente de asuntos corporativos de Editorial Televisa y posteriormente fue designada especialista en marketing de Bluemercury, una cadena de farmacias y spas con 100 establecimientos con sede en Washington D. C.<\/p>\n<p>Antes de regresar a su hogar en el sur de Florida, hizo una \u00faltima parada: el Metro de DC (Autoridad de Tr\u00e1nsito del \u00c1rea Metropolitana de Washington). Desempe\u00f1\u00f3 un papel crucial en la preparaci\u00f3n y ejecuci\u00f3n de la planificaci\u00f3n del transporte del Metro para la toma de posesi\u00f3n presidencial de 2009 y form\u00f3 parte del equipo de crisis tras el tr\u00e1gico descarrilamiento de la L\u00ednea Roja ese mismo a\u00f1o.<\/p>\n<p>Berthier maneja sus m\u00faltiples responsabilidades mientras cr\u00eda a sus dos hijas peque\u00f1as con su esposo en lo que ella considera la mejor ciudad del mundo.<\/p>","protected":false},"excerpt":{"rendered":"<p>Melissa Berthier Director Menu Marketing &#038; Communications Press Releases Advertising Rates Subscriptions Request a Logo Menu \u00d7 Marketing &#038; Communications [&hellip;]<\/p>\n","protected":false},"author":222,"featured_media":323038,"parent":28391,"menu_order":21,"comment_status":"closed","ping_status":"closed","template":"","meta":{"_searchwp_excluded":"","site-sidebar-layout":"default","site-content-layout":"","ast-site-content-layout":"default","site-content-style":"default","site-sidebar-style":"default","ast-global-header-display":"","ast-banner-title-visibility":"","ast-main-header-display":"","ast-hfb-above-header-display":"","ast-hfb-below-header-display":"","ast-hfb-mobile-header-display":"","site-post-title":"","ast-breadcrumbs-content":"","ast-featured-img":"","footer-sml-layout":"","theme-transparent-header-meta":"","adv-header-id-meta":"","stick-header-meta":"","header-above-stick-meta":"","header-main-stick-meta":"","header-below-stick-meta":"","astra-migrate-meta-layouts":"default","ast-page-background-enabled":"default","ast-page-background-meta":{"desktop":{"background-color":"var(--ast-global-color-5)","background-image":"","background-repeat":"repeat","background-position":"center center","background-size":"auto","background-attachment":"scroll","background-type":"","background-media":"","overlay-type":"","overlay-color":"","overlay-opacity":"","overlay-gradient":""},"tablet":{"background-color":"","background-image":"","background-repeat":"repeat","background-position":"center center","background-size":"auto","background-attachment":"scroll","background-type":"","background-media":"","overlay-type":"","overlay-color":"","overlay-opacity":"","overlay-gradient":""},"mobile":{"background-color":"","background-image":"","background-repeat":"repeat","background-position":"center center","background-size":"auto","background-attachment":"scroll","background-type":"","background-media":"","overlay-type":"","overlay-color":"","overlay-opacity":"","overlay-gradient":""}},"ast-content-background-meta":{"desktop":{"background-color":"var(--ast-global-color-4)","background-image":"","background-repeat":"repeat","background-position":"center center","background-size":"auto","background-attachment":"scroll","background-type":"","background-media":"","overlay-type":"","overlay-color":"","overlay-opacity":"","overlay-gradient":""},"tablet":{"background-color":"var(--ast-global-color-4)","background-image":"","background-repeat":"repeat","background-position":"center center","background-size":"auto","background-attachment":"scroll","background-type":"","background-media":"","overlay-type":"","overlay-color":"","overlay-opacity":"","overlay-gradient":""},"mobile":{"background-color":"var(--ast-global-color-4)","background-image":"","background-repeat":"repeat","background-position":"center center","background-size":"auto","background-attachment":"scroll","background-type":"","background-media":"","overlay-type":"","overlay-color":"","overlay-opacity":"","overlay-gradient":""}},"footnotes":""},"categories":[],"tags":[961],"class_list":["post-257821","page","type-page","status-publish","has-post-thumbnail","hentry","tag-staff-city-manager-team"],"yoast_head":"<!-- This site is optimized with the Yoast SEO Premium plugin v27.4 (Yoast SEO v27.4) - https:\/\/yoast.com\/product\/yoast-seo-premium-wordpress\/ -->\n<title>Melissa Berthier Director of Marketing and Communications - City of Miami Beach<\/title>\n<meta name=\"description\" content=\"Melissa Berthier&#039;s career has spanned a variety of industries from nonprofits to magazines, beauty to transit and for the past nine years, local government.\" \/>\n<meta name=\"robots\" content=\"index, follow, max-snippet:-1, max-image-preview:large, max-video-preview:-1\" \/>\n<link rel=\"canonical\" href=\"https:\/\/www.miamibeachfl.gov\/es\/city-hall\/communications\/melissa-berthier\/\" \/>\n<meta property=\"og:locale\" content=\"es_ES\" \/>\n<meta property=\"og:type\" content=\"article\" \/>\n<meta property=\"og:title\" content=\"Melissa Berthier Director of Marketing and Communications\" \/>\n<meta property=\"og:description\" content=\"Melissa Berthier&#039;s career has spanned a variety of industries from nonprofits to magazines, beauty to transit and for the past nine years, local government.\" \/>\n<meta property=\"og:url\" content=\"https:\/\/www.miamibeachfl.gov\/es\/city-hall\/communications\/melissa-berthier\/\" \/>\n<meta property=\"og:site_name\" content=\"City of Miami Beach\" \/>\n<meta property=\"article:publisher\" content=\"https:\/\/www.facebook.com\/cityofmiamibeach\" \/>\n<meta property=\"article:modified_time\" content=\"2025-05-28T15:21:16+00:00\" \/>\n<meta property=\"og:image\" content=\"https:\/\/www.miamibeachfl.gov\/wp-content\/uploads\/2024\/07\/Staff-MelissaBerthier.png\" \/>\n\t<meta property=\"og:image:width\" content=\"250\" \/>\n\t<meta property=\"og:image:height\" content=\"250\" \/>\n\t<meta property=\"og:image:type\" content=\"image\/png\" \/>\n<meta name=\"twitter:card\" content=\"summary_large_image\" \/>\n<meta name=\"twitter:site\" content=\"@Miamibeachnews\" \/>\n<script type=\"application\/ld+json\" class=\"yoast-schema-graph\">{\"@context\":\"https:\\\/\\\/schema.org\",\"@graph\":[{\"@type\":\"WebPage\",\"@id\":\"https:\\\/\\\/www.miamibeachfl.gov\\\/city-hall\\\/communications\\\/melissa-berthier\\\/\",\"url\":\"https:\\\/\\\/www.miamibeachfl.gov\\\/city-hall\\\/communications\\\/melissa-berthier\\\/\",\"name\":\"Melissa Berthier Director of Marketing and Communications - City of Miami Beach\",\"isPartOf\":{\"@id\":\"https:\\\/\\\/www.miamibeachfl.gov\\\/#website\"},\"primaryImageOfPage\":{\"@id\":\"https:\\\/\\\/www.miamibeachfl.gov\\\/city-hall\\\/communications\\\/melissa-berthier\\\/#primaryimage\"},\"image\":{\"@id\":\"https:\\\/\\\/www.miamibeachfl.gov\\\/city-hall\\\/communications\\\/melissa-berthier\\\/#primaryimage\"},\"thumbnailUrl\":\"https:\\\/\\\/www.miamibeachfl.gov\\\/wp-content\\\/uploads\\\/2024\\\/07\\\/Staff-MelissaBerthier.png\",\"datePublished\":\"2023-04-17T19:46:30+00:00\",\"dateModified\":\"2025-05-28T15:21:16+00:00\",\"description\":\"Melissa Berthier's career has spanned a variety of industries from nonprofits to magazines, beauty to transit and for the past nine years, local government.\",\"breadcrumb\":{\"@id\":\"https:\\\/\\\/www.miamibeachfl.gov\\\/city-hall\\\/communications\\\/melissa-berthier\\\/#breadcrumb\"},\"inLanguage\":\"es\",\"potentialAction\":[{\"@type\":\"ReadAction\",\"target\":[\"https:\\\/\\\/www.miamibeachfl.gov\\\/city-hall\\\/communications\\\/melissa-berthier\\\/\"]}]},{\"@type\":\"ImageObject\",\"inLanguage\":\"es\",\"@id\":\"https:\\\/\\\/www.miamibeachfl.gov\\\/city-hall\\\/communications\\\/melissa-berthier\\\/#primaryimage\",\"url\":\"https:\\\/\\\/www.miamibeachfl.gov\\\/wp-content\\\/uploads\\\/2024\\\/07\\\/Staff-MelissaBerthier.png\",\"contentUrl\":\"https:\\\/\\\/www.miamibeachfl.gov\\\/wp-content\\\/uploads\\\/2024\\\/07\\\/Staff-MelissaBerthier.png\",\"width\":250,\"height\":250,\"caption\":\"Melissa Berthier\"},{\"@type\":\"BreadcrumbList\",\"@id\":\"https:\\\/\\\/www.miamibeachfl.gov\\\/city-hall\\\/communications\\\/melissa-berthier\\\/#breadcrumb\",\"itemListElement\":[{\"@type\":\"ListItem\",\"position\":1,\"name\":\"Home\",\"item\":\"https:\\\/\\\/www.miamibeachfl.gov\\\/\"},{\"@type\":\"ListItem\",\"position\":2,\"name\":\"City Hall\",\"item\":\"https:\\\/\\\/www.miamibeachfl.gov\\\/city-hall\\\/\"},{\"@type\":\"ListItem\",\"position\":3,\"name\":\"Marketing &#038; Communications\",\"item\":\"https:\\\/\\\/www.miamibeachfl.gov\\\/city-hall\\\/communications\\\/\"},{\"@type\":\"ListItem\",\"position\":4,\"name\":\"Melissa Berthier Director of Marketing and Communications\"}]},{\"@type\":\"WebSite\",\"@id\":\"https:\\\/\\\/www.miamibeachfl.gov\\\/#website\",\"url\":\"https:\\\/\\\/www.miamibeachfl.gov\\\/\",\"name\":\"City of Miami Beach\",\"description\":\"The official website of the City of Miami Beach. Stay informed, find important information on city services, news, alerts, events, trolley routes, government employment and more.\",\"publisher\":{\"@id\":\"https:\\\/\\\/www.miamibeachfl.gov\\\/#organization\"},\"potentialAction\":[{\"@type\":\"SearchAction\",\"target\":{\"@type\":\"EntryPoint\",\"urlTemplate\":\"https:\\\/\\\/www.miamibeachfl.gov\\\/?s={search_term_string}\"},\"query-input\":{\"@type\":\"PropertyValueSpecification\",\"valueRequired\":true,\"valueName\":\"search_term_string\"}}],\"inLanguage\":\"es\"},{\"@type\":\"Organization\",\"@id\":\"https:\\\/\\\/www.miamibeachfl.gov\\\/#organization\",\"name\":\"City of Miami Beach\",\"url\":\"https:\\\/\\\/www.miamibeachfl.gov\\\/\",\"logo\":{\"@type\":\"ImageObject\",\"inLanguage\":\"es\",\"@id\":\"https:\\\/\\\/www.miamibeachfl.gov\\\/#\\\/schema\\\/logo\\\/image\\\/\",\"url\":\"https:\\\/\\\/www.miamibeachfl.gov\\\/wp-content\\\/uploads\\\/2022\\\/06\\\/miamibeach-logoblue.png\",\"contentUrl\":\"https:\\\/\\\/www.miamibeachfl.gov\\\/wp-content\\\/uploads\\\/2022\\\/06\\\/miamibeach-logoblue.png\",\"width\":1962,\"height\":381,\"caption\":\"City of Miami Beach\"},\"image\":{\"@id\":\"https:\\\/\\\/www.miamibeachfl.gov\\\/#\\\/schema\\\/logo\\\/image\\\/\"},\"sameAs\":[\"https:\\\/\\\/www.facebook.com\\\/cityofmiamibeach\",\"https:\\\/\\\/x.com\\\/Miamibeachnews\",\"https:\\\/\\\/www.instagram.com\\\/miamibeachnews\\\/\"],\"description\":\"The official website of the City of Miami Beach. Stay informed, find important information on city services, news, alerts, events, trolley routes, government employment and more.\",\"telephone\":\"305.604.CITY(2489)\",\"legalName\":\"City of Miami Beach\"}]}<\/script>\n<!-- \/ Yoast SEO Premium plugin. -->","yoast_head_json":{"title":"Melissa Berthier, Directora de Marketing y Comunicaciones de la Ciudad de Miami Beach","description":"La carrera de Melissa Berthier ha abarcado una variedad de industrias, desde organizaciones sin fines de lucro hasta revistas, belleza hasta transporte y, durante los \u00faltimos nueve a\u00f1os, el gobierno local.","robots":{"index":"index","follow":"follow","max-snippet":"max-snippet:-1","max-image-preview":"max-image-preview:large","max-video-preview":"max-video-preview:-1"},"canonical":"https:\/\/www.miamibeachfl.gov\/es\/city-hall\/communications\/melissa-berthier\/","og_locale":"es_ES","og_type":"article","og_title":"Melissa Berthier Director of Marketing and Communications","og_description":"Melissa Berthier's career has spanned a variety of industries from nonprofits to magazines, beauty to transit and for the past nine years, local government.","og_url":"https:\/\/www.miamibeachfl.gov\/es\/city-hall\/communications\/melissa-berthier\/","og_site_name":"City of Miami Beach","article_publisher":"https:\/\/www.facebook.com\/cityofmiamibeach","article_modified_time":"2025-05-28T15:21:16+00:00","og_image":[{"width":250,"height":250,"url":"https:\/\/www.miamibeachfl.gov\/wp-content\/uploads\/2024\/07\/Staff-MelissaBerthier.png","type":"image\/png"}],"twitter_card":"summary_large_image","twitter_site":"@Miamibeachnews","schema":{"@context":"https:\/\/schema.org","@graph":[{"@type":"WebPage","@id":"https:\/\/www.miamibeachfl.gov\/city-hall\/communications\/melissa-berthier\/","url":"https:\/\/www.miamibeachfl.gov\/city-hall\/communications\/melissa-berthier\/","name":"Melissa Berthier, Directora de Marketing y Comunicaciones de la Ciudad de Miami Beach","isPartOf":{"@id":"https:\/\/www.miamibeachfl.gov\/#website"},"primaryImageOfPage":{"@id":"https:\/\/www.miamibeachfl.gov\/city-hall\/communications\/melissa-berthier\/#primaryimage"},"image":{"@id":"https:\/\/www.miamibeachfl.gov\/city-hall\/communications\/melissa-berthier\/#primaryimage"},"thumbnailUrl":"https:\/\/www.miamibeachfl.gov\/wp-content\/uploads\/2024\/07\/Staff-MelissaBerthier.png","datePublished":"2023-04-17T19:46:30+00:00","dateModified":"2025-05-28T15:21:16+00:00","description":"La carrera de Melissa Berthier ha abarcado una variedad de industrias, desde organizaciones sin fines de lucro hasta revistas, belleza hasta transporte y, durante los \u00faltimos nueve a\u00f1os, el gobierno local.","breadcrumb":{"@id":"https:\/\/www.miamibeachfl.gov\/city-hall\/communications\/melissa-berthier\/#breadcrumb"},"inLanguage":"es","potentialAction":[{"@type":"ReadAction","target":["https:\/\/www.miamibeachfl.gov\/city-hall\/communications\/melissa-berthier\/"]}]},{"@type":"ImageObject","inLanguage":"es","@id":"https:\/\/www.miamibeachfl.gov\/city-hall\/communications\/melissa-berthier\/#primaryimage","url":"https:\/\/www.miamibeachfl.gov\/wp-content\/uploads\/2024\/07\/Staff-MelissaBerthier.png","contentUrl":"https:\/\/www.miamibeachfl.gov\/wp-content\/uploads\/2024\/07\/Staff-MelissaBerthier.png","width":250,"height":250,"caption":"Melissa Berthier"},{"@type":"BreadcrumbList","@id":"https:\/\/www.miamibeachfl.gov\/city-hall\/communications\/melissa-berthier\/#breadcrumb","itemListElement":[{"@type":"ListItem","position":1,"name":"Home","item":"https:\/\/www.miamibeachfl.gov\/"},{"@type":"ListItem","position":2,"name":"City Hall","item":"https:\/\/www.miamibeachfl.gov\/city-hall\/"},{"@type":"ListItem","position":3,"name":"Marketing &#038; Communications","item":"https:\/\/www.miamibeachfl.gov\/city-hall\/communications\/"},{"@type":"ListItem","position":4,"name":"Melissa Berthier Director of Marketing and Communications"}]},{"@type":"WebSite","@id":"https:\/\/www.miamibeachfl.gov\/#website","url":"https:\/\/www.miamibeachfl.gov\/","name":"Ciudad de Miami Beach","description":"Sitio web oficial de la Ciudad de Miami Beach. Mant\u00e9ngase informado, encuentre informaci\u00f3n importante sobre servicios municipales, noticias, alertas, eventos, rutas de tranv\u00edas, empleos gubernamentales y m\u00e1s.","publisher":{"@id":"https:\/\/www.miamibeachfl.gov\/#organization"},"potentialAction":[{"@type":"SearchAction","target":{"@type":"EntryPoint","urlTemplate":"https:\/\/www.miamibeachfl.gov\/?s={search_term_string}"},"query-input":{"@type":"PropertyValueSpecification","valueRequired":true,"valueName":"search_term_string"}}],"inLanguage":"es"},{"@type":"Organization","@id":"https:\/\/www.miamibeachfl.gov\/#organization","name":"Ciudad de Miami Beach","url":"https:\/\/www.miamibeachfl.gov\/","logo":{"@type":"ImageObject","inLanguage":"es","@id":"https:\/\/www.miamibeachfl.gov\/#\/schema\/logo\/image\/","url":"https:\/\/www.miamibeachfl.gov\/wp-content\/uploads\/2022\/06\/miamibeach-logoblue.png","contentUrl":"https:\/\/www.miamibeachfl.gov\/wp-content\/uploads\/2022\/06\/miamibeach-logoblue.png","width":1962,"height":381,"caption":"City of Miami Beach"},"image":{"@id":"https:\/\/www.miamibeachfl.gov\/#\/schema\/logo\/image\/"},"sameAs":["https:\/\/www.facebook.com\/cityofmiamibeach","https:\/\/x.com\/Miamibeachnews","https:\/\/www.instagram.com\/miamibeachnews\/"],"description":"Sitio web oficial de la Ciudad de Miami Beach. Mant\u00e9ngase informado, encuentre informaci\u00f3n importante sobre servicios municipales, noticias, alertas, eventos, rutas de tranv\u00edas, empleos gubernamentales y m\u00e1s.","telephone":"305.604.CITY(2489)","legalName":"City of Miami Beach"}]}},"_links":{"self":[{"href":"https:\/\/www.miamibeachfl.gov\/es\/wp-json\/wp\/v2\/pages\/257821","targetHints":{"allow":["GET"]}}],"collection":[{"href":"https:\/\/www.miamibeachfl.gov\/es\/wp-json\/wp\/v2\/pages"}],"about":[{"href":"https:\/\/www.miamibeachfl.gov\/es\/wp-json\/wp\/v2\/types\/page"}],"author":[{"embeddable":true,"href":"https:\/\/www.miamibeachfl.gov\/es\/wp-json\/wp\/v2\/users\/222"}],"replies":[{"embeddable":true,"href":"https:\/\/www.miamibeachfl.gov\/es\/wp-json\/wp\/v2\/comments?post=257821"}],"version-history":[{"count":0,"href":"https:\/\/www.miamibeachfl.gov\/es\/wp-json\/wp\/v2\/pages\/257821\/revisions"}],"up":[{"embeddable":true,"href":"https:\/\/www.miamibeachfl.gov\/es\/wp-json\/wp\/v2\/pages\/28391"}],"wp:featuredmedia":[{"embeddable":true,"href":"https:\/\/www.miamibeachfl.gov\/es\/wp-json\/wp\/v2\/media\/323038"}],"wp:attachment":[{"href":"https:\/\/www.miamibeachfl.gov\/es\/wp-json\/wp\/v2\/media?parent=257821"}],"wp:term":[{"taxonomy":"category","embeddable":true,"href":"https:\/\/www.miamibeachfl.gov\/es\/wp-json\/wp\/v2\/categories?post=257821"},{"taxonomy":"post_tag","embeddable":true,"href":"https:\/\/www.miamibeachfl.gov\/es\/wp-json\/wp\/v2\/tags?post=257821"}],"curies":[{"name":"gracias","href":"https:\/\/api.w.org\/{rel}","templated":true}]}}