{"id":259840,"date":"2023-05-08T14:29:55","date_gmt":"2023-05-08T18:29:55","guid":{"rendered":"https:\/\/www.miamibeachfl.gov\/?page_id=259840"},"modified":"2025-06-05T11:49:03","modified_gmt":"2025-06-05T15:49:03","slug":"rfli","status":"publish","type":"page","link":"https:\/\/www.miamibeachfl.gov\/es\/business\/doing-business-with-mb\/rfli\/","title":{"rendered":"RFLI"},"content":{"rendered":"<h3>\n\t\t\tOportunidad de desarrollo en Miami Beach\t<\/h3>\n<h3>\n\t\t\tCorredor comercial de Middle Beach\t<\/h3>\n\t<p>La Ciudad de Miami Beach est\u00e1 buscando cartas de inter\u00e9s de desarrolladores que puedan estar interesados en desarrollar un proyecto de uso mixto que incorpore componentes de estacionamiento y otros usos, que pueden incluir, entre otros, viviendas asequibles y para trabajadores, espacios de oficina de Clase A e instalaciones\/servicios p\u00fablicos en uno o m\u00e1s de los estacionamientos de superficie propiedad de la Ciudad cerca de 41 Street:<\/p>\n\t\t\t<a href=\"https:\/\/www.bidsync.com\/bidsync-app-web\/vendor\/links\/BidDetail.xhtml?bidid=2115654&#038;returnPage=searchResults\" target=\"_blank\" rel=\"noopener\">\n\t\t\t\t\t\tPortal BidSync para enviar su carta de inter\u00e9s para RFLI 2023-435-KB\n\t\t\t\t\t<\/a>\n<h3>\n\t\t\tFondo\t<\/h3>\n\t<p><strong>La calle 41 est\u00e1 clasificada entre las v\u00edas con mayor volumen de tr\u00e1fico diario en Miami Beach, con un tr\u00e1fico diario promedio que supera los 100.000 veh\u00edculos por d\u00eda.<\/strong><\/p>\n<p>La carretera estatal 112\/Arthur Godfrey Road\/Calle 41 Oeste es una de las cuatro principales v\u00edas de este a oeste que conectan Miami Beach con Miami. Es la \u00fanica v\u00eda de acceso directo a Mid Beach y al Centro M\u00e9dico Mount Sinai, y conecta con los barrios de Wynwood, Design District y Midtown de la ciudad de Miami.<\/p>\n<p>El corredor de la Calle 41 est\u00e1 flanqueado en gran parte por locales comerciales de baja escala que ofrecen comercios, restaurantes, oficinas m\u00e9dicas y de servicios profesionales a nivel de calle. El barrio residencial circundante es reconocido por su tejido cultural de escuelas y templos que atraen a familias a vivir en el barrio de Mid Beach y a frecuentar los negocios comerciales cercanos y a lo largo de la Calle 41.<\/p>\n<p>Los veh\u00edculos son el principal medio de transporte dentro de la ciudad y a lo largo de la calle 41. Los clientes de los establecimientos comerciales de la calle 41 suelen llegar en veh\u00edculo particular y utilizan las opciones de estacionamiento, tanto en la calle como fuera de ella. El estacionamiento fuera de la calle que da servicio al corredor comercial consiste principalmente en varios estacionamientos municipales en superficie, dispersos al norte y al sur de la calle 41, ubicados en la parte trasera de las propiedades colindantes a ambos lados de la calle. Dado que el estacionamiento en la calle es limitado en la zona, los estacionamientos municipales cercanos son fundamentales para el desarrollo de los negocios.<\/p>\n\t\t<h3><a href=\"tel:3056737572\"  target=\"_self\">\t\n\t305.673.7572<\/a><\/h3>\t\n\t\t<h3><a href=\"mailto:mbbiz@miamibeachfl.gov\"  target=\"_self\">\t\n\tmbbiz@miamibeachfl.gov<\/a><\/h3>\t\n\t\t<h3><a href=\"\/es\/business\/\"  target=\"_blank\"  rel=\"noopener\">\t\n\twww.MBBiz.com<\/a><\/h3>\t\n\t\t<h2>Suscr\u00edbete al bolet\u00edn de MBBiz<\/h2>\n\t\t\t\t<p>Reciba recursos y actualizaciones del Departamento de Desarrollo Econ\u00f3mico enviadas directamente a su tel\u00e9fono.<\/p>\n\t\t\t<a href=\"\/es\/mbbiznews\/\" title=\"Haga clic aqu\u00ed\" target=\"_self\"   role=\"button\" aria-label=\"Suscr\u00edbete ahora\">\n\t\t\t\t\t\t\t\t\t\t\tSuscr\u00edbete ahora\n\t\t<\/a>","protected":false},"excerpt":{"rendered":"<p>Miami Beach Development Opportunity Middle Beach Commercial Corridor The City of Miami Beach is seeking letters of interest from developers [&hellip;]<\/p>\n","protected":false},"author":222,"featured_media":0,"parent":197440,"menu_order":37,"comment_status":"closed","ping_status":"closed","template":"","meta":{"_searchwp_excluded":"","site-sidebar-layout":"default","site-content-layout":"","ast-site-content-layout":"default","site-content-style":"default","site-sidebar-style":"default","ast-global-header-display":"","ast-banner-title-visibility":"","ast-main-header-display":"","ast-hfb-above-header-display":"","ast-hfb-below-header-display":"","ast-hfb-mobile-header-display":"","site-post-title":"","ast-breadcrumbs-content":"","ast-featured-img":"","footer-sml-layout":"","theme-transparent-header-meta":"","adv-header-id-meta":"","stick-header-meta":"","header-above-stick-meta":"","header-main-stick-meta":"","header-below-stick-meta":"","astra-migrate-meta-layouts":"default","ast-page-background-enabled":"default","ast-page-background-meta":{"desktop":{"background-color":"var(--ast-global-color-5)","background-image":"","background-repeat":"repeat","background-position":"center center","background-size":"auto","background-attachment":"scroll","background-type":"","background-media":"","overlay-type":"","overlay-color":"","overlay-opacity":"","overlay-gradient":""},"tablet":{"background-color":"","background-image":"","background-repeat":"repeat","background-position":"center center","background-size":"auto","background-attachment":"scroll","background-type":"","background-media":"","overlay-type":"","overlay-color":"","overlay-opacity":"","overlay-gradient":""},"mobile":{"background-color":"","background-image":"","background-repeat":"repeat","background-position":"center center","background-size":"auto","background-attachment":"scroll","background-type":"","background-media":"","overlay-type":"","overlay-color":"","overlay-opacity":"","overlay-gradient":""}},"ast-content-background-meta":{"desktop":{"background-color":"var(--ast-global-color-4)","background-image":"","background-repeat":"repeat","background-position":"center center","background-size":"auto","background-attachment":"scroll","background-type":"","background-media":"","overlay-type":"","overlay-color":"","overlay-opacity":"","overlay-gradient":""},"tablet":{"background-color":"var(--ast-global-color-4)","background-image":"","background-repeat":"repeat","background-position":"center center","background-size":"auto","background-attachment":"scroll","background-type":"","background-media":"","overlay-type":"","overlay-color":"","overlay-opacity":"","overlay-gradient":""},"mobile":{"background-color":"var(--ast-global-color-4)","background-image":"","background-repeat":"repeat","background-position":"center center","background-size":"auto","background-attachment":"scroll","background-type":"","background-media":"","overlay-type":"","overlay-color":"","overlay-opacity":"","overlay-gradient":""}},"footnotes":""},"categories":[],"tags":[],"class_list":["post-259840","page","type-page","status-publish","hentry"],"yoast_head":"<!-- This site is optimized with the Yoast SEO Premium plugin v27.4 (Yoast SEO v27.4) - https:\/\/yoast.com\/product\/yoast-seo-premium-wordpress\/ -->\n<title>RFLI - City of Miami Beach<\/title>\n<meta name=\"description\" content=\"%\" \/>\n<meta name=\"robots\" content=\"index, follow, max-snippet:-1, max-image-preview:large, max-video-preview:-1\" \/>\n<link rel=\"canonical\" href=\"https:\/\/www.miamibeachfl.gov\/es\/business\/doing-business-with-mb\/rfli\/\" \/>\n<meta property=\"og:locale\" content=\"es_ES\" \/>\n<meta property=\"og:type\" content=\"article\" \/>\n<meta property=\"og:title\" content=\"RFLI\" \/>\n<meta property=\"og:description\" content=\"%\" \/>\n<meta property=\"og:url\" content=\"https:\/\/www.miamibeachfl.gov\/es\/business\/doing-business-with-mb\/rfli\/\" \/>\n<meta property=\"og:site_name\" content=\"City of Miami Beach\" \/>\n<meta property=\"article:publisher\" content=\"https:\/\/www.facebook.com\/cityofmiamibeach\" \/>\n<meta property=\"article:modified_time\" content=\"2025-06-05T15:49:03+00:00\" \/>\n<meta property=\"og:image\" content=\"https:\/\/www.miamibeachfl.gov\/wp-content\/uploads\/2024\/01\/1000pxSquare-miamibeach-aerial-southpointview.jpeg\" \/>\n\t<meta property=\"og:image:width\" content=\"1000\" \/>\n\t<meta property=\"og:image:height\" content=\"1000\" \/>\n\t<meta property=\"og:image:type\" content=\"image\/jpeg\" \/>\n<meta name=\"twitter:card\" content=\"summary_large_image\" \/>\n<meta name=\"twitter:site\" content=\"@Miamibeachnews\" \/>\n<script type=\"application\/ld+json\" class=\"yoast-schema-graph\">{\"@context\":\"https:\\\/\\\/schema.org\",\"@graph\":[{\"@type\":\"WebPage\",\"@id\":\"https:\\\/\\\/www.miamibeachfl.gov\\\/business\\\/doing-business-with-mb\\\/rfli\\\/\",\"url\":\"https:\\\/\\\/www.miamibeachfl.gov\\\/business\\\/doing-business-with-mb\\\/rfli\\\/\",\"name\":\"RFLI - City of Miami Beach\",\"isPartOf\":{\"@id\":\"https:\\\/\\\/www.miamibeachfl.gov\\\/#website\"},\"datePublished\":\"2023-05-08T18:29:55+00:00\",\"dateModified\":\"2025-06-05T15:49:03+00:00\",\"description\":\"%\",\"breadcrumb\":{\"@id\":\"https:\\\/\\\/www.miamibeachfl.gov\\\/business\\\/doing-business-with-mb\\\/rfli\\\/#breadcrumb\"},\"inLanguage\":\"es\",\"potentialAction\":[{\"@type\":\"ReadAction\",\"target\":[\"https:\\\/\\\/www.miamibeachfl.gov\\\/business\\\/doing-business-with-mb\\\/rfli\\\/\"]}]},{\"@type\":\"BreadcrumbList\",\"@id\":\"https:\\\/\\\/www.miamibeachfl.gov\\\/business\\\/doing-business-with-mb\\\/rfli\\\/#breadcrumb\",\"itemListElement\":[{\"@type\":\"ListItem\",\"position\":1,\"name\":\"Home\",\"item\":\"https:\\\/\\\/www.miamibeachfl.gov\\\/\"},{\"@type\":\"ListItem\",\"position\":2,\"name\":\"Business\",\"item\":\"https:\\\/\\\/www.miamibeachfl.gov\\\/business\\\/\"},{\"@type\":\"ListItem\",\"position\":3,\"name\":\"Doing Business with MB\",\"item\":\"https:\\\/\\\/www.miamibeachfl.gov\\\/business\\\/doing-business-with-mb\\\/\"},{\"@type\":\"ListItem\",\"position\":4,\"name\":\"RFLI\"}]},{\"@type\":\"WebSite\",\"@id\":\"https:\\\/\\\/www.miamibeachfl.gov\\\/#website\",\"url\":\"https:\\\/\\\/www.miamibeachfl.gov\\\/\",\"name\":\"City of Miami Beach\",\"description\":\"The official website of the City of Miami Beach. Stay informed, find important information on city services, news, alerts, events, trolley routes, government employment and more.\",\"publisher\":{\"@id\":\"https:\\\/\\\/www.miamibeachfl.gov\\\/#organization\"},\"potentialAction\":[{\"@type\":\"SearchAction\",\"target\":{\"@type\":\"EntryPoint\",\"urlTemplate\":\"https:\\\/\\\/www.miamibeachfl.gov\\\/?s={search_term_string}\"},\"query-input\":{\"@type\":\"PropertyValueSpecification\",\"valueRequired\":true,\"valueName\":\"search_term_string\"}}],\"inLanguage\":\"es\"},{\"@type\":\"Organization\",\"@id\":\"https:\\\/\\\/www.miamibeachfl.gov\\\/#organization\",\"name\":\"City of Miami Beach\",\"url\":\"https:\\\/\\\/www.miamibeachfl.gov\\\/\",\"logo\":{\"@type\":\"ImageObject\",\"inLanguage\":\"es\",\"@id\":\"https:\\\/\\\/www.miamibeachfl.gov\\\/#\\\/schema\\\/logo\\\/image\\\/\",\"url\":\"https:\\\/\\\/www.miamibeachfl.gov\\\/wp-content\\\/uploads\\\/2022\\\/06\\\/miamibeach-logoblue.png\",\"contentUrl\":\"https:\\\/\\\/www.miamibeachfl.gov\\\/wp-content\\\/uploads\\\/2022\\\/06\\\/miamibeach-logoblue.png\",\"width\":1962,\"height\":381,\"caption\":\"City of Miami Beach\"},\"image\":{\"@id\":\"https:\\\/\\\/www.miamibeachfl.gov\\\/#\\\/schema\\\/logo\\\/image\\\/\"},\"sameAs\":[\"https:\\\/\\\/www.facebook.com\\\/cityofmiamibeach\",\"https:\\\/\\\/x.com\\\/Miamibeachnews\",\"https:\\\/\\\/www.instagram.com\\\/miamibeachnews\\\/\"],\"description\":\"The official website of the City of Miami Beach. Stay informed, find important information on city services, news, alerts, events, trolley routes, government employment and more.\",\"telephone\":\"305.604.CITY(2489)\",\"legalName\":\"City of Miami Beach\"}]}<\/script>\n<!-- \/ Yoast SEO Premium plugin. -->","yoast_head_json":{"title":"RFLI - Ciudad de Miami Beach","description":"%","robots":{"index":"index","follow":"follow","max-snippet":"max-snippet:-1","max-image-preview":"max-image-preview:large","max-video-preview":"max-video-preview:-1"},"canonical":"https:\/\/www.miamibeachfl.gov\/es\/business\/doing-business-with-mb\/rfli\/","og_locale":"es_ES","og_type":"article","og_title":"RFLI","og_description":"%","og_url":"https:\/\/www.miamibeachfl.gov\/es\/business\/doing-business-with-mb\/rfli\/","og_site_name":"City of Miami Beach","article_publisher":"https:\/\/www.facebook.com\/cityofmiamibeach","article_modified_time":"2025-06-05T15:49:03+00:00","og_image":[{"width":1000,"height":1000,"url":"https:\/\/www.miamibeachfl.gov\/wp-content\/uploads\/2024\/01\/1000pxSquare-miamibeach-aerial-southpointview.jpeg","type":"image\/jpeg"}],"twitter_card":"summary_large_image","twitter_site":"@Miamibeachnews","schema":{"@context":"https:\/\/schema.org","@graph":[{"@type":"WebPage","@id":"https:\/\/www.miamibeachfl.gov\/business\/doing-business-with-mb\/rfli\/","url":"https:\/\/www.miamibeachfl.gov\/business\/doing-business-with-mb\/rfli\/","name":"RFLI - Ciudad de Miami Beach","isPartOf":{"@id":"https:\/\/www.miamibeachfl.gov\/#website"},"datePublished":"2023-05-08T18:29:55+00:00","dateModified":"2025-06-05T15:49:03+00:00","description":"%","breadcrumb":{"@id":"https:\/\/www.miamibeachfl.gov\/business\/doing-business-with-mb\/rfli\/#breadcrumb"},"inLanguage":"es","potentialAction":[{"@type":"ReadAction","target":["https:\/\/www.miamibeachfl.gov\/business\/doing-business-with-mb\/rfli\/"]}]},{"@type":"BreadcrumbList","@id":"https:\/\/www.miamibeachfl.gov\/business\/doing-business-with-mb\/rfli\/#breadcrumb","itemListElement":[{"@type":"ListItem","position":1,"name":"Home","item":"https:\/\/www.miamibeachfl.gov\/"},{"@type":"ListItem","position":2,"name":"Business","item":"https:\/\/www.miamibeachfl.gov\/business\/"},{"@type":"ListItem","position":3,"name":"Doing Business with MB","item":"https:\/\/www.miamibeachfl.gov\/business\/doing-business-with-mb\/"},{"@type":"ListItem","position":4,"name":"RFLI"}]},{"@type":"WebSite","@id":"https:\/\/www.miamibeachfl.gov\/#website","url":"https:\/\/www.miamibeachfl.gov\/","name":"Ciudad de Miami Beach","description":"Sitio web oficial de la Ciudad de Miami Beach. Mant\u00e9ngase informado, encuentre informaci\u00f3n importante sobre servicios municipales, noticias, alertas, eventos, rutas de tranv\u00edas, empleos gubernamentales y m\u00e1s.","publisher":{"@id":"https:\/\/www.miamibeachfl.gov\/#organization"},"potentialAction":[{"@type":"SearchAction","target":{"@type":"EntryPoint","urlTemplate":"https:\/\/www.miamibeachfl.gov\/?s={search_term_string}"},"query-input":{"@type":"PropertyValueSpecification","valueRequired":true,"valueName":"search_term_string"}}],"inLanguage":"es"},{"@type":"Organization","@id":"https:\/\/www.miamibeachfl.gov\/#organization","name":"Ciudad de Miami Beach","url":"https:\/\/www.miamibeachfl.gov\/","logo":{"@type":"ImageObject","inLanguage":"es","@id":"https:\/\/www.miamibeachfl.gov\/#\/schema\/logo\/image\/","url":"https:\/\/www.miamibeachfl.gov\/wp-content\/uploads\/2022\/06\/miamibeach-logoblue.png","contentUrl":"https:\/\/www.miamibeachfl.gov\/wp-content\/uploads\/2022\/06\/miamibeach-logoblue.png","width":1962,"height":381,"caption":"City of Miami Beach"},"image":{"@id":"https:\/\/www.miamibeachfl.gov\/#\/schema\/logo\/image\/"},"sameAs":["https:\/\/www.facebook.com\/cityofmiamibeach","https:\/\/x.com\/Miamibeachnews","https:\/\/www.instagram.com\/miamibeachnews\/"],"description":"Sitio web oficial de la Ciudad de Miami Beach. Mant\u00e9ngase informado, encuentre informaci\u00f3n importante sobre servicios municipales, noticias, alertas, eventos, rutas de tranv\u00edas, empleos gubernamentales y m\u00e1s.","telephone":"305.604.CITY(2489)","legalName":"City of Miami Beach"}]}},"_links":{"self":[{"href":"https:\/\/www.miamibeachfl.gov\/es\/wp-json\/wp\/v2\/pages\/259840","targetHints":{"allow":["GET"]}}],"collection":[{"href":"https:\/\/www.miamibeachfl.gov\/es\/wp-json\/wp\/v2\/pages"}],"about":[{"href":"https:\/\/www.miamibeachfl.gov\/es\/wp-json\/wp\/v2\/types\/page"}],"author":[{"embeddable":true,"href":"https:\/\/www.miamibeachfl.gov\/es\/wp-json\/wp\/v2\/users\/222"}],"replies":[{"embeddable":true,"href":"https:\/\/www.miamibeachfl.gov\/es\/wp-json\/wp\/v2\/comments?post=259840"}],"version-history":[{"count":1,"href":"https:\/\/www.miamibeachfl.gov\/es\/wp-json\/wp\/v2\/pages\/259840\/revisions"}],"predecessor-version":[{"id":375441,"href":"https:\/\/www.miamibeachfl.gov\/es\/wp-json\/wp\/v2\/pages\/259840\/revisions\/375441"}],"up":[{"embeddable":true,"href":"https:\/\/www.miamibeachfl.gov\/es\/wp-json\/wp\/v2\/pages\/197440"}],"wp:attachment":[{"href":"https:\/\/www.miamibeachfl.gov\/es\/wp-json\/wp\/v2\/media?parent=259840"}],"wp:term":[{"taxonomy":"category","embeddable":true,"href":"https:\/\/www.miamibeachfl.gov\/es\/wp-json\/wp\/v2\/categories?post=259840"},{"taxonomy":"post_tag","embeddable":true,"href":"https:\/\/www.miamibeachfl.gov\/es\/wp-json\/wp\/v2\/tags?post=259840"}],"curies":[{"name":"gracias","href":"https:\/\/api.w.org\/{rel}","templated":true}]}}