{"id":261114,"date":"2023-05-24T07:28:29","date_gmt":"2023-05-24T11:28:29","guid":{"rendered":"https:\/\/www.miamibeachfl.gov\/?page_id=261114"},"modified":"2025-12-30T16:53:08","modified_gmt":"2025-12-30T21:53:08","slug":"mark-taxis","status":"publish","type":"page","link":"https:\/\/www.miamibeachfl.gov\/es\/staff\/mark-taxis\/","title":{"rendered":"Mark Taxis <br><span style=\"font-size:18px\">Administrador asistente de la ciudad<\/span>"},"content":{"rendered":"<img decoding=\"async\" src=\"https:\/\/www.miamibeachfl.gov\/wp-content\/uploads\/bb-plugin\/cache\/MarkTaxis_2024-circle.png\" alt=\"Mark Taxis\" title=\"MarkTaxis_2024\" itemprop=\"image\"\/>\n\t\t<h1>\n\t\t\tMark Taxis\t<\/h1>\n<h2>\n\t\t\tAdministrador asistente de la ciudad\t<\/h2>\n\t<ul>\n\t\t<li>\t\t\t\t\n\t\t<h3>Correo electr\u00f3nico<\/h3><p><strong><a href=\"mailto:MarkTaxis@miamibeachfl.gov\">MarkTaxis@miamibeachfl.gov<\/a><\/strong><\/p><\/li><li>\t\t\t\t\n\t\t<h3>Tel\u00e9fono<\/h3><p><strong><a href=\"tel:3056737010\">305.673.7010<\/a><\/strong><\/p><\/li><li>\t\t\t\t\n\t\t<h3>Sitio web del administrador de la ciudad<\/h3><p><strong><a href=\"https:\/\/www.miamibeachfl.gov\/es\/city-hall\/city-manager\/\">Ver el sitio web del administrador de la ciudad<\/a><\/strong><\/p><\/li>\t<\/ul>\n\t<p><strong>\u00c1reas de responsabilidad:<\/strong> Cumplimiento de c\u00f3digos, Instalaciones y flota, Recursos humanos, Tecnolog\u00eda de la informaci\u00f3n y Parques y recreaci\u00f3n<\/p>\n\t<p>Mark Taxis es un profesional gubernamental con una larga trayectoria y m\u00e1s de cuarenta (40) a\u00f1os de experiencia en liderazgo. Cuenta con una amplia experiencia financiera, trabajando con estrictos l\u00edmites presupuestarios. Posee una capacidad excepcional para procesar y reaccionar racionalmente ante situaciones de emergencia. Su capacidad para adaptarse a una agenda pol\u00edtica din\u00e1mica lo convierte en la persona ideal para una ciudad internacional como Miami Beach.<\/p>\n<p>Se uni\u00f3 a la Ciudad de Miami Beach desde 2013 como Subgerente Municipal. Como Subgerente Municipal para la Ciudad de Miami Beach, Mark Taxis trabaja en estrecha colaboraci\u00f3n con el Administrador Municipal brindando apoyo en asuntos relacionados con actividades operativas y financieras, desarrollo de programas y mejora de la productividad. Mark Taxis actualmente supervisa el Cumplimiento del C\u00f3digo, Recursos Humanos, Tecnolog\u00eda de la Informaci\u00f3n, Parques y Recreaci\u00f3n e Instalaciones y Gesti\u00f3n de Flotas. En su pasado, ha prestado su experiencia y orientaci\u00f3n a Obras P\u00fablicas, Mejoras de Capital, Administraci\u00f3n de Propiedades, Equipo de Respuesta R\u00e1pida, Mantenimiento de Flotas y Mantenimiento de Playas. Es justo decir que desde que se uni\u00f3 a la Ciudad de Miami Beach, Mark Taxis ha sido el consumado jugador de equipo, prestando su apoyo donde sea necesario. Ha sido un negociador principal en las Negociaciones Sindicales de la Ciudad de Miami Beach, donde negoci\u00f3 con \u00e9xito contratos con la Asociaci\u00f3n Internacional de Bomberos (&quot;IAFF&quot;), la Orden Fraternal de la Polic\u00eda (&quot;FOP&quot;), los Trabajadores de Comunicaciones de Am\u00e9rica (&quot;CWA&quot;), la Asociaci\u00f3n de Supervisores Gubernamentales de Florida (&quot;GSAF&quot;) y la Federaci\u00f3n Estadounidense de Empleados Estatales, del Condado y Municipales (&quot;AFSCME&quot;). Durante su mandato como Subgerente Municipal, Mark Taxis supervis\u00f3 personalmente la implementaci\u00f3n de un sistema de planificaci\u00f3n de recursos empresariales (ERP) financiero, conocido como Munis, y un sistema de planificaci\u00f3n de recursos empresariales (ERP) para permisos, conocido como Energov. Tambi\u00e9n es responsable del desarrollo de una aplicaci\u00f3n de servicios municipales, conocida como Egov, y del nuevo sitio web de la Ciudad de Miami Beach.<\/p>\n<p>Antes de incorporarse a la Ciudad de Miami Beach, Mark Taxis ocup\u00f3 puestos de liderazgo en municipios locales de la regi\u00f3n del sur de Florida, como Subgerente Municipal de la Ciudad de Doral. Como Subgerente Municipal de Doral, se desempe\u00f1\u00f3 como Oficial de Gesti\u00f3n del Desempe\u00f1o Municipal, lo que incluy\u00f3 la implementaci\u00f3n y supervisi\u00f3n del Plan Estrat\u00e9gico y las Medidas de Desempe\u00f1o de la Ciudad. En este puesto, Mark Taxis administr\u00f3 todas las fases de los proyectos de mejora de capital, desde el Proyecto de Recuperaci\u00f3n de Agua hasta la construcci\u00f3n del nuevo Centro de Gobierno Municipal. Antes de ascender a Subgerente Municipal, Mark Taxis se desempe\u00f1\u00f3 como Director de Parques y Recreaci\u00f3n de la Ciudad de Doral, donde inici\u00f3, gestion\u00f3 y complet\u00f3 los Planes Maestros de cuatro (4) parques municipales. Adem\u00e1s, obtuvo contratos de dise\u00f1o y construcci\u00f3n y supervis\u00f3 la construcci\u00f3n de proyectos por un total de m\u00e1s de 1 mill\u00f3n de d\u00f3lares.<\/p>\n<p>Mark Taxis obtuvo su Licenciatura en Ciencias Pol\u00edticas en la Universidad Internacional de Florida, aqu\u00ed en el sur de Florida. Regres\u00f3 a la Universidad Internacional de Florida para obtener su Maestr\u00eda en Administraci\u00f3n P\u00fablica. Sin embargo, sigue siendo un ferviente aficionado al f\u00fatbol americano de los Florida State Seminoles. Mark Taxis es miembro de la Asociaci\u00f3n Internacional de Administraci\u00f3n de Ciudades y Condados (ICMA) y de la Asociaci\u00f3n de Administraci\u00f3n de Ciudades y Condados de Florida (FCCMA). Adem\u00e1s, fue presidente de la Asociaci\u00f3n de Administraci\u00f3n de Ciudades y Condados de Miami-Dade (MDCCMA).<\/p>\n<p>La pasi\u00f3n de Mark Taxis por la ciudad de Miami Beach surgi\u00f3 cuando era ni\u00f1o y pasaba los fines de semana all\u00ed con sus padres. Hasta el d\u00eda de hoy, Mark Taxis recuerda con mucho cari\u00f1o el 14.<sup>el<\/sup>\u00a0Street y Ocean Drive. Aqu\u00ed fue donde su padre se enamor\u00f3 de Miami Beach en 1944, mientras se alojaba en el hotel Shepley durante su entrenamiento antes del despliegue. Una vez terminada la guerra, los padres de Mark Taxis se establecieron en el sur de Florida y lo convirtieron en su hogar.<\/p>","protected":false},"excerpt":{"rendered":"<p>Mark Taxis Assistant City Manager Email MarkTaxis@miamibeachfl.gov Phone 305.673.7010 City Manager Website View City Manager Website Areas of Responsibility: Code [&hellip;]<\/p>\n","protected":false},"author":222,"featured_media":334290,"parent":261112,"menu_order":9,"comment_status":"closed","ping_status":"closed","template":"","meta":{"_searchwp_excluded":"","site-sidebar-layout":"default","site-content-layout":"","ast-site-content-layout":"default","site-content-style":"default","site-sidebar-style":"default","ast-global-header-display":"","ast-banner-title-visibility":"","ast-main-header-display":"","ast-hfb-above-header-display":"","ast-hfb-below-header-display":"","ast-hfb-mobile-header-display":"","site-post-title":"","ast-breadcrumbs-content":"","ast-featured-img":"","footer-sml-layout":"","ast-disable-related-posts":"","theme-transparent-header-meta":"","adv-header-id-meta":"","stick-header-meta":"","header-above-stick-meta":"","header-main-stick-meta":"","header-below-stick-meta":"","astra-migrate-meta-layouts":"default","ast-page-background-enabled":"default","ast-page-background-meta":{"desktop":{"background-color":"var(--ast-global-color-5)","background-image":"","background-repeat":"repeat","background-position":"center center","background-size":"auto","background-attachment":"scroll","background-type":"","background-media":"","overlay-type":"","overlay-color":"","overlay-opacity":"","overlay-gradient":""},"tablet":{"background-color":"","background-image":"","background-repeat":"repeat","background-position":"center center","background-size":"auto","background-attachment":"scroll","background-type":"","background-media":"","overlay-type":"","overlay-color":"","overlay-opacity":"","overlay-gradient":""},"mobile":{"background-color":"","background-image":"","background-repeat":"repeat","background-position":"center center","background-size":"auto","background-attachment":"scroll","background-type":"","background-media":"","overlay-type":"","overlay-color":"","overlay-opacity":"","overlay-gradient":""}},"ast-content-background-meta":{"desktop":{"background-color":"var(--ast-global-color-4)","background-image":"","background-repeat":"repeat","background-position":"center center","background-size":"auto","background-attachment":"scroll","background-type":"","background-media":"","overlay-type":"","overlay-color":"","overlay-opacity":"","overlay-gradient":""},"tablet":{"background-color":"var(--ast-global-color-4)","background-image":"","background-repeat":"repeat","background-position":"center center","background-size":"auto","background-attachment":"scroll","background-type":"","background-media":"","overlay-type":"","overlay-color":"","overlay-opacity":"","overlay-gradient":""},"mobile":{"background-color":"var(--ast-global-color-4)","background-image":"","background-repeat":"repeat","background-position":"center center","background-size":"auto","background-attachment":"scroll","background-type":"","background-media":"","overlay-type":"","overlay-color":"","overlay-opacity":"","overlay-gradient":""}},"footnotes":""},"categories":[],"tags":[961,959,960],"class_list":["post-261114","page","type-page","status-publish","has-post-thumbnail","hentry","tag-staff-city-manager-team","tag-mark-taxis-staff","tag-staff"],"yoast_head":"<!-- This site is optimized with the Yoast SEO Premium plugin v27.4 (Yoast SEO v27.4) - https:\/\/yoast.com\/product\/yoast-seo-premium-wordpress\/ -->\n<title>Mark Taxis Assistant City Manager - City of Miami Beach<\/title>\n<meta name=\"description\" content=\"Mark Taxis is a lifelong government professional with over forty (40) years of leadership experience. He has an extensive financial background, working with strict budgetary limits. He has an exceptional ability to rationally process and react to emergency situations. Mark Taxis&#039; skill in adapting to a fast-paced political agenda has made him a perfect fit for an international city like Miami Beach.\" \/>\n<meta name=\"robots\" content=\"index, follow, max-snippet:-1, max-image-preview:large, max-video-preview:-1\" \/>\n<link rel=\"canonical\" href=\"https:\/\/www.miamibeachfl.gov\/es\/staff\/mark-taxis\/\" \/>\n<meta property=\"og:locale\" content=\"es_ES\" \/>\n<meta property=\"og:type\" content=\"article\" \/>\n<meta property=\"og:title\" content=\"Mark Taxis Assistant City Manager\" \/>\n<meta property=\"og:description\" content=\"Mark Taxis is a lifelong government professional with over forty (40) years of leadership experience. He has an extensive financial background, working with strict budgetary limits. He has an exceptional ability to rationally process and react to emergency situations. Mark Taxis&#039; skill in adapting to a fast-paced political agenda has made him a perfect fit for an international city like Miami Beach.\" \/>\n<meta property=\"og:url\" content=\"https:\/\/www.miamibeachfl.gov\/es\/staff\/mark-taxis\/\" \/>\n<meta property=\"og:site_name\" content=\"City of Miami Beach\" \/>\n<meta property=\"article:publisher\" content=\"https:\/\/www.facebook.com\/cityofmiamibeach\" \/>\n<meta property=\"article:modified_time\" content=\"2025-12-30T21:53:08+00:00\" \/>\n<meta property=\"og:image\" content=\"https:\/\/www.miamibeachfl.gov\/wp-content\/uploads\/2024\/08\/MarkTaxis_2024.png\" \/>\n\t<meta property=\"og:image:width\" content=\"250\" \/>\n\t<meta property=\"og:image:height\" content=\"250\" \/>\n\t<meta property=\"og:image:type\" content=\"image\/png\" \/>\n<meta name=\"twitter:card\" content=\"summary_large_image\" \/>\n<meta name=\"twitter:site\" content=\"@Miamibeachnews\" \/>\n<script type=\"application\/ld+json\" class=\"yoast-schema-graph\">{\"@context\":\"https:\\\/\\\/schema.org\",\"@graph\":[{\"@type\":\"WebPage\",\"@id\":\"https:\\\/\\\/www.miamibeachfl.gov\\\/staff\\\/mark-taxis\\\/\",\"url\":\"https:\\\/\\\/www.miamibeachfl.gov\\\/staff\\\/mark-taxis\\\/\",\"name\":\"Mark Taxis Assistant City Manager - City of Miami Beach\",\"isPartOf\":{\"@id\":\"https:\\\/\\\/www.miamibeachfl.gov\\\/#website\"},\"primaryImageOfPage\":{\"@id\":\"https:\\\/\\\/www.miamibeachfl.gov\\\/staff\\\/mark-taxis\\\/#primaryimage\"},\"image\":{\"@id\":\"https:\\\/\\\/www.miamibeachfl.gov\\\/staff\\\/mark-taxis\\\/#primaryimage\"},\"thumbnailUrl\":\"https:\\\/\\\/www.miamibeachfl.gov\\\/wp-content\\\/uploads\\\/2024\\\/08\\\/MarkTaxis_2024.png\",\"datePublished\":\"2023-05-24T11:28:29+00:00\",\"dateModified\":\"2025-12-30T21:53:08+00:00\",\"description\":\"Mark Taxis is a lifelong government professional with over forty (40) years of leadership experience. He has an extensive financial background, working with strict budgetary limits. He has an exceptional ability to rationally process and react to emergency situations. Mark Taxis' skill in adapting to a fast-paced political agenda has made him a perfect fit for an international city like Miami Beach.\",\"breadcrumb\":{\"@id\":\"https:\\\/\\\/www.miamibeachfl.gov\\\/staff\\\/mark-taxis\\\/#breadcrumb\"},\"inLanguage\":\"es\",\"potentialAction\":[{\"@type\":\"ReadAction\",\"target\":[\"https:\\\/\\\/www.miamibeachfl.gov\\\/staff\\\/mark-taxis\\\/\"]}]},{\"@type\":\"ImageObject\",\"inLanguage\":\"es\",\"@id\":\"https:\\\/\\\/www.miamibeachfl.gov\\\/staff\\\/mark-taxis\\\/#primaryimage\",\"url\":\"https:\\\/\\\/www.miamibeachfl.gov\\\/wp-content\\\/uploads\\\/2024\\\/08\\\/MarkTaxis_2024.png\",\"contentUrl\":\"https:\\\/\\\/www.miamibeachfl.gov\\\/wp-content\\\/uploads\\\/2024\\\/08\\\/MarkTaxis_2024.png\",\"width\":250,\"height\":250,\"caption\":\"Mark Taxis\"},{\"@type\":\"BreadcrumbList\",\"@id\":\"https:\\\/\\\/www.miamibeachfl.gov\\\/staff\\\/mark-taxis\\\/#breadcrumb\",\"itemListElement\":[{\"@type\":\"ListItem\",\"position\":1,\"name\":\"Home\",\"item\":\"https:\\\/\\\/www.miamibeachfl.gov\\\/\"},{\"@type\":\"ListItem\",\"position\":2,\"name\":\"Staff\",\"item\":\"https:\\\/\\\/www.miamibeachfl.gov\\\/staff\\\/\"},{\"@type\":\"ListItem\",\"position\":3,\"name\":\"Mark Taxis Assistant City Manager\"}]},{\"@type\":\"WebSite\",\"@id\":\"https:\\\/\\\/www.miamibeachfl.gov\\\/#website\",\"url\":\"https:\\\/\\\/www.miamibeachfl.gov\\\/\",\"name\":\"City of Miami Beach\",\"description\":\"The official website of the City of Miami Beach. Stay informed, find important information on city services, news, alerts, events, trolley routes, government employment and more.\",\"publisher\":{\"@id\":\"https:\\\/\\\/www.miamibeachfl.gov\\\/#organization\"},\"potentialAction\":[{\"@type\":\"SearchAction\",\"target\":{\"@type\":\"EntryPoint\",\"urlTemplate\":\"https:\\\/\\\/www.miamibeachfl.gov\\\/?s={search_term_string}\"},\"query-input\":{\"@type\":\"PropertyValueSpecification\",\"valueRequired\":true,\"valueName\":\"search_term_string\"}}],\"inLanguage\":\"es\"},{\"@type\":\"Organization\",\"@id\":\"https:\\\/\\\/www.miamibeachfl.gov\\\/#organization\",\"name\":\"City of Miami Beach\",\"url\":\"https:\\\/\\\/www.miamibeachfl.gov\\\/\",\"logo\":{\"@type\":\"ImageObject\",\"inLanguage\":\"es\",\"@id\":\"https:\\\/\\\/www.miamibeachfl.gov\\\/#\\\/schema\\\/logo\\\/image\\\/\",\"url\":\"https:\\\/\\\/www.miamibeachfl.gov\\\/wp-content\\\/uploads\\\/2022\\\/06\\\/miamibeach-logoblue.png\",\"contentUrl\":\"https:\\\/\\\/www.miamibeachfl.gov\\\/wp-content\\\/uploads\\\/2022\\\/06\\\/miamibeach-logoblue.png\",\"width\":1962,\"height\":381,\"caption\":\"City of Miami Beach\"},\"image\":{\"@id\":\"https:\\\/\\\/www.miamibeachfl.gov\\\/#\\\/schema\\\/logo\\\/image\\\/\"},\"sameAs\":[\"https:\\\/\\\/www.facebook.com\\\/cityofmiamibeach\",\"https:\\\/\\\/x.com\\\/Miamibeachnews\",\"https:\\\/\\\/www.instagram.com\\\/miamibeachnews\\\/\"],\"description\":\"The official website of the City of Miami Beach. Stay informed, find important information on city services, news, alerts, events, trolley routes, government employment and more.\",\"telephone\":\"305.604.CITY(2489)\",\"legalName\":\"City of Miami Beach\"}]}<\/script>\n<!-- \/ Yoast SEO Premium plugin. -->","yoast_head_json":{"title":"Mark Taxis, Subgerente Municipal - Ciudad de Miami Beach","description":"Mark Taxis es un profesional gubernamental con una larga trayectoria y m\u00e1s de cuarenta (40) a\u00f1os de experiencia en liderazgo. Cuenta con una amplia experiencia financiera, trabajando con estrictos l\u00edmites presupuestarios. Posee una capacidad excepcional para procesar y reaccionar racionalmente ante situaciones de emergencia. Su capacidad para adaptarse a una agenda pol\u00edtica din\u00e1mica lo convierte en la persona ideal para una ciudad internacional como Miami Beach.","robots":{"index":"index","follow":"follow","max-snippet":"max-snippet:-1","max-image-preview":"max-image-preview:large","max-video-preview":"max-video-preview:-1"},"canonical":"https:\/\/www.miamibeachfl.gov\/es\/staff\/mark-taxis\/","og_locale":"es_ES","og_type":"article","og_title":"Mark Taxis Assistant City Manager","og_description":"Mark Taxis is a lifelong government professional with over forty (40) years of leadership experience. He has an extensive financial background, working with strict budgetary limits. He has an exceptional ability to rationally process and react to emergency situations. Mark Taxis' skill in adapting to a fast-paced political agenda has made him a perfect fit for an international city like Miami Beach.","og_url":"https:\/\/www.miamibeachfl.gov\/es\/staff\/mark-taxis\/","og_site_name":"City of Miami Beach","article_publisher":"https:\/\/www.facebook.com\/cityofmiamibeach","article_modified_time":"2025-12-30T21:53:08+00:00","og_image":[{"width":250,"height":250,"url":"https:\/\/www.miamibeachfl.gov\/wp-content\/uploads\/2024\/08\/MarkTaxis_2024.png","type":"image\/png"}],"twitter_card":"summary_large_image","twitter_site":"@Miamibeachnews","schema":{"@context":"https:\/\/schema.org","@graph":[{"@type":"WebPage","@id":"https:\/\/www.miamibeachfl.gov\/staff\/mark-taxis\/","url":"https:\/\/www.miamibeachfl.gov\/staff\/mark-taxis\/","name":"Mark Taxis, Subgerente Municipal - Ciudad de Miami Beach","isPartOf":{"@id":"https:\/\/www.miamibeachfl.gov\/#website"},"primaryImageOfPage":{"@id":"https:\/\/www.miamibeachfl.gov\/staff\/mark-taxis\/#primaryimage"},"image":{"@id":"https:\/\/www.miamibeachfl.gov\/staff\/mark-taxis\/#primaryimage"},"thumbnailUrl":"https:\/\/www.miamibeachfl.gov\/wp-content\/uploads\/2024\/08\/MarkTaxis_2024.png","datePublished":"2023-05-24T11:28:29+00:00","dateModified":"2025-12-30T21:53:08+00:00","description":"Mark Taxis es un profesional gubernamental con una larga trayectoria y m\u00e1s de cuarenta (40) a\u00f1os de experiencia en liderazgo. Cuenta con una amplia experiencia financiera, trabajando con estrictos l\u00edmites presupuestarios. Posee una capacidad excepcional para procesar y reaccionar racionalmente ante situaciones de emergencia. Su capacidad para adaptarse a una agenda pol\u00edtica din\u00e1mica lo convierte en la persona ideal para una ciudad internacional como Miami Beach.","breadcrumb":{"@id":"https:\/\/www.miamibeachfl.gov\/staff\/mark-taxis\/#breadcrumb"},"inLanguage":"es","potentialAction":[{"@type":"ReadAction","target":["https:\/\/www.miamibeachfl.gov\/staff\/mark-taxis\/"]}]},{"@type":"ImageObject","inLanguage":"es","@id":"https:\/\/www.miamibeachfl.gov\/staff\/mark-taxis\/#primaryimage","url":"https:\/\/www.miamibeachfl.gov\/wp-content\/uploads\/2024\/08\/MarkTaxis_2024.png","contentUrl":"https:\/\/www.miamibeachfl.gov\/wp-content\/uploads\/2024\/08\/MarkTaxis_2024.png","width":250,"height":250,"caption":"Mark Taxis"},{"@type":"BreadcrumbList","@id":"https:\/\/www.miamibeachfl.gov\/staff\/mark-taxis\/#breadcrumb","itemListElement":[{"@type":"ListItem","position":1,"name":"Home","item":"https:\/\/www.miamibeachfl.gov\/"},{"@type":"ListItem","position":2,"name":"Staff","item":"https:\/\/www.miamibeachfl.gov\/staff\/"},{"@type":"ListItem","position":3,"name":"Mark Taxis Assistant City Manager"}]},{"@type":"WebSite","@id":"https:\/\/www.miamibeachfl.gov\/#website","url":"https:\/\/www.miamibeachfl.gov\/","name":"Ciudad de Miami Beach","description":"Sitio web oficial de la Ciudad de Miami Beach. Mant\u00e9ngase informado, encuentre informaci\u00f3n importante sobre servicios municipales, noticias, alertas, eventos, rutas de tranv\u00edas, empleos gubernamentales y m\u00e1s.","publisher":{"@id":"https:\/\/www.miamibeachfl.gov\/#organization"},"potentialAction":[{"@type":"SearchAction","target":{"@type":"EntryPoint","urlTemplate":"https:\/\/www.miamibeachfl.gov\/?s={search_term_string}"},"query-input":{"@type":"PropertyValueSpecification","valueRequired":true,"valueName":"search_term_string"}}],"inLanguage":"es"},{"@type":"Organization","@id":"https:\/\/www.miamibeachfl.gov\/#organization","name":"Ciudad de Miami Beach","url":"https:\/\/www.miamibeachfl.gov\/","logo":{"@type":"ImageObject","inLanguage":"es","@id":"https:\/\/www.miamibeachfl.gov\/#\/schema\/logo\/image\/","url":"https:\/\/www.miamibeachfl.gov\/wp-content\/uploads\/2022\/06\/miamibeach-logoblue.png","contentUrl":"https:\/\/www.miamibeachfl.gov\/wp-content\/uploads\/2022\/06\/miamibeach-logoblue.png","width":1962,"height":381,"caption":"City of Miami Beach"},"image":{"@id":"https:\/\/www.miamibeachfl.gov\/#\/schema\/logo\/image\/"},"sameAs":["https:\/\/www.facebook.com\/cityofmiamibeach","https:\/\/x.com\/Miamibeachnews","https:\/\/www.instagram.com\/miamibeachnews\/"],"description":"Sitio web oficial de la Ciudad de Miami Beach. Mant\u00e9ngase informado, encuentre informaci\u00f3n importante sobre servicios municipales, noticias, alertas, eventos, rutas de tranv\u00edas, empleos gubernamentales y m\u00e1s.","telephone":"305.604.CITY(2489)","legalName":"City of Miami Beach"}]}},"_links":{"self":[{"href":"https:\/\/www.miamibeachfl.gov\/es\/wp-json\/wp\/v2\/pages\/261114","targetHints":{"allow":["GET"]}}],"collection":[{"href":"https:\/\/www.miamibeachfl.gov\/es\/wp-json\/wp\/v2\/pages"}],"about":[{"href":"https:\/\/www.miamibeachfl.gov\/es\/wp-json\/wp\/v2\/types\/page"}],"author":[{"embeddable":true,"href":"https:\/\/www.miamibeachfl.gov\/es\/wp-json\/wp\/v2\/users\/222"}],"replies":[{"embeddable":true,"href":"https:\/\/www.miamibeachfl.gov\/es\/wp-json\/wp\/v2\/comments?post=261114"}],"version-history":[{"count":1,"href":"https:\/\/www.miamibeachfl.gov\/es\/wp-json\/wp\/v2\/pages\/261114\/revisions"}],"predecessor-version":[{"id":394137,"href":"https:\/\/www.miamibeachfl.gov\/es\/wp-json\/wp\/v2\/pages\/261114\/revisions\/394137"}],"up":[{"embeddable":true,"href":"https:\/\/www.miamibeachfl.gov\/es\/wp-json\/wp\/v2\/pages\/261112"}],"wp:featuredmedia":[{"embeddable":true,"href":"https:\/\/www.miamibeachfl.gov\/es\/wp-json\/wp\/v2\/media\/334290"}],"wp:attachment":[{"href":"https:\/\/www.miamibeachfl.gov\/es\/wp-json\/wp\/v2\/media?parent=261114"}],"wp:term":[{"taxonomy":"category","embeddable":true,"href":"https:\/\/www.miamibeachfl.gov\/es\/wp-json\/wp\/v2\/categories?post=261114"},{"taxonomy":"post_tag","embeddable":true,"href":"https:\/\/www.miamibeachfl.gov\/es\/wp-json\/wp\/v2\/tags?post=261114"}],"curies":[{"name":"gracias","href":"https:\/\/api.w.org\/{rel}","templated":true}]}}