{"id":261167,"date":"2023-05-24T09:31:17","date_gmt":"2023-05-24T13:31:17","guid":{"rendered":"https:\/\/www.miamibeachfl.gov\/?page_id=261167"},"modified":"2025-12-19T10:36:41","modified_gmt":"2025-12-19T15:36:41","slug":"eric-carpenter","status":"publish","type":"page","link":"https:\/\/www.miamibeachfl.gov\/es\/staff\/eric-carpenter\/","title":{"rendered":"Eric Carpenter <br><span style=\"font-size:18px\">Administrador de la ciudad<\/span>"},"content":{"rendered":"<img decoding=\"async\" src=\"https:\/\/www.miamibeachfl.gov\/wp-content\/uploads\/bb-plugin\/cache\/EricCarpenter-round0924-circle.png\" alt=\"City Manager Eric Carpenter\" title=\"EricCarpenter-round0924\" itemprop=\"image\"\/>\n\t\t<h1>\n\t\t\tEric Carpenter\t<\/h1>\n<h2>\n\t\t\tAdministrador de la ciudad\t<\/h2>\n\t<ul>\n\t\t<li>\t\t\t\t\n\t\t<h3>Correo electr\u00f3nico:<\/h3><p><a href=\"mailto:EricCarpenter@miamibeachfl.gov\"><strong>EricCarpenter@miamibeachfl.gov<\/strong><\/a><\/p><\/li><li>\t\t\t\t\n\t\t<h3>Tel\u00e9fono:<\/h3><p><strong><a href=\"tel:3056737010\">305.673.7010<\/a><\/strong><\/p><\/li><li>\t\t\t\t\n\t\t<h3>Sitio web<\/h3><p><strong><a href=\"https:\/\/www.miamibeachfl.gov\/es\/city-hall\/city-manager\/\">Visita el sitio web del administrador de la ciudad<\/a><\/strong><\/p><\/li>\t<\/ul>\n\t<p>Con m\u00e1s de una d\u00e9cada de servicio a los residentes de Miami Beach, el administrador de la ciudad, Eric T. Carpenter, aporta una gran experiencia al principal puesto ejecutivo de la ciudad junto con una merecida reputaci\u00f3n como l\u00edder compasivo y transformador.<\/p>\n<p>Desde su nombramiento como administrador de la ciudad en julio de 2024, Eric ahora dirige a m\u00e1s de 2,300 empleados de la ciudad y supervisa unas dos docenas de departamentos, incluidos los departamentos de Polic\u00eda y Bomberos de Miami Beach.<\/p>\n<p>Eric, ingeniero profesional colegiado, se incorpor\u00f3 a la ciudad en 2013 como director de obras p\u00fablicas. Fue ascendido a administrador municipal adjunto en 2015 y a administrador municipal adjunto en 2021.<\/p>\n<p>Como negociador, Eric lider\u00f3 varios acuerdos de desarrollo en nombre de la ciudad, valorados en m\u00e1s de 1.000.000 de d\u00f3lares. Estos acuerdos resultaron en aproximadamente 6 hect\u00e1reas adicionales de terrenos para parques, para el disfrute de los residentes de la ciudad, en algunas de las zonas m\u00e1s densamente pobladas de Miami Beach. Supervis\u00f3 mejoras p\u00fablicas valoradas en m\u00e1s de 1.000.000 de d\u00f3lares, as\u00ed como viviendas asequibles y para trabajadores que brindar\u00e1n oportunidades adicionales para diversificar la poblaci\u00f3n residencial.<\/p>\n<p>Eric estuvo muy involucrado en la aprobaci\u00f3n e implementaci\u00f3n del programa de bonos de obligaci\u00f3n general liderado por los votantes de $439 millones en 2018. Adem\u00e1s, fue fundamental para encontrar un camino para recaudar m\u00e1s de $300 millones en capital para la adaptaci\u00f3n de la ciudad al aumento del nivel del mar a trav\u00e9s de m\u00e9todos creativos como el financiamiento del incremento de impuestos y la estructuraci\u00f3n de servicios p\u00fablicos de aguas pluviales.<\/p>\n<p>Tambi\u00e9n lider\u00f3 la iniciativa para completar la renovaci\u00f3n del Centro de Convenciones de Miami Beach, una mejora de casi 1 mill\u00f3n de d\u00f3lares, lo que mejor\u00f3 su posici\u00f3n para competir en eventos de convenciones de alta gama. Desempe\u00f1\u00f3 un papel clave en la creaci\u00f3n de la Agencia de Reurbanizaci\u00f3n Comunitaria en North Beach, que financiar\u00e1 mejoras comunitarias en los pr\u00f3ximos a\u00f1os. Adem\u00e1s, ayud\u00f3 a sortear los desaf\u00edos de operar una econom\u00eda basada en el turismo durante la pandemia de COVID-19, que requiri\u00f3 importantes ajustes presupuestarios a mitad de a\u00f1o y suspensiones temporales de empleo para evitar despidos masivos.<\/p>\n<p>Antes de unirse a la ciudad, Eric se desempe\u00f1\u00f3 como director de Obras P\u00fablicas de la Ciudad de Doral de 2006 a 2013. Fue reconocido como Ingeniero Gubernamental del A\u00f1o 2010 por la Rama Miami-Dade de la Sociedad Estadounidense de Ingenieros Civiles.<\/p>\n<p>Eric recibi\u00f3 una licenciatura en Ciencias en ingenier\u00eda civil con una especializaci\u00f3n en qu\u00edmica de la Universidad de Maryland en 1997. Tambi\u00e9n posee una certificaci\u00f3n OSHA-40 (m\u00e1s 8 horas de capacitaci\u00f3n de supervisi\u00f3n de OSHA) y una certificaci\u00f3n de mantenimiento intermedio de tr\u00e1fico (MOT) del Departamento de Transporte de Florida, as\u00ed como una calificaci\u00f3n de gesti\u00f3n de calidad de construcci\u00f3n para contratistas del Cuerpo de Ingenieros del Ej\u00e9rcito de EE. UU.<\/p>\n<p>Sigue siendo un miembro activo de la Sucursal del Sur de Florida de la Asociaci\u00f3n Estadounidense de Obras P\u00fablicas, donde se desempe\u00f1\u00f3 como presidente de la junta ejecutiva de 2017 a 2019.<\/p>\n<p>\u00c9l y su esposa, Courtney, tienen dos hijos.<\/p>","protected":false},"excerpt":{"rendered":"<p>Eric Carpenter City Manager Email: EricCarpenter@miamibeachfl.gov Phone: 305.673.7010 Website Visit City Manager Website With more than a decade of service [&hellip;]<\/p>\n","protected":false},"author":222,"featured_media":339170,"parent":261112,"menu_order":8,"comment_status":"closed","ping_status":"closed","template":"","meta":{"_searchwp_excluded":"","site-sidebar-layout":"default","site-content-layout":"","ast-site-content-layout":"default","site-content-style":"default","site-sidebar-style":"default","ast-global-header-display":"","ast-banner-title-visibility":"","ast-main-header-display":"","ast-hfb-above-header-display":"","ast-hfb-below-header-display":"","ast-hfb-mobile-header-display":"","site-post-title":"","ast-breadcrumbs-content":"","ast-featured-img":"","footer-sml-layout":"","theme-transparent-header-meta":"","adv-header-id-meta":"","stick-header-meta":"","header-above-stick-meta":"","header-main-stick-meta":"","header-below-stick-meta":"","astra-migrate-meta-layouts":"default","ast-page-background-enabled":"default","ast-page-background-meta":{"desktop":{"background-color":"var(--ast-global-color-5)","background-image":"","background-repeat":"repeat","background-position":"center center","background-size":"auto","background-attachment":"scroll","background-type":"","background-media":"","overlay-type":"","overlay-color":"","overlay-opacity":"","overlay-gradient":""},"tablet":{"background-color":"","background-image":"","background-repeat":"repeat","background-position":"center center","background-size":"auto","background-attachment":"scroll","background-type":"","background-media":"","overlay-type":"","overlay-color":"","overlay-opacity":"","overlay-gradient":""},"mobile":{"background-color":"","background-image":"","background-repeat":"repeat","background-position":"center center","background-size":"auto","background-attachment":"scroll","background-type":"","background-media":"","overlay-type":"","overlay-color":"","overlay-opacity":"","overlay-gradient":""}},"ast-content-background-meta":{"desktop":{"background-color":"var(--ast-global-color-4)","background-image":"","background-repeat":"repeat","background-position":"center center","background-size":"auto","background-attachment":"scroll","background-type":"","background-media":"","overlay-type":"","overlay-color":"","overlay-opacity":"","overlay-gradient":""},"tablet":{"background-color":"var(--ast-global-color-4)","background-image":"","background-repeat":"repeat","background-position":"center center","background-size":"auto","background-attachment":"scroll","background-type":"","background-media":"","overlay-type":"","overlay-color":"","overlay-opacity":"","overlay-gradient":""},"mobile":{"background-color":"var(--ast-global-color-4)","background-image":"","background-repeat":"repeat","background-position":"center center","background-size":"auto","background-attachment":"scroll","background-type":"","background-media":"","overlay-type":"","overlay-color":"","overlay-opacity":"","overlay-gradient":""}},"footnotes":""},"categories":[],"tags":[961,963,960],"class_list":["post-261167","page","type-page","status-publish","has-post-thumbnail","hentry","tag-staff-city-manager-team","tag-eric-carpenter-staff","tag-staff"],"yoast_head":"<!-- This site is optimized with the Yoast SEO Premium plugin v27.4 (Yoast SEO v27.4) - https:\/\/yoast.com\/product\/yoast-seo-premium-wordpress\/ -->\n<title>Eric Carpenter City Manager - City of Miami Beach<\/title>\n<meta name=\"description\" content=\"Eric T. Carpenter, P.E. is a strategic, collaborative, and perceptive leader who currently serves as the Deputy City Manager for the City of Miami Beach.\" \/>\n<meta name=\"robots\" content=\"index, follow, max-snippet:-1, max-image-preview:large, max-video-preview:-1\" \/>\n<link rel=\"canonical\" href=\"https:\/\/www.miamibeachfl.gov\/es\/staff\/eric-carpenter\/\" \/>\n<meta property=\"og:locale\" content=\"es_ES\" \/>\n<meta property=\"og:type\" content=\"article\" \/>\n<meta property=\"og:title\" content=\"Eric Carpenter City Manager\" \/>\n<meta property=\"og:description\" content=\"Eric T. Carpenter, P.E. is a strategic, collaborative, and perceptive leader who currently serves as the Deputy City Manager for the City of Miami Beach.\" \/>\n<meta property=\"og:url\" content=\"https:\/\/www.miamibeachfl.gov\/es\/staff\/eric-carpenter\/\" \/>\n<meta property=\"og:site_name\" content=\"City of Miami Beach\" \/>\n<meta property=\"article:publisher\" content=\"https:\/\/www.facebook.com\/cityofmiamibeach\" \/>\n<meta property=\"article:modified_time\" content=\"2025-12-19T15:36:41+00:00\" \/>\n<meta property=\"og:image\" content=\"https:\/\/www.miamibeachfl.gov\/wp-content\/uploads\/2024\/09\/EricCarpenter-round0924.png\" \/>\n\t<meta property=\"og:image:width\" content=\"250\" \/>\n\t<meta property=\"og:image:height\" content=\"250\" \/>\n\t<meta property=\"og:image:type\" content=\"image\/png\" \/>\n<meta name=\"twitter:card\" content=\"summary_large_image\" \/>\n<meta name=\"twitter:site\" content=\"@Miamibeachnews\" \/>\n<script type=\"application\/ld+json\" class=\"yoast-schema-graph\">{\"@context\":\"https:\\\/\\\/schema.org\",\"@graph\":[{\"@type\":\"WebPage\",\"@id\":\"https:\\\/\\\/www.miamibeachfl.gov\\\/staff\\\/eric-carpenter\\\/\",\"url\":\"https:\\\/\\\/www.miamibeachfl.gov\\\/staff\\\/eric-carpenter\\\/\",\"name\":\"Eric Carpenter City Manager - City of Miami Beach\",\"isPartOf\":{\"@id\":\"https:\\\/\\\/www.miamibeachfl.gov\\\/#website\"},\"primaryImageOfPage\":{\"@id\":\"https:\\\/\\\/www.miamibeachfl.gov\\\/staff\\\/eric-carpenter\\\/#primaryimage\"},\"image\":{\"@id\":\"https:\\\/\\\/www.miamibeachfl.gov\\\/staff\\\/eric-carpenter\\\/#primaryimage\"},\"thumbnailUrl\":\"https:\\\/\\\/www.miamibeachfl.gov\\\/wp-content\\\/uploads\\\/2024\\\/09\\\/EricCarpenter-round0924.png\",\"datePublished\":\"2023-05-24T13:31:17+00:00\",\"dateModified\":\"2025-12-19T15:36:41+00:00\",\"description\":\"Eric T. Carpenter, P.E. is a strategic, collaborative, and perceptive leader who currently serves as the Deputy City Manager for the City of Miami Beach.\",\"breadcrumb\":{\"@id\":\"https:\\\/\\\/www.miamibeachfl.gov\\\/staff\\\/eric-carpenter\\\/#breadcrumb\"},\"inLanguage\":\"es\",\"potentialAction\":[{\"@type\":\"ReadAction\",\"target\":[\"https:\\\/\\\/www.miamibeachfl.gov\\\/staff\\\/eric-carpenter\\\/\"]}]},{\"@type\":\"ImageObject\",\"inLanguage\":\"es\",\"@id\":\"https:\\\/\\\/www.miamibeachfl.gov\\\/staff\\\/eric-carpenter\\\/#primaryimage\",\"url\":\"https:\\\/\\\/www.miamibeachfl.gov\\\/wp-content\\\/uploads\\\/2024\\\/09\\\/EricCarpenter-round0924.png\",\"contentUrl\":\"https:\\\/\\\/www.miamibeachfl.gov\\\/wp-content\\\/uploads\\\/2024\\\/09\\\/EricCarpenter-round0924.png\",\"width\":250,\"height\":250,\"caption\":\"City Manager Eric Carpenter\"},{\"@type\":\"BreadcrumbList\",\"@id\":\"https:\\\/\\\/www.miamibeachfl.gov\\\/staff\\\/eric-carpenter\\\/#breadcrumb\",\"itemListElement\":[{\"@type\":\"ListItem\",\"position\":1,\"name\":\"Home\",\"item\":\"https:\\\/\\\/www.miamibeachfl.gov\\\/\"},{\"@type\":\"ListItem\",\"position\":2,\"name\":\"Staff\",\"item\":\"https:\\\/\\\/www.miamibeachfl.gov\\\/staff\\\/\"},{\"@type\":\"ListItem\",\"position\":3,\"name\":\"Eric Carpenter City Manager\"}]},{\"@type\":\"WebSite\",\"@id\":\"https:\\\/\\\/www.miamibeachfl.gov\\\/#website\",\"url\":\"https:\\\/\\\/www.miamibeachfl.gov\\\/\",\"name\":\"City of Miami Beach\",\"description\":\"The official website of the City of Miami Beach. Stay informed, find important information on city services, news, alerts, events, trolley routes, government employment and more.\",\"publisher\":{\"@id\":\"https:\\\/\\\/www.miamibeachfl.gov\\\/#organization\"},\"potentialAction\":[{\"@type\":\"SearchAction\",\"target\":{\"@type\":\"EntryPoint\",\"urlTemplate\":\"https:\\\/\\\/www.miamibeachfl.gov\\\/?s={search_term_string}\"},\"query-input\":{\"@type\":\"PropertyValueSpecification\",\"valueRequired\":true,\"valueName\":\"search_term_string\"}}],\"inLanguage\":\"es\"},{\"@type\":\"Organization\",\"@id\":\"https:\\\/\\\/www.miamibeachfl.gov\\\/#organization\",\"name\":\"City of Miami Beach\",\"url\":\"https:\\\/\\\/www.miamibeachfl.gov\\\/\",\"logo\":{\"@type\":\"ImageObject\",\"inLanguage\":\"es\",\"@id\":\"https:\\\/\\\/www.miamibeachfl.gov\\\/#\\\/schema\\\/logo\\\/image\\\/\",\"url\":\"https:\\\/\\\/www.miamibeachfl.gov\\\/wp-content\\\/uploads\\\/2022\\\/06\\\/miamibeach-logoblue.png\",\"contentUrl\":\"https:\\\/\\\/www.miamibeachfl.gov\\\/wp-content\\\/uploads\\\/2022\\\/06\\\/miamibeach-logoblue.png\",\"width\":1962,\"height\":381,\"caption\":\"City of Miami Beach\"},\"image\":{\"@id\":\"https:\\\/\\\/www.miamibeachfl.gov\\\/#\\\/schema\\\/logo\\\/image\\\/\"},\"sameAs\":[\"https:\\\/\\\/www.facebook.com\\\/cityofmiamibeach\",\"https:\\\/\\\/x.com\\\/Miamibeachnews\",\"https:\\\/\\\/www.instagram.com\\\/miamibeachnews\\\/\"],\"description\":\"The official website of the City of Miami Beach. Stay informed, find important information on city services, news, alerts, events, trolley routes, government employment and more.\",\"telephone\":\"305.604.CITY(2489)\",\"legalName\":\"City of Miami Beach\"}]}<\/script>\n<!-- \/ Yoast SEO Premium plugin. -->","yoast_head_json":{"title":"Eric Carpenter, administrador municipal de Miami Beach","description":"Eric T. Carpenter, PE es un l\u00edder estrat\u00e9gico, colaborativo y perceptivo que actualmente se desempe\u00f1a como administrador municipal adjunto de la ciudad de Miami Beach.","robots":{"index":"index","follow":"follow","max-snippet":"max-snippet:-1","max-image-preview":"max-image-preview:large","max-video-preview":"max-video-preview:-1"},"canonical":"https:\/\/www.miamibeachfl.gov\/es\/staff\/eric-carpenter\/","og_locale":"es_ES","og_type":"article","og_title":"Eric Carpenter City Manager","og_description":"Eric T. Carpenter, P.E. is a strategic, collaborative, and perceptive leader who currently serves as the Deputy City Manager for the City of Miami Beach.","og_url":"https:\/\/www.miamibeachfl.gov\/es\/staff\/eric-carpenter\/","og_site_name":"City of Miami Beach","article_publisher":"https:\/\/www.facebook.com\/cityofmiamibeach","article_modified_time":"2025-12-19T15:36:41+00:00","og_image":[{"width":250,"height":250,"url":"https:\/\/www.miamibeachfl.gov\/wp-content\/uploads\/2024\/09\/EricCarpenter-round0924.png","type":"image\/png"}],"twitter_card":"summary_large_image","twitter_site":"@Miamibeachnews","schema":{"@context":"https:\/\/schema.org","@graph":[{"@type":"WebPage","@id":"https:\/\/www.miamibeachfl.gov\/staff\/eric-carpenter\/","url":"https:\/\/www.miamibeachfl.gov\/staff\/eric-carpenter\/","name":"Eric Carpenter, administrador municipal de Miami Beach","isPartOf":{"@id":"https:\/\/www.miamibeachfl.gov\/#website"},"primaryImageOfPage":{"@id":"https:\/\/www.miamibeachfl.gov\/staff\/eric-carpenter\/#primaryimage"},"image":{"@id":"https:\/\/www.miamibeachfl.gov\/staff\/eric-carpenter\/#primaryimage"},"thumbnailUrl":"https:\/\/www.miamibeachfl.gov\/wp-content\/uploads\/2024\/09\/EricCarpenter-round0924.png","datePublished":"2023-05-24T13:31:17+00:00","dateModified":"2025-12-19T15:36:41+00:00","description":"Eric T. Carpenter, PE es un l\u00edder estrat\u00e9gico, colaborativo y perceptivo que actualmente se desempe\u00f1a como administrador municipal adjunto de la ciudad de Miami Beach.","breadcrumb":{"@id":"https:\/\/www.miamibeachfl.gov\/staff\/eric-carpenter\/#breadcrumb"},"inLanguage":"es","potentialAction":[{"@type":"ReadAction","target":["https:\/\/www.miamibeachfl.gov\/staff\/eric-carpenter\/"]}]},{"@type":"ImageObject","inLanguage":"es","@id":"https:\/\/www.miamibeachfl.gov\/staff\/eric-carpenter\/#primaryimage","url":"https:\/\/www.miamibeachfl.gov\/wp-content\/uploads\/2024\/09\/EricCarpenter-round0924.png","contentUrl":"https:\/\/www.miamibeachfl.gov\/wp-content\/uploads\/2024\/09\/EricCarpenter-round0924.png","width":250,"height":250,"caption":"City Manager Eric Carpenter"},{"@type":"BreadcrumbList","@id":"https:\/\/www.miamibeachfl.gov\/staff\/eric-carpenter\/#breadcrumb","itemListElement":[{"@type":"ListItem","position":1,"name":"Home","item":"https:\/\/www.miamibeachfl.gov\/"},{"@type":"ListItem","position":2,"name":"Staff","item":"https:\/\/www.miamibeachfl.gov\/staff\/"},{"@type":"ListItem","position":3,"name":"Eric Carpenter City Manager"}]},{"@type":"WebSite","@id":"https:\/\/www.miamibeachfl.gov\/#website","url":"https:\/\/www.miamibeachfl.gov\/","name":"Ciudad de Miami Beach","description":"Sitio web oficial de la Ciudad de Miami Beach. Mant\u00e9ngase informado, encuentre informaci\u00f3n importante sobre servicios municipales, noticias, alertas, eventos, rutas de tranv\u00edas, empleos gubernamentales y m\u00e1s.","publisher":{"@id":"https:\/\/www.miamibeachfl.gov\/#organization"},"potentialAction":[{"@type":"SearchAction","target":{"@type":"EntryPoint","urlTemplate":"https:\/\/www.miamibeachfl.gov\/?s={search_term_string}"},"query-input":{"@type":"PropertyValueSpecification","valueRequired":true,"valueName":"search_term_string"}}],"inLanguage":"es"},{"@type":"Organization","@id":"https:\/\/www.miamibeachfl.gov\/#organization","name":"Ciudad de Miami Beach","url":"https:\/\/www.miamibeachfl.gov\/","logo":{"@type":"ImageObject","inLanguage":"es","@id":"https:\/\/www.miamibeachfl.gov\/#\/schema\/logo\/image\/","url":"https:\/\/www.miamibeachfl.gov\/wp-content\/uploads\/2022\/06\/miamibeach-logoblue.png","contentUrl":"https:\/\/www.miamibeachfl.gov\/wp-content\/uploads\/2022\/06\/miamibeach-logoblue.png","width":1962,"height":381,"caption":"City of Miami Beach"},"image":{"@id":"https:\/\/www.miamibeachfl.gov\/#\/schema\/logo\/image\/"},"sameAs":["https:\/\/www.facebook.com\/cityofmiamibeach","https:\/\/x.com\/Miamibeachnews","https:\/\/www.instagram.com\/miamibeachnews\/"],"description":"Sitio web oficial de la Ciudad de Miami Beach. Mant\u00e9ngase informado, encuentre informaci\u00f3n importante sobre servicios municipales, noticias, alertas, eventos, rutas de tranv\u00edas, empleos gubernamentales y m\u00e1s.","telephone":"305.604.CITY(2489)","legalName":"City of Miami Beach"}]}},"_links":{"self":[{"href":"https:\/\/www.miamibeachfl.gov\/es\/wp-json\/wp\/v2\/pages\/261167","targetHints":{"allow":["GET"]}}],"collection":[{"href":"https:\/\/www.miamibeachfl.gov\/es\/wp-json\/wp\/v2\/pages"}],"about":[{"href":"https:\/\/www.miamibeachfl.gov\/es\/wp-json\/wp\/v2\/types\/page"}],"author":[{"embeddable":true,"href":"https:\/\/www.miamibeachfl.gov\/es\/wp-json\/wp\/v2\/users\/222"}],"replies":[{"embeddable":true,"href":"https:\/\/www.miamibeachfl.gov\/es\/wp-json\/wp\/v2\/comments?post=261167"}],"version-history":[{"count":2,"href":"https:\/\/www.miamibeachfl.gov\/es\/wp-json\/wp\/v2\/pages\/261167\/revisions"}],"predecessor-version":[{"id":393611,"href":"https:\/\/www.miamibeachfl.gov\/es\/wp-json\/wp\/v2\/pages\/261167\/revisions\/393611"}],"up":[{"embeddable":true,"href":"https:\/\/www.miamibeachfl.gov\/es\/wp-json\/wp\/v2\/pages\/261112"}],"wp:featuredmedia":[{"embeddable":true,"href":"https:\/\/www.miamibeachfl.gov\/es\/wp-json\/wp\/v2\/media\/339170"}],"wp:attachment":[{"href":"https:\/\/www.miamibeachfl.gov\/es\/wp-json\/wp\/v2\/media?parent=261167"}],"wp:term":[{"taxonomy":"category","embeddable":true,"href":"https:\/\/www.miamibeachfl.gov\/es\/wp-json\/wp\/v2\/categories?post=261167"},{"taxonomy":"post_tag","embeddable":true,"href":"https:\/\/www.miamibeachfl.gov\/es\/wp-json\/wp\/v2\/tags?post=261167"}],"curies":[{"name":"gracias","href":"https:\/\/api.w.org\/{rel}","templated":true}]}}