{"id":261188,"date":"2023-05-24T10:17:02","date_gmt":"2023-05-24T14:17:02","guid":{"rendered":"https:\/\/www.miamibeachfl.gov\/?page_id=261188"},"modified":"2025-12-16T08:22:57","modified_gmt":"2025-12-16T13:22:57","slug":"digna-abello","status":"publish","type":"page","link":"https:\/\/www.miamibeachfl.gov\/es\/staff\/digna-abello\/","title":{"rendered":"Digna Abello <br><span style=\"font-size:18px\">Jefe de bomberos<\/span>"},"content":{"rendered":"<img decoding=\"async\" src=\"https:\/\/www.miamibeachfl.gov\/wp-content\/uploads\/bb-plugin\/cache\/DignaAbello-circle.png\" alt=\"Digna Abello\" title=\"DignaAbello\" itemprop=\"image\"\/>\n\t\t<h1>\n\t\t\tDigna Abello\t<\/h1>\n<h2>\n\t\t\tJefe de bomberos\t<\/h2>\n\t<p><strong>\u00c1reas de responsabilidad:<\/strong> Departamento de Bomberos y Rescate, Prevenci\u00f3n de Incendios, PSCU, Gesti\u00f3n de Emergencias.<\/p>\n\t<p>La jefa Digna Abello se convierte en la primera mujer en dirigir el Departamento de Bomberos de Miami Beach desde que se estableci\u00f3 la agencia el 26 de enero de 1921. Con su nombramiento un\u00e1nime, la jefa Abello tambi\u00e9n se convierte en la primera mujer en servir como jefa de bomberos municipal en la historia del condado de Miami-Dade.<\/p>\n<p>Desde que comenz\u00f3 su carrera como bombero en Miami Beach hace m\u00e1s de 19 a\u00f1os, se ha guiado por una s\u00f3lida moral y la convicci\u00f3n de que el liderazgo se basa en servir al bienestar de los dem\u00e1s. Desde el inicio de su carrera, se distingui\u00f3 r\u00e1pidamente, ascendiendo en la agencia y participando en todos los asuntos e iniciativas importantes del departamento.<\/p>\n<p>Durante la pandemia de COVID-19, la Jefa Abello dirigi\u00f3 la estrategia integral de respuesta del departamento, incluyendo el programa de vacunaci\u00f3n de la agencia, que inocul\u00f3 a m\u00e1s de 13,000 residentes vulnerables. Comprometida con la excelencia en el servicio p\u00fablico, ha supervisado dos rigurosos ciclos de acreditaci\u00f3n para mantener la prestigiosa calificaci\u00f3n ISO Clase 1 de la Oficina de Servicios de Seguros, un logro que ostentan poco m\u00e1s de 1% de las 37,983 agencias de bomberos participantes en Estados Unidos.<\/p>\n<p>Si bien se siente honrada de ser la primera mujer en ocupar el cargo de jefa, su ferviente deseo es que m\u00e1s mujeres consideren carreras en el servicio de bomberos y aspiren a puestos de liderazgo. La jefa Abello se enorgullece de servir a los residentes de Miami Beach, ciudad que describe como una vibrante mezcla de cultura internacional, esperanza, libertad y oportunidades para todos.<\/p>","protected":false},"excerpt":{"rendered":"<p>Digna Abello Fire Chief Areas of Responsibility: Fire &amp; Rescue Department, Fire Prevention, PSCU, Emergency Management. Chief Digna Abello becomes [&hellip;]<\/p>\n","protected":false},"author":222,"featured_media":327872,"parent":261112,"menu_order":19,"comment_status":"closed","ping_status":"closed","template":"","meta":{"_searchwp_excluded":"","site-sidebar-layout":"default","site-content-layout":"","ast-site-content-layout":"default","site-content-style":"default","site-sidebar-style":"default","ast-global-header-display":"","ast-banner-title-visibility":"","ast-main-header-display":"","ast-hfb-above-header-display":"","ast-hfb-below-header-display":"","ast-hfb-mobile-header-display":"","site-post-title":"","ast-breadcrumbs-content":"","ast-featured-img":"","footer-sml-layout":"","theme-transparent-header-meta":"","adv-header-id-meta":"","stick-header-meta":"","header-above-stick-meta":"","header-main-stick-meta":"","header-below-stick-meta":"","astra-migrate-meta-layouts":"default","ast-page-background-enabled":"default","ast-page-background-meta":{"desktop":{"background-color":"var(--ast-global-color-5)","background-image":"","background-repeat":"repeat","background-position":"center center","background-size":"auto","background-attachment":"scroll","background-type":"","background-media":"","overlay-type":"","overlay-color":"","overlay-opacity":"","overlay-gradient":""},"tablet":{"background-color":"","background-image":"","background-repeat":"repeat","background-position":"center center","background-size":"auto","background-attachment":"scroll","background-type":"","background-media":"","overlay-type":"","overlay-color":"","overlay-opacity":"","overlay-gradient":""},"mobile":{"background-color":"","background-image":"","background-repeat":"repeat","background-position":"center center","background-size":"auto","background-attachment":"scroll","background-type":"","background-media":"","overlay-type":"","overlay-color":"","overlay-opacity":"","overlay-gradient":""}},"ast-content-background-meta":{"desktop":{"background-color":"var(--ast-global-color-4)","background-image":"","background-repeat":"repeat","background-position":"center center","background-size":"auto","background-attachment":"scroll","background-type":"","background-media":"","overlay-type":"","overlay-color":"","overlay-opacity":"","overlay-gradient":""},"tablet":{"background-color":"var(--ast-global-color-4)","background-image":"","background-repeat":"repeat","background-position":"center center","background-size":"auto","background-attachment":"scroll","background-type":"","background-media":"","overlay-type":"","overlay-color":"","overlay-opacity":"","overlay-gradient":""},"mobile":{"background-color":"var(--ast-global-color-4)","background-image":"","background-repeat":"repeat","background-position":"center center","background-size":"auto","background-attachment":"scroll","background-type":"","background-media":"","overlay-type":"","overlay-color":"","overlay-opacity":"","overlay-gradient":""}},"footnotes":""},"categories":[],"tags":[961,1537,960],"class_list":["post-261188","page","type-page","status-publish","has-post-thumbnail","hentry","tag-staff-city-manager-team","tag-digna-abello","tag-staff"],"yoast_head":"<!-- This site is optimized with the Yoast SEO Premium plugin v27.4 (Yoast SEO v27.4) - https:\/\/yoast.com\/product\/yoast-seo-premium-wordpress\/ -->\n<title>Digna Abello Fire Chief - City of Miami Beach<\/title>\n<meta name=\"description\" content=\"Virgil Fernandez was appointed chief of the Miami Beach Fire Department in February 2014 as the culmination of a distinguished firefighting career that has spanned more than four decades and taken him from the streets of his native Miami to New York\u2019s ground zero in the aftermath of the 9\/11 terror attacks.\" \/>\n<meta name=\"robots\" content=\"index, follow, max-snippet:-1, max-image-preview:large, max-video-preview:-1\" \/>\n<link rel=\"canonical\" href=\"https:\/\/www.miamibeachfl.gov\/es\/staff\/digna-abello\/\" \/>\n<meta property=\"og:locale\" content=\"es_ES\" \/>\n<meta property=\"og:type\" content=\"article\" \/>\n<meta property=\"og:title\" content=\"Digna Abello Fire Chief\" \/>\n<meta property=\"og:description\" content=\"Virgil Fernandez was appointed chief of the Miami Beach Fire Department in February 2014 as the culmination of a distinguished firefighting career that has spanned more than four decades and taken him from the streets of his native Miami to New York\u2019s ground zero in the aftermath of the 9\/11 terror attacks.\" \/>\n<meta property=\"og:url\" content=\"https:\/\/www.miamibeachfl.gov\/es\/staff\/digna-abello\/\" \/>\n<meta property=\"og:site_name\" content=\"City of Miami Beach\" \/>\n<meta property=\"article:publisher\" content=\"https:\/\/www.facebook.com\/cityofmiamibeach\" \/>\n<meta property=\"article:modified_time\" content=\"2025-12-16T13:22:57+00:00\" \/>\n<meta property=\"og:image\" content=\"https:\/\/www.miamibeachfl.gov\/wp-content\/uploads\/2024\/07\/DignaAbello.png\" \/>\n\t<meta property=\"og:image:width\" content=\"250\" \/>\n\t<meta property=\"og:image:height\" content=\"250\" \/>\n\t<meta property=\"og:image:type\" content=\"image\/png\" \/>\n<meta name=\"twitter:card\" content=\"summary_large_image\" \/>\n<meta name=\"twitter:site\" content=\"@Miamibeachnews\" \/>\n<script type=\"application\/ld+json\" class=\"yoast-schema-graph\">{\"@context\":\"https:\\\/\\\/schema.org\",\"@graph\":[{\"@type\":\"WebPage\",\"@id\":\"https:\\\/\\\/www.miamibeachfl.gov\\\/staff\\\/digna-abello\\\/\",\"url\":\"https:\\\/\\\/www.miamibeachfl.gov\\\/staff\\\/digna-abello\\\/\",\"name\":\"Digna Abello Fire Chief - City of Miami Beach\",\"isPartOf\":{\"@id\":\"https:\\\/\\\/www.miamibeachfl.gov\\\/#website\"},\"primaryImageOfPage\":{\"@id\":\"https:\\\/\\\/www.miamibeachfl.gov\\\/staff\\\/digna-abello\\\/#primaryimage\"},\"image\":{\"@id\":\"https:\\\/\\\/www.miamibeachfl.gov\\\/staff\\\/digna-abello\\\/#primaryimage\"},\"thumbnailUrl\":\"https:\\\/\\\/www.miamibeachfl.gov\\\/wp-content\\\/uploads\\\/2024\\\/07\\\/DignaAbello.png\",\"datePublished\":\"2023-05-24T14:17:02+00:00\",\"dateModified\":\"2025-12-16T13:22:57+00:00\",\"description\":\"Virgil Fernandez was appointed chief of the Miami Beach Fire Department in February 2014 as the culmination of a distinguished firefighting career that has spanned more than four decades and taken him from the streets of his native Miami to New York\u2019s ground zero in the aftermath of the 9\\\/11 terror attacks.\",\"breadcrumb\":{\"@id\":\"https:\\\/\\\/www.miamibeachfl.gov\\\/staff\\\/digna-abello\\\/#breadcrumb\"},\"inLanguage\":\"es\",\"potentialAction\":[{\"@type\":\"ReadAction\",\"target\":[\"https:\\\/\\\/www.miamibeachfl.gov\\\/staff\\\/digna-abello\\\/\"]}]},{\"@type\":\"ImageObject\",\"inLanguage\":\"es\",\"@id\":\"https:\\\/\\\/www.miamibeachfl.gov\\\/staff\\\/digna-abello\\\/#primaryimage\",\"url\":\"https:\\\/\\\/www.miamibeachfl.gov\\\/wp-content\\\/uploads\\\/2024\\\/07\\\/DignaAbello.png\",\"contentUrl\":\"https:\\\/\\\/www.miamibeachfl.gov\\\/wp-content\\\/uploads\\\/2024\\\/07\\\/DignaAbello.png\",\"width\":250,\"height\":250,\"caption\":\"Digna Abello\"},{\"@type\":\"BreadcrumbList\",\"@id\":\"https:\\\/\\\/www.miamibeachfl.gov\\\/staff\\\/digna-abello\\\/#breadcrumb\",\"itemListElement\":[{\"@type\":\"ListItem\",\"position\":1,\"name\":\"Home\",\"item\":\"https:\\\/\\\/www.miamibeachfl.gov\\\/\"},{\"@type\":\"ListItem\",\"position\":2,\"name\":\"Staff\",\"item\":\"https:\\\/\\\/www.miamibeachfl.gov\\\/staff\\\/\"},{\"@type\":\"ListItem\",\"position\":3,\"name\":\"Digna Abello Fire Chief\"}]},{\"@type\":\"WebSite\",\"@id\":\"https:\\\/\\\/www.miamibeachfl.gov\\\/#website\",\"url\":\"https:\\\/\\\/www.miamibeachfl.gov\\\/\",\"name\":\"City of Miami Beach\",\"description\":\"The official website of the City of Miami Beach. Stay informed, find important information on city services, news, alerts, events, trolley routes, government employment and more.\",\"publisher\":{\"@id\":\"https:\\\/\\\/www.miamibeachfl.gov\\\/#organization\"},\"potentialAction\":[{\"@type\":\"SearchAction\",\"target\":{\"@type\":\"EntryPoint\",\"urlTemplate\":\"https:\\\/\\\/www.miamibeachfl.gov\\\/?s={search_term_string}\"},\"query-input\":{\"@type\":\"PropertyValueSpecification\",\"valueRequired\":true,\"valueName\":\"search_term_string\"}}],\"inLanguage\":\"es\"},{\"@type\":\"Organization\",\"@id\":\"https:\\\/\\\/www.miamibeachfl.gov\\\/#organization\",\"name\":\"City of Miami Beach\",\"url\":\"https:\\\/\\\/www.miamibeachfl.gov\\\/\",\"logo\":{\"@type\":\"ImageObject\",\"inLanguage\":\"es\",\"@id\":\"https:\\\/\\\/www.miamibeachfl.gov\\\/#\\\/schema\\\/logo\\\/image\\\/\",\"url\":\"https:\\\/\\\/www.miamibeachfl.gov\\\/wp-content\\\/uploads\\\/2022\\\/06\\\/miamibeach-logoblue.png\",\"contentUrl\":\"https:\\\/\\\/www.miamibeachfl.gov\\\/wp-content\\\/uploads\\\/2022\\\/06\\\/miamibeach-logoblue.png\",\"width\":1962,\"height\":381,\"caption\":\"City of Miami Beach\"},\"image\":{\"@id\":\"https:\\\/\\\/www.miamibeachfl.gov\\\/#\\\/schema\\\/logo\\\/image\\\/\"},\"sameAs\":[\"https:\\\/\\\/www.facebook.com\\\/cityofmiamibeach\",\"https:\\\/\\\/x.com\\\/Miamibeachnews\",\"https:\\\/\\\/www.instagram.com\\\/miamibeachnews\\\/\"],\"description\":\"The official website of the City of Miami Beach. Stay informed, find important information on city services, news, alerts, events, trolley routes, government employment and more.\",\"telephone\":\"305.604.CITY(2489)\",\"legalName\":\"City of Miami Beach\"}]}<\/script>\n<!-- \/ Yoast SEO Premium plugin. -->","yoast_head_json":{"title":"Digna Abello, Jefa de Bomberos de la Ciudad de Miami Beach","description":"Virgil Fern\u00e1ndez fue designado jefe del Departamento de Bomberos de Miami Beach en febrero de 2014 como culminaci\u00f3n de una distinguida carrera como bombero que dur\u00f3 m\u00e1s de cuatro d\u00e9cadas y lo llev\u00f3 desde las calles de su natal Miami hasta la zona cero de Nueva York despu\u00e9s de los ataques terroristas del 11 de septiembre.","robots":{"index":"index","follow":"follow","max-snippet":"max-snippet:-1","max-image-preview":"max-image-preview:large","max-video-preview":"max-video-preview:-1"},"canonical":"https:\/\/www.miamibeachfl.gov\/es\/staff\/digna-abello\/","og_locale":"es_ES","og_type":"article","og_title":"Digna Abello Fire Chief","og_description":"Virgil Fernandez was appointed chief of the Miami Beach Fire Department in February 2014 as the culmination of a distinguished firefighting career that has spanned more than four decades and taken him from the streets of his native Miami to New York\u2019s ground zero in the aftermath of the 9\/11 terror attacks.","og_url":"https:\/\/www.miamibeachfl.gov\/es\/staff\/digna-abello\/","og_site_name":"City of Miami Beach","article_publisher":"https:\/\/www.facebook.com\/cityofmiamibeach","article_modified_time":"2025-12-16T13:22:57+00:00","og_image":[{"width":250,"height":250,"url":"https:\/\/www.miamibeachfl.gov\/wp-content\/uploads\/2024\/07\/DignaAbello.png","type":"image\/png"}],"twitter_card":"summary_large_image","twitter_site":"@Miamibeachnews","schema":{"@context":"https:\/\/schema.org","@graph":[{"@type":"WebPage","@id":"https:\/\/www.miamibeachfl.gov\/staff\/digna-abello\/","url":"https:\/\/www.miamibeachfl.gov\/staff\/digna-abello\/","name":"Digna Abello, Jefa de Bomberos de la Ciudad de Miami Beach","isPartOf":{"@id":"https:\/\/www.miamibeachfl.gov\/#website"},"primaryImageOfPage":{"@id":"https:\/\/www.miamibeachfl.gov\/staff\/digna-abello\/#primaryimage"},"image":{"@id":"https:\/\/www.miamibeachfl.gov\/staff\/digna-abello\/#primaryimage"},"thumbnailUrl":"https:\/\/www.miamibeachfl.gov\/wp-content\/uploads\/2024\/07\/DignaAbello.png","datePublished":"2023-05-24T14:17:02+00:00","dateModified":"2025-12-16T13:22:57+00:00","description":"Virgil Fern\u00e1ndez fue designado jefe del Departamento de Bomberos de Miami Beach en febrero de 2014 como culminaci\u00f3n de una distinguida carrera como bombero que dur\u00f3 m\u00e1s de cuatro d\u00e9cadas y lo llev\u00f3 desde las calles de su natal Miami hasta la zona cero de Nueva York despu\u00e9s de los ataques terroristas del 11 de septiembre.","breadcrumb":{"@id":"https:\/\/www.miamibeachfl.gov\/staff\/digna-abello\/#breadcrumb"},"inLanguage":"es","potentialAction":[{"@type":"ReadAction","target":["https:\/\/www.miamibeachfl.gov\/staff\/digna-abello\/"]}]},{"@type":"ImageObject","inLanguage":"es","@id":"https:\/\/www.miamibeachfl.gov\/staff\/digna-abello\/#primaryimage","url":"https:\/\/www.miamibeachfl.gov\/wp-content\/uploads\/2024\/07\/DignaAbello.png","contentUrl":"https:\/\/www.miamibeachfl.gov\/wp-content\/uploads\/2024\/07\/DignaAbello.png","width":250,"height":250,"caption":"Digna Abello"},{"@type":"BreadcrumbList","@id":"https:\/\/www.miamibeachfl.gov\/staff\/digna-abello\/#breadcrumb","itemListElement":[{"@type":"ListItem","position":1,"name":"Home","item":"https:\/\/www.miamibeachfl.gov\/"},{"@type":"ListItem","position":2,"name":"Staff","item":"https:\/\/www.miamibeachfl.gov\/staff\/"},{"@type":"ListItem","position":3,"name":"Digna Abello Fire Chief"}]},{"@type":"WebSite","@id":"https:\/\/www.miamibeachfl.gov\/#website","url":"https:\/\/www.miamibeachfl.gov\/","name":"Ciudad de Miami Beach","description":"Sitio web oficial de la Ciudad de Miami Beach. Mant\u00e9ngase informado, encuentre informaci\u00f3n importante sobre servicios municipales, noticias, alertas, eventos, rutas de tranv\u00edas, empleos gubernamentales y m\u00e1s.","publisher":{"@id":"https:\/\/www.miamibeachfl.gov\/#organization"},"potentialAction":[{"@type":"SearchAction","target":{"@type":"EntryPoint","urlTemplate":"https:\/\/www.miamibeachfl.gov\/?s={search_term_string}"},"query-input":{"@type":"PropertyValueSpecification","valueRequired":true,"valueName":"search_term_string"}}],"inLanguage":"es"},{"@type":"Organization","@id":"https:\/\/www.miamibeachfl.gov\/#organization","name":"Ciudad de Miami Beach","url":"https:\/\/www.miamibeachfl.gov\/","logo":{"@type":"ImageObject","inLanguage":"es","@id":"https:\/\/www.miamibeachfl.gov\/#\/schema\/logo\/image\/","url":"https:\/\/www.miamibeachfl.gov\/wp-content\/uploads\/2022\/06\/miamibeach-logoblue.png","contentUrl":"https:\/\/www.miamibeachfl.gov\/wp-content\/uploads\/2022\/06\/miamibeach-logoblue.png","width":1962,"height":381,"caption":"City of Miami Beach"},"image":{"@id":"https:\/\/www.miamibeachfl.gov\/#\/schema\/logo\/image\/"},"sameAs":["https:\/\/www.facebook.com\/cityofmiamibeach","https:\/\/x.com\/Miamibeachnews","https:\/\/www.instagram.com\/miamibeachnews\/"],"description":"Sitio web oficial de la Ciudad de Miami Beach. Mant\u00e9ngase informado, encuentre informaci\u00f3n importante sobre servicios municipales, noticias, alertas, eventos, rutas de tranv\u00edas, empleos gubernamentales y m\u00e1s.","telephone":"305.604.CITY(2489)","legalName":"City of Miami Beach"}]}},"_links":{"self":[{"href":"https:\/\/www.miamibeachfl.gov\/es\/wp-json\/wp\/v2\/pages\/261188","targetHints":{"allow":["GET"]}}],"collection":[{"href":"https:\/\/www.miamibeachfl.gov\/es\/wp-json\/wp\/v2\/pages"}],"about":[{"href":"https:\/\/www.miamibeachfl.gov\/es\/wp-json\/wp\/v2\/types\/page"}],"author":[{"embeddable":true,"href":"https:\/\/www.miamibeachfl.gov\/es\/wp-json\/wp\/v2\/users\/222"}],"replies":[{"embeddable":true,"href":"https:\/\/www.miamibeachfl.gov\/es\/wp-json\/wp\/v2\/comments?post=261188"}],"version-history":[{"count":2,"href":"https:\/\/www.miamibeachfl.gov\/es\/wp-json\/wp\/v2\/pages\/261188\/revisions"}],"predecessor-version":[{"id":393432,"href":"https:\/\/www.miamibeachfl.gov\/es\/wp-json\/wp\/v2\/pages\/261188\/revisions\/393432"}],"up":[{"embeddable":true,"href":"https:\/\/www.miamibeachfl.gov\/es\/wp-json\/wp\/v2\/pages\/261112"}],"wp:featuredmedia":[{"embeddable":true,"href":"https:\/\/www.miamibeachfl.gov\/es\/wp-json\/wp\/v2\/media\/327872"}],"wp:attachment":[{"href":"https:\/\/www.miamibeachfl.gov\/es\/wp-json\/wp\/v2\/media?parent=261188"}],"wp:term":[{"taxonomy":"category","embeddable":true,"href":"https:\/\/www.miamibeachfl.gov\/es\/wp-json\/wp\/v2\/categories?post=261188"},{"taxonomy":"post_tag","embeddable":true,"href":"https:\/\/www.miamibeachfl.gov\/es\/wp-json\/wp\/v2\/tags?post=261188"}],"curies":[{"name":"gracias","href":"https:\/\/api.w.org\/{rel}","templated":true}]}}