{"id":261197,"date":"2023-05-24T10:30:39","date_gmt":"2023-05-24T14:30:39","guid":{"rendered":"https:\/\/www.miamibeachfl.gov\/?page_id=261197"},"modified":"2026-01-02T10:35:23","modified_gmt":"2026-01-02T15:35:23","slug":"amy-knowles","status":"publish","type":"page","link":"https:\/\/www.miamibeachfl.gov\/es\/staff\/amy-knowles\/","title":{"rendered":"Amy Knowles <br><span style=\"font-size:18px\">Director de Resiliencia<\/span>"},"content":{"rendered":"<img decoding=\"async\" src=\"https:\/\/www.miamibeachfl.gov\/wp-content\/uploads\/bb-plugin\/cache\/AmyKnowles-round-1-circle.png\" alt=\"Amy Knowles\" title=\"AmyKnowles-ronda\" itemprop=\"image\"\/>\n\t\t<h1>\n\t\t\tAmy Knowles\t<\/h1>\n<h2>\n\t\t\tDirector de Resiliencia\t<\/h2>\n\t<ul>\n\t\t<li>\t\t\t\t\n\t\t<h3>Correo electr\u00f3nico:<\/h3><p><strong><a href=\"mailto:AmyKnowles@miamibeachfl.gov\">AmyKnowles@miamibeachfl.gov<\/a><\/strong><\/p><\/li><li>\t\t\t\t\n\t\t<h3>Tel\u00e9fono:<\/h3><p><strong><a href=\"tel:3056737084\">305.673.7084 Ext: 6081<\/a><\/strong><\/p><\/li><li>\t\t\t\t\n\t\t<h3>Sitios web<\/h3><p><strong><a href=\"https:\/\/www.miamibeachfl.gov\/es\/city-hall\/city-manager\/\">Visita el sitio web del Administrador de la Ciudad<\/a><\/strong><strong><a href=\"https:\/\/www.miamibeachfl.gov\/es\/city-hall\/environmental-sustainability\/\">Visite el sitio web del Departamento de Medio Ambiente y Sostenibilidad<\/a><\/strong><\/p><\/li>\t<\/ul>\n\t<p><strong>\u00c1reas de responsabilidad:<\/strong> Departamento de Estrategia de Resiliencia, Medio Ambiente y Sostenibilidad<\/p>\n\t<p>Amy Knowles se desempe\u00f1a como Directora de Resiliencia y Directora de Medio Ambiente y Sostenibilidad de la Ciudad de Miami Beach. La Sra. Knowles colabora estrechamente con un equipo de liderazgo hol\u00edstico en resiliencia para implementar pol\u00edticas y proyectos que forjen una Miami Beach resiliente.<\/p>\n<p>Miami Beach es un laboratorio viviente para el cambio clim\u00e1tico, y la Sra. Knowles se centra en integrar la planificaci\u00f3n de la preparaci\u00f3n clim\u00e1tica con soluciones e infraestructuras basadas en la naturaleza. En la planificaci\u00f3n para el aumento del nivel del mar, la Sra. Knowles ayud\u00f3 recientemente a obtener $48 millones en fondos de resiliencia para proyectos que abarcan desde la restauraci\u00f3n de dunas hasta la infraestructura. Lider\u00f3 la primera evaluaci\u00f3n de vulnerabilidad de la ciudad y el an\u00e1lisis del caso de negocio del programa de aguas pluviales, ambos destacando la importancia social y econ\u00f3mica de proteger Miami Beach. Recientemente lanz\u00f3 <em>Lucha contra la inundaci\u00f3n<\/em>Un programa de adaptaci\u00f3n de propiedades privadas para incentivar la inversi\u00f3n en resiliencia. Entre las iniciativas destacadas de Miami Beach para combatir el calor extremo se incluyen la Ordenanza de Isla de Calor Urbana y el Plan Maestro de Silvicultura Urbana.<\/p>\n<p>La Sra. Knowles cree que la colaboraci\u00f3n es fundamental para la resiliencia y trabaja en una asociaci\u00f3n \u00fanica con el condado de Miami-Dade, la ciudad de Miami y la Fundaci\u00f3n Miami para implementar\u00a0<em>Resiliente305<\/em>Una estrategia de resiliencia compartida. La Sra. Knowles forma parte del Comit\u00e9 Directivo de Norteam\u00e9rica de la Red Global de Ciudades Resilientes. Participa en el trabajo del Pacto por el Cambio Clim\u00e1tico del Sureste de Florida y Resiliencia Florida. Ha viajado a los Pa\u00edses Bajos, Chile y a todo Estados Unidos para estudiar y compartir estrategias de resiliencia.<\/p>\n<p>La trayectoria de la Sra. Knowles en el servicio p\u00fablico abarca la protecci\u00f3n, administraci\u00f3n y planificaci\u00f3n ambiental. Es licenciada en Pol\u00edtica Ambiental por la Universidad de Binghamton y tiene una Maestr\u00eda en Administraci\u00f3n de Empresas por la Universidad de Miami.<\/p>","protected":false},"excerpt":{"rendered":"<p>Amy Knowles Chief Resilience Officer Email: AmyKnowles@miamibeachfl.gov Phone: 305.673.7084 Ext: 6081 Websites Visit the City Manager&#8217;s websiteVisit the Environmental and [&hellip;]<\/p>\n","protected":false},"author":222,"featured_media":261199,"parent":261112,"menu_order":21,"comment_status":"closed","ping_status":"closed","template":"","meta":{"_searchwp_excluded":"","site-sidebar-layout":"default","site-content-layout":"","ast-site-content-layout":"default","site-content-style":"default","site-sidebar-style":"default","ast-global-header-display":"","ast-banner-title-visibility":"","ast-main-header-display":"","ast-hfb-above-header-display":"","ast-hfb-below-header-display":"","ast-hfb-mobile-header-display":"","site-post-title":"","ast-breadcrumbs-content":"","ast-featured-img":"","footer-sml-layout":"","theme-transparent-header-meta":"","adv-header-id-meta":"","stick-header-meta":"","header-above-stick-meta":"","header-main-stick-meta":"","header-below-stick-meta":"","astra-migrate-meta-layouts":"default","ast-page-background-enabled":"default","ast-page-background-meta":{"desktop":{"background-color":"var(--ast-global-color-5)","background-image":"","background-repeat":"repeat","background-position":"center center","background-size":"auto","background-attachment":"scroll","background-type":"","background-media":"","overlay-type":"","overlay-color":"","overlay-opacity":"","overlay-gradient":""},"tablet":{"background-color":"","background-image":"","background-repeat":"repeat","background-position":"center center","background-size":"auto","background-attachment":"scroll","background-type":"","background-media":"","overlay-type":"","overlay-color":"","overlay-opacity":"","overlay-gradient":""},"mobile":{"background-color":"","background-image":"","background-repeat":"repeat","background-position":"center center","background-size":"auto","background-attachment":"scroll","background-type":"","background-media":"","overlay-type":"","overlay-color":"","overlay-opacity":"","overlay-gradient":""}},"ast-content-background-meta":{"desktop":{"background-color":"var(--ast-global-color-4)","background-image":"","background-repeat":"repeat","background-position":"center center","background-size":"auto","background-attachment":"scroll","background-type":"","background-media":"","overlay-type":"","overlay-color":"","overlay-opacity":"","overlay-gradient":""},"tablet":{"background-color":"var(--ast-global-color-4)","background-image":"","background-repeat":"repeat","background-position":"center center","background-size":"auto","background-attachment":"scroll","background-type":"","background-media":"","overlay-type":"","overlay-color":"","overlay-opacity":"","overlay-gradient":""},"mobile":{"background-color":"var(--ast-global-color-4)","background-image":"","background-repeat":"repeat","background-position":"center center","background-size":"auto","background-attachment":"scroll","background-type":"","background-media":"","overlay-type":"","overlay-color":"","overlay-opacity":"","overlay-gradient":""}},"footnotes":""},"categories":[],"tags":[969,960],"class_list":["post-261197","page","type-page","status-publish","has-post-thumbnail","hentry","tag-amy-knowles-staff","tag-staff"],"yoast_head":"<!-- This site is optimized with the Yoast SEO Premium plugin v27.4 (Yoast SEO v27.4) - https:\/\/yoast.com\/product\/yoast-seo-premium-wordpress\/ -->\n<title>Amy Knowles Chief Resilience Officer - City of Miami Beach<\/title>\n<meta name=\"description\" content=\"Amy Knowles serves as the Chief Resilience Officer and the Director of Environment and Sustainability for the City of Miami Beach. Ms. Knowles works closely with a holistic resilience leadership team to implement policies and projects to build a resilient Miami Beach.\" \/>\n<meta name=\"robots\" content=\"index, follow, max-snippet:-1, max-image-preview:large, max-video-preview:-1\" \/>\n<link rel=\"canonical\" href=\"https:\/\/www.miamibeachfl.gov\/es\/staff\/amy-knowles\/\" \/>\n<meta property=\"og:locale\" content=\"es_ES\" \/>\n<meta property=\"og:type\" content=\"article\" \/>\n<meta property=\"og:title\" content=\"Amy Knowles Chief Resilience Officer\" \/>\n<meta property=\"og:description\" content=\"Amy Knowles serves as the Chief Resilience Officer and the Director of Environment and Sustainability for the City of Miami Beach. Ms. Knowles works closely with a holistic resilience leadership team to implement policies and projects to build a resilient Miami Beach.\" \/>\n<meta property=\"og:url\" content=\"https:\/\/www.miamibeachfl.gov\/es\/staff\/amy-knowles\/\" \/>\n<meta property=\"og:site_name\" content=\"City of Miami Beach\" \/>\n<meta property=\"article:publisher\" content=\"https:\/\/www.facebook.com\/cityofmiamibeach\" \/>\n<meta property=\"article:modified_time\" content=\"2026-01-02T15:35:23+00:00\" \/>\n<meta property=\"og:image\" content=\"https:\/\/www.miamibeachfl.gov\/wp-content\/uploads\/2023\/05\/AmyKnowles-round-1.png\" \/>\n\t<meta property=\"og:image:width\" content=\"249\" \/>\n\t<meta property=\"og:image:height\" content=\"250\" \/>\n\t<meta property=\"og:image:type\" content=\"image\/png\" \/>\n<meta name=\"twitter:card\" content=\"summary_large_image\" \/>\n<meta name=\"twitter:site\" content=\"@Miamibeachnews\" \/>\n<script type=\"application\/ld+json\" class=\"yoast-schema-graph\">{\"@context\":\"https:\\\/\\\/schema.org\",\"@graph\":[{\"@type\":\"WebPage\",\"@id\":\"https:\\\/\\\/www.miamibeachfl.gov\\\/staff\\\/amy-knowles\\\/\",\"url\":\"https:\\\/\\\/www.miamibeachfl.gov\\\/staff\\\/amy-knowles\\\/\",\"name\":\"Amy Knowles Chief Resilience Officer - City of Miami Beach\",\"isPartOf\":{\"@id\":\"https:\\\/\\\/www.miamibeachfl.gov\\\/#website\"},\"primaryImageOfPage\":{\"@id\":\"https:\\\/\\\/www.miamibeachfl.gov\\\/staff\\\/amy-knowles\\\/#primaryimage\"},\"image\":{\"@id\":\"https:\\\/\\\/www.miamibeachfl.gov\\\/staff\\\/amy-knowles\\\/#primaryimage\"},\"thumbnailUrl\":\"https:\\\/\\\/www.miamibeachfl.gov\\\/wp-content\\\/uploads\\\/2023\\\/05\\\/AmyKnowles-round-1.png\",\"datePublished\":\"2023-05-24T14:30:39+00:00\",\"dateModified\":\"2026-01-02T15:35:23+00:00\",\"description\":\"Amy Knowles serves as the Chief Resilience Officer and the Director of Environment and Sustainability for the City of Miami Beach. Ms. Knowles works closely with a holistic resilience leadership team to implement policies and projects to build a resilient Miami Beach.\",\"breadcrumb\":{\"@id\":\"https:\\\/\\\/www.miamibeachfl.gov\\\/staff\\\/amy-knowles\\\/#breadcrumb\"},\"inLanguage\":\"es\",\"potentialAction\":[{\"@type\":\"ReadAction\",\"target\":[\"https:\\\/\\\/www.miamibeachfl.gov\\\/staff\\\/amy-knowles\\\/\"]}]},{\"@type\":\"ImageObject\",\"inLanguage\":\"es\",\"@id\":\"https:\\\/\\\/www.miamibeachfl.gov\\\/staff\\\/amy-knowles\\\/#primaryimage\",\"url\":\"https:\\\/\\\/www.miamibeachfl.gov\\\/wp-content\\\/uploads\\\/2023\\\/05\\\/AmyKnowles-round-1.png\",\"contentUrl\":\"https:\\\/\\\/www.miamibeachfl.gov\\\/wp-content\\\/uploads\\\/2023\\\/05\\\/AmyKnowles-round-1.png\",\"width\":249,\"height\":250,\"caption\":\"Amy Knowles\"},{\"@type\":\"BreadcrumbList\",\"@id\":\"https:\\\/\\\/www.miamibeachfl.gov\\\/staff\\\/amy-knowles\\\/#breadcrumb\",\"itemListElement\":[{\"@type\":\"ListItem\",\"position\":1,\"name\":\"Home\",\"item\":\"https:\\\/\\\/www.miamibeachfl.gov\\\/\"},{\"@type\":\"ListItem\",\"position\":2,\"name\":\"Staff\",\"item\":\"https:\\\/\\\/www.miamibeachfl.gov\\\/staff\\\/\"},{\"@type\":\"ListItem\",\"position\":3,\"name\":\"Amy Knowles Chief Resilience Officer\"}]},{\"@type\":\"WebSite\",\"@id\":\"https:\\\/\\\/www.miamibeachfl.gov\\\/#website\",\"url\":\"https:\\\/\\\/www.miamibeachfl.gov\\\/\",\"name\":\"City of Miami Beach\",\"description\":\"The official website of the City of Miami Beach. Stay informed, find important information on city services, news, alerts, events, trolley routes, government employment and more.\",\"publisher\":{\"@id\":\"https:\\\/\\\/www.miamibeachfl.gov\\\/#organization\"},\"potentialAction\":[{\"@type\":\"SearchAction\",\"target\":{\"@type\":\"EntryPoint\",\"urlTemplate\":\"https:\\\/\\\/www.miamibeachfl.gov\\\/?s={search_term_string}\"},\"query-input\":{\"@type\":\"PropertyValueSpecification\",\"valueRequired\":true,\"valueName\":\"search_term_string\"}}],\"inLanguage\":\"es\"},{\"@type\":\"Organization\",\"@id\":\"https:\\\/\\\/www.miamibeachfl.gov\\\/#organization\",\"name\":\"City of Miami Beach\",\"url\":\"https:\\\/\\\/www.miamibeachfl.gov\\\/\",\"logo\":{\"@type\":\"ImageObject\",\"inLanguage\":\"es\",\"@id\":\"https:\\\/\\\/www.miamibeachfl.gov\\\/#\\\/schema\\\/logo\\\/image\\\/\",\"url\":\"https:\\\/\\\/www.miamibeachfl.gov\\\/wp-content\\\/uploads\\\/2022\\\/06\\\/miamibeach-logoblue.png\",\"contentUrl\":\"https:\\\/\\\/www.miamibeachfl.gov\\\/wp-content\\\/uploads\\\/2022\\\/06\\\/miamibeach-logoblue.png\",\"width\":1962,\"height\":381,\"caption\":\"City of Miami Beach\"},\"image\":{\"@id\":\"https:\\\/\\\/www.miamibeachfl.gov\\\/#\\\/schema\\\/logo\\\/image\\\/\"},\"sameAs\":[\"https:\\\/\\\/www.facebook.com\\\/cityofmiamibeach\",\"https:\\\/\\\/x.com\\\/Miamibeachnews\",\"https:\\\/\\\/www.instagram.com\\\/miamibeachnews\\\/\"],\"description\":\"The official website of the City of Miami Beach. Stay informed, find important information on city services, news, alerts, events, trolley routes, government employment and more.\",\"telephone\":\"305.604.CITY(2489)\",\"legalName\":\"City of Miami Beach\"}]}<\/script>\n<!-- \/ Yoast SEO Premium plugin. -->","yoast_head_json":{"title":"Amy Knowles, Directora de Resiliencia de la Ciudad de Miami Beach","description":"Amy Knowles se desempe\u00f1a como Directora de Resiliencia y Directora de Medio Ambiente y Sostenibilidad de la Ciudad de Miami Beach. La Sra. Knowles colabora estrechamente con un equipo de liderazgo hol\u00edstico en resiliencia para implementar pol\u00edticas y proyectos que forjen una Miami Beach resiliente.","robots":{"index":"index","follow":"follow","max-snippet":"max-snippet:-1","max-image-preview":"max-image-preview:large","max-video-preview":"max-video-preview:-1"},"canonical":"https:\/\/www.miamibeachfl.gov\/es\/staff\/amy-knowles\/","og_locale":"es_ES","og_type":"article","og_title":"Amy Knowles Chief Resilience Officer","og_description":"Amy Knowles serves as the Chief Resilience Officer and the Director of Environment and Sustainability for the City of Miami Beach. Ms. Knowles works closely with a holistic resilience leadership team to implement policies and projects to build a resilient Miami Beach.","og_url":"https:\/\/www.miamibeachfl.gov\/es\/staff\/amy-knowles\/","og_site_name":"City of Miami Beach","article_publisher":"https:\/\/www.facebook.com\/cityofmiamibeach","article_modified_time":"2026-01-02T15:35:23+00:00","og_image":[{"width":249,"height":250,"url":"https:\/\/www.miamibeachfl.gov\/wp-content\/uploads\/2023\/05\/AmyKnowles-round-1.png","type":"image\/png"}],"twitter_card":"summary_large_image","twitter_site":"@Miamibeachnews","schema":{"@context":"https:\/\/schema.org","@graph":[{"@type":"WebPage","@id":"https:\/\/www.miamibeachfl.gov\/staff\/amy-knowles\/","url":"https:\/\/www.miamibeachfl.gov\/staff\/amy-knowles\/","name":"Amy Knowles, Directora de Resiliencia de la Ciudad de Miami Beach","isPartOf":{"@id":"https:\/\/www.miamibeachfl.gov\/#website"},"primaryImageOfPage":{"@id":"https:\/\/www.miamibeachfl.gov\/staff\/amy-knowles\/#primaryimage"},"image":{"@id":"https:\/\/www.miamibeachfl.gov\/staff\/amy-knowles\/#primaryimage"},"thumbnailUrl":"https:\/\/www.miamibeachfl.gov\/wp-content\/uploads\/2023\/05\/AmyKnowles-round-1.png","datePublished":"2023-05-24T14:30:39+00:00","dateModified":"2026-01-02T15:35:23+00:00","description":"Amy Knowles se desempe\u00f1a como Directora de Resiliencia y Directora de Medio Ambiente y Sostenibilidad de la Ciudad de Miami Beach. La Sra. Knowles colabora estrechamente con un equipo de liderazgo hol\u00edstico en resiliencia para implementar pol\u00edticas y proyectos que forjen una Miami Beach resiliente.","breadcrumb":{"@id":"https:\/\/www.miamibeachfl.gov\/staff\/amy-knowles\/#breadcrumb"},"inLanguage":"es","potentialAction":[{"@type":"ReadAction","target":["https:\/\/www.miamibeachfl.gov\/staff\/amy-knowles\/"]}]},{"@type":"ImageObject","inLanguage":"es","@id":"https:\/\/www.miamibeachfl.gov\/staff\/amy-knowles\/#primaryimage","url":"https:\/\/www.miamibeachfl.gov\/wp-content\/uploads\/2023\/05\/AmyKnowles-round-1.png","contentUrl":"https:\/\/www.miamibeachfl.gov\/wp-content\/uploads\/2023\/05\/AmyKnowles-round-1.png","width":249,"height":250,"caption":"Amy Knowles"},{"@type":"BreadcrumbList","@id":"https:\/\/www.miamibeachfl.gov\/staff\/amy-knowles\/#breadcrumb","itemListElement":[{"@type":"ListItem","position":1,"name":"Home","item":"https:\/\/www.miamibeachfl.gov\/"},{"@type":"ListItem","position":2,"name":"Staff","item":"https:\/\/www.miamibeachfl.gov\/staff\/"},{"@type":"ListItem","position":3,"name":"Amy Knowles Chief Resilience Officer"}]},{"@type":"WebSite","@id":"https:\/\/www.miamibeachfl.gov\/#website","url":"https:\/\/www.miamibeachfl.gov\/","name":"Ciudad de Miami Beach","description":"Sitio web oficial de la Ciudad de Miami Beach. Mant\u00e9ngase informado, encuentre informaci\u00f3n importante sobre servicios municipales, noticias, alertas, eventos, rutas de tranv\u00edas, empleos gubernamentales y m\u00e1s.","publisher":{"@id":"https:\/\/www.miamibeachfl.gov\/#organization"},"potentialAction":[{"@type":"SearchAction","target":{"@type":"EntryPoint","urlTemplate":"https:\/\/www.miamibeachfl.gov\/?s={search_term_string}"},"query-input":{"@type":"PropertyValueSpecification","valueRequired":true,"valueName":"search_term_string"}}],"inLanguage":"es"},{"@type":"Organization","@id":"https:\/\/www.miamibeachfl.gov\/#organization","name":"Ciudad de Miami Beach","url":"https:\/\/www.miamibeachfl.gov\/","logo":{"@type":"ImageObject","inLanguage":"es","@id":"https:\/\/www.miamibeachfl.gov\/#\/schema\/logo\/image\/","url":"https:\/\/www.miamibeachfl.gov\/wp-content\/uploads\/2022\/06\/miamibeach-logoblue.png","contentUrl":"https:\/\/www.miamibeachfl.gov\/wp-content\/uploads\/2022\/06\/miamibeach-logoblue.png","width":1962,"height":381,"caption":"City of Miami Beach"},"image":{"@id":"https:\/\/www.miamibeachfl.gov\/#\/schema\/logo\/image\/"},"sameAs":["https:\/\/www.facebook.com\/cityofmiamibeach","https:\/\/x.com\/Miamibeachnews","https:\/\/www.instagram.com\/miamibeachnews\/"],"description":"Sitio web oficial de la Ciudad de Miami Beach. Mant\u00e9ngase informado, encuentre informaci\u00f3n importante sobre servicios municipales, noticias, alertas, eventos, rutas de tranv\u00edas, empleos gubernamentales y m\u00e1s.","telephone":"305.604.CITY(2489)","legalName":"City of Miami Beach"}]}},"_links":{"self":[{"href":"https:\/\/www.miamibeachfl.gov\/es\/wp-json\/wp\/v2\/pages\/261197","targetHints":{"allow":["GET"]}}],"collection":[{"href":"https:\/\/www.miamibeachfl.gov\/es\/wp-json\/wp\/v2\/pages"}],"about":[{"href":"https:\/\/www.miamibeachfl.gov\/es\/wp-json\/wp\/v2\/types\/page"}],"author":[{"embeddable":true,"href":"https:\/\/www.miamibeachfl.gov\/es\/wp-json\/wp\/v2\/users\/222"}],"replies":[{"embeddable":true,"href":"https:\/\/www.miamibeachfl.gov\/es\/wp-json\/wp\/v2\/comments?post=261197"}],"version-history":[{"count":2,"href":"https:\/\/www.miamibeachfl.gov\/es\/wp-json\/wp\/v2\/pages\/261197\/revisions"}],"predecessor-version":[{"id":394407,"href":"https:\/\/www.miamibeachfl.gov\/es\/wp-json\/wp\/v2\/pages\/261197\/revisions\/394407"}],"up":[{"embeddable":true,"href":"https:\/\/www.miamibeachfl.gov\/es\/wp-json\/wp\/v2\/pages\/261112"}],"wp:featuredmedia":[{"embeddable":true,"href":"https:\/\/www.miamibeachfl.gov\/es\/wp-json\/wp\/v2\/media\/261199"}],"wp:attachment":[{"href":"https:\/\/www.miamibeachfl.gov\/es\/wp-json\/wp\/v2\/media?parent=261197"}],"wp:term":[{"taxonomy":"category","embeddable":true,"href":"https:\/\/www.miamibeachfl.gov\/es\/wp-json\/wp\/v2\/categories?post=261197"},{"taxonomy":"post_tag","embeddable":true,"href":"https:\/\/www.miamibeachfl.gov\/es\/wp-json\/wp\/v2\/tags?post=261197"}],"curies":[{"name":"gracias","href":"https:\/\/api.w.org\/{rel}","templated":true}]}}