{"id":261218,"date":"2023-05-24T11:01:43","date_gmt":"2023-05-24T15:01:43","guid":{"rendered":"https:\/\/www.miamibeachfl.gov\/?page_id=261218"},"modified":"2026-01-02T09:54:03","modified_gmt":"2026-01-02T14:54:03","slug":"jason-greene","status":"publish","type":"page","link":"https:\/\/www.miamibeachfl.gov\/es\/staff\/jason-greene\/","title":{"rendered":"Jason Greene <br><span style=\"font-size:18px\">Director financiero<\/span>"},"content":{"rendered":"<img decoding=\"async\" src=\"https:\/\/www.miamibeachfl.gov\/wp-content\/uploads\/bb-plugin\/cache\/Jason-Greene-roundupdated-circle.png\" alt=\"Jason Greene\" title=\"Resumen actualizado de Jason Greene\" itemprop=\"image\"\/>\n\t\t<h1>\n\t\t\tJason Greene\t<\/h1>\n<h2>\n\t\t\tDirector financiero\t<\/h2>\n\t<ul>\n\t\t<li><a href=\"mailto:Jasongreene@miamibeachfl.gov\" target=\"_self\"  aria-label=\"Vaya a mailto:Jasongreene@miamibeachfl.gov\">\t\t\t\t\n\t\t<h3>JasonGreene@miamibeachfl.gov<\/h3><\/a><\/li><li>\t\t\t\t\n\t\t<h3>Sitio web del administrador de la ciudad<\/h3><p><strong><a href=\"https:\/\/www.miamibeachfl.gov\/es\/city-hall\/city-manager\/\">Haga clic aqu\u00ed para visitar el sitio web del administrador de la ciudad<\/a><\/strong><\/p><\/li><li>\t\t\t\t\n\t\t<h3>Sitio web del Departamento de Finanzas<\/h3><p><strong><a href=\"https:\/\/www.miamibeachfl.gov\/es\/city-hall\/finance\/\">Haga clic aqu\u00ed para visitar el sitio web de Finanzas<\/a><\/strong><\/p><\/li>\t<\/ul>\n\t<p><strong>Las \u00e1reas de responsabilidad incluyen:<\/strong> Finanzas, Centro de Atenci\u00f3n al Cliente, Gesti\u00f3n de Subvenciones, Iniciativas de Educaci\u00f3n y Rendimiento, y la Oficina de Administraci\u00f3n y Presupuesto. Jason tambi\u00e9n supervisa el Comit\u00e9 de Finanzas y Resiliencia Econ\u00f3mica.<\/p>\n\t<p>Jason D. Greene, CGFO, CFE, CPFIM, cuenta con m\u00e1s de dos d\u00e9cadas de experiencia en el gobierno local y de distritos especiales del sur de Florida y actualmente se desempe\u00f1a como Director Financiero (CFO) de la Ciudad de Miami Beach. Jason reside en Miami Beach desde hace muchos a\u00f1os y fue miembro del Comit\u00e9 de Bonos de Obligaci\u00f3n General de la Ciudad, donde ocup\u00f3 el cargo de Vicepresidente. Jason tiene una Licenciatura en Toxicolog\u00eda Ambiental, una Maestr\u00eda en Administraci\u00f3n de Empresas y una Maestr\u00eda en Ingenier\u00eda Civil.<\/p>\n<p>Jason cuenta con amplios conocimientos en presupuestos y planificaci\u00f3n financiera, incluyendo planificaci\u00f3n de capital plurianual, financiaci\u00f3n de bonos y gesti\u00f3n de deuda, preparaci\u00f3n de auditor\u00edas financieras anuales y funciones contables integrales. Antes de desempe\u00f1arse en la administraci\u00f3n p\u00fablica, Jason trabaj\u00f3 en consultor\u00eda de ingenier\u00eda, con especializaci\u00f3n en ingenier\u00eda civil y ambiental, y gesti\u00f3n de proyectos de mejora de capital. Su experiencia en gesti\u00f3n de proyectos inclu\u00eda programaci\u00f3n, an\u00e1lisis de costos, flujos de caja y previsiones.<\/p>\n<p>Adem\u00e1s, Jason es miembro y ha formado parte de las juntas y comit\u00e9s de la Asociaci\u00f3n Nacional de Oficiales Financieros del Gobierno (GFOA), actualmente forma parte de la Junta Ejecutiva de la GFOA, y es miembro de la Asociaci\u00f3n Internacional de Administradores de Ciudades y Condados, la Asociaci\u00f3n de Administradores de Ciudades y Condados de Florida, la Asociaci\u00f3n de Administradores de Ciudades y Condados de Miami-Dade, la Asociaci\u00f3n de Examinadores Certificados de Fraude, la Asociaci\u00f3n de Tesoreros P\u00fablicos de Estados Unidos y Canad\u00e1, y el Instituto de Control Interno. Obtuvo las certificaciones de Oficial Certificado de Finanzas del Gobierno (CGFO), Examinador Certificado de Fraude (CFE), Gestor Certificado de Inversiones de Fondos P\u00fablicos (CPFIM) y Auditor Certificado de Control Interno (CICA).<\/p>\n<p>Antes de incorporarse a la Ciudad de Miami Beach, Jason trabaj\u00f3 varios a\u00f1os como ingeniero consultor en grandes programas de mejora de infraestructura, principalmente en el Departamento de Agua y Alcantarillado del Condado de Miami-Dade. Durante su trabajo en estos programas, pas\u00f3 de la ingenier\u00eda al control de programas, la presupuestaci\u00f3n y la estimaci\u00f3n de costos. Trabaj\u00f3 durante m\u00e1s de 16 a\u00f1os tras ser contratado internamente por la Autoridad de Autopistas de Miami-Dade y cambi\u00f3 de Ingenier\u00eda a Finanzas, ocupando los cargos de Contralor y, finalmente, Gerente de Control Financiero y Presupuesto. Tambi\u00e9n trabaj\u00f3 en nuestra comunidad vecina de Surfside de 2019 a 2022, donde finalmente se desempe\u00f1\u00f3 como Subgerente Municipal\/CFO.<\/p>","protected":false},"excerpt":{"rendered":"<p>Jason Greene Chief Financial Officer JasonGreene@miamibeachfl.gov City Manager Website Click here to visit the City Manager Website Finance Department Website [&hellip;]<\/p>\n","protected":false},"author":222,"featured_media":340351,"parent":261112,"menu_order":20,"comment_status":"closed","ping_status":"closed","template":"","meta":{"_searchwp_excluded":"","site-sidebar-layout":"default","site-content-layout":"","ast-site-content-layout":"default","site-content-style":"default","site-sidebar-style":"default","ast-global-header-display":"","ast-banner-title-visibility":"","ast-main-header-display":"","ast-hfb-above-header-display":"","ast-hfb-below-header-display":"","ast-hfb-mobile-header-display":"","site-post-title":"","ast-breadcrumbs-content":"","ast-featured-img":"","footer-sml-layout":"","ast-disable-related-posts":"","theme-transparent-header-meta":"","adv-header-id-meta":"","stick-header-meta":"","header-above-stick-meta":"","header-main-stick-meta":"","header-below-stick-meta":"","astra-migrate-meta-layouts":"default","ast-page-background-enabled":"default","ast-page-background-meta":{"desktop":{"background-color":"var(--ast-global-color-5)","background-image":"","background-repeat":"repeat","background-position":"center center","background-size":"auto","background-attachment":"scroll","background-type":"","background-media":"","overlay-type":"","overlay-color":"","overlay-opacity":"","overlay-gradient":""},"tablet":{"background-color":"","background-image":"","background-repeat":"repeat","background-position":"center center","background-size":"auto","background-attachment":"scroll","background-type":"","background-media":"","overlay-type":"","overlay-color":"","overlay-opacity":"","overlay-gradient":""},"mobile":{"background-color":"","background-image":"","background-repeat":"repeat","background-position":"center center","background-size":"auto","background-attachment":"scroll","background-type":"","background-media":"","overlay-type":"","overlay-color":"","overlay-opacity":"","overlay-gradient":""}},"ast-content-background-meta":{"desktop":{"background-color":"var(--ast-global-color-4)","background-image":"","background-repeat":"repeat","background-position":"center center","background-size":"auto","background-attachment":"scroll","background-type":"","background-media":"","overlay-type":"","overlay-color":"","overlay-opacity":"","overlay-gradient":""},"tablet":{"background-color":"var(--ast-global-color-4)","background-image":"","background-repeat":"repeat","background-position":"center center","background-size":"auto","background-attachment":"scroll","background-type":"","background-media":"","overlay-type":"","overlay-color":"","overlay-opacity":"","overlay-gradient":""},"mobile":{"background-color":"var(--ast-global-color-4)","background-image":"","background-repeat":"repeat","background-position":"center center","background-size":"auto","background-attachment":"scroll","background-type":"","background-media":"","overlay-type":"","overlay-color":"","overlay-opacity":"","overlay-gradient":""}},"footnotes":""},"categories":[],"tags":[961,971,960],"class_list":["post-261218","page","type-page","status-publish","has-post-thumbnail","hentry","tag-staff-city-manager-team","tag-jason-greene-staff","tag-staff"],"yoast_head":"<!-- This site is optimized with the Yoast SEO Premium plugin v27.4 (Yoast SEO v27.4) - https:\/\/yoast.com\/product\/yoast-seo-premium-wordpress\/ -->\n<title>Jason Greene Chief Financial Officer - City of Miami Beach<\/title>\n<meta name=\"description\" content=\"Jason Greene City of Miami Beach Chief Financial Officer\" \/>\n<meta name=\"robots\" content=\"index, follow, max-snippet:-1, max-image-preview:large, max-video-preview:-1\" \/>\n<link rel=\"canonical\" href=\"https:\/\/www.miamibeachfl.gov\/es\/staff\/jason-greene\/\" \/>\n<meta property=\"og:locale\" content=\"es_ES\" \/>\n<meta property=\"og:type\" content=\"article\" \/>\n<meta property=\"og:title\" content=\"Jason Greene Chief Financial Officer\" \/>\n<meta property=\"og:description\" content=\"Jason Greene City of Miami Beach Chief Financial Officer\" \/>\n<meta property=\"og:url\" content=\"https:\/\/www.miamibeachfl.gov\/es\/staff\/jason-greene\/\" \/>\n<meta property=\"og:site_name\" content=\"City of Miami Beach\" \/>\n<meta property=\"article:publisher\" content=\"https:\/\/www.facebook.com\/cityofmiamibeach\" \/>\n<meta property=\"article:modified_time\" content=\"2026-01-02T14:54:03+00:00\" \/>\n<meta property=\"og:image\" content=\"https:\/\/www.miamibeachfl.gov\/wp-content\/uploads\/2024\/09\/Jason-Greene-roundupdated.png\" \/>\n\t<meta property=\"og:image:width\" content=\"250\" \/>\n\t<meta property=\"og:image:height\" content=\"250\" \/>\n\t<meta property=\"og:image:type\" content=\"image\/png\" \/>\n<meta name=\"twitter:card\" content=\"summary_large_image\" \/>\n<meta name=\"twitter:site\" content=\"@Miamibeachnews\" \/>\n<script type=\"application\/ld+json\" class=\"yoast-schema-graph\">{\"@context\":\"https:\\\/\\\/schema.org\",\"@graph\":[{\"@type\":\"WebPage\",\"@id\":\"https:\\\/\\\/www.miamibeachfl.gov\\\/staff\\\/jason-greene\\\/\",\"url\":\"https:\\\/\\\/www.miamibeachfl.gov\\\/staff\\\/jason-greene\\\/\",\"name\":\"Jason Greene Chief Financial Officer - City of Miami Beach\",\"isPartOf\":{\"@id\":\"https:\\\/\\\/www.miamibeachfl.gov\\\/#website\"},\"primaryImageOfPage\":{\"@id\":\"https:\\\/\\\/www.miamibeachfl.gov\\\/staff\\\/jason-greene\\\/#primaryimage\"},\"image\":{\"@id\":\"https:\\\/\\\/www.miamibeachfl.gov\\\/staff\\\/jason-greene\\\/#primaryimage\"},\"thumbnailUrl\":\"https:\\\/\\\/www.miamibeachfl.gov\\\/wp-content\\\/uploads\\\/2024\\\/09\\\/Jason-Greene-roundupdated.png\",\"datePublished\":\"2023-05-24T15:01:43+00:00\",\"dateModified\":\"2026-01-02T14:54:03+00:00\",\"description\":\"Jason Greene City of Miami Beach Chief Financial Officer\",\"breadcrumb\":{\"@id\":\"https:\\\/\\\/www.miamibeachfl.gov\\\/staff\\\/jason-greene\\\/#breadcrumb\"},\"inLanguage\":\"es\",\"potentialAction\":[{\"@type\":\"ReadAction\",\"target\":[\"https:\\\/\\\/www.miamibeachfl.gov\\\/staff\\\/jason-greene\\\/\"]}]},{\"@type\":\"ImageObject\",\"inLanguage\":\"es\",\"@id\":\"https:\\\/\\\/www.miamibeachfl.gov\\\/staff\\\/jason-greene\\\/#primaryimage\",\"url\":\"https:\\\/\\\/www.miamibeachfl.gov\\\/wp-content\\\/uploads\\\/2024\\\/09\\\/Jason-Greene-roundupdated.png\",\"contentUrl\":\"https:\\\/\\\/www.miamibeachfl.gov\\\/wp-content\\\/uploads\\\/2024\\\/09\\\/Jason-Greene-roundupdated.png\",\"width\":250,\"height\":250,\"caption\":\"Jason Greene\"},{\"@type\":\"BreadcrumbList\",\"@id\":\"https:\\\/\\\/www.miamibeachfl.gov\\\/staff\\\/jason-greene\\\/#breadcrumb\",\"itemListElement\":[{\"@type\":\"ListItem\",\"position\":1,\"name\":\"Home\",\"item\":\"https:\\\/\\\/www.miamibeachfl.gov\\\/\"},{\"@type\":\"ListItem\",\"position\":2,\"name\":\"Staff\",\"item\":\"https:\\\/\\\/www.miamibeachfl.gov\\\/staff\\\/\"},{\"@type\":\"ListItem\",\"position\":3,\"name\":\"Jason Greene Chief Financial Officer\"}]},{\"@type\":\"WebSite\",\"@id\":\"https:\\\/\\\/www.miamibeachfl.gov\\\/#website\",\"url\":\"https:\\\/\\\/www.miamibeachfl.gov\\\/\",\"name\":\"City of Miami Beach\",\"description\":\"The official website of the City of Miami Beach. Stay informed, find important information on city services, news, alerts, events, trolley routes, government employment and more.\",\"publisher\":{\"@id\":\"https:\\\/\\\/www.miamibeachfl.gov\\\/#organization\"},\"potentialAction\":[{\"@type\":\"SearchAction\",\"target\":{\"@type\":\"EntryPoint\",\"urlTemplate\":\"https:\\\/\\\/www.miamibeachfl.gov\\\/?s={search_term_string}\"},\"query-input\":{\"@type\":\"PropertyValueSpecification\",\"valueRequired\":true,\"valueName\":\"search_term_string\"}}],\"inLanguage\":\"es\"},{\"@type\":\"Organization\",\"@id\":\"https:\\\/\\\/www.miamibeachfl.gov\\\/#organization\",\"name\":\"City of Miami Beach\",\"url\":\"https:\\\/\\\/www.miamibeachfl.gov\\\/\",\"logo\":{\"@type\":\"ImageObject\",\"inLanguage\":\"es\",\"@id\":\"https:\\\/\\\/www.miamibeachfl.gov\\\/#\\\/schema\\\/logo\\\/image\\\/\",\"url\":\"https:\\\/\\\/www.miamibeachfl.gov\\\/wp-content\\\/uploads\\\/2022\\\/06\\\/miamibeach-logoblue.png\",\"contentUrl\":\"https:\\\/\\\/www.miamibeachfl.gov\\\/wp-content\\\/uploads\\\/2022\\\/06\\\/miamibeach-logoblue.png\",\"width\":1962,\"height\":381,\"caption\":\"City of Miami Beach\"},\"image\":{\"@id\":\"https:\\\/\\\/www.miamibeachfl.gov\\\/#\\\/schema\\\/logo\\\/image\\\/\"},\"sameAs\":[\"https:\\\/\\\/www.facebook.com\\\/cityofmiamibeach\",\"https:\\\/\\\/x.com\\\/Miamibeachnews\",\"https:\\\/\\\/www.instagram.com\\\/miamibeachnews\\\/\"],\"description\":\"The official website of the City of Miami Beach. Stay informed, find important information on city services, news, alerts, events, trolley routes, government employment and more.\",\"telephone\":\"305.604.CITY(2489)\",\"legalName\":\"City of Miami Beach\"}]}<\/script>\n<!-- \/ Yoast SEO Premium plugin. -->","yoast_head_json":{"title":"Jason Greene, Director Financiero de la Ciudad de Miami Beach","description":"Jason Greene, Director financiero de la ciudad de Miami Beach","robots":{"index":"index","follow":"follow","max-snippet":"max-snippet:-1","max-image-preview":"max-image-preview:large","max-video-preview":"max-video-preview:-1"},"canonical":"https:\/\/www.miamibeachfl.gov\/es\/staff\/jason-greene\/","og_locale":"es_ES","og_type":"article","og_title":"Jason Greene Chief Financial Officer","og_description":"Jason Greene City of Miami Beach Chief Financial Officer","og_url":"https:\/\/www.miamibeachfl.gov\/es\/staff\/jason-greene\/","og_site_name":"City of Miami Beach","article_publisher":"https:\/\/www.facebook.com\/cityofmiamibeach","article_modified_time":"2026-01-02T14:54:03+00:00","og_image":[{"width":250,"height":250,"url":"https:\/\/www.miamibeachfl.gov\/wp-content\/uploads\/2024\/09\/Jason-Greene-roundupdated.png","type":"image\/png"}],"twitter_card":"summary_large_image","twitter_site":"@Miamibeachnews","schema":{"@context":"https:\/\/schema.org","@graph":[{"@type":"WebPage","@id":"https:\/\/www.miamibeachfl.gov\/staff\/jason-greene\/","url":"https:\/\/www.miamibeachfl.gov\/staff\/jason-greene\/","name":"Jason Greene, Director Financiero de la Ciudad de Miami Beach","isPartOf":{"@id":"https:\/\/www.miamibeachfl.gov\/#website"},"primaryImageOfPage":{"@id":"https:\/\/www.miamibeachfl.gov\/staff\/jason-greene\/#primaryimage"},"image":{"@id":"https:\/\/www.miamibeachfl.gov\/staff\/jason-greene\/#primaryimage"},"thumbnailUrl":"https:\/\/www.miamibeachfl.gov\/wp-content\/uploads\/2024\/09\/Jason-Greene-roundupdated.png","datePublished":"2023-05-24T15:01:43+00:00","dateModified":"2026-01-02T14:54:03+00:00","description":"Jason Greene, Director financiero de la ciudad de Miami Beach","breadcrumb":{"@id":"https:\/\/www.miamibeachfl.gov\/staff\/jason-greene\/#breadcrumb"},"inLanguage":"es","potentialAction":[{"@type":"ReadAction","target":["https:\/\/www.miamibeachfl.gov\/staff\/jason-greene\/"]}]},{"@type":"ImageObject","inLanguage":"es","@id":"https:\/\/www.miamibeachfl.gov\/staff\/jason-greene\/#primaryimage","url":"https:\/\/www.miamibeachfl.gov\/wp-content\/uploads\/2024\/09\/Jason-Greene-roundupdated.png","contentUrl":"https:\/\/www.miamibeachfl.gov\/wp-content\/uploads\/2024\/09\/Jason-Greene-roundupdated.png","width":250,"height":250,"caption":"Jason Greene"},{"@type":"BreadcrumbList","@id":"https:\/\/www.miamibeachfl.gov\/staff\/jason-greene\/#breadcrumb","itemListElement":[{"@type":"ListItem","position":1,"name":"Home","item":"https:\/\/www.miamibeachfl.gov\/"},{"@type":"ListItem","position":2,"name":"Staff","item":"https:\/\/www.miamibeachfl.gov\/staff\/"},{"@type":"ListItem","position":3,"name":"Jason Greene Chief Financial Officer"}]},{"@type":"WebSite","@id":"https:\/\/www.miamibeachfl.gov\/#website","url":"https:\/\/www.miamibeachfl.gov\/","name":"Ciudad de Miami Beach","description":"Sitio web oficial de la Ciudad de Miami Beach. Mant\u00e9ngase informado, encuentre informaci\u00f3n importante sobre servicios municipales, noticias, alertas, eventos, rutas de tranv\u00edas, empleos gubernamentales y m\u00e1s.","publisher":{"@id":"https:\/\/www.miamibeachfl.gov\/#organization"},"potentialAction":[{"@type":"SearchAction","target":{"@type":"EntryPoint","urlTemplate":"https:\/\/www.miamibeachfl.gov\/?s={search_term_string}"},"query-input":{"@type":"PropertyValueSpecification","valueRequired":true,"valueName":"search_term_string"}}],"inLanguage":"es"},{"@type":"Organization","@id":"https:\/\/www.miamibeachfl.gov\/#organization","name":"Ciudad de Miami Beach","url":"https:\/\/www.miamibeachfl.gov\/","logo":{"@type":"ImageObject","inLanguage":"es","@id":"https:\/\/www.miamibeachfl.gov\/#\/schema\/logo\/image\/","url":"https:\/\/www.miamibeachfl.gov\/wp-content\/uploads\/2022\/06\/miamibeach-logoblue.png","contentUrl":"https:\/\/www.miamibeachfl.gov\/wp-content\/uploads\/2022\/06\/miamibeach-logoblue.png","width":1962,"height":381,"caption":"City of Miami Beach"},"image":{"@id":"https:\/\/www.miamibeachfl.gov\/#\/schema\/logo\/image\/"},"sameAs":["https:\/\/www.facebook.com\/cityofmiamibeach","https:\/\/x.com\/Miamibeachnews","https:\/\/www.instagram.com\/miamibeachnews\/"],"description":"Sitio web oficial de la Ciudad de Miami Beach. Mant\u00e9ngase informado, encuentre informaci\u00f3n importante sobre servicios municipales, noticias, alertas, eventos, rutas de tranv\u00edas, empleos gubernamentales y m\u00e1s.","telephone":"305.604.CITY(2489)","legalName":"City of Miami Beach"}]}},"_links":{"self":[{"href":"https:\/\/www.miamibeachfl.gov\/es\/wp-json\/wp\/v2\/pages\/261218","targetHints":{"allow":["GET"]}}],"collection":[{"href":"https:\/\/www.miamibeachfl.gov\/es\/wp-json\/wp\/v2\/pages"}],"about":[{"href":"https:\/\/www.miamibeachfl.gov\/es\/wp-json\/wp\/v2\/types\/page"}],"author":[{"embeddable":true,"href":"https:\/\/www.miamibeachfl.gov\/es\/wp-json\/wp\/v2\/users\/222"}],"replies":[{"embeddable":true,"href":"https:\/\/www.miamibeachfl.gov\/es\/wp-json\/wp\/v2\/comments?post=261218"}],"version-history":[{"count":2,"href":"https:\/\/www.miamibeachfl.gov\/es\/wp-json\/wp\/v2\/pages\/261218\/revisions"}],"predecessor-version":[{"id":394401,"href":"https:\/\/www.miamibeachfl.gov\/es\/wp-json\/wp\/v2\/pages\/261218\/revisions\/394401"}],"up":[{"embeddable":true,"href":"https:\/\/www.miamibeachfl.gov\/es\/wp-json\/wp\/v2\/pages\/261112"}],"wp:featuredmedia":[{"embeddable":true,"href":"https:\/\/www.miamibeachfl.gov\/es\/wp-json\/wp\/v2\/media\/340351"}],"wp:attachment":[{"href":"https:\/\/www.miamibeachfl.gov\/es\/wp-json\/wp\/v2\/media?parent=261218"}],"wp:term":[{"taxonomy":"category","embeddable":true,"href":"https:\/\/www.miamibeachfl.gov\/es\/wp-json\/wp\/v2\/categories?post=261218"},{"taxonomy":"post_tag","embeddable":true,"href":"https:\/\/www.miamibeachfl.gov\/es\/wp-json\/wp\/v2\/tags?post=261218"}],"curies":[{"name":"gracias","href":"https:\/\/api.w.org\/{rel}","templated":true}]}}