{"id":261599,"date":"2023-05-25T11:57:04","date_gmt":"2023-05-25T15:57:04","guid":{"rendered":"https:\/\/www.miamibeachfl.gov\/?page_id=261599"},"modified":"2025-06-02T22:17:07","modified_gmt":"2025-06-03T02:17:07","slug":"may-2023-business-spotlight-paving-the-way-to-success-in-the-digital-age-for-miami-beach","status":"publish","type":"page","link":"https:\/\/www.miamibeachfl.gov\/es\/spotlight\/may-2023-business-spotlight-paving-the-way-to-success-in-the-digital-age-for-miami-beach\/","title":{"rendered":"Allanando el camino hacia el \u00e9xito en la era digital para Miami Beach"},"content":{"rendered":"<h5>\n\t\t<a href=\"https:\/\/www.miamibeachfl.gov\/es\/mbbiznews\/\" title=\"Suscr\u00edbete aqu\u00ed para recibir mensualmente en tu bandeja de entrada el bolet\u00edn de negocios de la ciudad.\"  target=\"_blank\"  rel=\"noopener\">\n\t\t\tSuscr\u00edbete aqu\u00ed para recibir mensualmente en tu bandeja de entrada el bolet\u00edn de negocios de la ciudad.\t\t<\/a>\n\t<\/h5>\n<h5>\n\t\t<a href=\"https:\/\/myemail.constantcontact.com\/Stay-connected-with-MB-Biz--.html?soid=1011085968389&#038;aid=S0mHBwwl4Fs\" title=\"Bolet\u00edn empresarial\"  target=\"_blank\"  rel=\"noopener\">\n\t\t\tBolet\u00edn empresarial\t\t<\/a>\n\t<\/h5>\n\t\t\t\t<img decoding=\"async\" src=\"https:\/\/www.miamibeachfl.gov\/wp-content\/uploads\/2023\/05\/Frank-Quintana.png\" alt=\"Frank Quintana\" itemprop=\"image\" title=\"Frank Quintana\" onerror=\"this.style.display='none'\" loading='lazy' \/>\n\t<p>En el mundo actual, impulsado por la tecnolog\u00eda, el rol de un Director de Informaci\u00f3n (CIO) nunca ha sido tan importante. Esto es particularmente cierto para la Ciudad de Miami Beach, que se esfuerza por ser eficiente, sostenible e innovadora. Un CIO decidido, ingenioso y exitoso puede influir en que Miami Beach sea una comunidad pr\u00f3spera y moderna, en lugar de una comunidad con dificultades para mantenerse al d\u00eda. Miami Beach tiene la fortuna de contar con Frank Quintana, un l\u00edder apasionado, ingenioso y creativo a la vanguardia de las tecnolog\u00edas de la informaci\u00f3n.<\/p>\n<p>Frank se incorpor\u00f3 a la Ciudad de Miami Beach en agosto de 2014 y se desempe\u00f1\u00f3 como Director de Divisi\u00f3n de Operaciones de TI durante cinco a\u00f1os antes de ser ascendido a Director de Sistemas. Frank es responsable de impulsar la innovaci\u00f3n, la planificaci\u00f3n estrat\u00e9gica y supervisar el dise\u00f1o, la implementaci\u00f3n y el mantenimiento de todos los servicios y sistemas tecnol\u00f3gicos. Con m\u00e1s de 23 a\u00f1os de experiencia diversa en TI de alto nivel, tanto en el sector privado como en el p\u00fablico, incluyendo peque\u00f1as y grandes corporaciones, deportes profesionales (Miami Dolphins) y entretenimiento (Hard Rock Stadium), Frank est\u00e1 altamente capacitado para gestionar y supervisar el equipo de TI de 55 miembros.<\/p>\n<p>A medida que la tecnolog\u00eda se vuelve cada vez m\u00e1s crucial en nuestra vida diaria, especialmente tras la pandemia, que nos oblig\u00f3 a adaptarnos a una nueva normalidad, la tecnolog\u00eda virtual ocupa ahora un lugar central, conectando equipos y partes interesadas, impulsando las operaciones y mejorando la productividad. Por consiguiente, el rol del CIO es m\u00e1s integral para la eficacia, la estrategia y la capacidad de respuesta del gobierno municipal.<\/p>\n<p>Como testimonio del liderazgo de Frank y su capacidad para mantener a Miami Beach din\u00e1mica y moderna, el Departamento de TI recibi\u00f3 el Premio al Liderazgo Innovador en la Gesti\u00f3n de Tecnolog\u00edas de la Informaci\u00f3n 2022 de la Asociaci\u00f3n de Sistemas de Informaci\u00f3n del Gobierno Local de Florida (FLGISA) por crear una plataforma original de recursos de datos abiertos para la comunidad. Esta herramienta permite al Programa de Bonos de Obligaci\u00f3n General (BO) ofrecer de forma transparente un sitio web p\u00fablico interactivo, www.GOMBlnfo.com, que informa en tiempo real sobre todas las etapas y elementos de 57 proyectos de &quot;calidad de vida&quot;. Esta herramienta est\u00e1 transformando la forma en que Miami Beach ilustra el progreso de los proyectos e interact\u00faa con los miembros de la comunidad.<\/p>\n<p>La creaci\u00f3n de nuevas herramientas es solo una faceta de c\u00f3mo TI mejora la labor de la Ciudad de Miami Beach para la comunidad. Comunicar y promover la Ciudad de Miami Beach como un destino de primer nivel para hacer negocios, vivir, trabajar y divertirse tambi\u00e9n es un objetivo importante. Para lograrlo, el Departamento de TI colabora con otros departamentos para compartir los beneficios de Miami Beach, incluyendo la colaboraci\u00f3n con el Departamento de Desarrollo Econ\u00f3mico en eMerge Americas 2023, que se celebr\u00f3 en el Centro de Convenciones de Miami Beach del 20 al 21 de abril de 2023. Los equipos presentaron... <em>Haz un movimiento audaz<\/em> stand de exposici\u00f3n y trabaj\u00f3 para atraer empresas de tecnolog\u00eda y fintech y emprendedores para abrir, mudarse y\/o reubicarse en Miami Beach y el Departamento de TI comparti\u00f3 datos anal\u00edticos explicando, en tiempo real, la limpieza de la ciudad y otros asuntos de calidad de vida.<\/p>\n<p>Dirigir un departamento de TI exitoso es un desaf\u00edo y Frank y su equipo est\u00e1n preparados y listos: aprovechando recursos, explorando nuevas oportunidades y herramientas e incorporando un enfoque en el cliente en cada elemento de la prestaci\u00f3n de sus servicios.<\/p>\n<p>Para obtener m\u00e1s informaci\u00f3n sobre el Departamento de TI, visite: <strong><a href=\"https:\/\/www.miamibeachfl.gov\/es\/city-hall\/information-technology\/\">https:\/\/www.miamibeachfl.gov\/city-hall\/information-technology\/<\/a><\/strong><\/p>","protected":false},"excerpt":{"rendered":"<p>Subscribe here to receive the City&#8217;s business newsletter to your inbox monthly. Business Newsletter In the current technology-driven world, the [&hellip;]<\/p>\n","protected":false},"author":222,"featured_media":0,"parent":253255,"menu_order":0,"comment_status":"closed","ping_status":"closed","template":"","meta":{"_searchwp_excluded":"","site-sidebar-layout":"default","site-content-layout":"","ast-site-content-layout":"default","site-content-style":"default","site-sidebar-style":"default","ast-global-header-display":"","ast-banner-title-visibility":"","ast-main-header-display":"","ast-hfb-above-header-display":"","ast-hfb-below-header-display":"","ast-hfb-mobile-header-display":"","site-post-title":"","ast-breadcrumbs-content":"","ast-featured-img":"","footer-sml-layout":"","theme-transparent-header-meta":"","adv-header-id-meta":"","stick-header-meta":"","header-above-stick-meta":"","header-main-stick-meta":"","header-below-stick-meta":"","astra-migrate-meta-layouts":"default","ast-page-background-enabled":"default","ast-page-background-meta":{"desktop":{"background-color":"var(--ast-global-color-5)","background-image":"","background-repeat":"repeat","background-position":"center center","background-size":"auto","background-attachment":"scroll","background-type":"","background-media":"","overlay-type":"","overlay-color":"","overlay-opacity":"","overlay-gradient":""},"tablet":{"background-color":"","background-image":"","background-repeat":"repeat","background-position":"center center","background-size":"auto","background-attachment":"scroll","background-type":"","background-media":"","overlay-type":"","overlay-color":"","overlay-opacity":"","overlay-gradient":""},"mobile":{"background-color":"","background-image":"","background-repeat":"repeat","background-position":"center center","background-size":"auto","background-attachment":"scroll","background-type":"","background-media":"","overlay-type":"","overlay-color":"","overlay-opacity":"","overlay-gradient":""}},"ast-content-background-meta":{"desktop":{"background-color":"var(--ast-global-color-4)","background-image":"","background-repeat":"repeat","background-position":"center center","background-size":"auto","background-attachment":"scroll","background-type":"","background-media":"","overlay-type":"","overlay-color":"","overlay-opacity":"","overlay-gradient":""},"tablet":{"background-color":"var(--ast-global-color-4)","background-image":"","background-repeat":"repeat","background-position":"center center","background-size":"auto","background-attachment":"scroll","background-type":"","background-media":"","overlay-type":"","overlay-color":"","overlay-opacity":"","overlay-gradient":""},"mobile":{"background-color":"var(--ast-global-color-4)","background-image":"","background-repeat":"repeat","background-position":"center center","background-size":"auto","background-attachment":"scroll","background-type":"","background-media":"","overlay-type":"","overlay-color":"","overlay-opacity":"","overlay-gradient":""}},"footnotes":""},"categories":[],"tags":[],"class_list":["post-261599","page","type-page","status-publish","hentry"],"yoast_head":"<!-- This site is optimized with the Yoast SEO Premium plugin v26.6 (Yoast SEO v26.6) - https:\/\/yoast.com\/wordpress\/plugins\/seo\/ -->\n<title>Paving the Way to Success in the Digital Age for Miami Beach - City of Miami Beach<\/title>\n<meta name=\"description\" content=\"%\" \/>\n<meta name=\"robots\" content=\"index, follow, max-snippet:-1, max-image-preview:large, max-video-preview:-1\" \/>\n<link rel=\"canonical\" href=\"https:\/\/www.miamibeachfl.gov\/es\/spotlight\/may-2023-business-spotlight-paving-the-way-to-success-in-the-digital-age-for-miami-beach\/\" \/>\n<meta property=\"og:locale\" content=\"es_ES\" \/>\n<meta property=\"og:type\" content=\"article\" \/>\n<meta property=\"og:title\" content=\"Paving the Way to Success in the Digital Age for Miami Beach\" \/>\n<meta property=\"og:description\" content=\"%\" \/>\n<meta property=\"og:url\" content=\"https:\/\/www.miamibeachfl.gov\/es\/spotlight\/may-2023-business-spotlight-paving-the-way-to-success-in-the-digital-age-for-miami-beach\/\" \/>\n<meta property=\"og:site_name\" content=\"City of Miami Beach\" \/>\n<meta property=\"article:publisher\" content=\"https:\/\/www.facebook.com\/cityofmiamibeach\" \/>\n<meta property=\"article:modified_time\" content=\"2025-06-03T02:17:07+00:00\" \/>\n<meta property=\"og:image\" content=\"https:\/\/www.miamibeachfl.gov\/wp-content\/uploads\/2023\/05\/Frank-Quintana.png\" \/>\n<meta name=\"twitter:card\" content=\"summary_large_image\" \/>\n<meta name=\"twitter:site\" content=\"@Miamibeachnews\" \/>\n<script type=\"application\/ld+json\" class=\"yoast-schema-graph\">{\"@context\":\"https:\/\/schema.org\",\"@graph\":[{\"@type\":\"WebPage\",\"@id\":\"https:\/\/www.miamibeachfl.gov\/spotlight\/may-2023-business-spotlight-paving-the-way-to-success-in-the-digital-age-for-miami-beach\/\",\"url\":\"https:\/\/www.miamibeachfl.gov\/spotlight\/may-2023-business-spotlight-paving-the-way-to-success-in-the-digital-age-for-miami-beach\/\",\"name\":\"Paving the Way to Success in the Digital Age for Miami Beach - City of Miami Beach\",\"isPartOf\":{\"@id\":\"https:\/\/www.miamibeachfl.gov\/#website\"},\"primaryImageOfPage\":{\"@id\":\"https:\/\/www.miamibeachfl.gov\/spotlight\/may-2023-business-spotlight-paving-the-way-to-success-in-the-digital-age-for-miami-beach\/#primaryimage\"},\"image\":{\"@id\":\"https:\/\/www.miamibeachfl.gov\/spotlight\/may-2023-business-spotlight-paving-the-way-to-success-in-the-digital-age-for-miami-beach\/#primaryimage\"},\"thumbnailUrl\":\"https:\/\/www.miamibeachfl.gov\/wp-content\/uploads\/2023\/05\/Frank-Quintana.png\",\"datePublished\":\"2023-05-25T15:57:04+00:00\",\"dateModified\":\"2025-06-03T02:17:07+00:00\",\"description\":\"%\",\"breadcrumb\":{\"@id\":\"https:\/\/www.miamibeachfl.gov\/spotlight\/may-2023-business-spotlight-paving-the-way-to-success-in-the-digital-age-for-miami-beach\/#breadcrumb\"},\"inLanguage\":\"es\",\"potentialAction\":[{\"@type\":\"ReadAction\",\"target\":[\"https:\/\/www.miamibeachfl.gov\/spotlight\/may-2023-business-spotlight-paving-the-way-to-success-in-the-digital-age-for-miami-beach\/\"]}]},{\"@type\":\"ImageObject\",\"inLanguage\":\"es\",\"@id\":\"https:\/\/www.miamibeachfl.gov\/spotlight\/may-2023-business-spotlight-paving-the-way-to-success-in-the-digital-age-for-miami-beach\/#primaryimage\",\"url\":\"https:\/\/www.miamibeachfl.gov\/wp-content\/uploads\/2023\/05\/Frank-Quintana.png\",\"contentUrl\":\"https:\/\/www.miamibeachfl.gov\/wp-content\/uploads\/2023\/05\/Frank-Quintana.png\"},{\"@type\":\"BreadcrumbList\",\"@id\":\"https:\/\/www.miamibeachfl.gov\/spotlight\/may-2023-business-spotlight-paving-the-way-to-success-in-the-digital-age-for-miami-beach\/#breadcrumb\",\"itemListElement\":[{\"@type\":\"ListItem\",\"position\":1,\"name\":\"Home\",\"item\":\"https:\/\/www.miamibeachfl.gov\/\"},{\"@type\":\"ListItem\",\"position\":2,\"name\":\"Business Newsletters and Spotlights\",\"item\":\"https:\/\/www.miamibeachfl.gov\/spotlight\/\"},{\"@type\":\"ListItem\",\"position\":3,\"name\":\"Paving the Way to Success in the Digital Age for Miami Beach\"}]},{\"@type\":\"WebSite\",\"@id\":\"https:\/\/www.miamibeachfl.gov\/#website\",\"url\":\"https:\/\/www.miamibeachfl.gov\/\",\"name\":\"City of Miami Beach\",\"description\":\"The official website of the City of Miami Beach. Stay informed, find important information on city services, news, alerts, events, trolley routes, government employment and more.\",\"publisher\":{\"@id\":\"https:\/\/www.miamibeachfl.gov\/#organization\"},\"potentialAction\":[{\"@type\":\"SearchAction\",\"target\":{\"@type\":\"EntryPoint\",\"urlTemplate\":\"https:\/\/www.miamibeachfl.gov\/?s={search_term_string}\"},\"query-input\":{\"@type\":\"PropertyValueSpecification\",\"valueRequired\":true,\"valueName\":\"search_term_string\"}}],\"inLanguage\":\"es\"},{\"@type\":\"Organization\",\"@id\":\"https:\/\/www.miamibeachfl.gov\/#organization\",\"name\":\"City of Miami Beach\",\"url\":\"https:\/\/www.miamibeachfl.gov\/\",\"logo\":{\"@type\":\"ImageObject\",\"inLanguage\":\"es\",\"@id\":\"https:\/\/www.miamibeachfl.gov\/#\/schema\/logo\/image\/\",\"url\":\"https:\/\/www.miamibeachfl.gov\/wp-content\/uploads\/2022\/06\/miamibeach-logoblue.png\",\"contentUrl\":\"https:\/\/www.miamibeachfl.gov\/wp-content\/uploads\/2022\/06\/miamibeach-logoblue.png\",\"width\":1962,\"height\":381,\"caption\":\"City of Miami Beach\"},\"image\":{\"@id\":\"https:\/\/www.miamibeachfl.gov\/#\/schema\/logo\/image\/\"},\"sameAs\":[\"https:\/\/www.facebook.com\/cityofmiamibeach\",\"https:\/\/x.com\/Miamibeachnews\",\"https:\/\/www.instagram.com\/miamibeachnews\/\"],\"description\":\"The official website of the City of Miami Beach. Stay informed, find important information on city services, news, alerts, events, trolley routes, government employment and more.\",\"telephone\":\"305.604.CITY(2489)\",\"legalName\":\"City of Miami Beach\"}]}<\/script>\n<!-- \/ Yoast SEO Premium plugin. -->","yoast_head_json":{"title":"Allanando el camino hacia el \u00e9xito en la era digital para Miami Beach - Ciudad de Miami Beach","description":"%","robots":{"index":"index","follow":"follow","max-snippet":"max-snippet:-1","max-image-preview":"max-image-preview:large","max-video-preview":"max-video-preview:-1"},"canonical":"https:\/\/www.miamibeachfl.gov\/es\/spotlight\/may-2023-business-spotlight-paving-the-way-to-success-in-the-digital-age-for-miami-beach\/","og_locale":"es_ES","og_type":"article","og_title":"Paving the Way to Success in the Digital Age for Miami Beach","og_description":"%","og_url":"https:\/\/www.miamibeachfl.gov\/es\/spotlight\/may-2023-business-spotlight-paving-the-way-to-success-in-the-digital-age-for-miami-beach\/","og_site_name":"City of Miami Beach","article_publisher":"https:\/\/www.facebook.com\/cityofmiamibeach","article_modified_time":"2025-06-03T02:17:07+00:00","og_image":[{"url":"https:\/\/www.miamibeachfl.gov\/wp-content\/uploads\/2023\/05\/Frank-Quintana.png","type":"","width":"","height":""}],"twitter_card":"summary_large_image","twitter_site":"@Miamibeachnews","schema":{"@context":"https:\/\/schema.org","@graph":[{"@type":"WebPage","@id":"https:\/\/www.miamibeachfl.gov\/spotlight\/may-2023-business-spotlight-paving-the-way-to-success-in-the-digital-age-for-miami-beach\/","url":"https:\/\/www.miamibeachfl.gov\/spotlight\/may-2023-business-spotlight-paving-the-way-to-success-in-the-digital-age-for-miami-beach\/","name":"Allanando el camino hacia el \u00e9xito en la era digital para Miami Beach - Ciudad de Miami Beach","isPartOf":{"@id":"https:\/\/www.miamibeachfl.gov\/#website"},"primaryImageOfPage":{"@id":"https:\/\/www.miamibeachfl.gov\/spotlight\/may-2023-business-spotlight-paving-the-way-to-success-in-the-digital-age-for-miami-beach\/#primaryimage"},"image":{"@id":"https:\/\/www.miamibeachfl.gov\/spotlight\/may-2023-business-spotlight-paving-the-way-to-success-in-the-digital-age-for-miami-beach\/#primaryimage"},"thumbnailUrl":"https:\/\/www.miamibeachfl.gov\/wp-content\/uploads\/2023\/05\/Frank-Quintana.png","datePublished":"2023-05-25T15:57:04+00:00","dateModified":"2025-06-03T02:17:07+00:00","description":"%","breadcrumb":{"@id":"https:\/\/www.miamibeachfl.gov\/spotlight\/may-2023-business-spotlight-paving-the-way-to-success-in-the-digital-age-for-miami-beach\/#breadcrumb"},"inLanguage":"es","potentialAction":[{"@type":"ReadAction","target":["https:\/\/www.miamibeachfl.gov\/spotlight\/may-2023-business-spotlight-paving-the-way-to-success-in-the-digital-age-for-miami-beach\/"]}]},{"@type":"ImageObject","inLanguage":"es","@id":"https:\/\/www.miamibeachfl.gov\/spotlight\/may-2023-business-spotlight-paving-the-way-to-success-in-the-digital-age-for-miami-beach\/#primaryimage","url":"https:\/\/www.miamibeachfl.gov\/wp-content\/uploads\/2023\/05\/Frank-Quintana.png","contentUrl":"https:\/\/www.miamibeachfl.gov\/wp-content\/uploads\/2023\/05\/Frank-Quintana.png"},{"@type":"BreadcrumbList","@id":"https:\/\/www.miamibeachfl.gov\/spotlight\/may-2023-business-spotlight-paving-the-way-to-success-in-the-digital-age-for-miami-beach\/#breadcrumb","itemListElement":[{"@type":"ListItem","position":1,"name":"Home","item":"https:\/\/www.miamibeachfl.gov\/"},{"@type":"ListItem","position":2,"name":"Business Newsletters and Spotlights","item":"https:\/\/www.miamibeachfl.gov\/spotlight\/"},{"@type":"ListItem","position":3,"name":"Paving the Way to Success in the Digital Age for Miami Beach"}]},{"@type":"WebSite","@id":"https:\/\/www.miamibeachfl.gov\/#website","url":"https:\/\/www.miamibeachfl.gov\/","name":"Ciudad de Miami Beach","description":"Sitio web oficial de la Ciudad de Miami Beach. Mant\u00e9ngase informado, encuentre informaci\u00f3n importante sobre servicios municipales, noticias, alertas, eventos, rutas de tranv\u00edas, empleos gubernamentales y m\u00e1s.","publisher":{"@id":"https:\/\/www.miamibeachfl.gov\/#organization"},"potentialAction":[{"@type":"SearchAction","target":{"@type":"EntryPoint","urlTemplate":"https:\/\/www.miamibeachfl.gov\/?s={search_term_string}"},"query-input":{"@type":"PropertyValueSpecification","valueRequired":true,"valueName":"search_term_string"}}],"inLanguage":"es"},{"@type":"Organization","@id":"https:\/\/www.miamibeachfl.gov\/#organization","name":"Ciudad de Miami Beach","url":"https:\/\/www.miamibeachfl.gov\/","logo":{"@type":"ImageObject","inLanguage":"es","@id":"https:\/\/www.miamibeachfl.gov\/#\/schema\/logo\/image\/","url":"https:\/\/www.miamibeachfl.gov\/wp-content\/uploads\/2022\/06\/miamibeach-logoblue.png","contentUrl":"https:\/\/www.miamibeachfl.gov\/wp-content\/uploads\/2022\/06\/miamibeach-logoblue.png","width":1962,"height":381,"caption":"City of Miami Beach"},"image":{"@id":"https:\/\/www.miamibeachfl.gov\/#\/schema\/logo\/image\/"},"sameAs":["https:\/\/www.facebook.com\/cityofmiamibeach","https:\/\/x.com\/Miamibeachnews","https:\/\/www.instagram.com\/miamibeachnews\/"],"description":"Sitio web oficial de la Ciudad de Miami Beach. Mant\u00e9ngase informado, encuentre informaci\u00f3n importante sobre servicios municipales, noticias, alertas, eventos, rutas de tranv\u00edas, empleos gubernamentales y m\u00e1s.","telephone":"305.604.CITY(2489)","legalName":"City of Miami Beach"}]}},"_links":{"self":[{"href":"https:\/\/www.miamibeachfl.gov\/es\/wp-json\/wp\/v2\/pages\/261599","targetHints":{"allow":["GET"]}}],"collection":[{"href":"https:\/\/www.miamibeachfl.gov\/es\/wp-json\/wp\/v2\/pages"}],"about":[{"href":"https:\/\/www.miamibeachfl.gov\/es\/wp-json\/wp\/v2\/types\/page"}],"author":[{"embeddable":true,"href":"https:\/\/www.miamibeachfl.gov\/es\/wp-json\/wp\/v2\/users\/222"}],"replies":[{"embeddable":true,"href":"https:\/\/www.miamibeachfl.gov\/es\/wp-json\/wp\/v2\/comments?post=261599"}],"version-history":[{"count":1,"href":"https:\/\/www.miamibeachfl.gov\/es\/wp-json\/wp\/v2\/pages\/261599\/revisions"}],"predecessor-version":[{"id":375085,"href":"https:\/\/www.miamibeachfl.gov\/es\/wp-json\/wp\/v2\/pages\/261599\/revisions\/375085"}],"up":[{"embeddable":true,"href":"https:\/\/www.miamibeachfl.gov\/es\/wp-json\/wp\/v2\/pages\/253255"}],"wp:attachment":[{"href":"https:\/\/www.miamibeachfl.gov\/es\/wp-json\/wp\/v2\/media?parent=261599"}],"wp:term":[{"taxonomy":"category","embeddable":true,"href":"https:\/\/www.miamibeachfl.gov\/es\/wp-json\/wp\/v2\/categories?post=261599"},{"taxonomy":"post_tag","embeddable":true,"href":"https:\/\/www.miamibeachfl.gov\/es\/wp-json\/wp\/v2\/tags?post=261599"}],"curies":[{"name":"gracias","href":"https:\/\/api.w.org\/{rel}","templated":true}]}}