{"id":262483,"date":"2023-05-31T08:29:45","date_gmt":"2023-05-31T12:29:45","guid":{"rendered":"https:\/\/www.miamibeachfl.gov\/?page_id=262483"},"modified":"2026-04-08T14:43:32","modified_gmt":"2026-04-08T18:43:32","slug":"beachconditions","status":"publish","type":"page","link":"https:\/\/www.miamibeachfl.gov\/es\/egovapp\/beachconditions\/","title":{"rendered":"Condiciones de la playa"},"content":{"rendered":"<iframe\n    src=\"https:\/\/www.miamibeachfl.gov\/city-hall\/fire\/ocean-rescue\/currentbeachconditions\/\"\n    width=\"100%\" \n    height=\"800\" \n    loading=\"lazy\"\n    referrerpolicy=\"no-referrer-when-downgrade\">\n<\/iframe>\n\t\t\t\t\t\t<h2>Aprenda sobre las algas marinas<\/h2>\n\t\t\t<p>Es posible que note una mayor afluencia de sargazo (algas) en nuestra costa. La ciudad contin\u00faa coordinando con el Departamento de Parques del Condado de Miami-Dade para eliminar de forma segura el exceso de algas de nuestras playas. Los equipos de limpieza trabajan a diario para recolectar, retirar, cortar y remover la acumulaci\u00f3n de algas en la l\u00ednea de agua a lo largo de nuestra playa de 12 kil\u00f3metros. <strong>Evite bloquear los tractores en movimiento durante la limpieza para que el sargazo pueda eliminarse adecuadamente.<\/strong><\/p>\n<p>Antes de operar maquinaria pesada, un equipo inspecciona cada ma\u00f1ana los nidos y cr\u00edas de tortugas marinas. Una vez finalizado el estudio, los equipos de operaciones de playa proceden a limpiar la playa hasta el atardecer, independientemente de las condiciones de la marea.<\/p>\n<p><strong>\u00bfPor qu\u00e9 no se puede retirar el sargazo del agua antes de que llegue a la costa?<\/strong><br \/>Las regulaciones ambientales del condado, estatales y federales proh\u00edben la eliminaci\u00f3n de algas del agua antes de que lleguen a la orilla.<\/p>\n<p><strong>\u00bfEs perjudicial para los ba\u00f1istas?<br \/><\/strong>Seg\u00fan el Departamento de Salud de Florida, al descomponerse el sargazo, desprende una sustancia llamada sulfuro de hidr\u00f3geno. Este sulfuro tiene un olor muy desagradable, similar al de los huevos podridos. Aunque las algas en s\u00ed no son da\u00f1inas para las personas, las diminutas criaturas marinas que viven en el sargazo pueden causar erupciones cut\u00e1neas y ampollas. El sulfuro de hidr\u00f3geno tambi\u00e9n puede irritar los ojos, la nariz y la garganta. Si padece asma u otras enfermedades respiratorias, ser\u00e1 m\u00e1s sensible a estos s\u00edntomas. Sin embargo, no se espera que los niveles de sulfuro de hidr\u00f3geno en una zona como la playa, con una gran circulaci\u00f3n de aire, sean perjudiciales para la salud.<\/p>\n<p><strong>\u00bfCu\u00e1les son los beneficios del sargazo?<\/strong><br \/>El sargazo proporciona un h\u00e1bitat crucial para muchas especies marinas, incluyendo las tortugas marinas en peligro de extinci\u00f3n, que, tras eclosionar en nuestras playas, se dirigen al sargazo para pasar sus a\u00f1os juveniles aliment\u00e1ndose y creciendo entre las algas. Tambi\u00e9n es un elemento importante para la estabilidad de la costa. Aporta nutrientes a la costa y puede reponer las zonas afectadas por la erosi\u00f3n de las playas debido a huracanes y tormentas, contribuyendo as\u00ed a la resiliencia de nuestras costas.<\/p>\n<p>Por favor <a title=\"https:\/\/r20.rs6.net\/tn.jsp?f=001JjPU-KtFR1x1PC6ssWZl-scFOXSLcid6WC0Af5nkpIe2ENC7883I6lJcOEeZ2JcTFcuar9VAmxmVeVd9woacfsTYlXK09vq13XaX_f45h6-J_IG29TdLr-iDCthlbilwUaAgdsa4h31Jjgpt1hPBf13sfgXunpT3vLG-280LCrH71ZQkK3We9SHZh-DGUja6xXRJzDAWnbKHZW5oHjestVfG9UXfwHA9&amp;c=U5I9EB6Ge-F4lleREzyr3hve6AlRI1x3ZTSTSjgWOgB5Wf3QQ3ZmtQ==&amp;ch=ALa2PyVOGPM-M5fXMaDfKTQEYd_DJEeXQjr4ejCmBwEp7IxjfG-oPw==\" href=\"https:\/\/www.miamidade.gov\/global\/recreation\/sargassum.page\" target=\"_blank\" rel=\"noopener\"><b>haga clic aqu\u00ed<\/b><\/a> Para leer m\u00e1s informaci\u00f3n del condado de Miami-Dade<\/p>\n<h2>\n\t\t\tAprenda m\u00e1s sobre el \u201cSargazo\u201d viendo el video a continuaci\u00f3n:\t<\/h2>\n\t<meta itemprop=\"name\" content=\"Learn About Seaweed\" \/><meta itemprop=\"description\" content=\"Video about sargassum in Miami Beach\" \/><meta itemprop=\"uploadDate\" content=\"2025-07-07T10:00-04:00\" \/><meta itemprop=\"thumbnailUrl\" content=\"https:\/\/www.miamibeachfl.gov\/wp-content\/uploads\/2025\/04\/OceanRescue-seaweedicon.png\" \/><meta itemprop=\"contentUrl\" content=\"https:\/\/miamibeach.wistia.com\/medias\/2a626mdbg7\" \/><meta itemprop=\"embedUrl\" content=\"https:\/\/miamibeach.wistia.com\/medias\/2a626mdbg7\" \/>\t\n\t<iframe allowfullscreen allow=\"autoplay\" data-src=\"https:\/\/fast.wistia.net\/embed\/iframe\/2a626mdbg7?controlsVisibleOnLoad=true&amp;muted=0&amp;playerColor&amp;copyLinkAndThumbnailEnabled=false\" title=\"Aprenda sobre las algas marinas\"><\/iframe>\t\t\n\t\t\t\t\tReproducir v\u00eddeo\n\t\t\t\t\t\t<h2>Aprenda sobre las corrientes de resaca<\/h2>\n\t\t\t<p><b>P. \u00bfQu\u00e9 es una \u201ccorriente de resaca\u201d?<\/b><br \/>Una corriente de resaca es una corriente que se dirige hacia el mar. Se produce por una cantidad excesiva de agua que penetra en un banco de arena sobre el cual las olas rompen hacia la orilla. Esta acumulaci\u00f3n de agua supera el nivel del mar y fluye hacia el mar a trav\u00e9s de zonas m\u00e1s profundas del banco de arena, donde las olas no rompen.<\/p>\n<p>Las corrientes de resaca son visibles desde la orilla. Hay varias se\u00f1ales que indican su existencia. Busque los siguientes indicadores para determinar su ubicaci\u00f3n:<b>Zonas de color arena.<\/b>\u00a0Esto indica que se est\u00e1 formando una corriente de resaca al arrastrar arena del fondo a medida que el agua fluye hacia el mar.\u00a0<b>Agua de color oscuro.<\/b>\u00a0Esto define las zonas m\u00e1s profundas. Las franjas de agua m\u00e1s oscura indican d\u00f3nde ya se han formado corrientes de resaca.\u00a0<b>Una l\u00ednea de algas, espuma y\/o escombros que se extiende hacia el mar.<\/b>\u00a0Est\u00e1s presenciando c\u00f3mo los objetos son arrastrados a trav\u00e9s del banco de arena por las olas que los arrastran de vuelta al mar con la corriente de resaca.\u00a0<b>Una zona de ondas confusas.<\/b>\u00a0Esta zona agitada se asemeja a la superficie del agua dentro de una lavadora. Las corrientes de resaca no siempre son f\u00e1cilmente perceptibles para el ojo inexperto. Un socorrista marino experimentado, con una posici\u00f3n estrat\u00e9gica elevada, sabr\u00e1 d\u00f3nde se encuentran las corrientes de resaca. Esto le ayuda a alejar a los ba\u00f1istas de estas zonas peligrosas. Nade siempre en una zona vigilada.<\/p>\n<p><b>P. \u00bfCu\u00e1ndo es propicio para que existan corrientes de resaca en las playas?<\/b><br \/>Cada vez que las olas rompen hacia la orilla, ese volumen de agua debe fluir de regreso al mar por gravedad.<b>ola rompiente<\/b>&quot; es una ola en la que el agua (de aspecto blanco) se desplaza f\u00edsicamente hacia la orilla. Se produce cuando el agua se derrama o se hunde por las caras de la ola. Una &quot;<b>hinchar<\/b>Por otro lado, la energ\u00eda oleaje es solo una forma de energ\u00eda undimotriz; es decir, agua que se mueve verticalmente (arriba y abajo) en lugar de hacia adelante. Un oleaje puede convertirse en una ola rompiente cuando alcanza aguas suficientemente someras.<\/p>\n<p>La mayor\u00eda de las olas se forman por la fuerza del viento contra el agua. A veces, las olas recorren miles de kil\u00f3metros en mar abierto debido a las tormentas. Sin embargo, por lo general, los vientos locales causan olas en nuestras costas.\u00a0<b>Por lo tanto, se pueden esperar corrientes de resaca en d\u00edas con fuertes vientos terrestres.<\/b>.<\/p>\n<p><b>P. \u00bfC\u00f3mo podr\u00eda liberarse una persona atrapada en una corriente de resaca?<\/b><br \/>Las corrientes de resaca pueden llegar a ser lo suficientemente fuertes como para arrastrar a los mejores nadadores mar adentro. La mejor manera de escapar es nadar de lado, evitando la fuerza de la corriente, luego nadar hacia la orilla y dejar que las olas te empujen hacia ella. Es importante alejarse considerablemente de la corriente de resaca para no ser arrastrado por la corriente lateral (paralela a la orilla).<br \/>Incluso con este conocimiento, puede que no sea tan sencillo como parece. Por su propia seguridad, es mejor nadar cerca de un puesto de socorristas.<\/p>\n<p><a title=\"Enlace al Servicio Meteorol\u00f3gico Nacional\" href=\"http:\/\/www.ripcurrents.noaa.gov\/forecasts.shtml\" target=\"_blank\" rel=\"noopener\"><b>Servicio Meteorol\u00f3gico Nacional \u2013 Seguridad ante corrientes de resaca<\/b><\/a><br \/><b><a title=\"Asociaci\u00f3n de Salvamento de los Estados Unidos\" href=\"http:\/\/www.usla.org\/\" target=\"_blank\" rel=\"noopener\">Asociaci\u00f3n de Salvamento de los Estados Unidos<\/a>\u00a0<\/b><\/p>\n<p><img loading=\"lazy\" decoding=\"async\" src=\"https:\/\/www.miamibeachfl.gov\/wp-content\/uploads\/2023\/05\/Rip_Currents_graphic-scaled.jpg\" alt=\"Rip Current Diagram\" width=\"2560\" height=\"1599\" \/><\/p>\n<h2>\n\t\t\tVea el video \u201cAnimaci\u00f3n de seguridad ante corrientes de resaca\u201d del Servicio Meteorol\u00f3gico Nacional:\t<\/h2>\n\t\t\t<meta itemprop=\"name\" content=\"Learn about rip currents\" \/><meta itemprop=\"description\" content=\"Watch the National Weather Service Rip Current Safety Video\" \/><meta itemprop=\"uploadDate\" content=\"2025-07-07\" \/><meta itemprop=\"thumbnailUrl\" content=\"https:\/\/www.miamibeachfl.gov\/wp-content\/uploads\/2023\/05\/Rip_Currents_graphic-scaled.jpg\" \/><meta itemprop=\"contentUrl\" content=\"https:\/\/www.youtube.com\/watch?v=i9rk3brkHew\" \/><meta itemprop=\"embedUrl\" content=\"https:\/\/www.youtube.com\/watch?v=i9rk3brkHew\" \/>\t\t\t\t\t\t\t\t\t\n\t\t\t\t\t<img decoding=\"async\" src=\"https:\/\/i.ytimg.com\/vi\/i9rk3brkHew\/maxresdefault.jpg\" alt=\"youtube-video-thumbnail\"\/>","protected":false},"excerpt":{"rendered":"<p>Learn About Seaweed You may notice a heavier influx of sargassum (seaweed) along our shoreline. The city continues to coordinate [&hellip;]<\/p>\n","protected":false},"author":222,"featured_media":0,"parent":260953,"menu_order":35,"comment_status":"closed","ping_status":"closed","template":"","meta":{"_searchwp_excluded":"1","site-sidebar-layout":"default","site-content-layout":"","ast-site-content-layout":"","site-content-style":"default","site-sidebar-style":"default","ast-global-header-display":"","ast-banner-title-visibility":"","ast-main-header-display":"disabled","ast-hfb-above-header-display":"","ast-hfb-below-header-display":"disabled","ast-hfb-mobile-header-display":"","site-post-title":"","ast-breadcrumbs-content":"","ast-featured-img":"","footer-sml-layout":"","theme-transparent-header-meta":"","adv-header-id-meta":"","stick-header-meta":"","header-above-stick-meta":"","header-main-stick-meta":"","header-below-stick-meta":"","astra-migrate-meta-layouts":"default","ast-page-background-enabled":"default","ast-page-background-meta":{"desktop":{"background-color":"var(--ast-global-color-5)","background-image":"","background-repeat":"repeat","background-position":"center center","background-size":"auto","background-attachment":"scroll","background-type":"","background-media":"","overlay-type":"","overlay-color":"","overlay-opacity":"","overlay-gradient":""},"tablet":{"background-color":"","background-image":"","background-repeat":"repeat","background-position":"center center","background-size":"auto","background-attachment":"scroll","background-type":"","background-media":"","overlay-type":"","overlay-color":"","overlay-opacity":"","overlay-gradient":""},"mobile":{"background-color":"","background-image":"","background-repeat":"repeat","background-position":"center center","background-size":"auto","background-attachment":"scroll","background-type":"","background-media":"","overlay-type":"","overlay-color":"","overlay-opacity":"","overlay-gradient":""}},"ast-content-background-meta":{"desktop":{"background-color":"var(--ast-global-color-4)","background-image":"","background-repeat":"repeat","background-position":"center center","background-size":"auto","background-attachment":"scroll","background-type":"","background-media":"","overlay-type":"","overlay-color":"","overlay-opacity":"","overlay-gradient":""},"tablet":{"background-color":"var(--ast-global-color-4)","background-image":"","background-repeat":"repeat","background-position":"center center","background-size":"auto","background-attachment":"scroll","background-type":"","background-media":"","overlay-type":"","overlay-color":"","overlay-opacity":"","overlay-gradient":""},"mobile":{"background-color":"var(--ast-global-color-4)","background-image":"","background-repeat":"repeat","background-position":"center center","background-size":"auto","background-attachment":"scroll","background-type":"","background-media":"","overlay-type":"","overlay-color":"","overlay-opacity":"","overlay-gradient":""}},"footnotes":""},"categories":[],"tags":[1002],"class_list":["post-262483","page","type-page","status-publish","hentry","tag-app-egov-page"],"yoast_head":"<!-- This site is optimized with the Yoast SEO Premium plugin v27.4 (Yoast SEO v27.4) - https:\/\/yoast.com\/product\/yoast-seo-premium-wordpress\/ -->\n<title>Beach Conditions - City of Miami Beach<\/title>\n<meta name=\"description\" content=\"%\" \/>\n<meta name=\"robots\" content=\"index, follow, max-snippet:-1, max-image-preview:large, max-video-preview:-1\" \/>\n<link rel=\"canonical\" href=\"https:\/\/www.miamibeachfl.gov\/es\/egovapp\/beachconditions\/\" \/>\n<meta property=\"og:locale\" content=\"es_ES\" \/>\n<meta property=\"og:type\" content=\"article\" \/>\n<meta property=\"og:title\" content=\"Beach Conditions\" \/>\n<meta property=\"og:description\" content=\"%\" \/>\n<meta property=\"og:url\" content=\"https:\/\/www.miamibeachfl.gov\/es\/egovapp\/beachconditions\/\" \/>\n<meta property=\"og:site_name\" content=\"City of Miami Beach\" \/>\n<meta property=\"article:publisher\" content=\"https:\/\/www.facebook.com\/cityofmiamibeach\" \/>\n<meta property=\"article:modified_time\" content=\"2026-04-08T18:43:32+00:00\" \/>\n<meta property=\"og:image\" content=\"https:\/\/www.miamibeachfl.gov\/wp-content\/uploads\/2023\/05\/Rip_Currents_graphic-scaled.jpg\" \/>\n<meta name=\"twitter:card\" content=\"summary_large_image\" \/>\n<meta name=\"twitter:site\" content=\"@Miamibeachnews\" \/>\n<script type=\"application\/ld+json\" class=\"yoast-schema-graph\">{\"@context\":\"https:\\\/\\\/schema.org\",\"@graph\":[{\"@type\":\"WebPage\",\"@id\":\"https:\\\/\\\/www.miamibeachfl.gov\\\/egovapp\\\/beachconditions\\\/\",\"url\":\"https:\\\/\\\/www.miamibeachfl.gov\\\/egovapp\\\/beachconditions\\\/\",\"name\":\"Beach Conditions - City of Miami Beach\",\"isPartOf\":{\"@id\":\"https:\\\/\\\/www.miamibeachfl.gov\\\/#website\"},\"primaryImageOfPage\":{\"@id\":\"https:\\\/\\\/www.miamibeachfl.gov\\\/egovapp\\\/beachconditions\\\/#primaryimage\"},\"image\":{\"@id\":\"https:\\\/\\\/www.miamibeachfl.gov\\\/egovapp\\\/beachconditions\\\/#primaryimage\"},\"thumbnailUrl\":\"https:\\\/\\\/www.miamibeachfl.gov\\\/wp-content\\\/uploads\\\/2023\\\/05\\\/Rip_Currents_graphic-scaled.jpg\",\"datePublished\":\"2023-05-31T12:29:45+00:00\",\"dateModified\":\"2026-04-08T18:43:32+00:00\",\"description\":\"%\",\"breadcrumb\":{\"@id\":\"https:\\\/\\\/www.miamibeachfl.gov\\\/egovapp\\\/beachconditions\\\/#breadcrumb\"},\"inLanguage\":\"es\",\"potentialAction\":[{\"@type\":\"ReadAction\",\"target\":[\"https:\\\/\\\/www.miamibeachfl.gov\\\/egovapp\\\/beachconditions\\\/\"]}]},{\"@type\":\"ImageObject\",\"inLanguage\":\"es\",\"@id\":\"https:\\\/\\\/www.miamibeachfl.gov\\\/egovapp\\\/beachconditions\\\/#primaryimage\",\"url\":\"https:\\\/\\\/www.miamibeachfl.gov\\\/wp-content\\\/uploads\\\/2023\\\/05\\\/Rip_Currents_graphic-scaled.jpg\",\"contentUrl\":\"https:\\\/\\\/www.miamibeachfl.gov\\\/wp-content\\\/uploads\\\/2023\\\/05\\\/Rip_Currents_graphic-scaled.jpg\"},{\"@type\":\"BreadcrumbList\",\"@id\":\"https:\\\/\\\/www.miamibeachfl.gov\\\/egovapp\\\/beachconditions\\\/#breadcrumb\",\"itemListElement\":[{\"@type\":\"ListItem\",\"position\":1,\"name\":\"Home\",\"item\":\"https:\\\/\\\/www.miamibeachfl.gov\\\/\"},{\"@type\":\"ListItem\",\"position\":2,\"name\":\"MobileAppPages\",\"item\":\"https:\\\/\\\/www.miamibeachfl.gov\\\/egovapp\\\/\"},{\"@type\":\"ListItem\",\"position\":3,\"name\":\"Beach Conditions\"}]},{\"@type\":\"WebSite\",\"@id\":\"https:\\\/\\\/www.miamibeachfl.gov\\\/#website\",\"url\":\"https:\\\/\\\/www.miamibeachfl.gov\\\/\",\"name\":\"City of Miami Beach\",\"description\":\"The official website of the City of Miami Beach. Stay informed, find important information on city services, news, alerts, events, trolley routes, government employment and more.\",\"publisher\":{\"@id\":\"https:\\\/\\\/www.miamibeachfl.gov\\\/#organization\"},\"potentialAction\":[{\"@type\":\"SearchAction\",\"target\":{\"@type\":\"EntryPoint\",\"urlTemplate\":\"https:\\\/\\\/www.miamibeachfl.gov\\\/?s={search_term_string}\"},\"query-input\":{\"@type\":\"PropertyValueSpecification\",\"valueRequired\":true,\"valueName\":\"search_term_string\"}}],\"inLanguage\":\"es\"},{\"@type\":\"Organization\",\"@id\":\"https:\\\/\\\/www.miamibeachfl.gov\\\/#organization\",\"name\":\"City of Miami Beach\",\"url\":\"https:\\\/\\\/www.miamibeachfl.gov\\\/\",\"logo\":{\"@type\":\"ImageObject\",\"inLanguage\":\"es\",\"@id\":\"https:\\\/\\\/www.miamibeachfl.gov\\\/#\\\/schema\\\/logo\\\/image\\\/\",\"url\":\"https:\\\/\\\/www.miamibeachfl.gov\\\/wp-content\\\/uploads\\\/2022\\\/06\\\/miamibeach-logoblue.png\",\"contentUrl\":\"https:\\\/\\\/www.miamibeachfl.gov\\\/wp-content\\\/uploads\\\/2022\\\/06\\\/miamibeach-logoblue.png\",\"width\":1962,\"height\":381,\"caption\":\"City of Miami Beach\"},\"image\":{\"@id\":\"https:\\\/\\\/www.miamibeachfl.gov\\\/#\\\/schema\\\/logo\\\/image\\\/\"},\"sameAs\":[\"https:\\\/\\\/www.facebook.com\\\/cityofmiamibeach\",\"https:\\\/\\\/x.com\\\/Miamibeachnews\",\"https:\\\/\\\/www.instagram.com\\\/miamibeachnews\\\/\"],\"description\":\"The official website of the City of Miami Beach. Stay informed, find important information on city services, news, alerts, events, trolley routes, government employment and more.\",\"telephone\":\"305.604.CITY(2489)\",\"legalName\":\"City of Miami Beach\"}]}<\/script>\n<!-- \/ Yoast SEO Premium plugin. -->","yoast_head_json":{"title":"Condiciones de la playa - Ciudad de Miami Beach","description":"%","robots":{"index":"index","follow":"follow","max-snippet":"max-snippet:-1","max-image-preview":"max-image-preview:large","max-video-preview":"max-video-preview:-1"},"canonical":"https:\/\/www.miamibeachfl.gov\/es\/egovapp\/beachconditions\/","og_locale":"es_ES","og_type":"article","og_title":"Beach Conditions","og_description":"%","og_url":"https:\/\/www.miamibeachfl.gov\/es\/egovapp\/beachconditions\/","og_site_name":"City of Miami Beach","article_publisher":"https:\/\/www.facebook.com\/cityofmiamibeach","article_modified_time":"2026-04-08T18:43:32+00:00","og_image":[{"url":"https:\/\/www.miamibeachfl.gov\/wp-content\/uploads\/2023\/05\/Rip_Currents_graphic-scaled.jpg","type":"","width":"","height":""}],"twitter_card":"summary_large_image","twitter_site":"@Miamibeachnews","schema":{"@context":"https:\/\/schema.org","@graph":[{"@type":"WebPage","@id":"https:\/\/www.miamibeachfl.gov\/egovapp\/beachconditions\/","url":"https:\/\/www.miamibeachfl.gov\/egovapp\/beachconditions\/","name":"Condiciones de la playa - Ciudad de Miami Beach","isPartOf":{"@id":"https:\/\/www.miamibeachfl.gov\/#website"},"primaryImageOfPage":{"@id":"https:\/\/www.miamibeachfl.gov\/egovapp\/beachconditions\/#primaryimage"},"image":{"@id":"https:\/\/www.miamibeachfl.gov\/egovapp\/beachconditions\/#primaryimage"},"thumbnailUrl":"https:\/\/www.miamibeachfl.gov\/wp-content\/uploads\/2023\/05\/Rip_Currents_graphic-scaled.jpg","datePublished":"2023-05-31T12:29:45+00:00","dateModified":"2026-04-08T18:43:32+00:00","description":"%","breadcrumb":{"@id":"https:\/\/www.miamibeachfl.gov\/egovapp\/beachconditions\/#breadcrumb"},"inLanguage":"es","potentialAction":[{"@type":"ReadAction","target":["https:\/\/www.miamibeachfl.gov\/egovapp\/beachconditions\/"]}]},{"@type":"ImageObject","inLanguage":"es","@id":"https:\/\/www.miamibeachfl.gov\/egovapp\/beachconditions\/#primaryimage","url":"https:\/\/www.miamibeachfl.gov\/wp-content\/uploads\/2023\/05\/Rip_Currents_graphic-scaled.jpg","contentUrl":"https:\/\/www.miamibeachfl.gov\/wp-content\/uploads\/2023\/05\/Rip_Currents_graphic-scaled.jpg"},{"@type":"BreadcrumbList","@id":"https:\/\/www.miamibeachfl.gov\/egovapp\/beachconditions\/#breadcrumb","itemListElement":[{"@type":"ListItem","position":1,"name":"Home","item":"https:\/\/www.miamibeachfl.gov\/"},{"@type":"ListItem","position":2,"name":"MobileAppPages","item":"https:\/\/www.miamibeachfl.gov\/egovapp\/"},{"@type":"ListItem","position":3,"name":"Beach Conditions"}]},{"@type":"WebSite","@id":"https:\/\/www.miamibeachfl.gov\/#website","url":"https:\/\/www.miamibeachfl.gov\/","name":"Ciudad de Miami Beach","description":"Sitio web oficial de la Ciudad de Miami Beach. Mant\u00e9ngase informado, encuentre informaci\u00f3n importante sobre servicios municipales, noticias, alertas, eventos, rutas de tranv\u00edas, empleos gubernamentales y m\u00e1s.","publisher":{"@id":"https:\/\/www.miamibeachfl.gov\/#organization"},"potentialAction":[{"@type":"SearchAction","target":{"@type":"EntryPoint","urlTemplate":"https:\/\/www.miamibeachfl.gov\/?s={search_term_string}"},"query-input":{"@type":"PropertyValueSpecification","valueRequired":true,"valueName":"search_term_string"}}],"inLanguage":"es"},{"@type":"Organization","@id":"https:\/\/www.miamibeachfl.gov\/#organization","name":"Ciudad de Miami Beach","url":"https:\/\/www.miamibeachfl.gov\/","logo":{"@type":"ImageObject","inLanguage":"es","@id":"https:\/\/www.miamibeachfl.gov\/#\/schema\/logo\/image\/","url":"https:\/\/www.miamibeachfl.gov\/wp-content\/uploads\/2022\/06\/miamibeach-logoblue.png","contentUrl":"https:\/\/www.miamibeachfl.gov\/wp-content\/uploads\/2022\/06\/miamibeach-logoblue.png","width":1962,"height":381,"caption":"City of Miami Beach"},"image":{"@id":"https:\/\/www.miamibeachfl.gov\/#\/schema\/logo\/image\/"},"sameAs":["https:\/\/www.facebook.com\/cityofmiamibeach","https:\/\/x.com\/Miamibeachnews","https:\/\/www.instagram.com\/miamibeachnews\/"],"description":"Sitio web oficial de la Ciudad de Miami Beach. Mant\u00e9ngase informado, encuentre informaci\u00f3n importante sobre servicios municipales, noticias, alertas, eventos, rutas de tranv\u00edas, empleos gubernamentales y m\u00e1s.","telephone":"305.604.CITY(2489)","legalName":"City of Miami Beach"}]}},"_links":{"self":[{"href":"https:\/\/www.miamibeachfl.gov\/es\/wp-json\/wp\/v2\/pages\/262483","targetHints":{"allow":["GET"]}}],"collection":[{"href":"https:\/\/www.miamibeachfl.gov\/es\/wp-json\/wp\/v2\/pages"}],"about":[{"href":"https:\/\/www.miamibeachfl.gov\/es\/wp-json\/wp\/v2\/types\/page"}],"author":[{"embeddable":true,"href":"https:\/\/www.miamibeachfl.gov\/es\/wp-json\/wp\/v2\/users\/222"}],"replies":[{"embeddable":true,"href":"https:\/\/www.miamibeachfl.gov\/es\/wp-json\/wp\/v2\/comments?post=262483"}],"version-history":[{"count":2,"href":"https:\/\/www.miamibeachfl.gov\/es\/wp-json\/wp\/v2\/pages\/262483\/revisions"}],"predecessor-version":[{"id":398562,"href":"https:\/\/www.miamibeachfl.gov\/es\/wp-json\/wp\/v2\/pages\/262483\/revisions\/398562"}],"up":[{"embeddable":true,"href":"https:\/\/www.miamibeachfl.gov\/es\/wp-json\/wp\/v2\/pages\/260953"}],"wp:attachment":[{"href":"https:\/\/www.miamibeachfl.gov\/es\/wp-json\/wp\/v2\/media?parent=262483"}],"wp:term":[{"taxonomy":"category","embeddable":true,"href":"https:\/\/www.miamibeachfl.gov\/es\/wp-json\/wp\/v2\/categories?post=262483"},{"taxonomy":"post_tag","embeddable":true,"href":"https:\/\/www.miamibeachfl.gov\/es\/wp-json\/wp\/v2\/tags?post=262483"}],"curies":[{"name":"gracias","href":"https:\/\/api.w.org\/{rel}","templated":true}]}}