{"id":264653,"date":"2023-07-03T15:51:40","date_gmt":"2023-07-03T19:51:40","guid":{"rendered":"https:\/\/www.miamibeachfl.gov\/?page_id=264653"},"modified":"2025-06-02T22:23:10","modified_gmt":"2025-06-03T02:23:10","slug":"july-2023-business-spotlight-vida-estilo-group-miami-beach","status":"publish","type":"page","link":"https:\/\/www.miamibeachfl.gov\/es\/spotlight\/july-2023-business-spotlight-vida-estilo-group-miami-beach\/","title":{"rendered":"GRUPO VIDA &amp; ESTILO ESTILOS DE VIDA CULINARIOS EN MIAMI BEACH"},"content":{"rendered":"<h5>\n\t\t<a href=\"https:\/\/www.miamibeachfl.gov\/es\/mbbiznews\/\" title=\"Suscr\u00edbete aqu\u00ed para recibir mensualmente en tu bandeja de entrada el bolet\u00edn de negocios de la ciudad.\"  target=\"_blank\"  rel=\"noopener\">\n\t\t\tSuscr\u00edbete aqu\u00ed para recibir mensualmente en tu bandeja de entrada el bolet\u00edn de negocios de la ciudad.\t\t<\/a>\n\t<\/h5>\n<h5>\n\t\t<a href=\"https:\/\/myemail.constantcontact.com\/Stay-connected-with-MB-Biz--.html?soid=1011085968389&#038;aid=S0mHBwwl4Fs\" title=\"Bolet\u00edn empresarial\"  target=\"_blank\"  rel=\"noopener\">\n\t\t\tBolet\u00edn empresarial\t\t<\/a>\n\t<\/h5>\n\t\t\t\t<img decoding=\"async\" src=\"https:\/\/www.miamibeachfl.gov\/wp-content\/uploads\/2023\/07\/Jamil-scaled.jpeg\" alt=\"Jamil\" itemprop=\"image\" title=\"Jamil\" onerror=\"this.style.display='none'\" loading='lazy' \/>\n\t<p>Vida &amp; Estilo Restaurant Group | V&amp;E Hospitality Group (V&amp;E), que se traduce como <em>Vida y estilo<\/em> Es pionero en la industria culinaria, responsable de algunos de los conceptos de restaurante m\u00e1s reconocidos y sofisticados. La marca irradia un estilo de vida que combina gastronom\u00eda, mixolog\u00eda, entretenimiento y un ambiente \u00fanico en sus locales.<\/p>\n<p>La galardonada cartera de V&amp;E incluye <em>Caf\u00e9 americano<\/em>, <em>PaperFish, Barsecco<\/em>, <em>\u00a1Oh! M\u00e9xico<\/em>, <em>La Cervecer\u00eda<\/em> <em>de Barrio<\/em>, <em>La Habana 1957<\/em>, <em>Cortadito Coffee House<\/em>, <em>Marab\u00fa<\/em> y <em>Mercado de la Pesca<\/em>. Un segundo <em>Pez de papel<\/em> Recientemente abri\u00f3 en Espa\u00f1ola Way y el equipo renov\u00f3 la ic\u00f3nica Ocean Drive. <em>Cafeter\u00eda de noticias<\/em> y <em>\u00a1Oh! M\u00e9xico Taco Shop<\/em>El bolet\u00edn empresarial de ED de julio destaca a Jamil Dib, cofundador y propietario de V&amp;E Restaurant Group.<\/p>\n<ol>\n<li><strong> \u00bfPodr\u00edas compartir la historia de tus conceptos de restaurante y qu\u00e9 te inspir\u00f3 a abrir en Miami Beach?<\/strong><\/li>\n<\/ol>\n<p>Vida &amp; Estilo abri\u00f3 su primer restaurante en 1997. Nuestra inspiraci\u00f3n para mudarnos de M\u00e9xico a Miami Beach fue cambiar nuestro estilo de vida. Nos inspir\u00f3 la magia de Miami Beach y ahora me enorgullece llamar a esta ciudad mi hogar.<\/p>\n<ol start=\"2\">\n<li><strong> \u00bfC\u00f3mo describir\u00edas la atm\u00f3sfera y el ambiente de tus conceptos de restaurante?<\/strong><\/li>\n<\/ol>\n<p>Nuestros conceptos se centran en una experiencia memorable. Seleccionamos nuestras ubicaciones con absoluta dedicaci\u00f3n a la tem\u00e1tica y al concepto del restaurante. El relanzamiento... <em>Cafeter\u00eda de noticias<\/em>, una operaci\u00f3n en asociaci\u00f3n con Goldman Properties, y dedic\u00f3 una gran cantidad de esfuerzo a recrear la esencia y el esp\u00edritu, pasado, presente y futuro, de Ocean Drive y South Beach.<\/p>\n<p><img loading=\"lazy\" decoding=\"async\" src=\"https:\/\/www.miamibeachfl.gov\/wp-content\/uploads\/2023\/07\/NEWS-CAFE-2023-2-300x195.png\" alt=\"\" width=\"300\" height=\"195\" \/><\/p>\n<ol start=\"3\">\n<li><strong>\u00a0\u00bfPodr\u00edas compartir algunas de tus ofertas culinarias m\u00e1s populares y decirnos qu\u00e9 las hace destacar?<\/strong><\/li>\n<\/ol>\n<p>Estamos orgullosos de destacar la cocina cubana en <em>La Habana 1957<\/em>, que fue el segundo restaurante de Vida &amp; Estilo. Ahora tenemos cinco. <em>La Habana 1957<\/em> ubicaciones, la primera abri\u00f3 hace m\u00e1s de una d\u00e9cada en Espa\u00f1ola Way, y recientemente fue incluida en la lista de las Mejores Comidas Cubanas de Miami, destacando espec\u00edficamente nuestra <em>vaca frita<\/em> (carne desmenuzada frita). <em>La Habana 1957<\/em> Tambi\u00e9n es conocido por nuestro pollo estrella, <em>Pollo Habana<\/em>, una receta familiar, que se cocina al horno durante 3 horas y media y se marina durante 72 horas. Adem\u00e1s, nuestros amantes de la comida japonesa disfrutan de nuestro rollo de sushi estrella, el <em>Acevichada<\/em>, en <em>Pez de papel<\/em>, que es muy popular en Miami Beach y Miami.<\/p>\n<p><img loading=\"lazy\" decoding=\"async\" src=\"https:\/\/www.miamibeachfl.gov\/wp-content\/uploads\/2023\/07\/Food-300x189.png\" alt=\"\" width=\"300\" height=\"189\" \/><img loading=\"lazy\" decoding=\"async\" src=\"https:\/\/www.miamibeachfl.gov\/wp-content\/uploads\/2023\/07\/food-2-300x221.png\" alt=\"\" width=\"300\" height=\"221\" \/><\/p>\n<ol start=\"4\">\n<li><strong> \u00bfQu\u00e9 ingredientes \u00fanicos o t\u00e9cnicas de cocina utilizas en tus platos?<\/strong><\/li>\n<\/ol>\n<p>Utilizamos un horno Josper en <em>Mercado de la Pesca<\/em>Es un horno de carb\u00f3n que nos permite combinar elementos tradicionales con una cocina moderna e innovadora. Tambi\u00e9n disfrutamos cocinando mariscos y pescados, como nuestro famoso branzino, y preparando carnes sabrosas con esta t\u00e9cnica de asado al carb\u00f3n.<\/p>\n<p><img loading=\"lazy\" decoding=\"async\" src=\"https:\/\/www.miamibeachfl.gov\/wp-content\/uploads\/2023\/07\/food-3-300x149.png\" alt=\"\" width=\"300\" height=\"149\" \/><\/p>\n<ol start=\"5\">\n<li><strong> \u00bfC\u00f3mo obtiene sus ingredientes y prioriza el uso de productos org\u00e1nicos o de origen local?<\/strong><\/li>\n<\/ol>\n<p>Nuestro departamento de compras mejora constantemente nuestra selecci\u00f3n de productos, productos agr\u00edcolas y proveedores de calidad. Nos esforzamos por abastecernos localmente, siempre que sea posible, y vigilamos de cerca la disponibilidad y el precio. Nos esforzamos por mantener precios razonables para ofrecer un men\u00fa accesible para nuestra clientela.<\/p>\n<ol start=\"6\">\n<li><strong>\u00a0\u00bfQu\u00e9 tipo de experiencia gastron\u00f3mica pueden esperar los clientes cuando vienen a sus restaurantes y c\u00f3mo garantiza un servicio de alta calidad?<\/strong><\/li>\n<\/ol>\n<p>La excelencia y la honestidad son nuestra prioridad. Nuestra comida es lo que atrae a los comensales, y nuestro servicio al cliente, reputaci\u00f3n, limpieza, seguridad y decoraci\u00f3n son los elementos esenciales que completan el ambiente del restaurante. Prestamos especial atenci\u00f3n a la experiencia del comensal y la hacemos memorable.<\/p>\n<p>7.<strong> \u00bfQu\u00e9 medidas toma para adaptarse a las restricciones diet\u00e9ticas y preferencias personales?<\/strong><\/p>\n<p>Adaptarnos a restricciones diet\u00e9ticas y preferencias personales, como opciones vegetarianas y sin gluten, es fundamental para nuestro servicio de entrega de comidas y atenci\u00f3n al cliente. Por ejemplo, <em>Cortadito Coffee House<\/em> ofrece una variedad de opciones no l\u00e1cteas, como un caf\u00e9 con leche con una variedad de opciones de leche, que ha sido ampliamente disfrutado y apreciado por nuestros clientes.<\/p>\n<p><img loading=\"lazy\" decoding=\"async\" src=\"https:\/\/www.miamibeachfl.gov\/wp-content\/uploads\/2023\/07\/cortadito-300x203.png\" alt=\"\" width=\"300\" height=\"203\" \/><\/p>\n<ol start=\"8\">\n<li><strong> \u00bfCu\u00e1les son sus planes y objetivos a futuro y c\u00f3mo planea seguir creciendo y evolucionando?<\/strong><\/li>\n<\/ol>\n<p>Adaptarnos, transformarnos y comprender las necesidades de nuestros consumidores y cultivar la pr\u00f3xima generaci\u00f3n de clientes es nuestro plato del d\u00eda.<\/p>\n<p>Estamos trabajando para comprender y fomentar a nuestros consumidores culinarios m\u00e1s j\u00f3venes, nutrir a nuestros comensales actuales de Miami Beach, hacer de nuestros restaurantes destinos \u201cimprescindibles\u201d y continuar haciendo crecer nuestra oferta culinaria en el mundo de la hospitalidad y la gastronom\u00eda en constante expansi\u00f3n.<\/p>\n<p>Para obtener m\u00e1s informaci\u00f3n, visite: <strong><a href=\"https:\/\/www.verestaurants.com\">https:\/\/www.verestaurants.com<\/a><\/strong><\/p>\n<p>&nbsp;<\/p>\n<p>&nbsp;<\/p>","protected":false},"excerpt":{"rendered":"<p>Subscribe here to receive the City&#8217;s business newsletter to your inbox monthly. Business Newsletter Vida &amp; Estilo Restaurant Group | [&hellip;]<\/p>\n","protected":false},"author":222,"featured_media":0,"parent":253255,"menu_order":0,"comment_status":"closed","ping_status":"closed","template":"","meta":{"_searchwp_excluded":"","site-sidebar-layout":"default","site-content-layout":"","ast-site-content-layout":"default","site-content-style":"default","site-sidebar-style":"default","ast-global-header-display":"","ast-banner-title-visibility":"","ast-main-header-display":"","ast-hfb-above-header-display":"","ast-hfb-below-header-display":"","ast-hfb-mobile-header-display":"","site-post-title":"","ast-breadcrumbs-content":"","ast-featured-img":"","footer-sml-layout":"","theme-transparent-header-meta":"","adv-header-id-meta":"","stick-header-meta":"","header-above-stick-meta":"","header-main-stick-meta":"","header-below-stick-meta":"","astra-migrate-meta-layouts":"default","ast-page-background-enabled":"default","ast-page-background-meta":{"desktop":{"background-color":"var(--ast-global-color-5)","background-image":"","background-repeat":"repeat","background-position":"center center","background-size":"auto","background-attachment":"scroll","background-type":"","background-media":"","overlay-type":"","overlay-color":"","overlay-opacity":"","overlay-gradient":""},"tablet":{"background-color":"","background-image":"","background-repeat":"repeat","background-position":"center center","background-size":"auto","background-attachment":"scroll","background-type":"","background-media":"","overlay-type":"","overlay-color":"","overlay-opacity":"","overlay-gradient":""},"mobile":{"background-color":"","background-image":"","background-repeat":"repeat","background-position":"center center","background-size":"auto","background-attachment":"scroll","background-type":"","background-media":"","overlay-type":"","overlay-color":"","overlay-opacity":"","overlay-gradient":""}},"ast-content-background-meta":{"desktop":{"background-color":"var(--ast-global-color-4)","background-image":"","background-repeat":"repeat","background-position":"center center","background-size":"auto","background-attachment":"scroll","background-type":"","background-media":"","overlay-type":"","overlay-color":"","overlay-opacity":"","overlay-gradient":""},"tablet":{"background-color":"var(--ast-global-color-4)","background-image":"","background-repeat":"repeat","background-position":"center center","background-size":"auto","background-attachment":"scroll","background-type":"","background-media":"","overlay-type":"","overlay-color":"","overlay-opacity":"","overlay-gradient":""},"mobile":{"background-color":"var(--ast-global-color-4)","background-image":"","background-repeat":"repeat","background-position":"center center","background-size":"auto","background-attachment":"scroll","background-type":"","background-media":"","overlay-type":"","overlay-color":"","overlay-opacity":"","overlay-gradient":""}},"footnotes":""},"categories":[],"tags":[],"class_list":["post-264653","page","type-page","status-publish","hentry"],"yoast_head":"<!-- This site is optimized with the Yoast SEO Premium plugin v26.6 (Yoast SEO v26.6) - https:\/\/yoast.com\/wordpress\/plugins\/seo\/ -->\n<title>VIDA &amp; ESTILO GROUP CULINARY LIFESTYLES IN MIAMI BEACH - City of Miami Beach<\/title>\n<meta name=\"description\" content=\"%\" \/>\n<meta name=\"robots\" content=\"index, follow, max-snippet:-1, max-image-preview:large, max-video-preview:-1\" \/>\n<link rel=\"canonical\" href=\"https:\/\/www.miamibeachfl.gov\/es\/spotlight\/july-2023-business-spotlight-vida-estilo-group-miami-beach\/\" \/>\n<meta property=\"og:locale\" content=\"es_ES\" \/>\n<meta property=\"og:type\" content=\"article\" \/>\n<meta property=\"og:title\" content=\"VIDA &amp; ESTILO GROUP CULINARY LIFESTYLES IN MIAMI BEACH\" \/>\n<meta property=\"og:description\" content=\"%\" \/>\n<meta property=\"og:url\" content=\"https:\/\/www.miamibeachfl.gov\/es\/spotlight\/july-2023-business-spotlight-vida-estilo-group-miami-beach\/\" \/>\n<meta property=\"og:site_name\" content=\"City of Miami Beach\" \/>\n<meta property=\"article:publisher\" content=\"https:\/\/www.facebook.com\/cityofmiamibeach\" \/>\n<meta property=\"article:modified_time\" content=\"2025-06-03T02:23:10+00:00\" \/>\n<meta property=\"og:image\" content=\"https:\/\/www.miamibeachfl.gov\/wp-content\/uploads\/2023\/07\/Jamil-scaled.jpeg\" \/>\n<meta name=\"twitter:card\" content=\"summary_large_image\" \/>\n<meta name=\"twitter:site\" content=\"@Miamibeachnews\" \/>\n<script type=\"application\/ld+json\" class=\"yoast-schema-graph\">{\"@context\":\"https:\/\/schema.org\",\"@graph\":[{\"@type\":\"WebPage\",\"@id\":\"https:\/\/www.miamibeachfl.gov\/spotlight\/july-2023-business-spotlight-vida-estilo-group-miami-beach\/\",\"url\":\"https:\/\/www.miamibeachfl.gov\/spotlight\/july-2023-business-spotlight-vida-estilo-group-miami-beach\/\",\"name\":\"VIDA & ESTILO GROUP CULINARY LIFESTYLES IN MIAMI BEACH - City of Miami Beach\",\"isPartOf\":{\"@id\":\"https:\/\/www.miamibeachfl.gov\/#website\"},\"primaryImageOfPage\":{\"@id\":\"https:\/\/www.miamibeachfl.gov\/spotlight\/july-2023-business-spotlight-vida-estilo-group-miami-beach\/#primaryimage\"},\"image\":{\"@id\":\"https:\/\/www.miamibeachfl.gov\/spotlight\/july-2023-business-spotlight-vida-estilo-group-miami-beach\/#primaryimage\"},\"thumbnailUrl\":\"https:\/\/www.miamibeachfl.gov\/wp-content\/uploads\/2023\/07\/Jamil-scaled.jpeg\",\"datePublished\":\"2023-07-03T19:51:40+00:00\",\"dateModified\":\"2025-06-03T02:23:10+00:00\",\"description\":\"%\",\"breadcrumb\":{\"@id\":\"https:\/\/www.miamibeachfl.gov\/spotlight\/july-2023-business-spotlight-vida-estilo-group-miami-beach\/#breadcrumb\"},\"inLanguage\":\"es\",\"potentialAction\":[{\"@type\":\"ReadAction\",\"target\":[\"https:\/\/www.miamibeachfl.gov\/spotlight\/july-2023-business-spotlight-vida-estilo-group-miami-beach\/\"]}]},{\"@type\":\"ImageObject\",\"inLanguage\":\"es\",\"@id\":\"https:\/\/www.miamibeachfl.gov\/spotlight\/july-2023-business-spotlight-vida-estilo-group-miami-beach\/#primaryimage\",\"url\":\"https:\/\/www.miamibeachfl.gov\/wp-content\/uploads\/2023\/07\/Jamil-scaled.jpeg\",\"contentUrl\":\"https:\/\/www.miamibeachfl.gov\/wp-content\/uploads\/2023\/07\/Jamil-scaled.jpeg\"},{\"@type\":\"BreadcrumbList\",\"@id\":\"https:\/\/www.miamibeachfl.gov\/spotlight\/july-2023-business-spotlight-vida-estilo-group-miami-beach\/#breadcrumb\",\"itemListElement\":[{\"@type\":\"ListItem\",\"position\":1,\"name\":\"Home\",\"item\":\"https:\/\/www.miamibeachfl.gov\/\"},{\"@type\":\"ListItem\",\"position\":2,\"name\":\"Business Newsletters and Spotlights\",\"item\":\"https:\/\/www.miamibeachfl.gov\/spotlight\/\"},{\"@type\":\"ListItem\",\"position\":3,\"name\":\"VIDA &#038; ESTILO GROUP CULINARY LIFESTYLES IN MIAMI BEACH\"}]},{\"@type\":\"WebSite\",\"@id\":\"https:\/\/www.miamibeachfl.gov\/#website\",\"url\":\"https:\/\/www.miamibeachfl.gov\/\",\"name\":\"City of Miami Beach\",\"description\":\"The official website of the City of Miami Beach. Stay informed, find important information on city services, news, alerts, events, trolley routes, government employment and more.\",\"publisher\":{\"@id\":\"https:\/\/www.miamibeachfl.gov\/#organization\"},\"potentialAction\":[{\"@type\":\"SearchAction\",\"target\":{\"@type\":\"EntryPoint\",\"urlTemplate\":\"https:\/\/www.miamibeachfl.gov\/?s={search_term_string}\"},\"query-input\":{\"@type\":\"PropertyValueSpecification\",\"valueRequired\":true,\"valueName\":\"search_term_string\"}}],\"inLanguage\":\"es\"},{\"@type\":\"Organization\",\"@id\":\"https:\/\/www.miamibeachfl.gov\/#organization\",\"name\":\"City of Miami Beach\",\"url\":\"https:\/\/www.miamibeachfl.gov\/\",\"logo\":{\"@type\":\"ImageObject\",\"inLanguage\":\"es\",\"@id\":\"https:\/\/www.miamibeachfl.gov\/#\/schema\/logo\/image\/\",\"url\":\"https:\/\/www.miamibeachfl.gov\/wp-content\/uploads\/2022\/06\/miamibeach-logoblue.png\",\"contentUrl\":\"https:\/\/www.miamibeachfl.gov\/wp-content\/uploads\/2022\/06\/miamibeach-logoblue.png\",\"width\":1962,\"height\":381,\"caption\":\"City of Miami Beach\"},\"image\":{\"@id\":\"https:\/\/www.miamibeachfl.gov\/#\/schema\/logo\/image\/\"},\"sameAs\":[\"https:\/\/www.facebook.com\/cityofmiamibeach\",\"https:\/\/x.com\/Miamibeachnews\",\"https:\/\/www.instagram.com\/miamibeachnews\/\"],\"description\":\"The official website of the City of Miami Beach. Stay informed, find important information on city services, news, alerts, events, trolley routes, government employment and more.\",\"telephone\":\"305.604.CITY(2489)\",\"legalName\":\"City of Miami Beach\"}]}<\/script>\n<!-- \/ Yoast SEO Premium plugin. -->","yoast_head_json":{"title":"GRUPO VIDA &amp; ESTILO ESTILOS DE VIDA CULINARIOS EN MIAMI BEACH - Ciudad de Miami Beach","description":"%","robots":{"index":"index","follow":"follow","max-snippet":"max-snippet:-1","max-image-preview":"max-image-preview:large","max-video-preview":"max-video-preview:-1"},"canonical":"https:\/\/www.miamibeachfl.gov\/es\/spotlight\/july-2023-business-spotlight-vida-estilo-group-miami-beach\/","og_locale":"es_ES","og_type":"article","og_title":"VIDA & ESTILO GROUP CULINARY LIFESTYLES IN MIAMI BEACH","og_description":"%","og_url":"https:\/\/www.miamibeachfl.gov\/es\/spotlight\/july-2023-business-spotlight-vida-estilo-group-miami-beach\/","og_site_name":"City of Miami Beach","article_publisher":"https:\/\/www.facebook.com\/cityofmiamibeach","article_modified_time":"2025-06-03T02:23:10+00:00","og_image":[{"url":"https:\/\/www.miamibeachfl.gov\/wp-content\/uploads\/2023\/07\/Jamil-scaled.jpeg","type":"","width":"","height":""}],"twitter_card":"summary_large_image","twitter_site":"@Miamibeachnews","schema":{"@context":"https:\/\/schema.org","@graph":[{"@type":"WebPage","@id":"https:\/\/www.miamibeachfl.gov\/spotlight\/july-2023-business-spotlight-vida-estilo-group-miami-beach\/","url":"https:\/\/www.miamibeachfl.gov\/spotlight\/july-2023-business-spotlight-vida-estilo-group-miami-beach\/","name":"GRUPO VIDA &amp; ESTILO ESTILOS DE VIDA CULINARIOS EN MIAMI BEACH - Ciudad de Miami Beach","isPartOf":{"@id":"https:\/\/www.miamibeachfl.gov\/#website"},"primaryImageOfPage":{"@id":"https:\/\/www.miamibeachfl.gov\/spotlight\/july-2023-business-spotlight-vida-estilo-group-miami-beach\/#primaryimage"},"image":{"@id":"https:\/\/www.miamibeachfl.gov\/spotlight\/july-2023-business-spotlight-vida-estilo-group-miami-beach\/#primaryimage"},"thumbnailUrl":"https:\/\/www.miamibeachfl.gov\/wp-content\/uploads\/2023\/07\/Jamil-scaled.jpeg","datePublished":"2023-07-03T19:51:40+00:00","dateModified":"2025-06-03T02:23:10+00:00","description":"%","breadcrumb":{"@id":"https:\/\/www.miamibeachfl.gov\/spotlight\/july-2023-business-spotlight-vida-estilo-group-miami-beach\/#breadcrumb"},"inLanguage":"es","potentialAction":[{"@type":"ReadAction","target":["https:\/\/www.miamibeachfl.gov\/spotlight\/july-2023-business-spotlight-vida-estilo-group-miami-beach\/"]}]},{"@type":"ImageObject","inLanguage":"es","@id":"https:\/\/www.miamibeachfl.gov\/spotlight\/july-2023-business-spotlight-vida-estilo-group-miami-beach\/#primaryimage","url":"https:\/\/www.miamibeachfl.gov\/wp-content\/uploads\/2023\/07\/Jamil-scaled.jpeg","contentUrl":"https:\/\/www.miamibeachfl.gov\/wp-content\/uploads\/2023\/07\/Jamil-scaled.jpeg"},{"@type":"BreadcrumbList","@id":"https:\/\/www.miamibeachfl.gov\/spotlight\/july-2023-business-spotlight-vida-estilo-group-miami-beach\/#breadcrumb","itemListElement":[{"@type":"ListItem","position":1,"name":"Home","item":"https:\/\/www.miamibeachfl.gov\/"},{"@type":"ListItem","position":2,"name":"Business Newsletters and Spotlights","item":"https:\/\/www.miamibeachfl.gov\/spotlight\/"},{"@type":"ListItem","position":3,"name":"VIDA &#038; ESTILO GROUP CULINARY LIFESTYLES IN MIAMI BEACH"}]},{"@type":"WebSite","@id":"https:\/\/www.miamibeachfl.gov\/#website","url":"https:\/\/www.miamibeachfl.gov\/","name":"Ciudad de Miami Beach","description":"Sitio web oficial de la Ciudad de Miami Beach. Mant\u00e9ngase informado, encuentre informaci\u00f3n importante sobre servicios municipales, noticias, alertas, eventos, rutas de tranv\u00edas, empleos gubernamentales y m\u00e1s.","publisher":{"@id":"https:\/\/www.miamibeachfl.gov\/#organization"},"potentialAction":[{"@type":"SearchAction","target":{"@type":"EntryPoint","urlTemplate":"https:\/\/www.miamibeachfl.gov\/?s={search_term_string}"},"query-input":{"@type":"PropertyValueSpecification","valueRequired":true,"valueName":"search_term_string"}}],"inLanguage":"es"},{"@type":"Organization","@id":"https:\/\/www.miamibeachfl.gov\/#organization","name":"Ciudad de Miami Beach","url":"https:\/\/www.miamibeachfl.gov\/","logo":{"@type":"ImageObject","inLanguage":"es","@id":"https:\/\/www.miamibeachfl.gov\/#\/schema\/logo\/image\/","url":"https:\/\/www.miamibeachfl.gov\/wp-content\/uploads\/2022\/06\/miamibeach-logoblue.png","contentUrl":"https:\/\/www.miamibeachfl.gov\/wp-content\/uploads\/2022\/06\/miamibeach-logoblue.png","width":1962,"height":381,"caption":"City of Miami Beach"},"image":{"@id":"https:\/\/www.miamibeachfl.gov\/#\/schema\/logo\/image\/"},"sameAs":["https:\/\/www.facebook.com\/cityofmiamibeach","https:\/\/x.com\/Miamibeachnews","https:\/\/www.instagram.com\/miamibeachnews\/"],"description":"Sitio web oficial de la Ciudad de Miami Beach. Mant\u00e9ngase informado, encuentre informaci\u00f3n importante sobre servicios municipales, noticias, alertas, eventos, rutas de tranv\u00edas, empleos gubernamentales y m\u00e1s.","telephone":"305.604.CITY(2489)","legalName":"City of Miami Beach"}]}},"_links":{"self":[{"href":"https:\/\/www.miamibeachfl.gov\/es\/wp-json\/wp\/v2\/pages\/264653","targetHints":{"allow":["GET"]}}],"collection":[{"href":"https:\/\/www.miamibeachfl.gov\/es\/wp-json\/wp\/v2\/pages"}],"about":[{"href":"https:\/\/www.miamibeachfl.gov\/es\/wp-json\/wp\/v2\/types\/page"}],"author":[{"embeddable":true,"href":"https:\/\/www.miamibeachfl.gov\/es\/wp-json\/wp\/v2\/users\/222"}],"replies":[{"embeddable":true,"href":"https:\/\/www.miamibeachfl.gov\/es\/wp-json\/wp\/v2\/comments?post=264653"}],"version-history":[{"count":1,"href":"https:\/\/www.miamibeachfl.gov\/es\/wp-json\/wp\/v2\/pages\/264653\/revisions"}],"predecessor-version":[{"id":375091,"href":"https:\/\/www.miamibeachfl.gov\/es\/wp-json\/wp\/v2\/pages\/264653\/revisions\/375091"}],"up":[{"embeddable":true,"href":"https:\/\/www.miamibeachfl.gov\/es\/wp-json\/wp\/v2\/pages\/253255"}],"wp:attachment":[{"href":"https:\/\/www.miamibeachfl.gov\/es\/wp-json\/wp\/v2\/media?parent=264653"}],"wp:term":[{"taxonomy":"category","embeddable":true,"href":"https:\/\/www.miamibeachfl.gov\/es\/wp-json\/wp\/v2\/categories?post=264653"},{"taxonomy":"post_tag","embeddable":true,"href":"https:\/\/www.miamibeachfl.gov\/es\/wp-json\/wp\/v2\/tags?post=264653"}],"curies":[{"name":"gracias","href":"https:\/\/api.w.org\/{rel}","templated":true}]}}