{"id":265320,"date":"2023-07-19T09:27:42","date_gmt":"2023-07-19T13:27:42","guid":{"rendered":"https:\/\/www.miamibeachfl.gov\/?page_id=265320"},"modified":"2025-12-15T09:31:16","modified_gmt":"2025-12-15T14:31:16","slug":"commissioner-monica-matteo-salinas","status":"publish","type":"page","link":"https:\/\/www.miamibeachfl.gov\/es\/staff\/commissioner-monica-matteo-salinas\/","title":{"rendered":"M\u00f3nica Matteo-Salinas <br>Grupo 1"},"content":{"rendered":"Alcalde y Comisi\u00f3n\t\t\t\n\t\t\t\t\t<ul id=\"menu-mayor-and-commission\"><li id=\"menu-item-281527\"><a href=\"\/es\/city-hall\/elected-officials\/\">Inicio del alcalde y la comisi\u00f3n<\/a><\/li>\n<li id=\"menu-item-281526\"><a href=\"\/es\/city-hall\/city-clerk\/meeting-notices\/\">Reuniones de la Comisi\u00f3n<\/a><\/li>\n<li id=\"menu-item-281528\"><a href=\"\/es\/city-hall\/city-clerk\/boards-and-committees\/\">Juntas y comit\u00e9s<\/a><\/li>\n<li id=\"menu-item-281529\"><a href=\"\/es\/city-hall\/city-clerk\/election-information\/\">Informaci\u00f3n electoral<\/a><\/li>\n<\/ul>\t\nAlcalde y Comisi\u00f3n \u00d7\t\t\t\t\t\t<ul id=\"menu-mayor-and-commission-1\"><li id=\"menu-item-281527\"><a href=\"\/es\/city-hall\/elected-officials\/\">Inicio del alcalde y la comisi\u00f3n<\/a><\/li>\n<li id=\"menu-item-281526\"><a href=\"\/es\/city-hall\/city-clerk\/meeting-notices\/\">Reuniones de la Comisi\u00f3n<\/a><\/li>\n<li id=\"menu-item-281528\"><a href=\"\/es\/city-hall\/city-clerk\/boards-and-committees\/\">Juntas y comit\u00e9s<\/a><\/li>\n<li id=\"menu-item-281529\"><a href=\"\/es\/city-hall\/city-clerk\/election-information\/\">Informaci\u00f3n electoral<\/a><\/li>\n<\/ul>\t\t\t\t\n\t\t\t\t<img decoding=\"async\" src=\"https:\/\/www.miamibeachfl.gov\/wp-content\/uploads\/2023\/07\/KristenRosenGonzalezyellowborder.png\" alt=\"KristenRosenGonzalezyellowborder\" itemprop=\"image\" height=\"250\" width=\"249\" title=\"KristenRosenGonzalezborde amarillo\" onerror=\"this.style.display='none'\" loading=\"lazy\">\n<h1>\n\t\t\tKristen Rosen Gonz\u00e1lez\t<\/h1>\n<h2>\n\t\t\tNotario\t<\/h2>\n\t<ul>\n\t\t<li>\t\t\t\t\n\t\t<h4>Correo electr\u00f3nico:<\/h4><p><a href=\"mailto:Kristen@miamibeachfl.gov\"><strong>Kristen@miamibeachfl.gov<\/strong><\/a><\/p><\/li><li>\t\t\t\t\n\t\t<h4>Tel\u00e9fono:<\/h4><p><a href=\"tel:3059654725\"><strong>305.965.4725<\/strong><\/a><\/p><\/li>\t<\/ul>\n<h2>\n\t\t\tGRUPO 1\t<\/h2>\n<h2>\n\t\t\tAsistentes de la Comisi\u00f3n:\t<\/h2>\n\t<ul>\n\t\t<li>\t\t\t\t\n\t\t<h4>Jacqueline Budin<\/h4><p><strong><a href=\"mailto:jacquelinebudin@miamibeachfl.gov\">jacquelinebudin@miamibeachfl.gov<\/a><\/strong><\/p><\/li><li>\t\t\t\t\n\t\t<h4>Francesca Medeiros<\/h4><p><strong><a href=\"mailto:francescamedeiros@miamibeachfl.gov\">francescamedeiros@miamibeachfl.gov<\/a><\/strong><\/p><\/li>\t<\/ul>\n\t<p>La Dra. Kristen Rosen Gonzalez es originaria de Miami Beach y tiene profundas ra\u00edces en la comunidad: sus padres se conocieron en el vest\u00edbulo del emblem\u00e1tico Hotel Fontainebleau. Creci\u00f3 en Miami Beach rodeada de una rica diversidad cultural, incluyendo exiliados cubanos y descendientes de sobrevivientes del Holocausto.<\/p>\n<p>Tras obtener su licenciatura en la Universidad Tufts en Medford, Massachusetts, la Dra. Rosen Gonz\u00e1lez regres\u00f3 a su hogar en el sur de Florida, donde ha seguido viviendo, trabajando y criando a su familia. Es la orgullosa madre de tres hijos: Isabella, Pablo y Franny, todos graduados de la escuela preparatoria Miami Beach. Su deseo de crear un futuro mejor para sus hijos y para la comunidad en general la inspira a seguir participando en la sociedad y el servicio p\u00fablico.<\/p>\n<p>La Dra. Rosen Gonz\u00e1lez es profesora titular del Departamento de Ingl\u00e9s y Comunicaciones del Miami Dade College y agente inmobiliaria con licencia. Fue elegida miembro de la Comisi\u00f3n Municipal de Miami Beach en 2015 y 2021, donde se ha forjado una reputaci\u00f3n como defensora incansable de la seguridad p\u00fablica, la educaci\u00f3n y el desarrollo responsable.<\/p>\n<p>Apasionada defensora del car\u00e1cter hist\u00f3rico de Miami Beach, ha defendido la preservaci\u00f3n de la arquitectura Art D\u00e9co y liderado iniciativas para salvar lugares emblem\u00e1ticos de la comunidad, como el Teatro Byron Carlyle y el Centro Comunitario South Shore. Tambi\u00e9n lider\u00f3 exitosas campa\u00f1as de refer\u00e9ndum para preservar Monty&#039;s y proteger el estacionamiento p\u00fablico en Lincoln Road de la sobreurbanizaci\u00f3n.<\/p>\n<p>La Dra. Rosen Gonz\u00e1lez tiene un doctorado en Administraci\u00f3n de la Educaci\u00f3n Superior y una maestr\u00eda en Comunicaci\u00f3n por la Universidad Barry. Obtuvo su licenciatura en Lengua y Literatura Francesa y Espa\u00f1ola por la Universidad Tufts.<\/p>\n<p>Ella contin\u00faa siendo una servidora p\u00fablica dedicada, educadora y defensora, comprometida con la protecci\u00f3n de la calidad de vida \u00fanica que define a Miami Beach.<\/p>\n\n\n\n<p><\/p>","protected":false},"excerpt":{"rendered":"<p>Mayor &amp; Commission Mayor &amp; Commission Home Commission Meetings Boards &amp; Committees Election Information Mayor &amp; Commission \u00d7 Mayor &amp; [&hellip;]<\/p>\n","protected":false},"author":222,"featured_media":393405,"parent":261112,"menu_order":13,"comment_status":"closed","ping_status":"closed","template":"","meta":{"_searchwp_excluded":"","site-sidebar-layout":"default","site-content-layout":"","ast-site-content-layout":"default","site-content-style":"default","site-sidebar-style":"default","ast-global-header-display":"","ast-banner-title-visibility":"","ast-main-header-display":"","ast-hfb-above-header-display":"","ast-hfb-below-header-display":"","ast-hfb-mobile-header-display":"","site-post-title":"","ast-breadcrumbs-content":"","ast-featured-img":"","footer-sml-layout":"","theme-transparent-header-meta":"","adv-header-id-meta":"","stick-header-meta":"","header-above-stick-meta":"","header-main-stick-meta":"","header-below-stick-meta":"","astra-migrate-meta-layouts":"default","ast-page-background-enabled":"default","ast-page-background-meta":{"desktop":{"background-color":"var(--ast-global-color-5)","background-image":"","background-repeat":"repeat","background-position":"center center","background-size":"auto","background-attachment":"scroll","background-type":"","background-media":"","overlay-type":"","overlay-color":"","overlay-opacity":"","overlay-gradient":""},"tablet":{"background-color":"","background-image":"","background-repeat":"repeat","background-position":"center center","background-size":"auto","background-attachment":"scroll","background-type":"","background-media":"","overlay-type":"","overlay-color":"","overlay-opacity":"","overlay-gradient":""},"mobile":{"background-color":"","background-image":"","background-repeat":"repeat","background-position":"center center","background-size":"auto","background-attachment":"scroll","background-type":"","background-media":"","overlay-type":"","overlay-color":"","overlay-opacity":"","overlay-gradient":""}},"ast-content-background-meta":{"desktop":{"background-color":"var(--ast-global-color-4)","background-image":"","background-repeat":"repeat","background-position":"center center","background-size":"auto","background-attachment":"scroll","background-type":"","background-media":"","overlay-type":"","overlay-color":"","overlay-opacity":"","overlay-gradient":""},"tablet":{"background-color":"var(--ast-global-color-4)","background-image":"","background-repeat":"repeat","background-position":"center center","background-size":"auto","background-attachment":"scroll","background-type":"","background-media":"","overlay-type":"","overlay-color":"","overlay-opacity":"","overlay-gradient":""},"mobile":{"background-color":"var(--ast-global-color-4)","background-image":"","background-repeat":"repeat","background-position":"center center","background-size":"auto","background-attachment":"scroll","background-type":"","background-media":"","overlay-type":"","overlay-color":"","overlay-opacity":"","overlay-gradient":""}},"footnotes":""},"categories":[],"tags":[983,985,960],"class_list":["post-265320","page","type-page","status-publish","has-post-thumbnail","hentry","tag-mayor-office-team","tag-monica-matteo-salinas-staff","tag-staff"],"yoast_head":"<!-- This site is optimized with the Yoast SEO Premium plugin v27.4 (Yoast SEO v27.4) - https:\/\/yoast.com\/product\/yoast-seo-premium-wordpress\/ -->\n<title>Monica Matteo-Salinas Group 1 - City of Miami Beach<\/title>\n<meta name=\"description\" content=\"Monica Matteo-Salinas has proudly called Miami Beach home for sixteen years. She is raising her two sons here, both students at Miami Beach Senior High School. Her commitment to local schools has been long-standing: she became active in the PTA when her boys attended South Pointe Elementary and later served as PTSA President at Nautilus Middle School from 2020 to 2022. Preserving and strengthening Miami Beach\u2019s legacy has always been central to her work.\" \/>\n<meta name=\"robots\" content=\"index, follow, max-snippet:-1, max-image-preview:large, max-video-preview:-1\" \/>\n<link rel=\"canonical\" href=\"https:\/\/www.miamibeachfl.gov\/es\/staff\/commissioner-monica-matteo-salinas\/\" \/>\n<meta property=\"og:locale\" content=\"es_ES\" \/>\n<meta property=\"og:type\" content=\"article\" \/>\n<meta property=\"og:title\" content=\"Monica Matteo-Salinas Group 1\" \/>\n<meta property=\"og:description\" content=\"Monica Matteo-Salinas has proudly called Miami Beach home for sixteen years. She is raising her two sons here, both students at Miami Beach Senior High School. Her commitment to local schools has been long-standing: she became active in the PTA when her boys attended South Pointe Elementary and later served as PTSA President at Nautilus Middle School from 2020 to 2022. Preserving and strengthening Miami Beach\u2019s legacy has always been central to her work.\" \/>\n<meta property=\"og:url\" content=\"https:\/\/www.miamibeachfl.gov\/es\/staff\/commissioner-monica-matteo-salinas\/\" \/>\n<meta property=\"og:site_name\" content=\"City of Miami Beach\" \/>\n<meta property=\"article:publisher\" content=\"https:\/\/www.facebook.com\/cityofmiamibeach\" \/>\n<meta property=\"article:modified_time\" content=\"2025-12-15T14:31:16+00:00\" \/>\n<meta property=\"og:image\" content=\"https:\/\/www.miamibeachfl.gov\/wp-content\/uploads\/2023\/07\/Monica-Matteo-Salinas-commissioner-YellowOutline.png\" \/>\n\t<meta property=\"og:image:width\" content=\"249\" \/>\n\t<meta property=\"og:image:height\" content=\"250\" \/>\n\t<meta property=\"og:image:type\" content=\"image\/png\" \/>\n<meta name=\"twitter:card\" content=\"summary_large_image\" \/>\n<meta name=\"twitter:site\" content=\"@Miamibeachnews\" \/>\n<script type=\"application\/ld+json\" class=\"yoast-schema-graph\">{\"@context\":\"https:\\\/\\\/schema.org\",\"@graph\":[{\"@type\":\"WebPage\",\"@id\":\"https:\\\/\\\/www.miamibeachfl.gov\\\/staff\\\/commissioner-monica-matteo-salinas\\\/\",\"url\":\"https:\\\/\\\/www.miamibeachfl.gov\\\/staff\\\/commissioner-monica-matteo-salinas\\\/\",\"name\":\"Monica Matteo-Salinas Group 1 - City of Miami Beach\",\"isPartOf\":{\"@id\":\"https:\\\/\\\/www.miamibeachfl.gov\\\/#website\"},\"primaryImageOfPage\":{\"@id\":\"https:\\\/\\\/www.miamibeachfl.gov\\\/staff\\\/commissioner-monica-matteo-salinas\\\/#primaryimage\"},\"image\":{\"@id\":\"https:\\\/\\\/www.miamibeachfl.gov\\\/staff\\\/commissioner-monica-matteo-salinas\\\/#primaryimage\"},\"thumbnailUrl\":\"https:\\\/\\\/www.miamibeachfl.gov\\\/wp-content\\\/uploads\\\/2023\\\/07\\\/Monica-Matteo-Salinas-commissioner-YellowOutline.png\",\"datePublished\":\"2023-07-19T13:27:42+00:00\",\"dateModified\":\"2025-12-15T14:31:16+00:00\",\"description\":\"Monica Matteo-Salinas has proudly called Miami Beach home for sixteen years. She is raising her two sons here, both students at Miami Beach Senior High School. Her commitment to local schools has been long-standing: she became active in the PTA when her boys attended South Pointe Elementary and later served as PTSA President at Nautilus Middle School from 2020 to 2022. Preserving and strengthening Miami Beach\u2019s legacy has always been central to her work.\",\"breadcrumb\":{\"@id\":\"https:\\\/\\\/www.miamibeachfl.gov\\\/staff\\\/commissioner-monica-matteo-salinas\\\/#breadcrumb\"},\"inLanguage\":\"es\",\"potentialAction\":[{\"@type\":\"ReadAction\",\"target\":[\"https:\\\/\\\/www.miamibeachfl.gov\\\/staff\\\/commissioner-monica-matteo-salinas\\\/\"]}]},{\"@type\":\"ImageObject\",\"inLanguage\":\"es\",\"@id\":\"https:\\\/\\\/www.miamibeachfl.gov\\\/staff\\\/commissioner-monica-matteo-salinas\\\/#primaryimage\",\"url\":\"https:\\\/\\\/www.miamibeachfl.gov\\\/wp-content\\\/uploads\\\/2023\\\/07\\\/Monica-Matteo-Salinas-commissioner-YellowOutline.png\",\"contentUrl\":\"https:\\\/\\\/www.miamibeachfl.gov\\\/wp-content\\\/uploads\\\/2023\\\/07\\\/Monica-Matteo-Salinas-commissioner-YellowOutline.png\",\"width\":249,\"height\":250,\"caption\":\"Commissioner Monica Matteo-Salinas\"},{\"@type\":\"BreadcrumbList\",\"@id\":\"https:\\\/\\\/www.miamibeachfl.gov\\\/staff\\\/commissioner-monica-matteo-salinas\\\/#breadcrumb\",\"itemListElement\":[{\"@type\":\"ListItem\",\"position\":1,\"name\":\"Home\",\"item\":\"https:\\\/\\\/www.miamibeachfl.gov\\\/\"},{\"@type\":\"ListItem\",\"position\":2,\"name\":\"Staff\",\"item\":\"https:\\\/\\\/www.miamibeachfl.gov\\\/staff\\\/\"},{\"@type\":\"ListItem\",\"position\":3,\"name\":\"Monica Matteo-Salinas Group 1\"}]},{\"@type\":\"WebSite\",\"@id\":\"https:\\\/\\\/www.miamibeachfl.gov\\\/#website\",\"url\":\"https:\\\/\\\/www.miamibeachfl.gov\\\/\",\"name\":\"City of Miami Beach\",\"description\":\"The official website of the City of Miami Beach. Stay informed, find important information on city services, news, alerts, events, trolley routes, government employment and more.\",\"publisher\":{\"@id\":\"https:\\\/\\\/www.miamibeachfl.gov\\\/#organization\"},\"potentialAction\":[{\"@type\":\"SearchAction\",\"target\":{\"@type\":\"EntryPoint\",\"urlTemplate\":\"https:\\\/\\\/www.miamibeachfl.gov\\\/?s={search_term_string}\"},\"query-input\":{\"@type\":\"PropertyValueSpecification\",\"valueRequired\":true,\"valueName\":\"search_term_string\"}}],\"inLanguage\":\"es\"},{\"@type\":\"Organization\",\"@id\":\"https:\\\/\\\/www.miamibeachfl.gov\\\/#organization\",\"name\":\"City of Miami Beach\",\"url\":\"https:\\\/\\\/www.miamibeachfl.gov\\\/\",\"logo\":{\"@type\":\"ImageObject\",\"inLanguage\":\"es\",\"@id\":\"https:\\\/\\\/www.miamibeachfl.gov\\\/#\\\/schema\\\/logo\\\/image\\\/\",\"url\":\"https:\\\/\\\/www.miamibeachfl.gov\\\/wp-content\\\/uploads\\\/2022\\\/06\\\/miamibeach-logoblue.png\",\"contentUrl\":\"https:\\\/\\\/www.miamibeachfl.gov\\\/wp-content\\\/uploads\\\/2022\\\/06\\\/miamibeach-logoblue.png\",\"width\":1962,\"height\":381,\"caption\":\"City of Miami Beach\"},\"image\":{\"@id\":\"https:\\\/\\\/www.miamibeachfl.gov\\\/#\\\/schema\\\/logo\\\/image\\\/\"},\"sameAs\":[\"https:\\\/\\\/www.facebook.com\\\/cityofmiamibeach\",\"https:\\\/\\\/x.com\\\/Miamibeachnews\",\"https:\\\/\\\/www.instagram.com\\\/miamibeachnews\\\/\"],\"description\":\"The official website of the City of Miami Beach. Stay informed, find important information on city services, news, alerts, events, trolley routes, government employment and more.\",\"telephone\":\"305.604.CITY(2489)\",\"legalName\":\"City of Miami Beach\"}]}<\/script>\n<!-- \/ Yoast SEO Premium plugin. -->","yoast_head_json":{"title":"Monica Matteo-Salinas Grupo 1 - Ciudad de Miami Beach","description":"Monica Matteo-Salinas ha considerado con orgullo Miami Beach su hogar durante diecis\u00e9is a\u00f1os. Aqu\u00ed cr\u00eda a sus dos hijos, ambos estudiantes de la escuela secundaria Miami Beach Senior High School. Su compromiso con las escuelas locales es de larga data: se involucr\u00f3 activamente en la Asociaci\u00f3n de Padres y Maestros (PTSA) cuando sus hijos asist\u00edan a la escuela primaria South Pointe y posteriormente fue presidenta de la PTSA en la escuela secundaria Nautilus de 2020 a 2022. Preservar y fortalecer el legado de Miami Beach siempre ha sido fundamental para su trabajo.","robots":{"index":"index","follow":"follow","max-snippet":"max-snippet:-1","max-image-preview":"max-image-preview:large","max-video-preview":"max-video-preview:-1"},"canonical":"https:\/\/www.miamibeachfl.gov\/es\/staff\/commissioner-monica-matteo-salinas\/","og_locale":"es_ES","og_type":"article","og_title":"Monica Matteo-Salinas Group 1","og_description":"Monica Matteo-Salinas has proudly called Miami Beach home for sixteen years. She is raising her two sons here, both students at Miami Beach Senior High School. Her commitment to local schools has been long-standing: she became active in the PTA when her boys attended South Pointe Elementary and later served as PTSA President at Nautilus Middle School from 2020 to 2022. Preserving and strengthening Miami Beach\u2019s legacy has always been central to her work.","og_url":"https:\/\/www.miamibeachfl.gov\/es\/staff\/commissioner-monica-matteo-salinas\/","og_site_name":"City of Miami Beach","article_publisher":"https:\/\/www.facebook.com\/cityofmiamibeach","article_modified_time":"2025-12-15T14:31:16+00:00","og_image":[{"width":249,"height":250,"url":"https:\/\/www.miamibeachfl.gov\/wp-content\/uploads\/2023\/07\/Monica-Matteo-Salinas-commissioner-YellowOutline.png","type":"image\/png"}],"twitter_card":"summary_large_image","twitter_site":"@Miamibeachnews","schema":{"@context":"https:\/\/schema.org","@graph":[{"@type":"WebPage","@id":"https:\/\/www.miamibeachfl.gov\/staff\/commissioner-monica-matteo-salinas\/","url":"https:\/\/www.miamibeachfl.gov\/staff\/commissioner-monica-matteo-salinas\/","name":"Monica Matteo-Salinas Grupo 1 - Ciudad de Miami Beach","isPartOf":{"@id":"https:\/\/www.miamibeachfl.gov\/#website"},"primaryImageOfPage":{"@id":"https:\/\/www.miamibeachfl.gov\/staff\/commissioner-monica-matteo-salinas\/#primaryimage"},"image":{"@id":"https:\/\/www.miamibeachfl.gov\/staff\/commissioner-monica-matteo-salinas\/#primaryimage"},"thumbnailUrl":"https:\/\/www.miamibeachfl.gov\/wp-content\/uploads\/2023\/07\/Monica-Matteo-Salinas-commissioner-YellowOutline.png","datePublished":"2023-07-19T13:27:42+00:00","dateModified":"2025-12-15T14:31:16+00:00","description":"Monica Matteo-Salinas ha considerado con orgullo Miami Beach su hogar durante diecis\u00e9is a\u00f1os. Aqu\u00ed cr\u00eda a sus dos hijos, ambos estudiantes de la escuela secundaria Miami Beach Senior High School. Su compromiso con las escuelas locales es de larga data: se involucr\u00f3 activamente en la Asociaci\u00f3n de Padres y Maestros (PTSA) cuando sus hijos asist\u00edan a la escuela primaria South Pointe y posteriormente fue presidenta de la PTSA en la escuela secundaria Nautilus de 2020 a 2022. Preservar y fortalecer el legado de Miami Beach siempre ha sido fundamental para su trabajo.","breadcrumb":{"@id":"https:\/\/www.miamibeachfl.gov\/staff\/commissioner-monica-matteo-salinas\/#breadcrumb"},"inLanguage":"es","potentialAction":[{"@type":"ReadAction","target":["https:\/\/www.miamibeachfl.gov\/staff\/commissioner-monica-matteo-salinas\/"]}]},{"@type":"ImageObject","inLanguage":"es","@id":"https:\/\/www.miamibeachfl.gov\/staff\/commissioner-monica-matteo-salinas\/#primaryimage","url":"https:\/\/www.miamibeachfl.gov\/wp-content\/uploads\/2023\/07\/Monica-Matteo-Salinas-commissioner-YellowOutline.png","contentUrl":"https:\/\/www.miamibeachfl.gov\/wp-content\/uploads\/2023\/07\/Monica-Matteo-Salinas-commissioner-YellowOutline.png","width":249,"height":250,"caption":"Commissioner Monica Matteo-Salinas"},{"@type":"BreadcrumbList","@id":"https:\/\/www.miamibeachfl.gov\/staff\/commissioner-monica-matteo-salinas\/#breadcrumb","itemListElement":[{"@type":"ListItem","position":1,"name":"Home","item":"https:\/\/www.miamibeachfl.gov\/"},{"@type":"ListItem","position":2,"name":"Staff","item":"https:\/\/www.miamibeachfl.gov\/staff\/"},{"@type":"ListItem","position":3,"name":"Monica Matteo-Salinas Group 1"}]},{"@type":"WebSite","@id":"https:\/\/www.miamibeachfl.gov\/#website","url":"https:\/\/www.miamibeachfl.gov\/","name":"Ciudad de Miami Beach","description":"Sitio web oficial de la Ciudad de Miami Beach. Mant\u00e9ngase informado, encuentre informaci\u00f3n importante sobre servicios municipales, noticias, alertas, eventos, rutas de tranv\u00edas, empleos gubernamentales y m\u00e1s.","publisher":{"@id":"https:\/\/www.miamibeachfl.gov\/#organization"},"potentialAction":[{"@type":"SearchAction","target":{"@type":"EntryPoint","urlTemplate":"https:\/\/www.miamibeachfl.gov\/?s={search_term_string}"},"query-input":{"@type":"PropertyValueSpecification","valueRequired":true,"valueName":"search_term_string"}}],"inLanguage":"es"},{"@type":"Organization","@id":"https:\/\/www.miamibeachfl.gov\/#organization","name":"Ciudad de Miami Beach","url":"https:\/\/www.miamibeachfl.gov\/","logo":{"@type":"ImageObject","inLanguage":"es","@id":"https:\/\/www.miamibeachfl.gov\/#\/schema\/logo\/image\/","url":"https:\/\/www.miamibeachfl.gov\/wp-content\/uploads\/2022\/06\/miamibeach-logoblue.png","contentUrl":"https:\/\/www.miamibeachfl.gov\/wp-content\/uploads\/2022\/06\/miamibeach-logoblue.png","width":1962,"height":381,"caption":"City of Miami Beach"},"image":{"@id":"https:\/\/www.miamibeachfl.gov\/#\/schema\/logo\/image\/"},"sameAs":["https:\/\/www.facebook.com\/cityofmiamibeach","https:\/\/x.com\/Miamibeachnews","https:\/\/www.instagram.com\/miamibeachnews\/"],"description":"Sitio web oficial de la Ciudad de Miami Beach. Mant\u00e9ngase informado, encuentre informaci\u00f3n importante sobre servicios municipales, noticias, alertas, eventos, rutas de tranv\u00edas, empleos gubernamentales y m\u00e1s.","telephone":"305.604.CITY(2489)","legalName":"City of Miami Beach"}]}},"_links":{"self":[{"href":"https:\/\/www.miamibeachfl.gov\/es\/wp-json\/wp\/v2\/pages\/265320","targetHints":{"allow":["GET"]}}],"collection":[{"href":"https:\/\/www.miamibeachfl.gov\/es\/wp-json\/wp\/v2\/pages"}],"about":[{"href":"https:\/\/www.miamibeachfl.gov\/es\/wp-json\/wp\/v2\/types\/page"}],"author":[{"embeddable":true,"href":"https:\/\/www.miamibeachfl.gov\/es\/wp-json\/wp\/v2\/users\/222"}],"replies":[{"embeddable":true,"href":"https:\/\/www.miamibeachfl.gov\/es\/wp-json\/wp\/v2\/comments?post=265320"}],"version-history":[{"count":4,"href":"https:\/\/www.miamibeachfl.gov\/es\/wp-json\/wp\/v2\/pages\/265320\/revisions"}],"predecessor-version":[{"id":393408,"href":"https:\/\/www.miamibeachfl.gov\/es\/wp-json\/wp\/v2\/pages\/265320\/revisions\/393408"}],"up":[{"embeddable":true,"href":"https:\/\/www.miamibeachfl.gov\/es\/wp-json\/wp\/v2\/pages\/261112"}],"wp:featuredmedia":[{"embeddable":true,"href":"https:\/\/www.miamibeachfl.gov\/es\/wp-json\/wp\/v2\/media\/393405"}],"wp:attachment":[{"href":"https:\/\/www.miamibeachfl.gov\/es\/wp-json\/wp\/v2\/media?parent=265320"}],"wp:term":[{"taxonomy":"category","embeddable":true,"href":"https:\/\/www.miamibeachfl.gov\/es\/wp-json\/wp\/v2\/categories?post=265320"},{"taxonomy":"post_tag","embeddable":true,"href":"https:\/\/www.miamibeachfl.gov\/es\/wp-json\/wp\/v2\/tags?post=265320"}],"curies":[{"name":"gracias","href":"https:\/\/api.w.org\/{rel}","templated":true}]}}