{"id":265355,"date":"2023-07-19T10:37:58","date_gmt":"2023-07-19T14:37:58","guid":{"rendered":"https:\/\/www.miamibeachfl.gov\/?page_id=265355"},"modified":"2025-07-07T13:51:16","modified_gmt":"2025-07-07T17:51:16","slug":"commissioner-tanya-k-bhatt","status":"publish","type":"page","link":"https:\/\/www.miamibeachfl.gov\/es\/staff\/commissioner-tanya-k-bhatt\/","title":{"rendered":"Tanya K. Bhatt <br>Grupo 4"},"content":{"rendered":"Alcalde y Comisi\u00f3n\t\t\t\n\t\t\t\t\t<ul id=\"menu-mayor-and-commission\"><li id=\"menu-item-281527\"><a href=\"\/es\/city-hall\/elected-officials\/\">Inicio del alcalde y la comisi\u00f3n<\/a><\/li>\n<li id=\"menu-item-281526\"><a href=\"\/es\/city-hall\/city-clerk\/meeting-notices\/\">Reuniones de la Comisi\u00f3n<\/a><\/li>\n<li id=\"menu-item-281528\"><a href=\"\/es\/city-hall\/city-clerk\/boards-and-committees\/\">Juntas y comit\u00e9s<\/a><\/li>\n<li id=\"menu-item-281529\"><a href=\"\/es\/city-hall\/city-clerk\/election-information\/\">Informaci\u00f3n electoral<\/a><\/li>\n<\/ul>\t\nAlcalde y Comisi\u00f3n \u00d7\t\t\t\t\t\t<ul id=\"menu-mayor-and-commission-1\"><li id=\"menu-item-281527\"><a href=\"\/es\/city-hall\/elected-officials\/\">Inicio del alcalde y la comisi\u00f3n<\/a><\/li>\n<li id=\"menu-item-281526\"><a href=\"\/es\/city-hall\/city-clerk\/meeting-notices\/\">Reuniones de la Comisi\u00f3n<\/a><\/li>\n<li id=\"menu-item-281528\"><a href=\"\/es\/city-hall\/city-clerk\/boards-and-committees\/\">Juntas y comit\u00e9s<\/a><\/li>\n<li id=\"menu-item-281529\"><a href=\"\/es\/city-hall\/city-clerk\/election-information\/\">Informaci\u00f3n electoral<\/a><\/li>\n<\/ul>\t\t\t\t\n\t\t\t\t<img decoding=\"async\" src=\"https:\/\/www.miamibeachfl.gov\/wp-content\/uploads\/bb-plugin\/cache\/TanyaKatzoffBhatt-circle.png\" alt=\"Commissioner Tanya K Bhatt\" title=\"Tanya Katzoff Bhatt\" itemprop=\"image\"\/>\n\t\t<h1>\n\t\t\tTanya K. Bhatt\t<\/h1>\n<h2>\n\t\t\tNotario\t<\/h2>\n\t<ul>\n\t\t<li><a href=\"mailto:tanya@miamibeachfl.gov\" target=\"_self\"  aria-label=\"Vaya a mailto:tanya@miamibeachfl.gov\">\t\t\t\t\n\t\t<h3>Tanya@miamibeachfl.gov<\/h3><\/a><\/li><li><a href=\"tel:3056737105\" target=\"_self\"  aria-label=\"Ir al tel:3056737105\">\t\t\t\t\n\t\t<h3>305.673.7105<\/h3><\/a><\/li>\t<\/ul>\n\t<ul>\n\t\t<li>\t\t\t\t\n\t\t<h3>Grupo 4<\/h3><\/li><li><a href=\"mailto:SaraMurillo@miamibeachfl.gov\" target=\"_self\"  aria-label=\"Vaya al correo: SaraMurillo@miamibeachfl.gov\">\t\t\t\t\n\t\t<h3>Asistente de la Comisi\u00f3n:<\/h3><p>Sara Murillo Tejada<\/p><\/a><\/li><li><a href=\"tel:7865629498\" target=\"_self\"  aria-label=\"Ir al tel:7865629498\">\t\t\t\t\n\t\t<h3>786.562.9498<\/h3><\/a><\/li><li><a href=\"mailto:SaraMurillo@miamibeachfl.gov\" target=\"_self\"  aria-label=\"Vaya al correo: SaraMurillo@miamibeachfl.gov\">\t\t\t\t\n\t\t<h3>SaraMurillo@miamibeachfl.gov<\/h3><\/a><\/li>\t<\/ul>\n\t<p>Tanya Katzoff Bhatt ha defendido los derechos de los dem\u00e1s desde ni\u00f1a, cuando le dijo a su t\u00edo abuelo que quer\u00eda ser presidenta de mayor. Desde 2015, lo ha hecho por los residentes de Miami Beach.<\/p>\n<p>Con una formaci\u00f3n adquirida en la Academia de Liderazgo de Miami Beach, particip\u00f3 activamente en la Asociaci\u00f3n de Propietarios de Bayshore; fue presidenta de Miami Beach United; form\u00f3 parte de la junta directiva de la Liga de Preservaci\u00f3n del Dise\u00f1o de Miami, donde form\u00f3 parte de su Comit\u00e9 de Gobernanza; y en 2020 fue nombrada miembro de la Junta de Planificaci\u00f3n de Miami Beach en el cargo de Planificaci\u00f3n Hist\u00f3rica. Tanya, una tenaz defensora de los derechos de los residentes, una l\u00edder comunitaria orientada a resultados y una experta en generar consenso, nunca dejar\u00e1 de trabajar para mejorar nuestra ciudad.<\/p>\n<p>La integridad, la independencia, la civilidad y la resoluci\u00f3n reflexiva de problemas ser\u00e1n la base y definir\u00e1n el papel de Tanya en la Comisi\u00f3n, donde trabajar\u00e1 diligentemente para garantizar que Miami Beach siga siendo una de las ciudades m\u00e1s vibrantes y singulares de Estados Unidos. Sus prioridades incluyen lograr un equilibrio entre la preservaci\u00f3n hist\u00f3rica y un crecimiento contextual adecuado; mantener nuestra ciudad segura y acogedora; promover las medidas de resiliencia adecuadas para cada barrio; y encontrar soluciones sensatas a nuestros problemas m\u00e1s urgentes.<\/p>\n<p>Tanya es una profesional de marketing y branding que, entre otras cosas, dirigi\u00f3 durante seis a\u00f1os una divisi\u00f3n global de Converse. Su crianza en Sudam\u00e9rica y Europa le ense\u00f1\u00f3 que existen muchas maneras de lograr un resultado positivo, una perspectiva que influye positivamente en su forma de afrontar las oportunidades, los desaf\u00edos y la vida en general.<\/p>\n<p>Tanya, residente actual de North Beach, se mud\u00f3 a Miami Beach en 2003 en busca de una comunidad diversa y acogedora con una oferta cultural de primer nivel para criar a sus hijas. Es graduada de la Universidad de Brown, una atleta de resistencia excepcional, rescatista de perros y multiling\u00fce.<\/p>","protected":false},"excerpt":{"rendered":"<p>Mayor &#038; Commission Mayor &#038; Commission Home Commission Meetings Boards &#038; Committees Election Information Mayor &#038; Commission \u00d7 Mayor &#038; [&hellip;]<\/p>\n","protected":false},"author":222,"featured_media":281060,"parent":261112,"menu_order":37,"comment_status":"closed","ping_status":"closed","template":"","meta":{"_searchwp_excluded":"","site-sidebar-layout":"default","site-content-layout":"","ast-site-content-layout":"default","site-content-style":"default","site-sidebar-style":"default","ast-global-header-display":"","ast-banner-title-visibility":"","ast-main-header-display":"","ast-hfb-above-header-display":"","ast-hfb-below-header-display":"","ast-hfb-mobile-header-display":"","site-post-title":"","ast-breadcrumbs-content":"","ast-featured-img":"","footer-sml-layout":"","theme-transparent-header-meta":"","adv-header-id-meta":"","stick-header-meta":"","header-above-stick-meta":"","header-main-stick-meta":"","header-below-stick-meta":"","astra-migrate-meta-layouts":"default","ast-page-background-enabled":"default","ast-page-background-meta":{"desktop":{"background-color":"var(--ast-global-color-5)","background-image":"","background-repeat":"repeat","background-position":"center center","background-size":"auto","background-attachment":"scroll","background-type":"","background-media":"","overlay-type":"","overlay-color":"","overlay-opacity":"","overlay-gradient":""},"tablet":{"background-color":"","background-image":"","background-repeat":"repeat","background-position":"center center","background-size":"auto","background-attachment":"scroll","background-type":"","background-media":"","overlay-type":"","overlay-color":"","overlay-opacity":"","overlay-gradient":""},"mobile":{"background-color":"","background-image":"","background-repeat":"repeat","background-position":"center center","background-size":"auto","background-attachment":"scroll","background-type":"","background-media":"","overlay-type":"","overlay-color":"","overlay-opacity":"","overlay-gradient":""}},"ast-content-background-meta":{"desktop":{"background-color":"var(--ast-global-color-4)","background-image":"","background-repeat":"repeat","background-position":"center center","background-size":"auto","background-attachment":"scroll","background-type":"","background-media":"","overlay-type":"","overlay-color":"","overlay-opacity":"","overlay-gradient":""},"tablet":{"background-color":"var(--ast-global-color-4)","background-image":"","background-repeat":"repeat","background-position":"center center","background-size":"auto","background-attachment":"scroll","background-type":"","background-media":"","overlay-type":"","overlay-color":"","overlay-opacity":"","overlay-gradient":""},"mobile":{"background-color":"var(--ast-global-color-4)","background-image":"","background-repeat":"repeat","background-position":"center center","background-size":"auto","background-attachment":"scroll","background-type":"","background-media":"","overlay-type":"","overlay-color":"","overlay-opacity":"","overlay-gradient":""}},"footnotes":""},"categories":[],"tags":[983,960,1127],"class_list":["post-265355","page","type-page","status-publish","has-post-thumbnail","hentry","tag-mayor-office-team","tag-staff","tag-tanya-k-bhatt"],"yoast_head":"<!-- This site is optimized with the Yoast SEO Premium plugin v27.4 (Yoast SEO v27.4) - https:\/\/yoast.com\/product\/yoast-seo-premium-wordpress\/ -->\n<title>Tanya K. Bhatt Group 4 - City of Miami Beach<\/title>\n<meta name=\"description\" content=\"Tanya Katzoff Bhatt has been advocating for others since she was a child, when she told her great-uncle that she wanted to be president when she grew up. Since 2015, she has been doing so for residents in Miami Beach.\" \/>\n<meta name=\"robots\" content=\"index, follow, max-snippet:-1, max-image-preview:large, max-video-preview:-1\" \/>\n<link rel=\"canonical\" href=\"https:\/\/www.miamibeachfl.gov\/es\/staff\/commissioner-tanya-k-bhatt\/\" \/>\n<meta property=\"og:locale\" content=\"es_ES\" \/>\n<meta property=\"og:type\" content=\"article\" \/>\n<meta property=\"og:title\" content=\"Tanya K. Bhatt Group 4\" \/>\n<meta property=\"og:description\" content=\"Tanya Katzoff Bhatt has been advocating for others since she was a child, when she told her great-uncle that she wanted to be president when she grew up. Since 2015, she has been doing so for residents in Miami Beach.\" \/>\n<meta property=\"og:url\" content=\"https:\/\/www.miamibeachfl.gov\/es\/staff\/commissioner-tanya-k-bhatt\/\" \/>\n<meta property=\"og:site_name\" content=\"City of Miami Beach\" \/>\n<meta property=\"article:publisher\" content=\"https:\/\/www.facebook.com\/cityofmiamibeach\" \/>\n<meta property=\"article:modified_time\" content=\"2025-07-07T17:51:16+00:00\" \/>\n<meta property=\"og:image\" content=\"https:\/\/www.miamibeachfl.gov\/wp-content\/uploads\/2023\/07\/TanyaKatzoffBhatt.png\" \/>\n\t<meta property=\"og:image:width\" content=\"250\" \/>\n\t<meta property=\"og:image:height\" content=\"250\" \/>\n\t<meta property=\"og:image:type\" content=\"image\/png\" \/>\n<meta name=\"twitter:card\" content=\"summary_large_image\" \/>\n<meta name=\"twitter:site\" content=\"@Miamibeachnews\" \/>\n<script type=\"application\/ld+json\" class=\"yoast-schema-graph\">{\"@context\":\"https:\\\/\\\/schema.org\",\"@graph\":[{\"@type\":\"WebPage\",\"@id\":\"https:\\\/\\\/www.miamibeachfl.gov\\\/staff\\\/commissioner-tanya-k-bhatt\\\/\",\"url\":\"https:\\\/\\\/www.miamibeachfl.gov\\\/staff\\\/commissioner-tanya-k-bhatt\\\/\",\"name\":\"Tanya K. Bhatt Group 4 - City of Miami Beach\",\"isPartOf\":{\"@id\":\"https:\\\/\\\/www.miamibeachfl.gov\\\/#website\"},\"primaryImageOfPage\":{\"@id\":\"https:\\\/\\\/www.miamibeachfl.gov\\\/staff\\\/commissioner-tanya-k-bhatt\\\/#primaryimage\"},\"image\":{\"@id\":\"https:\\\/\\\/www.miamibeachfl.gov\\\/staff\\\/commissioner-tanya-k-bhatt\\\/#primaryimage\"},\"thumbnailUrl\":\"https:\\\/\\\/www.miamibeachfl.gov\\\/wp-content\\\/uploads\\\/2023\\\/07\\\/TanyaKatzoffBhatt.png\",\"datePublished\":\"2023-07-19T14:37:58+00:00\",\"dateModified\":\"2025-07-07T17:51:16+00:00\",\"description\":\"Tanya Katzoff Bhatt has been advocating for others since she was a child, when she told her great-uncle that she wanted to be president when she grew up. Since 2015, she has been doing so for residents in Miami Beach.\",\"breadcrumb\":{\"@id\":\"https:\\\/\\\/www.miamibeachfl.gov\\\/staff\\\/commissioner-tanya-k-bhatt\\\/#breadcrumb\"},\"inLanguage\":\"es\",\"potentialAction\":[{\"@type\":\"ReadAction\",\"target\":[\"https:\\\/\\\/www.miamibeachfl.gov\\\/staff\\\/commissioner-tanya-k-bhatt\\\/\"]}]},{\"@type\":\"ImageObject\",\"inLanguage\":\"es\",\"@id\":\"https:\\\/\\\/www.miamibeachfl.gov\\\/staff\\\/commissioner-tanya-k-bhatt\\\/#primaryimage\",\"url\":\"https:\\\/\\\/www.miamibeachfl.gov\\\/wp-content\\\/uploads\\\/2023\\\/07\\\/TanyaKatzoffBhatt.png\",\"contentUrl\":\"https:\\\/\\\/www.miamibeachfl.gov\\\/wp-content\\\/uploads\\\/2023\\\/07\\\/TanyaKatzoffBhatt.png\",\"width\":250,\"height\":250,\"caption\":\"Commissioner Tanya K Bhatt\"},{\"@type\":\"BreadcrumbList\",\"@id\":\"https:\\\/\\\/www.miamibeachfl.gov\\\/staff\\\/commissioner-tanya-k-bhatt\\\/#breadcrumb\",\"itemListElement\":[{\"@type\":\"ListItem\",\"position\":1,\"name\":\"Home\",\"item\":\"https:\\\/\\\/www.miamibeachfl.gov\\\/\"},{\"@type\":\"ListItem\",\"position\":2,\"name\":\"Staff\",\"item\":\"https:\\\/\\\/www.miamibeachfl.gov\\\/staff\\\/\"},{\"@type\":\"ListItem\",\"position\":3,\"name\":\"Tanya K. Bhatt Group 4\"}]},{\"@type\":\"WebSite\",\"@id\":\"https:\\\/\\\/www.miamibeachfl.gov\\\/#website\",\"url\":\"https:\\\/\\\/www.miamibeachfl.gov\\\/\",\"name\":\"City of Miami Beach\",\"description\":\"The official website of the City of Miami Beach. Stay informed, find important information on city services, news, alerts, events, trolley routes, government employment and more.\",\"publisher\":{\"@id\":\"https:\\\/\\\/www.miamibeachfl.gov\\\/#organization\"},\"potentialAction\":[{\"@type\":\"SearchAction\",\"target\":{\"@type\":\"EntryPoint\",\"urlTemplate\":\"https:\\\/\\\/www.miamibeachfl.gov\\\/?s={search_term_string}\"},\"query-input\":{\"@type\":\"PropertyValueSpecification\",\"valueRequired\":true,\"valueName\":\"search_term_string\"}}],\"inLanguage\":\"es\"},{\"@type\":\"Organization\",\"@id\":\"https:\\\/\\\/www.miamibeachfl.gov\\\/#organization\",\"name\":\"City of Miami Beach\",\"url\":\"https:\\\/\\\/www.miamibeachfl.gov\\\/\",\"logo\":{\"@type\":\"ImageObject\",\"inLanguage\":\"es\",\"@id\":\"https:\\\/\\\/www.miamibeachfl.gov\\\/#\\\/schema\\\/logo\\\/image\\\/\",\"url\":\"https:\\\/\\\/www.miamibeachfl.gov\\\/wp-content\\\/uploads\\\/2022\\\/06\\\/miamibeach-logoblue.png\",\"contentUrl\":\"https:\\\/\\\/www.miamibeachfl.gov\\\/wp-content\\\/uploads\\\/2022\\\/06\\\/miamibeach-logoblue.png\",\"width\":1962,\"height\":381,\"caption\":\"City of Miami Beach\"},\"image\":{\"@id\":\"https:\\\/\\\/www.miamibeachfl.gov\\\/#\\\/schema\\\/logo\\\/image\\\/\"},\"sameAs\":[\"https:\\\/\\\/www.facebook.com\\\/cityofmiamibeach\",\"https:\\\/\\\/x.com\\\/Miamibeachnews\",\"https:\\\/\\\/www.instagram.com\\\/miamibeachnews\\\/\"],\"description\":\"The official website of the City of Miami Beach. Stay informed, find important information on city services, news, alerts, events, trolley routes, government employment and more.\",\"telephone\":\"305.604.CITY(2489)\",\"legalName\":\"City of Miami Beach\"}]}<\/script>\n<!-- \/ Yoast SEO Premium plugin. -->","yoast_head_json":{"title":"Tanya K. Bhatt, Grupo 4 - Ciudad de Miami Beach","description":"Tanya Katzoff Bhatt ha defendido los derechos de los dem\u00e1s desde ni\u00f1a, cuando le dijo a su t\u00edo abuelo que quer\u00eda ser presidenta de mayor. Desde 2015, lo ha hecho por los residentes de Miami Beach.","robots":{"index":"index","follow":"follow","max-snippet":"max-snippet:-1","max-image-preview":"max-image-preview:large","max-video-preview":"max-video-preview:-1"},"canonical":"https:\/\/www.miamibeachfl.gov\/es\/staff\/commissioner-tanya-k-bhatt\/","og_locale":"es_ES","og_type":"article","og_title":"Tanya K. Bhatt Group 4","og_description":"Tanya Katzoff Bhatt has been advocating for others since she was a child, when she told her great-uncle that she wanted to be president when she grew up. Since 2015, she has been doing so for residents in Miami Beach.","og_url":"https:\/\/www.miamibeachfl.gov\/es\/staff\/commissioner-tanya-k-bhatt\/","og_site_name":"City of Miami Beach","article_publisher":"https:\/\/www.facebook.com\/cityofmiamibeach","article_modified_time":"2025-07-07T17:51:16+00:00","og_image":[{"width":250,"height":250,"url":"https:\/\/www.miamibeachfl.gov\/wp-content\/uploads\/2023\/07\/TanyaKatzoffBhatt.png","type":"image\/png"}],"twitter_card":"summary_large_image","twitter_site":"@Miamibeachnews","schema":{"@context":"https:\/\/schema.org","@graph":[{"@type":"WebPage","@id":"https:\/\/www.miamibeachfl.gov\/staff\/commissioner-tanya-k-bhatt\/","url":"https:\/\/www.miamibeachfl.gov\/staff\/commissioner-tanya-k-bhatt\/","name":"Tanya K. Bhatt, Grupo 4 - Ciudad de Miami Beach","isPartOf":{"@id":"https:\/\/www.miamibeachfl.gov\/#website"},"primaryImageOfPage":{"@id":"https:\/\/www.miamibeachfl.gov\/staff\/commissioner-tanya-k-bhatt\/#primaryimage"},"image":{"@id":"https:\/\/www.miamibeachfl.gov\/staff\/commissioner-tanya-k-bhatt\/#primaryimage"},"thumbnailUrl":"https:\/\/www.miamibeachfl.gov\/wp-content\/uploads\/2023\/07\/TanyaKatzoffBhatt.png","datePublished":"2023-07-19T14:37:58+00:00","dateModified":"2025-07-07T17:51:16+00:00","description":"Tanya Katzoff Bhatt ha defendido los derechos de los dem\u00e1s desde ni\u00f1a, cuando le dijo a su t\u00edo abuelo que quer\u00eda ser presidenta de mayor. Desde 2015, lo ha hecho por los residentes de Miami Beach.","breadcrumb":{"@id":"https:\/\/www.miamibeachfl.gov\/staff\/commissioner-tanya-k-bhatt\/#breadcrumb"},"inLanguage":"es","potentialAction":[{"@type":"ReadAction","target":["https:\/\/www.miamibeachfl.gov\/staff\/commissioner-tanya-k-bhatt\/"]}]},{"@type":"ImageObject","inLanguage":"es","@id":"https:\/\/www.miamibeachfl.gov\/staff\/commissioner-tanya-k-bhatt\/#primaryimage","url":"https:\/\/www.miamibeachfl.gov\/wp-content\/uploads\/2023\/07\/TanyaKatzoffBhatt.png","contentUrl":"https:\/\/www.miamibeachfl.gov\/wp-content\/uploads\/2023\/07\/TanyaKatzoffBhatt.png","width":250,"height":250,"caption":"Commissioner Tanya K Bhatt"},{"@type":"BreadcrumbList","@id":"https:\/\/www.miamibeachfl.gov\/staff\/commissioner-tanya-k-bhatt\/#breadcrumb","itemListElement":[{"@type":"ListItem","position":1,"name":"Home","item":"https:\/\/www.miamibeachfl.gov\/"},{"@type":"ListItem","position":2,"name":"Staff","item":"https:\/\/www.miamibeachfl.gov\/staff\/"},{"@type":"ListItem","position":3,"name":"Tanya K. Bhatt Group 4"}]},{"@type":"WebSite","@id":"https:\/\/www.miamibeachfl.gov\/#website","url":"https:\/\/www.miamibeachfl.gov\/","name":"Ciudad de Miami Beach","description":"Sitio web oficial de la Ciudad de Miami Beach. Mant\u00e9ngase informado, encuentre informaci\u00f3n importante sobre servicios municipales, noticias, alertas, eventos, rutas de tranv\u00edas, empleos gubernamentales y m\u00e1s.","publisher":{"@id":"https:\/\/www.miamibeachfl.gov\/#organization"},"potentialAction":[{"@type":"SearchAction","target":{"@type":"EntryPoint","urlTemplate":"https:\/\/www.miamibeachfl.gov\/?s={search_term_string}"},"query-input":{"@type":"PropertyValueSpecification","valueRequired":true,"valueName":"search_term_string"}}],"inLanguage":"es"},{"@type":"Organization","@id":"https:\/\/www.miamibeachfl.gov\/#organization","name":"Ciudad de Miami Beach","url":"https:\/\/www.miamibeachfl.gov\/","logo":{"@type":"ImageObject","inLanguage":"es","@id":"https:\/\/www.miamibeachfl.gov\/#\/schema\/logo\/image\/","url":"https:\/\/www.miamibeachfl.gov\/wp-content\/uploads\/2022\/06\/miamibeach-logoblue.png","contentUrl":"https:\/\/www.miamibeachfl.gov\/wp-content\/uploads\/2022\/06\/miamibeach-logoblue.png","width":1962,"height":381,"caption":"City of Miami Beach"},"image":{"@id":"https:\/\/www.miamibeachfl.gov\/#\/schema\/logo\/image\/"},"sameAs":["https:\/\/www.facebook.com\/cityofmiamibeach","https:\/\/x.com\/Miamibeachnews","https:\/\/www.instagram.com\/miamibeachnews\/"],"description":"Sitio web oficial de la Ciudad de Miami Beach. Mant\u00e9ngase informado, encuentre informaci\u00f3n importante sobre servicios municipales, noticias, alertas, eventos, rutas de tranv\u00edas, empleos gubernamentales y m\u00e1s.","telephone":"305.604.CITY(2489)","legalName":"City of Miami Beach"}]}},"_links":{"self":[{"href":"https:\/\/www.miamibeachfl.gov\/es\/wp-json\/wp\/v2\/pages\/265355","targetHints":{"allow":["GET"]}}],"collection":[{"href":"https:\/\/www.miamibeachfl.gov\/es\/wp-json\/wp\/v2\/pages"}],"about":[{"href":"https:\/\/www.miamibeachfl.gov\/es\/wp-json\/wp\/v2\/types\/page"}],"author":[{"embeddable":true,"href":"https:\/\/www.miamibeachfl.gov\/es\/wp-json\/wp\/v2\/users\/222"}],"replies":[{"embeddable":true,"href":"https:\/\/www.miamibeachfl.gov\/es\/wp-json\/wp\/v2\/comments?post=265355"}],"version-history":[{"count":1,"href":"https:\/\/www.miamibeachfl.gov\/es\/wp-json\/wp\/v2\/pages\/265355\/revisions"}],"predecessor-version":[{"id":386037,"href":"https:\/\/www.miamibeachfl.gov\/es\/wp-json\/wp\/v2\/pages\/265355\/revisions\/386037"}],"up":[{"embeddable":true,"href":"https:\/\/www.miamibeachfl.gov\/es\/wp-json\/wp\/v2\/pages\/261112"}],"wp:featuredmedia":[{"embeddable":true,"href":"https:\/\/www.miamibeachfl.gov\/es\/wp-json\/wp\/v2\/media\/281060"}],"wp:attachment":[{"href":"https:\/\/www.miamibeachfl.gov\/es\/wp-json\/wp\/v2\/media?parent=265355"}],"wp:term":[{"taxonomy":"category","embeddable":true,"href":"https:\/\/www.miamibeachfl.gov\/es\/wp-json\/wp\/v2\/categories?post=265355"},{"taxonomy":"post_tag","embeddable":true,"href":"https:\/\/www.miamibeachfl.gov\/es\/wp-json\/wp\/v2\/tags?post=265355"}],"curies":[{"name":"gracias","href":"https:\/\/api.w.org\/{rel}","templated":true}]}}